{"id":11403,"date":"2022-07-03T11:44:48","date_gmt":"2022-07-03T11:44:48","guid":{"rendered":"https:\/\/penosil.com\/lt\/?post_type=product&#038;p=11403"},"modified":"2026-03-11T01:02:11","modified_gmt":"2026-03-11T01:02:11","slug":"airvapour-membrane-660-garus-izoliuojanti-mastika","status":"publish","type":"product","link":"https:\/\/penosil.com\/lt\/produktai\/airvapour-membrane-660-garus-izoliuojanti-mastika\/","title":{"rendered":"Air&amp;Vapour Membrane 660"},"content":{"rendered":"<p>Fibro pluo\u0161tu sustiprinta, vandens pagrindo, garus ir or\u0105 izoliuojanti mastika lang\u0173 ir dur\u0173 sand\u016broms sandarinti i\u0161 vidaus. Sustingusi sudaro elasting\u0105, sandari\u0105 ir garams nepralaid\u017ei\u0105 membran\u0105. Puikiai tinka renovacijos darbams ir por\u0117t\u0173 pavir\u0161i\u0173 sandarinimui.<\/p>\n","protected":false},"excerpt":{"rendered":"garus izoliuojanti mastika","protected":false},"author":5,"featured_media":15817,"template":"","meta":{"_acf_changed":false,"advgb_blocks_editor_width":"","advgb_blocks_columns_visual_guide":"","footnotes":""},"product_brand":[],"product_cat":[210,1289,2382,1368,1695,2371,1710],"product_tag":[],"class_list":{"0":"post-11403","1":"product","2":"type-product","3":"status-publish","4":"has-post-thumbnail","6":"product_cat-naudojimo-sritys","7":"product_cat-langai-ir-durys","8":"product_cat-dangos-ir-membranos","9":"product_cat-produktu-grupes","10":"product_cat-juostos-ir-membranos","11":"product_cat-langu-juostos-ir-membranos","12":"product_cat-pavirsiaus-padengimo-priemones","14":"first","15":"instock","16":"taxable","17":"shipping-taxable","18":"purchasable","19":"product-type-variable"},"acf":[],"yoast_head":"<!-- This site is optimized with the Yoast SEO plugin v27.2 - https:\/\/yoast.com\/product\/yoast-seo-wordpress\/ -->\n<title>PENOSIL Air&amp;Vapour Membrane 660 garus izoliuojanti mastika<\/title>\n<meta name=\"description\" content=\"Garus izoliuojanti mastika vidaus darbams. Skirta lang\u0173, dur\u0173, perimetro, \u012fvairi\u0173 jun\u010di\u0173 sandarinimui prie\u0161 sandarumo test\u0105. Daugiau!\" \/>\n<meta name=\"robots\" content=\"index, follow, max-snippet:-1, max-image-preview:large, max-video-preview:-1\" \/>\n<link rel=\"canonical\" href=\"https:\/\/penosil.com\/lt\/produktai\/airvapour-membrane-660-garus-izoliuojanti-mastika\/\" \/>\n<meta property=\"og:locale\" content=\"lt_LT\" \/>\n<meta property=\"og:type\" content=\"article\" \/>\n<meta property=\"og:title\" content=\"PENOSIL Air&amp;Vapour Membrane 660 garus izoliuojanti mastika\" \/>\n<meta property=\"og:description\" content=\"Garus izoliuojanti mastika vidaus darbams. Skirta lang\u0173, dur\u0173, perimetro, \u012fvairi\u0173 jun\u010di\u0173 sandarinimui prie\u0161 sandarumo test\u0105. Daugiau!\" \/>\n<meta property=\"og:url\" content=\"https:\/\/penosil.com\/lt\/produktai\/airvapour-membrane-660-garus-izoliuojanti-mastika\/\" \/>\n<meta property=\"og:site_name\" content=\"Penosil Lithuania\" \/>\n<meta property=\"article:modified_time\" content=\"2026-03-11T01:02:11+00:00\" \/>\n<meta property=\"og:image\" content=\"https:\/\/penosil.com\/lt\/wp-content\/uploads\/sites\/13\/2025\/08\/660_Air_and_Vapor_Membrane_660_white_1kg_LT_LV_RU.png\" \/>\n\t<meta property=\"og:image:width\" content=\"1178\" \/>\n\t<meta property=\"og:image:height\" content=\"1080\" \/>\n\t<meta property=\"og:image:type\" content=\"image\/png\" \/>\n<meta name=\"twitter:card\" content=\"summary_large_image\" \/>\n<script type=\"application\/ld+json\" class=\"yoast-schema-graph\">{\"@context\":\"https:\/\/schema.org\",\"@graph\":[{\"@type\":\"WebPage\",\"@id\":\"https:\/\/penosil.com\/lt\/produktai\/airvapour-membrane-660-garus-izoliuojanti-mastika\/\",\"url\":\"https:\/\/penosil.com\/lt\/produktai\/airvapour-membrane-660-garus-izoliuojanti-mastika\/\",\"name\":\"PENOSIL Air&Vapour Membrane 660 garus izoliuojanti mastika\",\"isPartOf\":{\"@id\":\"https:\/\/penosil.com\/lt\/#website\"},\"primaryImageOfPage\":{\"@id\":\"https:\/\/penosil.com\/lt\/produktai\/airvapour-membrane-660-garus-izoliuojanti-mastika\/#primaryimage\"},\"image\":{\"@id\":\"https:\/\/penosil.com\/lt\/produktai\/airvapour-membrane-660-garus-izoliuojanti-mastika\/#primaryimage\"},\"thumbnailUrl\":\"https:\/\/penosil.com\/lt\/wp-content\/uploads\/sites\/13\/2025\/08\/660_Air_and_Vapor_Membrane_660_white_1kg_LT_LV_RU.png\",\"datePublished\":\"2022-07-03T11:44:48+00:00\",\"dateModified\":\"2026-03-11T01:02:11+00:00\",\"description\":\"Garus izoliuojanti mastika vidaus darbams. Skirta lang\u0173, dur\u0173, perimetro, \u012fvairi\u0173 jun\u010di\u0173 sandarinimui prie\u0161 sandarumo test\u0105. Daugiau!\",\"breadcrumb\":{\"@id\":\"https:\/\/penosil.com\/lt\/produktai\/airvapour-membrane-660-garus-izoliuojanti-mastika\/#breadcrumb\"},\"inLanguage\":\"lt-LT\",\"potentialAction\":[{\"@type\":\"ReadAction\",\"target\":[\"https:\/\/penosil.com\/lt\/produktai\/airvapour-membrane-660-garus-izoliuojanti-mastika\/\"]}]},{\"@type\":\"ImageObject\",\"inLanguage\":\"lt-LT\",\"@id\":\"https:\/\/penosil.com\/lt\/produktai\/airvapour-membrane-660-garus-izoliuojanti-mastika\/#primaryimage\",\"url\":\"https:\/\/penosil.com\/lt\/wp-content\/uploads\/sites\/13\/2025\/08\/660_Air_and_Vapor_Membrane_660_white_1kg_LT_LV_RU.png\",\"contentUrl\":\"https:\/\/penosil.com\/lt\/wp-content\/uploads\/sites\/13\/2025\/08\/660_Air_and_Vapor_Membrane_660_white_1kg_LT_LV_RU.png\",\"width\":1178,\"height\":1080,\"caption\":\"PENOSIL Air&Vapour Membrane 660 garus izoliuojanti mastika 1 l balta\"},{\"@type\":\"BreadcrumbList\",\"@id\":\"https:\/\/penosil.com\/lt\/produktai\/airvapour-membrane-660-garus-izoliuojanti-mastika\/#breadcrumb\",\"itemListElement\":[{\"@type\":\"ListItem\",\"position\":1,\"name\":\"Home\",\"item\":\"https:\/\/penosil.com\/lt\/\"},{\"@type\":\"ListItem\",\"position\":2,\"name\":\"Produktai\",\"item\":\"https:\/\/penosil.com\/lt\/produktai\/\"},{\"@type\":\"ListItem\",\"position\":3,\"name\":\"Air&amp;Vapour Membrane 660\"}]},{\"@type\":\"WebSite\",\"@id\":\"https:\/\/penosil.com\/lt\/#website\",\"url\":\"https:\/\/penosil.com\/lt\/\",\"name\":\"Penosil Lithuania\",\"description\":\"\",\"potentialAction\":[{\"@type\":\"SearchAction\",\"target\":{\"@type\":\"EntryPoint\",\"urlTemplate\":\"https:\/\/penosil.com\/lt\/?s={search_term_string}\"},\"query-input\":{\"@type\":\"PropertyValueSpecification\",\"valueRequired\":true,\"valueName\":\"search_term_string\"}}],\"inLanguage\":\"lt-LT\"}]}<\/script>\n<!-- \/ Yoast SEO plugin. -->","yoast_head_json":{"title":"PENOSIL Air&Vapour Membrane 660 garus izoliuojanti mastika","description":"Garus izoliuojanti mastika vidaus darbams. Skirta lang\u0173, dur\u0173, perimetro, \u012fvairi\u0173 jun\u010di\u0173 sandarinimui prie\u0161 sandarumo test\u0105. Daugiau!","robots":{"index":"index","follow":"follow","max-snippet":"max-snippet:-1","max-image-preview":"max-image-preview:large","max-video-preview":"max-video-preview:-1"},"canonical":"https:\/\/penosil.com\/lt\/produktai\/airvapour-membrane-660-garus-izoliuojanti-mastika\/","og_locale":"lt_LT","og_type":"article","og_title":"PENOSIL Air&Vapour Membrane 660 garus izoliuojanti mastika","og_description":"Garus izoliuojanti mastika vidaus darbams. Skirta lang\u0173, dur\u0173, perimetro, \u012fvairi\u0173 jun\u010di\u0173 sandarinimui prie\u0161 sandarumo test\u0105. Daugiau!","og_url":"https:\/\/penosil.com\/lt\/produktai\/airvapour-membrane-660-garus-izoliuojanti-mastika\/","og_site_name":"Penosil Lithuania","article_modified_time":"2026-03-11T01:02:11+00:00","og_image":[{"width":1178,"height":1080,"url":"https:\/\/penosil.com\/lt\/wp-content\/uploads\/sites\/13\/2025\/08\/660_Air_and_Vapor_Membrane_660_white_1kg_LT_LV_RU.png","type":"image\/png"}],"twitter_card":"summary_large_image","schema":{"@context":"https:\/\/schema.org","@graph":[{"@type":"WebPage","@id":"https:\/\/penosil.com\/lt\/produktai\/airvapour-membrane-660-garus-izoliuojanti-mastika\/","url":"https:\/\/penosil.com\/lt\/produktai\/airvapour-membrane-660-garus-izoliuojanti-mastika\/","name":"PENOSIL Air&Vapour Membrane 660 garus izoliuojanti mastika","isPartOf":{"@id":"https:\/\/penosil.com\/lt\/#website"},"primaryImageOfPage":{"@id":"https:\/\/penosil.com\/lt\/produktai\/airvapour-membrane-660-garus-izoliuojanti-mastika\/#primaryimage"},"image":{"@id":"https:\/\/penosil.com\/lt\/produktai\/airvapour-membrane-660-garus-izoliuojanti-mastika\/#primaryimage"},"thumbnailUrl":"https:\/\/penosil.com\/lt\/wp-content\/uploads\/sites\/13\/2025\/08\/660_Air_and_Vapor_Membrane_660_white_1kg_LT_LV_RU.png","datePublished":"2022-07-03T11:44:48+00:00","dateModified":"2026-03-11T01:02:11+00:00","description":"Garus izoliuojanti mastika vidaus darbams. Skirta lang\u0173, dur\u0173, perimetro, \u012fvairi\u0173 jun\u010di\u0173 sandarinimui prie\u0161 sandarumo test\u0105. Daugiau!","breadcrumb":{"@id":"https:\/\/penosil.com\/lt\/produktai\/airvapour-membrane-660-garus-izoliuojanti-mastika\/#breadcrumb"},"inLanguage":"lt-LT","potentialAction":[{"@type":"ReadAction","target":["https:\/\/penosil.com\/lt\/produktai\/airvapour-membrane-660-garus-izoliuojanti-mastika\/"]}]},{"@type":"ImageObject","inLanguage":"lt-LT","@id":"https:\/\/penosil.com\/lt\/produktai\/airvapour-membrane-660-garus-izoliuojanti-mastika\/#primaryimage","url":"https:\/\/penosil.com\/lt\/wp-content\/uploads\/sites\/13\/2025\/08\/660_Air_and_Vapor_Membrane_660_white_1kg_LT_LV_RU.png","contentUrl":"https:\/\/penosil.com\/lt\/wp-content\/uploads\/sites\/13\/2025\/08\/660_Air_and_Vapor_Membrane_660_white_1kg_LT_LV_RU.png","width":1178,"height":1080,"caption":"PENOSIL Air&Vapour Membrane 660 garus izoliuojanti mastika 1 l balta"},{"@type":"BreadcrumbList","@id":"https:\/\/penosil.com\/lt\/produktai\/airvapour-membrane-660-garus-izoliuojanti-mastika\/#breadcrumb","itemListElement":[{"@type":"ListItem","position":1,"name":"Home","item":"https:\/\/penosil.com\/lt\/"},{"@type":"ListItem","position":2,"name":"Produktai","item":"https:\/\/penosil.com\/lt\/produktai\/"},{"@type":"ListItem","position":3,"name":"Air&amp;Vapour Membrane 660"}]},{"@type":"WebSite","@id":"https:\/\/penosil.com\/lt\/#website","url":"https:\/\/penosil.com\/lt\/","name":"Penosil Lithuania","description":"","potentialAction":[{"@type":"SearchAction","target":{"@type":"EntryPoint","urlTemplate":"https:\/\/penosil.com\/lt\/?s={search_term_string}"},"query-input":{"@type":"PropertyValueSpecification","valueRequired":true,"valueName":"search_term_string"}}],"inLanguage":"lt-LT"}]}},"featured_img":"https:\/\/penosil.com\/lt\/wp-content\/uploads\/sites\/13\/2025\/08\/660_Air_and_Vapor_Membrane_660_white_1kg_LT_LV_RU.png","coauthors":[],"author_meta":{"author_link":"https:\/\/penosil.com\/lt\/author\/asta\/","display_name":"Asta Salkauskiene"},"relative_dates":{"created":"Posted 4 metai ago","modified":"Updated 1 m\u0117nuo ago"},"absolute_dates":{"created":"Posted on 2022 3 liepos","modified":"Updated on 2026 11 kovo"},"absolute_dates_time":{"created":"Posted on 2022 3 liepos 11:44","modified":"Updated on 2026 11 kovo 1:02"},"featured_img_caption":"","tax_additional":{"product_brand":{"linked":[],"unlinked":[],"slug":"product_brand","name":"Preki\u0173 \u017eenklai"},"product_type":{"linked":["<a href=\"https:\/\/penosil.com\/lt\/?taxonomy=product_type&#038;term=variable\" class=\"advgb-post-tax-term\">variable<\/a>"],"unlinked":["<span class=\"advgb-post-tax-term\">variable<\/span>"],"slug":"product_type","name":"Produkto tipas"},"product_visibility":{"linked":[],"unlinked":[],"slug":"product_visibility","name":"Produkto matomumas"},"product_cat":{"linked":["<a href=\"https:\/\/penosil.com\/lt\/produkto-kategorija\/naudojimo-sritys\/\" class=\"advgb-post-tax-term\">Naudojimo sritys<\/a>","<a href=\"https:\/\/penosil.com\/lt\/produkto-kategorija\/naudojimo-sritys\/langai-ir-durys\/\" class=\"advgb-post-tax-term\">Langai ir durys<\/a>","<a href=\"https:\/\/penosil.com\/lt\/produkto-kategorija\/produktu-grupes\/pavirsiaus-padengimo-priemones\/dangos-ir-membranos\/\" class=\"advgb-post-tax-term\">Dangos ir membranos<\/a>","<a href=\"https:\/\/penosil.com\/lt\/produkto-kategorija\/produktu-grupes\/\" class=\"advgb-post-tax-term\">Produkt\u0173 grup\u0117s<\/a>","<a href=\"https:\/\/penosil.com\/lt\/produkto-kategorija\/produktu-grupes\/juostos-ir-membranos\/\" class=\"advgb-post-tax-term\">Juostos ir membranos<\/a>","<a href=\"https:\/\/penosil.com\/lt\/produkto-kategorija\/produktu-grupes\/juostos-ir-membranos\/langu-juostos-ir-membranos\/\" class=\"advgb-post-tax-term\">Lang\u0173 juostos ir membranos<\/a>","<a href=\"https:\/\/penosil.com\/lt\/produkto-kategorija\/produktu-grupes\/pavirsiaus-padengimo-priemones\/\" class=\"advgb-post-tax-term\">Pavir\u0161iaus padengimo priemon\u0117s<\/a>"],"unlinked":["<span class=\"advgb-post-tax-term\">Naudojimo sritys<\/span>","<span class=\"advgb-post-tax-term\">Langai ir durys<\/span>","<span class=\"advgb-post-tax-term\">Dangos ir membranos<\/span>","<span class=\"advgb-post-tax-term\">Produkt\u0173 grup\u0117s<\/span>","<span class=\"advgb-post-tax-term\">Juostos ir membranos<\/span>","<span class=\"advgb-post-tax-term\">Lang\u0173 juostos ir membranos<\/span>","<span class=\"advgb-post-tax-term\">Pavir\u0161iaus padengimo priemon\u0117s<\/span>"],"slug":"product_cat","name":"Produkto kategorijos"},"product_tag":{"linked":[],"unlinked":[],"slug":"product_tag","name":"Produkto \u017eyma"},"product_shipping_class":{"linked":[],"unlinked":[],"slug":"product_shipping_class","name":"Produkto pristatymo klas\u0117s"},"pos_product_visibility":{"linked":[],"unlinked":[],"slug":"pos_product_visibility","name":"POS Product visibility"},"pa_color":{"linked":["<a href=\"https:\/\/penosil.com\/lt\/en\/?taxonomy=pa_color&#038;term=balta\" class=\"advgb-post-tax-term\">Balta<\/a>","<a href=\"https:\/\/penosil.com\/lt\/en\/?taxonomy=pa_color&#038;term=juoda\" class=\"advgb-post-tax-term\">Juoda<\/a>"],"unlinked":["<span class=\"advgb-post-tax-term\">Balta<\/span>","<span class=\"advgb-post-tax-term\">Juoda<\/span>"],"slug":"pa_color","name":"Product Color"},"pa_package":{"linked":["<a href=\"https:\/\/penosil.com\/lt\/?taxonomy=pa_package&#038;term=1-kg\" class=\"advgb-post-tax-term\">1 kg<\/a>","<a href=\"https:\/\/penosil.com\/lt\/?taxonomy=pa_package&#038;term=5-kg\" class=\"advgb-post-tax-term\">5 kg<\/a>"],"unlinked":["<span class=\"advgb-post-tax-term\">1 kg<\/span>","<span class=\"advgb-post-tax-term\">5 kg<\/span>"],"slug":"pa_package","name":"Product Package"},"pa_plotis":{"linked":[],"unlinked":[],"slug":"pa_plotis","name":"Product Plotis"},"pa_skersmuo":{"linked":[],"unlinked":[],"slug":"pa_skersmuo","name":"Product Skersmuo"},"translation_priority":{"linked":["<a href=\"https:\/\/penosil.com\/lt\/?taxonomy=translation_priority&#038;term=optional-lt\" class=\"advgb-post-tax-term\">Optional<\/a>"],"unlinked":["<span class=\"advgb-post-tax-term\">Optional<\/span>"],"slug":"translation_priority","name":"Translation Priorities"}},"series_order":"","_links":{"self":[{"href":"https:\/\/penosil.com\/lt\/wp-json\/wp\/v2\/product\/11403","targetHints":{"allow":["GET"]}}],"collection":[{"href":"https:\/\/penosil.com\/lt\/wp-json\/wp\/v2\/product"}],"about":[{"href":"https:\/\/penosil.com\/lt\/wp-json\/wp\/v2\/types\/product"}],"version-history":[{"count":5,"href":"https:\/\/penosil.com\/lt\/wp-json\/wp\/v2\/product\/11403\/revisions"}],"predecessor-version":[{"id":16020,"href":"https:\/\/penosil.com\/lt\/wp-json\/wp\/v2\/product\/11403\/revisions\/16020"}],"wp:featuredmedia":[{"embeddable":true,"href":"https:\/\/penosil.com\/lt\/wp-json\/wp\/v2\/media\/15817"}],"wp:attachment":[{"href":"https:\/\/penosil.com\/lt\/wp-json\/wp\/v2\/media?parent=11403"}],"wp:term":[{"taxonomy":"product_brand","embeddable":true,"href":"https:\/\/penosil.com\/lt\/wp-json\/wp\/v2\/product_brand?post=11403"},{"taxonomy":"product_cat","embeddable":true,"href":"https:\/\/penosil.com\/lt\/wp-json\/wp\/v2\/product_cat?post=11403"},{"taxonomy":"product_tag","embeddable":true,"href":"https:\/\/penosil.com\/lt\/wp-json\/wp\/v2\/product_tag?post=11403"}],"curies":[{"name":"wp","href":"https:\/\/api.w.org\/{rel}","templated":true}]}}