{"id":11505,"date":"2022-09-08T06:16:52","date_gmt":"2022-09-08T06:16:52","guid":{"rendered":"https:\/\/penosil.com\/lt\/?post_type=product&#038;p=11505"},"modified":"2026-01-08T01:15:37","modified_gmt":"2026-01-08T01:15:37","slug":"sanitary-silacryl-elastic-633-silikonizuotas-sanitarinis-akrilas","status":"publish","type":"product","link":"https:\/\/penosil.com\/lt\/produktai\/sanitary-silacryl-elastic-633-silikonizuotas-sanitarinis-akrilas\/","title":{"rendered":"Sanitary SilAcryl Elastic 633"},"content":{"rendered":"<p>Vandens pagrindu pagamintas plasto-elastinis silikonizuotas sanitarinis akrilas su fungicidais, skirtas sanitarin\u0117ms patalpoms sandarinti. Sud\u0117tyje esantis fungicidas u\u017etikrina apsaug\u0105 nuo pel\u0117sio ir jungtis ilg\u0105 laik\u0105 bus balta ir \u0161vari.<\/p>\n","protected":false},"excerpt":{"rendered":"silikonizuotas sanitarinis akrilas","protected":false},"author":5,"featured_media":15641,"template":"","meta":{"_acf_changed":false,"advgb_blocks_editor_width":"","advgb_blocks_columns_visual_guide":"","footnotes":""},"product_brand":[],"product_cat":[210,1608,1368,1626,1139],"product_tag":[],"class_list":{"0":"post-11505","1":"product","2":"type-product","3":"status-publish","4":"has-post-thumbnail","6":"product_cat-naudojimo-sritys","7":"product_cat-hermetikai-ir-mastikos","8":"product_cat-produktu-grupes","9":"product_cat-akriliniai-hermetikai","10":"product_cat-sanitarines-patalpos","12":"first","13":"instock","14":"taxable","15":"shipping-taxable","16":"purchasable","17":"product-type-simple"},"acf":[],"yoast_head":"<!-- This site is optimized with the Yoast SEO plugin v27.2 - https:\/\/yoast.com\/product\/yoast-seo-wordpress\/ -->\n<title>PENOSIL Sanitary SilAcryl Elastic 633 silikonizuotas sanitarinis akrilas<\/title>\n<meta name=\"description\" content=\"Silikonizuotas sanitarinis akrilas su fungicidais, skirtas sanitarin\u0117ms patalpoms sandarinti: aplink voni\u0105, du\u0161\u0105 ir kt. Daugiau!\" \/>\n<meta name=\"robots\" content=\"index, follow, max-snippet:-1, max-image-preview:large, max-video-preview:-1\" \/>\n<link rel=\"canonical\" href=\"https:\/\/penosil.com\/lt\/produktai\/sanitary-silacryl-elastic-633-silikonizuotas-sanitarinis-akrilas\/\" \/>\n<meta property=\"og:locale\" content=\"lt_LT\" \/>\n<meta property=\"og:type\" content=\"article\" \/>\n<meta property=\"og:title\" content=\"PENOSIL Sanitary SilAcryl Elastic 633 silikonizuotas sanitarinis akrilas\" \/>\n<meta property=\"og:description\" content=\"Silikonizuotas sanitarinis akrilas su fungicidais, skirtas sanitarin\u0117ms patalpoms sandarinti: aplink voni\u0105, du\u0161\u0105 ir kt. Daugiau!\" \/>\n<meta property=\"og:url\" content=\"https:\/\/penosil.com\/lt\/produktai\/sanitary-silacryl-elastic-633-silikonizuotas-sanitarinis-akrilas\/\" \/>\n<meta property=\"og:site_name\" content=\"Penosil Lithuania\" \/>\n<meta property=\"article:modified_time\" content=\"2026-01-08T01:15:37+00:00\" \/>\n<meta property=\"og:image\" content=\"https:\/\/penosil.com\/lt\/wp-content\/uploads\/sites\/13\/2025\/07\/633_Sanitary_SilAcryl_Elastic_633_LT_LV_RU.png\" \/>\n\t<meta property=\"og:image:width\" content=\"870\" \/>\n\t<meta property=\"og:image:height\" content=\"2430\" \/>\n\t<meta property=\"og:image:type\" content=\"image\/png\" \/>\n<meta name=\"twitter:card\" content=\"summary_large_image\" \/>\n<script type=\"application\/ld+json\" class=\"yoast-schema-graph\">{\"@context\":\"https:\/\/schema.org\",\"@graph\":[{\"@type\":\"WebPage\",\"@id\":\"https:\/\/penosil.com\/lt\/produktai\/sanitary-silacryl-elastic-633-silikonizuotas-sanitarinis-akrilas\/\",\"url\":\"https:\/\/penosil.com\/lt\/produktai\/sanitary-silacryl-elastic-633-silikonizuotas-sanitarinis-akrilas\/\",\"name\":\"PENOSIL Sanitary SilAcryl Elastic 633 silikonizuotas sanitarinis akrilas\",\"isPartOf\":{\"@id\":\"https:\/\/penosil.com\/lt\/#website\"},\"primaryImageOfPage\":{\"@id\":\"https:\/\/penosil.com\/lt\/produktai\/sanitary-silacryl-elastic-633-silikonizuotas-sanitarinis-akrilas\/#primaryimage\"},\"image\":{\"@id\":\"https:\/\/penosil.com\/lt\/produktai\/sanitary-silacryl-elastic-633-silikonizuotas-sanitarinis-akrilas\/#primaryimage\"},\"thumbnailUrl\":\"https:\/\/penosil.com\/lt\/wp-content\/uploads\/sites\/13\/2025\/07\/633_Sanitary_SilAcryl_Elastic_633_LT_LV_RU.png\",\"datePublished\":\"2022-09-08T06:16:52+00:00\",\"dateModified\":\"2026-01-08T01:15:37+00:00\",\"description\":\"Silikonizuotas sanitarinis akrilas su fungicidais, skirtas sanitarin\u0117ms patalpoms sandarinti: aplink voni\u0105, du\u0161\u0105 ir kt. Daugiau!\",\"breadcrumb\":{\"@id\":\"https:\/\/penosil.com\/lt\/produktai\/sanitary-silacryl-elastic-633-silikonizuotas-sanitarinis-akrilas\/#breadcrumb\"},\"inLanguage\":\"lt-LT\",\"potentialAction\":[{\"@type\":\"ReadAction\",\"target\":[\"https:\/\/penosil.com\/lt\/produktai\/sanitary-silacryl-elastic-633-silikonizuotas-sanitarinis-akrilas\/\"]}]},{\"@type\":\"ImageObject\",\"inLanguage\":\"lt-LT\",\"@id\":\"https:\/\/penosil.com\/lt\/produktai\/sanitary-silacryl-elastic-633-silikonizuotas-sanitarinis-akrilas\/#primaryimage\",\"url\":\"https:\/\/penosil.com\/lt\/wp-content\/uploads\/sites\/13\/2025\/07\/633_Sanitary_SilAcryl_Elastic_633_LT_LV_RU.png\",\"contentUrl\":\"https:\/\/penosil.com\/lt\/wp-content\/uploads\/sites\/13\/2025\/07\/633_Sanitary_SilAcryl_Elastic_633_LT_LV_RU.png\",\"width\":870,\"height\":2430,\"caption\":\"PENOSIL Sanitary SilAcryl Elastic 633 silikonizuotas sanitarinis akrilas\"},{\"@type\":\"BreadcrumbList\",\"@id\":\"https:\/\/penosil.com\/lt\/produktai\/sanitary-silacryl-elastic-633-silikonizuotas-sanitarinis-akrilas\/#breadcrumb\",\"itemListElement\":[{\"@type\":\"ListItem\",\"position\":1,\"name\":\"Home\",\"item\":\"https:\/\/penosil.com\/lt\/\"},{\"@type\":\"ListItem\",\"position\":2,\"name\":\"Produktai\",\"item\":\"https:\/\/penosil.com\/lt\/produktai\/\"},{\"@type\":\"ListItem\",\"position\":3,\"name\":\"Sanitary SilAcryl Elastic 633\"}]},{\"@type\":\"WebSite\",\"@id\":\"https:\/\/penosil.com\/lt\/#website\",\"url\":\"https:\/\/penosil.com\/lt\/\",\"name\":\"Penosil Lithuania\",\"description\":\"\",\"potentialAction\":[{\"@type\":\"SearchAction\",\"target\":{\"@type\":\"EntryPoint\",\"urlTemplate\":\"https:\/\/penosil.com\/lt\/?s={search_term_string}\"},\"query-input\":{\"@type\":\"PropertyValueSpecification\",\"valueRequired\":true,\"valueName\":\"search_term_string\"}}],\"inLanguage\":\"lt-LT\"}]}<\/script>\n<!-- \/ Yoast SEO plugin. -->","yoast_head_json":{"title":"PENOSIL Sanitary SilAcryl Elastic 633 silikonizuotas sanitarinis akrilas","description":"Silikonizuotas sanitarinis akrilas su fungicidais, skirtas sanitarin\u0117ms patalpoms sandarinti: aplink voni\u0105, du\u0161\u0105 ir kt. Daugiau!","robots":{"index":"index","follow":"follow","max-snippet":"max-snippet:-1","max-image-preview":"max-image-preview:large","max-video-preview":"max-video-preview:-1"},"canonical":"https:\/\/penosil.com\/lt\/produktai\/sanitary-silacryl-elastic-633-silikonizuotas-sanitarinis-akrilas\/","og_locale":"lt_LT","og_type":"article","og_title":"PENOSIL Sanitary SilAcryl Elastic 633 silikonizuotas sanitarinis akrilas","og_description":"Silikonizuotas sanitarinis akrilas su fungicidais, skirtas sanitarin\u0117ms patalpoms sandarinti: aplink voni\u0105, du\u0161\u0105 ir kt. Daugiau!","og_url":"https:\/\/penosil.com\/lt\/produktai\/sanitary-silacryl-elastic-633-silikonizuotas-sanitarinis-akrilas\/","og_site_name":"Penosil Lithuania","article_modified_time":"2026-01-08T01:15:37+00:00","og_image":[{"width":870,"height":2430,"url":"https:\/\/penosil.com\/lt\/wp-content\/uploads\/sites\/13\/2025\/07\/633_Sanitary_SilAcryl_Elastic_633_LT_LV_RU.png","type":"image\/png"}],"twitter_card":"summary_large_image","schema":{"@context":"https:\/\/schema.org","@graph":[{"@type":"WebPage","@id":"https:\/\/penosil.com\/lt\/produktai\/sanitary-silacryl-elastic-633-silikonizuotas-sanitarinis-akrilas\/","url":"https:\/\/penosil.com\/lt\/produktai\/sanitary-silacryl-elastic-633-silikonizuotas-sanitarinis-akrilas\/","name":"PENOSIL Sanitary SilAcryl Elastic 633 silikonizuotas sanitarinis akrilas","isPartOf":{"@id":"https:\/\/penosil.com\/lt\/#website"},"primaryImageOfPage":{"@id":"https:\/\/penosil.com\/lt\/produktai\/sanitary-silacryl-elastic-633-silikonizuotas-sanitarinis-akrilas\/#primaryimage"},"image":{"@id":"https:\/\/penosil.com\/lt\/produktai\/sanitary-silacryl-elastic-633-silikonizuotas-sanitarinis-akrilas\/#primaryimage"},"thumbnailUrl":"https:\/\/penosil.com\/lt\/wp-content\/uploads\/sites\/13\/2025\/07\/633_Sanitary_SilAcryl_Elastic_633_LT_LV_RU.png","datePublished":"2022-09-08T06:16:52+00:00","dateModified":"2026-01-08T01:15:37+00:00","description":"Silikonizuotas sanitarinis akrilas su fungicidais, skirtas sanitarin\u0117ms patalpoms sandarinti: aplink voni\u0105, du\u0161\u0105 ir kt. Daugiau!","breadcrumb":{"@id":"https:\/\/penosil.com\/lt\/produktai\/sanitary-silacryl-elastic-633-silikonizuotas-sanitarinis-akrilas\/#breadcrumb"},"inLanguage":"lt-LT","potentialAction":[{"@type":"ReadAction","target":["https:\/\/penosil.com\/lt\/produktai\/sanitary-silacryl-elastic-633-silikonizuotas-sanitarinis-akrilas\/"]}]},{"@type":"ImageObject","inLanguage":"lt-LT","@id":"https:\/\/penosil.com\/lt\/produktai\/sanitary-silacryl-elastic-633-silikonizuotas-sanitarinis-akrilas\/#primaryimage","url":"https:\/\/penosil.com\/lt\/wp-content\/uploads\/sites\/13\/2025\/07\/633_Sanitary_SilAcryl_Elastic_633_LT_LV_RU.png","contentUrl":"https:\/\/penosil.com\/lt\/wp-content\/uploads\/sites\/13\/2025\/07\/633_Sanitary_SilAcryl_Elastic_633_LT_LV_RU.png","width":870,"height":2430,"caption":"PENOSIL Sanitary SilAcryl Elastic 633 silikonizuotas sanitarinis akrilas"},{"@type":"BreadcrumbList","@id":"https:\/\/penosil.com\/lt\/produktai\/sanitary-silacryl-elastic-633-silikonizuotas-sanitarinis-akrilas\/#breadcrumb","itemListElement":[{"@type":"ListItem","position":1,"name":"Home","item":"https:\/\/penosil.com\/lt\/"},{"@type":"ListItem","position":2,"name":"Produktai","item":"https:\/\/penosil.com\/lt\/produktai\/"},{"@type":"ListItem","position":3,"name":"Sanitary SilAcryl Elastic 633"}]},{"@type":"WebSite","@id":"https:\/\/penosil.com\/lt\/#website","url":"https:\/\/penosil.com\/lt\/","name":"Penosil Lithuania","description":"","potentialAction":[{"@type":"SearchAction","target":{"@type":"EntryPoint","urlTemplate":"https:\/\/penosil.com\/lt\/?s={search_term_string}"},"query-input":{"@type":"PropertyValueSpecification","valueRequired":true,"valueName":"search_term_string"}}],"inLanguage":"lt-LT"}]}},"featured_img":"https:\/\/penosil.com\/lt\/wp-content\/uploads\/sites\/13\/2025\/07\/633_Sanitary_SilAcryl_Elastic_633_LT_LV_RU.png","coauthors":[],"author_meta":{"author_link":"https:\/\/penosil.com\/lt\/author\/asta\/","display_name":"Asta Salkauskiene"},"relative_dates":{"created":"Posted 4 metai ago","modified":"Updated 3 m\u0117nesiai ago"},"absolute_dates":{"created":"Posted on 2022 8 rugs\u0117jo","modified":"Updated on 2026 8 sausio"},"absolute_dates_time":{"created":"Posted on 2022 8 rugs\u0117jo 6:16","modified":"Updated on 2026 8 sausio 1:15"},"featured_img_caption":"","tax_additional":{"product_brand":{"linked":[],"unlinked":[],"slug":"product_brand","name":"Preki\u0173 \u017eenklai"},"product_type":{"linked":["<a href=\"https:\/\/penosil.com\/lt\/?taxonomy=product_type&#038;term=simple\" class=\"advgb-post-tax-term\">simple<\/a>"],"unlinked":["<span class=\"advgb-post-tax-term\">simple<\/span>"],"slug":"product_type","name":"Produkto tipas"},"product_visibility":{"linked":[],"unlinked":[],"slug":"product_visibility","name":"Produkto matomumas"},"product_cat":{"linked":["<a href=\"https:\/\/penosil.com\/lt\/produkto-kategorija\/naudojimo-sritys\/\" class=\"advgb-post-tax-term\">Naudojimo sritys<\/a>","<a href=\"https:\/\/penosil.com\/lt\/produkto-kategorija\/produktu-grupes\/hermetikai-ir-mastikos\/\" class=\"advgb-post-tax-term\">Hermetikai ir mastikos<\/a>","<a href=\"https:\/\/penosil.com\/lt\/produkto-kategorija\/produktu-grupes\/\" class=\"advgb-post-tax-term\">Produkt\u0173 grup\u0117s<\/a>","<a href=\"https:\/\/penosil.com\/lt\/produkto-kategorija\/produktu-grupes\/hermetikai-ir-mastikos\/akriliniai-hermetikai\/\" class=\"advgb-post-tax-term\">Akriliniai hermetikai<\/a>","<a href=\"https:\/\/penosil.com\/lt\/produkto-kategorija\/naudojimo-sritys\/sanitarines-patalpos\/\" class=\"advgb-post-tax-term\">Sanitarin\u0117s patalpos<\/a>"],"unlinked":["<span class=\"advgb-post-tax-term\">Naudojimo sritys<\/span>","<span class=\"advgb-post-tax-term\">Hermetikai ir mastikos<\/span>","<span class=\"advgb-post-tax-term\">Produkt\u0173 grup\u0117s<\/span>","<span class=\"advgb-post-tax-term\">Akriliniai hermetikai<\/span>","<span class=\"advgb-post-tax-term\">Sanitarin\u0117s patalpos<\/span>"],"slug":"product_cat","name":"Produkto kategorijos"},"product_tag":{"linked":[],"unlinked":[],"slug":"product_tag","name":"Produkto \u017eyma"},"product_shipping_class":{"linked":[],"unlinked":[],"slug":"product_shipping_class","name":"Produkto pristatymo klas\u0117s"},"pos_product_visibility":{"linked":[],"unlinked":[],"slug":"pos_product_visibility","name":"POS Product visibility"},"pa_color":{"linked":["<a href=\"https:\/\/penosil.com\/lt\/en\/?taxonomy=pa_color&#038;term=balta\" class=\"advgb-post-tax-term\">Balta<\/a>"],"unlinked":["<span class=\"advgb-post-tax-term\">Balta<\/span>"],"slug":"pa_color","name":"Product Color"},"pa_package":{"linked":["<a href=\"https:\/\/penosil.com\/lt\/?taxonomy=pa_package&#038;term=300-ml\" class=\"advgb-post-tax-term\">300 ml<\/a>"],"unlinked":["<span class=\"advgb-post-tax-term\">300 ml<\/span>"],"slug":"pa_package","name":"Product Package"},"pa_plotis":{"linked":[],"unlinked":[],"slug":"pa_plotis","name":"Product Plotis"},"pa_skersmuo":{"linked":[],"unlinked":[],"slug":"pa_skersmuo","name":"Product Skersmuo"},"translation_priority":{"linked":["<a href=\"https:\/\/penosil.com\/lt\/?taxonomy=translation_priority&#038;term=optional-lt\" class=\"advgb-post-tax-term\">Optional<\/a>"],"unlinked":["<span class=\"advgb-post-tax-term\">Optional<\/span>"],"slug":"translation_priority","name":"Translation Priorities"}},"series_order":"","_links":{"self":[{"href":"https:\/\/penosil.com\/lt\/wp-json\/wp\/v2\/product\/11505","targetHints":{"allow":["GET"]}}],"collection":[{"href":"https:\/\/penosil.com\/lt\/wp-json\/wp\/v2\/product"}],"about":[{"href":"https:\/\/penosil.com\/lt\/wp-json\/wp\/v2\/types\/product"}],"version-history":[{"count":7,"href":"https:\/\/penosil.com\/lt\/wp-json\/wp\/v2\/product\/11505\/revisions"}],"predecessor-version":[{"id":16287,"href":"https:\/\/penosil.com\/lt\/wp-json\/wp\/v2\/product\/11505\/revisions\/16287"}],"wp:featuredmedia":[{"embeddable":true,"href":"https:\/\/penosil.com\/lt\/wp-json\/wp\/v2\/media\/15641"}],"wp:attachment":[{"href":"https:\/\/penosil.com\/lt\/wp-json\/wp\/v2\/media?parent=11505"}],"wp:term":[{"taxonomy":"product_brand","embeddable":true,"href":"https:\/\/penosil.com\/lt\/wp-json\/wp\/v2\/product_brand?post=11505"},{"taxonomy":"product_cat","embeddable":true,"href":"https:\/\/penosil.com\/lt\/wp-json\/wp\/v2\/product_cat?post=11505"},{"taxonomy":"product_tag","embeddable":true,"href":"https:\/\/penosil.com\/lt\/wp-json\/wp\/v2\/product_tag?post=11505"}],"curies":[{"name":"wp","href":"https:\/\/api.w.org\/{rel}","templated":true}]}}