{"id":11519,"date":"2022-09-20T18:24:39","date_gmt":"2022-09-20T18:24:39","guid":{"rendered":"https:\/\/penosil.com\/lt\/?post_type=product&#038;p=11519"},"modified":"2026-01-24T01:11:08","modified_gmt":"2026-01-24T01:11:08","slug":"all-weather-sealant-919-atsparus-vandeniui-hermetikas","status":"publish","type":"product","link":"https:\/\/penosil.com\/lt\/produktai\/all-weather-sealant-919-atsparus-vandeniui-hermetikas\/","title":{"rendered":"All Weather Sealant 919"},"content":{"rendered":"<p>I\u0161 karto atsparus vandeniui kau\u010diukinis hermetikas, kuriame n\u0117ra silikono ir gali b\u016bti naudojamas greitiems fasado ir stogo remonto darbams, net ir lietui lyjant. Gerai sukimba su daugeliu \u012fprast\u0173 stogo dang\u0173 ir gali b\u016bti naudojamas net ant \u0161lapi\u0173, \u0161iek tiek alyvuot\u0173 ar bitumini\u0173 pavir\u0161i\u0173.<\/p>\n","protected":false},"excerpt":{"rendered":"atsparus vandeniui hermetikas","protected":false},"author":5,"featured_media":14342,"template":"","meta":{"_acf_changed":false,"advgb_blocks_editor_width":"","advgb_blocks_columns_visual_guide":"","footnotes":""},"product_brand":[],"product_cat":[210,1608,1085,1368,2365],"product_tag":[],"class_list":{"0":"post-11519","1":"product","2":"type-product","3":"status-publish","4":"has-post-thumbnail","6":"product_cat-naudojimo-sritys","7":"product_cat-hermetikai-ir-mastikos","8":"product_cat-stogai-ir-fasadai","9":"product_cat-produktu-grupes","10":"product_cat-kauciukiniai-hermetikai","12":"first","13":"instock","14":"taxable","15":"shipping-taxable","16":"purchasable","17":"product-type-variable"},"acf":[],"yoast_head":"<!-- This site is optimized with the Yoast SEO plugin v27.2 - https:\/\/yoast.com\/product\/yoast-seo-wordpress\/ -->\n<title>PENOSIL All Weather Sealant 919 atsparus vandeniui hermetikas<\/title>\n<meta name=\"description\" content=\"I\u0161 karto atsparus vandeniui kau\u010diukinis hermetikas fasado ir stogo remonto darbams, net ir lietui lijant. Sukimba ir su bitumu. Daugiau!\" \/>\n<meta name=\"robots\" content=\"index, follow, max-snippet:-1, max-image-preview:large, max-video-preview:-1\" \/>\n<link rel=\"canonical\" href=\"https:\/\/penosil.com\/lt\/produktai\/all-weather-sealant-919-atsparus-vandeniui-hermetikas\/\" \/>\n<meta property=\"og:locale\" content=\"lt_LT\" \/>\n<meta property=\"og:type\" content=\"article\" \/>\n<meta property=\"og:title\" content=\"PENOSIL All Weather Sealant 919 atsparus vandeniui hermetikas\" \/>\n<meta property=\"og:description\" content=\"I\u0161 karto atsparus vandeniui kau\u010diukinis hermetikas fasado ir stogo remonto darbams, net ir lietui lijant. Sukimba ir su bitumu. Daugiau!\" \/>\n<meta property=\"og:url\" content=\"https:\/\/penosil.com\/lt\/produktai\/all-weather-sealant-919-atsparus-vandeniui-hermetikas\/\" \/>\n<meta property=\"og:site_name\" content=\"Penosil Lithuania\" \/>\n<meta property=\"article:modified_time\" content=\"2026-01-24T01:11:08+00:00\" \/>\n<meta property=\"og:image\" content=\"https:\/\/penosil.com\/lt\/wp-content\/uploads\/sites\/13\/2024\/11\/919_All_Weather_Sealant_919_transparent_LT_LV_RU.png\" \/>\n\t<meta property=\"og:image:width\" content=\"387\" \/>\n\t<meta property=\"og:image:height\" content=\"1080\" \/>\n\t<meta property=\"og:image:type\" content=\"image\/png\" \/>\n<meta name=\"twitter:card\" content=\"summary_large_image\" \/>\n<script type=\"application\/ld+json\" class=\"yoast-schema-graph\">{\"@context\":\"https:\/\/schema.org\",\"@graph\":[{\"@type\":\"WebPage\",\"@id\":\"https:\/\/penosil.com\/lt\/produktai\/all-weather-sealant-919-atsparus-vandeniui-hermetikas\/\",\"url\":\"https:\/\/penosil.com\/lt\/produktai\/all-weather-sealant-919-atsparus-vandeniui-hermetikas\/\",\"name\":\"PENOSIL All Weather Sealant 919 atsparus vandeniui hermetikas\",\"isPartOf\":{\"@id\":\"https:\/\/penosil.com\/lt\/#website\"},\"primaryImageOfPage\":{\"@id\":\"https:\/\/penosil.com\/lt\/produktai\/all-weather-sealant-919-atsparus-vandeniui-hermetikas\/#primaryimage\"},\"image\":{\"@id\":\"https:\/\/penosil.com\/lt\/produktai\/all-weather-sealant-919-atsparus-vandeniui-hermetikas\/#primaryimage\"},\"thumbnailUrl\":\"https:\/\/penosil.com\/lt\/wp-content\/uploads\/sites\/13\/2024\/11\/919_All_Weather_Sealant_919_transparent_LT_LV_RU.png\",\"datePublished\":\"2022-09-20T18:24:39+00:00\",\"dateModified\":\"2026-01-24T01:11:08+00:00\",\"description\":\"I\u0161 karto atsparus vandeniui kau\u010diukinis hermetikas fasado ir stogo remonto darbams, net ir lietui lijant. Sukimba ir su bitumu. Daugiau!\",\"breadcrumb\":{\"@id\":\"https:\/\/penosil.com\/lt\/produktai\/all-weather-sealant-919-atsparus-vandeniui-hermetikas\/#breadcrumb\"},\"inLanguage\":\"lt-LT\",\"potentialAction\":[{\"@type\":\"ReadAction\",\"target\":[\"https:\/\/penosil.com\/lt\/produktai\/all-weather-sealant-919-atsparus-vandeniui-hermetikas\/\"]}]},{\"@type\":\"ImageObject\",\"inLanguage\":\"lt-LT\",\"@id\":\"https:\/\/penosil.com\/lt\/produktai\/all-weather-sealant-919-atsparus-vandeniui-hermetikas\/#primaryimage\",\"url\":\"https:\/\/penosil.com\/lt\/wp-content\/uploads\/sites\/13\/2024\/11\/919_All_Weather_Sealant_919_transparent_LT_LV_RU.png\",\"contentUrl\":\"https:\/\/penosil.com\/lt\/wp-content\/uploads\/sites\/13\/2024\/11\/919_All_Weather_Sealant_919_transparent_LT_LV_RU.png\",\"width\":387,\"height\":1080,\"caption\":\"PENOSIL All Weather Sealant 919 atsparus vandeniui hermetikas bespalvis\"},{\"@type\":\"BreadcrumbList\",\"@id\":\"https:\/\/penosil.com\/lt\/produktai\/all-weather-sealant-919-atsparus-vandeniui-hermetikas\/#breadcrumb\",\"itemListElement\":[{\"@type\":\"ListItem\",\"position\":1,\"name\":\"Home\",\"item\":\"https:\/\/penosil.com\/lt\/\"},{\"@type\":\"ListItem\",\"position\":2,\"name\":\"Produktai\",\"item\":\"https:\/\/penosil.com\/lt\/produktai\/\"},{\"@type\":\"ListItem\",\"position\":3,\"name\":\"All Weather Sealant 919\"}]},{\"@type\":\"WebSite\",\"@id\":\"https:\/\/penosil.com\/lt\/#website\",\"url\":\"https:\/\/penosil.com\/lt\/\",\"name\":\"Penosil Lithuania\",\"description\":\"\",\"potentialAction\":[{\"@type\":\"SearchAction\",\"target\":{\"@type\":\"EntryPoint\",\"urlTemplate\":\"https:\/\/penosil.com\/lt\/?s={search_term_string}\"},\"query-input\":{\"@type\":\"PropertyValueSpecification\",\"valueRequired\":true,\"valueName\":\"search_term_string\"}}],\"inLanguage\":\"lt-LT\"}]}<\/script>\n<!-- \/ Yoast SEO plugin. -->","yoast_head_json":{"title":"PENOSIL All Weather Sealant 919 atsparus vandeniui hermetikas","description":"I\u0161 karto atsparus vandeniui kau\u010diukinis hermetikas fasado ir stogo remonto darbams, net ir lietui lijant. Sukimba ir su bitumu. Daugiau!","robots":{"index":"index","follow":"follow","max-snippet":"max-snippet:-1","max-image-preview":"max-image-preview:large","max-video-preview":"max-video-preview:-1"},"canonical":"https:\/\/penosil.com\/lt\/produktai\/all-weather-sealant-919-atsparus-vandeniui-hermetikas\/","og_locale":"lt_LT","og_type":"article","og_title":"PENOSIL All Weather Sealant 919 atsparus vandeniui hermetikas","og_description":"I\u0161 karto atsparus vandeniui kau\u010diukinis hermetikas fasado ir stogo remonto darbams, net ir lietui lijant. Sukimba ir su bitumu. Daugiau!","og_url":"https:\/\/penosil.com\/lt\/produktai\/all-weather-sealant-919-atsparus-vandeniui-hermetikas\/","og_site_name":"Penosil Lithuania","article_modified_time":"2026-01-24T01:11:08+00:00","og_image":[{"width":387,"height":1080,"url":"https:\/\/penosil.com\/lt\/wp-content\/uploads\/sites\/13\/2024\/11\/919_All_Weather_Sealant_919_transparent_LT_LV_RU.png","type":"image\/png"}],"twitter_card":"summary_large_image","schema":{"@context":"https:\/\/schema.org","@graph":[{"@type":"WebPage","@id":"https:\/\/penosil.com\/lt\/produktai\/all-weather-sealant-919-atsparus-vandeniui-hermetikas\/","url":"https:\/\/penosil.com\/lt\/produktai\/all-weather-sealant-919-atsparus-vandeniui-hermetikas\/","name":"PENOSIL All Weather Sealant 919 atsparus vandeniui hermetikas","isPartOf":{"@id":"https:\/\/penosil.com\/lt\/#website"},"primaryImageOfPage":{"@id":"https:\/\/penosil.com\/lt\/produktai\/all-weather-sealant-919-atsparus-vandeniui-hermetikas\/#primaryimage"},"image":{"@id":"https:\/\/penosil.com\/lt\/produktai\/all-weather-sealant-919-atsparus-vandeniui-hermetikas\/#primaryimage"},"thumbnailUrl":"https:\/\/penosil.com\/lt\/wp-content\/uploads\/sites\/13\/2024\/11\/919_All_Weather_Sealant_919_transparent_LT_LV_RU.png","datePublished":"2022-09-20T18:24:39+00:00","dateModified":"2026-01-24T01:11:08+00:00","description":"I\u0161 karto atsparus vandeniui kau\u010diukinis hermetikas fasado ir stogo remonto darbams, net ir lietui lijant. Sukimba ir su bitumu. Daugiau!","breadcrumb":{"@id":"https:\/\/penosil.com\/lt\/produktai\/all-weather-sealant-919-atsparus-vandeniui-hermetikas\/#breadcrumb"},"inLanguage":"lt-LT","potentialAction":[{"@type":"ReadAction","target":["https:\/\/penosil.com\/lt\/produktai\/all-weather-sealant-919-atsparus-vandeniui-hermetikas\/"]}]},{"@type":"ImageObject","inLanguage":"lt-LT","@id":"https:\/\/penosil.com\/lt\/produktai\/all-weather-sealant-919-atsparus-vandeniui-hermetikas\/#primaryimage","url":"https:\/\/penosil.com\/lt\/wp-content\/uploads\/sites\/13\/2024\/11\/919_All_Weather_Sealant_919_transparent_LT_LV_RU.png","contentUrl":"https:\/\/penosil.com\/lt\/wp-content\/uploads\/sites\/13\/2024\/11\/919_All_Weather_Sealant_919_transparent_LT_LV_RU.png","width":387,"height":1080,"caption":"PENOSIL All Weather Sealant 919 atsparus vandeniui hermetikas bespalvis"},{"@type":"BreadcrumbList","@id":"https:\/\/penosil.com\/lt\/produktai\/all-weather-sealant-919-atsparus-vandeniui-hermetikas\/#breadcrumb","itemListElement":[{"@type":"ListItem","position":1,"name":"Home","item":"https:\/\/penosil.com\/lt\/"},{"@type":"ListItem","position":2,"name":"Produktai","item":"https:\/\/penosil.com\/lt\/produktai\/"},{"@type":"ListItem","position":3,"name":"All Weather Sealant 919"}]},{"@type":"WebSite","@id":"https:\/\/penosil.com\/lt\/#website","url":"https:\/\/penosil.com\/lt\/","name":"Penosil Lithuania","description":"","potentialAction":[{"@type":"SearchAction","target":{"@type":"EntryPoint","urlTemplate":"https:\/\/penosil.com\/lt\/?s={search_term_string}"},"query-input":{"@type":"PropertyValueSpecification","valueRequired":true,"valueName":"search_term_string"}}],"inLanguage":"lt-LT"}]}},"featured_img":"https:\/\/penosil.com\/lt\/wp-content\/uploads\/sites\/13\/2024\/11\/919_All_Weather_Sealant_919_transparent_LT_LV_RU.png","coauthors":[],"author_meta":{"author_link":"https:\/\/penosil.com\/lt\/author\/asta\/","display_name":"Asta Salkauskiene"},"relative_dates":{"created":"Posted 4 metai ago","modified":"Updated 3 m\u0117nesiai ago"},"absolute_dates":{"created":"Posted on 2022 20 rugs\u0117jo","modified":"Updated on 2026 24 sausio"},"absolute_dates_time":{"created":"Posted on 2022 20 rugs\u0117jo 18:24","modified":"Updated on 2026 24 sausio 1:11"},"featured_img_caption":"","tax_additional":{"product_brand":{"linked":[],"unlinked":[],"slug":"product_brand","name":"Preki\u0173 \u017eenklai"},"product_type":{"linked":["<a href=\"https:\/\/penosil.com\/lt\/?taxonomy=product_type&#038;term=variable\" class=\"advgb-post-tax-term\">variable<\/a>"],"unlinked":["<span class=\"advgb-post-tax-term\">variable<\/span>"],"slug":"product_type","name":"Produkto tipas"},"product_visibility":{"linked":[],"unlinked":[],"slug":"product_visibility","name":"Produkto matomumas"},"product_cat":{"linked":["<a href=\"https:\/\/penosil.com\/lt\/produkto-kategorija\/naudojimo-sritys\/\" class=\"advgb-post-tax-term\">Naudojimo sritys<\/a>","<a href=\"https:\/\/penosil.com\/lt\/produkto-kategorija\/produktu-grupes\/hermetikai-ir-mastikos\/\" class=\"advgb-post-tax-term\">Hermetikai ir mastikos<\/a>","<a href=\"https:\/\/penosil.com\/lt\/produkto-kategorija\/naudojimo-sritys\/stogai-ir-fasadai\/\" class=\"advgb-post-tax-term\">Stogai ir fasadai<\/a>","<a href=\"https:\/\/penosil.com\/lt\/produkto-kategorija\/produktu-grupes\/\" class=\"advgb-post-tax-term\">Produkt\u0173 grup\u0117s<\/a>","<a href=\"https:\/\/penosil.com\/lt\/produkto-kategorija\/produktu-grupes\/hermetikai-ir-mastikos\/kauciukiniai-hermetikai\/\" class=\"advgb-post-tax-term\">Kau\u010diukiniai hermetikai<\/a>"],"unlinked":["<span class=\"advgb-post-tax-term\">Naudojimo sritys<\/span>","<span class=\"advgb-post-tax-term\">Hermetikai ir mastikos<\/span>","<span class=\"advgb-post-tax-term\">Stogai ir fasadai<\/span>","<span class=\"advgb-post-tax-term\">Produkt\u0173 grup\u0117s<\/span>","<span class=\"advgb-post-tax-term\">Kau\u010diukiniai hermetikai<\/span>"],"slug":"product_cat","name":"Produkto kategorijos"},"product_tag":{"linked":[],"unlinked":[],"slug":"product_tag","name":"Produkto \u017eyma"},"product_shipping_class":{"linked":[],"unlinked":[],"slug":"product_shipping_class","name":"Produkto pristatymo klas\u0117s"},"pos_product_visibility":{"linked":[],"unlinked":[],"slug":"pos_product_visibility","name":"POS Product visibility"},"pa_color":{"linked":["<a href=\"https:\/\/penosil.com\/lt\/en\/?taxonomy=pa_color&#038;term=juoda\" class=\"advgb-post-tax-term\">Juoda<\/a>","<a href=\"https:\/\/penosil.com\/lt\/en\/?taxonomy=pa_color&#038;term=pilka\" class=\"advgb-post-tax-term\">Pilka<\/a>","<a href=\"https:\/\/penosil.com\/lt\/?taxonomy=pa_color&#038;term=ruda\" class=\"advgb-post-tax-term\">Ruda<\/a>","<a href=\"https:\/\/penosil.com\/lt\/en\/?taxonomy=pa_color&#038;term=bespalve\" class=\"advgb-post-tax-term\">Bespalv\u0117<\/a>"],"unlinked":["<span class=\"advgb-post-tax-term\">Juoda<\/span>","<span class=\"advgb-post-tax-term\">Pilka<\/span>","<span class=\"advgb-post-tax-term\">Ruda<\/span>","<span class=\"advgb-post-tax-term\">Bespalv\u0117<\/span>"],"slug":"pa_color","name":"Product Color"},"pa_package":{"linked":["<a href=\"https:\/\/penosil.com\/lt\/?taxonomy=pa_package&#038;term=300-ml\" class=\"advgb-post-tax-term\">300 ml<\/a>"],"unlinked":["<span class=\"advgb-post-tax-term\">300 ml<\/span>"],"slug":"pa_package","name":"Product Package"},"pa_plotis":{"linked":[],"unlinked":[],"slug":"pa_plotis","name":"Product Plotis"},"pa_skersmuo":{"linked":[],"unlinked":[],"slug":"pa_skersmuo","name":"Product Skersmuo"},"translation_priority":{"linked":["<a href=\"https:\/\/penosil.com\/lt\/?taxonomy=translation_priority&#038;term=optional-lt\" class=\"advgb-post-tax-term\">Optional<\/a>"],"unlinked":["<span class=\"advgb-post-tax-term\">Optional<\/span>"],"slug":"translation_priority","name":"Translation Priorities"}},"series_order":"","_links":{"self":[{"href":"https:\/\/penosil.com\/lt\/wp-json\/wp\/v2\/product\/11519","targetHints":{"allow":["GET"]}}],"collection":[{"href":"https:\/\/penosil.com\/lt\/wp-json\/wp\/v2\/product"}],"about":[{"href":"https:\/\/penosil.com\/lt\/wp-json\/wp\/v2\/types\/product"}],"version-history":[{"count":6,"href":"https:\/\/penosil.com\/lt\/wp-json\/wp\/v2\/product\/11519\/revisions"}],"predecessor-version":[{"id":15539,"href":"https:\/\/penosil.com\/lt\/wp-json\/wp\/v2\/product\/11519\/revisions\/15539"}],"wp:featuredmedia":[{"embeddable":true,"href":"https:\/\/penosil.com\/lt\/wp-json\/wp\/v2\/media\/14342"}],"wp:attachment":[{"href":"https:\/\/penosil.com\/lt\/wp-json\/wp\/v2\/media?parent=11519"}],"wp:term":[{"taxonomy":"product_brand","embeddable":true,"href":"https:\/\/penosil.com\/lt\/wp-json\/wp\/v2\/product_brand?post=11519"},{"taxonomy":"product_cat","embeddable":true,"href":"https:\/\/penosil.com\/lt\/wp-json\/wp\/v2\/product_cat?post=11519"},{"taxonomy":"product_tag","embeddable":true,"href":"https:\/\/penosil.com\/lt\/wp-json\/wp\/v2\/product_tag?post=11519"}],"curies":[{"name":"wp","href":"https:\/\/api.w.org\/{rel}","templated":true}]}}