{"id":11589,"date":"2022-10-16T15:07:06","date_gmt":"2022-10-16T15:07:06","guid":{"rendered":"https:\/\/penosil.com\/lt\/?post_type=product&#038;p=11589"},"modified":"2026-03-11T01:02:11","modified_gmt":"2026-03-11T01:02:11","slug":"aquabrake-fiber-640-hidroizoliacine-mastika","status":"publish","type":"product","link":"https:\/\/penosil.com\/lt\/produktai\/aquabrake-fiber-640-hidroizoliacine-mastika\/","title":{"rendered":"AquaBrake Fiber 640"},"content":{"rendered":"<p>Vandens pagrindu pagaminta, fibro pluo\u0161tu sustiprinta hidroizoliacin\u0117 mastika, skirta sienoms ir grindims hidroizoliuoti dr\u0117gnose ir sanitarin\u0117se patalpose prie\u0161 klojant plyteles. I\u0161d\u017ei\u016bvusi sudaro elasting\u0105, vandeniui nepralaid\u0173 sluoksn\u012f. Tinka ir \u0161ildomoms grindims.<\/p>\n","protected":false},"excerpt":{"rendered":"hidroizoliacin\u0117 mastika","protected":false},"author":5,"featured_media":15629,"template":"","meta":{"_acf_changed":false,"advgb_blocks_editor_width":"","advgb_blocks_columns_visual_guide":"","footnotes":""},"product_brand":[],"product_cat":[210,1695,2370,2382,1368,1710,1139],"product_tag":[],"class_list":{"0":"post-11589","1":"product","2":"type-product","3":"status-publish","4":"has-post-thumbnail","6":"product_cat-naudojimo-sritys","7":"product_cat-juostos-ir-membranos","8":"product_cat-hidroizoliacines-juostos-ir-membranos","9":"product_cat-dangos-ir-membranos","10":"product_cat-produktu-grupes","11":"product_cat-pavirsiaus-padengimo-priemones","12":"product_cat-sanitarines-patalpos","14":"first","15":"instock","16":"taxable","17":"shipping-taxable","18":"purchasable","19":"product-type-variable","20":"has-default-attributes"},"acf":[],"yoast_head":"<!-- This site is optimized with the Yoast SEO plugin v27.2 - https:\/\/yoast.com\/product\/yoast-seo-wordpress\/ -->\n<title>PENOSIL AquaBrake Fiber 640 hidroizoliacin\u0117 mastika<\/title>\n<meta name=\"description\" content=\"Fibro pluo\u0161tu sustiprinta hidroizoliacin\u0117 mastika, skirta patalp\u0173 hidroizoliacijai prie\u0161 klojant plyteles. Tinka ir \u0161ildomoms grindims. Daugiau!\" \/>\n<meta name=\"robots\" content=\"index, follow, max-snippet:-1, max-image-preview:large, max-video-preview:-1\" \/>\n<link rel=\"canonical\" href=\"https:\/\/penosil.com\/lt\/produktai\/aquabrake-fiber-640-hidroizoliacine-mastika\/\" \/>\n<meta property=\"og:locale\" content=\"lt_LT\" \/>\n<meta property=\"og:type\" content=\"article\" \/>\n<meta property=\"og:title\" content=\"PENOSIL AquaBrake Fiber 640 hidroizoliacin\u0117 mastika\" \/>\n<meta property=\"og:description\" content=\"Fibro pluo\u0161tu sustiprinta hidroizoliacin\u0117 mastika, skirta patalp\u0173 hidroizoliacijai prie\u0161 klojant plyteles. Tinka ir \u0161ildomoms grindims. Daugiau!\" \/>\n<meta property=\"og:url\" content=\"https:\/\/penosil.com\/lt\/produktai\/aquabrake-fiber-640-hidroizoliacine-mastika\/\" \/>\n<meta property=\"og:site_name\" content=\"Penosil Lithuania\" \/>\n<meta property=\"article:modified_time\" content=\"2026-03-11T01:02:11+00:00\" \/>\n<meta property=\"og:image\" content=\"https:\/\/penosil.com\/lt\/wp-content\/uploads\/sites\/13\/2025\/07\/640_Aqua_Brake_Fiber_640_LT_LV_RU_1kg.png\" \/>\n\t<meta property=\"og:image:width\" content=\"707\" \/>\n\t<meta property=\"og:image:height\" content=\"648\" \/>\n\t<meta property=\"og:image:type\" content=\"image\/png\" \/>\n<meta name=\"twitter:card\" content=\"summary_large_image\" \/>\n<script type=\"application\/ld+json\" class=\"yoast-schema-graph\">{\"@context\":\"https:\/\/schema.org\",\"@graph\":[{\"@type\":\"WebPage\",\"@id\":\"https:\/\/penosil.com\/lt\/produktai\/aquabrake-fiber-640-hidroizoliacine-mastika\/\",\"url\":\"https:\/\/penosil.com\/lt\/produktai\/aquabrake-fiber-640-hidroizoliacine-mastika\/\",\"name\":\"PENOSIL AquaBrake Fiber 640 hidroizoliacin\u0117 mastika\",\"isPartOf\":{\"@id\":\"https:\/\/penosil.com\/lt\/#website\"},\"primaryImageOfPage\":{\"@id\":\"https:\/\/penosil.com\/lt\/produktai\/aquabrake-fiber-640-hidroizoliacine-mastika\/#primaryimage\"},\"image\":{\"@id\":\"https:\/\/penosil.com\/lt\/produktai\/aquabrake-fiber-640-hidroizoliacine-mastika\/#primaryimage\"},\"thumbnailUrl\":\"https:\/\/penosil.com\/lt\/wp-content\/uploads\/sites\/13\/2025\/07\/640_Aqua_Brake_Fiber_640_LT_LV_RU_1kg.png\",\"datePublished\":\"2022-10-16T15:07:06+00:00\",\"dateModified\":\"2026-03-11T01:02:11+00:00\",\"description\":\"Fibro pluo\u0161tu sustiprinta hidroizoliacin\u0117 mastika, skirta patalp\u0173 hidroizoliacijai prie\u0161 klojant plyteles. Tinka ir \u0161ildomoms grindims. Daugiau!\",\"breadcrumb\":{\"@id\":\"https:\/\/penosil.com\/lt\/produktai\/aquabrake-fiber-640-hidroizoliacine-mastika\/#breadcrumb\"},\"inLanguage\":\"lt-LT\",\"potentialAction\":[{\"@type\":\"ReadAction\",\"target\":[\"https:\/\/penosil.com\/lt\/produktai\/aquabrake-fiber-640-hidroizoliacine-mastika\/\"]}]},{\"@type\":\"ImageObject\",\"inLanguage\":\"lt-LT\",\"@id\":\"https:\/\/penosil.com\/lt\/produktai\/aquabrake-fiber-640-hidroizoliacine-mastika\/#primaryimage\",\"url\":\"https:\/\/penosil.com\/lt\/wp-content\/uploads\/sites\/13\/2025\/07\/640_Aqua_Brake_Fiber_640_LT_LV_RU_1kg.png\",\"contentUrl\":\"https:\/\/penosil.com\/lt\/wp-content\/uploads\/sites\/13\/2025\/07\/640_Aqua_Brake_Fiber_640_LT_LV_RU_1kg.png\",\"width\":707,\"height\":648,\"caption\":\"PENOSIL AquaBrake Fiber 640 hidroizoliacin\u0117 mastika 1 kg\"},{\"@type\":\"BreadcrumbList\",\"@id\":\"https:\/\/penosil.com\/lt\/produktai\/aquabrake-fiber-640-hidroizoliacine-mastika\/#breadcrumb\",\"itemListElement\":[{\"@type\":\"ListItem\",\"position\":1,\"name\":\"Home\",\"item\":\"https:\/\/penosil.com\/lt\/\"},{\"@type\":\"ListItem\",\"position\":2,\"name\":\"Produktai\",\"item\":\"https:\/\/penosil.com\/lt\/produktai\/\"},{\"@type\":\"ListItem\",\"position\":3,\"name\":\"AquaBrake Fiber 640\"}]},{\"@type\":\"WebSite\",\"@id\":\"https:\/\/penosil.com\/lt\/#website\",\"url\":\"https:\/\/penosil.com\/lt\/\",\"name\":\"Penosil Lithuania\",\"description\":\"\",\"potentialAction\":[{\"@type\":\"SearchAction\",\"target\":{\"@type\":\"EntryPoint\",\"urlTemplate\":\"https:\/\/penosil.com\/lt\/?s={search_term_string}\"},\"query-input\":{\"@type\":\"PropertyValueSpecification\",\"valueRequired\":true,\"valueName\":\"search_term_string\"}}],\"inLanguage\":\"lt-LT\"}]}<\/script>\n<!-- \/ Yoast SEO plugin. -->","yoast_head_json":{"title":"PENOSIL AquaBrake Fiber 640 hidroizoliacin\u0117 mastika","description":"Fibro pluo\u0161tu sustiprinta hidroizoliacin\u0117 mastika, skirta patalp\u0173 hidroizoliacijai prie\u0161 klojant plyteles. Tinka ir \u0161ildomoms grindims. Daugiau!","robots":{"index":"index","follow":"follow","max-snippet":"max-snippet:-1","max-image-preview":"max-image-preview:large","max-video-preview":"max-video-preview:-1"},"canonical":"https:\/\/penosil.com\/lt\/produktai\/aquabrake-fiber-640-hidroizoliacine-mastika\/","og_locale":"lt_LT","og_type":"article","og_title":"PENOSIL AquaBrake Fiber 640 hidroizoliacin\u0117 mastika","og_description":"Fibro pluo\u0161tu sustiprinta hidroizoliacin\u0117 mastika, skirta patalp\u0173 hidroizoliacijai prie\u0161 klojant plyteles. Tinka ir \u0161ildomoms grindims. Daugiau!","og_url":"https:\/\/penosil.com\/lt\/produktai\/aquabrake-fiber-640-hidroizoliacine-mastika\/","og_site_name":"Penosil Lithuania","article_modified_time":"2026-03-11T01:02:11+00:00","og_image":[{"width":707,"height":648,"url":"https:\/\/penosil.com\/lt\/wp-content\/uploads\/sites\/13\/2025\/07\/640_Aqua_Brake_Fiber_640_LT_LV_RU_1kg.png","type":"image\/png"}],"twitter_card":"summary_large_image","schema":{"@context":"https:\/\/schema.org","@graph":[{"@type":"WebPage","@id":"https:\/\/penosil.com\/lt\/produktai\/aquabrake-fiber-640-hidroizoliacine-mastika\/","url":"https:\/\/penosil.com\/lt\/produktai\/aquabrake-fiber-640-hidroizoliacine-mastika\/","name":"PENOSIL AquaBrake Fiber 640 hidroizoliacin\u0117 mastika","isPartOf":{"@id":"https:\/\/penosil.com\/lt\/#website"},"primaryImageOfPage":{"@id":"https:\/\/penosil.com\/lt\/produktai\/aquabrake-fiber-640-hidroizoliacine-mastika\/#primaryimage"},"image":{"@id":"https:\/\/penosil.com\/lt\/produktai\/aquabrake-fiber-640-hidroizoliacine-mastika\/#primaryimage"},"thumbnailUrl":"https:\/\/penosil.com\/lt\/wp-content\/uploads\/sites\/13\/2025\/07\/640_Aqua_Brake_Fiber_640_LT_LV_RU_1kg.png","datePublished":"2022-10-16T15:07:06+00:00","dateModified":"2026-03-11T01:02:11+00:00","description":"Fibro pluo\u0161tu sustiprinta hidroizoliacin\u0117 mastika, skirta patalp\u0173 hidroizoliacijai prie\u0161 klojant plyteles. Tinka ir \u0161ildomoms grindims. Daugiau!","breadcrumb":{"@id":"https:\/\/penosil.com\/lt\/produktai\/aquabrake-fiber-640-hidroizoliacine-mastika\/#breadcrumb"},"inLanguage":"lt-LT","potentialAction":[{"@type":"ReadAction","target":["https:\/\/penosil.com\/lt\/produktai\/aquabrake-fiber-640-hidroizoliacine-mastika\/"]}]},{"@type":"ImageObject","inLanguage":"lt-LT","@id":"https:\/\/penosil.com\/lt\/produktai\/aquabrake-fiber-640-hidroizoliacine-mastika\/#primaryimage","url":"https:\/\/penosil.com\/lt\/wp-content\/uploads\/sites\/13\/2025\/07\/640_Aqua_Brake_Fiber_640_LT_LV_RU_1kg.png","contentUrl":"https:\/\/penosil.com\/lt\/wp-content\/uploads\/sites\/13\/2025\/07\/640_Aqua_Brake_Fiber_640_LT_LV_RU_1kg.png","width":707,"height":648,"caption":"PENOSIL AquaBrake Fiber 640 hidroizoliacin\u0117 mastika 1 kg"},{"@type":"BreadcrumbList","@id":"https:\/\/penosil.com\/lt\/produktai\/aquabrake-fiber-640-hidroizoliacine-mastika\/#breadcrumb","itemListElement":[{"@type":"ListItem","position":1,"name":"Home","item":"https:\/\/penosil.com\/lt\/"},{"@type":"ListItem","position":2,"name":"Produktai","item":"https:\/\/penosil.com\/lt\/produktai\/"},{"@type":"ListItem","position":3,"name":"AquaBrake Fiber 640"}]},{"@type":"WebSite","@id":"https:\/\/penosil.com\/lt\/#website","url":"https:\/\/penosil.com\/lt\/","name":"Penosil Lithuania","description":"","potentialAction":[{"@type":"SearchAction","target":{"@type":"EntryPoint","urlTemplate":"https:\/\/penosil.com\/lt\/?s={search_term_string}"},"query-input":{"@type":"PropertyValueSpecification","valueRequired":true,"valueName":"search_term_string"}}],"inLanguage":"lt-LT"}]}},"featured_img":"https:\/\/penosil.com\/lt\/wp-content\/uploads\/sites\/13\/2025\/07\/640_Aqua_Brake_Fiber_640_LT_LV_RU_1kg.png","coauthors":[],"author_meta":{"author_link":"https:\/\/penosil.com\/lt\/author\/asta\/","display_name":"Asta Salkauskiene"},"relative_dates":{"created":"Posted 3 metai ago","modified":"Updated 1 m\u0117nuo ago"},"absolute_dates":{"created":"Posted on 2022 16 spalio","modified":"Updated on 2026 11 kovo"},"absolute_dates_time":{"created":"Posted on 2022 16 spalio 15:07","modified":"Updated on 2026 11 kovo 1:02"},"featured_img_caption":"","tax_additional":{"product_brand":{"linked":[],"unlinked":[],"slug":"product_brand","name":"Preki\u0173 \u017eenklai"},"product_type":{"linked":["<a href=\"https:\/\/penosil.com\/lt\/?taxonomy=product_type&#038;term=variable\" class=\"advgb-post-tax-term\">variable<\/a>"],"unlinked":["<span class=\"advgb-post-tax-term\">variable<\/span>"],"slug":"product_type","name":"Produkto tipas"},"product_visibility":{"linked":[],"unlinked":[],"slug":"product_visibility","name":"Produkto matomumas"},"product_cat":{"linked":["<a href=\"https:\/\/penosil.com\/lt\/produkto-kategorija\/naudojimo-sritys\/\" class=\"advgb-post-tax-term\">Naudojimo sritys<\/a>","<a href=\"https:\/\/penosil.com\/lt\/produkto-kategorija\/produktu-grupes\/juostos-ir-membranos\/\" class=\"advgb-post-tax-term\">Juostos ir membranos<\/a>","<a href=\"https:\/\/penosil.com\/lt\/produkto-kategorija\/produktu-grupes\/juostos-ir-membranos\/hidroizoliacines-juostos-ir-membranos\/\" class=\"advgb-post-tax-term\">Hidroizoliacin\u0117s juostos ir membranos<\/a>","<a href=\"https:\/\/penosil.com\/lt\/produkto-kategorija\/produktu-grupes\/pavirsiaus-padengimo-priemones\/dangos-ir-membranos\/\" class=\"advgb-post-tax-term\">Dangos ir membranos<\/a>","<a href=\"https:\/\/penosil.com\/lt\/produkto-kategorija\/produktu-grupes\/\" class=\"advgb-post-tax-term\">Produkt\u0173 grup\u0117s<\/a>","<a href=\"https:\/\/penosil.com\/lt\/produkto-kategorija\/produktu-grupes\/pavirsiaus-padengimo-priemones\/\" class=\"advgb-post-tax-term\">Pavir\u0161iaus padengimo priemon\u0117s<\/a>","<a href=\"https:\/\/penosil.com\/lt\/produkto-kategorija\/naudojimo-sritys\/sanitarines-patalpos\/\" class=\"advgb-post-tax-term\">Sanitarin\u0117s patalpos<\/a>"],"unlinked":["<span class=\"advgb-post-tax-term\">Naudojimo sritys<\/span>","<span class=\"advgb-post-tax-term\">Juostos ir membranos<\/span>","<span class=\"advgb-post-tax-term\">Hidroizoliacin\u0117s juostos ir membranos<\/span>","<span class=\"advgb-post-tax-term\">Dangos ir membranos<\/span>","<span class=\"advgb-post-tax-term\">Produkt\u0173 grup\u0117s<\/span>","<span class=\"advgb-post-tax-term\">Pavir\u0161iaus padengimo priemon\u0117s<\/span>","<span class=\"advgb-post-tax-term\">Sanitarin\u0117s patalpos<\/span>"],"slug":"product_cat","name":"Produkto kategorijos"},"product_tag":{"linked":[],"unlinked":[],"slug":"product_tag","name":"Produkto \u017eyma"},"product_shipping_class":{"linked":[],"unlinked":[],"slug":"product_shipping_class","name":"Produkto pristatymo klas\u0117s"},"pos_product_visibility":{"linked":[],"unlinked":[],"slug":"pos_product_visibility","name":"POS Product visibility"},"pa_color":{"linked":["<a href=\"https:\/\/penosil.com\/lt\/?taxonomy=pa_color&#038;term=melyna\" class=\"advgb-post-tax-term\">M\u0117lyna<\/a>"],"unlinked":["<span class=\"advgb-post-tax-term\">M\u0117lyna<\/span>"],"slug":"pa_color","name":"Product Color"},"pa_package":{"linked":["<a href=\"https:\/\/penosil.com\/lt\/?taxonomy=pa_package&#038;term=13-kg\" class=\"advgb-post-tax-term\">1,3 kg<\/a>","<a href=\"https:\/\/penosil.com\/lt\/?taxonomy=pa_package&#038;term=7-kg\" class=\"advgb-post-tax-term\">7 kg<\/a>","<a href=\"https:\/\/penosil.com\/lt\/?taxonomy=pa_package&#038;term=20-kg\" class=\"advgb-post-tax-term\">20 kg<\/a>"],"unlinked":["<span class=\"advgb-post-tax-term\">1,3 kg<\/span>","<span class=\"advgb-post-tax-term\">7 kg<\/span>","<span class=\"advgb-post-tax-term\">20 kg<\/span>"],"slug":"pa_package","name":"Product Package"},"pa_plotis":{"linked":[],"unlinked":[],"slug":"pa_plotis","name":"Product Plotis"},"pa_skersmuo":{"linked":[],"unlinked":[],"slug":"pa_skersmuo","name":"Product Skersmuo"},"translation_priority":{"linked":["<a href=\"https:\/\/penosil.com\/lt\/?taxonomy=translation_priority&#038;term=optional-lt\" class=\"advgb-post-tax-term\">Optional<\/a>"],"unlinked":["<span class=\"advgb-post-tax-term\">Optional<\/span>"],"slug":"translation_priority","name":"Translation Priorities"}},"series_order":"","_links":{"self":[{"href":"https:\/\/penosil.com\/lt\/wp-json\/wp\/v2\/product\/11589","targetHints":{"allow":["GET"]}}],"collection":[{"href":"https:\/\/penosil.com\/lt\/wp-json\/wp\/v2\/product"}],"about":[{"href":"https:\/\/penosil.com\/lt\/wp-json\/wp\/v2\/types\/product"}],"version-history":[{"count":6,"href":"https:\/\/penosil.com\/lt\/wp-json\/wp\/v2\/product\/11589\/revisions"}],"predecessor-version":[{"id":15843,"href":"https:\/\/penosil.com\/lt\/wp-json\/wp\/v2\/product\/11589\/revisions\/15843"}],"wp:featuredmedia":[{"embeddable":true,"href":"https:\/\/penosil.com\/lt\/wp-json\/wp\/v2\/media\/15629"}],"wp:attachment":[{"href":"https:\/\/penosil.com\/lt\/wp-json\/wp\/v2\/media?parent=11589"}],"wp:term":[{"taxonomy":"product_brand","embeddable":true,"href":"https:\/\/penosil.com\/lt\/wp-json\/wp\/v2\/product_brand?post=11589"},{"taxonomy":"product_cat","embeddable":true,"href":"https:\/\/penosil.com\/lt\/wp-json\/wp\/v2\/product_cat?post=11589"},{"taxonomy":"product_tag","embeddable":true,"href":"https:\/\/penosil.com\/lt\/wp-json\/wp\/v2\/product_tag?post=11589"}],"curies":[{"name":"wp","href":"https:\/\/api.w.org\/{rel}","templated":true}]}}