{"id":11612,"date":"2022-10-17T17:49:30","date_gmt":"2022-10-17T17:49:30","guid":{"rendered":"https:\/\/penosil.com\/lt\/?post_type=product&#038;p=11612"},"modified":"2026-01-08T01:15:37","modified_gmt":"2026-01-08T01:15:37","slug":"hightemp-sealant-1500c-atsparus-karsciui-hermetikas","status":"publish","type":"product","link":"https:\/\/penosil.com\/lt\/produktai\/hightemp-sealant-1500c-atsparus-karsciui-hermetikas\/","title":{"rendered":"HighTemp Sealant +1500\u00b0C"},"content":{"rendered":"<p>Silikatinis kar\u0161\u010diui atsparus hermetikas, skirtas kamin\u0173, krosni\u0173, \u017eidini\u0173 ir kepsnini\u0173 si\u016bl\u0117ms ir \u012ftr\u016bkimams u\u017epildyti ir izoliuoti. Po kaitinimo hermetikas tampa tamsiai pilkas, itin kietas ir atsparus ekstremaliai temperat\u016brai (trumpalaikis atsparumas temperat\u016brai iki &#43;1500 \u00b0C).<\/p>\n","protected":false},"excerpt":{"rendered":"atsparus kar\u0161\u010diui silikatinis hermetikas","protected":false},"author":5,"featured_media":15230,"template":"","meta":{"_acf_changed":false,"advgb_blocks_editor_width":"","advgb_blocks_columns_visual_guide":"","footnotes":""},"product_brand":[],"product_cat":[2381,210,1368,1710,656],"product_tag":[],"class_list":{"0":"post-11612","1":"product","2":"type-product","3":"status-publish","4":"has-post-thumbnail","6":"product_cat-uzpildai-glaistai","7":"product_cat-naudojimo-sritys","8":"product_cat-produktu-grupes","9":"product_cat-pavirsiaus-padengimo-priemones","10":"product_cat-atsparumas-ugniai","12":"first","13":"instock","14":"taxable","15":"shipping-taxable","16":"purchasable","17":"product-type-simple"},"acf":[],"yoast_head":"<!-- This site is optimized with the Yoast SEO plugin v27.2 - https:\/\/yoast.com\/product\/yoast-seo-wordpress\/ -->\n<title>PENOSIL HighTemp Sealant +1500\u00b0C atsparus kar\u0161\u010diui hermetikas<\/title>\n<meta name=\"description\" content=\"Kar\u0161\u010diui atsparus silikatinis hermetikas, skirtas kamin\u0173, krosni\u0173, \u017eidini\u0173 ir kepsnini\u0173 si\u016bl\u0117ms ir \u012ftr\u016bkimams sandarinti. Su\u017einoti daugiau!\" \/>\n<meta name=\"robots\" content=\"index, follow, max-snippet:-1, max-image-preview:large, max-video-preview:-1\" \/>\n<link rel=\"canonical\" href=\"https:\/\/penosil.com\/lt\/produktai\/hightemp-sealant-1500c-atsparus-karsciui-hermetikas\/\" \/>\n<meta property=\"og:locale\" content=\"lt_LT\" \/>\n<meta property=\"og:type\" content=\"article\" \/>\n<meta property=\"og:title\" content=\"PENOSIL HighTemp Sealant +1500\u00b0C atsparus kar\u0161\u010diui hermetikas\" \/>\n<meta property=\"og:description\" content=\"Kar\u0161\u010diui atsparus silikatinis hermetikas, skirtas kamin\u0173, krosni\u0173, \u017eidini\u0173 ir kepsnini\u0173 si\u016bl\u0117ms ir \u012ftr\u016bkimams sandarinti. Su\u017einoti daugiau!\" \/>\n<meta property=\"og:url\" content=\"https:\/\/penosil.com\/lt\/produktai\/hightemp-sealant-1500c-atsparus-karsciui-hermetikas\/\" \/>\n<meta property=\"og:site_name\" content=\"Penosil Lithuania\" \/>\n<meta property=\"article:modified_time\" content=\"2026-01-08T01:15:37+00:00\" \/>\n<meta property=\"og:image\" content=\"https:\/\/penosil.com\/lt\/wp-content\/uploads\/sites\/13\/2025\/05\/1500_HighTemp_Sealant_1500_LT_LV.png\" \/>\n\t<meta property=\"og:image:width\" content=\"387\" \/>\n\t<meta property=\"og:image:height\" content=\"1080\" \/>\n\t<meta property=\"og:image:type\" content=\"image\/png\" \/>\n<meta name=\"twitter:card\" content=\"summary_large_image\" \/>\n<script type=\"application\/ld+json\" class=\"yoast-schema-graph\">{\"@context\":\"https:\/\/schema.org\",\"@graph\":[{\"@type\":\"WebPage\",\"@id\":\"https:\/\/penosil.com\/lt\/produktai\/hightemp-sealant-1500c-atsparus-karsciui-hermetikas\/\",\"url\":\"https:\/\/penosil.com\/lt\/produktai\/hightemp-sealant-1500c-atsparus-karsciui-hermetikas\/\",\"name\":\"PENOSIL HighTemp Sealant +1500\u00b0C atsparus kar\u0161\u010diui hermetikas\",\"isPartOf\":{\"@id\":\"https:\/\/penosil.com\/lt\/#website\"},\"primaryImageOfPage\":{\"@id\":\"https:\/\/penosil.com\/lt\/produktai\/hightemp-sealant-1500c-atsparus-karsciui-hermetikas\/#primaryimage\"},\"image\":{\"@id\":\"https:\/\/penosil.com\/lt\/produktai\/hightemp-sealant-1500c-atsparus-karsciui-hermetikas\/#primaryimage\"},\"thumbnailUrl\":\"https:\/\/penosil.com\/lt\/wp-content\/uploads\/sites\/13\/2025\/05\/1500_HighTemp_Sealant_1500_LT_LV.png\",\"datePublished\":\"2022-10-17T17:49:30+00:00\",\"dateModified\":\"2026-01-08T01:15:37+00:00\",\"description\":\"Kar\u0161\u010diui atsparus silikatinis hermetikas, skirtas kamin\u0173, krosni\u0173, \u017eidini\u0173 ir kepsnini\u0173 si\u016bl\u0117ms ir \u012ftr\u016bkimams sandarinti. Su\u017einoti daugiau!\",\"breadcrumb\":{\"@id\":\"https:\/\/penosil.com\/lt\/produktai\/hightemp-sealant-1500c-atsparus-karsciui-hermetikas\/#breadcrumb\"},\"inLanguage\":\"lt-LT\",\"potentialAction\":[{\"@type\":\"ReadAction\",\"target\":[\"https:\/\/penosil.com\/lt\/produktai\/hightemp-sealant-1500c-atsparus-karsciui-hermetikas\/\"]}]},{\"@type\":\"ImageObject\",\"inLanguage\":\"lt-LT\",\"@id\":\"https:\/\/penosil.com\/lt\/produktai\/hightemp-sealant-1500c-atsparus-karsciui-hermetikas\/#primaryimage\",\"url\":\"https:\/\/penosil.com\/lt\/wp-content\/uploads\/sites\/13\/2025\/05\/1500_HighTemp_Sealant_1500_LT_LV.png\",\"contentUrl\":\"https:\/\/penosil.com\/lt\/wp-content\/uploads\/sites\/13\/2025\/05\/1500_HighTemp_Sealant_1500_LT_LV.png\",\"width\":387,\"height\":1080,\"caption\":\"PENOSIL HighTemp Sealant +1500\u00b0C atsparus kar\u0161\u010diui hermetikas\"},{\"@type\":\"BreadcrumbList\",\"@id\":\"https:\/\/penosil.com\/lt\/produktai\/hightemp-sealant-1500c-atsparus-karsciui-hermetikas\/#breadcrumb\",\"itemListElement\":[{\"@type\":\"ListItem\",\"position\":1,\"name\":\"Home\",\"item\":\"https:\/\/penosil.com\/lt\/\"},{\"@type\":\"ListItem\",\"position\":2,\"name\":\"Produktai\",\"item\":\"https:\/\/penosil.com\/lt\/produktai\/\"},{\"@type\":\"ListItem\",\"position\":3,\"name\":\"HighTemp Sealant +1500\u00b0C\"}]},{\"@type\":\"WebSite\",\"@id\":\"https:\/\/penosil.com\/lt\/#website\",\"url\":\"https:\/\/penosil.com\/lt\/\",\"name\":\"Penosil Lithuania\",\"description\":\"\",\"potentialAction\":[{\"@type\":\"SearchAction\",\"target\":{\"@type\":\"EntryPoint\",\"urlTemplate\":\"https:\/\/penosil.com\/lt\/?s={search_term_string}\"},\"query-input\":{\"@type\":\"PropertyValueSpecification\",\"valueRequired\":true,\"valueName\":\"search_term_string\"}}],\"inLanguage\":\"lt-LT\"}]}<\/script>\n<!-- \/ Yoast SEO plugin. -->","yoast_head_json":{"title":"PENOSIL HighTemp Sealant +1500\u00b0C atsparus kar\u0161\u010diui hermetikas","description":"Kar\u0161\u010diui atsparus silikatinis hermetikas, skirtas kamin\u0173, krosni\u0173, \u017eidini\u0173 ir kepsnini\u0173 si\u016bl\u0117ms ir \u012ftr\u016bkimams sandarinti. Su\u017einoti daugiau!","robots":{"index":"index","follow":"follow","max-snippet":"max-snippet:-1","max-image-preview":"max-image-preview:large","max-video-preview":"max-video-preview:-1"},"canonical":"https:\/\/penosil.com\/lt\/produktai\/hightemp-sealant-1500c-atsparus-karsciui-hermetikas\/","og_locale":"lt_LT","og_type":"article","og_title":"PENOSIL HighTemp Sealant +1500\u00b0C atsparus kar\u0161\u010diui hermetikas","og_description":"Kar\u0161\u010diui atsparus silikatinis hermetikas, skirtas kamin\u0173, krosni\u0173, \u017eidini\u0173 ir kepsnini\u0173 si\u016bl\u0117ms ir \u012ftr\u016bkimams sandarinti. Su\u017einoti daugiau!","og_url":"https:\/\/penosil.com\/lt\/produktai\/hightemp-sealant-1500c-atsparus-karsciui-hermetikas\/","og_site_name":"Penosil Lithuania","article_modified_time":"2026-01-08T01:15:37+00:00","og_image":[{"width":387,"height":1080,"url":"https:\/\/penosil.com\/lt\/wp-content\/uploads\/sites\/13\/2025\/05\/1500_HighTemp_Sealant_1500_LT_LV.png","type":"image\/png"}],"twitter_card":"summary_large_image","schema":{"@context":"https:\/\/schema.org","@graph":[{"@type":"WebPage","@id":"https:\/\/penosil.com\/lt\/produktai\/hightemp-sealant-1500c-atsparus-karsciui-hermetikas\/","url":"https:\/\/penosil.com\/lt\/produktai\/hightemp-sealant-1500c-atsparus-karsciui-hermetikas\/","name":"PENOSIL HighTemp Sealant +1500\u00b0C atsparus kar\u0161\u010diui hermetikas","isPartOf":{"@id":"https:\/\/penosil.com\/lt\/#website"},"primaryImageOfPage":{"@id":"https:\/\/penosil.com\/lt\/produktai\/hightemp-sealant-1500c-atsparus-karsciui-hermetikas\/#primaryimage"},"image":{"@id":"https:\/\/penosil.com\/lt\/produktai\/hightemp-sealant-1500c-atsparus-karsciui-hermetikas\/#primaryimage"},"thumbnailUrl":"https:\/\/penosil.com\/lt\/wp-content\/uploads\/sites\/13\/2025\/05\/1500_HighTemp_Sealant_1500_LT_LV.png","datePublished":"2022-10-17T17:49:30+00:00","dateModified":"2026-01-08T01:15:37+00:00","description":"Kar\u0161\u010diui atsparus silikatinis hermetikas, skirtas kamin\u0173, krosni\u0173, \u017eidini\u0173 ir kepsnini\u0173 si\u016bl\u0117ms ir \u012ftr\u016bkimams sandarinti. Su\u017einoti daugiau!","breadcrumb":{"@id":"https:\/\/penosil.com\/lt\/produktai\/hightemp-sealant-1500c-atsparus-karsciui-hermetikas\/#breadcrumb"},"inLanguage":"lt-LT","potentialAction":[{"@type":"ReadAction","target":["https:\/\/penosil.com\/lt\/produktai\/hightemp-sealant-1500c-atsparus-karsciui-hermetikas\/"]}]},{"@type":"ImageObject","inLanguage":"lt-LT","@id":"https:\/\/penosil.com\/lt\/produktai\/hightemp-sealant-1500c-atsparus-karsciui-hermetikas\/#primaryimage","url":"https:\/\/penosil.com\/lt\/wp-content\/uploads\/sites\/13\/2025\/05\/1500_HighTemp_Sealant_1500_LT_LV.png","contentUrl":"https:\/\/penosil.com\/lt\/wp-content\/uploads\/sites\/13\/2025\/05\/1500_HighTemp_Sealant_1500_LT_LV.png","width":387,"height":1080,"caption":"PENOSIL HighTemp Sealant +1500\u00b0C atsparus kar\u0161\u010diui hermetikas"},{"@type":"BreadcrumbList","@id":"https:\/\/penosil.com\/lt\/produktai\/hightemp-sealant-1500c-atsparus-karsciui-hermetikas\/#breadcrumb","itemListElement":[{"@type":"ListItem","position":1,"name":"Home","item":"https:\/\/penosil.com\/lt\/"},{"@type":"ListItem","position":2,"name":"Produktai","item":"https:\/\/penosil.com\/lt\/produktai\/"},{"@type":"ListItem","position":3,"name":"HighTemp Sealant +1500\u00b0C"}]},{"@type":"WebSite","@id":"https:\/\/penosil.com\/lt\/#website","url":"https:\/\/penosil.com\/lt\/","name":"Penosil Lithuania","description":"","potentialAction":[{"@type":"SearchAction","target":{"@type":"EntryPoint","urlTemplate":"https:\/\/penosil.com\/lt\/?s={search_term_string}"},"query-input":{"@type":"PropertyValueSpecification","valueRequired":true,"valueName":"search_term_string"}}],"inLanguage":"lt-LT"}]}},"featured_img":"https:\/\/penosil.com\/lt\/wp-content\/uploads\/sites\/13\/2025\/05\/1500_HighTemp_Sealant_1500_LT_LV.png","coauthors":[],"author_meta":{"author_link":"https:\/\/penosil.com\/lt\/author\/asta\/","display_name":"Asta Salkauskiene"},"relative_dates":{"created":"Posted 3 metai ago","modified":"Updated 3 m\u0117nesiai ago"},"absolute_dates":{"created":"Posted on 2022 17 spalio","modified":"Updated on 2026 8 sausio"},"absolute_dates_time":{"created":"Posted on 2022 17 spalio 17:49","modified":"Updated on 2026 8 sausio 1:15"},"featured_img_caption":"","tax_additional":{"product_brand":{"linked":[],"unlinked":[],"slug":"product_brand","name":"Preki\u0173 \u017eenklai"},"product_type":{"linked":["<a href=\"https:\/\/penosil.com\/lt\/?taxonomy=product_type&#038;term=simple\" class=\"advgb-post-tax-term\">simple<\/a>"],"unlinked":["<span class=\"advgb-post-tax-term\">simple<\/span>"],"slug":"product_type","name":"Produkto tipas"},"product_visibility":{"linked":[],"unlinked":[],"slug":"product_visibility","name":"Produkto matomumas"},"product_cat":{"linked":["<a href=\"https:\/\/penosil.com\/lt\/produkto-kategorija\/produktu-grupes\/pavirsiaus-padengimo-priemones\/uzpildai-glaistai\/\" class=\"advgb-post-tax-term\">U\u017epildai - glaistai<\/a>","<a href=\"https:\/\/penosil.com\/lt\/produkto-kategorija\/naudojimo-sritys\/\" class=\"advgb-post-tax-term\">Naudojimo sritys<\/a>","<a href=\"https:\/\/penosil.com\/lt\/produkto-kategorija\/produktu-grupes\/\" class=\"advgb-post-tax-term\">Produkt\u0173 grup\u0117s<\/a>","<a href=\"https:\/\/penosil.com\/lt\/produkto-kategorija\/produktu-grupes\/pavirsiaus-padengimo-priemones\/\" class=\"advgb-post-tax-term\">Pavir\u0161iaus padengimo priemon\u0117s<\/a>","<a href=\"https:\/\/penosil.com\/lt\/produkto-kategorija\/naudojimo-sritys\/atsparumas-ugniai\/\" class=\"advgb-post-tax-term\">Atsparumas ugniai \/ auk\u0161tai temperat\u016brai<\/a>"],"unlinked":["<span class=\"advgb-post-tax-term\">U\u017epildai - glaistai<\/span>","<span class=\"advgb-post-tax-term\">Naudojimo sritys<\/span>","<span class=\"advgb-post-tax-term\">Produkt\u0173 grup\u0117s<\/span>","<span class=\"advgb-post-tax-term\">Pavir\u0161iaus padengimo priemon\u0117s<\/span>","<span class=\"advgb-post-tax-term\">Atsparumas ugniai \/ auk\u0161tai temperat\u016brai<\/span>"],"slug":"product_cat","name":"Produkto kategorijos"},"product_tag":{"linked":[],"unlinked":[],"slug":"product_tag","name":"Produkto \u017eyma"},"product_shipping_class":{"linked":[],"unlinked":[],"slug":"product_shipping_class","name":"Produkto pristatymo klas\u0117s"},"pos_product_visibility":{"linked":[],"unlinked":[],"slug":"pos_product_visibility","name":"POS Product visibility"},"pa_color":{"linked":["<a href=\"https:\/\/penosil.com\/lt\/en\/?taxonomy=pa_color&#038;term=juoda\" class=\"advgb-post-tax-term\">Juoda<\/a>"],"unlinked":["<span class=\"advgb-post-tax-term\">Juoda<\/span>"],"slug":"pa_color","name":"Product Color"},"pa_package":{"linked":["<a href=\"https:\/\/penosil.com\/lt\/?taxonomy=pa_package&#038;term=280-ml\" class=\"advgb-post-tax-term\">280 ml<\/a>"],"unlinked":["<span class=\"advgb-post-tax-term\">280 ml<\/span>"],"slug":"pa_package","name":"Product Package"},"pa_plotis":{"linked":[],"unlinked":[],"slug":"pa_plotis","name":"Product Plotis"},"pa_skersmuo":{"linked":[],"unlinked":[],"slug":"pa_skersmuo","name":"Product Skersmuo"},"translation_priority":{"linked":["<a href=\"https:\/\/penosil.com\/lt\/?taxonomy=translation_priority&#038;term=optional-lt\" class=\"advgb-post-tax-term\">Optional<\/a>"],"unlinked":["<span class=\"advgb-post-tax-term\">Optional<\/span>"],"slug":"translation_priority","name":"Translation Priorities"}},"series_order":"","_links":{"self":[{"href":"https:\/\/penosil.com\/lt\/wp-json\/wp\/v2\/product\/11612","targetHints":{"allow":["GET"]}}],"collection":[{"href":"https:\/\/penosil.com\/lt\/wp-json\/wp\/v2\/product"}],"about":[{"href":"https:\/\/penosil.com\/lt\/wp-json\/wp\/v2\/types\/product"}],"version-history":[{"count":8,"href":"https:\/\/penosil.com\/lt\/wp-json\/wp\/v2\/product\/11612\/revisions"}],"predecessor-version":[{"id":16424,"href":"https:\/\/penosil.com\/lt\/wp-json\/wp\/v2\/product\/11612\/revisions\/16424"}],"wp:featuredmedia":[{"embeddable":true,"href":"https:\/\/penosil.com\/lt\/wp-json\/wp\/v2\/media\/15230"}],"wp:attachment":[{"href":"https:\/\/penosil.com\/lt\/wp-json\/wp\/v2\/media?parent=11612"}],"wp:term":[{"taxonomy":"product_brand","embeddable":true,"href":"https:\/\/penosil.com\/lt\/wp-json\/wp\/v2\/product_brand?post=11612"},{"taxonomy":"product_cat","embeddable":true,"href":"https:\/\/penosil.com\/lt\/wp-json\/wp\/v2\/product_cat?post=11612"},{"taxonomy":"product_tag","embeddable":true,"href":"https:\/\/penosil.com\/lt\/wp-json\/wp\/v2\/product_tag?post=11612"}],"curies":[{"name":"wp","href":"https:\/\/api.w.org\/{rel}","templated":true}]}}