{"id":11621,"date":"2022-10-19T12:01:31","date_gmt":"2022-10-19T12:01:31","guid":{"rendered":"https:\/\/penosil.com\/lt\/?post_type=product&#038;p=11621"},"modified":"2026-03-27T01:02:35","modified_gmt":"2026-03-27T01:02:35","slug":"fire-rated-gunfoam-b1-187-ugniai-atsparios-sandarinimo-putos","status":"publish","type":"product","link":"https:\/\/penosil.com\/lt\/produktai\/fire-rated-gunfoam-b1-187-ugniai-atsparios-sandarinimo-putos\/","title":{"rendered":"Fire Rated Gunfoam B1 187"},"content":{"rendered":"<p>Poliuretano pistoletin\u0117s ugniai atsparios sandarinimo putos, skirtos ugniai atsparioms durims ir langams sandarinti, ugniai atspari\u0173 sien\u0173 si\u016bl\u0117ms sandarinti ir kitiems sandarinimo darbams vietose, kuriose keliami didesni reikalavimai d\u0117l statybini\u0173 med\u017eiag\u0173 reakcijos \u012f ugn\u012f. Sertifikuotos Lietuvos gaisrini\u0173 tyrim\u0173 centro, sertifikato nr. GTC100900. Atsparumas ugniai \u012fvertintas pagal EN 13501-2, o reakcija \u012f ugn\u012f \u2013 pagal standart\u0105 DIN 4102-1.<\/p>\n","protected":false},"excerpt":{"rendered":"ugniai atsparios sandarinimo putos","protected":false},"author":5,"featured_media":15397,"template":"","meta":{"_acf_changed":false,"advgb_blocks_editor_width":"","advgb_blocks_columns_visual_guide":"","footnotes":""},"product_brand":[],"product_cat":[210,1506,1543,1368,656],"product_tag":[],"class_list":{"0":"post-11621","1":"product","2":"type-product","3":"status-publish","4":"has-post-thumbnail","6":"product_cat-naudojimo-sritys","7":"product_cat-statybines-putos","8":"product_cat-pistoletines-putos","9":"product_cat-produktu-grupes","10":"product_cat-atsparumas-ugniai","12":"first","13":"instock","14":"taxable","15":"shipping-taxable","16":"purchasable","17":"product-type-simple"},"acf":[],"yoast_head":"<!-- This site is optimized with the Yoast SEO plugin v27.4 - https:\/\/yoast.com\/product\/yoast-seo-wordpress\/ -->\n<title>PENOSIL Fire Rated Gunfoam B1 187 ugniai atsparios putos<\/title>\n<meta name=\"description\" content=\"Sertifikuotos ugniai atsparios sandarinimo putos skirtos ugniai atsparioms vietoms sandarinti: durims, langams, sien\u0173 si\u016bl\u0117ms. Daugiau!\" \/>\n<meta name=\"robots\" content=\"index, follow, max-snippet:-1, max-image-preview:large, max-video-preview:-1\" \/>\n<link rel=\"canonical\" href=\"https:\/\/penosil.com\/lt\/produktai\/fire-rated-gunfoam-b1-187-ugniai-atsparios-sandarinimo-putos\/\" \/>\n<meta property=\"og:locale\" content=\"lt_LT\" \/>\n<meta property=\"og:type\" content=\"article\" \/>\n<meta property=\"og:title\" content=\"PENOSIL Fire Rated Gunfoam B1 187 ugniai atsparios putos\" \/>\n<meta property=\"og:description\" content=\"Sertifikuotos ugniai atsparios sandarinimo putos skirtos ugniai atsparioms vietoms sandarinti: durims, langams, sien\u0173 si\u016bl\u0117ms. Daugiau!\" \/>\n<meta property=\"og:url\" content=\"https:\/\/penosil.com\/lt\/produktai\/fire-rated-gunfoam-b1-187-ugniai-atsparios-sandarinimo-putos\/\" \/>\n<meta property=\"og:site_name\" content=\"Penosil Lithuania\" \/>\n<meta property=\"article:modified_time\" content=\"2026-03-27T01:02:35+00:00\" \/>\n<meta property=\"og:image\" content=\"https:\/\/penosil.com\/lt\/wp-content\/uploads\/sites\/13\/2025\/07\/187_Fire_Rated_Gunfoam_B1_187_LT_LV_RU.png\" \/>\n\t<meta property=\"og:image:width\" content=\"523\" \/>\n\t<meta property=\"og:image:height\" content=\"1080\" \/>\n\t<meta property=\"og:image:type\" content=\"image\/png\" \/>\n<meta name=\"twitter:card\" content=\"summary_large_image\" \/>\n<script type=\"application\/ld+json\" class=\"yoast-schema-graph\">{\"@context\":\"https:\\\/\\\/schema.org\",\"@graph\":[{\"@type\":\"WebPage\",\"@id\":\"https:\\\/\\\/penosil.com\\\/lt\\\/produktai\\\/fire-rated-gunfoam-b1-187-ugniai-atsparios-sandarinimo-putos\\\/\",\"url\":\"https:\\\/\\\/penosil.com\\\/lt\\\/produktai\\\/fire-rated-gunfoam-b1-187-ugniai-atsparios-sandarinimo-putos\\\/\",\"name\":\"PENOSIL Fire Rated Gunfoam B1 187 ugniai atsparios putos\",\"isPartOf\":{\"@id\":\"https:\\\/\\\/penosil.com\\\/lt\\\/#website\"},\"primaryImageOfPage\":{\"@id\":\"https:\\\/\\\/penosil.com\\\/lt\\\/produktai\\\/fire-rated-gunfoam-b1-187-ugniai-atsparios-sandarinimo-putos\\\/#primaryimage\"},\"image\":{\"@id\":\"https:\\\/\\\/penosil.com\\\/lt\\\/produktai\\\/fire-rated-gunfoam-b1-187-ugniai-atsparios-sandarinimo-putos\\\/#primaryimage\"},\"thumbnailUrl\":\"https:\\\/\\\/penosil.com\\\/lt\\\/wp-content\\\/uploads\\\/sites\\\/13\\\/2025\\\/07\\\/187_Fire_Rated_Gunfoam_B1_187_LT_LV_RU.png\",\"datePublished\":\"2022-10-19T12:01:31+00:00\",\"dateModified\":\"2026-03-27T01:02:35+00:00\",\"description\":\"Sertifikuotos ugniai atsparios sandarinimo putos skirtos ugniai atsparioms vietoms sandarinti: durims, langams, sien\u0173 si\u016bl\u0117ms. Daugiau!\",\"breadcrumb\":{\"@id\":\"https:\\\/\\\/penosil.com\\\/lt\\\/produktai\\\/fire-rated-gunfoam-b1-187-ugniai-atsparios-sandarinimo-putos\\\/#breadcrumb\"},\"inLanguage\":\"lt-LT\",\"potentialAction\":[{\"@type\":\"ReadAction\",\"target\":[\"https:\\\/\\\/penosil.com\\\/lt\\\/produktai\\\/fire-rated-gunfoam-b1-187-ugniai-atsparios-sandarinimo-putos\\\/\"]}]},{\"@type\":\"ImageObject\",\"inLanguage\":\"lt-LT\",\"@id\":\"https:\\\/\\\/penosil.com\\\/lt\\\/produktai\\\/fire-rated-gunfoam-b1-187-ugniai-atsparios-sandarinimo-putos\\\/#primaryimage\",\"url\":\"https:\\\/\\\/penosil.com\\\/lt\\\/wp-content\\\/uploads\\\/sites\\\/13\\\/2025\\\/07\\\/187_Fire_Rated_Gunfoam_B1_187_LT_LV_RU.png\",\"contentUrl\":\"https:\\\/\\\/penosil.com\\\/lt\\\/wp-content\\\/uploads\\\/sites\\\/13\\\/2025\\\/07\\\/187_Fire_Rated_Gunfoam_B1_187_LT_LV_RU.png\",\"width\":523,\"height\":1080,\"caption\":\"PENOSIL Fire Rated Gunfoam B1 187 ugniai atsparios putos\"},{\"@type\":\"BreadcrumbList\",\"@id\":\"https:\\\/\\\/penosil.com\\\/lt\\\/produktai\\\/fire-rated-gunfoam-b1-187-ugniai-atsparios-sandarinimo-putos\\\/#breadcrumb\",\"itemListElement\":[{\"@type\":\"ListItem\",\"position\":1,\"name\":\"Home\",\"item\":\"https:\\\/\\\/penosil.com\\\/lt\\\/\"},{\"@type\":\"ListItem\",\"position\":2,\"name\":\"Produktai\",\"item\":\"https:\\\/\\\/penosil.com\\\/lt\\\/produktai\\\/\"},{\"@type\":\"ListItem\",\"position\":3,\"name\":\"Fire Rated Gunfoam B1 187\"}]},{\"@type\":\"WebSite\",\"@id\":\"https:\\\/\\\/penosil.com\\\/lt\\\/#website\",\"url\":\"https:\\\/\\\/penosil.com\\\/lt\\\/\",\"name\":\"Penosil Lithuania\",\"description\":\"\",\"potentialAction\":[{\"@type\":\"SearchAction\",\"target\":{\"@type\":\"EntryPoint\",\"urlTemplate\":\"https:\\\/\\\/penosil.com\\\/lt\\\/?s={search_term_string}\"},\"query-input\":{\"@type\":\"PropertyValueSpecification\",\"valueRequired\":true,\"valueName\":\"search_term_string\"}}],\"inLanguage\":\"lt-LT\"}]}<\/script>\n<!-- \/ Yoast SEO plugin. -->","yoast_head_json":{"title":"PENOSIL Fire Rated Gunfoam B1 187 ugniai atsparios putos","description":"Sertifikuotos ugniai atsparios sandarinimo putos skirtos ugniai atsparioms vietoms sandarinti: durims, langams, sien\u0173 si\u016bl\u0117ms. Daugiau!","robots":{"index":"index","follow":"follow","max-snippet":"max-snippet:-1","max-image-preview":"max-image-preview:large","max-video-preview":"max-video-preview:-1"},"canonical":"https:\/\/penosil.com\/lt\/produktai\/fire-rated-gunfoam-b1-187-ugniai-atsparios-sandarinimo-putos\/","og_locale":"lt_LT","og_type":"article","og_title":"PENOSIL Fire Rated Gunfoam B1 187 ugniai atsparios putos","og_description":"Sertifikuotos ugniai atsparios sandarinimo putos skirtos ugniai atsparioms vietoms sandarinti: durims, langams, sien\u0173 si\u016bl\u0117ms. Daugiau!","og_url":"https:\/\/penosil.com\/lt\/produktai\/fire-rated-gunfoam-b1-187-ugniai-atsparios-sandarinimo-putos\/","og_site_name":"Penosil Lithuania","article_modified_time":"2026-03-27T01:02:35+00:00","og_image":[{"width":523,"height":1080,"url":"https:\/\/penosil.com\/lt\/wp-content\/uploads\/sites\/13\/2025\/07\/187_Fire_Rated_Gunfoam_B1_187_LT_LV_RU.png","type":"image\/png"}],"twitter_card":"summary_large_image","schema":{"@context":"https:\/\/schema.org","@graph":[{"@type":"WebPage","@id":"https:\/\/penosil.com\/lt\/produktai\/fire-rated-gunfoam-b1-187-ugniai-atsparios-sandarinimo-putos\/","url":"https:\/\/penosil.com\/lt\/produktai\/fire-rated-gunfoam-b1-187-ugniai-atsparios-sandarinimo-putos\/","name":"PENOSIL Fire Rated Gunfoam B1 187 ugniai atsparios putos","isPartOf":{"@id":"https:\/\/penosil.com\/lt\/#website"},"primaryImageOfPage":{"@id":"https:\/\/penosil.com\/lt\/produktai\/fire-rated-gunfoam-b1-187-ugniai-atsparios-sandarinimo-putos\/#primaryimage"},"image":{"@id":"https:\/\/penosil.com\/lt\/produktai\/fire-rated-gunfoam-b1-187-ugniai-atsparios-sandarinimo-putos\/#primaryimage"},"thumbnailUrl":"https:\/\/penosil.com\/lt\/wp-content\/uploads\/sites\/13\/2025\/07\/187_Fire_Rated_Gunfoam_B1_187_LT_LV_RU.png","datePublished":"2022-10-19T12:01:31+00:00","dateModified":"2026-03-27T01:02:35+00:00","description":"Sertifikuotos ugniai atsparios sandarinimo putos skirtos ugniai atsparioms vietoms sandarinti: durims, langams, sien\u0173 si\u016bl\u0117ms. Daugiau!","breadcrumb":{"@id":"https:\/\/penosil.com\/lt\/produktai\/fire-rated-gunfoam-b1-187-ugniai-atsparios-sandarinimo-putos\/#breadcrumb"},"inLanguage":"lt-LT","potentialAction":[{"@type":"ReadAction","target":["https:\/\/penosil.com\/lt\/produktai\/fire-rated-gunfoam-b1-187-ugniai-atsparios-sandarinimo-putos\/"]}]},{"@type":"ImageObject","inLanguage":"lt-LT","@id":"https:\/\/penosil.com\/lt\/produktai\/fire-rated-gunfoam-b1-187-ugniai-atsparios-sandarinimo-putos\/#primaryimage","url":"https:\/\/penosil.com\/lt\/wp-content\/uploads\/sites\/13\/2025\/07\/187_Fire_Rated_Gunfoam_B1_187_LT_LV_RU.png","contentUrl":"https:\/\/penosil.com\/lt\/wp-content\/uploads\/sites\/13\/2025\/07\/187_Fire_Rated_Gunfoam_B1_187_LT_LV_RU.png","width":523,"height":1080,"caption":"PENOSIL Fire Rated Gunfoam B1 187 ugniai atsparios putos"},{"@type":"BreadcrumbList","@id":"https:\/\/penosil.com\/lt\/produktai\/fire-rated-gunfoam-b1-187-ugniai-atsparios-sandarinimo-putos\/#breadcrumb","itemListElement":[{"@type":"ListItem","position":1,"name":"Home","item":"https:\/\/penosil.com\/lt\/"},{"@type":"ListItem","position":2,"name":"Produktai","item":"https:\/\/penosil.com\/lt\/produktai\/"},{"@type":"ListItem","position":3,"name":"Fire Rated Gunfoam B1 187"}]},{"@type":"WebSite","@id":"https:\/\/penosil.com\/lt\/#website","url":"https:\/\/penosil.com\/lt\/","name":"Penosil Lithuania","description":"","potentialAction":[{"@type":"SearchAction","target":{"@type":"EntryPoint","urlTemplate":"https:\/\/penosil.com\/lt\/?s={search_term_string}"},"query-input":{"@type":"PropertyValueSpecification","valueRequired":true,"valueName":"search_term_string"}}],"inLanguage":"lt-LT"}]}},"featured_img":"https:\/\/penosil.com\/lt\/wp-content\/uploads\/sites\/13\/2025\/07\/187_Fire_Rated_Gunfoam_B1_187_LT_LV_RU.png","coauthors":[],"author_meta":{"author_link":"https:\/\/penosil.com\/lt\/author\/asta\/","display_name":"Asta Salkauskiene"},"relative_dates":{"created":"Posted 4 metai ago","modified":"Updated 4 savait\u0117s ago"},"absolute_dates":{"created":"Posted on 2022 19 spalio","modified":"Updated on 2026 27 kovo"},"absolute_dates_time":{"created":"Posted on 2022 19 spalio 12:01","modified":"Updated on 2026 27 kovo 1:02"},"featured_img_caption":"","tax_additional":{"product_brand":{"linked":[],"unlinked":[],"slug":"product_brand","name":"Preki\u0173 \u017eenklai"},"product_type":{"linked":["<a href=\"https:\/\/penosil.com\/lt\/?taxonomy=product_type&#038;term=simple\" class=\"advgb-post-tax-term\">simple<\/a>"],"unlinked":["<span class=\"advgb-post-tax-term\">simple<\/span>"],"slug":"product_type","name":"Produkto tipas"},"product_visibility":{"linked":[],"unlinked":[],"slug":"product_visibility","name":"Produkto matomumas"},"product_cat":{"linked":["<a href=\"https:\/\/penosil.com\/lt\/produkto-kategorija\/naudojimo-sritys\/\" class=\"advgb-post-tax-term\">Naudojimo sritys<\/a>","<a href=\"https:\/\/penosil.com\/lt\/produkto-kategorija\/produktu-grupes\/statybines-putos\/\" class=\"advgb-post-tax-term\">Statybin\u0117s putos<\/a>","<a href=\"https:\/\/penosil.com\/lt\/produkto-kategorija\/produktu-grupes\/statybines-putos\/pistoletines-putos\/\" class=\"advgb-post-tax-term\">Pistoletin\u0117s putos<\/a>","<a href=\"https:\/\/penosil.com\/lt\/produkto-kategorija\/produktu-grupes\/\" class=\"advgb-post-tax-term\">Produkt\u0173 grup\u0117s<\/a>","<a href=\"https:\/\/penosil.com\/lt\/produkto-kategorija\/naudojimo-sritys\/atsparumas-ugniai\/\" class=\"advgb-post-tax-term\">Atsparumas ugniai \/ auk\u0161tai temperat\u016brai<\/a>"],"unlinked":["<span class=\"advgb-post-tax-term\">Naudojimo sritys<\/span>","<span class=\"advgb-post-tax-term\">Statybin\u0117s putos<\/span>","<span class=\"advgb-post-tax-term\">Pistoletin\u0117s putos<\/span>","<span class=\"advgb-post-tax-term\">Produkt\u0173 grup\u0117s<\/span>","<span class=\"advgb-post-tax-term\">Atsparumas ugniai \/ auk\u0161tai temperat\u016brai<\/span>"],"slug":"product_cat","name":"Produkto kategorijos"},"product_tag":{"linked":[],"unlinked":[],"slug":"product_tag","name":"Produkto \u017eyma"},"product_shipping_class":{"linked":[],"unlinked":[],"slug":"product_shipping_class","name":"Produkto pristatymo klas\u0117s"},"pos_product_visibility":{"linked":[],"unlinked":[],"slug":"pos_product_visibility","name":"POS Product visibility"},"pa_color":{"linked":["<a href=\"https:\/\/penosil.com\/lt\/?taxonomy=pa_color&#038;term=rozine\" class=\"advgb-post-tax-term\">Ro\u017ein\u0117<\/a>"],"unlinked":["<span class=\"advgb-post-tax-term\">Ro\u017ein\u0117<\/span>"],"slug":"pa_color","name":"Product Color"},"pa_package":{"linked":["<a href=\"https:\/\/penosil.com\/lt\/en\/?taxonomy=pa_package&#038;term=750-ml\" class=\"advgb-post-tax-term\">750 ml<\/a>"],"unlinked":["<span class=\"advgb-post-tax-term\">750 ml<\/span>"],"slug":"pa_package","name":"Product Package"},"pa_plotis":{"linked":[],"unlinked":[],"slug":"pa_plotis","name":"Product Plotis"},"pa_skersmuo":{"linked":[],"unlinked":[],"slug":"pa_skersmuo","name":"Product Skersmuo"},"translation_priority":{"linked":["<a href=\"https:\/\/penosil.com\/lt\/?taxonomy=translation_priority&#038;term=optional-lt\" class=\"advgb-post-tax-term\">Optional<\/a>"],"unlinked":["<span class=\"advgb-post-tax-term\">Optional<\/span>"],"slug":"translation_priority","name":"Translation Priorities"}},"series_order":"","_links":{"self":[{"href":"https:\/\/penosil.com\/lt\/wp-json\/wp\/v2\/product\/11621","targetHints":{"allow":["GET"]}}],"collection":[{"href":"https:\/\/penosil.com\/lt\/wp-json\/wp\/v2\/product"}],"about":[{"href":"https:\/\/penosil.com\/lt\/wp-json\/wp\/v2\/types\/product"}],"version-history":[{"count":11,"href":"https:\/\/penosil.com\/lt\/wp-json\/wp\/v2\/product\/11621\/revisions"}],"predecessor-version":[{"id":15553,"href":"https:\/\/penosil.com\/lt\/wp-json\/wp\/v2\/product\/11621\/revisions\/15553"}],"wp:featuredmedia":[{"embeddable":true,"href":"https:\/\/penosil.com\/lt\/wp-json\/wp\/v2\/media\/15397"}],"wp:attachment":[{"href":"https:\/\/penosil.com\/lt\/wp-json\/wp\/v2\/media?parent=11621"}],"wp:term":[{"taxonomy":"product_brand","embeddable":true,"href":"https:\/\/penosil.com\/lt\/wp-json\/wp\/v2\/product_brand?post=11621"},{"taxonomy":"product_cat","embeddable":true,"href":"https:\/\/penosil.com\/lt\/wp-json\/wp\/v2\/product_cat?post=11621"},{"taxonomy":"product_tag","embeddable":true,"href":"https:\/\/penosil.com\/lt\/wp-json\/wp\/v2\/product_tag?post=11621"}],"curies":[{"name":"wp","href":"https:\/\/api.w.org\/{rel}","templated":true}]}}