{"id":11623,"date":"2022-10-19T13:15:37","date_gmt":"2022-10-19T13:15:37","guid":{"rendered":"https:\/\/penosil.com\/lt\/?post_type=product&#038;p=11623"},"modified":"2026-01-08T01:15:36","modified_gmt":"2026-01-08T01:15:36","slug":"foam-cleaner-929-nesustingusiu-putu-valiklis","status":"publish","type":"product","link":"https:\/\/penosil.com\/lt\/produktai\/foam-cleaner-929-nesustingusiu-putu-valiklis\/","title":{"rendered":"Foam Cleaner 929"},"content":{"rendered":"<p>Tirpiklio pagrindu pur\u0161kiamas nesustingusi\u0173 poliuretano put\u0173 valiklis, skirtas pa\u0161alinti nesustingusias statybines putas nuo \u012franki\u0173, drabu\u017ei\u0173 ir pavir\u0161i\u0173. Veiksmingai valo \u0161vie\u017eias PU putas nuo put\u0173 pistoleto i\u0161or\u0117s ir i\u0161 vidaus, pavir\u0161i\u0173 toki\u0173 kaip: lang\u0173 ir dur\u0173 r\u0117mai, drabu\u017eiai ir kt.<\/p>\n","protected":false},"excerpt":{"rendered":"nesustingusi\u0173 put\u0173 valiklis","protected":false},"author":5,"featured_media":15129,"template":"","meta":{"_acf_changed":false,"advgb_blocks_editor_width":"","advgb_blocks_columns_visual_guide":"","footnotes":""},"product_brand":[],"product_cat":[210,1506,1368,2379,2361,1816,2301],"product_tag":[],"class_list":{"0":"post-11623","1":"product","2":"type-product","3":"status-publish","4":"has-post-thumbnail","6":"product_cat-naudojimo-sritys","7":"product_cat-statybines-putos","8":"product_cat-produktu-grupes","9":"product_cat-valikliai-2","10":"product_cat-pistoletai-putoms-ir-valikliai","11":"product_cat-irankiai-ir-valikliai","12":"product_cat-valymas","14":"first","15":"instock","16":"taxable","17":"shipping-taxable","18":"purchasable","19":"product-type-simple"},"acf":[],"yoast_head":"<!-- This site is optimized with the Yoast SEO plugin v27.2 - https:\/\/yoast.com\/product\/yoast-seo-wordpress\/ -->\n<title>PENOSIL Foam Cleaner 929 nesustingusi\u0173 put\u0173 valiklis<\/title>\n<meta name=\"description\" content=\"Pur\u0161kiamas nesustingusi\u0173 poliuretano put\u0173 valiklis, skirtas pa\u0161alinti nesustingusias putas nuo \u012franki\u0173, drabu\u017ei\u0173 ir pavir\u0161i\u0173. Daugiau!\" \/>\n<meta name=\"robots\" content=\"index, follow, max-snippet:-1, max-image-preview:large, max-video-preview:-1\" \/>\n<link rel=\"canonical\" href=\"https:\/\/penosil.com\/lt\/produktai\/foam-cleaner-929-nesustingusiu-putu-valiklis\/\" \/>\n<meta property=\"og:locale\" content=\"lt_LT\" \/>\n<meta property=\"og:type\" content=\"article\" \/>\n<meta property=\"og:title\" content=\"PENOSIL Foam Cleaner 929 nesustingusi\u0173 put\u0173 valiklis\" \/>\n<meta property=\"og:description\" content=\"Pur\u0161kiamas nesustingusi\u0173 poliuretano put\u0173 valiklis, skirtas pa\u0161alinti nesustingusias putas nuo \u012franki\u0173, drabu\u017ei\u0173 ir pavir\u0161i\u0173. Daugiau!\" \/>\n<meta property=\"og:url\" content=\"https:\/\/penosil.com\/lt\/produktai\/foam-cleaner-929-nesustingusiu-putu-valiklis\/\" \/>\n<meta property=\"og:site_name\" content=\"Penosil Lithuania\" \/>\n<meta property=\"article:modified_time\" content=\"2026-01-08T01:15:36+00:00\" \/>\n<meta property=\"og:image\" content=\"https:\/\/penosil.com\/lt\/wp-content\/uploads\/sites\/13\/2025\/05\/929_Foam_Cleaner_929_LT_LV_RU.png\" \/>\n\t<meta property=\"og:image:width\" content=\"523\" \/>\n\t<meta property=\"og:image:height\" content=\"1080\" \/>\n\t<meta property=\"og:image:type\" content=\"image\/png\" \/>\n<meta name=\"twitter:card\" content=\"summary_large_image\" \/>\n<script type=\"application\/ld+json\" class=\"yoast-schema-graph\">{\"@context\":\"https:\/\/schema.org\",\"@graph\":[{\"@type\":\"WebPage\",\"@id\":\"https:\/\/penosil.com\/lt\/produktai\/foam-cleaner-929-nesustingusiu-putu-valiklis\/\",\"url\":\"https:\/\/penosil.com\/lt\/produktai\/foam-cleaner-929-nesustingusiu-putu-valiklis\/\",\"name\":\"PENOSIL Foam Cleaner 929 nesustingusi\u0173 put\u0173 valiklis\",\"isPartOf\":{\"@id\":\"https:\/\/penosil.com\/lt\/#website\"},\"primaryImageOfPage\":{\"@id\":\"https:\/\/penosil.com\/lt\/produktai\/foam-cleaner-929-nesustingusiu-putu-valiklis\/#primaryimage\"},\"image\":{\"@id\":\"https:\/\/penosil.com\/lt\/produktai\/foam-cleaner-929-nesustingusiu-putu-valiklis\/#primaryimage\"},\"thumbnailUrl\":\"https:\/\/penosil.com\/lt\/wp-content\/uploads\/sites\/13\/2025\/05\/929_Foam_Cleaner_929_LT_LV_RU.png\",\"datePublished\":\"2022-10-19T13:15:37+00:00\",\"dateModified\":\"2026-01-08T01:15:36+00:00\",\"description\":\"Pur\u0161kiamas nesustingusi\u0173 poliuretano put\u0173 valiklis, skirtas pa\u0161alinti nesustingusias putas nuo \u012franki\u0173, drabu\u017ei\u0173 ir pavir\u0161i\u0173. Daugiau!\",\"breadcrumb\":{\"@id\":\"https:\/\/penosil.com\/lt\/produktai\/foam-cleaner-929-nesustingusiu-putu-valiklis\/#breadcrumb\"},\"inLanguage\":\"lt-LT\",\"potentialAction\":[{\"@type\":\"ReadAction\",\"target\":[\"https:\/\/penosil.com\/lt\/produktai\/foam-cleaner-929-nesustingusiu-putu-valiklis\/\"]}]},{\"@type\":\"ImageObject\",\"inLanguage\":\"lt-LT\",\"@id\":\"https:\/\/penosil.com\/lt\/produktai\/foam-cleaner-929-nesustingusiu-putu-valiklis\/#primaryimage\",\"url\":\"https:\/\/penosil.com\/lt\/wp-content\/uploads\/sites\/13\/2025\/05\/929_Foam_Cleaner_929_LT_LV_RU.png\",\"contentUrl\":\"https:\/\/penosil.com\/lt\/wp-content\/uploads\/sites\/13\/2025\/05\/929_Foam_Cleaner_929_LT_LV_RU.png\",\"width\":523,\"height\":1080,\"caption\":\"PENOSIL Foam Cleaner 929 nesustingusi\u0173 put\u0173 valiklis\"},{\"@type\":\"BreadcrumbList\",\"@id\":\"https:\/\/penosil.com\/lt\/produktai\/foam-cleaner-929-nesustingusiu-putu-valiklis\/#breadcrumb\",\"itemListElement\":[{\"@type\":\"ListItem\",\"position\":1,\"name\":\"Home\",\"item\":\"https:\/\/penosil.com\/lt\/\"},{\"@type\":\"ListItem\",\"position\":2,\"name\":\"Produktai\",\"item\":\"https:\/\/penosil.com\/lt\/produktai\/\"},{\"@type\":\"ListItem\",\"position\":3,\"name\":\"Foam Cleaner 929\"}]},{\"@type\":\"WebSite\",\"@id\":\"https:\/\/penosil.com\/lt\/#website\",\"url\":\"https:\/\/penosil.com\/lt\/\",\"name\":\"Penosil Lithuania\",\"description\":\"\",\"potentialAction\":[{\"@type\":\"SearchAction\",\"target\":{\"@type\":\"EntryPoint\",\"urlTemplate\":\"https:\/\/penosil.com\/lt\/?s={search_term_string}\"},\"query-input\":{\"@type\":\"PropertyValueSpecification\",\"valueRequired\":true,\"valueName\":\"search_term_string\"}}],\"inLanguage\":\"lt-LT\"}]}<\/script>\n<!-- \/ Yoast SEO plugin. -->","yoast_head_json":{"title":"PENOSIL Foam Cleaner 929 nesustingusi\u0173 put\u0173 valiklis","description":"Pur\u0161kiamas nesustingusi\u0173 poliuretano put\u0173 valiklis, skirtas pa\u0161alinti nesustingusias putas nuo \u012franki\u0173, drabu\u017ei\u0173 ir pavir\u0161i\u0173. Daugiau!","robots":{"index":"index","follow":"follow","max-snippet":"max-snippet:-1","max-image-preview":"max-image-preview:large","max-video-preview":"max-video-preview:-1"},"canonical":"https:\/\/penosil.com\/lt\/produktai\/foam-cleaner-929-nesustingusiu-putu-valiklis\/","og_locale":"lt_LT","og_type":"article","og_title":"PENOSIL Foam Cleaner 929 nesustingusi\u0173 put\u0173 valiklis","og_description":"Pur\u0161kiamas nesustingusi\u0173 poliuretano put\u0173 valiklis, skirtas pa\u0161alinti nesustingusias putas nuo \u012franki\u0173, drabu\u017ei\u0173 ir pavir\u0161i\u0173. Daugiau!","og_url":"https:\/\/penosil.com\/lt\/produktai\/foam-cleaner-929-nesustingusiu-putu-valiklis\/","og_site_name":"Penosil Lithuania","article_modified_time":"2026-01-08T01:15:36+00:00","og_image":[{"width":523,"height":1080,"url":"https:\/\/penosil.com\/lt\/wp-content\/uploads\/sites\/13\/2025\/05\/929_Foam_Cleaner_929_LT_LV_RU.png","type":"image\/png"}],"twitter_card":"summary_large_image","schema":{"@context":"https:\/\/schema.org","@graph":[{"@type":"WebPage","@id":"https:\/\/penosil.com\/lt\/produktai\/foam-cleaner-929-nesustingusiu-putu-valiklis\/","url":"https:\/\/penosil.com\/lt\/produktai\/foam-cleaner-929-nesustingusiu-putu-valiklis\/","name":"PENOSIL Foam Cleaner 929 nesustingusi\u0173 put\u0173 valiklis","isPartOf":{"@id":"https:\/\/penosil.com\/lt\/#website"},"primaryImageOfPage":{"@id":"https:\/\/penosil.com\/lt\/produktai\/foam-cleaner-929-nesustingusiu-putu-valiklis\/#primaryimage"},"image":{"@id":"https:\/\/penosil.com\/lt\/produktai\/foam-cleaner-929-nesustingusiu-putu-valiklis\/#primaryimage"},"thumbnailUrl":"https:\/\/penosil.com\/lt\/wp-content\/uploads\/sites\/13\/2025\/05\/929_Foam_Cleaner_929_LT_LV_RU.png","datePublished":"2022-10-19T13:15:37+00:00","dateModified":"2026-01-08T01:15:36+00:00","description":"Pur\u0161kiamas nesustingusi\u0173 poliuretano put\u0173 valiklis, skirtas pa\u0161alinti nesustingusias putas nuo \u012franki\u0173, drabu\u017ei\u0173 ir pavir\u0161i\u0173. Daugiau!","breadcrumb":{"@id":"https:\/\/penosil.com\/lt\/produktai\/foam-cleaner-929-nesustingusiu-putu-valiklis\/#breadcrumb"},"inLanguage":"lt-LT","potentialAction":[{"@type":"ReadAction","target":["https:\/\/penosil.com\/lt\/produktai\/foam-cleaner-929-nesustingusiu-putu-valiklis\/"]}]},{"@type":"ImageObject","inLanguage":"lt-LT","@id":"https:\/\/penosil.com\/lt\/produktai\/foam-cleaner-929-nesustingusiu-putu-valiklis\/#primaryimage","url":"https:\/\/penosil.com\/lt\/wp-content\/uploads\/sites\/13\/2025\/05\/929_Foam_Cleaner_929_LT_LV_RU.png","contentUrl":"https:\/\/penosil.com\/lt\/wp-content\/uploads\/sites\/13\/2025\/05\/929_Foam_Cleaner_929_LT_LV_RU.png","width":523,"height":1080,"caption":"PENOSIL Foam Cleaner 929 nesustingusi\u0173 put\u0173 valiklis"},{"@type":"BreadcrumbList","@id":"https:\/\/penosil.com\/lt\/produktai\/foam-cleaner-929-nesustingusiu-putu-valiklis\/#breadcrumb","itemListElement":[{"@type":"ListItem","position":1,"name":"Home","item":"https:\/\/penosil.com\/lt\/"},{"@type":"ListItem","position":2,"name":"Produktai","item":"https:\/\/penosil.com\/lt\/produktai\/"},{"@type":"ListItem","position":3,"name":"Foam Cleaner 929"}]},{"@type":"WebSite","@id":"https:\/\/penosil.com\/lt\/#website","url":"https:\/\/penosil.com\/lt\/","name":"Penosil Lithuania","description":"","potentialAction":[{"@type":"SearchAction","target":{"@type":"EntryPoint","urlTemplate":"https:\/\/penosil.com\/lt\/?s={search_term_string}"},"query-input":{"@type":"PropertyValueSpecification","valueRequired":true,"valueName":"search_term_string"}}],"inLanguage":"lt-LT"}]}},"featured_img":"https:\/\/penosil.com\/lt\/wp-content\/uploads\/sites\/13\/2025\/05\/929_Foam_Cleaner_929_LT_LV_RU.png","coauthors":[],"author_meta":{"author_link":"https:\/\/penosil.com\/lt\/author\/asta\/","display_name":"Asta Salkauskiene"},"relative_dates":{"created":"Posted 3 metai ago","modified":"Updated 3 m\u0117nesiai ago"},"absolute_dates":{"created":"Posted on 2022 19 spalio","modified":"Updated on 2026 8 sausio"},"absolute_dates_time":{"created":"Posted on 2022 19 spalio 13:15","modified":"Updated on 2026 8 sausio 1:15"},"featured_img_caption":"","tax_additional":{"product_brand":{"linked":[],"unlinked":[],"slug":"product_brand","name":"Preki\u0173 \u017eenklai"},"product_type":{"linked":["<a href=\"https:\/\/penosil.com\/lt\/?taxonomy=product_type&#038;term=simple\" class=\"advgb-post-tax-term\">simple<\/a>"],"unlinked":["<span class=\"advgb-post-tax-term\">simple<\/span>"],"slug":"product_type","name":"Produkto tipas"},"product_visibility":{"linked":[],"unlinked":[],"slug":"product_visibility","name":"Produkto matomumas"},"product_cat":{"linked":["<a href=\"https:\/\/penosil.com\/lt\/produkto-kategorija\/naudojimo-sritys\/\" class=\"advgb-post-tax-term\">Naudojimo sritys<\/a>","<a href=\"https:\/\/penosil.com\/lt\/produkto-kategorija\/produktu-grupes\/statybines-putos\/\" class=\"advgb-post-tax-term\">Statybin\u0117s putos<\/a>","<a href=\"https:\/\/penosil.com\/lt\/produkto-kategorija\/produktu-grupes\/\" class=\"advgb-post-tax-term\">Produkt\u0173 grup\u0117s<\/a>","<a href=\"https:\/\/penosil.com\/lt\/produkto-kategorija\/produktu-grupes\/irankiai-ir-valikliai\/valikliai-2\/\" class=\"advgb-post-tax-term\">Valikliai<\/a>","<a href=\"https:\/\/penosil.com\/lt\/produkto-kategorija\/produktu-grupes\/statybines-putos\/pistoletai-putoms-ir-valikliai\/\" class=\"advgb-post-tax-term\">Pistoletai putoms ir valikliai<\/a>","<a href=\"https:\/\/penosil.com\/lt\/produkto-kategorija\/produktu-grupes\/irankiai-ir-valikliai\/\" class=\"advgb-post-tax-term\">\u012erankiai ir valikliai<\/a>","<a href=\"https:\/\/penosil.com\/lt\/produkto-kategorija\/naudojimo-sritys\/valymas\/\" class=\"advgb-post-tax-term\">Valymas<\/a>"],"unlinked":["<span class=\"advgb-post-tax-term\">Naudojimo sritys<\/span>","<span class=\"advgb-post-tax-term\">Statybin\u0117s putos<\/span>","<span class=\"advgb-post-tax-term\">Produkt\u0173 grup\u0117s<\/span>","<span class=\"advgb-post-tax-term\">Valikliai<\/span>","<span class=\"advgb-post-tax-term\">Pistoletai putoms ir valikliai<\/span>","<span class=\"advgb-post-tax-term\">\u012erankiai ir valikliai<\/span>","<span class=\"advgb-post-tax-term\">Valymas<\/span>"],"slug":"product_cat","name":"Produkto kategorijos"},"product_tag":{"linked":[],"unlinked":[],"slug":"product_tag","name":"Produkto \u017eyma"},"product_shipping_class":{"linked":[],"unlinked":[],"slug":"product_shipping_class","name":"Produkto pristatymo klas\u0117s"},"pos_product_visibility":{"linked":[],"unlinked":[],"slug":"pos_product_visibility","name":"POS Product visibility"},"pa_color":{"linked":["<a href=\"https:\/\/penosil.com\/lt\/en\/?taxonomy=pa_color&#038;term=bespalve\" class=\"advgb-post-tax-term\">Bespalv\u0117<\/a>"],"unlinked":["<span class=\"advgb-post-tax-term\">Bespalv\u0117<\/span>"],"slug":"pa_color","name":"Product Color"},"pa_package":{"linked":["<a href=\"https:\/\/penosil.com\/lt\/?taxonomy=pa_package&#038;term=500-ml\" class=\"advgb-post-tax-term\">500 ml<\/a>"],"unlinked":["<span class=\"advgb-post-tax-term\">500 ml<\/span>"],"slug":"pa_package","name":"Product Package"},"pa_plotis":{"linked":[],"unlinked":[],"slug":"pa_plotis","name":"Product Plotis"},"pa_skersmuo":{"linked":[],"unlinked":[],"slug":"pa_skersmuo","name":"Product Skersmuo"},"translation_priority":{"linked":["<a href=\"https:\/\/penosil.com\/lt\/?taxonomy=translation_priority&#038;term=optional-lt\" class=\"advgb-post-tax-term\">Optional<\/a>"],"unlinked":["<span class=\"advgb-post-tax-term\">Optional<\/span>"],"slug":"translation_priority","name":"Translation Priorities"}},"series_order":"","_links":{"self":[{"href":"https:\/\/penosil.com\/lt\/wp-json\/wp\/v2\/product\/11623","targetHints":{"allow":["GET"]}}],"collection":[{"href":"https:\/\/penosil.com\/lt\/wp-json\/wp\/v2\/product"}],"about":[{"href":"https:\/\/penosil.com\/lt\/wp-json\/wp\/v2\/types\/product"}],"version-history":[{"count":8,"href":"https:\/\/penosil.com\/lt\/wp-json\/wp\/v2\/product\/11623\/revisions"}],"predecessor-version":[{"id":15140,"href":"https:\/\/penosil.com\/lt\/wp-json\/wp\/v2\/product\/11623\/revisions\/15140"}],"wp:featuredmedia":[{"embeddable":true,"href":"https:\/\/penosil.com\/lt\/wp-json\/wp\/v2\/media\/15129"}],"wp:attachment":[{"href":"https:\/\/penosil.com\/lt\/wp-json\/wp\/v2\/media?parent=11623"}],"wp:term":[{"taxonomy":"product_brand","embeddable":true,"href":"https:\/\/penosil.com\/lt\/wp-json\/wp\/v2\/product_brand?post=11623"},{"taxonomy":"product_cat","embeddable":true,"href":"https:\/\/penosil.com\/lt\/wp-json\/wp\/v2\/product_cat?post=11623"},{"taxonomy":"product_tag","embeddable":true,"href":"https:\/\/penosil.com\/lt\/wp-json\/wp\/v2\/product_tag?post=11623"}],"curies":[{"name":"wp","href":"https:\/\/api.w.org\/{rel}","templated":true}]}}