{"id":11632,"date":"2022-10-20T12:47:42","date_gmt":"2022-10-20T12:47:42","guid":{"rendered":"https:\/\/penosil.com\/lt\/?post_type=product&#038;p=11632"},"modified":"2026-01-08T01:15:36","modified_gmt":"2026-01-08T01:15:36","slug":"fire-rated-foam-b1-296-ugniai-atsparios-siaudelines-putos","status":"publish","type":"product","link":"https:\/\/penosil.com\/lt\/produktai\/fire-rated-foam-b1-296-ugniai-atsparios-siaudelines-putos\/","title":{"rendered":"Fire Rated Foam B1 296"},"content":{"rendered":"<p>Poliuretano ugniai atsparios \u0161iaudelin\u0117s putos, skirtos ugniai atsparioms durims ir langams sandarinti, ugniai atspari\u0173 sien\u0173 si\u016bl\u0117ms sandarinti ir kitiems sandarinimo darbams vietose, kuriose keliami didesni reikalavimai d\u0117l statybini\u0173 med\u017eiag\u0173 reakcijos \u012f ugn\u012f. Atsparumas ugniai \u012fvertintas pagal EN 13501-2, o reakcija \u012f ugn\u012f \u2013 pagal standart\u0105 DIN 4102-1.<\/p>\n","protected":false},"excerpt":{"rendered":"ugniai atsparios \u0161iaudelin\u0117s putos","protected":false},"author":5,"featured_media":15399,"template":"","meta":{"_acf_changed":false,"advgb_blocks_editor_width":"","advgb_blocks_columns_visual_guide":"","footnotes":""},"product_brand":[],"product_cat":[1506,210,1563,1368,656],"product_tag":[],"class_list":{"0":"post-11632","1":"product","2":"type-product","3":"status-publish","4":"has-post-thumbnail","6":"product_cat-statybines-putos","7":"product_cat-naudojimo-sritys","8":"product_cat-siaudelines-putos","9":"product_cat-produktu-grupes","10":"product_cat-atsparumas-ugniai","12":"first","13":"instock","14":"taxable","15":"shipping-taxable","16":"purchasable","17":"product-type-simple"},"acf":[],"yoast_head":"<!-- This site is optimized with the Yoast SEO plugin v27.2 - https:\/\/yoast.com\/product\/yoast-seo-wordpress\/ -->\n<title>PENOSIL Fire Rated Foam B1 296 ugniai atsparios putos<\/title>\n<meta name=\"description\" content=\"Ugniai atsparios \u0161iaudelin\u0117s putos, skirtos ugniai atsparioms durims ir langams, sien\u0173 si\u016bl\u0117ms sandarinti, kurkeliami prie\u0161gaisriniai reikalavimai. Daugiau!\" \/>\n<meta name=\"robots\" content=\"index, follow, max-snippet:-1, max-image-preview:large, max-video-preview:-1\" \/>\n<link rel=\"canonical\" href=\"https:\/\/penosil.com\/lt\/produktai\/fire-rated-foam-b1-296-ugniai-atsparios-siaudelines-putos\/\" \/>\n<meta property=\"og:locale\" content=\"lt_LT\" \/>\n<meta property=\"og:type\" content=\"article\" \/>\n<meta property=\"og:title\" content=\"PENOSIL Fire Rated Foam B1 296 ugniai atsparios putos\" \/>\n<meta property=\"og:description\" content=\"Ugniai atsparios \u0161iaudelin\u0117s putos, skirtos ugniai atsparioms durims ir langams, sien\u0173 si\u016bl\u0117ms sandarinti, kurkeliami prie\u0161gaisriniai reikalavimai. Daugiau!\" \/>\n<meta property=\"og:url\" content=\"https:\/\/penosil.com\/lt\/produktai\/fire-rated-foam-b1-296-ugniai-atsparios-siaudelines-putos\/\" \/>\n<meta property=\"og:site_name\" content=\"Penosil Lithuania\" \/>\n<meta property=\"article:modified_time\" content=\"2026-01-08T01:15:36+00:00\" \/>\n<meta property=\"og:image\" content=\"https:\/\/penosil.com\/lt\/wp-content\/uploads\/sites\/13\/2025\/07\/296_Fire_Rated_Foam_B1_296_LT_LV_RU.png\" \/>\n\t<meta property=\"og:image:width\" content=\"523\" \/>\n\t<meta property=\"og:image:height\" content=\"1080\" \/>\n\t<meta property=\"og:image:type\" content=\"image\/png\" \/>\n<meta name=\"twitter:card\" content=\"summary_large_image\" \/>\n<script type=\"application\/ld+json\" class=\"yoast-schema-graph\">{\"@context\":\"https:\/\/schema.org\",\"@graph\":[{\"@type\":\"WebPage\",\"@id\":\"https:\/\/penosil.com\/lt\/produktai\/fire-rated-foam-b1-296-ugniai-atsparios-siaudelines-putos\/\",\"url\":\"https:\/\/penosil.com\/lt\/produktai\/fire-rated-foam-b1-296-ugniai-atsparios-siaudelines-putos\/\",\"name\":\"PENOSIL Fire Rated Foam B1 296 ugniai atsparios putos\",\"isPartOf\":{\"@id\":\"https:\/\/penosil.com\/lt\/#website\"},\"primaryImageOfPage\":{\"@id\":\"https:\/\/penosil.com\/lt\/produktai\/fire-rated-foam-b1-296-ugniai-atsparios-siaudelines-putos\/#primaryimage\"},\"image\":{\"@id\":\"https:\/\/penosil.com\/lt\/produktai\/fire-rated-foam-b1-296-ugniai-atsparios-siaudelines-putos\/#primaryimage\"},\"thumbnailUrl\":\"https:\/\/penosil.com\/lt\/wp-content\/uploads\/sites\/13\/2025\/07\/296_Fire_Rated_Foam_B1_296_LT_LV_RU.png\",\"datePublished\":\"2022-10-20T12:47:42+00:00\",\"dateModified\":\"2026-01-08T01:15:36+00:00\",\"description\":\"Ugniai atsparios \u0161iaudelin\u0117s putos, skirtos ugniai atsparioms durims ir langams, sien\u0173 si\u016bl\u0117ms sandarinti, kurkeliami prie\u0161gaisriniai reikalavimai. Daugiau!\",\"breadcrumb\":{\"@id\":\"https:\/\/penosil.com\/lt\/produktai\/fire-rated-foam-b1-296-ugniai-atsparios-siaudelines-putos\/#breadcrumb\"},\"inLanguage\":\"lt-LT\",\"potentialAction\":[{\"@type\":\"ReadAction\",\"target\":[\"https:\/\/penosil.com\/lt\/produktai\/fire-rated-foam-b1-296-ugniai-atsparios-siaudelines-putos\/\"]}]},{\"@type\":\"ImageObject\",\"inLanguage\":\"lt-LT\",\"@id\":\"https:\/\/penosil.com\/lt\/produktai\/fire-rated-foam-b1-296-ugniai-atsparios-siaudelines-putos\/#primaryimage\",\"url\":\"https:\/\/penosil.com\/lt\/wp-content\/uploads\/sites\/13\/2025\/07\/296_Fire_Rated_Foam_B1_296_LT_LV_RU.png\",\"contentUrl\":\"https:\/\/penosil.com\/lt\/wp-content\/uploads\/sites\/13\/2025\/07\/296_Fire_Rated_Foam_B1_296_LT_LV_RU.png\",\"width\":523,\"height\":1080,\"caption\":\"PENOSIL Fire Rated Foam B1 296 ugniai atsparios \u0161iaudelin\u0117s putos\"},{\"@type\":\"BreadcrumbList\",\"@id\":\"https:\/\/penosil.com\/lt\/produktai\/fire-rated-foam-b1-296-ugniai-atsparios-siaudelines-putos\/#breadcrumb\",\"itemListElement\":[{\"@type\":\"ListItem\",\"position\":1,\"name\":\"Home\",\"item\":\"https:\/\/penosil.com\/lt\/\"},{\"@type\":\"ListItem\",\"position\":2,\"name\":\"Produktai\",\"item\":\"https:\/\/penosil.com\/lt\/produktai\/\"},{\"@type\":\"ListItem\",\"position\":3,\"name\":\"Fire Rated Foam B1 296\"}]},{\"@type\":\"WebSite\",\"@id\":\"https:\/\/penosil.com\/lt\/#website\",\"url\":\"https:\/\/penosil.com\/lt\/\",\"name\":\"Penosil Lithuania\",\"description\":\"\",\"potentialAction\":[{\"@type\":\"SearchAction\",\"target\":{\"@type\":\"EntryPoint\",\"urlTemplate\":\"https:\/\/penosil.com\/lt\/?s={search_term_string}\"},\"query-input\":{\"@type\":\"PropertyValueSpecification\",\"valueRequired\":true,\"valueName\":\"search_term_string\"}}],\"inLanguage\":\"lt-LT\"}]}<\/script>\n<!-- \/ Yoast SEO plugin. -->","yoast_head_json":{"title":"PENOSIL Fire Rated Foam B1 296 ugniai atsparios putos","description":"Ugniai atsparios \u0161iaudelin\u0117s putos, skirtos ugniai atsparioms durims ir langams, sien\u0173 si\u016bl\u0117ms sandarinti, kurkeliami prie\u0161gaisriniai reikalavimai. Daugiau!","robots":{"index":"index","follow":"follow","max-snippet":"max-snippet:-1","max-image-preview":"max-image-preview:large","max-video-preview":"max-video-preview:-1"},"canonical":"https:\/\/penosil.com\/lt\/produktai\/fire-rated-foam-b1-296-ugniai-atsparios-siaudelines-putos\/","og_locale":"lt_LT","og_type":"article","og_title":"PENOSIL Fire Rated Foam B1 296 ugniai atsparios putos","og_description":"Ugniai atsparios \u0161iaudelin\u0117s putos, skirtos ugniai atsparioms durims ir langams, sien\u0173 si\u016bl\u0117ms sandarinti, kurkeliami prie\u0161gaisriniai reikalavimai. Daugiau!","og_url":"https:\/\/penosil.com\/lt\/produktai\/fire-rated-foam-b1-296-ugniai-atsparios-siaudelines-putos\/","og_site_name":"Penosil Lithuania","article_modified_time":"2026-01-08T01:15:36+00:00","og_image":[{"width":523,"height":1080,"url":"https:\/\/penosil.com\/lt\/wp-content\/uploads\/sites\/13\/2025\/07\/296_Fire_Rated_Foam_B1_296_LT_LV_RU.png","type":"image\/png"}],"twitter_card":"summary_large_image","schema":{"@context":"https:\/\/schema.org","@graph":[{"@type":"WebPage","@id":"https:\/\/penosil.com\/lt\/produktai\/fire-rated-foam-b1-296-ugniai-atsparios-siaudelines-putos\/","url":"https:\/\/penosil.com\/lt\/produktai\/fire-rated-foam-b1-296-ugniai-atsparios-siaudelines-putos\/","name":"PENOSIL Fire Rated Foam B1 296 ugniai atsparios putos","isPartOf":{"@id":"https:\/\/penosil.com\/lt\/#website"},"primaryImageOfPage":{"@id":"https:\/\/penosil.com\/lt\/produktai\/fire-rated-foam-b1-296-ugniai-atsparios-siaudelines-putos\/#primaryimage"},"image":{"@id":"https:\/\/penosil.com\/lt\/produktai\/fire-rated-foam-b1-296-ugniai-atsparios-siaudelines-putos\/#primaryimage"},"thumbnailUrl":"https:\/\/penosil.com\/lt\/wp-content\/uploads\/sites\/13\/2025\/07\/296_Fire_Rated_Foam_B1_296_LT_LV_RU.png","datePublished":"2022-10-20T12:47:42+00:00","dateModified":"2026-01-08T01:15:36+00:00","description":"Ugniai atsparios \u0161iaudelin\u0117s putos, skirtos ugniai atsparioms durims ir langams, sien\u0173 si\u016bl\u0117ms sandarinti, kurkeliami prie\u0161gaisriniai reikalavimai. Daugiau!","breadcrumb":{"@id":"https:\/\/penosil.com\/lt\/produktai\/fire-rated-foam-b1-296-ugniai-atsparios-siaudelines-putos\/#breadcrumb"},"inLanguage":"lt-LT","potentialAction":[{"@type":"ReadAction","target":["https:\/\/penosil.com\/lt\/produktai\/fire-rated-foam-b1-296-ugniai-atsparios-siaudelines-putos\/"]}]},{"@type":"ImageObject","inLanguage":"lt-LT","@id":"https:\/\/penosil.com\/lt\/produktai\/fire-rated-foam-b1-296-ugniai-atsparios-siaudelines-putos\/#primaryimage","url":"https:\/\/penosil.com\/lt\/wp-content\/uploads\/sites\/13\/2025\/07\/296_Fire_Rated_Foam_B1_296_LT_LV_RU.png","contentUrl":"https:\/\/penosil.com\/lt\/wp-content\/uploads\/sites\/13\/2025\/07\/296_Fire_Rated_Foam_B1_296_LT_LV_RU.png","width":523,"height":1080,"caption":"PENOSIL Fire Rated Foam B1 296 ugniai atsparios \u0161iaudelin\u0117s putos"},{"@type":"BreadcrumbList","@id":"https:\/\/penosil.com\/lt\/produktai\/fire-rated-foam-b1-296-ugniai-atsparios-siaudelines-putos\/#breadcrumb","itemListElement":[{"@type":"ListItem","position":1,"name":"Home","item":"https:\/\/penosil.com\/lt\/"},{"@type":"ListItem","position":2,"name":"Produktai","item":"https:\/\/penosil.com\/lt\/produktai\/"},{"@type":"ListItem","position":3,"name":"Fire Rated Foam B1 296"}]},{"@type":"WebSite","@id":"https:\/\/penosil.com\/lt\/#website","url":"https:\/\/penosil.com\/lt\/","name":"Penosil Lithuania","description":"","potentialAction":[{"@type":"SearchAction","target":{"@type":"EntryPoint","urlTemplate":"https:\/\/penosil.com\/lt\/?s={search_term_string}"},"query-input":{"@type":"PropertyValueSpecification","valueRequired":true,"valueName":"search_term_string"}}],"inLanguage":"lt-LT"}]}},"featured_img":"https:\/\/penosil.com\/lt\/wp-content\/uploads\/sites\/13\/2025\/07\/296_Fire_Rated_Foam_B1_296_LT_LV_RU.png","coauthors":[],"author_meta":{"author_link":"https:\/\/penosil.com\/lt\/author\/asta\/","display_name":"Asta Salkauskiene"},"relative_dates":{"created":"Posted 3 metai ago","modified":"Updated 3 m\u0117nesiai ago"},"absolute_dates":{"created":"Posted on 2022 20 spalio","modified":"Updated on 2026 8 sausio"},"absolute_dates_time":{"created":"Posted on 2022 20 spalio 12:47","modified":"Updated on 2026 8 sausio 1:15"},"featured_img_caption":"","tax_additional":{"product_brand":{"linked":[],"unlinked":[],"slug":"product_brand","name":"Preki\u0173 \u017eenklai"},"product_type":{"linked":["<a href=\"https:\/\/penosil.com\/lt\/?taxonomy=product_type&#038;term=simple\" class=\"advgb-post-tax-term\">simple<\/a>"],"unlinked":["<span class=\"advgb-post-tax-term\">simple<\/span>"],"slug":"product_type","name":"Produkto tipas"},"product_visibility":{"linked":[],"unlinked":[],"slug":"product_visibility","name":"Produkto matomumas"},"product_cat":{"linked":["<a href=\"https:\/\/penosil.com\/lt\/produkto-kategorija\/produktu-grupes\/statybines-putos\/\" class=\"advgb-post-tax-term\">Statybin\u0117s putos<\/a>","<a href=\"https:\/\/penosil.com\/lt\/produkto-kategorija\/naudojimo-sritys\/\" class=\"advgb-post-tax-term\">Naudojimo sritys<\/a>","<a href=\"https:\/\/penosil.com\/lt\/produkto-kategorija\/produktu-grupes\/statybines-putos\/siaudelines-putos\/\" class=\"advgb-post-tax-term\">\u0160iaudelin\u0117s putos<\/a>","<a href=\"https:\/\/penosil.com\/lt\/produkto-kategorija\/produktu-grupes\/\" class=\"advgb-post-tax-term\">Produkt\u0173 grup\u0117s<\/a>","<a href=\"https:\/\/penosil.com\/lt\/produkto-kategorija\/naudojimo-sritys\/atsparumas-ugniai\/\" class=\"advgb-post-tax-term\">Atsparumas ugniai \/ auk\u0161tai temperat\u016brai<\/a>"],"unlinked":["<span class=\"advgb-post-tax-term\">Statybin\u0117s putos<\/span>","<span class=\"advgb-post-tax-term\">Naudojimo sritys<\/span>","<span class=\"advgb-post-tax-term\">\u0160iaudelin\u0117s putos<\/span>","<span class=\"advgb-post-tax-term\">Produkt\u0173 grup\u0117s<\/span>","<span class=\"advgb-post-tax-term\">Atsparumas ugniai \/ auk\u0161tai temperat\u016brai<\/span>"],"slug":"product_cat","name":"Produkto kategorijos"},"product_tag":{"linked":[],"unlinked":[],"slug":"product_tag","name":"Produkto \u017eyma"},"product_shipping_class":{"linked":[],"unlinked":[],"slug":"product_shipping_class","name":"Produkto pristatymo klas\u0117s"},"pos_product_visibility":{"linked":[],"unlinked":[],"slug":"pos_product_visibility","name":"POS Product visibility"},"pa_color":{"linked":["<a href=\"https:\/\/penosil.com\/lt\/?taxonomy=pa_color&#038;term=rozine\" class=\"advgb-post-tax-term\">Ro\u017ein\u0117<\/a>"],"unlinked":["<span class=\"advgb-post-tax-term\">Ro\u017ein\u0117<\/span>"],"slug":"pa_color","name":"Product Color"},"pa_package":{"linked":["<a href=\"https:\/\/penosil.com\/lt\/?taxonomy=pa_package&#038;term=760-ml\" class=\"advgb-post-tax-term\">760 ml<\/a>"],"unlinked":["<span class=\"advgb-post-tax-term\">760 ml<\/span>"],"slug":"pa_package","name":"Product Package"},"pa_plotis":{"linked":[],"unlinked":[],"slug":"pa_plotis","name":"Product Plotis"},"pa_skersmuo":{"linked":[],"unlinked":[],"slug":"pa_skersmuo","name":"Product Skersmuo"},"translation_priority":{"linked":["<a href=\"https:\/\/penosil.com\/lt\/?taxonomy=translation_priority&#038;term=optional-lt\" class=\"advgb-post-tax-term\">Optional<\/a>"],"unlinked":["<span class=\"advgb-post-tax-term\">Optional<\/span>"],"slug":"translation_priority","name":"Translation Priorities"}},"series_order":"","_links":{"self":[{"href":"https:\/\/penosil.com\/lt\/wp-json\/wp\/v2\/product\/11632","targetHints":{"allow":["GET"]}}],"collection":[{"href":"https:\/\/penosil.com\/lt\/wp-json\/wp\/v2\/product"}],"about":[{"href":"https:\/\/penosil.com\/lt\/wp-json\/wp\/v2\/types\/product"}],"version-history":[{"count":9,"href":"https:\/\/penosil.com\/lt\/wp-json\/wp\/v2\/product\/11632\/revisions"}],"predecessor-version":[{"id":15552,"href":"https:\/\/penosil.com\/lt\/wp-json\/wp\/v2\/product\/11632\/revisions\/15552"}],"wp:featuredmedia":[{"embeddable":true,"href":"https:\/\/penosil.com\/lt\/wp-json\/wp\/v2\/media\/15399"}],"wp:attachment":[{"href":"https:\/\/penosil.com\/lt\/wp-json\/wp\/v2\/media?parent=11632"}],"wp:term":[{"taxonomy":"product_brand","embeddable":true,"href":"https:\/\/penosil.com\/lt\/wp-json\/wp\/v2\/product_brand?post=11632"},{"taxonomy":"product_cat","embeddable":true,"href":"https:\/\/penosil.com\/lt\/wp-json\/wp\/v2\/product_cat?post=11632"},{"taxonomy":"product_tag","embeddable":true,"href":"https:\/\/penosil.com\/lt\/wp-json\/wp\/v2\/product_tag?post=11632"}],"curies":[{"name":"wp","href":"https:\/\/api.w.org\/{rel}","templated":true}]}}