{"id":11739,"date":"2023-01-03T14:46:49","date_gmt":"2023-01-03T14:46:49","guid":{"rendered":"https:\/\/penosil.com\/lt\/?post_type=product&#038;p=11739"},"modified":"2026-01-17T01:10:21","modified_gmt":"2026-01-17T01:10:21","slug":"acrylic-sealant-636-dazomas-akrilinis-hermetikas","status":"publish","type":"product","link":"https:\/\/penosil.com\/lt\/produktai\/acrylic-sealant-636-dazomas-akrilinis-hermetikas\/","title":{"rendered":"Acrylic Sealant 636"},"content":{"rendered":"<p>Itin smulkios tekst\u016bros, vandens pagrindo, da\u017eomas akrilinis hermetikas, skirtas u\u017epildyti tarpus ir si\u016bles prie\u0161 da\u017eant. Sudaro ilgalaik\u0119 UV spinduliams ir pel\u0117siui atspari\u0105, elasting\u0105 jungt\u012f su da\u017eniausiai naudojamimis statybin\u0117mis med\u017eiagomis, tokiomis kaip betonas, gipso kartonas ir mediena. U\u017etikrina lyg\u0173 ir nepriekai\u0161ting\u0105 pavir\u0161i\u0173.<\/p>\n","protected":false},"excerpt":{"rendered":"da\u017eomas akrilinis hermetikas","protected":false},"author":5,"featured_media":15888,"template":"","meta":{"_acf_changed":false,"advgb_blocks_editor_width":"","advgb_blocks_columns_visual_guide":"","footnotes":""},"product_brand":[],"product_cat":[210,1608,1368,1626,581],"product_tag":[],"class_list":{"0":"post-11739","1":"product","2":"type-product","3":"status-publish","4":"has-post-thumbnail","6":"product_cat-naudojimo-sritys","7":"product_cat-hermetikai-ir-mastikos","8":"product_cat-produktu-grupes","9":"product_cat-akriliniai-hermetikai","10":"product_cat-apdaila","12":"first","13":"instock","14":"taxable","15":"shipping-taxable","16":"purchasable","17":"product-type-variable"},"acf":[],"yoast_head":"<!-- This site is optimized with the Yoast SEO plugin v27.2 - https:\/\/yoast.com\/product\/yoast-seo-wordpress\/ -->\n<title>PENOSIL Acrylic Sealant 636 da\u017eomas akrilinis hermetikas<\/title>\n<meta name=\"description\" content=\"Ry\u0161kiai baltas akrilinis da\u017eomas hermetikas, skirtas u\u017epildyti tarpus ir si\u016bles prie\u0161 da\u017eym\u0105. I\u0161lieka visada elastingas. Su\u017einoti daugiau!\" \/>\n<meta name=\"robots\" content=\"index, follow, max-snippet:-1, max-image-preview:large, max-video-preview:-1\" \/>\n<link rel=\"canonical\" href=\"https:\/\/penosil.com\/lt\/produktai\/acrylic-sealant-636-dazomas-akrilinis-hermetikas\/\" \/>\n<meta property=\"og:locale\" content=\"lt_LT\" \/>\n<meta property=\"og:type\" content=\"article\" \/>\n<meta property=\"og:title\" content=\"PENOSIL Acrylic Sealant 636 da\u017eomas akrilinis hermetikas\" \/>\n<meta property=\"og:description\" content=\"Ry\u0161kiai baltas akrilinis da\u017eomas hermetikas, skirtas u\u017epildyti tarpus ir si\u016bles prie\u0161 da\u017eym\u0105. I\u0161lieka visada elastingas. Su\u017einoti daugiau!\" \/>\n<meta property=\"og:url\" content=\"https:\/\/penosil.com\/lt\/produktai\/acrylic-sealant-636-dazomas-akrilinis-hermetikas\/\" \/>\n<meta property=\"og:site_name\" content=\"Penosil Lithuania\" \/>\n<meta property=\"article:modified_time\" content=\"2026-01-17T01:10:21+00:00\" \/>\n<meta property=\"og:image\" content=\"https:\/\/penosil.com\/lt\/wp-content\/uploads\/sites\/13\/2025\/08\/636_Acrylic_Sealant_636_white_LT_LV_RU.png\" \/>\n\t<meta property=\"og:image:width\" content=\"387\" \/>\n\t<meta property=\"og:image:height\" content=\"1080\" \/>\n\t<meta property=\"og:image:type\" content=\"image\/png\" \/>\n<meta name=\"twitter:card\" content=\"summary_large_image\" \/>\n<script type=\"application\/ld+json\" class=\"yoast-schema-graph\">{\"@context\":\"https:\/\/schema.org\",\"@graph\":[{\"@type\":\"WebPage\",\"@id\":\"https:\/\/penosil.com\/lt\/produktai\/acrylic-sealant-636-dazomas-akrilinis-hermetikas\/\",\"url\":\"https:\/\/penosil.com\/lt\/produktai\/acrylic-sealant-636-dazomas-akrilinis-hermetikas\/\",\"name\":\"PENOSIL Acrylic Sealant 636 da\u017eomas akrilinis hermetikas\",\"isPartOf\":{\"@id\":\"https:\/\/penosil.com\/lt\/#website\"},\"primaryImageOfPage\":{\"@id\":\"https:\/\/penosil.com\/lt\/produktai\/acrylic-sealant-636-dazomas-akrilinis-hermetikas\/#primaryimage\"},\"image\":{\"@id\":\"https:\/\/penosil.com\/lt\/produktai\/acrylic-sealant-636-dazomas-akrilinis-hermetikas\/#primaryimage\"},\"thumbnailUrl\":\"https:\/\/penosil.com\/lt\/wp-content\/uploads\/sites\/13\/2025\/08\/636_Acrylic_Sealant_636_white_LT_LV_RU.png\",\"datePublished\":\"2023-01-03T14:46:49+00:00\",\"dateModified\":\"2026-01-17T01:10:21+00:00\",\"description\":\"Ry\u0161kiai baltas akrilinis da\u017eomas hermetikas, skirtas u\u017epildyti tarpus ir si\u016bles prie\u0161 da\u017eym\u0105. I\u0161lieka visada elastingas. Su\u017einoti daugiau!\",\"breadcrumb\":{\"@id\":\"https:\/\/penosil.com\/lt\/produktai\/acrylic-sealant-636-dazomas-akrilinis-hermetikas\/#breadcrumb\"},\"inLanguage\":\"lt-LT\",\"potentialAction\":[{\"@type\":\"ReadAction\",\"target\":[\"https:\/\/penosil.com\/lt\/produktai\/acrylic-sealant-636-dazomas-akrilinis-hermetikas\/\"]}]},{\"@type\":\"ImageObject\",\"inLanguage\":\"lt-LT\",\"@id\":\"https:\/\/penosil.com\/lt\/produktai\/acrylic-sealant-636-dazomas-akrilinis-hermetikas\/#primaryimage\",\"url\":\"https:\/\/penosil.com\/lt\/wp-content\/uploads\/sites\/13\/2025\/08\/636_Acrylic_Sealant_636_white_LT_LV_RU.png\",\"contentUrl\":\"https:\/\/penosil.com\/lt\/wp-content\/uploads\/sites\/13\/2025\/08\/636_Acrylic_Sealant_636_white_LT_LV_RU.png\",\"width\":387,\"height\":1080,\"caption\":\"PENOSIL Acrylic Sealant 636 da\u017eomas akrilinis hermetikas baltas\"},{\"@type\":\"BreadcrumbList\",\"@id\":\"https:\/\/penosil.com\/lt\/produktai\/acrylic-sealant-636-dazomas-akrilinis-hermetikas\/#breadcrumb\",\"itemListElement\":[{\"@type\":\"ListItem\",\"position\":1,\"name\":\"Home\",\"item\":\"https:\/\/penosil.com\/lt\/\"},{\"@type\":\"ListItem\",\"position\":2,\"name\":\"Produktai\",\"item\":\"https:\/\/penosil.com\/lt\/produktai\/\"},{\"@type\":\"ListItem\",\"position\":3,\"name\":\"Acrylic Sealant 636\"}]},{\"@type\":\"WebSite\",\"@id\":\"https:\/\/penosil.com\/lt\/#website\",\"url\":\"https:\/\/penosil.com\/lt\/\",\"name\":\"Penosil Lithuania\",\"description\":\"\",\"potentialAction\":[{\"@type\":\"SearchAction\",\"target\":{\"@type\":\"EntryPoint\",\"urlTemplate\":\"https:\/\/penosil.com\/lt\/?s={search_term_string}\"},\"query-input\":{\"@type\":\"PropertyValueSpecification\",\"valueRequired\":true,\"valueName\":\"search_term_string\"}}],\"inLanguage\":\"lt-LT\"}]}<\/script>\n<!-- \/ Yoast SEO plugin. -->","yoast_head_json":{"title":"PENOSIL Acrylic Sealant 636 da\u017eomas akrilinis hermetikas","description":"Ry\u0161kiai baltas akrilinis da\u017eomas hermetikas, skirtas u\u017epildyti tarpus ir si\u016bles prie\u0161 da\u017eym\u0105. I\u0161lieka visada elastingas. Su\u017einoti daugiau!","robots":{"index":"index","follow":"follow","max-snippet":"max-snippet:-1","max-image-preview":"max-image-preview:large","max-video-preview":"max-video-preview:-1"},"canonical":"https:\/\/penosil.com\/lt\/produktai\/acrylic-sealant-636-dazomas-akrilinis-hermetikas\/","og_locale":"lt_LT","og_type":"article","og_title":"PENOSIL Acrylic Sealant 636 da\u017eomas akrilinis hermetikas","og_description":"Ry\u0161kiai baltas akrilinis da\u017eomas hermetikas, skirtas u\u017epildyti tarpus ir si\u016bles prie\u0161 da\u017eym\u0105. I\u0161lieka visada elastingas. Su\u017einoti daugiau!","og_url":"https:\/\/penosil.com\/lt\/produktai\/acrylic-sealant-636-dazomas-akrilinis-hermetikas\/","og_site_name":"Penosil Lithuania","article_modified_time":"2026-01-17T01:10:21+00:00","og_image":[{"width":387,"height":1080,"url":"https:\/\/penosil.com\/lt\/wp-content\/uploads\/sites\/13\/2025\/08\/636_Acrylic_Sealant_636_white_LT_LV_RU.png","type":"image\/png"}],"twitter_card":"summary_large_image","schema":{"@context":"https:\/\/schema.org","@graph":[{"@type":"WebPage","@id":"https:\/\/penosil.com\/lt\/produktai\/acrylic-sealant-636-dazomas-akrilinis-hermetikas\/","url":"https:\/\/penosil.com\/lt\/produktai\/acrylic-sealant-636-dazomas-akrilinis-hermetikas\/","name":"PENOSIL Acrylic Sealant 636 da\u017eomas akrilinis hermetikas","isPartOf":{"@id":"https:\/\/penosil.com\/lt\/#website"},"primaryImageOfPage":{"@id":"https:\/\/penosil.com\/lt\/produktai\/acrylic-sealant-636-dazomas-akrilinis-hermetikas\/#primaryimage"},"image":{"@id":"https:\/\/penosil.com\/lt\/produktai\/acrylic-sealant-636-dazomas-akrilinis-hermetikas\/#primaryimage"},"thumbnailUrl":"https:\/\/penosil.com\/lt\/wp-content\/uploads\/sites\/13\/2025\/08\/636_Acrylic_Sealant_636_white_LT_LV_RU.png","datePublished":"2023-01-03T14:46:49+00:00","dateModified":"2026-01-17T01:10:21+00:00","description":"Ry\u0161kiai baltas akrilinis da\u017eomas hermetikas, skirtas u\u017epildyti tarpus ir si\u016bles prie\u0161 da\u017eym\u0105. I\u0161lieka visada elastingas. Su\u017einoti daugiau!","breadcrumb":{"@id":"https:\/\/penosil.com\/lt\/produktai\/acrylic-sealant-636-dazomas-akrilinis-hermetikas\/#breadcrumb"},"inLanguage":"lt-LT","potentialAction":[{"@type":"ReadAction","target":["https:\/\/penosil.com\/lt\/produktai\/acrylic-sealant-636-dazomas-akrilinis-hermetikas\/"]}]},{"@type":"ImageObject","inLanguage":"lt-LT","@id":"https:\/\/penosil.com\/lt\/produktai\/acrylic-sealant-636-dazomas-akrilinis-hermetikas\/#primaryimage","url":"https:\/\/penosil.com\/lt\/wp-content\/uploads\/sites\/13\/2025\/08\/636_Acrylic_Sealant_636_white_LT_LV_RU.png","contentUrl":"https:\/\/penosil.com\/lt\/wp-content\/uploads\/sites\/13\/2025\/08\/636_Acrylic_Sealant_636_white_LT_LV_RU.png","width":387,"height":1080,"caption":"PENOSIL Acrylic Sealant 636 da\u017eomas akrilinis hermetikas baltas"},{"@type":"BreadcrumbList","@id":"https:\/\/penosil.com\/lt\/produktai\/acrylic-sealant-636-dazomas-akrilinis-hermetikas\/#breadcrumb","itemListElement":[{"@type":"ListItem","position":1,"name":"Home","item":"https:\/\/penosil.com\/lt\/"},{"@type":"ListItem","position":2,"name":"Produktai","item":"https:\/\/penosil.com\/lt\/produktai\/"},{"@type":"ListItem","position":3,"name":"Acrylic Sealant 636"}]},{"@type":"WebSite","@id":"https:\/\/penosil.com\/lt\/#website","url":"https:\/\/penosil.com\/lt\/","name":"Penosil Lithuania","description":"","potentialAction":[{"@type":"SearchAction","target":{"@type":"EntryPoint","urlTemplate":"https:\/\/penosil.com\/lt\/?s={search_term_string}"},"query-input":{"@type":"PropertyValueSpecification","valueRequired":true,"valueName":"search_term_string"}}],"inLanguage":"lt-LT"}]}},"featured_img":"https:\/\/penosil.com\/lt\/wp-content\/uploads\/sites\/13\/2025\/08\/636_Acrylic_Sealant_636_white_LT_LV_RU.png","coauthors":[],"author_meta":{"author_link":"https:\/\/penosil.com\/lt\/author\/asta\/","display_name":"Asta Salkauskiene"},"relative_dates":{"created":"Posted 3 metai ago","modified":"Updated 3 m\u0117nesiai ago"},"absolute_dates":{"created":"Posted on 2023 3 sausio","modified":"Updated on 2026 17 sausio"},"absolute_dates_time":{"created":"Posted on 2023 3 sausio 14:46","modified":"Updated on 2026 17 sausio 1:10"},"featured_img_caption":"","tax_additional":{"product_brand":{"linked":[],"unlinked":[],"slug":"product_brand","name":"Preki\u0173 \u017eenklai"},"product_type":{"linked":["<a href=\"https:\/\/penosil.com\/lt\/?taxonomy=product_type&#038;term=variable\" class=\"advgb-post-tax-term\">variable<\/a>"],"unlinked":["<span class=\"advgb-post-tax-term\">variable<\/span>"],"slug":"product_type","name":"Produkto tipas"},"product_visibility":{"linked":[],"unlinked":[],"slug":"product_visibility","name":"Produkto matomumas"},"product_cat":{"linked":["<a href=\"https:\/\/penosil.com\/lt\/produkto-kategorija\/naudojimo-sritys\/\" class=\"advgb-post-tax-term\">Naudojimo sritys<\/a>","<a href=\"https:\/\/penosil.com\/lt\/produkto-kategorija\/produktu-grupes\/hermetikai-ir-mastikos\/\" class=\"advgb-post-tax-term\">Hermetikai ir mastikos<\/a>","<a href=\"https:\/\/penosil.com\/lt\/produkto-kategorija\/produktu-grupes\/\" class=\"advgb-post-tax-term\">Produkt\u0173 grup\u0117s<\/a>","<a href=\"https:\/\/penosil.com\/lt\/produkto-kategorija\/produktu-grupes\/hermetikai-ir-mastikos\/akriliniai-hermetikai\/\" class=\"advgb-post-tax-term\">Akriliniai hermetikai<\/a>","<a href=\"https:\/\/penosil.com\/lt\/produkto-kategorija\/naudojimo-sritys\/apdaila\/\" class=\"advgb-post-tax-term\">Apdaila<\/a>"],"unlinked":["<span class=\"advgb-post-tax-term\">Naudojimo sritys<\/span>","<span class=\"advgb-post-tax-term\">Hermetikai ir mastikos<\/span>","<span class=\"advgb-post-tax-term\">Produkt\u0173 grup\u0117s<\/span>","<span class=\"advgb-post-tax-term\">Akriliniai hermetikai<\/span>","<span class=\"advgb-post-tax-term\">Apdaila<\/span>"],"slug":"product_cat","name":"Produkto kategorijos"},"product_tag":{"linked":[],"unlinked":[],"slug":"product_tag","name":"Produkto \u017eyma"},"product_shipping_class":{"linked":[],"unlinked":[],"slug":"product_shipping_class","name":"Produkto pristatymo klas\u0117s"},"pos_product_visibility":{"linked":[],"unlinked":[],"slug":"pos_product_visibility","name":"POS Product visibility"},"pa_color":{"linked":["<a href=\"https:\/\/penosil.com\/lt\/?taxonomy=pa_color&#038;term=ruda\" class=\"advgb-post-tax-term\">Ruda<\/a>","<a href=\"https:\/\/penosil.com\/lt\/en\/?taxonomy=pa_color&#038;term=balta\" class=\"advgb-post-tax-term\">Balta<\/a>","<a href=\"https:\/\/penosil.com\/lt\/en\/?taxonomy=pa_color&#038;term=pilka\" class=\"advgb-post-tax-term\">Pilka<\/a>"],"unlinked":["<span class=\"advgb-post-tax-term\">Ruda<\/span>","<span class=\"advgb-post-tax-term\">Balta<\/span>","<span class=\"advgb-post-tax-term\">Pilka<\/span>"],"slug":"pa_color","name":"Product Color"},"pa_package":{"linked":["<a href=\"https:\/\/penosil.com\/lt\/?taxonomy=pa_package&#038;term=600-ml\" class=\"advgb-post-tax-term\">600 ml<\/a>","<a href=\"https:\/\/penosil.com\/lt\/?taxonomy=pa_package&#038;term=280-ml\" class=\"advgb-post-tax-term\">280 ml<\/a>"],"unlinked":["<span class=\"advgb-post-tax-term\">600 ml<\/span>","<span class=\"advgb-post-tax-term\">280 ml<\/span>"],"slug":"pa_package","name":"Product Package"},"pa_plotis":{"linked":[],"unlinked":[],"slug":"pa_plotis","name":"Product Plotis"},"pa_skersmuo":{"linked":[],"unlinked":[],"slug":"pa_skersmuo","name":"Product Skersmuo"},"translation_priority":{"linked":["<a href=\"https:\/\/penosil.com\/lt\/?taxonomy=translation_priority&#038;term=optional-lt\" class=\"advgb-post-tax-term\">Optional<\/a>"],"unlinked":["<span class=\"advgb-post-tax-term\">Optional<\/span>"],"slug":"translation_priority","name":"Translation Priorities"}},"series_order":"","_links":{"self":[{"href":"https:\/\/penosil.com\/lt\/wp-json\/wp\/v2\/product\/11739","targetHints":{"allow":["GET"]}}],"collection":[{"href":"https:\/\/penosil.com\/lt\/wp-json\/wp\/v2\/product"}],"about":[{"href":"https:\/\/penosil.com\/lt\/wp-json\/wp\/v2\/types\/product"}],"version-history":[{"count":4,"href":"https:\/\/penosil.com\/lt\/wp-json\/wp\/v2\/product\/11739\/revisions"}],"predecessor-version":[{"id":15918,"href":"https:\/\/penosil.com\/lt\/wp-json\/wp\/v2\/product\/11739\/revisions\/15918"}],"wp:featuredmedia":[{"embeddable":true,"href":"https:\/\/penosil.com\/lt\/wp-json\/wp\/v2\/media\/15888"}],"wp:attachment":[{"href":"https:\/\/penosil.com\/lt\/wp-json\/wp\/v2\/media?parent=11739"}],"wp:term":[{"taxonomy":"product_brand","embeddable":true,"href":"https:\/\/penosil.com\/lt\/wp-json\/wp\/v2\/product_brand?post=11739"},{"taxonomy":"product_cat","embeddable":true,"href":"https:\/\/penosil.com\/lt\/wp-json\/wp\/v2\/product_cat?post=11739"},{"taxonomy":"product_tag","embeddable":true,"href":"https:\/\/penosil.com\/lt\/wp-json\/wp\/v2\/product_tag?post=11739"}],"curies":[{"name":"wp","href":"https:\/\/api.w.org\/{rel}","templated":true}]}}