{"id":11766,"date":"2023-01-11T13:05:47","date_gmt":"2023-01-11T13:05:47","guid":{"rendered":"https:\/\/penosil.com\/lt\/?post_type=product&#038;p=11766"},"modified":"2026-01-30T01:22:53","modified_gmt":"2026-01-30T01:22:53","slug":"membranefix-629-pleveliu-ir-membranu-klijai","status":"publish","type":"product","link":"https:\/\/penosil.com\/lt\/produktai\/membranefix-629-pleveliu-ir-membranu-klijai\/","title":{"rendered":"MembraneFix 629"},"content":{"rendered":"<p>Vieno komponento akriliniai klijai, skirti klijuoti \u012fvairias membranas, pl\u0117veles, PE, PP ir kt. patalpose. I\u0161lieka nuolat elastingi ir u\u017etikrina visi\u0161kai hermeti\u0161k\u0105 jungt\u012f su daugeliu pavir\u0161i\u0173, toki\u0173 kaip betonas, plytos, PA, tinkas, mediena, metalas ir kt.<\/p>\n","protected":false},"excerpt":{"rendered":"pl\u0117veli\u0173 ir membran\u0173 klijai","protected":false},"author":5,"featured_media":15893,"template":"","meta":{"_acf_changed":false,"advgb_blocks_editor_width":"","advgb_blocks_columns_visual_guide":"","footnotes":""},"product_brand":[],"product_cat":[210,1368,221,2374,219],"product_tag":[],"class_list":{"0":"post-11766","1":"product","2":"type-product","3":"status-publish","4":"has-post-thumbnail","6":"product_cat-naudojimo-sritys","7":"product_cat-produktu-grupes","8":"product_cat-klijai","9":"product_cat-akriliniai-klijai","10":"product_cat-klijavimas","12":"first","13":"instock","14":"taxable","15":"shipping-taxable","16":"purchasable","17":"product-type-simple"},"acf":[],"yoast_head":"<!-- This site is optimized with the Yoast SEO plugin v27.2 - https:\/\/yoast.com\/product\/yoast-seo-wordpress\/ -->\n<title>PENOSIL MembraneFix 629 pl\u0117veli\u0173 ir membran\u0173 klijai<\/title>\n<meta name=\"description\" content=\"Akriliniai pl\u0117veli\u0173 ir membran\u0173 klijai, skirti \u012fvairioms membranoms ir pl\u0117vel\u0117ms klijuoti prie \u012fvairi\u0173 pavir\u0161i\u0173. Su\u017einoti daugiau!\" \/>\n<meta name=\"robots\" content=\"index, follow, max-snippet:-1, max-image-preview:large, max-video-preview:-1\" \/>\n<link rel=\"canonical\" href=\"https:\/\/penosil.com\/lt\/produktai\/membranefix-629-pleveliu-ir-membranu-klijai\/\" \/>\n<meta property=\"og:locale\" content=\"lt_LT\" \/>\n<meta property=\"og:type\" content=\"article\" \/>\n<meta property=\"og:title\" content=\"PENOSIL MembraneFix 629 pl\u0117veli\u0173 ir membran\u0173 klijai\" \/>\n<meta property=\"og:description\" content=\"Akriliniai pl\u0117veli\u0173 ir membran\u0173 klijai, skirti \u012fvairioms membranoms ir pl\u0117vel\u0117ms klijuoti prie \u012fvairi\u0173 pavir\u0161i\u0173. Su\u017einoti daugiau!\" \/>\n<meta property=\"og:url\" content=\"https:\/\/penosil.com\/lt\/produktai\/membranefix-629-pleveliu-ir-membranu-klijai\/\" \/>\n<meta property=\"og:site_name\" content=\"Penosil Lithuania\" \/>\n<meta property=\"article:modified_time\" content=\"2026-01-30T01:22:53+00:00\" \/>\n<meta property=\"og:image\" content=\"https:\/\/penosil.com\/lt\/wp-content\/uploads\/sites\/13\/2025\/08\/629_MembraneFix_629_LT_LV_RU.png\" \/>\n\t<meta property=\"og:image:width\" content=\"387\" \/>\n\t<meta property=\"og:image:height\" content=\"1080\" \/>\n\t<meta property=\"og:image:type\" content=\"image\/png\" \/>\n<meta name=\"twitter:card\" content=\"summary_large_image\" \/>\n<script type=\"application\/ld+json\" class=\"yoast-schema-graph\">{\"@context\":\"https:\/\/schema.org\",\"@graph\":[{\"@type\":\"WebPage\",\"@id\":\"https:\/\/penosil.com\/lt\/produktai\/membranefix-629-pleveliu-ir-membranu-klijai\/\",\"url\":\"https:\/\/penosil.com\/lt\/produktai\/membranefix-629-pleveliu-ir-membranu-klijai\/\",\"name\":\"PENOSIL MembraneFix 629 pl\u0117veli\u0173 ir membran\u0173 klijai\",\"isPartOf\":{\"@id\":\"https:\/\/penosil.com\/lt\/#website\"},\"primaryImageOfPage\":{\"@id\":\"https:\/\/penosil.com\/lt\/produktai\/membranefix-629-pleveliu-ir-membranu-klijai\/#primaryimage\"},\"image\":{\"@id\":\"https:\/\/penosil.com\/lt\/produktai\/membranefix-629-pleveliu-ir-membranu-klijai\/#primaryimage\"},\"thumbnailUrl\":\"https:\/\/penosil.com\/lt\/wp-content\/uploads\/sites\/13\/2025\/08\/629_MembraneFix_629_LT_LV_RU.png\",\"datePublished\":\"2023-01-11T13:05:47+00:00\",\"dateModified\":\"2026-01-30T01:22:53+00:00\",\"description\":\"Akriliniai pl\u0117veli\u0173 ir membran\u0173 klijai, skirti \u012fvairioms membranoms ir pl\u0117vel\u0117ms klijuoti prie \u012fvairi\u0173 pavir\u0161i\u0173. Su\u017einoti daugiau!\",\"breadcrumb\":{\"@id\":\"https:\/\/penosil.com\/lt\/produktai\/membranefix-629-pleveliu-ir-membranu-klijai\/#breadcrumb\"},\"inLanguage\":\"lt-LT\",\"potentialAction\":[{\"@type\":\"ReadAction\",\"target\":[\"https:\/\/penosil.com\/lt\/produktai\/membranefix-629-pleveliu-ir-membranu-klijai\/\"]}]},{\"@type\":\"ImageObject\",\"inLanguage\":\"lt-LT\",\"@id\":\"https:\/\/penosil.com\/lt\/produktai\/membranefix-629-pleveliu-ir-membranu-klijai\/#primaryimage\",\"url\":\"https:\/\/penosil.com\/lt\/wp-content\/uploads\/sites\/13\/2025\/08\/629_MembraneFix_629_LT_LV_RU.png\",\"contentUrl\":\"https:\/\/penosil.com\/lt\/wp-content\/uploads\/sites\/13\/2025\/08\/629_MembraneFix_629_LT_LV_RU.png\",\"width\":387,\"height\":1080,\"caption\":\"PENOSIL MembraneFix 629 pl\u0117veli\u0173 ir membran\u0173 klijai\"},{\"@type\":\"BreadcrumbList\",\"@id\":\"https:\/\/penosil.com\/lt\/produktai\/membranefix-629-pleveliu-ir-membranu-klijai\/#breadcrumb\",\"itemListElement\":[{\"@type\":\"ListItem\",\"position\":1,\"name\":\"Home\",\"item\":\"https:\/\/penosil.com\/lt\/\"},{\"@type\":\"ListItem\",\"position\":2,\"name\":\"Produktai\",\"item\":\"https:\/\/penosil.com\/lt\/produktai\/\"},{\"@type\":\"ListItem\",\"position\":3,\"name\":\"MembraneFix 629\"}]},{\"@type\":\"WebSite\",\"@id\":\"https:\/\/penosil.com\/lt\/#website\",\"url\":\"https:\/\/penosil.com\/lt\/\",\"name\":\"Penosil Lithuania\",\"description\":\"\",\"potentialAction\":[{\"@type\":\"SearchAction\",\"target\":{\"@type\":\"EntryPoint\",\"urlTemplate\":\"https:\/\/penosil.com\/lt\/?s={search_term_string}\"},\"query-input\":{\"@type\":\"PropertyValueSpecification\",\"valueRequired\":true,\"valueName\":\"search_term_string\"}}],\"inLanguage\":\"lt-LT\"}]}<\/script>\n<!-- \/ Yoast SEO plugin. -->","yoast_head_json":{"title":"PENOSIL MembraneFix 629 pl\u0117veli\u0173 ir membran\u0173 klijai","description":"Akriliniai pl\u0117veli\u0173 ir membran\u0173 klijai, skirti \u012fvairioms membranoms ir pl\u0117vel\u0117ms klijuoti prie \u012fvairi\u0173 pavir\u0161i\u0173. Su\u017einoti daugiau!","robots":{"index":"index","follow":"follow","max-snippet":"max-snippet:-1","max-image-preview":"max-image-preview:large","max-video-preview":"max-video-preview:-1"},"canonical":"https:\/\/penosil.com\/lt\/produktai\/membranefix-629-pleveliu-ir-membranu-klijai\/","og_locale":"lt_LT","og_type":"article","og_title":"PENOSIL MembraneFix 629 pl\u0117veli\u0173 ir membran\u0173 klijai","og_description":"Akriliniai pl\u0117veli\u0173 ir membran\u0173 klijai, skirti \u012fvairioms membranoms ir pl\u0117vel\u0117ms klijuoti prie \u012fvairi\u0173 pavir\u0161i\u0173. Su\u017einoti daugiau!","og_url":"https:\/\/penosil.com\/lt\/produktai\/membranefix-629-pleveliu-ir-membranu-klijai\/","og_site_name":"Penosil Lithuania","article_modified_time":"2026-01-30T01:22:53+00:00","og_image":[{"width":387,"height":1080,"url":"https:\/\/penosil.com\/lt\/wp-content\/uploads\/sites\/13\/2025\/08\/629_MembraneFix_629_LT_LV_RU.png","type":"image\/png"}],"twitter_card":"summary_large_image","schema":{"@context":"https:\/\/schema.org","@graph":[{"@type":"WebPage","@id":"https:\/\/penosil.com\/lt\/produktai\/membranefix-629-pleveliu-ir-membranu-klijai\/","url":"https:\/\/penosil.com\/lt\/produktai\/membranefix-629-pleveliu-ir-membranu-klijai\/","name":"PENOSIL MembraneFix 629 pl\u0117veli\u0173 ir membran\u0173 klijai","isPartOf":{"@id":"https:\/\/penosil.com\/lt\/#website"},"primaryImageOfPage":{"@id":"https:\/\/penosil.com\/lt\/produktai\/membranefix-629-pleveliu-ir-membranu-klijai\/#primaryimage"},"image":{"@id":"https:\/\/penosil.com\/lt\/produktai\/membranefix-629-pleveliu-ir-membranu-klijai\/#primaryimage"},"thumbnailUrl":"https:\/\/penosil.com\/lt\/wp-content\/uploads\/sites\/13\/2025\/08\/629_MembraneFix_629_LT_LV_RU.png","datePublished":"2023-01-11T13:05:47+00:00","dateModified":"2026-01-30T01:22:53+00:00","description":"Akriliniai pl\u0117veli\u0173 ir membran\u0173 klijai, skirti \u012fvairioms membranoms ir pl\u0117vel\u0117ms klijuoti prie \u012fvairi\u0173 pavir\u0161i\u0173. Su\u017einoti daugiau!","breadcrumb":{"@id":"https:\/\/penosil.com\/lt\/produktai\/membranefix-629-pleveliu-ir-membranu-klijai\/#breadcrumb"},"inLanguage":"lt-LT","potentialAction":[{"@type":"ReadAction","target":["https:\/\/penosil.com\/lt\/produktai\/membranefix-629-pleveliu-ir-membranu-klijai\/"]}]},{"@type":"ImageObject","inLanguage":"lt-LT","@id":"https:\/\/penosil.com\/lt\/produktai\/membranefix-629-pleveliu-ir-membranu-klijai\/#primaryimage","url":"https:\/\/penosil.com\/lt\/wp-content\/uploads\/sites\/13\/2025\/08\/629_MembraneFix_629_LT_LV_RU.png","contentUrl":"https:\/\/penosil.com\/lt\/wp-content\/uploads\/sites\/13\/2025\/08\/629_MembraneFix_629_LT_LV_RU.png","width":387,"height":1080,"caption":"PENOSIL MembraneFix 629 pl\u0117veli\u0173 ir membran\u0173 klijai"},{"@type":"BreadcrumbList","@id":"https:\/\/penosil.com\/lt\/produktai\/membranefix-629-pleveliu-ir-membranu-klijai\/#breadcrumb","itemListElement":[{"@type":"ListItem","position":1,"name":"Home","item":"https:\/\/penosil.com\/lt\/"},{"@type":"ListItem","position":2,"name":"Produktai","item":"https:\/\/penosil.com\/lt\/produktai\/"},{"@type":"ListItem","position":3,"name":"MembraneFix 629"}]},{"@type":"WebSite","@id":"https:\/\/penosil.com\/lt\/#website","url":"https:\/\/penosil.com\/lt\/","name":"Penosil Lithuania","description":"","potentialAction":[{"@type":"SearchAction","target":{"@type":"EntryPoint","urlTemplate":"https:\/\/penosil.com\/lt\/?s={search_term_string}"},"query-input":{"@type":"PropertyValueSpecification","valueRequired":true,"valueName":"search_term_string"}}],"inLanguage":"lt-LT"}]}},"featured_img":"https:\/\/penosil.com\/lt\/wp-content\/uploads\/sites\/13\/2025\/08\/629_MembraneFix_629_LT_LV_RU.png","coauthors":[],"author_meta":{"author_link":"https:\/\/penosil.com\/lt\/author\/asta\/","display_name":"Asta Salkauskiene"},"relative_dates":{"created":"Posted 3 metai ago","modified":"Updated 3 m\u0117nesiai ago"},"absolute_dates":{"created":"Posted on 2023 11 sausio","modified":"Updated on 2026 30 sausio"},"absolute_dates_time":{"created":"Posted on 2023 11 sausio 13:05","modified":"Updated on 2026 30 sausio 1:22"},"featured_img_caption":"","tax_additional":{"product_brand":{"linked":[],"unlinked":[],"slug":"product_brand","name":"Preki\u0173 \u017eenklai"},"product_type":{"linked":["<a href=\"https:\/\/penosil.com\/lt\/?taxonomy=product_type&#038;term=simple\" class=\"advgb-post-tax-term\">simple<\/a>"],"unlinked":["<span class=\"advgb-post-tax-term\">simple<\/span>"],"slug":"product_type","name":"Produkto tipas"},"product_visibility":{"linked":[],"unlinked":[],"slug":"product_visibility","name":"Produkto matomumas"},"product_cat":{"linked":["<a href=\"https:\/\/penosil.com\/lt\/produkto-kategorija\/naudojimo-sritys\/\" class=\"advgb-post-tax-term\">Naudojimo sritys<\/a>","<a href=\"https:\/\/penosil.com\/lt\/produkto-kategorija\/produktu-grupes\/\" class=\"advgb-post-tax-term\">Produkt\u0173 grup\u0117s<\/a>","<a href=\"https:\/\/penosil.com\/lt\/produkto-kategorija\/produktu-grupes\/klijai\/\" class=\"advgb-post-tax-term\">Klijai<\/a>","<a href=\"https:\/\/penosil.com\/lt\/produkto-kategorija\/produktu-grupes\/klijai\/akriliniai-klijai\/\" class=\"advgb-post-tax-term\">Akriliniai klijai<\/a>","<a href=\"https:\/\/penosil.com\/lt\/produkto-kategorija\/naudojimo-sritys\/klijavimas\/\" class=\"advgb-post-tax-term\">Klijavimas<\/a>"],"unlinked":["<span class=\"advgb-post-tax-term\">Naudojimo sritys<\/span>","<span class=\"advgb-post-tax-term\">Produkt\u0173 grup\u0117s<\/span>","<span class=\"advgb-post-tax-term\">Klijai<\/span>","<span class=\"advgb-post-tax-term\">Akriliniai klijai<\/span>","<span class=\"advgb-post-tax-term\">Klijavimas<\/span>"],"slug":"product_cat","name":"Produkto kategorijos"},"product_tag":{"linked":[],"unlinked":[],"slug":"product_tag","name":"Produkto \u017eyma"},"product_shipping_class":{"linked":[],"unlinked":[],"slug":"product_shipping_class","name":"Produkto pristatymo klas\u0117s"},"pos_product_visibility":{"linked":[],"unlinked":[],"slug":"pos_product_visibility","name":"POS Product visibility"},"pa_color":{"linked":["<a href=\"https:\/\/penosil.com\/lt\/?taxonomy=pa_color&#038;term=melyna\" class=\"advgb-post-tax-term\">M\u0117lyna<\/a>"],"unlinked":["<span class=\"advgb-post-tax-term\">M\u0117lyna<\/span>"],"slug":"pa_color","name":"Product Color"},"pa_package":{"linked":["<a href=\"https:\/\/penosil.com\/lt\/?taxonomy=pa_package&#038;term=290-ml\" class=\"advgb-post-tax-term\">290 ml<\/a>"],"unlinked":["<span class=\"advgb-post-tax-term\">290 ml<\/span>"],"slug":"pa_package","name":"Product Package"},"pa_plotis":{"linked":[],"unlinked":[],"slug":"pa_plotis","name":"Product Plotis"},"pa_skersmuo":{"linked":[],"unlinked":[],"slug":"pa_skersmuo","name":"Product Skersmuo"},"translation_priority":{"linked":["<a href=\"https:\/\/penosil.com\/lt\/?taxonomy=translation_priority&#038;term=optional-lt\" class=\"advgb-post-tax-term\">Optional<\/a>"],"unlinked":["<span class=\"advgb-post-tax-term\">Optional<\/span>"],"slug":"translation_priority","name":"Translation Priorities"}},"series_order":"","_links":{"self":[{"href":"https:\/\/penosil.com\/lt\/wp-json\/wp\/v2\/product\/11766","targetHints":{"allow":["GET"]}}],"collection":[{"href":"https:\/\/penosil.com\/lt\/wp-json\/wp\/v2\/product"}],"about":[{"href":"https:\/\/penosil.com\/lt\/wp-json\/wp\/v2\/types\/product"}],"version-history":[{"count":5,"href":"https:\/\/penosil.com\/lt\/wp-json\/wp\/v2\/product\/11766\/revisions"}],"predecessor-version":[{"id":16285,"href":"https:\/\/penosil.com\/lt\/wp-json\/wp\/v2\/product\/11766\/revisions\/16285"}],"wp:featuredmedia":[{"embeddable":true,"href":"https:\/\/penosil.com\/lt\/wp-json\/wp\/v2\/media\/15893"}],"wp:attachment":[{"href":"https:\/\/penosil.com\/lt\/wp-json\/wp\/v2\/media?parent=11766"}],"wp:term":[{"taxonomy":"product_brand","embeddable":true,"href":"https:\/\/penosil.com\/lt\/wp-json\/wp\/v2\/product_brand?post=11766"},{"taxonomy":"product_cat","embeddable":true,"href":"https:\/\/penosil.com\/lt\/wp-json\/wp\/v2\/product_cat?post=11766"},{"taxonomy":"product_tag","embeddable":true,"href":"https:\/\/penosil.com\/lt\/wp-json\/wp\/v2\/product_tag?post=11766"}],"curies":[{"name":"wp","href":"https:\/\/api.w.org\/{rel}","templated":true}]}}