{"id":11773,"date":"2023-01-13T08:00:21","date_gmt":"2023-01-13T08:00:21","guid":{"rendered":"https:\/\/penosil.com\/lt\/?post_type=product&#038;p=11773"},"modified":"2026-01-07T01:03:05","modified_gmt":"2026-01-07T01:03:05","slug":"woodfix-pva-d3-647-medienos-klijai","status":"publish","type":"product","link":"https:\/\/penosil.com\/lt\/produktai\/woodfix-pva-d3-647-medienos-klijai\/","title":{"rendered":"WoodFix PVA D3 647"},"content":{"rendered":"<p>Vienkomponen\u010diai PVA medienos klijai, kuri\u0173 atsparumo dr\u0117gmei klas\u0117 D3. \u0160ie klijai skirti vidaus ir lauko darbams. Sukuria greit\u0105 ir tvirt\u0105 ry\u0161\u012f su daugybe med\u017eiag\u0173. Susting\u0119 tampa pusiau skaidr\u016bs.<\/p>\n","protected":false},"excerpt":{"rendered":"medienos klijai","protected":false},"author":5,"featured_media":15895,"template":"","meta":{"_acf_changed":false,"advgb_blocks_editor_width":"","advgb_blocks_columns_visual_guide":"","footnotes":""},"product_brand":[],"product_cat":[210,1368,221,2374,219],"product_tag":[],"class_list":{"0":"post-11773","1":"product","2":"type-product","3":"status-publish","4":"has-post-thumbnail","6":"product_cat-naudojimo-sritys","7":"product_cat-produktu-grupes","8":"product_cat-klijai","9":"product_cat-akriliniai-klijai","10":"product_cat-klijavimas","12":"first","13":"instock","14":"taxable","15":"shipping-taxable","16":"purchasable","17":"product-type-simple"},"acf":[],"yoast_head":"<!-- This site is optimized with the Yoast SEO plugin v27.2 - https:\/\/yoast.com\/product\/yoast-seo-wordpress\/ -->\n<title>PENOSIL WoodFix PVA D3 647 medienos klijai<\/title>\n<meta name=\"description\" content=\"Dr\u0117gmei atspar\u016bs PVA medienos klijai su greitu ir stipriu sukibimu, skirti naudoti vidaus ir lauko darbams. Susting\u0119 tampa pusiau skaidr\u016bs. Daugiau!\" \/>\n<meta name=\"robots\" content=\"index, follow, max-snippet:-1, max-image-preview:large, max-video-preview:-1\" \/>\n<link rel=\"canonical\" href=\"https:\/\/penosil.com\/lt\/produktai\/woodfix-pva-d3-647-medienos-klijai\/\" \/>\n<meta property=\"og:locale\" content=\"lt_LT\" \/>\n<meta property=\"og:type\" content=\"article\" \/>\n<meta property=\"og:title\" content=\"PENOSIL WoodFix PVA D3 647 medienos klijai\" \/>\n<meta property=\"og:description\" content=\"Dr\u0117gmei atspar\u016bs PVA medienos klijai su greitu ir stipriu sukibimu, skirti naudoti vidaus ir lauko darbams. Susting\u0119 tampa pusiau skaidr\u016bs. Daugiau!\" \/>\n<meta property=\"og:url\" content=\"https:\/\/penosil.com\/lt\/produktai\/woodfix-pva-d3-647-medienos-klijai\/\" \/>\n<meta property=\"og:site_name\" content=\"Penosil Lithuania\" \/>\n<meta property=\"article:modified_time\" content=\"2026-01-07T01:03:05+00:00\" \/>\n<meta property=\"og:image\" content=\"https:\/\/penosil.com\/lt\/wp-content\/uploads\/sites\/13\/2025\/08\/647_WoodFix_PVA_D3_647_500ml_LT_LV_RU.png\" \/>\n\t<meta property=\"og:image:width\" content=\"425\" \/>\n\t<meta property=\"og:image:height\" content=\"1080\" \/>\n\t<meta property=\"og:image:type\" content=\"image\/png\" \/>\n<meta name=\"twitter:card\" content=\"summary_large_image\" \/>\n<script type=\"application\/ld+json\" class=\"yoast-schema-graph\">{\"@context\":\"https:\/\/schema.org\",\"@graph\":[{\"@type\":\"WebPage\",\"@id\":\"https:\/\/penosil.com\/lt\/produktai\/woodfix-pva-d3-647-medienos-klijai\/\",\"url\":\"https:\/\/penosil.com\/lt\/produktai\/woodfix-pva-d3-647-medienos-klijai\/\",\"name\":\"PENOSIL WoodFix PVA D3 647 medienos klijai\",\"isPartOf\":{\"@id\":\"https:\/\/penosil.com\/lt\/#website\"},\"primaryImageOfPage\":{\"@id\":\"https:\/\/penosil.com\/lt\/produktai\/woodfix-pva-d3-647-medienos-klijai\/#primaryimage\"},\"image\":{\"@id\":\"https:\/\/penosil.com\/lt\/produktai\/woodfix-pva-d3-647-medienos-klijai\/#primaryimage\"},\"thumbnailUrl\":\"https:\/\/penosil.com\/lt\/wp-content\/uploads\/sites\/13\/2025\/08\/647_WoodFix_PVA_D3_647_500ml_LT_LV_RU.png\",\"datePublished\":\"2023-01-13T08:00:21+00:00\",\"dateModified\":\"2026-01-07T01:03:05+00:00\",\"description\":\"Dr\u0117gmei atspar\u016bs PVA medienos klijai su greitu ir stipriu sukibimu, skirti naudoti vidaus ir lauko darbams. Susting\u0119 tampa pusiau skaidr\u016bs. Daugiau!\",\"breadcrumb\":{\"@id\":\"https:\/\/penosil.com\/lt\/produktai\/woodfix-pva-d3-647-medienos-klijai\/#breadcrumb\"},\"inLanguage\":\"lt-LT\",\"potentialAction\":[{\"@type\":\"ReadAction\",\"target\":[\"https:\/\/penosil.com\/lt\/produktai\/woodfix-pva-d3-647-medienos-klijai\/\"]}]},{\"@type\":\"ImageObject\",\"inLanguage\":\"lt-LT\",\"@id\":\"https:\/\/penosil.com\/lt\/produktai\/woodfix-pva-d3-647-medienos-klijai\/#primaryimage\",\"url\":\"https:\/\/penosil.com\/lt\/wp-content\/uploads\/sites\/13\/2025\/08\/647_WoodFix_PVA_D3_647_500ml_LT_LV_RU.png\",\"contentUrl\":\"https:\/\/penosil.com\/lt\/wp-content\/uploads\/sites\/13\/2025\/08\/647_WoodFix_PVA_D3_647_500ml_LT_LV_RU.png\",\"width\":425,\"height\":1080,\"caption\":\"PENOSIL WoodFix PVA D3 647 medienos klijai\"},{\"@type\":\"BreadcrumbList\",\"@id\":\"https:\/\/penosil.com\/lt\/produktai\/woodfix-pva-d3-647-medienos-klijai\/#breadcrumb\",\"itemListElement\":[{\"@type\":\"ListItem\",\"position\":1,\"name\":\"Home\",\"item\":\"https:\/\/penosil.com\/lt\/\"},{\"@type\":\"ListItem\",\"position\":2,\"name\":\"Produktai\",\"item\":\"https:\/\/penosil.com\/lt\/produktai\/\"},{\"@type\":\"ListItem\",\"position\":3,\"name\":\"WoodFix PVA D3 647\"}]},{\"@type\":\"WebSite\",\"@id\":\"https:\/\/penosil.com\/lt\/#website\",\"url\":\"https:\/\/penosil.com\/lt\/\",\"name\":\"Penosil Lithuania\",\"description\":\"\",\"potentialAction\":[{\"@type\":\"SearchAction\",\"target\":{\"@type\":\"EntryPoint\",\"urlTemplate\":\"https:\/\/penosil.com\/lt\/?s={search_term_string}\"},\"query-input\":{\"@type\":\"PropertyValueSpecification\",\"valueRequired\":true,\"valueName\":\"search_term_string\"}}],\"inLanguage\":\"lt-LT\"}]}<\/script>\n<!-- \/ Yoast SEO plugin. -->","yoast_head_json":{"title":"PENOSIL WoodFix PVA D3 647 medienos klijai","description":"Dr\u0117gmei atspar\u016bs PVA medienos klijai su greitu ir stipriu sukibimu, skirti naudoti vidaus ir lauko darbams. Susting\u0119 tampa pusiau skaidr\u016bs. Daugiau!","robots":{"index":"index","follow":"follow","max-snippet":"max-snippet:-1","max-image-preview":"max-image-preview:large","max-video-preview":"max-video-preview:-1"},"canonical":"https:\/\/penosil.com\/lt\/produktai\/woodfix-pva-d3-647-medienos-klijai\/","og_locale":"lt_LT","og_type":"article","og_title":"PENOSIL WoodFix PVA D3 647 medienos klijai","og_description":"Dr\u0117gmei atspar\u016bs PVA medienos klijai su greitu ir stipriu sukibimu, skirti naudoti vidaus ir lauko darbams. Susting\u0119 tampa pusiau skaidr\u016bs. Daugiau!","og_url":"https:\/\/penosil.com\/lt\/produktai\/woodfix-pva-d3-647-medienos-klijai\/","og_site_name":"Penosil Lithuania","article_modified_time":"2026-01-07T01:03:05+00:00","og_image":[{"width":425,"height":1080,"url":"https:\/\/penosil.com\/lt\/wp-content\/uploads\/sites\/13\/2025\/08\/647_WoodFix_PVA_D3_647_500ml_LT_LV_RU.png","type":"image\/png"}],"twitter_card":"summary_large_image","schema":{"@context":"https:\/\/schema.org","@graph":[{"@type":"WebPage","@id":"https:\/\/penosil.com\/lt\/produktai\/woodfix-pva-d3-647-medienos-klijai\/","url":"https:\/\/penosil.com\/lt\/produktai\/woodfix-pva-d3-647-medienos-klijai\/","name":"PENOSIL WoodFix PVA D3 647 medienos klijai","isPartOf":{"@id":"https:\/\/penosil.com\/lt\/#website"},"primaryImageOfPage":{"@id":"https:\/\/penosil.com\/lt\/produktai\/woodfix-pva-d3-647-medienos-klijai\/#primaryimage"},"image":{"@id":"https:\/\/penosil.com\/lt\/produktai\/woodfix-pva-d3-647-medienos-klijai\/#primaryimage"},"thumbnailUrl":"https:\/\/penosil.com\/lt\/wp-content\/uploads\/sites\/13\/2025\/08\/647_WoodFix_PVA_D3_647_500ml_LT_LV_RU.png","datePublished":"2023-01-13T08:00:21+00:00","dateModified":"2026-01-07T01:03:05+00:00","description":"Dr\u0117gmei atspar\u016bs PVA medienos klijai su greitu ir stipriu sukibimu, skirti naudoti vidaus ir lauko darbams. Susting\u0119 tampa pusiau skaidr\u016bs. Daugiau!","breadcrumb":{"@id":"https:\/\/penosil.com\/lt\/produktai\/woodfix-pva-d3-647-medienos-klijai\/#breadcrumb"},"inLanguage":"lt-LT","potentialAction":[{"@type":"ReadAction","target":["https:\/\/penosil.com\/lt\/produktai\/woodfix-pva-d3-647-medienos-klijai\/"]}]},{"@type":"ImageObject","inLanguage":"lt-LT","@id":"https:\/\/penosil.com\/lt\/produktai\/woodfix-pva-d3-647-medienos-klijai\/#primaryimage","url":"https:\/\/penosil.com\/lt\/wp-content\/uploads\/sites\/13\/2025\/08\/647_WoodFix_PVA_D3_647_500ml_LT_LV_RU.png","contentUrl":"https:\/\/penosil.com\/lt\/wp-content\/uploads\/sites\/13\/2025\/08\/647_WoodFix_PVA_D3_647_500ml_LT_LV_RU.png","width":425,"height":1080,"caption":"PENOSIL WoodFix PVA D3 647 medienos klijai"},{"@type":"BreadcrumbList","@id":"https:\/\/penosil.com\/lt\/produktai\/woodfix-pva-d3-647-medienos-klijai\/#breadcrumb","itemListElement":[{"@type":"ListItem","position":1,"name":"Home","item":"https:\/\/penosil.com\/lt\/"},{"@type":"ListItem","position":2,"name":"Produktai","item":"https:\/\/penosil.com\/lt\/produktai\/"},{"@type":"ListItem","position":3,"name":"WoodFix PVA D3 647"}]},{"@type":"WebSite","@id":"https:\/\/penosil.com\/lt\/#website","url":"https:\/\/penosil.com\/lt\/","name":"Penosil Lithuania","description":"","potentialAction":[{"@type":"SearchAction","target":{"@type":"EntryPoint","urlTemplate":"https:\/\/penosil.com\/lt\/?s={search_term_string}"},"query-input":{"@type":"PropertyValueSpecification","valueRequired":true,"valueName":"search_term_string"}}],"inLanguage":"lt-LT"}]}},"featured_img":"https:\/\/penosil.com\/lt\/wp-content\/uploads\/sites\/13\/2025\/08\/647_WoodFix_PVA_D3_647_500ml_LT_LV_RU.png","coauthors":[],"author_meta":{"author_link":"https:\/\/penosil.com\/lt\/author\/asta\/","display_name":"Asta Salkauskiene"},"relative_dates":{"created":"Posted 3 metai ago","modified":"Updated 3 m\u0117nesiai ago"},"absolute_dates":{"created":"Posted on 2023 13 sausio","modified":"Updated on 2026 7 sausio"},"absolute_dates_time":{"created":"Posted on 2023 13 sausio 8:00","modified":"Updated on 2026 7 sausio 1:03"},"featured_img_caption":"","tax_additional":{"product_brand":{"linked":[],"unlinked":[],"slug":"product_brand","name":"Preki\u0173 \u017eenklai"},"product_type":{"linked":["<a href=\"https:\/\/penosil.com\/lt\/?taxonomy=product_type&#038;term=simple\" class=\"advgb-post-tax-term\">simple<\/a>"],"unlinked":["<span class=\"advgb-post-tax-term\">simple<\/span>"],"slug":"product_type","name":"Produkto tipas"},"product_visibility":{"linked":[],"unlinked":[],"slug":"product_visibility","name":"Produkto matomumas"},"product_cat":{"linked":["<a href=\"https:\/\/penosil.com\/lt\/produkto-kategorija\/naudojimo-sritys\/\" class=\"advgb-post-tax-term\">Naudojimo sritys<\/a>","<a href=\"https:\/\/penosil.com\/lt\/produkto-kategorija\/produktu-grupes\/\" class=\"advgb-post-tax-term\">Produkt\u0173 grup\u0117s<\/a>","<a href=\"https:\/\/penosil.com\/lt\/produkto-kategorija\/produktu-grupes\/klijai\/\" class=\"advgb-post-tax-term\">Klijai<\/a>","<a href=\"https:\/\/penosil.com\/lt\/produkto-kategorija\/produktu-grupes\/klijai\/akriliniai-klijai\/\" class=\"advgb-post-tax-term\">Akriliniai klijai<\/a>","<a href=\"https:\/\/penosil.com\/lt\/produkto-kategorija\/naudojimo-sritys\/klijavimas\/\" class=\"advgb-post-tax-term\">Klijavimas<\/a>"],"unlinked":["<span class=\"advgb-post-tax-term\">Naudojimo sritys<\/span>","<span class=\"advgb-post-tax-term\">Produkt\u0173 grup\u0117s<\/span>","<span class=\"advgb-post-tax-term\">Klijai<\/span>","<span class=\"advgb-post-tax-term\">Akriliniai klijai<\/span>","<span class=\"advgb-post-tax-term\">Klijavimas<\/span>"],"slug":"product_cat","name":"Produkto kategorijos"},"product_tag":{"linked":[],"unlinked":[],"slug":"product_tag","name":"Produkto \u017eyma"},"product_shipping_class":{"linked":[],"unlinked":[],"slug":"product_shipping_class","name":"Produkto pristatymo klas\u0117s"},"pos_product_visibility":{"linked":[],"unlinked":[],"slug":"pos_product_visibility","name":"POS Product visibility"},"pa_color":{"linked":["<a href=\"https:\/\/penosil.com\/lt\/en\/?taxonomy=pa_color&#038;term=balta\" class=\"advgb-post-tax-term\">Balta<\/a>"],"unlinked":["<span class=\"advgb-post-tax-term\">Balta<\/span>"],"slug":"pa_color","name":"Product Color"},"pa_package":{"linked":["<a href=\"https:\/\/penosil.com\/lt\/?taxonomy=pa_package&#038;term=500-ml\" class=\"advgb-post-tax-term\">500 ml<\/a>"],"unlinked":["<span class=\"advgb-post-tax-term\">500 ml<\/span>"],"slug":"pa_package","name":"Product Package"},"pa_plotis":{"linked":[],"unlinked":[],"slug":"pa_plotis","name":"Product Plotis"},"pa_skersmuo":{"linked":[],"unlinked":[],"slug":"pa_skersmuo","name":"Product Skersmuo"},"translation_priority":{"linked":["<a href=\"https:\/\/penosil.com\/lt\/?taxonomy=translation_priority&#038;term=optional-lt\" class=\"advgb-post-tax-term\">Optional<\/a>"],"unlinked":["<span class=\"advgb-post-tax-term\">Optional<\/span>"],"slug":"translation_priority","name":"Translation Priorities"}},"series_order":"","_links":{"self":[{"href":"https:\/\/penosil.com\/lt\/wp-json\/wp\/v2\/product\/11773","targetHints":{"allow":["GET"]}}],"collection":[{"href":"https:\/\/penosil.com\/lt\/wp-json\/wp\/v2\/product"}],"about":[{"href":"https:\/\/penosil.com\/lt\/wp-json\/wp\/v2\/types\/product"}],"version-history":[{"count":4,"href":"https:\/\/penosil.com\/lt\/wp-json\/wp\/v2\/product\/11773\/revisions"}],"predecessor-version":[{"id":15925,"href":"https:\/\/penosil.com\/lt\/wp-json\/wp\/v2\/product\/11773\/revisions\/15925"}],"wp:featuredmedia":[{"embeddable":true,"href":"https:\/\/penosil.com\/lt\/wp-json\/wp\/v2\/media\/15895"}],"wp:attachment":[{"href":"https:\/\/penosil.com\/lt\/wp-json\/wp\/v2\/media?parent=11773"}],"wp:term":[{"taxonomy":"product_brand","embeddable":true,"href":"https:\/\/penosil.com\/lt\/wp-json\/wp\/v2\/product_brand?post=11773"},{"taxonomy":"product_cat","embeddable":true,"href":"https:\/\/penosil.com\/lt\/wp-json\/wp\/v2\/product_cat?post=11773"},{"taxonomy":"product_tag","embeddable":true,"href":"https:\/\/penosil.com\/lt\/wp-json\/wp\/v2\/product_tag?post=11773"}],"curies":[{"name":"wp","href":"https:\/\/api.w.org\/{rel}","templated":true}]}}