{"id":11775,"date":"2023-01-13T09:14:59","date_gmt":"2023-01-13T09:14:59","guid":{"rendered":"https:\/\/penosil.com\/lt\/?post_type=product&#038;p=11775"},"modified":"2026-02-21T01:02:38","modified_gmt":"2026-02-21T01:02:38","slug":"universal-sealfix-hybrid-711c-hibridinis-hermetikas","status":"publish","type":"product","link":"https:\/\/penosil.com\/lt\/produktai\/universal-sealfix-hybrid-711c-hibridinis-hermetikas\/","title":{"rendered":"Universal Seal&amp;Fix Hybrid 711c"},"content":{"rendered":"<p>\u012evairi\u0173 paskir\u010di\u0173, elastingas hibridinis hermetikas, skirtas sandarinimui ir klijavimui atliekant darbus lauke ir viduje. Gerai sukimba su dauguma statybini\u0173 med\u017eiag\u0173 ir net su dr\u0117gnais pavir\u0161iais. Gali b\u016bti naudojamas kaip klijai judan\u010diose konstrukcijose.<\/p>\n","protected":false},"excerpt":{"rendered":"hibridinis hermetikas","protected":false},"author":5,"featured_media":15744,"template":"","meta":{"_acf_changed":false,"advgb_blocks_editor_width":"","advgb_blocks_columns_visual_guide":"","footnotes":""},"product_brand":[],"product_cat":[210,836,1608,1368,2364],"product_tag":[],"class_list":{"0":"post-11775","1":"product","2":"type-product","3":"status-publish","4":"has-post-thumbnail","6":"product_cat-naudojimo-sritys","7":"product_cat-bendroji-statyba","8":"product_cat-hermetikai-ir-mastikos","9":"product_cat-produktu-grupes","10":"product_cat-hibridiniai-hermetikai","12":"first","13":"instock","14":"taxable","15":"shipping-taxable","16":"purchasable","17":"product-type-variable"},"acf":[],"yoast_head":"<!-- This site is optimized with the Yoast SEO plugin v27.2 - https:\/\/yoast.com\/product\/yoast-seo-wordpress\/ -->\n<title>PENOSIL Universal Seal&amp;Fix Hybrid 711c hibridinis hermetikas<\/title>\n<meta name=\"description\" content=\"\u012evairi\u0173 paskir\u010di\u0173 hibridinis hermetikas, skirtas sandarinimui, klijavimui atliekant vidaus ir lauko darbus. Su\u017einokite daugiau!\" \/>\n<meta name=\"robots\" content=\"index, follow, max-snippet:-1, max-image-preview:large, max-video-preview:-1\" \/>\n<link rel=\"canonical\" href=\"https:\/\/penosil.com\/lt\/produktai\/universal-sealfix-hybrid-711c-hibridinis-hermetikas\/\" \/>\n<meta property=\"og:locale\" content=\"lt_LT\" \/>\n<meta property=\"og:type\" content=\"article\" \/>\n<meta property=\"og:title\" content=\"PENOSIL Universal Seal&amp;Fix Hybrid 711c hibridinis hermetikas\" \/>\n<meta property=\"og:description\" content=\"\u012evairi\u0173 paskir\u010di\u0173 hibridinis hermetikas, skirtas sandarinimui, klijavimui atliekant vidaus ir lauko darbus. Su\u017einokite daugiau!\" \/>\n<meta property=\"og:url\" content=\"https:\/\/penosil.com\/lt\/produktai\/universal-sealfix-hybrid-711c-hibridinis-hermetikas\/\" \/>\n<meta property=\"og:site_name\" content=\"Penosil Lithuania\" \/>\n<meta property=\"article:modified_time\" content=\"2026-02-21T01:02:38+00:00\" \/>\n<meta property=\"og:image\" content=\"https:\/\/penosil.com\/lt\/wp-content\/uploads\/sites\/13\/2025\/08\/7119_Universal_Seal_and_Fix_Hybrid_711c_white_LT_LV.png\" \/>\n\t<meta property=\"og:image:width\" content=\"387\" \/>\n\t<meta property=\"og:image:height\" content=\"1080\" \/>\n\t<meta property=\"og:image:type\" content=\"image\/png\" \/>\n<meta name=\"twitter:card\" content=\"summary_large_image\" \/>\n<script type=\"application\/ld+json\" class=\"yoast-schema-graph\">{\"@context\":\"https:\/\/schema.org\",\"@graph\":[{\"@type\":\"WebPage\",\"@id\":\"https:\/\/penosil.com\/lt\/produktai\/universal-sealfix-hybrid-711c-hibridinis-hermetikas\/\",\"url\":\"https:\/\/penosil.com\/lt\/produktai\/universal-sealfix-hybrid-711c-hibridinis-hermetikas\/\",\"name\":\"PENOSIL Universal Seal&Fix Hybrid 711c hibridinis hermetikas\",\"isPartOf\":{\"@id\":\"https:\/\/penosil.com\/lt\/#website\"},\"primaryImageOfPage\":{\"@id\":\"https:\/\/penosil.com\/lt\/produktai\/universal-sealfix-hybrid-711c-hibridinis-hermetikas\/#primaryimage\"},\"image\":{\"@id\":\"https:\/\/penosil.com\/lt\/produktai\/universal-sealfix-hybrid-711c-hibridinis-hermetikas\/#primaryimage\"},\"thumbnailUrl\":\"https:\/\/penosil.com\/lt\/wp-content\/uploads\/sites\/13\/2025\/08\/7119_Universal_Seal_and_Fix_Hybrid_711c_white_LT_LV.png\",\"datePublished\":\"2023-01-13T09:14:59+00:00\",\"dateModified\":\"2026-02-21T01:02:38+00:00\",\"description\":\"\u012evairi\u0173 paskir\u010di\u0173 hibridinis hermetikas, skirtas sandarinimui, klijavimui atliekant vidaus ir lauko darbus. Su\u017einokite daugiau!\",\"breadcrumb\":{\"@id\":\"https:\/\/penosil.com\/lt\/produktai\/universal-sealfix-hybrid-711c-hibridinis-hermetikas\/#breadcrumb\"},\"inLanguage\":\"lt-LT\",\"potentialAction\":[{\"@type\":\"ReadAction\",\"target\":[\"https:\/\/penosil.com\/lt\/produktai\/universal-sealfix-hybrid-711c-hibridinis-hermetikas\/\"]}]},{\"@type\":\"ImageObject\",\"inLanguage\":\"lt-LT\",\"@id\":\"https:\/\/penosil.com\/lt\/produktai\/universal-sealfix-hybrid-711c-hibridinis-hermetikas\/#primaryimage\",\"url\":\"https:\/\/penosil.com\/lt\/wp-content\/uploads\/sites\/13\/2025\/08\/7119_Universal_Seal_and_Fix_Hybrid_711c_white_LT_LV.png\",\"contentUrl\":\"https:\/\/penosil.com\/lt\/wp-content\/uploads\/sites\/13\/2025\/08\/7119_Universal_Seal_and_Fix_Hybrid_711c_white_LT_LV.png\",\"width\":387,\"height\":1080,\"caption\":\"PENOSIL Universal Seal&Fix Hybrid 711c hibridinis hermetikas baltas\"},{\"@type\":\"BreadcrumbList\",\"@id\":\"https:\/\/penosil.com\/lt\/produktai\/universal-sealfix-hybrid-711c-hibridinis-hermetikas\/#breadcrumb\",\"itemListElement\":[{\"@type\":\"ListItem\",\"position\":1,\"name\":\"Home\",\"item\":\"https:\/\/penosil.com\/lt\/\"},{\"@type\":\"ListItem\",\"position\":2,\"name\":\"Produktai\",\"item\":\"https:\/\/penosil.com\/lt\/produktai\/\"},{\"@type\":\"ListItem\",\"position\":3,\"name\":\"Universal Seal&amp;Fix Hybrid 711c\"}]},{\"@type\":\"WebSite\",\"@id\":\"https:\/\/penosil.com\/lt\/#website\",\"url\":\"https:\/\/penosil.com\/lt\/\",\"name\":\"Penosil Lithuania\",\"description\":\"\",\"potentialAction\":[{\"@type\":\"SearchAction\",\"target\":{\"@type\":\"EntryPoint\",\"urlTemplate\":\"https:\/\/penosil.com\/lt\/?s={search_term_string}\"},\"query-input\":{\"@type\":\"PropertyValueSpecification\",\"valueRequired\":true,\"valueName\":\"search_term_string\"}}],\"inLanguage\":\"lt-LT\"}]}<\/script>\n<!-- \/ Yoast SEO plugin. -->","yoast_head_json":{"title":"PENOSIL Universal Seal&Fix Hybrid 711c hibridinis hermetikas","description":"\u012evairi\u0173 paskir\u010di\u0173 hibridinis hermetikas, skirtas sandarinimui, klijavimui atliekant vidaus ir lauko darbus. Su\u017einokite daugiau!","robots":{"index":"index","follow":"follow","max-snippet":"max-snippet:-1","max-image-preview":"max-image-preview:large","max-video-preview":"max-video-preview:-1"},"canonical":"https:\/\/penosil.com\/lt\/produktai\/universal-sealfix-hybrid-711c-hibridinis-hermetikas\/","og_locale":"lt_LT","og_type":"article","og_title":"PENOSIL Universal Seal&Fix Hybrid 711c hibridinis hermetikas","og_description":"\u012evairi\u0173 paskir\u010di\u0173 hibridinis hermetikas, skirtas sandarinimui, klijavimui atliekant vidaus ir lauko darbus. Su\u017einokite daugiau!","og_url":"https:\/\/penosil.com\/lt\/produktai\/universal-sealfix-hybrid-711c-hibridinis-hermetikas\/","og_site_name":"Penosil Lithuania","article_modified_time":"2026-02-21T01:02:38+00:00","og_image":[{"width":387,"height":1080,"url":"https:\/\/penosil.com\/lt\/wp-content\/uploads\/sites\/13\/2025\/08\/7119_Universal_Seal_and_Fix_Hybrid_711c_white_LT_LV.png","type":"image\/png"}],"twitter_card":"summary_large_image","schema":{"@context":"https:\/\/schema.org","@graph":[{"@type":"WebPage","@id":"https:\/\/penosil.com\/lt\/produktai\/universal-sealfix-hybrid-711c-hibridinis-hermetikas\/","url":"https:\/\/penosil.com\/lt\/produktai\/universal-sealfix-hybrid-711c-hibridinis-hermetikas\/","name":"PENOSIL Universal Seal&Fix Hybrid 711c hibridinis hermetikas","isPartOf":{"@id":"https:\/\/penosil.com\/lt\/#website"},"primaryImageOfPage":{"@id":"https:\/\/penosil.com\/lt\/produktai\/universal-sealfix-hybrid-711c-hibridinis-hermetikas\/#primaryimage"},"image":{"@id":"https:\/\/penosil.com\/lt\/produktai\/universal-sealfix-hybrid-711c-hibridinis-hermetikas\/#primaryimage"},"thumbnailUrl":"https:\/\/penosil.com\/lt\/wp-content\/uploads\/sites\/13\/2025\/08\/7119_Universal_Seal_and_Fix_Hybrid_711c_white_LT_LV.png","datePublished":"2023-01-13T09:14:59+00:00","dateModified":"2026-02-21T01:02:38+00:00","description":"\u012evairi\u0173 paskir\u010di\u0173 hibridinis hermetikas, skirtas sandarinimui, klijavimui atliekant vidaus ir lauko darbus. Su\u017einokite daugiau!","breadcrumb":{"@id":"https:\/\/penosil.com\/lt\/produktai\/universal-sealfix-hybrid-711c-hibridinis-hermetikas\/#breadcrumb"},"inLanguage":"lt-LT","potentialAction":[{"@type":"ReadAction","target":["https:\/\/penosil.com\/lt\/produktai\/universal-sealfix-hybrid-711c-hibridinis-hermetikas\/"]}]},{"@type":"ImageObject","inLanguage":"lt-LT","@id":"https:\/\/penosil.com\/lt\/produktai\/universal-sealfix-hybrid-711c-hibridinis-hermetikas\/#primaryimage","url":"https:\/\/penosil.com\/lt\/wp-content\/uploads\/sites\/13\/2025\/08\/7119_Universal_Seal_and_Fix_Hybrid_711c_white_LT_LV.png","contentUrl":"https:\/\/penosil.com\/lt\/wp-content\/uploads\/sites\/13\/2025\/08\/7119_Universal_Seal_and_Fix_Hybrid_711c_white_LT_LV.png","width":387,"height":1080,"caption":"PENOSIL Universal Seal&Fix Hybrid 711c hibridinis hermetikas baltas"},{"@type":"BreadcrumbList","@id":"https:\/\/penosil.com\/lt\/produktai\/universal-sealfix-hybrid-711c-hibridinis-hermetikas\/#breadcrumb","itemListElement":[{"@type":"ListItem","position":1,"name":"Home","item":"https:\/\/penosil.com\/lt\/"},{"@type":"ListItem","position":2,"name":"Produktai","item":"https:\/\/penosil.com\/lt\/produktai\/"},{"@type":"ListItem","position":3,"name":"Universal Seal&amp;Fix Hybrid 711c"}]},{"@type":"WebSite","@id":"https:\/\/penosil.com\/lt\/#website","url":"https:\/\/penosil.com\/lt\/","name":"Penosil Lithuania","description":"","potentialAction":[{"@type":"SearchAction","target":{"@type":"EntryPoint","urlTemplate":"https:\/\/penosil.com\/lt\/?s={search_term_string}"},"query-input":{"@type":"PropertyValueSpecification","valueRequired":true,"valueName":"search_term_string"}}],"inLanguage":"lt-LT"}]}},"featured_img":"https:\/\/penosil.com\/lt\/wp-content\/uploads\/sites\/13\/2025\/08\/7119_Universal_Seal_and_Fix_Hybrid_711c_white_LT_LV.png","coauthors":[],"author_meta":{"author_link":"https:\/\/penosil.com\/lt\/author\/asta\/","display_name":"Asta Salkauskiene"},"relative_dates":{"created":"Posted 3 metai ago","modified":"Updated 2 m\u0117nesiai ago"},"absolute_dates":{"created":"Posted on 2023 13 sausio","modified":"Updated on 2026 21 vasario"},"absolute_dates_time":{"created":"Posted on 2023 13 sausio 9:14","modified":"Updated on 2026 21 vasario 1:02"},"featured_img_caption":"","tax_additional":{"product_brand":{"linked":[],"unlinked":[],"slug":"product_brand","name":"Preki\u0173 \u017eenklai"},"product_type":{"linked":["<a href=\"https:\/\/penosil.com\/lt\/?taxonomy=product_type&#038;term=variable\" class=\"advgb-post-tax-term\">variable<\/a>"],"unlinked":["<span class=\"advgb-post-tax-term\">variable<\/span>"],"slug":"product_type","name":"Produkto tipas"},"product_visibility":{"linked":[],"unlinked":[],"slug":"product_visibility","name":"Produkto matomumas"},"product_cat":{"linked":["<a href=\"https:\/\/penosil.com\/lt\/produkto-kategorija\/naudojimo-sritys\/\" class=\"advgb-post-tax-term\">Naudojimo sritys<\/a>","<a href=\"https:\/\/penosil.com\/lt\/produkto-kategorija\/naudojimo-sritys\/bendroji-statyba\/\" class=\"advgb-post-tax-term\">Bendroji statyba<\/a>","<a href=\"https:\/\/penosil.com\/lt\/produkto-kategorija\/produktu-grupes\/hermetikai-ir-mastikos\/\" class=\"advgb-post-tax-term\">Hermetikai ir mastikos<\/a>","<a href=\"https:\/\/penosil.com\/lt\/produkto-kategorija\/produktu-grupes\/\" class=\"advgb-post-tax-term\">Produkt\u0173 grup\u0117s<\/a>","<a href=\"https:\/\/penosil.com\/lt\/produkto-kategorija\/produktu-grupes\/hermetikai-ir-mastikos\/hibridiniai-hermetikai\/\" class=\"advgb-post-tax-term\">Hibridiniai hermetikai<\/a>"],"unlinked":["<span class=\"advgb-post-tax-term\">Naudojimo sritys<\/span>","<span class=\"advgb-post-tax-term\">Bendroji statyba<\/span>","<span class=\"advgb-post-tax-term\">Hermetikai ir mastikos<\/span>","<span class=\"advgb-post-tax-term\">Produkt\u0173 grup\u0117s<\/span>","<span class=\"advgb-post-tax-term\">Hibridiniai hermetikai<\/span>"],"slug":"product_cat","name":"Produkto kategorijos"},"product_tag":{"linked":[],"unlinked":[],"slug":"product_tag","name":"Produkto \u017eyma"},"product_shipping_class":{"linked":[],"unlinked":[],"slug":"product_shipping_class","name":"Produkto pristatymo klas\u0117s"},"pos_product_visibility":{"linked":[],"unlinked":[],"slug":"pos_product_visibility","name":"POS Product visibility"},"pa_color":{"linked":["<a href=\"https:\/\/penosil.com\/lt\/en\/?taxonomy=pa_color&#038;term=balta\" class=\"advgb-post-tax-term\">Balta<\/a>","<a href=\"https:\/\/penosil.com\/lt\/en\/?taxonomy=pa_color&#038;term=juoda\" class=\"advgb-post-tax-term\">Juoda<\/a>","<a href=\"https:\/\/penosil.com\/lt\/en\/?taxonomy=pa_color&#038;term=pilka\" class=\"advgb-post-tax-term\">Pilka<\/a>"],"unlinked":["<span class=\"advgb-post-tax-term\">Balta<\/span>","<span class=\"advgb-post-tax-term\">Juoda<\/span>","<span class=\"advgb-post-tax-term\">Pilka<\/span>"],"slug":"pa_color","name":"Product Color"},"pa_package":{"linked":["<a href=\"https:\/\/penosil.com\/lt\/?taxonomy=pa_package&#038;term=280-ml\" class=\"advgb-post-tax-term\">280 ml<\/a>"],"unlinked":["<span class=\"advgb-post-tax-term\">280 ml<\/span>"],"slug":"pa_package","name":"Product Package"},"pa_plotis":{"linked":[],"unlinked":[],"slug":"pa_plotis","name":"Product Plotis"},"pa_skersmuo":{"linked":[],"unlinked":[],"slug":"pa_skersmuo","name":"Product Skersmuo"},"translation_priority":{"linked":["<a href=\"https:\/\/penosil.com\/lt\/?taxonomy=translation_priority&#038;term=optional-lt\" class=\"advgb-post-tax-term\">Optional<\/a>"],"unlinked":["<span class=\"advgb-post-tax-term\">Optional<\/span>"],"slug":"translation_priority","name":"Translation Priorities"}},"series_order":"","_links":{"self":[{"href":"https:\/\/penosil.com\/lt\/wp-json\/wp\/v2\/product\/11775","targetHints":{"allow":["GET"]}}],"collection":[{"href":"https:\/\/penosil.com\/lt\/wp-json\/wp\/v2\/product"}],"about":[{"href":"https:\/\/penosil.com\/lt\/wp-json\/wp\/v2\/types\/product"}],"version-history":[{"count":8,"href":"https:\/\/penosil.com\/lt\/wp-json\/wp\/v2\/product\/11775\/revisions"}],"predecessor-version":[{"id":15754,"href":"https:\/\/penosil.com\/lt\/wp-json\/wp\/v2\/product\/11775\/revisions\/15754"}],"wp:featuredmedia":[{"embeddable":true,"href":"https:\/\/penosil.com\/lt\/wp-json\/wp\/v2\/media\/15744"}],"wp:attachment":[{"href":"https:\/\/penosil.com\/lt\/wp-json\/wp\/v2\/media?parent=11775"}],"wp:term":[{"taxonomy":"product_brand","embeddable":true,"href":"https:\/\/penosil.com\/lt\/wp-json\/wp\/v2\/product_brand?post=11775"},{"taxonomy":"product_cat","embeddable":true,"href":"https:\/\/penosil.com\/lt\/wp-json\/wp\/v2\/product_cat?post=11775"},{"taxonomy":"product_tag","embeddable":true,"href":"https:\/\/penosil.com\/lt\/wp-json\/wp\/v2\/product_tag?post=11775"}],"curies":[{"name":"wp","href":"https:\/\/api.w.org\/{rel}","templated":true}]}}