{"id":11858,"date":"2023-02-07T07:48:26","date_gmt":"2023-02-07T07:48:26","guid":{"rendered":"https:\/\/penosil.com\/lt\/?post_type=product&#038;p=11858"},"modified":"2026-04-14T00:02:35","modified_gmt":"2026-04-14T00:02:35","slug":"ventilation-hybrid-710-hermetikas-ventiliacijos-sistemoms","status":"publish","type":"product","link":"https:\/\/penosil.com\/lt\/produktai\/ventilation-hybrid-710-hermetikas-ventiliacijos-sistemoms\/","title":{"rendered":"Ventilation Hybrid 710"},"content":{"rendered":"<p>\u012evairi\u0173 paskir\u010di\u0173 hibridinis hermetikas ventiliacijos sistemoms sandarinti ir montuoti. D\u0117l didelio elastingumo ir atsparumo pel\u0117si\u0173 augimui \u0161\u012f produkt\u0105 galima taip pat naudoti \u012fvairiose pramon\u0117s srityse.<\/p>\n","protected":false},"excerpt":{"rendered":"hermetikas ventiliacijos sistemoms","protected":false},"author":5,"featured_media":15774,"template":"","meta":{"_acf_changed":false,"advgb_blocks_editor_width":"","advgb_blocks_columns_visual_guide":"","footnotes":""},"product_brand":[],"product_cat":[210,836,1608,1368,2364],"product_tag":[],"class_list":{"0":"post-11858","1":"product","2":"type-product","3":"status-publish","4":"has-post-thumbnail","6":"product_cat-naudojimo-sritys","7":"product_cat-bendroji-statyba","8":"product_cat-hermetikai-ir-mastikos","9":"product_cat-produktu-grupes","10":"product_cat-hibridiniai-hermetikai","12":"first","13":"instock","14":"taxable","15":"shipping-taxable","16":"purchasable","17":"product-type-simple"},"acf":[],"yoast_head":"<!-- This site is optimized with the Yoast SEO plugin v27.2 - https:\/\/yoast.com\/product\/yoast-seo-wordpress\/ -->\n<title>PENOSIL Ventilation Hybrid 710 hermetikas ventiliacijos sistemoms<\/title>\n<meta name=\"description\" content=\"Hibridinis hermetikas ventiliacijos sistemoms sandarinti. Taip pat sandarinimui, klijavimui pramon\u0117je, sukimba ir su dr\u0117gnais pavir\u0161iais. Daugiau!\" \/>\n<meta name=\"robots\" content=\"index, follow, max-snippet:-1, max-image-preview:large, max-video-preview:-1\" \/>\n<link rel=\"canonical\" href=\"https:\/\/penosil.com\/lt\/produktai\/ventilation-hybrid-710-hermetikas-ventiliacijos-sistemoms\/\" \/>\n<meta property=\"og:locale\" content=\"lt_LT\" \/>\n<meta property=\"og:type\" content=\"article\" \/>\n<meta property=\"og:title\" content=\"PENOSIL Ventilation Hybrid 710 hermetikas ventiliacijos sistemoms\" \/>\n<meta property=\"og:description\" content=\"Hibridinis hermetikas ventiliacijos sistemoms sandarinti. Taip pat sandarinimui, klijavimui pramon\u0117je, sukimba ir su dr\u0117gnais pavir\u0161iais. Daugiau!\" \/>\n<meta property=\"og:url\" content=\"https:\/\/penosil.com\/lt\/produktai\/ventilation-hybrid-710-hermetikas-ventiliacijos-sistemoms\/\" \/>\n<meta property=\"og:site_name\" content=\"Penosil Lithuania\" \/>\n<meta property=\"article:modified_time\" content=\"2026-04-14T00:02:35+00:00\" \/>\n<meta property=\"og:image\" content=\"https:\/\/penosil.com\/lt\/wp-content\/uploads\/sites\/13\/2025\/08\/710_Ventilation_Hybrid_710_LT_LV_RU.png\" \/>\n\t<meta property=\"og:image:width\" content=\"387\" \/>\n\t<meta property=\"og:image:height\" content=\"1080\" \/>\n\t<meta property=\"og:image:type\" content=\"image\/png\" \/>\n<meta name=\"twitter:card\" content=\"summary_large_image\" \/>\n<script type=\"application\/ld+json\" class=\"yoast-schema-graph\">{\"@context\":\"https:\/\/schema.org\",\"@graph\":[{\"@type\":\"WebPage\",\"@id\":\"https:\/\/penosil.com\/lt\/produktai\/ventilation-hybrid-710-hermetikas-ventiliacijos-sistemoms\/\",\"url\":\"https:\/\/penosil.com\/lt\/produktai\/ventilation-hybrid-710-hermetikas-ventiliacijos-sistemoms\/\",\"name\":\"PENOSIL Ventilation Hybrid 710 hermetikas ventiliacijos sistemoms\",\"isPartOf\":{\"@id\":\"https:\/\/penosil.com\/lt\/#website\"},\"primaryImageOfPage\":{\"@id\":\"https:\/\/penosil.com\/lt\/produktai\/ventilation-hybrid-710-hermetikas-ventiliacijos-sistemoms\/#primaryimage\"},\"image\":{\"@id\":\"https:\/\/penosil.com\/lt\/produktai\/ventilation-hybrid-710-hermetikas-ventiliacijos-sistemoms\/#primaryimage\"},\"thumbnailUrl\":\"https:\/\/penosil.com\/lt\/wp-content\/uploads\/sites\/13\/2025\/08\/710_Ventilation_Hybrid_710_LT_LV_RU.png\",\"datePublished\":\"2023-02-07T07:48:26+00:00\",\"dateModified\":\"2026-04-14T00:02:35+00:00\",\"description\":\"Hibridinis hermetikas ventiliacijos sistemoms sandarinti. Taip pat sandarinimui, klijavimui pramon\u0117je, sukimba ir su dr\u0117gnais pavir\u0161iais. Daugiau!\",\"breadcrumb\":{\"@id\":\"https:\/\/penosil.com\/lt\/produktai\/ventilation-hybrid-710-hermetikas-ventiliacijos-sistemoms\/#breadcrumb\"},\"inLanguage\":\"lt-LT\",\"potentialAction\":[{\"@type\":\"ReadAction\",\"target\":[\"https:\/\/penosil.com\/lt\/produktai\/ventilation-hybrid-710-hermetikas-ventiliacijos-sistemoms\/\"]}]},{\"@type\":\"ImageObject\",\"inLanguage\":\"lt-LT\",\"@id\":\"https:\/\/penosil.com\/lt\/produktai\/ventilation-hybrid-710-hermetikas-ventiliacijos-sistemoms\/#primaryimage\",\"url\":\"https:\/\/penosil.com\/lt\/wp-content\/uploads\/sites\/13\/2025\/08\/710_Ventilation_Hybrid_710_LT_LV_RU.png\",\"contentUrl\":\"https:\/\/penosil.com\/lt\/wp-content\/uploads\/sites\/13\/2025\/08\/710_Ventilation_Hybrid_710_LT_LV_RU.png\",\"width\":387,\"height\":1080,\"caption\":\"PENOSIL Ventilation Hybrid 710 hermetikas ventiliacijos sistemoms\"},{\"@type\":\"BreadcrumbList\",\"@id\":\"https:\/\/penosil.com\/lt\/produktai\/ventilation-hybrid-710-hermetikas-ventiliacijos-sistemoms\/#breadcrumb\",\"itemListElement\":[{\"@type\":\"ListItem\",\"position\":1,\"name\":\"Home\",\"item\":\"https:\/\/penosil.com\/lt\/\"},{\"@type\":\"ListItem\",\"position\":2,\"name\":\"Produktai\",\"item\":\"https:\/\/penosil.com\/lt\/produktai\/\"},{\"@type\":\"ListItem\",\"position\":3,\"name\":\"Ventilation Hybrid 710\"}]},{\"@type\":\"WebSite\",\"@id\":\"https:\/\/penosil.com\/lt\/#website\",\"url\":\"https:\/\/penosil.com\/lt\/\",\"name\":\"Penosil Lithuania\",\"description\":\"\",\"potentialAction\":[{\"@type\":\"SearchAction\",\"target\":{\"@type\":\"EntryPoint\",\"urlTemplate\":\"https:\/\/penosil.com\/lt\/?s={search_term_string}\"},\"query-input\":{\"@type\":\"PropertyValueSpecification\",\"valueRequired\":true,\"valueName\":\"search_term_string\"}}],\"inLanguage\":\"lt-LT\"}]}<\/script>\n<!-- \/ Yoast SEO plugin. -->","yoast_head_json":{"title":"PENOSIL Ventilation Hybrid 710 hermetikas ventiliacijos sistemoms","description":"Hibridinis hermetikas ventiliacijos sistemoms sandarinti. Taip pat sandarinimui, klijavimui pramon\u0117je, sukimba ir su dr\u0117gnais pavir\u0161iais. Daugiau!","robots":{"index":"index","follow":"follow","max-snippet":"max-snippet:-1","max-image-preview":"max-image-preview:large","max-video-preview":"max-video-preview:-1"},"canonical":"https:\/\/penosil.com\/lt\/produktai\/ventilation-hybrid-710-hermetikas-ventiliacijos-sistemoms\/","og_locale":"lt_LT","og_type":"article","og_title":"PENOSIL Ventilation Hybrid 710 hermetikas ventiliacijos sistemoms","og_description":"Hibridinis hermetikas ventiliacijos sistemoms sandarinti. Taip pat sandarinimui, klijavimui pramon\u0117je, sukimba ir su dr\u0117gnais pavir\u0161iais. Daugiau!","og_url":"https:\/\/penosil.com\/lt\/produktai\/ventilation-hybrid-710-hermetikas-ventiliacijos-sistemoms\/","og_site_name":"Penosil Lithuania","article_modified_time":"2026-04-14T00:02:35+00:00","og_image":[{"width":387,"height":1080,"url":"https:\/\/penosil.com\/lt\/wp-content\/uploads\/sites\/13\/2025\/08\/710_Ventilation_Hybrid_710_LT_LV_RU.png","type":"image\/png"}],"twitter_card":"summary_large_image","schema":{"@context":"https:\/\/schema.org","@graph":[{"@type":"WebPage","@id":"https:\/\/penosil.com\/lt\/produktai\/ventilation-hybrid-710-hermetikas-ventiliacijos-sistemoms\/","url":"https:\/\/penosil.com\/lt\/produktai\/ventilation-hybrid-710-hermetikas-ventiliacijos-sistemoms\/","name":"PENOSIL Ventilation Hybrid 710 hermetikas ventiliacijos sistemoms","isPartOf":{"@id":"https:\/\/penosil.com\/lt\/#website"},"primaryImageOfPage":{"@id":"https:\/\/penosil.com\/lt\/produktai\/ventilation-hybrid-710-hermetikas-ventiliacijos-sistemoms\/#primaryimage"},"image":{"@id":"https:\/\/penosil.com\/lt\/produktai\/ventilation-hybrid-710-hermetikas-ventiliacijos-sistemoms\/#primaryimage"},"thumbnailUrl":"https:\/\/penosil.com\/lt\/wp-content\/uploads\/sites\/13\/2025\/08\/710_Ventilation_Hybrid_710_LT_LV_RU.png","datePublished":"2023-02-07T07:48:26+00:00","dateModified":"2026-04-14T00:02:35+00:00","description":"Hibridinis hermetikas ventiliacijos sistemoms sandarinti. Taip pat sandarinimui, klijavimui pramon\u0117je, sukimba ir su dr\u0117gnais pavir\u0161iais. Daugiau!","breadcrumb":{"@id":"https:\/\/penosil.com\/lt\/produktai\/ventilation-hybrid-710-hermetikas-ventiliacijos-sistemoms\/#breadcrumb"},"inLanguage":"lt-LT","potentialAction":[{"@type":"ReadAction","target":["https:\/\/penosil.com\/lt\/produktai\/ventilation-hybrid-710-hermetikas-ventiliacijos-sistemoms\/"]}]},{"@type":"ImageObject","inLanguage":"lt-LT","@id":"https:\/\/penosil.com\/lt\/produktai\/ventilation-hybrid-710-hermetikas-ventiliacijos-sistemoms\/#primaryimage","url":"https:\/\/penosil.com\/lt\/wp-content\/uploads\/sites\/13\/2025\/08\/710_Ventilation_Hybrid_710_LT_LV_RU.png","contentUrl":"https:\/\/penosil.com\/lt\/wp-content\/uploads\/sites\/13\/2025\/08\/710_Ventilation_Hybrid_710_LT_LV_RU.png","width":387,"height":1080,"caption":"PENOSIL Ventilation Hybrid 710 hermetikas ventiliacijos sistemoms"},{"@type":"BreadcrumbList","@id":"https:\/\/penosil.com\/lt\/produktai\/ventilation-hybrid-710-hermetikas-ventiliacijos-sistemoms\/#breadcrumb","itemListElement":[{"@type":"ListItem","position":1,"name":"Home","item":"https:\/\/penosil.com\/lt\/"},{"@type":"ListItem","position":2,"name":"Produktai","item":"https:\/\/penosil.com\/lt\/produktai\/"},{"@type":"ListItem","position":3,"name":"Ventilation Hybrid 710"}]},{"@type":"WebSite","@id":"https:\/\/penosil.com\/lt\/#website","url":"https:\/\/penosil.com\/lt\/","name":"Penosil Lithuania","description":"","potentialAction":[{"@type":"SearchAction","target":{"@type":"EntryPoint","urlTemplate":"https:\/\/penosil.com\/lt\/?s={search_term_string}"},"query-input":{"@type":"PropertyValueSpecification","valueRequired":true,"valueName":"search_term_string"}}],"inLanguage":"lt-LT"}]}},"featured_img":"https:\/\/penosil.com\/lt\/wp-content\/uploads\/sites\/13\/2025\/08\/710_Ventilation_Hybrid_710_LT_LV_RU.png","coauthors":[],"author_meta":{"author_link":"https:\/\/penosil.com\/lt\/author\/asta\/","display_name":"Asta Salkauskiene"},"relative_dates":{"created":"Posted 3 metai ago","modified":"Updated 4 d. ago"},"absolute_dates":{"created":"Posted on 2023 7 vasario","modified":"Updated on 2026 14 baland\u017eio"},"absolute_dates_time":{"created":"Posted on 2023 7 vasario 7:48","modified":"Updated on 2026 14 baland\u017eio 0:02"},"featured_img_caption":"","tax_additional":{"product_brand":{"linked":[],"unlinked":[],"slug":"product_brand","name":"Preki\u0173 \u017eenklai"},"product_type":{"linked":["<a href=\"https:\/\/penosil.com\/lt\/?taxonomy=product_type&#038;term=simple\" class=\"advgb-post-tax-term\">simple<\/a>"],"unlinked":["<span class=\"advgb-post-tax-term\">simple<\/span>"],"slug":"product_type","name":"Produkto tipas"},"product_visibility":{"linked":[],"unlinked":[],"slug":"product_visibility","name":"Produkto matomumas"},"product_cat":{"linked":["<a href=\"https:\/\/penosil.com\/lt\/produkto-kategorija\/naudojimo-sritys\/\" class=\"advgb-post-tax-term\">Naudojimo sritys<\/a>","<a href=\"https:\/\/penosil.com\/lt\/produkto-kategorija\/naudojimo-sritys\/bendroji-statyba\/\" class=\"advgb-post-tax-term\">Bendroji statyba<\/a>","<a href=\"https:\/\/penosil.com\/lt\/produkto-kategorija\/produktu-grupes\/hermetikai-ir-mastikos\/\" class=\"advgb-post-tax-term\">Hermetikai ir mastikos<\/a>","<a href=\"https:\/\/penosil.com\/lt\/produkto-kategorija\/produktu-grupes\/\" class=\"advgb-post-tax-term\">Produkt\u0173 grup\u0117s<\/a>","<a href=\"https:\/\/penosil.com\/lt\/produkto-kategorija\/produktu-grupes\/hermetikai-ir-mastikos\/hibridiniai-hermetikai\/\" class=\"advgb-post-tax-term\">Hibridiniai hermetikai<\/a>"],"unlinked":["<span class=\"advgb-post-tax-term\">Naudojimo sritys<\/span>","<span class=\"advgb-post-tax-term\">Bendroji statyba<\/span>","<span class=\"advgb-post-tax-term\">Hermetikai ir mastikos<\/span>","<span class=\"advgb-post-tax-term\">Produkt\u0173 grup\u0117s<\/span>","<span class=\"advgb-post-tax-term\">Hibridiniai hermetikai<\/span>"],"slug":"product_cat","name":"Produkto kategorijos"},"product_tag":{"linked":[],"unlinked":[],"slug":"product_tag","name":"Produkto \u017eyma"},"product_shipping_class":{"linked":[],"unlinked":[],"slug":"product_shipping_class","name":"Produkto pristatymo klas\u0117s"},"pos_product_visibility":{"linked":[],"unlinked":[],"slug":"pos_product_visibility","name":"POS Product visibility"},"pa_color":{"linked":["<a href=\"https:\/\/penosil.com\/lt\/en\/?taxonomy=pa_color&#038;term=pilka\" class=\"advgb-post-tax-term\">Pilka<\/a>"],"unlinked":["<span class=\"advgb-post-tax-term\">Pilka<\/span>"],"slug":"pa_color","name":"Product Color"},"pa_package":{"linked":["<a href=\"https:\/\/penosil.com\/lt\/?taxonomy=pa_package&#038;term=280-ml\" class=\"advgb-post-tax-term\">280 ml<\/a>"],"unlinked":["<span class=\"advgb-post-tax-term\">280 ml<\/span>"],"slug":"pa_package","name":"Product Package"},"pa_plotis":{"linked":[],"unlinked":[],"slug":"pa_plotis","name":"Product Plotis"},"pa_skersmuo":{"linked":[],"unlinked":[],"slug":"pa_skersmuo","name":"Product Skersmuo"},"translation_priority":{"linked":["<a href=\"https:\/\/penosil.com\/lt\/?taxonomy=translation_priority&#038;term=optional-lt\" class=\"advgb-post-tax-term\">Optional<\/a>"],"unlinked":["<span class=\"advgb-post-tax-term\">Optional<\/span>"],"slug":"translation_priority","name":"Translation Priorities"}},"series_order":"","_links":{"self":[{"href":"https:\/\/penosil.com\/lt\/wp-json\/wp\/v2\/product\/11858","targetHints":{"allow":["GET"]}}],"collection":[{"href":"https:\/\/penosil.com\/lt\/wp-json\/wp\/v2\/product"}],"about":[{"href":"https:\/\/penosil.com\/lt\/wp-json\/wp\/v2\/types\/product"}],"version-history":[{"count":6,"href":"https:\/\/penosil.com\/lt\/wp-json\/wp\/v2\/product\/11858\/revisions"}],"predecessor-version":[{"id":15751,"href":"https:\/\/penosil.com\/lt\/wp-json\/wp\/v2\/product\/11858\/revisions\/15751"}],"wp:featuredmedia":[{"embeddable":true,"href":"https:\/\/penosil.com\/lt\/wp-json\/wp\/v2\/media\/15774"}],"wp:attachment":[{"href":"https:\/\/penosil.com\/lt\/wp-json\/wp\/v2\/media?parent=11858"}],"wp:term":[{"taxonomy":"product_brand","embeddable":true,"href":"https:\/\/penosil.com\/lt\/wp-json\/wp\/v2\/product_brand?post=11858"},{"taxonomy":"product_cat","embeddable":true,"href":"https:\/\/penosil.com\/lt\/wp-json\/wp\/v2\/product_cat?post=11858"},{"taxonomy":"product_tag","embeddable":true,"href":"https:\/\/penosil.com\/lt\/wp-json\/wp\/v2\/product_tag?post=11858"}],"curies":[{"name":"wp","href":"https:\/\/api.w.org\/{rel}","templated":true}]}}