{"id":11901,"date":"2023-03-08T11:23:25","date_gmt":"2023-03-08T11:23:25","guid":{"rendered":"https:\/\/penosil.com\/lt\/?post_type=product&#038;p=11901"},"modified":"2026-01-17T01:10:22","modified_gmt":"2026-01-17T01:10:22","slug":"plasterseal-650-paruostas-naudoti-gipso-siuliu-glaistas","status":"publish","type":"product","link":"https:\/\/penosil.com\/lt\/produktai\/plasterseal-650-paruostas-naudoti-gipso-siuliu-glaistas\/","title":{"rendered":"PlasterSeal 650"},"content":{"rendered":"<p>Greitai d\u017ei\u016bstantis ir paruo\u0161tas naudoti akrilinis gipso si\u016bli\u0173 glaistas. Lengvas glaistas skirtas gipso kartono si\u016bli\u0173 u\u017epildymui. Labai paprastai ir greitai atliekamas darbas, nes nereikia armavimo juost\u0173, o d\u0117l labai ma\u017eo susitraukimo glaistas tepamas tik vienu sluoksniu.<\/p>\n","protected":false},"excerpt":{"rendered":"paruo\u0161tas naudoti gipso si\u016bli\u0173 glaistas","protected":false},"author":5,"featured_media":15881,"template":"","meta":{"_acf_changed":false,"advgb_blocks_editor_width":"","advgb_blocks_columns_visual_guide":"","footnotes":""},"product_brand":[],"product_cat":[210,2381,1368,1710,581],"product_tag":[],"class_list":{"0":"post-11901","1":"product","2":"type-product","3":"status-publish","4":"has-post-thumbnail","6":"product_cat-naudojimo-sritys","7":"product_cat-uzpildai-glaistai","8":"product_cat-produktu-grupes","9":"product_cat-pavirsiaus-padengimo-priemones","10":"product_cat-apdaila","12":"first","13":"instock","14":"taxable","15":"shipping-taxable","16":"purchasable","17":"product-type-simple"},"acf":[],"yoast_head":"<!-- This site is optimized with the Yoast SEO plugin v27.2 - https:\/\/yoast.com\/product\/yoast-seo-wordpress\/ -->\n<title>PENOSIL PlasterSeal 650 paruo\u0161tas naudoti gipso si\u016bli\u0173 glaistas<\/title>\n<meta name=\"description\" content=\"Paruo\u0161tas naudoti akrilinis gipso si\u016bli\u0173 glaistas gipso kartono jung\u010di\u0173 u\u017epildymui. Taupo laik\u0105 \u2013 darbas atliekamas vienu \u017eingsniu. Daugiau!\" \/>\n<meta name=\"robots\" content=\"index, follow, max-snippet:-1, max-image-preview:large, max-video-preview:-1\" \/>\n<link rel=\"canonical\" href=\"https:\/\/penosil.com\/lt\/produktai\/plasterseal-650-paruostas-naudoti-gipso-siuliu-glaistas\/\" \/>\n<meta property=\"og:locale\" content=\"lt_LT\" \/>\n<meta property=\"og:type\" content=\"article\" \/>\n<meta property=\"og:title\" content=\"PENOSIL PlasterSeal 650 paruo\u0161tas naudoti gipso si\u016bli\u0173 glaistas\" \/>\n<meta property=\"og:description\" content=\"Paruo\u0161tas naudoti akrilinis gipso si\u016bli\u0173 glaistas gipso kartono jung\u010di\u0173 u\u017epildymui. Taupo laik\u0105 \u2013 darbas atliekamas vienu \u017eingsniu. Daugiau!\" \/>\n<meta property=\"og:url\" content=\"https:\/\/penosil.com\/lt\/produktai\/plasterseal-650-paruostas-naudoti-gipso-siuliu-glaistas\/\" \/>\n<meta property=\"og:site_name\" content=\"Penosil Lithuania\" \/>\n<meta property=\"article:modified_time\" content=\"2026-01-17T01:10:22+00:00\" \/>\n<meta property=\"og:image\" content=\"https:\/\/penosil.com\/lt\/wp-content\/uploads\/sites\/13\/2025\/08\/650_Plasterseal_650_5ltr_LT_LV_RU.png\" \/>\n\t<meta property=\"og:image:width\" content=\"1080\" \/>\n\t<meta property=\"og:image:height\" content=\"608\" \/>\n\t<meta property=\"og:image:type\" content=\"image\/png\" \/>\n<meta name=\"twitter:card\" content=\"summary_large_image\" \/>\n<script type=\"application\/ld+json\" class=\"yoast-schema-graph\">{\"@context\":\"https:\/\/schema.org\",\"@graph\":[{\"@type\":\"WebPage\",\"@id\":\"https:\/\/penosil.com\/lt\/produktai\/plasterseal-650-paruostas-naudoti-gipso-siuliu-glaistas\/\",\"url\":\"https:\/\/penosil.com\/lt\/produktai\/plasterseal-650-paruostas-naudoti-gipso-siuliu-glaistas\/\",\"name\":\"PENOSIL PlasterSeal 650 paruo\u0161tas naudoti gipso si\u016bli\u0173 glaistas\",\"isPartOf\":{\"@id\":\"https:\/\/penosil.com\/lt\/#website\"},\"primaryImageOfPage\":{\"@id\":\"https:\/\/penosil.com\/lt\/produktai\/plasterseal-650-paruostas-naudoti-gipso-siuliu-glaistas\/#primaryimage\"},\"image\":{\"@id\":\"https:\/\/penosil.com\/lt\/produktai\/plasterseal-650-paruostas-naudoti-gipso-siuliu-glaistas\/#primaryimage\"},\"thumbnailUrl\":\"https:\/\/penosil.com\/lt\/wp-content\/uploads\/sites\/13\/2025\/08\/650_Plasterseal_650_5ltr_LT_LV_RU.png\",\"datePublished\":\"2023-03-08T11:23:25+00:00\",\"dateModified\":\"2026-01-17T01:10:22+00:00\",\"description\":\"Paruo\u0161tas naudoti akrilinis gipso si\u016bli\u0173 glaistas gipso kartono jung\u010di\u0173 u\u017epildymui. Taupo laik\u0105 \u2013 darbas atliekamas vienu \u017eingsniu. Daugiau!\",\"breadcrumb\":{\"@id\":\"https:\/\/penosil.com\/lt\/produktai\/plasterseal-650-paruostas-naudoti-gipso-siuliu-glaistas\/#breadcrumb\"},\"inLanguage\":\"lt-LT\",\"potentialAction\":[{\"@type\":\"ReadAction\",\"target\":[\"https:\/\/penosil.com\/lt\/produktai\/plasterseal-650-paruostas-naudoti-gipso-siuliu-glaistas\/\"]}]},{\"@type\":\"ImageObject\",\"inLanguage\":\"lt-LT\",\"@id\":\"https:\/\/penosil.com\/lt\/produktai\/plasterseal-650-paruostas-naudoti-gipso-siuliu-glaistas\/#primaryimage\",\"url\":\"https:\/\/penosil.com\/lt\/wp-content\/uploads\/sites\/13\/2025\/08\/650_Plasterseal_650_5ltr_LT_LV_RU.png\",\"contentUrl\":\"https:\/\/penosil.com\/lt\/wp-content\/uploads\/sites\/13\/2025\/08\/650_Plasterseal_650_5ltr_LT_LV_RU.png\",\"width\":1080,\"height\":608,\"caption\":\"PENOSIL PlasterSeal 650 paruo\u0161tas naudoti gipso si\u016bli\u0173 glaistas\"},{\"@type\":\"BreadcrumbList\",\"@id\":\"https:\/\/penosil.com\/lt\/produktai\/plasterseal-650-paruostas-naudoti-gipso-siuliu-glaistas\/#breadcrumb\",\"itemListElement\":[{\"@type\":\"ListItem\",\"position\":1,\"name\":\"Home\",\"item\":\"https:\/\/penosil.com\/lt\/\"},{\"@type\":\"ListItem\",\"position\":2,\"name\":\"Produktai\",\"item\":\"https:\/\/penosil.com\/lt\/produktai\/\"},{\"@type\":\"ListItem\",\"position\":3,\"name\":\"PlasterSeal 650\"}]},{\"@type\":\"WebSite\",\"@id\":\"https:\/\/penosil.com\/lt\/#website\",\"url\":\"https:\/\/penosil.com\/lt\/\",\"name\":\"Penosil Lithuania\",\"description\":\"\",\"potentialAction\":[{\"@type\":\"SearchAction\",\"target\":{\"@type\":\"EntryPoint\",\"urlTemplate\":\"https:\/\/penosil.com\/lt\/?s={search_term_string}\"},\"query-input\":{\"@type\":\"PropertyValueSpecification\",\"valueRequired\":true,\"valueName\":\"search_term_string\"}}],\"inLanguage\":\"lt-LT\"}]}<\/script>\n<!-- \/ Yoast SEO plugin. -->","yoast_head_json":{"title":"PENOSIL PlasterSeal 650 paruo\u0161tas naudoti gipso si\u016bli\u0173 glaistas","description":"Paruo\u0161tas naudoti akrilinis gipso si\u016bli\u0173 glaistas gipso kartono jung\u010di\u0173 u\u017epildymui. Taupo laik\u0105 \u2013 darbas atliekamas vienu \u017eingsniu. Daugiau!","robots":{"index":"index","follow":"follow","max-snippet":"max-snippet:-1","max-image-preview":"max-image-preview:large","max-video-preview":"max-video-preview:-1"},"canonical":"https:\/\/penosil.com\/lt\/produktai\/plasterseal-650-paruostas-naudoti-gipso-siuliu-glaistas\/","og_locale":"lt_LT","og_type":"article","og_title":"PENOSIL PlasterSeal 650 paruo\u0161tas naudoti gipso si\u016bli\u0173 glaistas","og_description":"Paruo\u0161tas naudoti akrilinis gipso si\u016bli\u0173 glaistas gipso kartono jung\u010di\u0173 u\u017epildymui. Taupo laik\u0105 \u2013 darbas atliekamas vienu \u017eingsniu. Daugiau!","og_url":"https:\/\/penosil.com\/lt\/produktai\/plasterseal-650-paruostas-naudoti-gipso-siuliu-glaistas\/","og_site_name":"Penosil Lithuania","article_modified_time":"2026-01-17T01:10:22+00:00","og_image":[{"width":1080,"height":608,"url":"https:\/\/penosil.com\/lt\/wp-content\/uploads\/sites\/13\/2025\/08\/650_Plasterseal_650_5ltr_LT_LV_RU.png","type":"image\/png"}],"twitter_card":"summary_large_image","schema":{"@context":"https:\/\/schema.org","@graph":[{"@type":"WebPage","@id":"https:\/\/penosil.com\/lt\/produktai\/plasterseal-650-paruostas-naudoti-gipso-siuliu-glaistas\/","url":"https:\/\/penosil.com\/lt\/produktai\/plasterseal-650-paruostas-naudoti-gipso-siuliu-glaistas\/","name":"PENOSIL PlasterSeal 650 paruo\u0161tas naudoti gipso si\u016bli\u0173 glaistas","isPartOf":{"@id":"https:\/\/penosil.com\/lt\/#website"},"primaryImageOfPage":{"@id":"https:\/\/penosil.com\/lt\/produktai\/plasterseal-650-paruostas-naudoti-gipso-siuliu-glaistas\/#primaryimage"},"image":{"@id":"https:\/\/penosil.com\/lt\/produktai\/plasterseal-650-paruostas-naudoti-gipso-siuliu-glaistas\/#primaryimage"},"thumbnailUrl":"https:\/\/penosil.com\/lt\/wp-content\/uploads\/sites\/13\/2025\/08\/650_Plasterseal_650_5ltr_LT_LV_RU.png","datePublished":"2023-03-08T11:23:25+00:00","dateModified":"2026-01-17T01:10:22+00:00","description":"Paruo\u0161tas naudoti akrilinis gipso si\u016bli\u0173 glaistas gipso kartono jung\u010di\u0173 u\u017epildymui. Taupo laik\u0105 \u2013 darbas atliekamas vienu \u017eingsniu. Daugiau!","breadcrumb":{"@id":"https:\/\/penosil.com\/lt\/produktai\/plasterseal-650-paruostas-naudoti-gipso-siuliu-glaistas\/#breadcrumb"},"inLanguage":"lt-LT","potentialAction":[{"@type":"ReadAction","target":["https:\/\/penosil.com\/lt\/produktai\/plasterseal-650-paruostas-naudoti-gipso-siuliu-glaistas\/"]}]},{"@type":"ImageObject","inLanguage":"lt-LT","@id":"https:\/\/penosil.com\/lt\/produktai\/plasterseal-650-paruostas-naudoti-gipso-siuliu-glaistas\/#primaryimage","url":"https:\/\/penosil.com\/lt\/wp-content\/uploads\/sites\/13\/2025\/08\/650_Plasterseal_650_5ltr_LT_LV_RU.png","contentUrl":"https:\/\/penosil.com\/lt\/wp-content\/uploads\/sites\/13\/2025\/08\/650_Plasterseal_650_5ltr_LT_LV_RU.png","width":1080,"height":608,"caption":"PENOSIL PlasterSeal 650 paruo\u0161tas naudoti gipso si\u016bli\u0173 glaistas"},{"@type":"BreadcrumbList","@id":"https:\/\/penosil.com\/lt\/produktai\/plasterseal-650-paruostas-naudoti-gipso-siuliu-glaistas\/#breadcrumb","itemListElement":[{"@type":"ListItem","position":1,"name":"Home","item":"https:\/\/penosil.com\/lt\/"},{"@type":"ListItem","position":2,"name":"Produktai","item":"https:\/\/penosil.com\/lt\/produktai\/"},{"@type":"ListItem","position":3,"name":"PlasterSeal 650"}]},{"@type":"WebSite","@id":"https:\/\/penosil.com\/lt\/#website","url":"https:\/\/penosil.com\/lt\/","name":"Penosil Lithuania","description":"","potentialAction":[{"@type":"SearchAction","target":{"@type":"EntryPoint","urlTemplate":"https:\/\/penosil.com\/lt\/?s={search_term_string}"},"query-input":{"@type":"PropertyValueSpecification","valueRequired":true,"valueName":"search_term_string"}}],"inLanguage":"lt-LT"}]}},"featured_img":"https:\/\/penosil.com\/lt\/wp-content\/uploads\/sites\/13\/2025\/08\/650_Plasterseal_650_5ltr_LT_LV_RU.png","coauthors":[],"author_meta":{"author_link":"https:\/\/penosil.com\/lt\/author\/asta\/","display_name":"Asta Salkauskiene"},"relative_dates":{"created":"Posted 3 metai ago","modified":"Updated 3 m\u0117nesiai ago"},"absolute_dates":{"created":"Posted on 2023 8 kovo","modified":"Updated on 2026 17 sausio"},"absolute_dates_time":{"created":"Posted on 2023 8 kovo 11:23","modified":"Updated on 2026 17 sausio 1:10"},"featured_img_caption":"","tax_additional":{"product_brand":{"linked":[],"unlinked":[],"slug":"product_brand","name":"Preki\u0173 \u017eenklai"},"product_type":{"linked":["<a href=\"https:\/\/penosil.com\/lt\/?taxonomy=product_type&#038;term=simple\" class=\"advgb-post-tax-term\">simple<\/a>"],"unlinked":["<span class=\"advgb-post-tax-term\">simple<\/span>"],"slug":"product_type","name":"Produkto tipas"},"product_visibility":{"linked":[],"unlinked":[],"slug":"product_visibility","name":"Produkto matomumas"},"product_cat":{"linked":["<a href=\"https:\/\/penosil.com\/lt\/produkto-kategorija\/naudojimo-sritys\/\" class=\"advgb-post-tax-term\">Naudojimo sritys<\/a>","<a href=\"https:\/\/penosil.com\/lt\/produkto-kategorija\/produktu-grupes\/pavirsiaus-padengimo-priemones\/uzpildai-glaistai\/\" class=\"advgb-post-tax-term\">U\u017epildai - glaistai<\/a>","<a href=\"https:\/\/penosil.com\/lt\/produkto-kategorija\/produktu-grupes\/\" class=\"advgb-post-tax-term\">Produkt\u0173 grup\u0117s<\/a>","<a href=\"https:\/\/penosil.com\/lt\/produkto-kategorija\/produktu-grupes\/pavirsiaus-padengimo-priemones\/\" class=\"advgb-post-tax-term\">Pavir\u0161iaus padengimo priemon\u0117s<\/a>","<a href=\"https:\/\/penosil.com\/lt\/produkto-kategorija\/naudojimo-sritys\/apdaila\/\" class=\"advgb-post-tax-term\">Apdaila<\/a>"],"unlinked":["<span class=\"advgb-post-tax-term\">Naudojimo sritys<\/span>","<span class=\"advgb-post-tax-term\">U\u017epildai - glaistai<\/span>","<span class=\"advgb-post-tax-term\">Produkt\u0173 grup\u0117s<\/span>","<span class=\"advgb-post-tax-term\">Pavir\u0161iaus padengimo priemon\u0117s<\/span>","<span class=\"advgb-post-tax-term\">Apdaila<\/span>"],"slug":"product_cat","name":"Produkto kategorijos"},"product_tag":{"linked":[],"unlinked":[],"slug":"product_tag","name":"Produkto \u017eyma"},"product_shipping_class":{"linked":[],"unlinked":[],"slug":"product_shipping_class","name":"Produkto pristatymo klas\u0117s"},"pos_product_visibility":{"linked":[],"unlinked":[],"slug":"pos_product_visibility","name":"POS Product visibility"},"pa_color":{"linked":["<a href=\"https:\/\/penosil.com\/lt\/en\/?taxonomy=pa_color&#038;term=balta\" class=\"advgb-post-tax-term\">Balta<\/a>"],"unlinked":["<span class=\"advgb-post-tax-term\">Balta<\/span>"],"slug":"pa_color","name":"Product Color"},"pa_package":{"linked":["<a href=\"https:\/\/penosil.com\/lt\/?taxonomy=pa_package&#038;term=5-l\" class=\"advgb-post-tax-term\">5 l<\/a>"],"unlinked":["<span class=\"advgb-post-tax-term\">5 l<\/span>"],"slug":"pa_package","name":"Product Package"},"pa_plotis":{"linked":[],"unlinked":[],"slug":"pa_plotis","name":"Product Plotis"},"pa_skersmuo":{"linked":[],"unlinked":[],"slug":"pa_skersmuo","name":"Product Skersmuo"},"translation_priority":{"linked":["<a href=\"https:\/\/penosil.com\/lt\/?taxonomy=translation_priority&#038;term=optional-lt\" class=\"advgb-post-tax-term\">Optional<\/a>"],"unlinked":["<span class=\"advgb-post-tax-term\">Optional<\/span>"],"slug":"translation_priority","name":"Translation Priorities"}},"series_order":"","_links":{"self":[{"href":"https:\/\/penosil.com\/lt\/wp-json\/wp\/v2\/product\/11901","targetHints":{"allow":["GET"]}}],"collection":[{"href":"https:\/\/penosil.com\/lt\/wp-json\/wp\/v2\/product"}],"about":[{"href":"https:\/\/penosil.com\/lt\/wp-json\/wp\/v2\/types\/product"}],"version-history":[{"count":3,"href":"https:\/\/penosil.com\/lt\/wp-json\/wp\/v2\/product\/11901\/revisions"}],"predecessor-version":[{"id":15921,"href":"https:\/\/penosil.com\/lt\/wp-json\/wp\/v2\/product\/11901\/revisions\/15921"}],"wp:featuredmedia":[{"embeddable":true,"href":"https:\/\/penosil.com\/lt\/wp-json\/wp\/v2\/media\/15881"}],"wp:attachment":[{"href":"https:\/\/penosil.com\/lt\/wp-json\/wp\/v2\/media?parent=11901"}],"wp:term":[{"taxonomy":"product_brand","embeddable":true,"href":"https:\/\/penosil.com\/lt\/wp-json\/wp\/v2\/product_brand?post=11901"},{"taxonomy":"product_cat","embeddable":true,"href":"https:\/\/penosil.com\/lt\/wp-json\/wp\/v2\/product_cat?post=11901"},{"taxonomy":"product_tag","embeddable":true,"href":"https:\/\/penosil.com\/lt\/wp-json\/wp\/v2\/product_tag?post=11901"}],"curies":[{"name":"wp","href":"https:\/\/api.w.org\/{rel}","templated":true}]}}