{"id":12043,"date":"2023-04-20T16:12:12","date_gmt":"2023-04-20T16:12:12","guid":{"rendered":"https:\/\/penosil.com\/lt\/?post_type=product&#038;p=12043"},"modified":"2026-04-02T00:02:12","modified_gmt":"2026-04-02T00:02:12","slug":"firestop-silicone-331-neutralus-silikonas-atsparus-ugniai","status":"publish","type":"product","link":"https:\/\/penosil.com\/lt\/produktai\/firestop-silicone-331-neutralus-silikonas-atsparus-ugniai\/","title":{"rendered":"FireStop Silicone 331"},"content":{"rendered":"<p>PENOSIL FireStop Silicone 331 yra neutralus oksimo silikonas, pasi\u017eymintis padidintu atsparumu ugniai. Specialiai sukurtas i\u0161orini\u0173 ir vidini\u0173 judan\u010di\u0173 jung\u010di\u0173 sandarinimui ir apsaugai nuo oro s\u0105lyg\u0173, kur reikalingas atsparumas ugniai.<\/p>\n","protected":false},"excerpt":{"rendered":"neutralus silikonas atsparus ugniai","protected":false},"author":5,"featured_media":16616,"template":"","meta":{"_acf_changed":false,"advgb_blocks_editor_width":"","advgb_blocks_columns_visual_guide":"","footnotes":""},"product_brand":[],"product_cat":[210,2363,1608,1368,656],"product_tag":[],"class_list":{"0":"post-12043","1":"product","2":"type-product","3":"status-publish","4":"has-post-thumbnail","6":"product_cat-naudojimo-sritys","7":"product_cat-neutralus-silikonai","8":"product_cat-hermetikai-ir-mastikos","9":"product_cat-produktu-grupes","10":"product_cat-atsparumas-ugniai","12":"first","13":"instock","14":"taxable","15":"shipping-taxable","16":"purchasable","17":"product-type-variable"},"acf":[],"yoast_head":"<!-- This site is optimized with the Yoast SEO plugin v27.2 - https:\/\/yoast.com\/product\/yoast-seo-wordpress\/ -->\n<title>PENOSIL FireStop Silicone 331 neutralus silikonas atsparus ugniai<\/title>\n<meta name=\"description\" content=\"Neutralus silikonas atsparus ugniai, skirtas ugniai atsparioms jungtims sandarinti. Vidaus ir lauko darbams. Su\u017einoti daugiau!\" \/>\n<meta name=\"robots\" content=\"index, follow, max-snippet:-1, max-image-preview:large, max-video-preview:-1\" \/>\n<link rel=\"canonical\" href=\"https:\/\/penosil.com\/lt\/produktai\/firestop-silicone-331-neutralus-silikonas-atsparus-ugniai\/\" \/>\n<meta property=\"og:locale\" content=\"lt_LT\" \/>\n<meta property=\"og:type\" content=\"article\" \/>\n<meta property=\"og:title\" content=\"PENOSIL FireStop Silicone 331 neutralus silikonas atsparus ugniai\" \/>\n<meta property=\"og:description\" content=\"Neutralus silikonas atsparus ugniai, skirtas ugniai atsparioms jungtims sandarinti. Vidaus ir lauko darbams. Su\u017einoti daugiau!\" \/>\n<meta property=\"og:url\" content=\"https:\/\/penosil.com\/lt\/produktai\/firestop-silicone-331-neutralus-silikonas-atsparus-ugniai\/\" \/>\n<meta property=\"og:site_name\" content=\"Penosil Lithuania\" \/>\n<meta property=\"article:modified_time\" content=\"2026-04-02T00:02:12+00:00\" \/>\n<meta property=\"og:image\" content=\"https:\/\/penosil.com\/lt\/wp-content\/uploads\/sites\/13\/2025\/05\/331_FireStop_Silicone_331_LT_LV_RU.png\" \/>\n\t<meta property=\"og:image:width\" content=\"387\" \/>\n\t<meta property=\"og:image:height\" content=\"1080\" \/>\n\t<meta property=\"og:image:type\" content=\"image\/png\" \/>\n<meta name=\"twitter:card\" content=\"summary_large_image\" \/>\n<script type=\"application\/ld+json\" class=\"yoast-schema-graph\">{\"@context\":\"https:\/\/schema.org\",\"@graph\":[{\"@type\":\"WebPage\",\"@id\":\"https:\/\/penosil.com\/lt\/produktai\/firestop-silicone-331-neutralus-silikonas-atsparus-ugniai\/\",\"url\":\"https:\/\/penosil.com\/lt\/produktai\/firestop-silicone-331-neutralus-silikonas-atsparus-ugniai\/\",\"name\":\"PENOSIL FireStop Silicone 331 neutralus silikonas atsparus ugniai\",\"isPartOf\":{\"@id\":\"https:\/\/penosil.com\/lt\/#website\"},\"primaryImageOfPage\":{\"@id\":\"https:\/\/penosil.com\/lt\/produktai\/firestop-silicone-331-neutralus-silikonas-atsparus-ugniai\/#primaryimage\"},\"image\":{\"@id\":\"https:\/\/penosil.com\/lt\/produktai\/firestop-silicone-331-neutralus-silikonas-atsparus-ugniai\/#primaryimage\"},\"thumbnailUrl\":\"https:\/\/penosil.com\/lt\/wp-content\/uploads\/sites\/13\/2026\/04\/331_FireStop_Silicone_331_LT_LV_RU2028229.png\",\"datePublished\":\"2023-04-20T16:12:12+00:00\",\"dateModified\":\"2026-04-02T00:02:12+00:00\",\"description\":\"Neutralus silikonas atsparus ugniai, skirtas ugniai atsparioms jungtims sandarinti. Vidaus ir lauko darbams. Su\u017einoti daugiau!\",\"breadcrumb\":{\"@id\":\"https:\/\/penosil.com\/lt\/produktai\/firestop-silicone-331-neutralus-silikonas-atsparus-ugniai\/#breadcrumb\"},\"inLanguage\":\"lt-LT\",\"potentialAction\":[{\"@type\":\"ReadAction\",\"target\":[\"https:\/\/penosil.com\/lt\/produktai\/firestop-silicone-331-neutralus-silikonas-atsparus-ugniai\/\"]}]},{\"@type\":\"ImageObject\",\"inLanguage\":\"lt-LT\",\"@id\":\"https:\/\/penosil.com\/lt\/produktai\/firestop-silicone-331-neutralus-silikonas-atsparus-ugniai\/#primaryimage\",\"url\":\"https:\/\/penosil.com\/lt\/wp-content\/uploads\/sites\/13\/2026\/04\/331_FireStop_Silicone_331_LT_LV_RU2028229.png\",\"contentUrl\":\"https:\/\/penosil.com\/lt\/wp-content\/uploads\/sites\/13\/2026\/04\/331_FireStop_Silicone_331_LT_LV_RU2028229.png\",\"width\":387,\"height\":1080,\"caption\":\"PENOSIL FireStop Silicone 331 neutralus silikonas atsparus ugniai\"},{\"@type\":\"BreadcrumbList\",\"@id\":\"https:\/\/penosil.com\/lt\/produktai\/firestop-silicone-331-neutralus-silikonas-atsparus-ugniai\/#breadcrumb\",\"itemListElement\":[{\"@type\":\"ListItem\",\"position\":1,\"name\":\"Home\",\"item\":\"https:\/\/penosil.com\/lt\/\"},{\"@type\":\"ListItem\",\"position\":2,\"name\":\"Produktai\",\"item\":\"https:\/\/penosil.com\/lt\/produktai\/\"},{\"@type\":\"ListItem\",\"position\":3,\"name\":\"FireStop Silicone 331\"}]},{\"@type\":\"WebSite\",\"@id\":\"https:\/\/penosil.com\/lt\/#website\",\"url\":\"https:\/\/penosil.com\/lt\/\",\"name\":\"Penosil Lithuania\",\"description\":\"\",\"potentialAction\":[{\"@type\":\"SearchAction\",\"target\":{\"@type\":\"EntryPoint\",\"urlTemplate\":\"https:\/\/penosil.com\/lt\/?s={search_term_string}\"},\"query-input\":{\"@type\":\"PropertyValueSpecification\",\"valueRequired\":true,\"valueName\":\"search_term_string\"}}],\"inLanguage\":\"lt-LT\"}]}<\/script>\n<!-- \/ Yoast SEO plugin. -->","yoast_head_json":{"title":"PENOSIL FireStop Silicone 331 neutralus silikonas atsparus ugniai","description":"Neutralus silikonas atsparus ugniai, skirtas ugniai atsparioms jungtims sandarinti. Vidaus ir lauko darbams. Su\u017einoti daugiau!","robots":{"index":"index","follow":"follow","max-snippet":"max-snippet:-1","max-image-preview":"max-image-preview:large","max-video-preview":"max-video-preview:-1"},"canonical":"https:\/\/penosil.com\/lt\/produktai\/firestop-silicone-331-neutralus-silikonas-atsparus-ugniai\/","og_locale":"lt_LT","og_type":"article","og_title":"PENOSIL FireStop Silicone 331 neutralus silikonas atsparus ugniai","og_description":"Neutralus silikonas atsparus ugniai, skirtas ugniai atsparioms jungtims sandarinti. Vidaus ir lauko darbams. Su\u017einoti daugiau!","og_url":"https:\/\/penosil.com\/lt\/produktai\/firestop-silicone-331-neutralus-silikonas-atsparus-ugniai\/","og_site_name":"Penosil Lithuania","article_modified_time":"2026-04-02T00:02:12+00:00","og_image":[{"width":387,"height":1080,"url":"https:\/\/penosil.com\/lt\/wp-content\/uploads\/sites\/13\/2025\/05\/331_FireStop_Silicone_331_LT_LV_RU.png","type":"image\/png"}],"twitter_card":"summary_large_image","schema":{"@context":"https:\/\/schema.org","@graph":[{"@type":"WebPage","@id":"https:\/\/penosil.com\/lt\/produktai\/firestop-silicone-331-neutralus-silikonas-atsparus-ugniai\/","url":"https:\/\/penosil.com\/lt\/produktai\/firestop-silicone-331-neutralus-silikonas-atsparus-ugniai\/","name":"PENOSIL FireStop Silicone 331 neutralus silikonas atsparus ugniai","isPartOf":{"@id":"https:\/\/penosil.com\/lt\/#website"},"primaryImageOfPage":{"@id":"https:\/\/penosil.com\/lt\/produktai\/firestop-silicone-331-neutralus-silikonas-atsparus-ugniai\/#primaryimage"},"image":{"@id":"https:\/\/penosil.com\/lt\/produktai\/firestop-silicone-331-neutralus-silikonas-atsparus-ugniai\/#primaryimage"},"thumbnailUrl":"https:\/\/penosil.com\/lt\/wp-content\/uploads\/sites\/13\/2026\/04\/331_FireStop_Silicone_331_LT_LV_RU2028229.png","datePublished":"2023-04-20T16:12:12+00:00","dateModified":"2026-04-02T00:02:12+00:00","description":"Neutralus silikonas atsparus ugniai, skirtas ugniai atsparioms jungtims sandarinti. Vidaus ir lauko darbams. Su\u017einoti daugiau!","breadcrumb":{"@id":"https:\/\/penosil.com\/lt\/produktai\/firestop-silicone-331-neutralus-silikonas-atsparus-ugniai\/#breadcrumb"},"inLanguage":"lt-LT","potentialAction":[{"@type":"ReadAction","target":["https:\/\/penosil.com\/lt\/produktai\/firestop-silicone-331-neutralus-silikonas-atsparus-ugniai\/"]}]},{"@type":"ImageObject","inLanguage":"lt-LT","@id":"https:\/\/penosil.com\/lt\/produktai\/firestop-silicone-331-neutralus-silikonas-atsparus-ugniai\/#primaryimage","url":"https:\/\/penosil.com\/lt\/wp-content\/uploads\/sites\/13\/2026\/04\/331_FireStop_Silicone_331_LT_LV_RU2028229.png","contentUrl":"https:\/\/penosil.com\/lt\/wp-content\/uploads\/sites\/13\/2026\/04\/331_FireStop_Silicone_331_LT_LV_RU2028229.png","width":387,"height":1080,"caption":"PENOSIL FireStop Silicone 331 neutralus silikonas atsparus ugniai"},{"@type":"BreadcrumbList","@id":"https:\/\/penosil.com\/lt\/produktai\/firestop-silicone-331-neutralus-silikonas-atsparus-ugniai\/#breadcrumb","itemListElement":[{"@type":"ListItem","position":1,"name":"Home","item":"https:\/\/penosil.com\/lt\/"},{"@type":"ListItem","position":2,"name":"Produktai","item":"https:\/\/penosil.com\/lt\/produktai\/"},{"@type":"ListItem","position":3,"name":"FireStop Silicone 331"}]},{"@type":"WebSite","@id":"https:\/\/penosil.com\/lt\/#website","url":"https:\/\/penosil.com\/lt\/","name":"Penosil Lithuania","description":"","potentialAction":[{"@type":"SearchAction","target":{"@type":"EntryPoint","urlTemplate":"https:\/\/penosil.com\/lt\/?s={search_term_string}"},"query-input":{"@type":"PropertyValueSpecification","valueRequired":true,"valueName":"search_term_string"}}],"inLanguage":"lt-LT"}]}},"featured_img":"https:\/\/penosil.com\/lt\/wp-content\/uploads\/sites\/13\/2026\/04\/331_FireStop_Silicone_331_LT_LV_RU2028229.png","coauthors":[],"author_meta":{"author_link":"https:\/\/penosil.com\/lt\/author\/asta\/","display_name":"Asta Salkauskiene"},"relative_dates":{"created":"Posted 3 metai ago","modified":"Updated 1 savait\u0117 ago"},"absolute_dates":{"created":"Posted on 2023 20 baland\u017eio","modified":"Updated on 2026 2 baland\u017eio"},"absolute_dates_time":{"created":"Posted on 2023 20 baland\u017eio 16:12","modified":"Updated on 2026 2 baland\u017eio 0:02"},"featured_img_caption":"","tax_additional":{"product_brand":{"linked":[],"unlinked":[],"slug":"product_brand","name":"Preki\u0173 \u017eenklai"},"product_type":{"linked":["<a href=\"https:\/\/penosil.com\/lt\/?taxonomy=product_type&#038;term=variable\" class=\"advgb-post-tax-term\">variable<\/a>"],"unlinked":["<span class=\"advgb-post-tax-term\">variable<\/span>"],"slug":"product_type","name":"Produkto tipas"},"product_visibility":{"linked":[],"unlinked":[],"slug":"product_visibility","name":"Produkto matomumas"},"product_cat":{"linked":["<a href=\"https:\/\/penosil.com\/lt\/produkto-kategorija\/naudojimo-sritys\/\" class=\"advgb-post-tax-term\">Naudojimo sritys<\/a>","<a href=\"https:\/\/penosil.com\/lt\/produkto-kategorija\/produktu-grupes\/hermetikai-ir-mastikos\/neutralus-silikonai\/\" class=\"advgb-post-tax-term\">Neutral\u016bs silikonai<\/a>","<a href=\"https:\/\/penosil.com\/lt\/produkto-kategorija\/produktu-grupes\/hermetikai-ir-mastikos\/\" class=\"advgb-post-tax-term\">Hermetikai ir mastikos<\/a>","<a href=\"https:\/\/penosil.com\/lt\/produkto-kategorija\/produktu-grupes\/\" class=\"advgb-post-tax-term\">Produkt\u0173 grup\u0117s<\/a>","<a href=\"https:\/\/penosil.com\/lt\/produkto-kategorija\/naudojimo-sritys\/atsparumas-ugniai\/\" class=\"advgb-post-tax-term\">Atsparumas ugniai \/ auk\u0161tai temperat\u016brai<\/a>"],"unlinked":["<span class=\"advgb-post-tax-term\">Naudojimo sritys<\/span>","<span class=\"advgb-post-tax-term\">Neutral\u016bs silikonai<\/span>","<span class=\"advgb-post-tax-term\">Hermetikai ir mastikos<\/span>","<span class=\"advgb-post-tax-term\">Produkt\u0173 grup\u0117s<\/span>","<span class=\"advgb-post-tax-term\">Atsparumas ugniai \/ auk\u0161tai temperat\u016brai<\/span>"],"slug":"product_cat","name":"Produkto kategorijos"},"product_tag":{"linked":[],"unlinked":[],"slug":"product_tag","name":"Produkto \u017eyma"},"product_shipping_class":{"linked":[],"unlinked":[],"slug":"product_shipping_class","name":"Produkto pristatymo klas\u0117s"},"pos_product_visibility":{"linked":[],"unlinked":[],"slug":"pos_product_visibility","name":"POS Product visibility"},"pa_color":{"linked":["<a href=\"https:\/\/penosil.com\/lt\/en\/?taxonomy=pa_color&#038;term=balta\" class=\"advgb-post-tax-term\">Balta<\/a>","<a href=\"https:\/\/penosil.com\/lt\/en\/?taxonomy=pa_color&#038;term=pilka\" class=\"advgb-post-tax-term\">Pilka<\/a>"],"unlinked":["<span class=\"advgb-post-tax-term\">Balta<\/span>","<span class=\"advgb-post-tax-term\">Pilka<\/span>"],"slug":"pa_color","name":"Product Color"},"pa_package":{"linked":["<a href=\"https:\/\/penosil.com\/lt\/?taxonomy=pa_package&#038;term=600-ml-2\" class=\"advgb-post-tax-term\">600 ml<\/a>","<a href=\"https:\/\/penosil.com\/lt\/?taxonomy=pa_package&#038;term=300-ml\" class=\"advgb-post-tax-term\">300 ml<\/a>"],"unlinked":["<span class=\"advgb-post-tax-term\">600 ml<\/span>","<span class=\"advgb-post-tax-term\">300 ml<\/span>"],"slug":"pa_package","name":"Product Package"},"pa_plotis":{"linked":[],"unlinked":[],"slug":"pa_plotis","name":"Product Plotis"},"pa_skersmuo":{"linked":[],"unlinked":[],"slug":"pa_skersmuo","name":"Product Skersmuo"},"translation_priority":{"linked":["<a href=\"https:\/\/penosil.com\/lt\/?taxonomy=translation_priority&#038;term=optional-lt\" class=\"advgb-post-tax-term\">Optional<\/a>"],"unlinked":["<span class=\"advgb-post-tax-term\">Optional<\/span>"],"slug":"translation_priority","name":"Translation Priorities"}},"series_order":"","_links":{"self":[{"href":"https:\/\/penosil.com\/lt\/wp-json\/wp\/v2\/product\/12043","targetHints":{"allow":["GET"]}}],"collection":[{"href":"https:\/\/penosil.com\/lt\/wp-json\/wp\/v2\/product"}],"about":[{"href":"https:\/\/penosil.com\/lt\/wp-json\/wp\/v2\/types\/product"}],"version-history":[{"count":11,"href":"https:\/\/penosil.com\/lt\/wp-json\/wp\/v2\/product\/12043\/revisions"}],"predecessor-version":[{"id":16615,"href":"https:\/\/penosil.com\/lt\/wp-json\/wp\/v2\/product\/12043\/revisions\/16615"}],"wp:featuredmedia":[{"embeddable":true,"href":"https:\/\/penosil.com\/lt\/wp-json\/wp\/v2\/media\/16616"}],"wp:attachment":[{"href":"https:\/\/penosil.com\/lt\/wp-json\/wp\/v2\/media?parent=12043"}],"wp:term":[{"taxonomy":"product_brand","embeddable":true,"href":"https:\/\/penosil.com\/lt\/wp-json\/wp\/v2\/product_brand?post=12043"},{"taxonomy":"product_cat","embeddable":true,"href":"https:\/\/penosil.com\/lt\/wp-json\/wp\/v2\/product_cat?post=12043"},{"taxonomy":"product_tag","embeddable":true,"href":"https:\/\/penosil.com\/lt\/wp-json\/wp\/v2\/product_tag?post=12043"}],"curies":[{"name":"wp","href":"https:\/\/api.w.org\/{rel}","templated":true}]}}