{"id":12045,"date":"2023-04-21T07:24:12","date_gmt":"2023-04-21T07:24:12","guid":{"rendered":"https:\/\/penosil.com\/lt\/?post_type=product&#038;p=12045"},"modified":"2026-01-07T01:03:05","modified_gmt":"2026-01-07T01:03:05","slug":"grainy-acrylic-655-hermetikas-su-grudeta-struktura","status":"publish","type":"product","link":"https:\/\/penosil.com\/lt\/produktai\/grainy-acrylic-655-hermetikas-su-grudeta-struktura\/","title":{"rendered":"Grainy Acrylic 655"},"content":{"rendered":"<p>Akrilinis hermetikas su gr\u016bd\u0117ta strukt\u016bra, skirtas u\u017epildyti ir u\u017esandarinti nedidelius tarpus ir \u012ftr\u016bkimus grubaus reljefo pavir\u0161iuose. Gr\u016bd\u0117ta formul\u0117 u\u017etikrina vienod\u0105 ir atspari\u0105 oro s\u0105lygoms apdail\u0105 ant \u0161iurk\u0161\u010di\u0173 pavir\u0161i\u0173, toki\u0173 kaip gr\u016bd\u0117tas tinkas.<\/p>\n","protected":false},"excerpt":{"rendered":"hermetikas su gr\u016bd\u0117ta strukt\u016bra","protected":false},"author":5,"featured_media":15884,"template":"","meta":{"_acf_changed":false,"advgb_blocks_editor_width":"","advgb_blocks_columns_visual_guide":"","footnotes":""},"product_brand":[],"product_cat":[210,1608,1368,1626,581],"product_tag":[],"class_list":{"0":"post-12045","1":"product","2":"type-product","3":"status-publish","4":"has-post-thumbnail","6":"product_cat-naudojimo-sritys","7":"product_cat-hermetikai-ir-mastikos","8":"product_cat-produktu-grupes","9":"product_cat-akriliniai-hermetikai","10":"product_cat-apdaila","12":"first","13":"instock","14":"taxable","15":"shipping-taxable","16":"purchasable","17":"product-type-simple"},"acf":[],"yoast_head":"<!-- This site is optimized with the Yoast SEO plugin v27.2 - https:\/\/yoast.com\/product\/yoast-seo-wordpress\/ -->\n<title>PENOSIL Grainy Acrylic 655 hermetikas su gr\u016bd\u0117ta strukt\u016bra<\/title>\n<meta name=\"description\" content=\"Akrilinis hermetikas su gr\u016bd\u0117ta strukt\u016bra, skirtas u\u017epildyti tarpelius ir \u012ftr\u016bkimus grubaus reljefo, gr\u016bd\u0117to tinko pavir\u0161iuose. Daugiau!\" \/>\n<meta name=\"robots\" content=\"index, follow, max-snippet:-1, max-image-preview:large, max-video-preview:-1\" \/>\n<link rel=\"canonical\" href=\"https:\/\/penosil.com\/lt\/produktai\/grainy-acrylic-655-hermetikas-su-grudeta-struktura\/\" \/>\n<meta property=\"og:locale\" content=\"lt_LT\" \/>\n<meta property=\"og:type\" content=\"article\" \/>\n<meta property=\"og:title\" content=\"PENOSIL Grainy Acrylic 655 hermetikas su gr\u016bd\u0117ta strukt\u016bra\" \/>\n<meta property=\"og:description\" content=\"Akrilinis hermetikas su gr\u016bd\u0117ta strukt\u016bra, skirtas u\u017epildyti tarpelius ir \u012ftr\u016bkimus grubaus reljefo, gr\u016bd\u0117to tinko pavir\u0161iuose. Daugiau!\" \/>\n<meta property=\"og:url\" content=\"https:\/\/penosil.com\/lt\/produktai\/grainy-acrylic-655-hermetikas-su-grudeta-struktura\/\" \/>\n<meta property=\"og:site_name\" content=\"Penosil Lithuania\" \/>\n<meta property=\"article:modified_time\" content=\"2026-01-07T01:03:05+00:00\" \/>\n<meta property=\"og:image\" content=\"https:\/\/penosil.com\/lt\/wp-content\/uploads\/sites\/13\/2025\/08\/655_Grainy_Acrylic_655_LT_LV_RU.png\" \/>\n\t<meta property=\"og:image:width\" content=\"387\" \/>\n\t<meta property=\"og:image:height\" content=\"1080\" \/>\n\t<meta property=\"og:image:type\" content=\"image\/png\" \/>\n<meta name=\"twitter:card\" content=\"summary_large_image\" \/>\n<script type=\"application\/ld+json\" class=\"yoast-schema-graph\">{\"@context\":\"https:\/\/schema.org\",\"@graph\":[{\"@type\":\"WebPage\",\"@id\":\"https:\/\/penosil.com\/lt\/produktai\/grainy-acrylic-655-hermetikas-su-grudeta-struktura\/\",\"url\":\"https:\/\/penosil.com\/lt\/produktai\/grainy-acrylic-655-hermetikas-su-grudeta-struktura\/\",\"name\":\"PENOSIL Grainy Acrylic 655 hermetikas su gr\u016bd\u0117ta strukt\u016bra\",\"isPartOf\":{\"@id\":\"https:\/\/penosil.com\/lt\/#website\"},\"primaryImageOfPage\":{\"@id\":\"https:\/\/penosil.com\/lt\/produktai\/grainy-acrylic-655-hermetikas-su-grudeta-struktura\/#primaryimage\"},\"image\":{\"@id\":\"https:\/\/penosil.com\/lt\/produktai\/grainy-acrylic-655-hermetikas-su-grudeta-struktura\/#primaryimage\"},\"thumbnailUrl\":\"https:\/\/penosil.com\/lt\/wp-content\/uploads\/sites\/13\/2025\/08\/655_Grainy_Acrylic_655_LT_LV_RU.png\",\"datePublished\":\"2023-04-21T07:24:12+00:00\",\"dateModified\":\"2026-01-07T01:03:05+00:00\",\"description\":\"Akrilinis hermetikas su gr\u016bd\u0117ta strukt\u016bra, skirtas u\u017epildyti tarpelius ir \u012ftr\u016bkimus grubaus reljefo, gr\u016bd\u0117to tinko pavir\u0161iuose. Daugiau!\",\"breadcrumb\":{\"@id\":\"https:\/\/penosil.com\/lt\/produktai\/grainy-acrylic-655-hermetikas-su-grudeta-struktura\/#breadcrumb\"},\"inLanguage\":\"lt-LT\",\"potentialAction\":[{\"@type\":\"ReadAction\",\"target\":[\"https:\/\/penosil.com\/lt\/produktai\/grainy-acrylic-655-hermetikas-su-grudeta-struktura\/\"]}]},{\"@type\":\"ImageObject\",\"inLanguage\":\"lt-LT\",\"@id\":\"https:\/\/penosil.com\/lt\/produktai\/grainy-acrylic-655-hermetikas-su-grudeta-struktura\/#primaryimage\",\"url\":\"https:\/\/penosil.com\/lt\/wp-content\/uploads\/sites\/13\/2025\/08\/655_Grainy_Acrylic_655_LT_LV_RU.png\",\"contentUrl\":\"https:\/\/penosil.com\/lt\/wp-content\/uploads\/sites\/13\/2025\/08\/655_Grainy_Acrylic_655_LT_LV_RU.png\",\"width\":387,\"height\":1080,\"caption\":\"PENOSIL Grainy Acrylic 655 hermetikas su gr\u016bd\u0117ta strukt\u016bra\"},{\"@type\":\"BreadcrumbList\",\"@id\":\"https:\/\/penosil.com\/lt\/produktai\/grainy-acrylic-655-hermetikas-su-grudeta-struktura\/#breadcrumb\",\"itemListElement\":[{\"@type\":\"ListItem\",\"position\":1,\"name\":\"Home\",\"item\":\"https:\/\/penosil.com\/lt\/\"},{\"@type\":\"ListItem\",\"position\":2,\"name\":\"Produktai\",\"item\":\"https:\/\/penosil.com\/lt\/produktai\/\"},{\"@type\":\"ListItem\",\"position\":3,\"name\":\"Grainy Acrylic 655\"}]},{\"@type\":\"WebSite\",\"@id\":\"https:\/\/penosil.com\/lt\/#website\",\"url\":\"https:\/\/penosil.com\/lt\/\",\"name\":\"Penosil Lithuania\",\"description\":\"\",\"potentialAction\":[{\"@type\":\"SearchAction\",\"target\":{\"@type\":\"EntryPoint\",\"urlTemplate\":\"https:\/\/penosil.com\/lt\/?s={search_term_string}\"},\"query-input\":{\"@type\":\"PropertyValueSpecification\",\"valueRequired\":true,\"valueName\":\"search_term_string\"}}],\"inLanguage\":\"lt-LT\"}]}<\/script>\n<!-- \/ Yoast SEO plugin. -->","yoast_head_json":{"title":"PENOSIL Grainy Acrylic 655 hermetikas su gr\u016bd\u0117ta strukt\u016bra","description":"Akrilinis hermetikas su gr\u016bd\u0117ta strukt\u016bra, skirtas u\u017epildyti tarpelius ir \u012ftr\u016bkimus grubaus reljefo, gr\u016bd\u0117to tinko pavir\u0161iuose. Daugiau!","robots":{"index":"index","follow":"follow","max-snippet":"max-snippet:-1","max-image-preview":"max-image-preview:large","max-video-preview":"max-video-preview:-1"},"canonical":"https:\/\/penosil.com\/lt\/produktai\/grainy-acrylic-655-hermetikas-su-grudeta-struktura\/","og_locale":"lt_LT","og_type":"article","og_title":"PENOSIL Grainy Acrylic 655 hermetikas su gr\u016bd\u0117ta strukt\u016bra","og_description":"Akrilinis hermetikas su gr\u016bd\u0117ta strukt\u016bra, skirtas u\u017epildyti tarpelius ir \u012ftr\u016bkimus grubaus reljefo, gr\u016bd\u0117to tinko pavir\u0161iuose. Daugiau!","og_url":"https:\/\/penosil.com\/lt\/produktai\/grainy-acrylic-655-hermetikas-su-grudeta-struktura\/","og_site_name":"Penosil Lithuania","article_modified_time":"2026-01-07T01:03:05+00:00","og_image":[{"width":387,"height":1080,"url":"https:\/\/penosil.com\/lt\/wp-content\/uploads\/sites\/13\/2025\/08\/655_Grainy_Acrylic_655_LT_LV_RU.png","type":"image\/png"}],"twitter_card":"summary_large_image","schema":{"@context":"https:\/\/schema.org","@graph":[{"@type":"WebPage","@id":"https:\/\/penosil.com\/lt\/produktai\/grainy-acrylic-655-hermetikas-su-grudeta-struktura\/","url":"https:\/\/penosil.com\/lt\/produktai\/grainy-acrylic-655-hermetikas-su-grudeta-struktura\/","name":"PENOSIL Grainy Acrylic 655 hermetikas su gr\u016bd\u0117ta strukt\u016bra","isPartOf":{"@id":"https:\/\/penosil.com\/lt\/#website"},"primaryImageOfPage":{"@id":"https:\/\/penosil.com\/lt\/produktai\/grainy-acrylic-655-hermetikas-su-grudeta-struktura\/#primaryimage"},"image":{"@id":"https:\/\/penosil.com\/lt\/produktai\/grainy-acrylic-655-hermetikas-su-grudeta-struktura\/#primaryimage"},"thumbnailUrl":"https:\/\/penosil.com\/lt\/wp-content\/uploads\/sites\/13\/2025\/08\/655_Grainy_Acrylic_655_LT_LV_RU.png","datePublished":"2023-04-21T07:24:12+00:00","dateModified":"2026-01-07T01:03:05+00:00","description":"Akrilinis hermetikas su gr\u016bd\u0117ta strukt\u016bra, skirtas u\u017epildyti tarpelius ir \u012ftr\u016bkimus grubaus reljefo, gr\u016bd\u0117to tinko pavir\u0161iuose. Daugiau!","breadcrumb":{"@id":"https:\/\/penosil.com\/lt\/produktai\/grainy-acrylic-655-hermetikas-su-grudeta-struktura\/#breadcrumb"},"inLanguage":"lt-LT","potentialAction":[{"@type":"ReadAction","target":["https:\/\/penosil.com\/lt\/produktai\/grainy-acrylic-655-hermetikas-su-grudeta-struktura\/"]}]},{"@type":"ImageObject","inLanguage":"lt-LT","@id":"https:\/\/penosil.com\/lt\/produktai\/grainy-acrylic-655-hermetikas-su-grudeta-struktura\/#primaryimage","url":"https:\/\/penosil.com\/lt\/wp-content\/uploads\/sites\/13\/2025\/08\/655_Grainy_Acrylic_655_LT_LV_RU.png","contentUrl":"https:\/\/penosil.com\/lt\/wp-content\/uploads\/sites\/13\/2025\/08\/655_Grainy_Acrylic_655_LT_LV_RU.png","width":387,"height":1080,"caption":"PENOSIL Grainy Acrylic 655 hermetikas su gr\u016bd\u0117ta strukt\u016bra"},{"@type":"BreadcrumbList","@id":"https:\/\/penosil.com\/lt\/produktai\/grainy-acrylic-655-hermetikas-su-grudeta-struktura\/#breadcrumb","itemListElement":[{"@type":"ListItem","position":1,"name":"Home","item":"https:\/\/penosil.com\/lt\/"},{"@type":"ListItem","position":2,"name":"Produktai","item":"https:\/\/penosil.com\/lt\/produktai\/"},{"@type":"ListItem","position":3,"name":"Grainy Acrylic 655"}]},{"@type":"WebSite","@id":"https:\/\/penosil.com\/lt\/#website","url":"https:\/\/penosil.com\/lt\/","name":"Penosil Lithuania","description":"","potentialAction":[{"@type":"SearchAction","target":{"@type":"EntryPoint","urlTemplate":"https:\/\/penosil.com\/lt\/?s={search_term_string}"},"query-input":{"@type":"PropertyValueSpecification","valueRequired":true,"valueName":"search_term_string"}}],"inLanguage":"lt-LT"}]}},"featured_img":"https:\/\/penosil.com\/lt\/wp-content\/uploads\/sites\/13\/2025\/08\/655_Grainy_Acrylic_655_LT_LV_RU.png","coauthors":[],"author_meta":{"author_link":"https:\/\/penosil.com\/lt\/author\/asta\/","display_name":"Asta Salkauskiene"},"relative_dates":{"created":"Posted 3 metai ago","modified":"Updated 3 m\u0117nesiai ago"},"absolute_dates":{"created":"Posted on 2023 21 baland\u017eio","modified":"Updated on 2026 7 sausio"},"absolute_dates_time":{"created":"Posted on 2023 21 baland\u017eio 7:24","modified":"Updated on 2026 7 sausio 1:03"},"featured_img_caption":"","tax_additional":{"product_brand":{"linked":[],"unlinked":[],"slug":"product_brand","name":"Preki\u0173 \u017eenklai"},"product_type":{"linked":["<a href=\"https:\/\/penosil.com\/lt\/?taxonomy=product_type&#038;term=simple\" class=\"advgb-post-tax-term\">simple<\/a>"],"unlinked":["<span class=\"advgb-post-tax-term\">simple<\/span>"],"slug":"product_type","name":"Produkto tipas"},"product_visibility":{"linked":[],"unlinked":[],"slug":"product_visibility","name":"Produkto matomumas"},"product_cat":{"linked":["<a href=\"https:\/\/penosil.com\/lt\/produkto-kategorija\/naudojimo-sritys\/\" class=\"advgb-post-tax-term\">Naudojimo sritys<\/a>","<a href=\"https:\/\/penosil.com\/lt\/produkto-kategorija\/produktu-grupes\/hermetikai-ir-mastikos\/\" class=\"advgb-post-tax-term\">Hermetikai ir mastikos<\/a>","<a href=\"https:\/\/penosil.com\/lt\/produkto-kategorija\/produktu-grupes\/\" class=\"advgb-post-tax-term\">Produkt\u0173 grup\u0117s<\/a>","<a href=\"https:\/\/penosil.com\/lt\/produkto-kategorija\/produktu-grupes\/hermetikai-ir-mastikos\/akriliniai-hermetikai\/\" class=\"advgb-post-tax-term\">Akriliniai hermetikai<\/a>","<a href=\"https:\/\/penosil.com\/lt\/produkto-kategorija\/naudojimo-sritys\/apdaila\/\" class=\"advgb-post-tax-term\">Apdaila<\/a>"],"unlinked":["<span class=\"advgb-post-tax-term\">Naudojimo sritys<\/span>","<span class=\"advgb-post-tax-term\">Hermetikai ir mastikos<\/span>","<span class=\"advgb-post-tax-term\">Produkt\u0173 grup\u0117s<\/span>","<span class=\"advgb-post-tax-term\">Akriliniai hermetikai<\/span>","<span class=\"advgb-post-tax-term\">Apdaila<\/span>"],"slug":"product_cat","name":"Produkto kategorijos"},"product_tag":{"linked":[],"unlinked":[],"slug":"product_tag","name":"Produkto \u017eyma"},"product_shipping_class":{"linked":[],"unlinked":[],"slug":"product_shipping_class","name":"Produkto pristatymo klas\u0117s"},"pos_product_visibility":{"linked":[],"unlinked":[],"slug":"pos_product_visibility","name":"POS Product visibility"},"pa_color":{"linked":["<a href=\"https:\/\/penosil.com\/lt\/en\/?taxonomy=pa_color&#038;term=balta\" class=\"advgb-post-tax-term\">Balta<\/a>"],"unlinked":["<span class=\"advgb-post-tax-term\">Balta<\/span>"],"slug":"pa_color","name":"Product Color"},"pa_package":{"linked":["<a href=\"https:\/\/penosil.com\/lt\/?taxonomy=pa_package&#038;term=300-ml\" class=\"advgb-post-tax-term\">300 ml<\/a>"],"unlinked":["<span class=\"advgb-post-tax-term\">300 ml<\/span>"],"slug":"pa_package","name":"Product Package"},"pa_plotis":{"linked":[],"unlinked":[],"slug":"pa_plotis","name":"Product Plotis"},"pa_skersmuo":{"linked":[],"unlinked":[],"slug":"pa_skersmuo","name":"Product Skersmuo"},"translation_priority":{"linked":["<a href=\"https:\/\/penosil.com\/lt\/?taxonomy=translation_priority&#038;term=optional-lt\" class=\"advgb-post-tax-term\">Optional<\/a>"],"unlinked":["<span class=\"advgb-post-tax-term\">Optional<\/span>"],"slug":"translation_priority","name":"Translation Priorities"}},"series_order":"","_links":{"self":[{"href":"https:\/\/penosil.com\/lt\/wp-json\/wp\/v2\/product\/12045","targetHints":{"allow":["GET"]}}],"collection":[{"href":"https:\/\/penosil.com\/lt\/wp-json\/wp\/v2\/product"}],"about":[{"href":"https:\/\/penosil.com\/lt\/wp-json\/wp\/v2\/types\/product"}],"version-history":[{"count":5,"href":"https:\/\/penosil.com\/lt\/wp-json\/wp\/v2\/product\/12045\/revisions"}],"predecessor-version":[{"id":16283,"href":"https:\/\/penosil.com\/lt\/wp-json\/wp\/v2\/product\/12045\/revisions\/16283"}],"wp:featuredmedia":[{"embeddable":true,"href":"https:\/\/penosil.com\/lt\/wp-json\/wp\/v2\/media\/15884"}],"wp:attachment":[{"href":"https:\/\/penosil.com\/lt\/wp-json\/wp\/v2\/media?parent=12045"}],"wp:term":[{"taxonomy":"product_brand","embeddable":true,"href":"https:\/\/penosil.com\/lt\/wp-json\/wp\/v2\/product_brand?post=12045"},{"taxonomy":"product_cat","embeddable":true,"href":"https:\/\/penosil.com\/lt\/wp-json\/wp\/v2\/product_cat?post=12045"},{"taxonomy":"product_tag","embeddable":true,"href":"https:\/\/penosil.com\/lt\/wp-json\/wp\/v2\/product_tag?post=12045"}],"curies":[{"name":"wp","href":"https:\/\/api.w.org\/{rel}","templated":true}]}}