{"id":12059,"date":"2023-04-22T05:26:50","date_gmt":"2023-04-22T05:26:50","guid":{"rendered":"https:\/\/penosil.com\/lt\/?post_type=product&#038;p=12059"},"modified":"2026-01-31T01:16:54","modified_gmt":"2026-01-31T01:16:54","slug":"eco-elastic-acrylic-622-tvarus-silikonizuotas-akrilinis-hermetikas","status":"publish","type":"product","link":"https:\/\/penosil.com\/lt\/produktai\/eco-elastic-acrylic-622-tvarus-silikonizuotas-akrilinis-hermetikas\/","title":{"rendered":"ECO Elastic Acrylic 622"},"content":{"rendered":"<p>Elastingas, tvarus silikonizuotas akrilinis hermetikas, pagamintas i\u0161 perdirbt\u0173 ir organin\u0117s kilm\u0117s med\u017eiag\u0173, skirtas u\u017epildyti judan\u010dius tarpus ir si\u016bles prie\u0161 da\u017eym\u0105 ir kitus apdailos darbus.<br \/>\n<a href=\"http:\/\/penosil.com\/lt\/wp-content\/uploads\/sites\/13\/2025\/05\/Tvarios-statybos_Sales_Sheet_LT.pdf-1.pdf\">Per\u017ei\u016br\u0117kite informacin\u012f lap\u0105 apie tvarios statybos kategorijos produktus.<\/a><\/p>\n","protected":false},"excerpt":{"rendered":"tvarus silikonizuotas akrilinis hermetikas","protected":false},"author":5,"featured_media":15166,"template":"","meta":{"_acf_changed":false,"advgb_blocks_editor_width":"","advgb_blocks_columns_visual_guide":"","footnotes":""},"product_brand":[],"product_cat":[210,1064,1608,1368,1626,2336],"product_tag":[],"class_list":{"0":"post-12059","1":"product","2":"type-product","3":"status-publish","4":"has-post-thumbnail","6":"product_cat-naudojimo-sritys","7":"product_cat-nauji-produktai","8":"product_cat-hermetikai-ir-mastikos","9":"product_cat-produktu-grupes","10":"product_cat-akriliniai-hermetikai","11":"product_cat-tvari-statyba","13":"first","14":"instock","15":"taxable","16":"shipping-taxable","17":"purchasable","18":"product-type-simple"},"acf":[],"yoast_head":"<!-- This site is optimized with the Yoast SEO plugin v27.2 - https:\/\/yoast.com\/product\/yoast-seo-wordpress\/ -->\n<title>PENOSIL ECO Elastic Acrylic 622 tvarus silikonizuotas akrilinis hermetikas<\/title>\n<meta name=\"description\" content=\"Tvarus silikonizuotas akrilinis hermetikas, naudojamas si\u016bli\u0173, tarp\u0173 u\u017epildymui prie\u0161 da\u017eant. Pagamintas i\u0161 tvari\u0173 \u017ealiav\u0173. Su\u017einokite daugiau \u010dia!\" \/>\n<meta name=\"robots\" content=\"index, follow, max-snippet:-1, max-image-preview:large, max-video-preview:-1\" \/>\n<link rel=\"canonical\" href=\"https:\/\/penosil.com\/lt\/produktai\/eco-elastic-acrylic-622-tvarus-silikonizuotas-akrilinis-hermetikas\/\" \/>\n<meta property=\"og:locale\" content=\"lt_LT\" \/>\n<meta property=\"og:type\" content=\"article\" \/>\n<meta property=\"og:title\" content=\"PENOSIL ECO Elastic Acrylic 622 tvarus silikonizuotas akrilinis hermetikas\" \/>\n<meta property=\"og:description\" content=\"Tvarus silikonizuotas akrilinis hermetikas, naudojamas si\u016bli\u0173, tarp\u0173 u\u017epildymui prie\u0161 da\u017eant. Pagamintas i\u0161 tvari\u0173 \u017ealiav\u0173. Su\u017einokite daugiau \u010dia!\" \/>\n<meta property=\"og:url\" content=\"https:\/\/penosil.com\/lt\/produktai\/eco-elastic-acrylic-622-tvarus-silikonizuotas-akrilinis-hermetikas\/\" \/>\n<meta property=\"og:site_name\" content=\"Penosil Lithuania\" \/>\n<meta property=\"article:modified_time\" content=\"2026-01-31T01:16:54+00:00\" \/>\n<meta property=\"og:image\" content=\"https:\/\/penosil.com\/lt\/wp-content\/uploads\/sites\/13\/2025\/05\/622_ECO_Elastic_Acrylic_622_LT_LV_RU.png\" \/>\n\t<meta property=\"og:image:width\" content=\"387\" \/>\n\t<meta property=\"og:image:height\" content=\"1080\" \/>\n\t<meta property=\"og:image:type\" content=\"image\/png\" \/>\n<meta name=\"twitter:card\" content=\"summary_large_image\" \/>\n<script type=\"application\/ld+json\" class=\"yoast-schema-graph\">{\"@context\":\"https:\/\/schema.org\",\"@graph\":[{\"@type\":\"WebPage\",\"@id\":\"https:\/\/penosil.com\/lt\/produktai\/eco-elastic-acrylic-622-tvarus-silikonizuotas-akrilinis-hermetikas\/\",\"url\":\"https:\/\/penosil.com\/lt\/produktai\/eco-elastic-acrylic-622-tvarus-silikonizuotas-akrilinis-hermetikas\/\",\"name\":\"PENOSIL ECO Elastic Acrylic 622 tvarus silikonizuotas akrilinis hermetikas\",\"isPartOf\":{\"@id\":\"https:\/\/penosil.com\/lt\/#website\"},\"primaryImageOfPage\":{\"@id\":\"https:\/\/penosil.com\/lt\/produktai\/eco-elastic-acrylic-622-tvarus-silikonizuotas-akrilinis-hermetikas\/#primaryimage\"},\"image\":{\"@id\":\"https:\/\/penosil.com\/lt\/produktai\/eco-elastic-acrylic-622-tvarus-silikonizuotas-akrilinis-hermetikas\/#primaryimage\"},\"thumbnailUrl\":\"https:\/\/penosil.com\/lt\/wp-content\/uploads\/sites\/13\/2025\/05\/622_ECO_Elastic_Acrylic_622_LT_LV_RU.png\",\"datePublished\":\"2023-04-22T05:26:50+00:00\",\"dateModified\":\"2026-01-31T01:16:54+00:00\",\"description\":\"Tvarus silikonizuotas akrilinis hermetikas, naudojamas si\u016bli\u0173, tarp\u0173 u\u017epildymui prie\u0161 da\u017eant. Pagamintas i\u0161 tvari\u0173 \u017ealiav\u0173. Su\u017einokite daugiau \u010dia!\",\"breadcrumb\":{\"@id\":\"https:\/\/penosil.com\/lt\/produktai\/eco-elastic-acrylic-622-tvarus-silikonizuotas-akrilinis-hermetikas\/#breadcrumb\"},\"inLanguage\":\"lt-LT\",\"potentialAction\":[{\"@type\":\"ReadAction\",\"target\":[\"https:\/\/penosil.com\/lt\/produktai\/eco-elastic-acrylic-622-tvarus-silikonizuotas-akrilinis-hermetikas\/\"]}]},{\"@type\":\"ImageObject\",\"inLanguage\":\"lt-LT\",\"@id\":\"https:\/\/penosil.com\/lt\/produktai\/eco-elastic-acrylic-622-tvarus-silikonizuotas-akrilinis-hermetikas\/#primaryimage\",\"url\":\"https:\/\/penosil.com\/lt\/wp-content\/uploads\/sites\/13\/2025\/05\/622_ECO_Elastic_Acrylic_622_LT_LV_RU.png\",\"contentUrl\":\"https:\/\/penosil.com\/lt\/wp-content\/uploads\/sites\/13\/2025\/05\/622_ECO_Elastic_Acrylic_622_LT_LV_RU.png\",\"width\":387,\"height\":1080,\"caption\":\"PENOSIL ECO Elastic Acrylic 622 tvarus silikonizuotas akrilinis hermetikas\"},{\"@type\":\"BreadcrumbList\",\"@id\":\"https:\/\/penosil.com\/lt\/produktai\/eco-elastic-acrylic-622-tvarus-silikonizuotas-akrilinis-hermetikas\/#breadcrumb\",\"itemListElement\":[{\"@type\":\"ListItem\",\"position\":1,\"name\":\"Home\",\"item\":\"https:\/\/penosil.com\/lt\/\"},{\"@type\":\"ListItem\",\"position\":2,\"name\":\"Produktai\",\"item\":\"https:\/\/penosil.com\/lt\/produktai\/\"},{\"@type\":\"ListItem\",\"position\":3,\"name\":\"ECO Elastic Acrylic 622\"}]},{\"@type\":\"WebSite\",\"@id\":\"https:\/\/penosil.com\/lt\/#website\",\"url\":\"https:\/\/penosil.com\/lt\/\",\"name\":\"Penosil Lithuania\",\"description\":\"\",\"potentialAction\":[{\"@type\":\"SearchAction\",\"target\":{\"@type\":\"EntryPoint\",\"urlTemplate\":\"https:\/\/penosil.com\/lt\/?s={search_term_string}\"},\"query-input\":{\"@type\":\"PropertyValueSpecification\",\"valueRequired\":true,\"valueName\":\"search_term_string\"}}],\"inLanguage\":\"lt-LT\"}]}<\/script>\n<!-- \/ Yoast SEO plugin. -->","yoast_head_json":{"title":"PENOSIL ECO Elastic Acrylic 622 tvarus silikonizuotas akrilinis hermetikas","description":"Tvarus silikonizuotas akrilinis hermetikas, naudojamas si\u016bli\u0173, tarp\u0173 u\u017epildymui prie\u0161 da\u017eant. Pagamintas i\u0161 tvari\u0173 \u017ealiav\u0173. Su\u017einokite daugiau \u010dia!","robots":{"index":"index","follow":"follow","max-snippet":"max-snippet:-1","max-image-preview":"max-image-preview:large","max-video-preview":"max-video-preview:-1"},"canonical":"https:\/\/penosil.com\/lt\/produktai\/eco-elastic-acrylic-622-tvarus-silikonizuotas-akrilinis-hermetikas\/","og_locale":"lt_LT","og_type":"article","og_title":"PENOSIL ECO Elastic Acrylic 622 tvarus silikonizuotas akrilinis hermetikas","og_description":"Tvarus silikonizuotas akrilinis hermetikas, naudojamas si\u016bli\u0173, tarp\u0173 u\u017epildymui prie\u0161 da\u017eant. Pagamintas i\u0161 tvari\u0173 \u017ealiav\u0173. Su\u017einokite daugiau \u010dia!","og_url":"https:\/\/penosil.com\/lt\/produktai\/eco-elastic-acrylic-622-tvarus-silikonizuotas-akrilinis-hermetikas\/","og_site_name":"Penosil Lithuania","article_modified_time":"2026-01-31T01:16:54+00:00","og_image":[{"width":387,"height":1080,"url":"https:\/\/penosil.com\/lt\/wp-content\/uploads\/sites\/13\/2025\/05\/622_ECO_Elastic_Acrylic_622_LT_LV_RU.png","type":"image\/png"}],"twitter_card":"summary_large_image","schema":{"@context":"https:\/\/schema.org","@graph":[{"@type":"WebPage","@id":"https:\/\/penosil.com\/lt\/produktai\/eco-elastic-acrylic-622-tvarus-silikonizuotas-akrilinis-hermetikas\/","url":"https:\/\/penosil.com\/lt\/produktai\/eco-elastic-acrylic-622-tvarus-silikonizuotas-akrilinis-hermetikas\/","name":"PENOSIL ECO Elastic Acrylic 622 tvarus silikonizuotas akrilinis hermetikas","isPartOf":{"@id":"https:\/\/penosil.com\/lt\/#website"},"primaryImageOfPage":{"@id":"https:\/\/penosil.com\/lt\/produktai\/eco-elastic-acrylic-622-tvarus-silikonizuotas-akrilinis-hermetikas\/#primaryimage"},"image":{"@id":"https:\/\/penosil.com\/lt\/produktai\/eco-elastic-acrylic-622-tvarus-silikonizuotas-akrilinis-hermetikas\/#primaryimage"},"thumbnailUrl":"https:\/\/penosil.com\/lt\/wp-content\/uploads\/sites\/13\/2025\/05\/622_ECO_Elastic_Acrylic_622_LT_LV_RU.png","datePublished":"2023-04-22T05:26:50+00:00","dateModified":"2026-01-31T01:16:54+00:00","description":"Tvarus silikonizuotas akrilinis hermetikas, naudojamas si\u016bli\u0173, tarp\u0173 u\u017epildymui prie\u0161 da\u017eant. Pagamintas i\u0161 tvari\u0173 \u017ealiav\u0173. Su\u017einokite daugiau \u010dia!","breadcrumb":{"@id":"https:\/\/penosil.com\/lt\/produktai\/eco-elastic-acrylic-622-tvarus-silikonizuotas-akrilinis-hermetikas\/#breadcrumb"},"inLanguage":"lt-LT","potentialAction":[{"@type":"ReadAction","target":["https:\/\/penosil.com\/lt\/produktai\/eco-elastic-acrylic-622-tvarus-silikonizuotas-akrilinis-hermetikas\/"]}]},{"@type":"ImageObject","inLanguage":"lt-LT","@id":"https:\/\/penosil.com\/lt\/produktai\/eco-elastic-acrylic-622-tvarus-silikonizuotas-akrilinis-hermetikas\/#primaryimage","url":"https:\/\/penosil.com\/lt\/wp-content\/uploads\/sites\/13\/2025\/05\/622_ECO_Elastic_Acrylic_622_LT_LV_RU.png","contentUrl":"https:\/\/penosil.com\/lt\/wp-content\/uploads\/sites\/13\/2025\/05\/622_ECO_Elastic_Acrylic_622_LT_LV_RU.png","width":387,"height":1080,"caption":"PENOSIL ECO Elastic Acrylic 622 tvarus silikonizuotas akrilinis hermetikas"},{"@type":"BreadcrumbList","@id":"https:\/\/penosil.com\/lt\/produktai\/eco-elastic-acrylic-622-tvarus-silikonizuotas-akrilinis-hermetikas\/#breadcrumb","itemListElement":[{"@type":"ListItem","position":1,"name":"Home","item":"https:\/\/penosil.com\/lt\/"},{"@type":"ListItem","position":2,"name":"Produktai","item":"https:\/\/penosil.com\/lt\/produktai\/"},{"@type":"ListItem","position":3,"name":"ECO Elastic Acrylic 622"}]},{"@type":"WebSite","@id":"https:\/\/penosil.com\/lt\/#website","url":"https:\/\/penosil.com\/lt\/","name":"Penosil Lithuania","description":"","potentialAction":[{"@type":"SearchAction","target":{"@type":"EntryPoint","urlTemplate":"https:\/\/penosil.com\/lt\/?s={search_term_string}"},"query-input":{"@type":"PropertyValueSpecification","valueRequired":true,"valueName":"search_term_string"}}],"inLanguage":"lt-LT"}]}},"featured_img":"https:\/\/penosil.com\/lt\/wp-content\/uploads\/sites\/13\/2025\/05\/622_ECO_Elastic_Acrylic_622_LT_LV_RU.png","coauthors":[],"author_meta":{"author_link":"https:\/\/penosil.com\/lt\/author\/asta\/","display_name":"Asta Salkauskiene"},"relative_dates":{"created":"Posted 3 metai ago","modified":"Updated 2 m\u0117nesiai ago"},"absolute_dates":{"created":"Posted on 2023 22 baland\u017eio","modified":"Updated on 2026 31 sausio"},"absolute_dates_time":{"created":"Posted on 2023 22 baland\u017eio 5:26","modified":"Updated on 2026 31 sausio 1:16"},"featured_img_caption":"","tax_additional":{"product_brand":{"linked":[],"unlinked":[],"slug":"product_brand","name":"Preki\u0173 \u017eenklai"},"product_type":{"linked":["<a href=\"https:\/\/penosil.com\/lt\/?taxonomy=product_type&#038;term=simple\" class=\"advgb-post-tax-term\">simple<\/a>"],"unlinked":["<span class=\"advgb-post-tax-term\">simple<\/span>"],"slug":"product_type","name":"Produkto tipas"},"product_visibility":{"linked":[],"unlinked":[],"slug":"product_visibility","name":"Produkto matomumas"},"product_cat":{"linked":["<a href=\"https:\/\/penosil.com\/lt\/produkto-kategorija\/naudojimo-sritys\/\" class=\"advgb-post-tax-term\">Naudojimo sritys<\/a>","<a href=\"https:\/\/penosil.com\/lt\/produkto-kategorija\/nauji-produktai\/\" class=\"advgb-post-tax-term\">Nauji produktai<\/a>","<a href=\"https:\/\/penosil.com\/lt\/produkto-kategorija\/produktu-grupes\/hermetikai-ir-mastikos\/\" class=\"advgb-post-tax-term\">Hermetikai ir mastikos<\/a>","<a href=\"https:\/\/penosil.com\/lt\/produkto-kategorija\/produktu-grupes\/\" class=\"advgb-post-tax-term\">Produkt\u0173 grup\u0117s<\/a>","<a href=\"https:\/\/penosil.com\/lt\/produkto-kategorija\/produktu-grupes\/hermetikai-ir-mastikos\/akriliniai-hermetikai\/\" class=\"advgb-post-tax-term\">Akriliniai hermetikai<\/a>","<a href=\"https:\/\/penosil.com\/lt\/produkto-kategorija\/naudojimo-sritys\/tvari-statyba\/\" class=\"advgb-post-tax-term\">Tvari statyba<\/a>"],"unlinked":["<span class=\"advgb-post-tax-term\">Naudojimo sritys<\/span>","<span class=\"advgb-post-tax-term\">Nauji produktai<\/span>","<span class=\"advgb-post-tax-term\">Hermetikai ir mastikos<\/span>","<span class=\"advgb-post-tax-term\">Produkt\u0173 grup\u0117s<\/span>","<span class=\"advgb-post-tax-term\">Akriliniai hermetikai<\/span>","<span class=\"advgb-post-tax-term\">Tvari statyba<\/span>"],"slug":"product_cat","name":"Produkto kategorijos"},"product_tag":{"linked":[],"unlinked":[],"slug":"product_tag","name":"Produkto \u017eyma"},"product_shipping_class":{"linked":[],"unlinked":[],"slug":"product_shipping_class","name":"Produkto pristatymo klas\u0117s"},"pos_product_visibility":{"linked":[],"unlinked":[],"slug":"pos_product_visibility","name":"POS Product visibility"},"pa_color":{"linked":["<a href=\"https:\/\/penosil.com\/lt\/en\/?taxonomy=pa_color&#038;term=balta\" class=\"advgb-post-tax-term\">Balta<\/a>"],"unlinked":["<span class=\"advgb-post-tax-term\">Balta<\/span>"],"slug":"pa_color","name":"Product Color"},"pa_package":{"linked":["<a href=\"https:\/\/penosil.com\/lt\/?taxonomy=pa_package&#038;term=300-ml\" class=\"advgb-post-tax-term\">300 ml<\/a>"],"unlinked":["<span class=\"advgb-post-tax-term\">300 ml<\/span>"],"slug":"pa_package","name":"Product Package"},"pa_plotis":{"linked":[],"unlinked":[],"slug":"pa_plotis","name":"Product Plotis"},"pa_skersmuo":{"linked":[],"unlinked":[],"slug":"pa_skersmuo","name":"Product Skersmuo"},"translation_priority":{"linked":["<a href=\"https:\/\/penosil.com\/lt\/?taxonomy=translation_priority&#038;term=optional-lt\" class=\"advgb-post-tax-term\">Optional<\/a>"],"unlinked":["<span class=\"advgb-post-tax-term\">Optional<\/span>"],"slug":"translation_priority","name":"Translation Priorities"}},"series_order":"","_links":{"self":[{"href":"https:\/\/penosil.com\/lt\/wp-json\/wp\/v2\/product\/12059","targetHints":{"allow":["GET"]}}],"collection":[{"href":"https:\/\/penosil.com\/lt\/wp-json\/wp\/v2\/product"}],"about":[{"href":"https:\/\/penosil.com\/lt\/wp-json\/wp\/v2\/types\/product"}],"version-history":[{"count":11,"href":"https:\/\/penosil.com\/lt\/wp-json\/wp\/v2\/product\/12059\/revisions"}],"predecessor-version":[{"id":16491,"href":"https:\/\/penosil.com\/lt\/wp-json\/wp\/v2\/product\/12059\/revisions\/16491"}],"wp:featuredmedia":[{"embeddable":true,"href":"https:\/\/penosil.com\/lt\/wp-json\/wp\/v2\/media\/15166"}],"wp:attachment":[{"href":"https:\/\/penosil.com\/lt\/wp-json\/wp\/v2\/media?parent=12059"}],"wp:term":[{"taxonomy":"product_brand","embeddable":true,"href":"https:\/\/penosil.com\/lt\/wp-json\/wp\/v2\/product_brand?post=12059"},{"taxonomy":"product_cat","embeddable":true,"href":"https:\/\/penosil.com\/lt\/wp-json\/wp\/v2\/product_cat?post=12059"},{"taxonomy":"product_tag","embeddable":true,"href":"https:\/\/penosil.com\/lt\/wp-json\/wp\/v2\/product_tag?post=12059"}],"curies":[{"name":"wp","href":"https:\/\/api.w.org\/{rel}","templated":true}]}}