{"id":12064,"date":"2023-04-22T07:02:52","date_gmt":"2023-04-22T07:02:52","guid":{"rendered":"https:\/\/penosil.com\/lt\/?post_type=product&#038;p=12064"},"modified":"2026-04-11T00:01:55","modified_gmt":"2026-04-11T00:01:55","slug":"facade-joint-hybrid-25lm-hibridinis-hermetikas-fasadinems-jungtims","status":"publish","type":"product","link":"https:\/\/penosil.com\/lt\/produktai\/facade-joint-hybrid-25lm-hibridinis-hermetikas-fasadinems-jungtims\/","title":{"rendered":"Facade Joint Hybrid 25LM"},"content":{"rendered":"<p>MS polimer\u0173 pagrindu pagamintas hibridinis hermetikas fasadin\u0117ms jungtims, skirtas \u012fvairioms jungtims sandarinti ir u\u017epildyti atliekant darbus viduje ir lauke. Puikiai tinka jungtims, kurioms reikalingas didelis elastingumas ir atsparumas oro s\u0105lygoms.<\/p>\n","protected":false},"excerpt":{"rendered":"hibridinis hermetikas fasadin\u0117ms jungtims","protected":false},"author":5,"featured_media":16632,"template":"","meta":{"_acf_changed":false,"advgb_blocks_editor_width":"","advgb_blocks_columns_visual_guide":"","footnotes":""},"product_brand":[],"product_cat":[210,1608,2364,1085,1368],"product_tag":[],"class_list":{"0":"post-12064","1":"product","2":"type-product","3":"status-publish","4":"has-post-thumbnail","6":"product_cat-naudojimo-sritys","7":"product_cat-hermetikai-ir-mastikos","8":"product_cat-hibridiniai-hermetikai","9":"product_cat-stogai-ir-fasadai","10":"product_cat-produktu-grupes","12":"first","13":"instock","14":"taxable","15":"shipping-taxable","16":"purchasable","17":"product-type-variable","18":"has-default-attributes"},"acf":[],"yoast_head":"<!-- This site is optimized with the Yoast SEO plugin v27.4 - https:\/\/yoast.com\/product\/yoast-seo-wordpress\/ -->\n<title>PENOSIL Facade Joint Hybrid 25LM hermetikas fasadin\u0117ms jungtims<\/title>\n<meta name=\"description\" content=\"Hibridinis hermetikas fasadin\u0117ms jungtims pasi\u017eymi dideliu paslankumu jungtyje ir ilgalaikiu elastingumu. Vidaus ir lauko darbams Su\u017einokite daugiau!\" \/>\n<meta name=\"robots\" content=\"index, follow, max-snippet:-1, max-image-preview:large, max-video-preview:-1\" \/>\n<link rel=\"canonical\" href=\"https:\/\/penosil.com\/lt\/produktai\/facade-joint-hybrid-25lm-hibridinis-hermetikas-fasadinems-jungtims\/\" \/>\n<meta property=\"og:locale\" content=\"lt_LT\" \/>\n<meta property=\"og:type\" content=\"article\" \/>\n<meta property=\"og:title\" content=\"PENOSIL Facade Joint Hybrid 25LM hermetikas fasadin\u0117ms jungtims\" \/>\n<meta property=\"og:description\" content=\"Hibridinis hermetikas fasadin\u0117ms jungtims pasi\u017eymi dideliu paslankumu jungtyje ir ilgalaikiu elastingumu. Vidaus ir lauko darbams Su\u017einokite daugiau!\" \/>\n<meta property=\"og:url\" content=\"https:\/\/penosil.com\/lt\/produktai\/facade-joint-hybrid-25lm-hibridinis-hermetikas-fasadinems-jungtims\/\" \/>\n<meta property=\"og:site_name\" content=\"Penosil Lithuania\" \/>\n<meta property=\"article:modified_time\" content=\"2026-04-11T00:01:55+00:00\" \/>\n<meta property=\"og:image\" content=\"https:\/\/penosil.com\/lt\/wp-content\/uploads\/sites\/13\/2025\/07\/257_Facade_Joint_Hybrid_25LM_LT_LV_EE.png\" \/>\n\t<meta property=\"og:image:width\" content=\"164\" \/>\n\t<meta property=\"og:image:height\" content=\"1080\" \/>\n\t<meta property=\"og:image:type\" content=\"image\/png\" \/>\n<meta name=\"twitter:card\" content=\"summary_large_image\" \/>\n<script type=\"application\/ld+json\" class=\"yoast-schema-graph\">{\"@context\":\"https:\\\/\\\/schema.org\",\"@graph\":[{\"@type\":\"WebPage\",\"@id\":\"https:\\\/\\\/penosil.com\\\/lt\\\/produktai\\\/facade-joint-hybrid-25lm-hibridinis-hermetikas-fasadinems-jungtims\\\/\",\"url\":\"https:\\\/\\\/penosil.com\\\/lt\\\/produktai\\\/facade-joint-hybrid-25lm-hibridinis-hermetikas-fasadinems-jungtims\\\/\",\"name\":\"PENOSIL Facade Joint Hybrid 25LM hermetikas fasadin\u0117ms jungtims\",\"isPartOf\":{\"@id\":\"https:\\\/\\\/penosil.com\\\/lt\\\/#website\"},\"primaryImageOfPage\":{\"@id\":\"https:\\\/\\\/penosil.com\\\/lt\\\/produktai\\\/facade-joint-hybrid-25lm-hibridinis-hermetikas-fasadinems-jungtims\\\/#primaryimage\"},\"image\":{\"@id\":\"https:\\\/\\\/penosil.com\\\/lt\\\/produktai\\\/facade-joint-hybrid-25lm-hibridinis-hermetikas-fasadinems-jungtims\\\/#primaryimage\"},\"thumbnailUrl\":\"https:\\\/\\\/penosil.com\\\/lt\\\/wp-content\\\/uploads\\\/sites\\\/13\\\/2026\\\/04\\\/257_Facade_Joint_Hybrid_25LM_LT_LV_EE_RU_new.png\",\"datePublished\":\"2023-04-22T07:02:52+00:00\",\"dateModified\":\"2026-04-11T00:01:55+00:00\",\"description\":\"Hibridinis hermetikas fasadin\u0117ms jungtims pasi\u017eymi dideliu paslankumu jungtyje ir ilgalaikiu elastingumu. Vidaus ir lauko darbams Su\u017einokite daugiau!\",\"breadcrumb\":{\"@id\":\"https:\\\/\\\/penosil.com\\\/lt\\\/produktai\\\/facade-joint-hybrid-25lm-hibridinis-hermetikas-fasadinems-jungtims\\\/#breadcrumb\"},\"inLanguage\":\"lt-LT\",\"potentialAction\":[{\"@type\":\"ReadAction\",\"target\":[\"https:\\\/\\\/penosil.com\\\/lt\\\/produktai\\\/facade-joint-hybrid-25lm-hibridinis-hermetikas-fasadinems-jungtims\\\/\"]}]},{\"@type\":\"ImageObject\",\"inLanguage\":\"lt-LT\",\"@id\":\"https:\\\/\\\/penosil.com\\\/lt\\\/produktai\\\/facade-joint-hybrid-25lm-hibridinis-hermetikas-fasadinems-jungtims\\\/#primaryimage\",\"url\":\"https:\\\/\\\/penosil.com\\\/lt\\\/wp-content\\\/uploads\\\/sites\\\/13\\\/2026\\\/04\\\/257_Facade_Joint_Hybrid_25LM_LT_LV_EE_RU_new.png\",\"contentUrl\":\"https:\\\/\\\/penosil.com\\\/lt\\\/wp-content\\\/uploads\\\/sites\\\/13\\\/2026\\\/04\\\/257_Facade_Joint_Hybrid_25LM_LT_LV_EE_RU_new.png\",\"width\":523,\"height\":1080,\"caption\":\"PENOSIL Facade Joint Hybrid 25LM hermetikas fasadin\u0117ms jungtims 600 ml\"},{\"@type\":\"BreadcrumbList\",\"@id\":\"https:\\\/\\\/penosil.com\\\/lt\\\/produktai\\\/facade-joint-hybrid-25lm-hibridinis-hermetikas-fasadinems-jungtims\\\/#breadcrumb\",\"itemListElement\":[{\"@type\":\"ListItem\",\"position\":1,\"name\":\"Home\",\"item\":\"https:\\\/\\\/penosil.com\\\/lt\\\/\"},{\"@type\":\"ListItem\",\"position\":2,\"name\":\"Produktai\",\"item\":\"https:\\\/\\\/penosil.com\\\/lt\\\/produktai\\\/\"},{\"@type\":\"ListItem\",\"position\":3,\"name\":\"Facade Joint Hybrid 25LM\"}]},{\"@type\":\"WebSite\",\"@id\":\"https:\\\/\\\/penosil.com\\\/lt\\\/#website\",\"url\":\"https:\\\/\\\/penosil.com\\\/lt\\\/\",\"name\":\"Penosil Lithuania\",\"description\":\"\",\"potentialAction\":[{\"@type\":\"SearchAction\",\"target\":{\"@type\":\"EntryPoint\",\"urlTemplate\":\"https:\\\/\\\/penosil.com\\\/lt\\\/?s={search_term_string}\"},\"query-input\":{\"@type\":\"PropertyValueSpecification\",\"valueRequired\":true,\"valueName\":\"search_term_string\"}}],\"inLanguage\":\"lt-LT\"}]}<\/script>\n<!-- \/ Yoast SEO plugin. -->","yoast_head_json":{"title":"PENOSIL Facade Joint Hybrid 25LM hermetikas fasadin\u0117ms jungtims","description":"Hibridinis hermetikas fasadin\u0117ms jungtims pasi\u017eymi dideliu paslankumu jungtyje ir ilgalaikiu elastingumu. Vidaus ir lauko darbams Su\u017einokite daugiau!","robots":{"index":"index","follow":"follow","max-snippet":"max-snippet:-1","max-image-preview":"max-image-preview:large","max-video-preview":"max-video-preview:-1"},"canonical":"https:\/\/penosil.com\/lt\/produktai\/facade-joint-hybrid-25lm-hibridinis-hermetikas-fasadinems-jungtims\/","og_locale":"lt_LT","og_type":"article","og_title":"PENOSIL Facade Joint Hybrid 25LM hermetikas fasadin\u0117ms jungtims","og_description":"Hibridinis hermetikas fasadin\u0117ms jungtims pasi\u017eymi dideliu paslankumu jungtyje ir ilgalaikiu elastingumu. Vidaus ir lauko darbams Su\u017einokite daugiau!","og_url":"https:\/\/penosil.com\/lt\/produktai\/facade-joint-hybrid-25lm-hibridinis-hermetikas-fasadinems-jungtims\/","og_site_name":"Penosil Lithuania","article_modified_time":"2026-04-11T00:01:55+00:00","og_image":[{"width":164,"height":1080,"url":"https:\/\/penosil.com\/lt\/wp-content\/uploads\/sites\/13\/2025\/07\/257_Facade_Joint_Hybrid_25LM_LT_LV_EE.png","type":"image\/png"}],"twitter_card":"summary_large_image","schema":{"@context":"https:\/\/schema.org","@graph":[{"@type":"WebPage","@id":"https:\/\/penosil.com\/lt\/produktai\/facade-joint-hybrid-25lm-hibridinis-hermetikas-fasadinems-jungtims\/","url":"https:\/\/penosil.com\/lt\/produktai\/facade-joint-hybrid-25lm-hibridinis-hermetikas-fasadinems-jungtims\/","name":"PENOSIL Facade Joint Hybrid 25LM hermetikas fasadin\u0117ms jungtims","isPartOf":{"@id":"https:\/\/penosil.com\/lt\/#website"},"primaryImageOfPage":{"@id":"https:\/\/penosil.com\/lt\/produktai\/facade-joint-hybrid-25lm-hibridinis-hermetikas-fasadinems-jungtims\/#primaryimage"},"image":{"@id":"https:\/\/penosil.com\/lt\/produktai\/facade-joint-hybrid-25lm-hibridinis-hermetikas-fasadinems-jungtims\/#primaryimage"},"thumbnailUrl":"https:\/\/penosil.com\/lt\/wp-content\/uploads\/sites\/13\/2026\/04\/257_Facade_Joint_Hybrid_25LM_LT_LV_EE_RU_new.png","datePublished":"2023-04-22T07:02:52+00:00","dateModified":"2026-04-11T00:01:55+00:00","description":"Hibridinis hermetikas fasadin\u0117ms jungtims pasi\u017eymi dideliu paslankumu jungtyje ir ilgalaikiu elastingumu. Vidaus ir lauko darbams Su\u017einokite daugiau!","breadcrumb":{"@id":"https:\/\/penosil.com\/lt\/produktai\/facade-joint-hybrid-25lm-hibridinis-hermetikas-fasadinems-jungtims\/#breadcrumb"},"inLanguage":"lt-LT","potentialAction":[{"@type":"ReadAction","target":["https:\/\/penosil.com\/lt\/produktai\/facade-joint-hybrid-25lm-hibridinis-hermetikas-fasadinems-jungtims\/"]}]},{"@type":"ImageObject","inLanguage":"lt-LT","@id":"https:\/\/penosil.com\/lt\/produktai\/facade-joint-hybrid-25lm-hibridinis-hermetikas-fasadinems-jungtims\/#primaryimage","url":"https:\/\/penosil.com\/lt\/wp-content\/uploads\/sites\/13\/2026\/04\/257_Facade_Joint_Hybrid_25LM_LT_LV_EE_RU_new.png","contentUrl":"https:\/\/penosil.com\/lt\/wp-content\/uploads\/sites\/13\/2026\/04\/257_Facade_Joint_Hybrid_25LM_LT_LV_EE_RU_new.png","width":523,"height":1080,"caption":"PENOSIL Facade Joint Hybrid 25LM hermetikas fasadin\u0117ms jungtims 600 ml"},{"@type":"BreadcrumbList","@id":"https:\/\/penosil.com\/lt\/produktai\/facade-joint-hybrid-25lm-hibridinis-hermetikas-fasadinems-jungtims\/#breadcrumb","itemListElement":[{"@type":"ListItem","position":1,"name":"Home","item":"https:\/\/penosil.com\/lt\/"},{"@type":"ListItem","position":2,"name":"Produktai","item":"https:\/\/penosil.com\/lt\/produktai\/"},{"@type":"ListItem","position":3,"name":"Facade Joint Hybrid 25LM"}]},{"@type":"WebSite","@id":"https:\/\/penosil.com\/lt\/#website","url":"https:\/\/penosil.com\/lt\/","name":"Penosil Lithuania","description":"","potentialAction":[{"@type":"SearchAction","target":{"@type":"EntryPoint","urlTemplate":"https:\/\/penosil.com\/lt\/?s={search_term_string}"},"query-input":{"@type":"PropertyValueSpecification","valueRequired":true,"valueName":"search_term_string"}}],"inLanguage":"lt-LT"}]}},"featured_img":"https:\/\/penosil.com\/lt\/wp-content\/uploads\/sites\/13\/2026\/04\/257_Facade_Joint_Hybrid_25LM_LT_LV_EE_RU_new.png","coauthors":[],"author_meta":{"author_link":"https:\/\/penosil.com\/lt\/author\/asta\/","display_name":"Asta Salkauskiene"},"relative_dates":{"created":"Posted 3 metai ago","modified":"Updated 1 savait\u0117 ago"},"absolute_dates":{"created":"Posted on 2023 22 baland\u017eio","modified":"Updated on 2026 11 baland\u017eio"},"absolute_dates_time":{"created":"Posted on 2023 22 baland\u017eio 7:02","modified":"Updated on 2026 11 baland\u017eio 0:01"},"featured_img_caption":"","tax_additional":{"product_brand":{"linked":[],"unlinked":[],"slug":"product_brand","name":"Preki\u0173 \u017eenklai"},"product_type":{"linked":["<a href=\"https:\/\/penosil.com\/lt\/?taxonomy=product_type&#038;term=variable\" class=\"advgb-post-tax-term\">variable<\/a>"],"unlinked":["<span class=\"advgb-post-tax-term\">variable<\/span>"],"slug":"product_type","name":"Produkto tipas"},"product_visibility":{"linked":[],"unlinked":[],"slug":"product_visibility","name":"Produkto matomumas"},"product_cat":{"linked":["<a href=\"https:\/\/penosil.com\/lt\/produkto-kategorija\/naudojimo-sritys\/\" class=\"advgb-post-tax-term\">Naudojimo sritys<\/a>","<a href=\"https:\/\/penosil.com\/lt\/produkto-kategorija\/produktu-grupes\/hermetikai-ir-mastikos\/\" class=\"advgb-post-tax-term\">Hermetikai ir mastikos<\/a>","<a href=\"https:\/\/penosil.com\/lt\/produkto-kategorija\/produktu-grupes\/hermetikai-ir-mastikos\/hibridiniai-hermetikai\/\" class=\"advgb-post-tax-term\">Hibridiniai hermetikai<\/a>","<a href=\"https:\/\/penosil.com\/lt\/produkto-kategorija\/naudojimo-sritys\/stogai-ir-fasadai\/\" class=\"advgb-post-tax-term\">Stogai ir fasadai<\/a>","<a href=\"https:\/\/penosil.com\/lt\/produkto-kategorija\/produktu-grupes\/\" class=\"advgb-post-tax-term\">Produkt\u0173 grup\u0117s<\/a>"],"unlinked":["<span class=\"advgb-post-tax-term\">Naudojimo sritys<\/span>","<span class=\"advgb-post-tax-term\">Hermetikai ir mastikos<\/span>","<span class=\"advgb-post-tax-term\">Hibridiniai hermetikai<\/span>","<span class=\"advgb-post-tax-term\">Stogai ir fasadai<\/span>","<span class=\"advgb-post-tax-term\">Produkt\u0173 grup\u0117s<\/span>"],"slug":"product_cat","name":"Produkto kategorijos"},"product_tag":{"linked":[],"unlinked":[],"slug":"product_tag","name":"Produkto \u017eyma"},"product_shipping_class":{"linked":[],"unlinked":[],"slug":"product_shipping_class","name":"Produkto pristatymo klas\u0117s"},"pos_product_visibility":{"linked":[],"unlinked":[],"slug":"pos_product_visibility","name":"POS Product visibility"},"pa_color":{"linked":["<a href=\"https:\/\/penosil.com\/lt\/?taxonomy=pa_color&#038;term=juoda-ral9005\" class=\"advgb-post-tax-term\">Juoda RAL9005<\/a>","<a href=\"https:\/\/penosil.com\/lt\/?taxonomy=pa_color&#038;term=akmens-pilkumo-ral7032\" class=\"advgb-post-tax-term\">Akmens pilkumo RAL7032<\/a>","<a href=\"https:\/\/penosil.com\/lt\/?taxonomy=pa_color&#038;term=smelio-ral1015\" class=\"advgb-post-tax-term\">Sm\u0117lio RAL1015<\/a>","<a href=\"https:\/\/penosil.com\/lt\/?taxonomy=pa_color&#038;term=oksido-raudona-ral3009\" class=\"advgb-post-tax-term\">Oksido raudona RAL3009<\/a>","<a href=\"https:\/\/penosil.com\/lt\/?taxonomy=pa_color&#038;term=balta-ral9010\" class=\"advgb-post-tax-term\">Balta RAL9010<\/a>","<a href=\"https:\/\/penosil.com\/lt\/?taxonomy=pa_color&#038;term=ruda-ral8002\" class=\"advgb-post-tax-term\">Ruda RAL8002<\/a>","<a href=\"https:\/\/penosil.com\/lt\/?taxonomy=pa_color&#038;term=agato-pilka-ral7038\" class=\"advgb-post-tax-term\">Agato pilka RAL7038<\/a>","<a href=\"https:\/\/penosil.com\/lt\/?taxonomy=pa_color&#038;term=tamsiai-ruda-ral8019\" class=\"advgb-post-tax-term\">Tamsiai ruda RAL8019<\/a>","<a href=\"https:\/\/penosil.com\/lt\/?taxonomy=pa_color&#038;term=platinos-pilka-ral7036\" class=\"advgb-post-tax-term\">Platinos pilka RAL7036<\/a>","<a href=\"https:\/\/penosil.com\/lt\/?taxonomy=pa_color&#038;term=tamsiai-rusva-ral8014\" class=\"advgb-post-tax-term\">Tamsiai rusva RAL8014<\/a>","<a href=\"https:\/\/penosil.com\/lt\/?taxonomy=pa_color&#038;term=pilka-ral7040\" class=\"advgb-post-tax-term\">Pilka RAL7040<\/a>","<a href=\"https:\/\/penosil.com\/lt\/?taxonomy=pa_color&#038;term=pilka-ral7039\" class=\"advgb-post-tax-term\">Pilka RAL7039<\/a>","<a href=\"https:\/\/penosil.com\/lt\/?taxonomy=pa_color&#038;term=siferio-pilka-ral7015\" class=\"advgb-post-tax-term\">\u0160iferio pilka RAL7015<\/a>","<a href=\"https:\/\/penosil.com\/lt\/?taxonomy=pa_color&#038;term=antracito-ral7016\" class=\"advgb-post-tax-term\">Antracito RAL7016<\/a>"],"unlinked":["<span class=\"advgb-post-tax-term\">Juoda RAL9005<\/span>","<span class=\"advgb-post-tax-term\">Akmens pilkumo RAL7032<\/span>","<span class=\"advgb-post-tax-term\">Sm\u0117lio RAL1015<\/span>","<span class=\"advgb-post-tax-term\">Oksido raudona RAL3009<\/span>","<span class=\"advgb-post-tax-term\">Balta RAL9010<\/span>","<span class=\"advgb-post-tax-term\">Ruda RAL8002<\/span>","<span class=\"advgb-post-tax-term\">Agato pilka RAL7038<\/span>","<span class=\"advgb-post-tax-term\">Tamsiai ruda RAL8019<\/span>","<span class=\"advgb-post-tax-term\">Platinos pilka RAL7036<\/span>","<span class=\"advgb-post-tax-term\">Tamsiai rusva RAL8014<\/span>","<span class=\"advgb-post-tax-term\">Pilka RAL7040<\/span>","<span class=\"advgb-post-tax-term\">Pilka RAL7039<\/span>","<span class=\"advgb-post-tax-term\">\u0160iferio pilka RAL7015<\/span>","<span class=\"advgb-post-tax-term\">Antracito RAL7016<\/span>"],"slug":"pa_color","name":"Product Color"},"pa_package":{"linked":["<a href=\"https:\/\/penosil.com\/lt\/?taxonomy=pa_package&#038;term=600-ml\" class=\"advgb-post-tax-term\">600 ml<\/a>","<a href=\"https:\/\/penosil.com\/lt\/?taxonomy=pa_package&#038;term=290-ml\" class=\"advgb-post-tax-term\">290 ml<\/a>"],"unlinked":["<span class=\"advgb-post-tax-term\">600 ml<\/span>","<span class=\"advgb-post-tax-term\">290 ml<\/span>"],"slug":"pa_package","name":"Product Package"},"pa_plotis":{"linked":[],"unlinked":[],"slug":"pa_plotis","name":"Product Plotis"},"pa_skersmuo":{"linked":[],"unlinked":[],"slug":"pa_skersmuo","name":"Product Skersmuo"},"translation_priority":{"linked":["<a href=\"https:\/\/penosil.com\/lt\/?taxonomy=translation_priority&#038;term=optional-lt\" class=\"advgb-post-tax-term\">Optional<\/a>"],"unlinked":["<span class=\"advgb-post-tax-term\">Optional<\/span>"],"slug":"translation_priority","name":"Translation Priorities"}},"series_order":"","_links":{"self":[{"href":"https:\/\/penosil.com\/lt\/wp-json\/wp\/v2\/product\/12064","targetHints":{"allow":["GET"]}}],"collection":[{"href":"https:\/\/penosil.com\/lt\/wp-json\/wp\/v2\/product"}],"about":[{"href":"https:\/\/penosil.com\/lt\/wp-json\/wp\/v2\/types\/product"}],"version-history":[{"count":8,"href":"https:\/\/penosil.com\/lt\/wp-json\/wp\/v2\/product\/12064\/revisions"}],"predecessor-version":[{"id":15536,"href":"https:\/\/penosil.com\/lt\/wp-json\/wp\/v2\/product\/12064\/revisions\/15536"}],"wp:featuredmedia":[{"embeddable":true,"href":"https:\/\/penosil.com\/lt\/wp-json\/wp\/v2\/media\/16632"}],"wp:attachment":[{"href":"https:\/\/penosil.com\/lt\/wp-json\/wp\/v2\/media?parent=12064"}],"wp:term":[{"taxonomy":"product_brand","embeddable":true,"href":"https:\/\/penosil.com\/lt\/wp-json\/wp\/v2\/product_brand?post=12064"},{"taxonomy":"product_cat","embeddable":true,"href":"https:\/\/penosil.com\/lt\/wp-json\/wp\/v2\/product_cat?post=12064"},{"taxonomy":"product_tag","embeddable":true,"href":"https:\/\/penosil.com\/lt\/wp-json\/wp\/v2\/product_tag?post=12064"}],"curies":[{"name":"wp","href":"https:\/\/api.w.org\/{rel}","templated":true}]}}