{"id":12082,"date":"2023-04-23T10:31:34","date_gmt":"2023-04-23T10:31:34","guid":{"rendered":"https:\/\/penosil.com\/lt\/?post_type=product&#038;p=12082"},"modified":"2025-12-24T01:02:01","modified_gmt":"2025-12-24T01:02:01","slug":"window-tape-internal-420-vidine-garui-nepralaidi-sandarinimo-juosta","status":"publish","type":"product","link":"https:\/\/penosil.com\/lt\/produktai\/window-tape-internal-420-vidine-garui-nepralaidi-sandarinimo-juosta\/","title":{"rendered":"Window Tape Internal 420"},"content":{"rendered":"<p>Elastinga, vidin\u0117, garui nepralaidi lang\u0173 sandarinimo juosta. Juosta skirta apsaugoti lang\u0173 ir dur\u0173 su sienomis jungtims nuo viduje besikaupian\u010dios dr\u0117gm\u0117s. Vienoje juostos pus\u0117je yra dvi juostel\u0117s padengtos klijais, o kitoje pus\u0117se \u2013 akrilin\u0117 lipni juostel\u0117.<\/p>\n","protected":false},"excerpt":{"rendered":"vidin\u0117 garui nepralaidi sandarinimo juosta","protected":false},"author":5,"featured_media":15834,"template":"","meta":{"_acf_changed":false,"advgb_blocks_editor_width":"","advgb_blocks_columns_visual_guide":"","footnotes":""},"product_brand":[],"product_cat":[210,1289,1695,1368,2371],"product_tag":[],"class_list":{"0":"post-12082","1":"product","2":"type-product","3":"status-publish","4":"has-post-thumbnail","6":"product_cat-naudojimo-sritys","7":"product_cat-langai-ir-durys","8":"product_cat-juostos-ir-membranos","9":"product_cat-produktu-grupes","10":"product_cat-langu-juostos-ir-membranos","12":"first","13":"instock","14":"taxable","15":"shipping-taxable","16":"purchasable","17":"product-type-variable"},"acf":[],"yoast_head":"<!-- This site is optimized with the Yoast SEO plugin v27.2 - https:\/\/yoast.com\/product\/yoast-seo-wordpress\/ -->\n<title>PENOSIL Window Tape Internal 420 vidin\u0117 garui nepralaidi sandarinimo juosta<\/title>\n<meta name=\"description\" content=\"Elastinga, vidin\u0117, garui nepralaidi lang\u0173 sandarinimo juosta. Vienoje juostos pus\u0117je dvi klij\u0173 juostel\u0117s, o kitoje pus\u0117se \u2013 viena. Daugiau!\" \/>\n<meta name=\"robots\" content=\"index, follow, max-snippet:-1, max-image-preview:large, max-video-preview:-1\" \/>\n<link rel=\"canonical\" href=\"https:\/\/penosil.com\/lt\/produktai\/window-tape-internal-420-vidine-garui-nepralaidi-sandarinimo-juosta\/\" \/>\n<meta property=\"og:locale\" content=\"lt_LT\" \/>\n<meta property=\"og:type\" content=\"article\" \/>\n<meta property=\"og:title\" content=\"PENOSIL Window Tape Internal 420 vidin\u0117 garui nepralaidi sandarinimo juosta\" \/>\n<meta property=\"og:description\" content=\"Elastinga, vidin\u0117, garui nepralaidi lang\u0173 sandarinimo juosta. Vienoje juostos pus\u0117je dvi klij\u0173 juostel\u0117s, o kitoje pus\u0117se \u2013 viena. Daugiau!\" \/>\n<meta property=\"og:url\" content=\"https:\/\/penosil.com\/lt\/produktai\/window-tape-internal-420-vidine-garui-nepralaidi-sandarinimo-juosta\/\" \/>\n<meta property=\"og:site_name\" content=\"Penosil Lithuania\" \/>\n<meta property=\"article:modified_time\" content=\"2025-12-24T01:02:01+00:00\" \/>\n<meta property=\"og:image\" content=\"https:\/\/penosil.com\/lt\/wp-content\/uploads\/sites\/13\/2025\/08\/420_Window_Tape_Internal_420.png\" \/>\n\t<meta property=\"og:image:width\" content=\"1920\" \/>\n\t<meta property=\"og:image:height\" content=\"671\" \/>\n\t<meta property=\"og:image:type\" content=\"image\/png\" \/>\n<meta name=\"twitter:card\" content=\"summary_large_image\" \/>\n<script type=\"application\/ld+json\" class=\"yoast-schema-graph\">{\"@context\":\"https:\/\/schema.org\",\"@graph\":[{\"@type\":\"WebPage\",\"@id\":\"https:\/\/penosil.com\/lt\/produktai\/window-tape-internal-420-vidine-garui-nepralaidi-sandarinimo-juosta\/\",\"url\":\"https:\/\/penosil.com\/lt\/produktai\/window-tape-internal-420-vidine-garui-nepralaidi-sandarinimo-juosta\/\",\"name\":\"PENOSIL Window Tape Internal 420 vidin\u0117 garui nepralaidi sandarinimo juosta\",\"isPartOf\":{\"@id\":\"https:\/\/penosil.com\/lt\/#website\"},\"primaryImageOfPage\":{\"@id\":\"https:\/\/penosil.com\/lt\/produktai\/window-tape-internal-420-vidine-garui-nepralaidi-sandarinimo-juosta\/#primaryimage\"},\"image\":{\"@id\":\"https:\/\/penosil.com\/lt\/produktai\/window-tape-internal-420-vidine-garui-nepralaidi-sandarinimo-juosta\/#primaryimage\"},\"thumbnailUrl\":\"https:\/\/penosil.com\/lt\/wp-content\/uploads\/sites\/13\/2025\/08\/420_Window_Tape_Internal_420.png\",\"datePublished\":\"2023-04-23T10:31:34+00:00\",\"dateModified\":\"2025-12-24T01:02:01+00:00\",\"description\":\"Elastinga, vidin\u0117, garui nepralaidi lang\u0173 sandarinimo juosta. Vienoje juostos pus\u0117je dvi klij\u0173 juostel\u0117s, o kitoje pus\u0117se \u2013 viena. Daugiau!\",\"breadcrumb\":{\"@id\":\"https:\/\/penosil.com\/lt\/produktai\/window-tape-internal-420-vidine-garui-nepralaidi-sandarinimo-juosta\/#breadcrumb\"},\"inLanguage\":\"lt-LT\",\"potentialAction\":[{\"@type\":\"ReadAction\",\"target\":[\"https:\/\/penosil.com\/lt\/produktai\/window-tape-internal-420-vidine-garui-nepralaidi-sandarinimo-juosta\/\"]}]},{\"@type\":\"ImageObject\",\"inLanguage\":\"lt-LT\",\"@id\":\"https:\/\/penosil.com\/lt\/produktai\/window-tape-internal-420-vidine-garui-nepralaidi-sandarinimo-juosta\/#primaryimage\",\"url\":\"https:\/\/penosil.com\/lt\/wp-content\/uploads\/sites\/13\/2025\/08\/420_Window_Tape_Internal_420.png\",\"contentUrl\":\"https:\/\/penosil.com\/lt\/wp-content\/uploads\/sites\/13\/2025\/08\/420_Window_Tape_Internal_420.png\",\"width\":1920,\"height\":671,\"caption\":\"PENOSIL Window Tape Internal 420 vidin\u0117 garui nepralaidi sandarinimo juosta\"},{\"@type\":\"BreadcrumbList\",\"@id\":\"https:\/\/penosil.com\/lt\/produktai\/window-tape-internal-420-vidine-garui-nepralaidi-sandarinimo-juosta\/#breadcrumb\",\"itemListElement\":[{\"@type\":\"ListItem\",\"position\":1,\"name\":\"Home\",\"item\":\"https:\/\/penosil.com\/lt\/\"},{\"@type\":\"ListItem\",\"position\":2,\"name\":\"Produktai\",\"item\":\"https:\/\/penosil.com\/lt\/produktai\/\"},{\"@type\":\"ListItem\",\"position\":3,\"name\":\"Window Tape Internal 420\"}]},{\"@type\":\"WebSite\",\"@id\":\"https:\/\/penosil.com\/lt\/#website\",\"url\":\"https:\/\/penosil.com\/lt\/\",\"name\":\"Penosil Lithuania\",\"description\":\"\",\"potentialAction\":[{\"@type\":\"SearchAction\",\"target\":{\"@type\":\"EntryPoint\",\"urlTemplate\":\"https:\/\/penosil.com\/lt\/?s={search_term_string}\"},\"query-input\":{\"@type\":\"PropertyValueSpecification\",\"valueRequired\":true,\"valueName\":\"search_term_string\"}}],\"inLanguage\":\"lt-LT\"}]}<\/script>\n<!-- \/ Yoast SEO plugin. -->","yoast_head_json":{"title":"PENOSIL Window Tape Internal 420 vidin\u0117 garui nepralaidi sandarinimo juosta","description":"Elastinga, vidin\u0117, garui nepralaidi lang\u0173 sandarinimo juosta. Vienoje juostos pus\u0117je dvi klij\u0173 juostel\u0117s, o kitoje pus\u0117se \u2013 viena. Daugiau!","robots":{"index":"index","follow":"follow","max-snippet":"max-snippet:-1","max-image-preview":"max-image-preview:large","max-video-preview":"max-video-preview:-1"},"canonical":"https:\/\/penosil.com\/lt\/produktai\/window-tape-internal-420-vidine-garui-nepralaidi-sandarinimo-juosta\/","og_locale":"lt_LT","og_type":"article","og_title":"PENOSIL Window Tape Internal 420 vidin\u0117 garui nepralaidi sandarinimo juosta","og_description":"Elastinga, vidin\u0117, garui nepralaidi lang\u0173 sandarinimo juosta. Vienoje juostos pus\u0117je dvi klij\u0173 juostel\u0117s, o kitoje pus\u0117se \u2013 viena. Daugiau!","og_url":"https:\/\/penosil.com\/lt\/produktai\/window-tape-internal-420-vidine-garui-nepralaidi-sandarinimo-juosta\/","og_site_name":"Penosil Lithuania","article_modified_time":"2025-12-24T01:02:01+00:00","og_image":[{"width":1920,"height":671,"url":"https:\/\/penosil.com\/lt\/wp-content\/uploads\/sites\/13\/2025\/08\/420_Window_Tape_Internal_420.png","type":"image\/png"}],"twitter_card":"summary_large_image","schema":{"@context":"https:\/\/schema.org","@graph":[{"@type":"WebPage","@id":"https:\/\/penosil.com\/lt\/produktai\/window-tape-internal-420-vidine-garui-nepralaidi-sandarinimo-juosta\/","url":"https:\/\/penosil.com\/lt\/produktai\/window-tape-internal-420-vidine-garui-nepralaidi-sandarinimo-juosta\/","name":"PENOSIL Window Tape Internal 420 vidin\u0117 garui nepralaidi sandarinimo juosta","isPartOf":{"@id":"https:\/\/penosil.com\/lt\/#website"},"primaryImageOfPage":{"@id":"https:\/\/penosil.com\/lt\/produktai\/window-tape-internal-420-vidine-garui-nepralaidi-sandarinimo-juosta\/#primaryimage"},"image":{"@id":"https:\/\/penosil.com\/lt\/produktai\/window-tape-internal-420-vidine-garui-nepralaidi-sandarinimo-juosta\/#primaryimage"},"thumbnailUrl":"https:\/\/penosil.com\/lt\/wp-content\/uploads\/sites\/13\/2025\/08\/420_Window_Tape_Internal_420.png","datePublished":"2023-04-23T10:31:34+00:00","dateModified":"2025-12-24T01:02:01+00:00","description":"Elastinga, vidin\u0117, garui nepralaidi lang\u0173 sandarinimo juosta. Vienoje juostos pus\u0117je dvi klij\u0173 juostel\u0117s, o kitoje pus\u0117se \u2013 viena. Daugiau!","breadcrumb":{"@id":"https:\/\/penosil.com\/lt\/produktai\/window-tape-internal-420-vidine-garui-nepralaidi-sandarinimo-juosta\/#breadcrumb"},"inLanguage":"lt-LT","potentialAction":[{"@type":"ReadAction","target":["https:\/\/penosil.com\/lt\/produktai\/window-tape-internal-420-vidine-garui-nepralaidi-sandarinimo-juosta\/"]}]},{"@type":"ImageObject","inLanguage":"lt-LT","@id":"https:\/\/penosil.com\/lt\/produktai\/window-tape-internal-420-vidine-garui-nepralaidi-sandarinimo-juosta\/#primaryimage","url":"https:\/\/penosil.com\/lt\/wp-content\/uploads\/sites\/13\/2025\/08\/420_Window_Tape_Internal_420.png","contentUrl":"https:\/\/penosil.com\/lt\/wp-content\/uploads\/sites\/13\/2025\/08\/420_Window_Tape_Internal_420.png","width":1920,"height":671,"caption":"PENOSIL Window Tape Internal 420 vidin\u0117 garui nepralaidi sandarinimo juosta"},{"@type":"BreadcrumbList","@id":"https:\/\/penosil.com\/lt\/produktai\/window-tape-internal-420-vidine-garui-nepralaidi-sandarinimo-juosta\/#breadcrumb","itemListElement":[{"@type":"ListItem","position":1,"name":"Home","item":"https:\/\/penosil.com\/lt\/"},{"@type":"ListItem","position":2,"name":"Produktai","item":"https:\/\/penosil.com\/lt\/produktai\/"},{"@type":"ListItem","position":3,"name":"Window Tape Internal 420"}]},{"@type":"WebSite","@id":"https:\/\/penosil.com\/lt\/#website","url":"https:\/\/penosil.com\/lt\/","name":"Penosil Lithuania","description":"","potentialAction":[{"@type":"SearchAction","target":{"@type":"EntryPoint","urlTemplate":"https:\/\/penosil.com\/lt\/?s={search_term_string}"},"query-input":{"@type":"PropertyValueSpecification","valueRequired":true,"valueName":"search_term_string"}}],"inLanguage":"lt-LT"}]}},"featured_img":"https:\/\/penosil.com\/lt\/wp-content\/uploads\/sites\/13\/2025\/08\/420_Window_Tape_Internal_420.png","coauthors":[],"author_meta":{"author_link":"https:\/\/penosil.com\/lt\/author\/asta\/","display_name":"Asta Salkauskiene"},"relative_dates":{"created":"Posted 3 metai ago","modified":"Updated 4 m\u0117nesiai ago"},"absolute_dates":{"created":"Posted on 2023 23 baland\u017eio","modified":"Updated on 2025 24 gruod\u017eio"},"absolute_dates_time":{"created":"Posted on 2023 23 baland\u017eio 10:31","modified":"Updated on 2025 24 gruod\u017eio 1:02"},"featured_img_caption":"","tax_additional":{"product_brand":{"linked":[],"unlinked":[],"slug":"product_brand","name":"Preki\u0173 \u017eenklai"},"product_type":{"linked":["<a href=\"https:\/\/penosil.com\/lt\/?taxonomy=product_type&#038;term=variable\" class=\"advgb-post-tax-term\">variable<\/a>"],"unlinked":["<span class=\"advgb-post-tax-term\">variable<\/span>"],"slug":"product_type","name":"Produkto tipas"},"product_visibility":{"linked":[],"unlinked":[],"slug":"product_visibility","name":"Produkto matomumas"},"product_cat":{"linked":["<a href=\"https:\/\/penosil.com\/lt\/produkto-kategorija\/naudojimo-sritys\/\" class=\"advgb-post-tax-term\">Naudojimo sritys<\/a>","<a href=\"https:\/\/penosil.com\/lt\/produkto-kategorija\/naudojimo-sritys\/langai-ir-durys\/\" class=\"advgb-post-tax-term\">Langai ir durys<\/a>","<a href=\"https:\/\/penosil.com\/lt\/produkto-kategorija\/produktu-grupes\/juostos-ir-membranos\/\" class=\"advgb-post-tax-term\">Juostos ir membranos<\/a>","<a href=\"https:\/\/penosil.com\/lt\/produkto-kategorija\/produktu-grupes\/\" class=\"advgb-post-tax-term\">Produkt\u0173 grup\u0117s<\/a>","<a href=\"https:\/\/penosil.com\/lt\/produkto-kategorija\/produktu-grupes\/juostos-ir-membranos\/langu-juostos-ir-membranos\/\" class=\"advgb-post-tax-term\">Lang\u0173 juostos ir membranos<\/a>"],"unlinked":["<span class=\"advgb-post-tax-term\">Naudojimo sritys<\/span>","<span class=\"advgb-post-tax-term\">Langai ir durys<\/span>","<span class=\"advgb-post-tax-term\">Juostos ir membranos<\/span>","<span class=\"advgb-post-tax-term\">Produkt\u0173 grup\u0117s<\/span>","<span class=\"advgb-post-tax-term\">Lang\u0173 juostos ir membranos<\/span>"],"slug":"product_cat","name":"Produkto kategorijos"},"product_tag":{"linked":[],"unlinked":[],"slug":"product_tag","name":"Produkto \u017eyma"},"product_shipping_class":{"linked":[],"unlinked":[],"slug":"product_shipping_class","name":"Produkto pristatymo klas\u0117s"},"pos_product_visibility":{"linked":[],"unlinked":[],"slug":"pos_product_visibility","name":"POS Product visibility"},"pa_color":{"linked":["<a href=\"https:\/\/penosil.com\/lt\/?taxonomy=pa_color&#038;term=geltona\" class=\"advgb-post-tax-term\">Geltona<\/a>"],"unlinked":["<span class=\"advgb-post-tax-term\">Geltona<\/span>"],"slug":"pa_color","name":"Product Color"},"pa_package":{"linked":["<a href=\"https:\/\/penosil.com\/lt\/?taxonomy=pa_package&#038;term=plotis-100-mm-25-m\" class=\"advgb-post-tax-term\">plotis 100 mm, 25 m<\/a>","<a href=\"https:\/\/penosil.com\/lt\/?taxonomy=pa_package&#038;term=plotis-70-mm-25-m\" class=\"advgb-post-tax-term\">plotis 70 mm, 25 m<\/a>","<a href=\"https:\/\/penosil.com\/lt\/?taxonomy=pa_package&#038;term=plotis-150-mm-25-m\" class=\"advgb-post-tax-term\">plotis 150 mm, 25 m<\/a>"],"unlinked":["<span class=\"advgb-post-tax-term\">plotis 100 mm, 25 m<\/span>","<span class=\"advgb-post-tax-term\">plotis 70 mm, 25 m<\/span>","<span class=\"advgb-post-tax-term\">plotis 150 mm, 25 m<\/span>"],"slug":"pa_package","name":"Product Package"},"pa_plotis":{"linked":[],"unlinked":[],"slug":"pa_plotis","name":"Product Plotis"},"pa_skersmuo":{"linked":[],"unlinked":[],"slug":"pa_skersmuo","name":"Product Skersmuo"},"translation_priority":{"linked":["<a href=\"https:\/\/penosil.com\/lt\/?taxonomy=translation_priority&#038;term=optional-lt\" class=\"advgb-post-tax-term\">Optional<\/a>"],"unlinked":["<span class=\"advgb-post-tax-term\">Optional<\/span>"],"slug":"translation_priority","name":"Translation Priorities"}},"series_order":"","_links":{"self":[{"href":"https:\/\/penosil.com\/lt\/wp-json\/wp\/v2\/product\/12082","targetHints":{"allow":["GET"]}}],"collection":[{"href":"https:\/\/penosil.com\/lt\/wp-json\/wp\/v2\/product"}],"about":[{"href":"https:\/\/penosil.com\/lt\/wp-json\/wp\/v2\/types\/product"}],"version-history":[{"count":3,"href":"https:\/\/penosil.com\/lt\/wp-json\/wp\/v2\/product\/12082\/revisions"}],"predecessor-version":[{"id":15859,"href":"https:\/\/penosil.com\/lt\/wp-json\/wp\/v2\/product\/12082\/revisions\/15859"}],"wp:featuredmedia":[{"embeddable":true,"href":"https:\/\/penosil.com\/lt\/wp-json\/wp\/v2\/media\/15834"}],"wp:attachment":[{"href":"https:\/\/penosil.com\/lt\/wp-json\/wp\/v2\/media?parent=12082"}],"wp:term":[{"taxonomy":"product_brand","embeddable":true,"href":"https:\/\/penosil.com\/lt\/wp-json\/wp\/v2\/product_brand?post=12082"},{"taxonomy":"product_cat","embeddable":true,"href":"https:\/\/penosil.com\/lt\/wp-json\/wp\/v2\/product_cat?post=12082"},{"taxonomy":"product_tag","embeddable":true,"href":"https:\/\/penosil.com\/lt\/wp-json\/wp\/v2\/product_tag?post=12082"}],"curies":[{"name":"wp","href":"https:\/\/api.w.org\/{rel}","templated":true}]}}