{"id":12096,"date":"2023-04-23T11:39:05","date_gmt":"2023-04-23T11:39:05","guid":{"rendered":"https:\/\/penosil.com\/lt\/?post_type=product&#038;p=12096"},"modified":"2025-12-23T01:02:14","modified_gmt":"2025-12-23T01:02:14","slug":"vapour-proof-full-glue-tape-internal-410-garu-izoliacine-juosta","status":"publish","type":"product","link":"https:\/\/penosil.com\/lt\/produktai\/vapour-proof-full-glue-tape-internal-410-garu-izoliacine-juosta\/","title":{"rendered":"Vapour Proof Full Glue Tape Internal 410"},"content":{"rendered":"<p>Orui nepralaidi, elastinga, gar\u0173 izoliacin\u0117 sandarinimo juosta padengta pilnu klij\u0173 sluoksniu. Juosta skirta dr\u0117gmei ir orui izoliuoti lang\u0173 ir dur\u0173 jungtis i\u0161 vidaus. I\u0161 vienos pus\u0117s juosta padengta pilnu klij\u0173 sluoksniu, o kitoje pus\u0117je \u2013 akrilin\u0117 lipni juostel\u0117. Pilnas klij\u0173 sluoksnis garantuoja ypa\u010d tvirt\u0105 sukibim\u0105 su daugeliu \u012fprast\u0173 statybini\u0173 med\u017eiag\u0173.<\/p>\n","protected":false},"excerpt":{"rendered":"gar\u0173 izoliacin\u0117 juosta","protected":false},"author":5,"featured_media":15837,"template":"","meta":{"_acf_changed":false,"advgb_blocks_editor_width":"","advgb_blocks_columns_visual_guide":"","footnotes":""},"product_brand":[],"product_cat":[210,1289,1368,1695,2371],"product_tag":[],"class_list":{"0":"post-12096","1":"product","2":"type-product","3":"status-publish","4":"has-post-thumbnail","6":"product_cat-naudojimo-sritys","7":"product_cat-langai-ir-durys","8":"product_cat-produktu-grupes","9":"product_cat-juostos-ir-membranos","10":"product_cat-langu-juostos-ir-membranos","12":"first","13":"instock","14":"taxable","15":"shipping-taxable","16":"purchasable","17":"product-type-variable"},"acf":[],"yoast_head":"<!-- This site is optimized with the Yoast SEO plugin v27.4 - https:\/\/yoast.com\/product\/yoast-seo-wordpress\/ -->\n<title>PENOSIL Vapour Proof Full Glue Tape Internal 410 gar\u0173 izoliacin\u0117 juosta<\/title>\n<meta name=\"description\" content=\"Orui nepralaidi, elastinga, gar\u0173 izoliacin\u0117 juosta padengta pilnu klij\u0173 sluoksniu skirta lang\u0173 ir dur\u0173 juntims u\u017edengti i\u0161 vidaus. Daugiau!\" \/>\n<meta name=\"robots\" content=\"index, follow, max-snippet:-1, max-image-preview:large, max-video-preview:-1\" \/>\n<link rel=\"canonical\" href=\"https:\/\/penosil.com\/lt\/produktai\/vapour-proof-full-glue-tape-internal-410-garu-izoliacine-juosta\/\" \/>\n<meta property=\"og:locale\" content=\"lt_LT\" \/>\n<meta property=\"og:type\" content=\"article\" \/>\n<meta property=\"og:title\" content=\"PENOSIL Vapour Proof Full Glue Tape Internal 410 gar\u0173 izoliacin\u0117 juosta\" \/>\n<meta property=\"og:description\" content=\"Orui nepralaidi, elastinga, gar\u0173 izoliacin\u0117 juosta padengta pilnu klij\u0173 sluoksniu skirta lang\u0173 ir dur\u0173 juntims u\u017edengti i\u0161 vidaus. Daugiau!\" \/>\n<meta property=\"og:url\" content=\"https:\/\/penosil.com\/lt\/produktai\/vapour-proof-full-glue-tape-internal-410-garu-izoliacine-juosta\/\" \/>\n<meta property=\"og:site_name\" content=\"Penosil Lithuania\" \/>\n<meta property=\"article:modified_time\" content=\"2025-12-23T01:02:14+00:00\" \/>\n<meta property=\"og:image\" content=\"https:\/\/penosil.com\/lt\/wp-content\/uploads\/sites\/13\/2025\/08\/410_Wind_Proof_Full_Glue_Tape_Internal_410.png\" \/>\n\t<meta property=\"og:image:width\" content=\"1827\" \/>\n\t<meta property=\"og:image:height\" content=\"1080\" \/>\n\t<meta property=\"og:image:type\" content=\"image\/png\" \/>\n<meta name=\"twitter:card\" content=\"summary_large_image\" \/>\n<script type=\"application\/ld+json\" class=\"yoast-schema-graph\">{\"@context\":\"https:\\\/\\\/schema.org\",\"@graph\":[{\"@type\":\"WebPage\",\"@id\":\"https:\\\/\\\/penosil.com\\\/lt\\\/produktai\\\/vapour-proof-full-glue-tape-internal-410-garu-izoliacine-juosta\\\/\",\"url\":\"https:\\\/\\\/penosil.com\\\/lt\\\/produktai\\\/vapour-proof-full-glue-tape-internal-410-garu-izoliacine-juosta\\\/\",\"name\":\"PENOSIL Vapour Proof Full Glue Tape Internal 410 gar\u0173 izoliacin\u0117 juosta\",\"isPartOf\":{\"@id\":\"https:\\\/\\\/penosil.com\\\/lt\\\/#website\"},\"primaryImageOfPage\":{\"@id\":\"https:\\\/\\\/penosil.com\\\/lt\\\/produktai\\\/vapour-proof-full-glue-tape-internal-410-garu-izoliacine-juosta\\\/#primaryimage\"},\"image\":{\"@id\":\"https:\\\/\\\/penosil.com\\\/lt\\\/produktai\\\/vapour-proof-full-glue-tape-internal-410-garu-izoliacine-juosta\\\/#primaryimage\"},\"thumbnailUrl\":\"https:\\\/\\\/penosil.com\\\/lt\\\/wp-content\\\/uploads\\\/sites\\\/13\\\/2025\\\/08\\\/410_Wind_Proof_Full_Glue_Tape_Internal_410.png\",\"datePublished\":\"2023-04-23T11:39:05+00:00\",\"dateModified\":\"2025-12-23T01:02:14+00:00\",\"description\":\"Orui nepralaidi, elastinga, gar\u0173 izoliacin\u0117 juosta padengta pilnu klij\u0173 sluoksniu skirta lang\u0173 ir dur\u0173 juntims u\u017edengti i\u0161 vidaus. Daugiau!\",\"breadcrumb\":{\"@id\":\"https:\\\/\\\/penosil.com\\\/lt\\\/produktai\\\/vapour-proof-full-glue-tape-internal-410-garu-izoliacine-juosta\\\/#breadcrumb\"},\"inLanguage\":\"lt-LT\",\"potentialAction\":[{\"@type\":\"ReadAction\",\"target\":[\"https:\\\/\\\/penosil.com\\\/lt\\\/produktai\\\/vapour-proof-full-glue-tape-internal-410-garu-izoliacine-juosta\\\/\"]}]},{\"@type\":\"ImageObject\",\"inLanguage\":\"lt-LT\",\"@id\":\"https:\\\/\\\/penosil.com\\\/lt\\\/produktai\\\/vapour-proof-full-glue-tape-internal-410-garu-izoliacine-juosta\\\/#primaryimage\",\"url\":\"https:\\\/\\\/penosil.com\\\/lt\\\/wp-content\\\/uploads\\\/sites\\\/13\\\/2025\\\/08\\\/410_Wind_Proof_Full_Glue_Tape_Internal_410.png\",\"contentUrl\":\"https:\\\/\\\/penosil.com\\\/lt\\\/wp-content\\\/uploads\\\/sites\\\/13\\\/2025\\\/08\\\/410_Wind_Proof_Full_Glue_Tape_Internal_410.png\",\"width\":1827,\"height\":1080,\"caption\":\"PENOSIL Vapour Proof Full Glue Tape Internal 410 gar\u0173 izoliacin\u0117 juosta\"},{\"@type\":\"BreadcrumbList\",\"@id\":\"https:\\\/\\\/penosil.com\\\/lt\\\/produktai\\\/vapour-proof-full-glue-tape-internal-410-garu-izoliacine-juosta\\\/#breadcrumb\",\"itemListElement\":[{\"@type\":\"ListItem\",\"position\":1,\"name\":\"Home\",\"item\":\"https:\\\/\\\/penosil.com\\\/lt\\\/\"},{\"@type\":\"ListItem\",\"position\":2,\"name\":\"Produktai\",\"item\":\"https:\\\/\\\/penosil.com\\\/lt\\\/produktai\\\/\"},{\"@type\":\"ListItem\",\"position\":3,\"name\":\"Vapour Proof Full Glue Tape Internal 410\"}]},{\"@type\":\"WebSite\",\"@id\":\"https:\\\/\\\/penosil.com\\\/lt\\\/#website\",\"url\":\"https:\\\/\\\/penosil.com\\\/lt\\\/\",\"name\":\"Penosil Lithuania\",\"description\":\"\",\"potentialAction\":[{\"@type\":\"SearchAction\",\"target\":{\"@type\":\"EntryPoint\",\"urlTemplate\":\"https:\\\/\\\/penosil.com\\\/lt\\\/?s={search_term_string}\"},\"query-input\":{\"@type\":\"PropertyValueSpecification\",\"valueRequired\":true,\"valueName\":\"search_term_string\"}}],\"inLanguage\":\"lt-LT\"}]}<\/script>\n<!-- \/ Yoast SEO plugin. -->","yoast_head_json":{"title":"PENOSIL Vapour Proof Full Glue Tape Internal 410 gar\u0173 izoliacin\u0117 juosta","description":"Orui nepralaidi, elastinga, gar\u0173 izoliacin\u0117 juosta padengta pilnu klij\u0173 sluoksniu skirta lang\u0173 ir dur\u0173 juntims u\u017edengti i\u0161 vidaus. Daugiau!","robots":{"index":"index","follow":"follow","max-snippet":"max-snippet:-1","max-image-preview":"max-image-preview:large","max-video-preview":"max-video-preview:-1"},"canonical":"https:\/\/penosil.com\/lt\/produktai\/vapour-proof-full-glue-tape-internal-410-garu-izoliacine-juosta\/","og_locale":"lt_LT","og_type":"article","og_title":"PENOSIL Vapour Proof Full Glue Tape Internal 410 gar\u0173 izoliacin\u0117 juosta","og_description":"Orui nepralaidi, elastinga, gar\u0173 izoliacin\u0117 juosta padengta pilnu klij\u0173 sluoksniu skirta lang\u0173 ir dur\u0173 juntims u\u017edengti i\u0161 vidaus. Daugiau!","og_url":"https:\/\/penosil.com\/lt\/produktai\/vapour-proof-full-glue-tape-internal-410-garu-izoliacine-juosta\/","og_site_name":"Penosil Lithuania","article_modified_time":"2025-12-23T01:02:14+00:00","og_image":[{"width":1827,"height":1080,"url":"https:\/\/penosil.com\/lt\/wp-content\/uploads\/sites\/13\/2025\/08\/410_Wind_Proof_Full_Glue_Tape_Internal_410.png","type":"image\/png"}],"twitter_card":"summary_large_image","schema":{"@context":"https:\/\/schema.org","@graph":[{"@type":"WebPage","@id":"https:\/\/penosil.com\/lt\/produktai\/vapour-proof-full-glue-tape-internal-410-garu-izoliacine-juosta\/","url":"https:\/\/penosil.com\/lt\/produktai\/vapour-proof-full-glue-tape-internal-410-garu-izoliacine-juosta\/","name":"PENOSIL Vapour Proof Full Glue Tape Internal 410 gar\u0173 izoliacin\u0117 juosta","isPartOf":{"@id":"https:\/\/penosil.com\/lt\/#website"},"primaryImageOfPage":{"@id":"https:\/\/penosil.com\/lt\/produktai\/vapour-proof-full-glue-tape-internal-410-garu-izoliacine-juosta\/#primaryimage"},"image":{"@id":"https:\/\/penosil.com\/lt\/produktai\/vapour-proof-full-glue-tape-internal-410-garu-izoliacine-juosta\/#primaryimage"},"thumbnailUrl":"https:\/\/penosil.com\/lt\/wp-content\/uploads\/sites\/13\/2025\/08\/410_Wind_Proof_Full_Glue_Tape_Internal_410.png","datePublished":"2023-04-23T11:39:05+00:00","dateModified":"2025-12-23T01:02:14+00:00","description":"Orui nepralaidi, elastinga, gar\u0173 izoliacin\u0117 juosta padengta pilnu klij\u0173 sluoksniu skirta lang\u0173 ir dur\u0173 juntims u\u017edengti i\u0161 vidaus. Daugiau!","breadcrumb":{"@id":"https:\/\/penosil.com\/lt\/produktai\/vapour-proof-full-glue-tape-internal-410-garu-izoliacine-juosta\/#breadcrumb"},"inLanguage":"lt-LT","potentialAction":[{"@type":"ReadAction","target":["https:\/\/penosil.com\/lt\/produktai\/vapour-proof-full-glue-tape-internal-410-garu-izoliacine-juosta\/"]}]},{"@type":"ImageObject","inLanguage":"lt-LT","@id":"https:\/\/penosil.com\/lt\/produktai\/vapour-proof-full-glue-tape-internal-410-garu-izoliacine-juosta\/#primaryimage","url":"https:\/\/penosil.com\/lt\/wp-content\/uploads\/sites\/13\/2025\/08\/410_Wind_Proof_Full_Glue_Tape_Internal_410.png","contentUrl":"https:\/\/penosil.com\/lt\/wp-content\/uploads\/sites\/13\/2025\/08\/410_Wind_Proof_Full_Glue_Tape_Internal_410.png","width":1827,"height":1080,"caption":"PENOSIL Vapour Proof Full Glue Tape Internal 410 gar\u0173 izoliacin\u0117 juosta"},{"@type":"BreadcrumbList","@id":"https:\/\/penosil.com\/lt\/produktai\/vapour-proof-full-glue-tape-internal-410-garu-izoliacine-juosta\/#breadcrumb","itemListElement":[{"@type":"ListItem","position":1,"name":"Home","item":"https:\/\/penosil.com\/lt\/"},{"@type":"ListItem","position":2,"name":"Produktai","item":"https:\/\/penosil.com\/lt\/produktai\/"},{"@type":"ListItem","position":3,"name":"Vapour Proof Full Glue Tape Internal 410"}]},{"@type":"WebSite","@id":"https:\/\/penosil.com\/lt\/#website","url":"https:\/\/penosil.com\/lt\/","name":"Penosil Lithuania","description":"","potentialAction":[{"@type":"SearchAction","target":{"@type":"EntryPoint","urlTemplate":"https:\/\/penosil.com\/lt\/?s={search_term_string}"},"query-input":{"@type":"PropertyValueSpecification","valueRequired":true,"valueName":"search_term_string"}}],"inLanguage":"lt-LT"}]}},"featured_img":"https:\/\/penosil.com\/lt\/wp-content\/uploads\/sites\/13\/2025\/08\/410_Wind_Proof_Full_Glue_Tape_Internal_410.png","coauthors":[],"author_meta":{"author_link":"https:\/\/penosil.com\/lt\/author\/asta\/","display_name":"Asta Salkauskiene"},"relative_dates":{"created":"Posted 3 metai ago","modified":"Updated 4 m\u0117nesiai ago"},"absolute_dates":{"created":"Posted on 2023 23 baland\u017eio","modified":"Updated on 2025 23 gruod\u017eio"},"absolute_dates_time":{"created":"Posted on 2023 23 baland\u017eio 11:39","modified":"Updated on 2025 23 gruod\u017eio 1:02"},"featured_img_caption":"","tax_additional":{"product_brand":{"linked":[],"unlinked":[],"slug":"product_brand","name":"Preki\u0173 \u017eenklai"},"product_type":{"linked":["<a href=\"https:\/\/penosil.com\/lt\/?taxonomy=product_type&#038;term=variable\" class=\"advgb-post-tax-term\">variable<\/a>"],"unlinked":["<span class=\"advgb-post-tax-term\">variable<\/span>"],"slug":"product_type","name":"Produkto tipas"},"product_visibility":{"linked":[],"unlinked":[],"slug":"product_visibility","name":"Produkto matomumas"},"product_cat":{"linked":["<a href=\"https:\/\/penosil.com\/lt\/produkto-kategorija\/naudojimo-sritys\/\" class=\"advgb-post-tax-term\">Naudojimo sritys<\/a>","<a href=\"https:\/\/penosil.com\/lt\/produkto-kategorija\/naudojimo-sritys\/langai-ir-durys\/\" class=\"advgb-post-tax-term\">Langai ir durys<\/a>","<a href=\"https:\/\/penosil.com\/lt\/produkto-kategorija\/produktu-grupes\/\" class=\"advgb-post-tax-term\">Produkt\u0173 grup\u0117s<\/a>","<a href=\"https:\/\/penosil.com\/lt\/produkto-kategorija\/produktu-grupes\/juostos-ir-membranos\/\" class=\"advgb-post-tax-term\">Juostos ir membranos<\/a>","<a href=\"https:\/\/penosil.com\/lt\/produkto-kategorija\/produktu-grupes\/juostos-ir-membranos\/langu-juostos-ir-membranos\/\" class=\"advgb-post-tax-term\">Lang\u0173 juostos ir membranos<\/a>"],"unlinked":["<span class=\"advgb-post-tax-term\">Naudojimo sritys<\/span>","<span class=\"advgb-post-tax-term\">Langai ir durys<\/span>","<span class=\"advgb-post-tax-term\">Produkt\u0173 grup\u0117s<\/span>","<span class=\"advgb-post-tax-term\">Juostos ir membranos<\/span>","<span class=\"advgb-post-tax-term\">Lang\u0173 juostos ir membranos<\/span>"],"slug":"product_cat","name":"Produkto kategorijos"},"product_tag":{"linked":[],"unlinked":[],"slug":"product_tag","name":"Produkto \u017eyma"},"product_shipping_class":{"linked":[],"unlinked":[],"slug":"product_shipping_class","name":"Produkto pristatymo klas\u0117s"},"pos_product_visibility":{"linked":[],"unlinked":[],"slug":"pos_product_visibility","name":"POS Product visibility"},"pa_color":{"linked":["<a href=\"https:\/\/penosil.com\/lt\/en\/?taxonomy=pa_color&#038;term=pilka\" class=\"advgb-post-tax-term\">Pilka<\/a>"],"unlinked":["<span class=\"advgb-post-tax-term\">Pilka<\/span>"],"slug":"pa_color","name":"Product Color"},"pa_package":{"linked":["<a href=\"https:\/\/penosil.com\/lt\/?taxonomy=pa_package&#038;term=plotis-100-mm-25-m\" class=\"advgb-post-tax-term\">plotis 100 mm, 25 m<\/a>","<a href=\"https:\/\/penosil.com\/lt\/?taxonomy=pa_package&#038;term=plotis-70-mm-25-m\" class=\"advgb-post-tax-term\">plotis 70 mm, 25 m<\/a>","<a href=\"https:\/\/penosil.com\/lt\/?taxonomy=pa_package&#038;term=plotis-150-mm-25-m\" class=\"advgb-post-tax-term\">plotis 150 mm, 25 m<\/a>"],"unlinked":["<span class=\"advgb-post-tax-term\">plotis 100 mm, 25 m<\/span>","<span class=\"advgb-post-tax-term\">plotis 70 mm, 25 m<\/span>","<span class=\"advgb-post-tax-term\">plotis 150 mm, 25 m<\/span>"],"slug":"pa_package","name":"Product Package"},"pa_plotis":{"linked":[],"unlinked":[],"slug":"pa_plotis","name":"Product Plotis"},"pa_skersmuo":{"linked":[],"unlinked":[],"slug":"pa_skersmuo","name":"Product Skersmuo"},"translation_priority":{"linked":["<a href=\"https:\/\/penosil.com\/lt\/?taxonomy=translation_priority&#038;term=optional-lt\" class=\"advgb-post-tax-term\">Optional<\/a>"],"unlinked":["<span class=\"advgb-post-tax-term\">Optional<\/span>"],"slug":"translation_priority","name":"Translation Priorities"}},"series_order":"","_links":{"self":[{"href":"https:\/\/penosil.com\/lt\/wp-json\/wp\/v2\/product\/12096","targetHints":{"allow":["GET"]}}],"collection":[{"href":"https:\/\/penosil.com\/lt\/wp-json\/wp\/v2\/product"}],"about":[{"href":"https:\/\/penosil.com\/lt\/wp-json\/wp\/v2\/types\/product"}],"version-history":[{"count":3,"href":"https:\/\/penosil.com\/lt\/wp-json\/wp\/v2\/product\/12096\/revisions"}],"predecessor-version":[{"id":15857,"href":"https:\/\/penosil.com\/lt\/wp-json\/wp\/v2\/product\/12096\/revisions\/15857"}],"wp:featuredmedia":[{"embeddable":true,"href":"https:\/\/penosil.com\/lt\/wp-json\/wp\/v2\/media\/15837"}],"wp:attachment":[{"href":"https:\/\/penosil.com\/lt\/wp-json\/wp\/v2\/media?parent=12096"}],"wp:term":[{"taxonomy":"product_brand","embeddable":true,"href":"https:\/\/penosil.com\/lt\/wp-json\/wp\/v2\/product_brand?post=12096"},{"taxonomy":"product_cat","embeddable":true,"href":"https:\/\/penosil.com\/lt\/wp-json\/wp\/v2\/product_cat?post=12096"},{"taxonomy":"product_tag","embeddable":true,"href":"https:\/\/penosil.com\/lt\/wp-json\/wp\/v2\/product_tag?post=12096"}],"curies":[{"name":"wp","href":"https:\/\/api.w.org\/{rel}","templated":true}]}}