{"id":12098,"date":"2023-04-23T12:13:41","date_gmt":"2023-04-23T12:13:41","guid":{"rendered":"https:\/\/penosil.com\/lt\/?post_type=product&#038;p=12098"},"modified":"2025-12-19T01:15:15","modified_gmt":"2025-12-19T01:15:15","slug":"gap-filling-strawfoam-278-siaudelines-sandarinimo-putos","status":"publish","type":"product","link":"https:\/\/penosil.com\/lt\/produktai\/gap-filling-strawfoam-278-siaudelines-sandarinimo-putos\/","title":{"rendered":"Gap Filling Strawfoam 278"},"content":{"rendered":"<p>Visais met\u0173 laikais naudojamos poliuretano \u0161iaudelin\u0117s sandarinimo putos, skirtos ertmi\u0173 u\u017epildymui atliekant sandarinimo darbus viduje ir lauke. D\u0117l didel\u0117s i\u0161eigos ir didelio i\u0161sipl\u0117timo \u0161ios putos ypa\u010d tinka didesn\u0117ms ertm\u0117ms ir angoms u\u017epildyti. Puikiai sukimba su daugeliu med\u017eiag\u0173, toki\u0173 kaip mediena, betonas, akmuo, tinkas, metalas, PVC ir polistirenas.<\/p>\n","protected":false},"excerpt":{"rendered":"\u0161iaudelin\u0117s sandarinimo putos","protected":false},"author":5,"featured_media":15772,"template":"","meta":{"_acf_changed":false,"advgb_blocks_editor_width":"","advgb_blocks_columns_visual_guide":"","footnotes":""},"product_brand":[],"product_cat":[836,1506,210,1563,1368],"product_tag":[],"class_list":{"0":"post-12098","1":"product","2":"type-product","3":"status-publish","4":"has-post-thumbnail","6":"product_cat-bendroji-statyba","7":"product_cat-statybines-putos","8":"product_cat-naudojimo-sritys","9":"product_cat-siaudelines-putos","10":"product_cat-produktu-grupes","12":"first","13":"instock","14":"taxable","15":"shipping-taxable","16":"purchasable","17":"product-type-variable"},"acf":[],"yoast_head":"<!-- This site is optimized with the Yoast SEO plugin v27.2 - https:\/\/yoast.com\/product\/yoast-seo-wordpress\/ -->\n<title>PENOSIL Gap Filling Strawfoam 278 \u0161iaudelin\u0117s sandarinimo putos<\/title>\n<meta name=\"description\" content=\"Poliuretano \u0161iaudelin\u0117s sandarinimo putos, skirtos ertmi\u0173 u\u017epildymui visais met\u0173 laikais. Didel\u0117 i\u0161eiga ir i\u0161sipl\u0117timas u\u017etikrina ertmi\u0173 sandarum\u0105. Daugiau!\" \/>\n<meta name=\"robots\" content=\"index, follow, max-snippet:-1, max-image-preview:large, max-video-preview:-1\" \/>\n<link rel=\"canonical\" href=\"https:\/\/penosil.com\/lt\/produktai\/gap-filling-strawfoam-278-siaudelines-sandarinimo-putos\/\" \/>\n<meta property=\"og:locale\" content=\"lt_LT\" \/>\n<meta property=\"og:type\" content=\"article\" \/>\n<meta property=\"og:title\" content=\"PENOSIL Gap Filling Strawfoam 278 \u0161iaudelin\u0117s sandarinimo putos\" \/>\n<meta property=\"og:description\" content=\"Poliuretano \u0161iaudelin\u0117s sandarinimo putos, skirtos ertmi\u0173 u\u017epildymui visais met\u0173 laikais. Didel\u0117 i\u0161eiga ir i\u0161sipl\u0117timas u\u017etikrina ertmi\u0173 sandarum\u0105. Daugiau!\" \/>\n<meta property=\"og:url\" content=\"https:\/\/penosil.com\/lt\/produktai\/gap-filling-strawfoam-278-siaudelines-sandarinimo-putos\/\" \/>\n<meta property=\"og:site_name\" content=\"Penosil Lithuania\" \/>\n<meta property=\"article:modified_time\" content=\"2025-12-19T01:15:15+00:00\" \/>\n<meta property=\"og:image\" content=\"https:\/\/penosil.com\/lt\/wp-content\/uploads\/sites\/13\/2025\/08\/278_Gap_Filling_Strawfoam_278_LT.png\" \/>\n\t<meta property=\"og:image:width\" content=\"523\" \/>\n\t<meta property=\"og:image:height\" content=\"1080\" \/>\n\t<meta property=\"og:image:type\" content=\"image\/png\" \/>\n<meta name=\"twitter:card\" content=\"summary_large_image\" \/>\n<script type=\"application\/ld+json\" class=\"yoast-schema-graph\">{\"@context\":\"https:\/\/schema.org\",\"@graph\":[{\"@type\":\"WebPage\",\"@id\":\"https:\/\/penosil.com\/lt\/produktai\/gap-filling-strawfoam-278-siaudelines-sandarinimo-putos\/\",\"url\":\"https:\/\/penosil.com\/lt\/produktai\/gap-filling-strawfoam-278-siaudelines-sandarinimo-putos\/\",\"name\":\"PENOSIL Gap Filling Strawfoam 278 \u0161iaudelin\u0117s sandarinimo putos\",\"isPartOf\":{\"@id\":\"https:\/\/penosil.com\/lt\/#website\"},\"primaryImageOfPage\":{\"@id\":\"https:\/\/penosil.com\/lt\/produktai\/gap-filling-strawfoam-278-siaudelines-sandarinimo-putos\/#primaryimage\"},\"image\":{\"@id\":\"https:\/\/penosil.com\/lt\/produktai\/gap-filling-strawfoam-278-siaudelines-sandarinimo-putos\/#primaryimage\"},\"thumbnailUrl\":\"https:\/\/penosil.com\/lt\/wp-content\/uploads\/sites\/13\/2025\/08\/278_Gap_Filling_Strawfoam_278_LT.png\",\"datePublished\":\"2023-04-23T12:13:41+00:00\",\"dateModified\":\"2025-12-19T01:15:15+00:00\",\"description\":\"Poliuretano \u0161iaudelin\u0117s sandarinimo putos, skirtos ertmi\u0173 u\u017epildymui visais met\u0173 laikais. Didel\u0117 i\u0161eiga ir i\u0161sipl\u0117timas u\u017etikrina ertmi\u0173 sandarum\u0105. Daugiau!\",\"breadcrumb\":{\"@id\":\"https:\/\/penosil.com\/lt\/produktai\/gap-filling-strawfoam-278-siaudelines-sandarinimo-putos\/#breadcrumb\"},\"inLanguage\":\"lt-LT\",\"potentialAction\":[{\"@type\":\"ReadAction\",\"target\":[\"https:\/\/penosil.com\/lt\/produktai\/gap-filling-strawfoam-278-siaudelines-sandarinimo-putos\/\"]}]},{\"@type\":\"ImageObject\",\"inLanguage\":\"lt-LT\",\"@id\":\"https:\/\/penosil.com\/lt\/produktai\/gap-filling-strawfoam-278-siaudelines-sandarinimo-putos\/#primaryimage\",\"url\":\"https:\/\/penosil.com\/lt\/wp-content\/uploads\/sites\/13\/2025\/08\/278_Gap_Filling_Strawfoam_278_LT.png\",\"contentUrl\":\"https:\/\/penosil.com\/lt\/wp-content\/uploads\/sites\/13\/2025\/08\/278_Gap_Filling_Strawfoam_278_LT.png\",\"width\":523,\"height\":1080,\"caption\":\"PENOSIL Gap Filling Strawfoam 278 \u0161iaudelin\u0117s sandarinimo putos 750 ml\"},{\"@type\":\"BreadcrumbList\",\"@id\":\"https:\/\/penosil.com\/lt\/produktai\/gap-filling-strawfoam-278-siaudelines-sandarinimo-putos\/#breadcrumb\",\"itemListElement\":[{\"@type\":\"ListItem\",\"position\":1,\"name\":\"Home\",\"item\":\"https:\/\/penosil.com\/lt\/\"},{\"@type\":\"ListItem\",\"position\":2,\"name\":\"Produktai\",\"item\":\"https:\/\/penosil.com\/lt\/produktai\/\"},{\"@type\":\"ListItem\",\"position\":3,\"name\":\"Gap Filling Strawfoam 278\"}]},{\"@type\":\"WebSite\",\"@id\":\"https:\/\/penosil.com\/lt\/#website\",\"url\":\"https:\/\/penosil.com\/lt\/\",\"name\":\"Penosil Lithuania\",\"description\":\"\",\"potentialAction\":[{\"@type\":\"SearchAction\",\"target\":{\"@type\":\"EntryPoint\",\"urlTemplate\":\"https:\/\/penosil.com\/lt\/?s={search_term_string}\"},\"query-input\":{\"@type\":\"PropertyValueSpecification\",\"valueRequired\":true,\"valueName\":\"search_term_string\"}}],\"inLanguage\":\"lt-LT\"}]}<\/script>\n<!-- \/ Yoast SEO plugin. -->","yoast_head_json":{"title":"PENOSIL Gap Filling Strawfoam 278 \u0161iaudelin\u0117s sandarinimo putos","description":"Poliuretano \u0161iaudelin\u0117s sandarinimo putos, skirtos ertmi\u0173 u\u017epildymui visais met\u0173 laikais. Didel\u0117 i\u0161eiga ir i\u0161sipl\u0117timas u\u017etikrina ertmi\u0173 sandarum\u0105. Daugiau!","robots":{"index":"index","follow":"follow","max-snippet":"max-snippet:-1","max-image-preview":"max-image-preview:large","max-video-preview":"max-video-preview:-1"},"canonical":"https:\/\/penosil.com\/lt\/produktai\/gap-filling-strawfoam-278-siaudelines-sandarinimo-putos\/","og_locale":"lt_LT","og_type":"article","og_title":"PENOSIL Gap Filling Strawfoam 278 \u0161iaudelin\u0117s sandarinimo putos","og_description":"Poliuretano \u0161iaudelin\u0117s sandarinimo putos, skirtos ertmi\u0173 u\u017epildymui visais met\u0173 laikais. Didel\u0117 i\u0161eiga ir i\u0161sipl\u0117timas u\u017etikrina ertmi\u0173 sandarum\u0105. Daugiau!","og_url":"https:\/\/penosil.com\/lt\/produktai\/gap-filling-strawfoam-278-siaudelines-sandarinimo-putos\/","og_site_name":"Penosil Lithuania","article_modified_time":"2025-12-19T01:15:15+00:00","og_image":[{"width":523,"height":1080,"url":"https:\/\/penosil.com\/lt\/wp-content\/uploads\/sites\/13\/2025\/08\/278_Gap_Filling_Strawfoam_278_LT.png","type":"image\/png"}],"twitter_card":"summary_large_image","schema":{"@context":"https:\/\/schema.org","@graph":[{"@type":"WebPage","@id":"https:\/\/penosil.com\/lt\/produktai\/gap-filling-strawfoam-278-siaudelines-sandarinimo-putos\/","url":"https:\/\/penosil.com\/lt\/produktai\/gap-filling-strawfoam-278-siaudelines-sandarinimo-putos\/","name":"PENOSIL Gap Filling Strawfoam 278 \u0161iaudelin\u0117s sandarinimo putos","isPartOf":{"@id":"https:\/\/penosil.com\/lt\/#website"},"primaryImageOfPage":{"@id":"https:\/\/penosil.com\/lt\/produktai\/gap-filling-strawfoam-278-siaudelines-sandarinimo-putos\/#primaryimage"},"image":{"@id":"https:\/\/penosil.com\/lt\/produktai\/gap-filling-strawfoam-278-siaudelines-sandarinimo-putos\/#primaryimage"},"thumbnailUrl":"https:\/\/penosil.com\/lt\/wp-content\/uploads\/sites\/13\/2025\/08\/278_Gap_Filling_Strawfoam_278_LT.png","datePublished":"2023-04-23T12:13:41+00:00","dateModified":"2025-12-19T01:15:15+00:00","description":"Poliuretano \u0161iaudelin\u0117s sandarinimo putos, skirtos ertmi\u0173 u\u017epildymui visais met\u0173 laikais. Didel\u0117 i\u0161eiga ir i\u0161sipl\u0117timas u\u017etikrina ertmi\u0173 sandarum\u0105. Daugiau!","breadcrumb":{"@id":"https:\/\/penosil.com\/lt\/produktai\/gap-filling-strawfoam-278-siaudelines-sandarinimo-putos\/#breadcrumb"},"inLanguage":"lt-LT","potentialAction":[{"@type":"ReadAction","target":["https:\/\/penosil.com\/lt\/produktai\/gap-filling-strawfoam-278-siaudelines-sandarinimo-putos\/"]}]},{"@type":"ImageObject","inLanguage":"lt-LT","@id":"https:\/\/penosil.com\/lt\/produktai\/gap-filling-strawfoam-278-siaudelines-sandarinimo-putos\/#primaryimage","url":"https:\/\/penosil.com\/lt\/wp-content\/uploads\/sites\/13\/2025\/08\/278_Gap_Filling_Strawfoam_278_LT.png","contentUrl":"https:\/\/penosil.com\/lt\/wp-content\/uploads\/sites\/13\/2025\/08\/278_Gap_Filling_Strawfoam_278_LT.png","width":523,"height":1080,"caption":"PENOSIL Gap Filling Strawfoam 278 \u0161iaudelin\u0117s sandarinimo putos 750 ml"},{"@type":"BreadcrumbList","@id":"https:\/\/penosil.com\/lt\/produktai\/gap-filling-strawfoam-278-siaudelines-sandarinimo-putos\/#breadcrumb","itemListElement":[{"@type":"ListItem","position":1,"name":"Home","item":"https:\/\/penosil.com\/lt\/"},{"@type":"ListItem","position":2,"name":"Produktai","item":"https:\/\/penosil.com\/lt\/produktai\/"},{"@type":"ListItem","position":3,"name":"Gap Filling Strawfoam 278"}]},{"@type":"WebSite","@id":"https:\/\/penosil.com\/lt\/#website","url":"https:\/\/penosil.com\/lt\/","name":"Penosil Lithuania","description":"","potentialAction":[{"@type":"SearchAction","target":{"@type":"EntryPoint","urlTemplate":"https:\/\/penosil.com\/lt\/?s={search_term_string}"},"query-input":{"@type":"PropertyValueSpecification","valueRequired":true,"valueName":"search_term_string"}}],"inLanguage":"lt-LT"}]}},"featured_img":"https:\/\/penosil.com\/lt\/wp-content\/uploads\/sites\/13\/2025\/08\/278_Gap_Filling_Strawfoam_278_LT.png","coauthors":[],"author_meta":{"author_link":"https:\/\/penosil.com\/lt\/author\/asta\/","display_name":"Asta Salkauskiene"},"relative_dates":{"created":"Posted 3 metai ago","modified":"Updated 4 m\u0117nesiai ago"},"absolute_dates":{"created":"Posted on 2023 23 baland\u017eio","modified":"Updated on 2025 19 gruod\u017eio"},"absolute_dates_time":{"created":"Posted on 2023 23 baland\u017eio 12:13","modified":"Updated on 2025 19 gruod\u017eio 1:15"},"featured_img_caption":"","tax_additional":{"product_brand":{"linked":[],"unlinked":[],"slug":"product_brand","name":"Preki\u0173 \u017eenklai"},"product_type":{"linked":["<a href=\"https:\/\/penosil.com\/lt\/?taxonomy=product_type&#038;term=variable\" class=\"advgb-post-tax-term\">variable<\/a>"],"unlinked":["<span class=\"advgb-post-tax-term\">variable<\/span>"],"slug":"product_type","name":"Produkto tipas"},"product_visibility":{"linked":[],"unlinked":[],"slug":"product_visibility","name":"Produkto matomumas"},"product_cat":{"linked":["<a href=\"https:\/\/penosil.com\/lt\/produkto-kategorija\/naudojimo-sritys\/bendroji-statyba\/\" class=\"advgb-post-tax-term\">Bendroji statyba<\/a>","<a href=\"https:\/\/penosil.com\/lt\/produkto-kategorija\/produktu-grupes\/statybines-putos\/\" class=\"advgb-post-tax-term\">Statybin\u0117s putos<\/a>","<a href=\"https:\/\/penosil.com\/lt\/produkto-kategorija\/naudojimo-sritys\/\" class=\"advgb-post-tax-term\">Naudojimo sritys<\/a>","<a href=\"https:\/\/penosil.com\/lt\/produkto-kategorija\/produktu-grupes\/statybines-putos\/siaudelines-putos\/\" class=\"advgb-post-tax-term\">\u0160iaudelin\u0117s putos<\/a>","<a href=\"https:\/\/penosil.com\/lt\/produkto-kategorija\/produktu-grupes\/\" class=\"advgb-post-tax-term\">Produkt\u0173 grup\u0117s<\/a>"],"unlinked":["<span class=\"advgb-post-tax-term\">Bendroji statyba<\/span>","<span class=\"advgb-post-tax-term\">Statybin\u0117s putos<\/span>","<span class=\"advgb-post-tax-term\">Naudojimo sritys<\/span>","<span class=\"advgb-post-tax-term\">\u0160iaudelin\u0117s putos<\/span>","<span class=\"advgb-post-tax-term\">Produkt\u0173 grup\u0117s<\/span>"],"slug":"product_cat","name":"Produkto kategorijos"},"product_tag":{"linked":[],"unlinked":[],"slug":"product_tag","name":"Produkto \u017eyma"},"product_shipping_class":{"linked":[],"unlinked":[],"slug":"product_shipping_class","name":"Produkto pristatymo klas\u0117s"},"pos_product_visibility":{"linked":[],"unlinked":[],"slug":"pos_product_visibility","name":"POS Product visibility"},"pa_color":{"linked":["<a href=\"https:\/\/penosil.com\/lt\/en\/?taxonomy=pa_color&#038;term=sviesiai-geltona\" class=\"advgb-post-tax-term\">\u0160viesiai geltona<\/a>"],"unlinked":["<span class=\"advgb-post-tax-term\">\u0160viesiai geltona<\/span>"],"slug":"pa_color","name":"Product Color"},"pa_package":{"linked":["<a href=\"https:\/\/penosil.com\/lt\/en\/?taxonomy=pa_package&#038;term=750-ml\" class=\"advgb-post-tax-term\">750 ml<\/a>","<a href=\"https:\/\/penosil.com\/lt\/?taxonomy=pa_package&#038;term=440-ml\" class=\"advgb-post-tax-term\">440 ml<\/a>"],"unlinked":["<span class=\"advgb-post-tax-term\">750 ml<\/span>","<span class=\"advgb-post-tax-term\">440 ml<\/span>"],"slug":"pa_package","name":"Product Package"},"pa_plotis":{"linked":[],"unlinked":[],"slug":"pa_plotis","name":"Product Plotis"},"pa_skersmuo":{"linked":[],"unlinked":[],"slug":"pa_skersmuo","name":"Product Skersmuo"},"translation_priority":{"linked":["<a href=\"https:\/\/penosil.com\/lt\/?taxonomy=translation_priority&#038;term=optional-lt\" class=\"advgb-post-tax-term\">Optional<\/a>"],"unlinked":["<span class=\"advgb-post-tax-term\">Optional<\/span>"],"slug":"translation_priority","name":"Translation Priorities"}},"series_order":"","_links":{"self":[{"href":"https:\/\/penosil.com\/lt\/wp-json\/wp\/v2\/product\/12098","targetHints":{"allow":["GET"]}}],"collection":[{"href":"https:\/\/penosil.com\/lt\/wp-json\/wp\/v2\/product"}],"about":[{"href":"https:\/\/penosil.com\/lt\/wp-json\/wp\/v2\/types\/product"}],"version-history":[{"count":4,"href":"https:\/\/penosil.com\/lt\/wp-json\/wp\/v2\/product\/12098\/revisions"}],"predecessor-version":[{"id":15790,"href":"https:\/\/penosil.com\/lt\/wp-json\/wp\/v2\/product\/12098\/revisions\/15790"}],"wp:featuredmedia":[{"embeddable":true,"href":"https:\/\/penosil.com\/lt\/wp-json\/wp\/v2\/media\/15772"}],"wp:attachment":[{"href":"https:\/\/penosil.com\/lt\/wp-json\/wp\/v2\/media?parent=12098"}],"wp:term":[{"taxonomy":"product_brand","embeddable":true,"href":"https:\/\/penosil.com\/lt\/wp-json\/wp\/v2\/product_brand?post=12098"},{"taxonomy":"product_cat","embeddable":true,"href":"https:\/\/penosil.com\/lt\/wp-json\/wp\/v2\/product_cat?post=12098"},{"taxonomy":"product_tag","embeddable":true,"href":"https:\/\/penosil.com\/lt\/wp-json\/wp\/v2\/product_tag?post=12098"}],"curies":[{"name":"wp","href":"https:\/\/api.w.org\/{rel}","templated":true}]}}