{"id":12455,"date":"2023-08-07T07:37:34","date_gmt":"2023-08-07T07:37:34","guid":{"rendered":"https:\/\/penosil.com\/lt\/?post_type=product&#038;p=12455"},"modified":"2026-01-28T01:18:33","modified_gmt":"2026-01-28T01:18:33","slug":"speedfix-thermoprofile-728-klijai-profiliams","status":"publish","type":"product","link":"https:\/\/penosil.com\/lt\/produktai\/speedfix-thermoprofile-728-klijai-profiliams\/","title":{"rendered":"SpeedFix ThermoProfile 728"},"content":{"rendered":"<p>Bendrosios paskirties hibridini\u0173 polimer\u0173 pagrindo klijai. Klijai profiliams pasi\u017eymi ypa\u010d stipriu pradiniu sukibimu ir geru suklijavimu.<\/p>\n","protected":false},"excerpt":{"rendered":"klijai profiliams","protected":false},"author":5,"featured_media":15910,"template":"","meta":{"_acf_changed":false,"advgb_blocks_editor_width":"","advgb_blocks_columns_visual_guide":"","footnotes":""},"product_brand":[],"product_cat":[210,1064,1368,2373,221,219],"product_tag":[],"class_list":{"0":"post-12455","1":"product","2":"type-product","3":"status-publish","4":"has-post-thumbnail","6":"product_cat-naudojimo-sritys","7":"product_cat-nauji-produktai","8":"product_cat-produktu-grupes","9":"product_cat-hibridiniai-klijai","10":"product_cat-klijai","11":"product_cat-klijavimas","13":"first","14":"instock","15":"taxable","16":"shipping-taxable","17":"purchasable","18":"product-type-simple"},"acf":[],"yoast_head":"<!-- This site is optimized with the Yoast SEO plugin v27.2 - https:\/\/yoast.com\/product\/yoast-seo-wordpress\/ -->\n<title>PENOSIL SpeedFix ThermoProfile 728 klijai profiliams<\/title>\n<meta name=\"description\" content=\"Klijai profiliams pasi\u017eymi ypa\u010d stipriu pradiniu sukibimu ir geru suklijavimu. Galutinio sukibimo j\u0117ga net 400 t\/kv.m. Daugiau!\" \/>\n<meta name=\"robots\" content=\"index, follow, max-snippet:-1, max-image-preview:large, max-video-preview:-1\" \/>\n<link rel=\"canonical\" href=\"https:\/\/penosil.com\/lt\/produktai\/speedfix-thermoprofile-728-klijai-profiliams\/\" \/>\n<meta property=\"og:locale\" content=\"lt_LT\" \/>\n<meta property=\"og:type\" content=\"article\" \/>\n<meta property=\"og:title\" content=\"PENOSIL SpeedFix ThermoProfile 728 klijai profiliams\" \/>\n<meta property=\"og:description\" content=\"Klijai profiliams pasi\u017eymi ypa\u010d stipriu pradiniu sukibimu ir geru suklijavimu. Galutinio sukibimo j\u0117ga net 400 t\/kv.m. Daugiau!\" \/>\n<meta property=\"og:url\" content=\"https:\/\/penosil.com\/lt\/produktai\/speedfix-thermoprofile-728-klijai-profiliams\/\" \/>\n<meta property=\"og:site_name\" content=\"Penosil Lithuania\" \/>\n<meta property=\"article:modified_time\" content=\"2026-01-28T01:18:33+00:00\" \/>\n<meta property=\"og:image\" content=\"https:\/\/penosil.com\/lt\/wp-content\/uploads\/sites\/13\/2025\/08\/728_SpeedFix_Thermo_Profile_728_600_ml_LT_LV.png-rotated.jpg\" \/>\n\t<meta property=\"og:image:width\" content=\"273\" \/>\n\t<meta property=\"og:image:height\" content=\"1200\" \/>\n\t<meta property=\"og:image:type\" content=\"image\/jpeg\" \/>\n<meta name=\"twitter:card\" content=\"summary_large_image\" \/>\n<script type=\"application\/ld+json\" class=\"yoast-schema-graph\">{\"@context\":\"https:\/\/schema.org\",\"@graph\":[{\"@type\":\"WebPage\",\"@id\":\"https:\/\/penosil.com\/lt\/produktai\/speedfix-thermoprofile-728-klijai-profiliams\/\",\"url\":\"https:\/\/penosil.com\/lt\/produktai\/speedfix-thermoprofile-728-klijai-profiliams\/\",\"name\":\"PENOSIL SpeedFix ThermoProfile 728 klijai profiliams\",\"isPartOf\":{\"@id\":\"https:\/\/penosil.com\/lt\/#website\"},\"primaryImageOfPage\":{\"@id\":\"https:\/\/penosil.com\/lt\/produktai\/speedfix-thermoprofile-728-klijai-profiliams\/#primaryimage\"},\"image\":{\"@id\":\"https:\/\/penosil.com\/lt\/produktai\/speedfix-thermoprofile-728-klijai-profiliams\/#primaryimage\"},\"thumbnailUrl\":\"https:\/\/penosil.com\/lt\/wp-content\/uploads\/sites\/13\/2025\/08\/728_SpeedFix_Thermo_Profile_728_600_ml_LT_LV.png-rotated.jpg\",\"datePublished\":\"2023-08-07T07:37:34+00:00\",\"dateModified\":\"2026-01-28T01:18:33+00:00\",\"description\":\"Klijai profiliams pasi\u017eymi ypa\u010d stipriu pradiniu sukibimu ir geru suklijavimu. Galutinio sukibimo j\u0117ga net 400 t\/kv.m. Daugiau!\",\"breadcrumb\":{\"@id\":\"https:\/\/penosil.com\/lt\/produktai\/speedfix-thermoprofile-728-klijai-profiliams\/#breadcrumb\"},\"inLanguage\":\"lt-LT\",\"potentialAction\":[{\"@type\":\"ReadAction\",\"target\":[\"https:\/\/penosil.com\/lt\/produktai\/speedfix-thermoprofile-728-klijai-profiliams\/\"]}]},{\"@type\":\"ImageObject\",\"inLanguage\":\"lt-LT\",\"@id\":\"https:\/\/penosil.com\/lt\/produktai\/speedfix-thermoprofile-728-klijai-profiliams\/#primaryimage\",\"url\":\"https:\/\/penosil.com\/lt\/wp-content\/uploads\/sites\/13\/2025\/08\/728_SpeedFix_Thermo_Profile_728_600_ml_LT_LV.png-rotated.jpg\",\"contentUrl\":\"https:\/\/penosil.com\/lt\/wp-content\/uploads\/sites\/13\/2025\/08\/728_SpeedFix_Thermo_Profile_728_600_ml_LT_LV.png-rotated.jpg\",\"width\":273,\"height\":1200,\"caption\":\"PENOSIL SpeedFix ThermoProfile 728 klijai profiliams 600 ml\"},{\"@type\":\"BreadcrumbList\",\"@id\":\"https:\/\/penosil.com\/lt\/produktai\/speedfix-thermoprofile-728-klijai-profiliams\/#breadcrumb\",\"itemListElement\":[{\"@type\":\"ListItem\",\"position\":1,\"name\":\"Home\",\"item\":\"https:\/\/penosil.com\/lt\/\"},{\"@type\":\"ListItem\",\"position\":2,\"name\":\"Produktai\",\"item\":\"https:\/\/penosil.com\/lt\/produktai\/\"},{\"@type\":\"ListItem\",\"position\":3,\"name\":\"SpeedFix ThermoProfile 728\"}]},{\"@type\":\"WebSite\",\"@id\":\"https:\/\/penosil.com\/lt\/#website\",\"url\":\"https:\/\/penosil.com\/lt\/\",\"name\":\"Penosil Lithuania\",\"description\":\"\",\"potentialAction\":[{\"@type\":\"SearchAction\",\"target\":{\"@type\":\"EntryPoint\",\"urlTemplate\":\"https:\/\/penosil.com\/lt\/?s={search_term_string}\"},\"query-input\":{\"@type\":\"PropertyValueSpecification\",\"valueRequired\":true,\"valueName\":\"search_term_string\"}}],\"inLanguage\":\"lt-LT\"}]}<\/script>\n<!-- \/ Yoast SEO plugin. -->","yoast_head_json":{"title":"PENOSIL SpeedFix ThermoProfile 728 klijai profiliams","description":"Klijai profiliams pasi\u017eymi ypa\u010d stipriu pradiniu sukibimu ir geru suklijavimu. Galutinio sukibimo j\u0117ga net 400 t\/kv.m. Daugiau!","robots":{"index":"index","follow":"follow","max-snippet":"max-snippet:-1","max-image-preview":"max-image-preview:large","max-video-preview":"max-video-preview:-1"},"canonical":"https:\/\/penosil.com\/lt\/produktai\/speedfix-thermoprofile-728-klijai-profiliams\/","og_locale":"lt_LT","og_type":"article","og_title":"PENOSIL SpeedFix ThermoProfile 728 klijai profiliams","og_description":"Klijai profiliams pasi\u017eymi ypa\u010d stipriu pradiniu sukibimu ir geru suklijavimu. Galutinio sukibimo j\u0117ga net 400 t\/kv.m. Daugiau!","og_url":"https:\/\/penosil.com\/lt\/produktai\/speedfix-thermoprofile-728-klijai-profiliams\/","og_site_name":"Penosil Lithuania","article_modified_time":"2026-01-28T01:18:33+00:00","og_image":[{"width":273,"height":1200,"url":"https:\/\/penosil.com\/lt\/wp-content\/uploads\/sites\/13\/2025\/08\/728_SpeedFix_Thermo_Profile_728_600_ml_LT_LV.png-rotated.jpg","type":"image\/jpeg"}],"twitter_card":"summary_large_image","schema":{"@context":"https:\/\/schema.org","@graph":[{"@type":"WebPage","@id":"https:\/\/penosil.com\/lt\/produktai\/speedfix-thermoprofile-728-klijai-profiliams\/","url":"https:\/\/penosil.com\/lt\/produktai\/speedfix-thermoprofile-728-klijai-profiliams\/","name":"PENOSIL SpeedFix ThermoProfile 728 klijai profiliams","isPartOf":{"@id":"https:\/\/penosil.com\/lt\/#website"},"primaryImageOfPage":{"@id":"https:\/\/penosil.com\/lt\/produktai\/speedfix-thermoprofile-728-klijai-profiliams\/#primaryimage"},"image":{"@id":"https:\/\/penosil.com\/lt\/produktai\/speedfix-thermoprofile-728-klijai-profiliams\/#primaryimage"},"thumbnailUrl":"https:\/\/penosil.com\/lt\/wp-content\/uploads\/sites\/13\/2025\/08\/728_SpeedFix_Thermo_Profile_728_600_ml_LT_LV.png-rotated.jpg","datePublished":"2023-08-07T07:37:34+00:00","dateModified":"2026-01-28T01:18:33+00:00","description":"Klijai profiliams pasi\u017eymi ypa\u010d stipriu pradiniu sukibimu ir geru suklijavimu. Galutinio sukibimo j\u0117ga net 400 t\/kv.m. Daugiau!","breadcrumb":{"@id":"https:\/\/penosil.com\/lt\/produktai\/speedfix-thermoprofile-728-klijai-profiliams\/#breadcrumb"},"inLanguage":"lt-LT","potentialAction":[{"@type":"ReadAction","target":["https:\/\/penosil.com\/lt\/produktai\/speedfix-thermoprofile-728-klijai-profiliams\/"]}]},{"@type":"ImageObject","inLanguage":"lt-LT","@id":"https:\/\/penosil.com\/lt\/produktai\/speedfix-thermoprofile-728-klijai-profiliams\/#primaryimage","url":"https:\/\/penosil.com\/lt\/wp-content\/uploads\/sites\/13\/2025\/08\/728_SpeedFix_Thermo_Profile_728_600_ml_LT_LV.png-rotated.jpg","contentUrl":"https:\/\/penosil.com\/lt\/wp-content\/uploads\/sites\/13\/2025\/08\/728_SpeedFix_Thermo_Profile_728_600_ml_LT_LV.png-rotated.jpg","width":273,"height":1200,"caption":"PENOSIL SpeedFix ThermoProfile 728 klijai profiliams 600 ml"},{"@type":"BreadcrumbList","@id":"https:\/\/penosil.com\/lt\/produktai\/speedfix-thermoprofile-728-klijai-profiliams\/#breadcrumb","itemListElement":[{"@type":"ListItem","position":1,"name":"Home","item":"https:\/\/penosil.com\/lt\/"},{"@type":"ListItem","position":2,"name":"Produktai","item":"https:\/\/penosil.com\/lt\/produktai\/"},{"@type":"ListItem","position":3,"name":"SpeedFix ThermoProfile 728"}]},{"@type":"WebSite","@id":"https:\/\/penosil.com\/lt\/#website","url":"https:\/\/penosil.com\/lt\/","name":"Penosil Lithuania","description":"","potentialAction":[{"@type":"SearchAction","target":{"@type":"EntryPoint","urlTemplate":"https:\/\/penosil.com\/lt\/?s={search_term_string}"},"query-input":{"@type":"PropertyValueSpecification","valueRequired":true,"valueName":"search_term_string"}}],"inLanguage":"lt-LT"}]}},"featured_img":"https:\/\/penosil.com\/lt\/wp-content\/uploads\/sites\/13\/2025\/08\/728_SpeedFix_Thermo_Profile_728_600_ml_LT_LV.png-rotated.jpg","coauthors":[],"author_meta":{"author_link":"https:\/\/penosil.com\/lt\/author\/asta\/","display_name":"Asta Salkauskiene"},"relative_dates":{"created":"Posted 3 metai ago","modified":"Updated 2 m\u0117nesiai ago"},"absolute_dates":{"created":"Posted on 2023 7 rugpj\u016b\u010dio","modified":"Updated on 2026 28 sausio"},"absolute_dates_time":{"created":"Posted on 2023 7 rugpj\u016b\u010dio 7:37","modified":"Updated on 2026 28 sausio 1:18"},"featured_img_caption":"","tax_additional":{"product_brand":{"linked":[],"unlinked":[],"slug":"product_brand","name":"Preki\u0173 \u017eenklai"},"product_type":{"linked":["<a href=\"https:\/\/penosil.com\/lt\/?taxonomy=product_type&#038;term=simple\" class=\"advgb-post-tax-term\">simple<\/a>"],"unlinked":["<span class=\"advgb-post-tax-term\">simple<\/span>"],"slug":"product_type","name":"Produkto tipas"},"product_visibility":{"linked":[],"unlinked":[],"slug":"product_visibility","name":"Produkto matomumas"},"product_cat":{"linked":["<a href=\"https:\/\/penosil.com\/lt\/produkto-kategorija\/naudojimo-sritys\/\" class=\"advgb-post-tax-term\">Naudojimo sritys<\/a>","<a href=\"https:\/\/penosil.com\/lt\/produkto-kategorija\/nauji-produktai\/\" class=\"advgb-post-tax-term\">Nauji produktai<\/a>","<a href=\"https:\/\/penosil.com\/lt\/produkto-kategorija\/produktu-grupes\/\" class=\"advgb-post-tax-term\">Produkt\u0173 grup\u0117s<\/a>","<a href=\"https:\/\/penosil.com\/lt\/produkto-kategorija\/produktu-grupes\/klijai\/hibridiniai-klijai\/\" class=\"advgb-post-tax-term\">Hibridiniai klijai<\/a>","<a href=\"https:\/\/penosil.com\/lt\/produkto-kategorija\/produktu-grupes\/klijai\/\" class=\"advgb-post-tax-term\">Klijai<\/a>","<a href=\"https:\/\/penosil.com\/lt\/produkto-kategorija\/naudojimo-sritys\/klijavimas\/\" class=\"advgb-post-tax-term\">Klijavimas<\/a>"],"unlinked":["<span class=\"advgb-post-tax-term\">Naudojimo sritys<\/span>","<span class=\"advgb-post-tax-term\">Nauji produktai<\/span>","<span class=\"advgb-post-tax-term\">Produkt\u0173 grup\u0117s<\/span>","<span class=\"advgb-post-tax-term\">Hibridiniai klijai<\/span>","<span class=\"advgb-post-tax-term\">Klijai<\/span>","<span class=\"advgb-post-tax-term\">Klijavimas<\/span>"],"slug":"product_cat","name":"Produkto kategorijos"},"product_tag":{"linked":[],"unlinked":[],"slug":"product_tag","name":"Produkto \u017eyma"},"product_shipping_class":{"linked":[],"unlinked":[],"slug":"product_shipping_class","name":"Produkto pristatymo klas\u0117s"},"pos_product_visibility":{"linked":[],"unlinked":[],"slug":"pos_product_visibility","name":"POS Product visibility"},"pa_color":{"linked":["<a href=\"https:\/\/penosil.com\/lt\/en\/?taxonomy=pa_color&#038;term=balta\" class=\"advgb-post-tax-term\">Balta<\/a>"],"unlinked":["<span class=\"advgb-post-tax-term\">Balta<\/span>"],"slug":"pa_color","name":"Product Color"},"pa_package":{"linked":["<a href=\"https:\/\/penosil.com\/lt\/?taxonomy=pa_package&#038;term=600-ml-2\" class=\"advgb-post-tax-term\">600 ml<\/a>"],"unlinked":["<span class=\"advgb-post-tax-term\">600 ml<\/span>"],"slug":"pa_package","name":"Product Package"},"pa_plotis":{"linked":[],"unlinked":[],"slug":"pa_plotis","name":"Product Plotis"},"pa_skersmuo":{"linked":[],"unlinked":[],"slug":"pa_skersmuo","name":"Product Skersmuo"},"translation_priority":{"linked":["<a href=\"https:\/\/penosil.com\/lt\/?taxonomy=translation_priority&#038;term=optional-lt\" class=\"advgb-post-tax-term\">Optional<\/a>"],"unlinked":["<span class=\"advgb-post-tax-term\">Optional<\/span>"],"slug":"translation_priority","name":"Translation Priorities"}},"series_order":"","_links":{"self":[{"href":"https:\/\/penosil.com\/lt\/wp-json\/wp\/v2\/product\/12455","targetHints":{"allow":["GET"]}}],"collection":[{"href":"https:\/\/penosil.com\/lt\/wp-json\/wp\/v2\/product"}],"about":[{"href":"https:\/\/penosil.com\/lt\/wp-json\/wp\/v2\/types\/product"}],"version-history":[{"count":5,"href":"https:\/\/penosil.com\/lt\/wp-json\/wp\/v2\/product\/12455\/revisions"}],"predecessor-version":[{"id":16104,"href":"https:\/\/penosil.com\/lt\/wp-json\/wp\/v2\/product\/12455\/revisions\/16104"}],"wp:featuredmedia":[{"embeddable":true,"href":"https:\/\/penosil.com\/lt\/wp-json\/wp\/v2\/media\/15910"}],"wp:attachment":[{"href":"https:\/\/penosil.com\/lt\/wp-json\/wp\/v2\/media?parent=12455"}],"wp:term":[{"taxonomy":"product_brand","embeddable":true,"href":"https:\/\/penosil.com\/lt\/wp-json\/wp\/v2\/product_brand?post=12455"},{"taxonomy":"product_cat","embeddable":true,"href":"https:\/\/penosil.com\/lt\/wp-json\/wp\/v2\/product_cat?post=12455"},{"taxonomy":"product_tag","embeddable":true,"href":"https:\/\/penosil.com\/lt\/wp-json\/wp\/v2\/product_tag?post=12455"}],"curies":[{"name":"wp","href":"https:\/\/api.w.org\/{rel}","templated":true}]}}