{"id":12462,"date":"2023-08-07T13:02:27","date_gmt":"2023-08-07T13:02:27","guid":{"rendered":"https:\/\/penosil.com\/lt\/?post_type=product&#038;p=12462"},"modified":"2026-01-16T01:21:39","modified_gmt":"2026-01-16T01:21:39","slug":"watersil-602-pavirsiu-impregnavimo-priemone","status":"publish","type":"product","link":"https:\/\/penosil.com\/lt\/produktai\/watersil-602-pavirsiu-impregnavimo-priemone\/","title":{"rendered":"WaterSil 602"},"content":{"rendered":"<p>Vanden\u012f atstumianti pavir\u0161i\u0173 impregnavimo priemon\u0117 akmeniniams ir cementiniams pavir\u0161iams. Sukuria ilgalaik\u0119 (nuo 5 iki 10 met\u0173) vandeniui atspari\u0105 apsaug\u0105 ant nat\u016bralaus akmens, plyt\u0173, betono, lengvojo betono ir tinkuot\u0173 pavir\u0161i\u0173. Leid\u017eia pavir\u0161iams kv\u0117puoti ir padidina j\u0173 \u0161ilumin\u0119 var\u017e\u0105.<\/p>\n","protected":false},"excerpt":{"rendered":"pavir\u0161i\u0173 impregnavimo priemon\u0117","protected":false},"author":5,"featured_media":15645,"template":"","meta":{"_acf_changed":false,"advgb_blocks_editor_width":"","advgb_blocks_columns_visual_guide":"","footnotes":""},"product_brand":[],"product_cat":[210,1085,1368,2382,1710],"product_tag":[],"class_list":{"0":"post-12462","1":"product","2":"type-product","3":"status-publish","4":"has-post-thumbnail","6":"product_cat-naudojimo-sritys","7":"product_cat-stogai-ir-fasadai","8":"product_cat-produktu-grupes","9":"product_cat-dangos-ir-membranos","10":"product_cat-pavirsiaus-padengimo-priemones","12":"first","13":"instock","14":"taxable","15":"shipping-taxable","16":"purchasable","17":"product-type-variable"},"acf":[],"yoast_head":"<!-- This site is optimized with the Yoast SEO plugin v27.2 - https:\/\/yoast.com\/product\/yoast-seo-wordpress\/ -->\n<title>PENOSIL WaterSil 602 pavir\u0161i\u0173 impregnavimo priemon\u0117<\/title>\n<meta name=\"description\" content=\"Vandeniui atspari pavir\u0161i\u0173 impregnavimo priemon\u0117 akmeniniams ir cementiniams pavir\u0161iams, tokiems kaip betonas, plytos ir kt. Su\u017einokite daugiau!\" \/>\n<meta name=\"robots\" content=\"index, follow, max-snippet:-1, max-image-preview:large, max-video-preview:-1\" \/>\n<link rel=\"canonical\" href=\"https:\/\/penosil.com\/lt\/produktai\/watersil-602-pavirsiu-impregnavimo-priemone\/\" \/>\n<meta property=\"og:locale\" content=\"lt_LT\" \/>\n<meta property=\"og:type\" content=\"article\" \/>\n<meta property=\"og:title\" content=\"PENOSIL WaterSil 602 pavir\u0161i\u0173 impregnavimo priemon\u0117\" \/>\n<meta property=\"og:description\" content=\"Vandeniui atspari pavir\u0161i\u0173 impregnavimo priemon\u0117 akmeniniams ir cementiniams pavir\u0161iams, tokiems kaip betonas, plytos ir kt. Su\u017einokite daugiau!\" \/>\n<meta property=\"og:url\" content=\"https:\/\/penosil.com\/lt\/produktai\/watersil-602-pavirsiu-impregnavimo-priemone\/\" \/>\n<meta property=\"og:site_name\" content=\"Penosil Lithuania\" \/>\n<meta property=\"article:modified_time\" content=\"2026-01-16T01:21:39+00:00\" \/>\n<meta property=\"og:image\" content=\"https:\/\/penosil.com\/lt\/wp-content\/uploads\/sites\/13\/2025\/07\/602_WaterSil_602_1L_LT_LV_RU_new.png\" \/>\n\t<meta property=\"og:image:width\" content=\"523\" \/>\n\t<meta property=\"og:image:height\" content=\"1080\" \/>\n\t<meta property=\"og:image:type\" content=\"image\/png\" \/>\n<meta name=\"twitter:card\" content=\"summary_large_image\" \/>\n<script type=\"application\/ld+json\" class=\"yoast-schema-graph\">{\"@context\":\"https:\/\/schema.org\",\"@graph\":[{\"@type\":\"WebPage\",\"@id\":\"https:\/\/penosil.com\/lt\/produktai\/watersil-602-pavirsiu-impregnavimo-priemone\/\",\"url\":\"https:\/\/penosil.com\/lt\/produktai\/watersil-602-pavirsiu-impregnavimo-priemone\/\",\"name\":\"PENOSIL WaterSil 602 pavir\u0161i\u0173 impregnavimo priemon\u0117\",\"isPartOf\":{\"@id\":\"https:\/\/penosil.com\/lt\/#website\"},\"primaryImageOfPage\":{\"@id\":\"https:\/\/penosil.com\/lt\/produktai\/watersil-602-pavirsiu-impregnavimo-priemone\/#primaryimage\"},\"image\":{\"@id\":\"https:\/\/penosil.com\/lt\/produktai\/watersil-602-pavirsiu-impregnavimo-priemone\/#primaryimage\"},\"thumbnailUrl\":\"https:\/\/penosil.com\/lt\/wp-content\/uploads\/sites\/13\/2025\/07\/602_WaterSil_602_1L_LT_LV_RU_new.png\",\"datePublished\":\"2023-08-07T13:02:27+00:00\",\"dateModified\":\"2026-01-16T01:21:39+00:00\",\"description\":\"Vandeniui atspari pavir\u0161i\u0173 impregnavimo priemon\u0117 akmeniniams ir cementiniams pavir\u0161iams, tokiems kaip betonas, plytos ir kt. Su\u017einokite daugiau!\",\"breadcrumb\":{\"@id\":\"https:\/\/penosil.com\/lt\/produktai\/watersil-602-pavirsiu-impregnavimo-priemone\/#breadcrumb\"},\"inLanguage\":\"lt-LT\",\"potentialAction\":[{\"@type\":\"ReadAction\",\"target\":[\"https:\/\/penosil.com\/lt\/produktai\/watersil-602-pavirsiu-impregnavimo-priemone\/\"]}]},{\"@type\":\"ImageObject\",\"inLanguage\":\"lt-LT\",\"@id\":\"https:\/\/penosil.com\/lt\/produktai\/watersil-602-pavirsiu-impregnavimo-priemone\/#primaryimage\",\"url\":\"https:\/\/penosil.com\/lt\/wp-content\/uploads\/sites\/13\/2025\/07\/602_WaterSil_602_1L_LT_LV_RU_new.png\",\"contentUrl\":\"https:\/\/penosil.com\/lt\/wp-content\/uploads\/sites\/13\/2025\/07\/602_WaterSil_602_1L_LT_LV_RU_new.png\",\"width\":523,\"height\":1080,\"caption\":\"PENOSIL WaterSil 602 pavir\u0161i\u0173 impregnavimo priemon\u0117 1 l\"},{\"@type\":\"BreadcrumbList\",\"@id\":\"https:\/\/penosil.com\/lt\/produktai\/watersil-602-pavirsiu-impregnavimo-priemone\/#breadcrumb\",\"itemListElement\":[{\"@type\":\"ListItem\",\"position\":1,\"name\":\"Home\",\"item\":\"https:\/\/penosil.com\/lt\/\"},{\"@type\":\"ListItem\",\"position\":2,\"name\":\"Produktai\",\"item\":\"https:\/\/penosil.com\/lt\/produktai\/\"},{\"@type\":\"ListItem\",\"position\":3,\"name\":\"WaterSil 602\"}]},{\"@type\":\"WebSite\",\"@id\":\"https:\/\/penosil.com\/lt\/#website\",\"url\":\"https:\/\/penosil.com\/lt\/\",\"name\":\"Penosil Lithuania\",\"description\":\"\",\"potentialAction\":[{\"@type\":\"SearchAction\",\"target\":{\"@type\":\"EntryPoint\",\"urlTemplate\":\"https:\/\/penosil.com\/lt\/?s={search_term_string}\"},\"query-input\":{\"@type\":\"PropertyValueSpecification\",\"valueRequired\":true,\"valueName\":\"search_term_string\"}}],\"inLanguage\":\"lt-LT\"}]}<\/script>\n<!-- \/ Yoast SEO plugin. -->","yoast_head_json":{"title":"PENOSIL WaterSil 602 pavir\u0161i\u0173 impregnavimo priemon\u0117","description":"Vandeniui atspari pavir\u0161i\u0173 impregnavimo priemon\u0117 akmeniniams ir cementiniams pavir\u0161iams, tokiems kaip betonas, plytos ir kt. Su\u017einokite daugiau!","robots":{"index":"index","follow":"follow","max-snippet":"max-snippet:-1","max-image-preview":"max-image-preview:large","max-video-preview":"max-video-preview:-1"},"canonical":"https:\/\/penosil.com\/lt\/produktai\/watersil-602-pavirsiu-impregnavimo-priemone\/","og_locale":"lt_LT","og_type":"article","og_title":"PENOSIL WaterSil 602 pavir\u0161i\u0173 impregnavimo priemon\u0117","og_description":"Vandeniui atspari pavir\u0161i\u0173 impregnavimo priemon\u0117 akmeniniams ir cementiniams pavir\u0161iams, tokiems kaip betonas, plytos ir kt. Su\u017einokite daugiau!","og_url":"https:\/\/penosil.com\/lt\/produktai\/watersil-602-pavirsiu-impregnavimo-priemone\/","og_site_name":"Penosil Lithuania","article_modified_time":"2026-01-16T01:21:39+00:00","og_image":[{"width":523,"height":1080,"url":"https:\/\/penosil.com\/lt\/wp-content\/uploads\/sites\/13\/2025\/07\/602_WaterSil_602_1L_LT_LV_RU_new.png","type":"image\/png"}],"twitter_card":"summary_large_image","schema":{"@context":"https:\/\/schema.org","@graph":[{"@type":"WebPage","@id":"https:\/\/penosil.com\/lt\/produktai\/watersil-602-pavirsiu-impregnavimo-priemone\/","url":"https:\/\/penosil.com\/lt\/produktai\/watersil-602-pavirsiu-impregnavimo-priemone\/","name":"PENOSIL WaterSil 602 pavir\u0161i\u0173 impregnavimo priemon\u0117","isPartOf":{"@id":"https:\/\/penosil.com\/lt\/#website"},"primaryImageOfPage":{"@id":"https:\/\/penosil.com\/lt\/produktai\/watersil-602-pavirsiu-impregnavimo-priemone\/#primaryimage"},"image":{"@id":"https:\/\/penosil.com\/lt\/produktai\/watersil-602-pavirsiu-impregnavimo-priemone\/#primaryimage"},"thumbnailUrl":"https:\/\/penosil.com\/lt\/wp-content\/uploads\/sites\/13\/2025\/07\/602_WaterSil_602_1L_LT_LV_RU_new.png","datePublished":"2023-08-07T13:02:27+00:00","dateModified":"2026-01-16T01:21:39+00:00","description":"Vandeniui atspari pavir\u0161i\u0173 impregnavimo priemon\u0117 akmeniniams ir cementiniams pavir\u0161iams, tokiems kaip betonas, plytos ir kt. Su\u017einokite daugiau!","breadcrumb":{"@id":"https:\/\/penosil.com\/lt\/produktai\/watersil-602-pavirsiu-impregnavimo-priemone\/#breadcrumb"},"inLanguage":"lt-LT","potentialAction":[{"@type":"ReadAction","target":["https:\/\/penosil.com\/lt\/produktai\/watersil-602-pavirsiu-impregnavimo-priemone\/"]}]},{"@type":"ImageObject","inLanguage":"lt-LT","@id":"https:\/\/penosil.com\/lt\/produktai\/watersil-602-pavirsiu-impregnavimo-priemone\/#primaryimage","url":"https:\/\/penosil.com\/lt\/wp-content\/uploads\/sites\/13\/2025\/07\/602_WaterSil_602_1L_LT_LV_RU_new.png","contentUrl":"https:\/\/penosil.com\/lt\/wp-content\/uploads\/sites\/13\/2025\/07\/602_WaterSil_602_1L_LT_LV_RU_new.png","width":523,"height":1080,"caption":"PENOSIL WaterSil 602 pavir\u0161i\u0173 impregnavimo priemon\u0117 1 l"},{"@type":"BreadcrumbList","@id":"https:\/\/penosil.com\/lt\/produktai\/watersil-602-pavirsiu-impregnavimo-priemone\/#breadcrumb","itemListElement":[{"@type":"ListItem","position":1,"name":"Home","item":"https:\/\/penosil.com\/lt\/"},{"@type":"ListItem","position":2,"name":"Produktai","item":"https:\/\/penosil.com\/lt\/produktai\/"},{"@type":"ListItem","position":3,"name":"WaterSil 602"}]},{"@type":"WebSite","@id":"https:\/\/penosil.com\/lt\/#website","url":"https:\/\/penosil.com\/lt\/","name":"Penosil Lithuania","description":"","potentialAction":[{"@type":"SearchAction","target":{"@type":"EntryPoint","urlTemplate":"https:\/\/penosil.com\/lt\/?s={search_term_string}"},"query-input":{"@type":"PropertyValueSpecification","valueRequired":true,"valueName":"search_term_string"}}],"inLanguage":"lt-LT"}]}},"featured_img":"https:\/\/penosil.com\/lt\/wp-content\/uploads\/sites\/13\/2025\/07\/602_WaterSil_602_1L_LT_LV_RU_new.png","coauthors":[],"author_meta":{"author_link":"https:\/\/penosil.com\/lt\/author\/asta\/","display_name":"Asta Salkauskiene"},"relative_dates":{"created":"Posted 3 metai ago","modified":"Updated 3 m\u0117nesiai ago"},"absolute_dates":{"created":"Posted on 2023 7 rugpj\u016b\u010dio","modified":"Updated on 2026 16 sausio"},"absolute_dates_time":{"created":"Posted on 2023 7 rugpj\u016b\u010dio 13:02","modified":"Updated on 2026 16 sausio 1:21"},"featured_img_caption":"","tax_additional":{"product_brand":{"linked":[],"unlinked":[],"slug":"product_brand","name":"Preki\u0173 \u017eenklai"},"product_type":{"linked":["<a href=\"https:\/\/penosil.com\/lt\/?taxonomy=product_type&#038;term=variable\" class=\"advgb-post-tax-term\">variable<\/a>"],"unlinked":["<span class=\"advgb-post-tax-term\">variable<\/span>"],"slug":"product_type","name":"Produkto tipas"},"product_visibility":{"linked":[],"unlinked":[],"slug":"product_visibility","name":"Produkto matomumas"},"product_cat":{"linked":["<a href=\"https:\/\/penosil.com\/lt\/produkto-kategorija\/naudojimo-sritys\/\" class=\"advgb-post-tax-term\">Naudojimo sritys<\/a>","<a href=\"https:\/\/penosil.com\/lt\/produkto-kategorija\/naudojimo-sritys\/stogai-ir-fasadai\/\" class=\"advgb-post-tax-term\">Stogai ir fasadai<\/a>","<a href=\"https:\/\/penosil.com\/lt\/produkto-kategorija\/produktu-grupes\/\" class=\"advgb-post-tax-term\">Produkt\u0173 grup\u0117s<\/a>","<a href=\"https:\/\/penosil.com\/lt\/produkto-kategorija\/produktu-grupes\/pavirsiaus-padengimo-priemones\/dangos-ir-membranos\/\" class=\"advgb-post-tax-term\">Dangos ir membranos<\/a>","<a href=\"https:\/\/penosil.com\/lt\/produkto-kategorija\/produktu-grupes\/pavirsiaus-padengimo-priemones\/\" class=\"advgb-post-tax-term\">Pavir\u0161iaus padengimo priemon\u0117s<\/a>"],"unlinked":["<span class=\"advgb-post-tax-term\">Naudojimo sritys<\/span>","<span class=\"advgb-post-tax-term\">Stogai ir fasadai<\/span>","<span class=\"advgb-post-tax-term\">Produkt\u0173 grup\u0117s<\/span>","<span class=\"advgb-post-tax-term\">Dangos ir membranos<\/span>","<span class=\"advgb-post-tax-term\">Pavir\u0161iaus padengimo priemon\u0117s<\/span>"],"slug":"product_cat","name":"Produkto kategorijos"},"product_tag":{"linked":[],"unlinked":[],"slug":"product_tag","name":"Produkto \u017eyma"},"product_shipping_class":{"linked":[],"unlinked":[],"slug":"product_shipping_class","name":"Produkto pristatymo klas\u0117s"},"pos_product_visibility":{"linked":[],"unlinked":[],"slug":"pos_product_visibility","name":"POS Product visibility"},"pa_color":{"linked":["<a href=\"https:\/\/penosil.com\/lt\/en\/?taxonomy=pa_color&#038;term=bespalve\" class=\"advgb-post-tax-term\">Bespalv\u0117<\/a>"],"unlinked":["<span class=\"advgb-post-tax-term\">Bespalv\u0117<\/span>"],"slug":"pa_color","name":"Product Color"},"pa_package":{"linked":["<a href=\"https:\/\/penosil.com\/lt\/?taxonomy=pa_package&#038;term=1-l\" class=\"advgb-post-tax-term\">1 l<\/a>","<a href=\"https:\/\/penosil.com\/lt\/?taxonomy=pa_package&#038;term=3-l\" class=\"advgb-post-tax-term\">3 l<\/a>","<a href=\"https:\/\/penosil.com\/lt\/?taxonomy=pa_package&#038;term=10-l\" class=\"advgb-post-tax-term\">10 l<\/a>"],"unlinked":["<span class=\"advgb-post-tax-term\">1 l<\/span>","<span class=\"advgb-post-tax-term\">3 l<\/span>","<span class=\"advgb-post-tax-term\">10 l<\/span>"],"slug":"pa_package","name":"Product Package"},"pa_plotis":{"linked":[],"unlinked":[],"slug":"pa_plotis","name":"Product Plotis"},"pa_skersmuo":{"linked":[],"unlinked":[],"slug":"pa_skersmuo","name":"Product Skersmuo"},"translation_priority":{"linked":["<a href=\"https:\/\/penosil.com\/lt\/?taxonomy=translation_priority&#038;term=optional-lt\" class=\"advgb-post-tax-term\">Optional<\/a>"],"unlinked":["<span class=\"advgb-post-tax-term\">Optional<\/span>"],"slug":"translation_priority","name":"Translation Priorities"}},"series_order":"","_links":{"self":[{"href":"https:\/\/penosil.com\/lt\/wp-json\/wp\/v2\/product\/12462","targetHints":{"allow":["GET"]}}],"collection":[{"href":"https:\/\/penosil.com\/lt\/wp-json\/wp\/v2\/product"}],"about":[{"href":"https:\/\/penosil.com\/lt\/wp-json\/wp\/v2\/types\/product"}],"version-history":[{"count":4,"href":"https:\/\/penosil.com\/lt\/wp-json\/wp\/v2\/product\/12462\/revisions"}],"predecessor-version":[{"id":15578,"href":"https:\/\/penosil.com\/lt\/wp-json\/wp\/v2\/product\/12462\/revisions\/15578"}],"wp:featuredmedia":[{"embeddable":true,"href":"https:\/\/penosil.com\/lt\/wp-json\/wp\/v2\/media\/15645"}],"wp:attachment":[{"href":"https:\/\/penosil.com\/lt\/wp-json\/wp\/v2\/media?parent=12462"}],"wp:term":[{"taxonomy":"product_brand","embeddable":true,"href":"https:\/\/penosil.com\/lt\/wp-json\/wp\/v2\/product_brand?post=12462"},{"taxonomy":"product_cat","embeddable":true,"href":"https:\/\/penosil.com\/lt\/wp-json\/wp\/v2\/product_cat?post=12462"},{"taxonomy":"product_tag","embeddable":true,"href":"https:\/\/penosil.com\/lt\/wp-json\/wp\/v2\/product_tag?post=12462"}],"curies":[{"name":"wp","href":"https:\/\/api.w.org\/{rel}","templated":true}]}}