{"id":12708,"date":"2023-10-19T12:24:05","date_gmt":"2023-10-19T12:24:05","guid":{"rendered":"https:\/\/penosil.com\/lt\/?post_type=product&#038;p=12708"},"modified":"2025-12-20T01:02:08","modified_gmt":"2025-12-20T01:02:08","slug":"pu-sealant-lm-825-poliuretaninis-hermetikas-fasado-siulems","status":"publish","type":"product","link":"https:\/\/penosil.com\/lt\/produktai\/pu-sealant-lm-825-poliuretaninis-hermetikas-fasado-siulems\/","title":{"rendered":"PU-Sealant LM 825"},"content":{"rendered":"<p>Elastingas poliuretaninis hermetikas skirtas betonin\u0117ms fasado si\u016bl\u0117ms. Hermetikas pasi\u017eymi dideliu paslankumu jungtyje, puikiomis apdirbimo ir i\u0161lyginimo savyb\u0117mis.<\/p>\n","protected":false},"excerpt":{"rendered":"poliuretaninis hermetikas fasado si\u016bl\u0117ms","protected":false},"author":5,"featured_media":15670,"template":"","meta":{"_acf_changed":false,"advgb_blocks_editor_width":"","advgb_blocks_columns_visual_guide":"","footnotes":""},"product_brand":[],"product_cat":[210,1608,1085,1368,2366],"product_tag":[],"class_list":{"0":"post-12708","1":"product","2":"type-product","3":"status-publish","4":"has-post-thumbnail","6":"product_cat-naudojimo-sritys","7":"product_cat-hermetikai-ir-mastikos","8":"product_cat-stogai-ir-fasadai","9":"product_cat-produktu-grupes","10":"product_cat-pu-hermetikai","12":"first","13":"instock","14":"taxable","15":"shipping-taxable","16":"purchasable","17":"product-type-variable"},"acf":[],"yoast_head":"<!-- This site is optimized with the Yoast SEO plugin v27.2 - https:\/\/yoast.com\/product\/yoast-seo-wordpress\/ -->\n<title>PENOSIL PU-Sealant LM 825 poliuretaninis hermetikas fasado si\u016bl\u0117ms<\/title>\n<meta name=\"description\" content=\"Elastingas poliuretaninis hermetikas skirtas betonin\u0117ms fasado si\u016bl\u0117ms. Didelis paslankumas jungtyje, puikiai sukimba su \u012fvairiais pavir\u0161iais. Daugiau!\" \/>\n<meta name=\"robots\" content=\"index, follow, max-snippet:-1, max-image-preview:large, max-video-preview:-1\" \/>\n<link rel=\"canonical\" href=\"https:\/\/penosil.com\/lt\/produktai\/pu-sealant-lm-825-poliuretaninis-hermetikas-fasado-siulems\/\" \/>\n<meta property=\"og:locale\" content=\"lt_LT\" \/>\n<meta property=\"og:type\" content=\"article\" \/>\n<meta property=\"og:title\" content=\"PENOSIL PU-Sealant LM 825 poliuretaninis hermetikas fasado si\u016bl\u0117ms\" \/>\n<meta property=\"og:description\" content=\"Elastingas poliuretaninis hermetikas skirtas betonin\u0117ms fasado si\u016bl\u0117ms. Didelis paslankumas jungtyje, puikiai sukimba su \u012fvairiais pavir\u0161iais. Daugiau!\" \/>\n<meta property=\"og:url\" content=\"https:\/\/penosil.com\/lt\/produktai\/pu-sealant-lm-825-poliuretaninis-hermetikas-fasado-siulems\/\" \/>\n<meta property=\"og:site_name\" content=\"Penosil Lithuania\" \/>\n<meta property=\"article:modified_time\" content=\"2025-12-20T01:02:08+00:00\" \/>\n<meta property=\"og:image\" content=\"https:\/\/penosil.com\/lt\/wp-content\/uploads\/sites\/13\/2025\/07\/825_PU_Sealant_LM_600ml_825_LT.png\" \/>\n\t<meta property=\"og:image:width\" content=\"387\" \/>\n\t<meta property=\"og:image:height\" content=\"1080\" \/>\n\t<meta property=\"og:image:type\" content=\"image\/png\" \/>\n<meta name=\"twitter:card\" content=\"summary_large_image\" \/>\n<script type=\"application\/ld+json\" class=\"yoast-schema-graph\">{\"@context\":\"https:\/\/schema.org\",\"@graph\":[{\"@type\":\"WebPage\",\"@id\":\"https:\/\/penosil.com\/lt\/produktai\/pu-sealant-lm-825-poliuretaninis-hermetikas-fasado-siulems\/\",\"url\":\"https:\/\/penosil.com\/lt\/produktai\/pu-sealant-lm-825-poliuretaninis-hermetikas-fasado-siulems\/\",\"name\":\"PENOSIL PU-Sealant LM 825 poliuretaninis hermetikas fasado si\u016bl\u0117ms\",\"isPartOf\":{\"@id\":\"https:\/\/penosil.com\/lt\/#website\"},\"primaryImageOfPage\":{\"@id\":\"https:\/\/penosil.com\/lt\/produktai\/pu-sealant-lm-825-poliuretaninis-hermetikas-fasado-siulems\/#primaryimage\"},\"image\":{\"@id\":\"https:\/\/penosil.com\/lt\/produktai\/pu-sealant-lm-825-poliuretaninis-hermetikas-fasado-siulems\/#primaryimage\"},\"thumbnailUrl\":\"https:\/\/penosil.com\/lt\/wp-content\/uploads\/sites\/13\/2025\/07\/825_PU_Sealant_LM_600ml_825_LT.png\",\"datePublished\":\"2023-10-19T12:24:05+00:00\",\"dateModified\":\"2025-12-20T01:02:08+00:00\",\"description\":\"Elastingas poliuretaninis hermetikas skirtas betonin\u0117ms fasado si\u016bl\u0117ms. Didelis paslankumas jungtyje, puikiai sukimba su \u012fvairiais pavir\u0161iais. Daugiau!\",\"breadcrumb\":{\"@id\":\"https:\/\/penosil.com\/lt\/produktai\/pu-sealant-lm-825-poliuretaninis-hermetikas-fasado-siulems\/#breadcrumb\"},\"inLanguage\":\"lt-LT\",\"potentialAction\":[{\"@type\":\"ReadAction\",\"target\":[\"https:\/\/penosil.com\/lt\/produktai\/pu-sealant-lm-825-poliuretaninis-hermetikas-fasado-siulems\/\"]}]},{\"@type\":\"ImageObject\",\"inLanguage\":\"lt-LT\",\"@id\":\"https:\/\/penosil.com\/lt\/produktai\/pu-sealant-lm-825-poliuretaninis-hermetikas-fasado-siulems\/#primaryimage\",\"url\":\"https:\/\/penosil.com\/lt\/wp-content\/uploads\/sites\/13\/2025\/07\/825_PU_Sealant_LM_600ml_825_LT.png\",\"contentUrl\":\"https:\/\/penosil.com\/lt\/wp-content\/uploads\/sites\/13\/2025\/07\/825_PU_Sealant_LM_600ml_825_LT.png\",\"width\":387,\"height\":1080,\"caption\":\"PENOSIL PU-Sealant LM 825 poliuretaninis hermetikas fasado si\u016bl\u0117ms 600 ml\"},{\"@type\":\"BreadcrumbList\",\"@id\":\"https:\/\/penosil.com\/lt\/produktai\/pu-sealant-lm-825-poliuretaninis-hermetikas-fasado-siulems\/#breadcrumb\",\"itemListElement\":[{\"@type\":\"ListItem\",\"position\":1,\"name\":\"Home\",\"item\":\"https:\/\/penosil.com\/lt\/\"},{\"@type\":\"ListItem\",\"position\":2,\"name\":\"Produktai\",\"item\":\"https:\/\/penosil.com\/lt\/produktai\/\"},{\"@type\":\"ListItem\",\"position\":3,\"name\":\"PU-Sealant LM 825\"}]},{\"@type\":\"WebSite\",\"@id\":\"https:\/\/penosil.com\/lt\/#website\",\"url\":\"https:\/\/penosil.com\/lt\/\",\"name\":\"Penosil Lithuania\",\"description\":\"\",\"potentialAction\":[{\"@type\":\"SearchAction\",\"target\":{\"@type\":\"EntryPoint\",\"urlTemplate\":\"https:\/\/penosil.com\/lt\/?s={search_term_string}\"},\"query-input\":{\"@type\":\"PropertyValueSpecification\",\"valueRequired\":true,\"valueName\":\"search_term_string\"}}],\"inLanguage\":\"lt-LT\"}]}<\/script>\n<!-- \/ Yoast SEO plugin. -->","yoast_head_json":{"title":"PENOSIL PU-Sealant LM 825 poliuretaninis hermetikas fasado si\u016bl\u0117ms","description":"Elastingas poliuretaninis hermetikas skirtas betonin\u0117ms fasado si\u016bl\u0117ms. Didelis paslankumas jungtyje, puikiai sukimba su \u012fvairiais pavir\u0161iais. Daugiau!","robots":{"index":"index","follow":"follow","max-snippet":"max-snippet:-1","max-image-preview":"max-image-preview:large","max-video-preview":"max-video-preview:-1"},"canonical":"https:\/\/penosil.com\/lt\/produktai\/pu-sealant-lm-825-poliuretaninis-hermetikas-fasado-siulems\/","og_locale":"lt_LT","og_type":"article","og_title":"PENOSIL PU-Sealant LM 825 poliuretaninis hermetikas fasado si\u016bl\u0117ms","og_description":"Elastingas poliuretaninis hermetikas skirtas betonin\u0117ms fasado si\u016bl\u0117ms. Didelis paslankumas jungtyje, puikiai sukimba su \u012fvairiais pavir\u0161iais. Daugiau!","og_url":"https:\/\/penosil.com\/lt\/produktai\/pu-sealant-lm-825-poliuretaninis-hermetikas-fasado-siulems\/","og_site_name":"Penosil Lithuania","article_modified_time":"2025-12-20T01:02:08+00:00","og_image":[{"width":387,"height":1080,"url":"https:\/\/penosil.com\/lt\/wp-content\/uploads\/sites\/13\/2025\/07\/825_PU_Sealant_LM_600ml_825_LT.png","type":"image\/png"}],"twitter_card":"summary_large_image","schema":{"@context":"https:\/\/schema.org","@graph":[{"@type":"WebPage","@id":"https:\/\/penosil.com\/lt\/produktai\/pu-sealant-lm-825-poliuretaninis-hermetikas-fasado-siulems\/","url":"https:\/\/penosil.com\/lt\/produktai\/pu-sealant-lm-825-poliuretaninis-hermetikas-fasado-siulems\/","name":"PENOSIL PU-Sealant LM 825 poliuretaninis hermetikas fasado si\u016bl\u0117ms","isPartOf":{"@id":"https:\/\/penosil.com\/lt\/#website"},"primaryImageOfPage":{"@id":"https:\/\/penosil.com\/lt\/produktai\/pu-sealant-lm-825-poliuretaninis-hermetikas-fasado-siulems\/#primaryimage"},"image":{"@id":"https:\/\/penosil.com\/lt\/produktai\/pu-sealant-lm-825-poliuretaninis-hermetikas-fasado-siulems\/#primaryimage"},"thumbnailUrl":"https:\/\/penosil.com\/lt\/wp-content\/uploads\/sites\/13\/2025\/07\/825_PU_Sealant_LM_600ml_825_LT.png","datePublished":"2023-10-19T12:24:05+00:00","dateModified":"2025-12-20T01:02:08+00:00","description":"Elastingas poliuretaninis hermetikas skirtas betonin\u0117ms fasado si\u016bl\u0117ms. Didelis paslankumas jungtyje, puikiai sukimba su \u012fvairiais pavir\u0161iais. Daugiau!","breadcrumb":{"@id":"https:\/\/penosil.com\/lt\/produktai\/pu-sealant-lm-825-poliuretaninis-hermetikas-fasado-siulems\/#breadcrumb"},"inLanguage":"lt-LT","potentialAction":[{"@type":"ReadAction","target":["https:\/\/penosil.com\/lt\/produktai\/pu-sealant-lm-825-poliuretaninis-hermetikas-fasado-siulems\/"]}]},{"@type":"ImageObject","inLanguage":"lt-LT","@id":"https:\/\/penosil.com\/lt\/produktai\/pu-sealant-lm-825-poliuretaninis-hermetikas-fasado-siulems\/#primaryimage","url":"https:\/\/penosil.com\/lt\/wp-content\/uploads\/sites\/13\/2025\/07\/825_PU_Sealant_LM_600ml_825_LT.png","contentUrl":"https:\/\/penosil.com\/lt\/wp-content\/uploads\/sites\/13\/2025\/07\/825_PU_Sealant_LM_600ml_825_LT.png","width":387,"height":1080,"caption":"PENOSIL PU-Sealant LM 825 poliuretaninis hermetikas fasado si\u016bl\u0117ms 600 ml"},{"@type":"BreadcrumbList","@id":"https:\/\/penosil.com\/lt\/produktai\/pu-sealant-lm-825-poliuretaninis-hermetikas-fasado-siulems\/#breadcrumb","itemListElement":[{"@type":"ListItem","position":1,"name":"Home","item":"https:\/\/penosil.com\/lt\/"},{"@type":"ListItem","position":2,"name":"Produktai","item":"https:\/\/penosil.com\/lt\/produktai\/"},{"@type":"ListItem","position":3,"name":"PU-Sealant LM 825"}]},{"@type":"WebSite","@id":"https:\/\/penosil.com\/lt\/#website","url":"https:\/\/penosil.com\/lt\/","name":"Penosil Lithuania","description":"","potentialAction":[{"@type":"SearchAction","target":{"@type":"EntryPoint","urlTemplate":"https:\/\/penosil.com\/lt\/?s={search_term_string}"},"query-input":{"@type":"PropertyValueSpecification","valueRequired":true,"valueName":"search_term_string"}}],"inLanguage":"lt-LT"}]}},"featured_img":"https:\/\/penosil.com\/lt\/wp-content\/uploads\/sites\/13\/2025\/07\/825_PU_Sealant_LM_600ml_825_LT.png","coauthors":[],"author_meta":{"author_link":"https:\/\/penosil.com\/lt\/author\/asta\/","display_name":"Asta Salkauskiene"},"relative_dates":{"created":"Posted 2 metai ago","modified":"Updated 4 m\u0117nesiai ago"},"absolute_dates":{"created":"Posted on 2023 19 spalio","modified":"Updated on 2025 20 gruod\u017eio"},"absolute_dates_time":{"created":"Posted on 2023 19 spalio 12:24","modified":"Updated on 2025 20 gruod\u017eio 1:02"},"featured_img_caption":"","tax_additional":{"product_brand":{"linked":[],"unlinked":[],"slug":"product_brand","name":"Preki\u0173 \u017eenklai"},"product_type":{"linked":["<a href=\"https:\/\/penosil.com\/lt\/?taxonomy=product_type&#038;term=variable\" class=\"advgb-post-tax-term\">variable<\/a>"],"unlinked":["<span class=\"advgb-post-tax-term\">variable<\/span>"],"slug":"product_type","name":"Produkto tipas"},"product_visibility":{"linked":[],"unlinked":[],"slug":"product_visibility","name":"Produkto matomumas"},"product_cat":{"linked":["<a href=\"https:\/\/penosil.com\/lt\/produkto-kategorija\/naudojimo-sritys\/\" class=\"advgb-post-tax-term\">Naudojimo sritys<\/a>","<a href=\"https:\/\/penosil.com\/lt\/produkto-kategorija\/produktu-grupes\/hermetikai-ir-mastikos\/\" class=\"advgb-post-tax-term\">Hermetikai ir mastikos<\/a>","<a href=\"https:\/\/penosil.com\/lt\/produkto-kategorija\/naudojimo-sritys\/stogai-ir-fasadai\/\" class=\"advgb-post-tax-term\">Stogai ir fasadai<\/a>","<a href=\"https:\/\/penosil.com\/lt\/produkto-kategorija\/produktu-grupes\/\" class=\"advgb-post-tax-term\">Produkt\u0173 grup\u0117s<\/a>","<a href=\"https:\/\/penosil.com\/lt\/produkto-kategorija\/produktu-grupes\/hermetikai-ir-mastikos\/pu-hermetikai\/\" class=\"advgb-post-tax-term\">PU hermetikai<\/a>"],"unlinked":["<span class=\"advgb-post-tax-term\">Naudojimo sritys<\/span>","<span class=\"advgb-post-tax-term\">Hermetikai ir mastikos<\/span>","<span class=\"advgb-post-tax-term\">Stogai ir fasadai<\/span>","<span class=\"advgb-post-tax-term\">Produkt\u0173 grup\u0117s<\/span>","<span class=\"advgb-post-tax-term\">PU hermetikai<\/span>"],"slug":"product_cat","name":"Produkto kategorijos"},"product_tag":{"linked":[],"unlinked":[],"slug":"product_tag","name":"Produkto \u017eyma"},"product_shipping_class":{"linked":[],"unlinked":[],"slug":"product_shipping_class","name":"Produkto pristatymo klas\u0117s"},"pos_product_visibility":{"linked":[],"unlinked":[],"slug":"pos_product_visibility","name":"POS Product visibility"},"pa_color":{"linked":["<a href=\"https:\/\/penosil.com\/lt\/?taxonomy=pa_color&#038;term=antracito\" class=\"advgb-post-tax-term\">Antracito<\/a>","<a href=\"https:\/\/penosil.com\/lt\/en\/?taxonomy=pa_color&#038;term=pilka\" class=\"advgb-post-tax-term\">Pilka<\/a>"],"unlinked":["<span class=\"advgb-post-tax-term\">Antracito<\/span>","<span class=\"advgb-post-tax-term\">Pilka<\/span>"],"slug":"pa_color","name":"Product Color"},"pa_package":{"linked":["<a href=\"https:\/\/penosil.com\/lt\/?taxonomy=pa_package&#038;term=600-ml-2\" class=\"advgb-post-tax-term\">600 ml<\/a>"],"unlinked":["<span class=\"advgb-post-tax-term\">600 ml<\/span>"],"slug":"pa_package","name":"Product Package"},"pa_plotis":{"linked":[],"unlinked":[],"slug":"pa_plotis","name":"Product Plotis"},"pa_skersmuo":{"linked":[],"unlinked":[],"slug":"pa_skersmuo","name":"Product Skersmuo"},"translation_priority":{"linked":["<a href=\"https:\/\/penosil.com\/lt\/?taxonomy=translation_priority&#038;term=optional-lt\" class=\"advgb-post-tax-term\">Optional<\/a>"],"unlinked":["<span class=\"advgb-post-tax-term\">Optional<\/span>"],"slug":"translation_priority","name":"Translation Priorities"}},"series_order":"","_links":{"self":[{"href":"https:\/\/penosil.com\/lt\/wp-json\/wp\/v2\/product\/12708","targetHints":{"allow":["GET"]}}],"collection":[{"href":"https:\/\/penosil.com\/lt\/wp-json\/wp\/v2\/product"}],"about":[{"href":"https:\/\/penosil.com\/lt\/wp-json\/wp\/v2\/types\/product"}],"version-history":[{"count":5,"href":"https:\/\/penosil.com\/lt\/wp-json\/wp\/v2\/product\/12708\/revisions"}],"predecessor-version":[{"id":15571,"href":"https:\/\/penosil.com\/lt\/wp-json\/wp\/v2\/product\/12708\/revisions\/15571"}],"wp:featuredmedia":[{"embeddable":true,"href":"https:\/\/penosil.com\/lt\/wp-json\/wp\/v2\/media\/15670"}],"wp:attachment":[{"href":"https:\/\/penosil.com\/lt\/wp-json\/wp\/v2\/media?parent=12708"}],"wp:term":[{"taxonomy":"product_brand","embeddable":true,"href":"https:\/\/penosil.com\/lt\/wp-json\/wp\/v2\/product_brand?post=12708"},{"taxonomy":"product_cat","embeddable":true,"href":"https:\/\/penosil.com\/lt\/wp-json\/wp\/v2\/product_cat?post=12708"},{"taxonomy":"product_tag","embeddable":true,"href":"https:\/\/penosil.com\/lt\/wp-json\/wp\/v2\/product_tag?post=12708"}],"curies":[{"name":"wp","href":"https:\/\/api.w.org\/{rel}","templated":true}]}}