{"id":12712,"date":"2023-10-20T06:32:53","date_gmt":"2023-10-20T06:32:53","guid":{"rendered":"https:\/\/penosil.com\/lt\/?post_type=product&#038;p=12712"},"modified":"2026-03-12T01:01:58","modified_gmt":"2026-03-12T01:01:58","slug":"waterstop-930-vandeniui-atsparus-hermetikas","status":"publish","type":"product","link":"https:\/\/penosil.com\/lt\/produktai\/waterstop-930-vandeniui-atsparus-hermetikas\/","title":{"rendered":"WaterStop 930"},"content":{"rendered":"<p>\u012evairi\u0173 paskir\u010di\u0173 vandeniui atsparus kau\u010diukinis hermetikas sustiprintas fibropluo\u0161tu. Hermetikas skirtas sandarinti ir taisyti skyles ir \u012ftr\u016bkimus net ir ant \u0161lapi\u0173 pavir\u0161i\u0173. Susting\u0119s hermetikas sudaro elasting\u0105 mas\u0119 ant daugelio por\u0117t\u0173 ir nepor\u0117t\u0173 pavir\u0161i\u0173.<\/p>\n","protected":false},"excerpt":{"rendered":"vandeniui atsparus hermetikas","protected":false},"author":5,"featured_media":15647,"template":"","meta":{"_acf_changed":false,"advgb_blocks_editor_width":"","advgb_blocks_columns_visual_guide":"","footnotes":""},"product_brand":[],"product_cat":[210,1608,2382,1085,1368,2365,1710],"product_tag":[],"class_list":{"0":"post-12712","1":"product","2":"type-product","3":"status-publish","4":"has-post-thumbnail","6":"product_cat-naudojimo-sritys","7":"product_cat-hermetikai-ir-mastikos","8":"product_cat-dangos-ir-membranos","9":"product_cat-stogai-ir-fasadai","10":"product_cat-produktu-grupes","11":"product_cat-kauciukiniai-hermetikai","12":"product_cat-pavirsiaus-padengimo-priemones","14":"first","15":"instock","16":"taxable","17":"shipping-taxable","18":"purchasable","19":"product-type-simple"},"acf":[],"yoast_head":"<!-- This site is optimized with the Yoast SEO plugin v27.2 - https:\/\/yoast.com\/product\/yoast-seo-wordpress\/ -->\n<title>PENOSIL WaterStop 930 vandeniui atsparus hermetikas<\/title>\n<meta name=\"description\" content=\"Vandeniui atsparus kau\u010diukinis hermetikas sustiprintas fibropluo\u0161tu. Hermetikas skirtas stog\u0173, lietvamzd\u017ei\u0173, val\u010di\u0173 remontui. Daugiau!\" \/>\n<meta name=\"robots\" content=\"index, follow, max-snippet:-1, max-image-preview:large, max-video-preview:-1\" \/>\n<link rel=\"canonical\" href=\"https:\/\/penosil.com\/lt\/produktai\/waterstop-930-vandeniui-atsparus-hermetikas\/\" \/>\n<meta property=\"og:locale\" content=\"lt_LT\" \/>\n<meta property=\"og:type\" content=\"article\" \/>\n<meta property=\"og:title\" content=\"PENOSIL WaterStop 930 vandeniui atsparus hermetikas\" \/>\n<meta property=\"og:description\" content=\"Vandeniui atsparus kau\u010diukinis hermetikas sustiprintas fibropluo\u0161tu. Hermetikas skirtas stog\u0173, lietvamzd\u017ei\u0173, val\u010di\u0173 remontui. Daugiau!\" \/>\n<meta property=\"og:url\" content=\"https:\/\/penosil.com\/lt\/produktai\/waterstop-930-vandeniui-atsparus-hermetikas\/\" \/>\n<meta property=\"og:site_name\" content=\"Penosil Lithuania\" \/>\n<meta property=\"article:modified_time\" content=\"2026-03-12T01:01:58+00:00\" \/>\n<meta property=\"og:image\" content=\"https:\/\/penosil.com\/lt\/wp-content\/uploads\/sites\/13\/2025\/07\/930_WaterStop_930_LT_LV_RU.png\" \/>\n\t<meta property=\"og:image:width\" content=\"497\" \/>\n\t<meta property=\"og:image:height\" content=\"648\" \/>\n\t<meta property=\"og:image:type\" content=\"image\/png\" \/>\n<meta name=\"twitter:card\" content=\"summary_large_image\" \/>\n<script type=\"application\/ld+json\" class=\"yoast-schema-graph\">{\"@context\":\"https:\/\/schema.org\",\"@graph\":[{\"@type\":\"WebPage\",\"@id\":\"https:\/\/penosil.com\/lt\/produktai\/waterstop-930-vandeniui-atsparus-hermetikas\/\",\"url\":\"https:\/\/penosil.com\/lt\/produktai\/waterstop-930-vandeniui-atsparus-hermetikas\/\",\"name\":\"PENOSIL WaterStop 930 vandeniui atsparus hermetikas\",\"isPartOf\":{\"@id\":\"https:\/\/penosil.com\/lt\/#website\"},\"primaryImageOfPage\":{\"@id\":\"https:\/\/penosil.com\/lt\/produktai\/waterstop-930-vandeniui-atsparus-hermetikas\/#primaryimage\"},\"image\":{\"@id\":\"https:\/\/penosil.com\/lt\/produktai\/waterstop-930-vandeniui-atsparus-hermetikas\/#primaryimage\"},\"thumbnailUrl\":\"https:\/\/penosil.com\/lt\/wp-content\/uploads\/sites\/13\/2025\/07\/930_WaterStop_930_LT_LV_RU.png\",\"datePublished\":\"2023-10-20T06:32:53+00:00\",\"dateModified\":\"2026-03-12T01:01:58+00:00\",\"description\":\"Vandeniui atsparus kau\u010diukinis hermetikas sustiprintas fibropluo\u0161tu. Hermetikas skirtas stog\u0173, lietvamzd\u017ei\u0173, val\u010di\u0173 remontui. Daugiau!\",\"breadcrumb\":{\"@id\":\"https:\/\/penosil.com\/lt\/produktai\/waterstop-930-vandeniui-atsparus-hermetikas\/#breadcrumb\"},\"inLanguage\":\"lt-LT\",\"potentialAction\":[{\"@type\":\"ReadAction\",\"target\":[\"https:\/\/penosil.com\/lt\/produktai\/waterstop-930-vandeniui-atsparus-hermetikas\/\"]}]},{\"@type\":\"ImageObject\",\"inLanguage\":\"lt-LT\",\"@id\":\"https:\/\/penosil.com\/lt\/produktai\/waterstop-930-vandeniui-atsparus-hermetikas\/#primaryimage\",\"url\":\"https:\/\/penosil.com\/lt\/wp-content\/uploads\/sites\/13\/2025\/07\/930_WaterStop_930_LT_LV_RU.png\",\"contentUrl\":\"https:\/\/penosil.com\/lt\/wp-content\/uploads\/sites\/13\/2025\/07\/930_WaterStop_930_LT_LV_RU.png\",\"width\":497,\"height\":648,\"caption\":\"PENOSIL WaterStop 930 vandeniui atsparus hermetikas\"},{\"@type\":\"BreadcrumbList\",\"@id\":\"https:\/\/penosil.com\/lt\/produktai\/waterstop-930-vandeniui-atsparus-hermetikas\/#breadcrumb\",\"itemListElement\":[{\"@type\":\"ListItem\",\"position\":1,\"name\":\"Home\",\"item\":\"https:\/\/penosil.com\/lt\/\"},{\"@type\":\"ListItem\",\"position\":2,\"name\":\"Produktai\",\"item\":\"https:\/\/penosil.com\/lt\/produktai\/\"},{\"@type\":\"ListItem\",\"position\":3,\"name\":\"WaterStop 930\"}]},{\"@type\":\"WebSite\",\"@id\":\"https:\/\/penosil.com\/lt\/#website\",\"url\":\"https:\/\/penosil.com\/lt\/\",\"name\":\"Penosil Lithuania\",\"description\":\"\",\"potentialAction\":[{\"@type\":\"SearchAction\",\"target\":{\"@type\":\"EntryPoint\",\"urlTemplate\":\"https:\/\/penosil.com\/lt\/?s={search_term_string}\"},\"query-input\":{\"@type\":\"PropertyValueSpecification\",\"valueRequired\":true,\"valueName\":\"search_term_string\"}}],\"inLanguage\":\"lt-LT\"}]}<\/script>\n<!-- \/ Yoast SEO plugin. -->","yoast_head_json":{"title":"PENOSIL WaterStop 930 vandeniui atsparus hermetikas","description":"Vandeniui atsparus kau\u010diukinis hermetikas sustiprintas fibropluo\u0161tu. Hermetikas skirtas stog\u0173, lietvamzd\u017ei\u0173, val\u010di\u0173 remontui. Daugiau!","robots":{"index":"index","follow":"follow","max-snippet":"max-snippet:-1","max-image-preview":"max-image-preview:large","max-video-preview":"max-video-preview:-1"},"canonical":"https:\/\/penosil.com\/lt\/produktai\/waterstop-930-vandeniui-atsparus-hermetikas\/","og_locale":"lt_LT","og_type":"article","og_title":"PENOSIL WaterStop 930 vandeniui atsparus hermetikas","og_description":"Vandeniui atsparus kau\u010diukinis hermetikas sustiprintas fibropluo\u0161tu. Hermetikas skirtas stog\u0173, lietvamzd\u017ei\u0173, val\u010di\u0173 remontui. Daugiau!","og_url":"https:\/\/penosil.com\/lt\/produktai\/waterstop-930-vandeniui-atsparus-hermetikas\/","og_site_name":"Penosil Lithuania","article_modified_time":"2026-03-12T01:01:58+00:00","og_image":[{"width":497,"height":648,"url":"https:\/\/penosil.com\/lt\/wp-content\/uploads\/sites\/13\/2025\/07\/930_WaterStop_930_LT_LV_RU.png","type":"image\/png"}],"twitter_card":"summary_large_image","schema":{"@context":"https:\/\/schema.org","@graph":[{"@type":"WebPage","@id":"https:\/\/penosil.com\/lt\/produktai\/waterstop-930-vandeniui-atsparus-hermetikas\/","url":"https:\/\/penosil.com\/lt\/produktai\/waterstop-930-vandeniui-atsparus-hermetikas\/","name":"PENOSIL WaterStop 930 vandeniui atsparus hermetikas","isPartOf":{"@id":"https:\/\/penosil.com\/lt\/#website"},"primaryImageOfPage":{"@id":"https:\/\/penosil.com\/lt\/produktai\/waterstop-930-vandeniui-atsparus-hermetikas\/#primaryimage"},"image":{"@id":"https:\/\/penosil.com\/lt\/produktai\/waterstop-930-vandeniui-atsparus-hermetikas\/#primaryimage"},"thumbnailUrl":"https:\/\/penosil.com\/lt\/wp-content\/uploads\/sites\/13\/2025\/07\/930_WaterStop_930_LT_LV_RU.png","datePublished":"2023-10-20T06:32:53+00:00","dateModified":"2026-03-12T01:01:58+00:00","description":"Vandeniui atsparus kau\u010diukinis hermetikas sustiprintas fibropluo\u0161tu. Hermetikas skirtas stog\u0173, lietvamzd\u017ei\u0173, val\u010di\u0173 remontui. Daugiau!","breadcrumb":{"@id":"https:\/\/penosil.com\/lt\/produktai\/waterstop-930-vandeniui-atsparus-hermetikas\/#breadcrumb"},"inLanguage":"lt-LT","potentialAction":[{"@type":"ReadAction","target":["https:\/\/penosil.com\/lt\/produktai\/waterstop-930-vandeniui-atsparus-hermetikas\/"]}]},{"@type":"ImageObject","inLanguage":"lt-LT","@id":"https:\/\/penosil.com\/lt\/produktai\/waterstop-930-vandeniui-atsparus-hermetikas\/#primaryimage","url":"https:\/\/penosil.com\/lt\/wp-content\/uploads\/sites\/13\/2025\/07\/930_WaterStop_930_LT_LV_RU.png","contentUrl":"https:\/\/penosil.com\/lt\/wp-content\/uploads\/sites\/13\/2025\/07\/930_WaterStop_930_LT_LV_RU.png","width":497,"height":648,"caption":"PENOSIL WaterStop 930 vandeniui atsparus hermetikas"},{"@type":"BreadcrumbList","@id":"https:\/\/penosil.com\/lt\/produktai\/waterstop-930-vandeniui-atsparus-hermetikas\/#breadcrumb","itemListElement":[{"@type":"ListItem","position":1,"name":"Home","item":"https:\/\/penosil.com\/lt\/"},{"@type":"ListItem","position":2,"name":"Produktai","item":"https:\/\/penosil.com\/lt\/produktai\/"},{"@type":"ListItem","position":3,"name":"WaterStop 930"}]},{"@type":"WebSite","@id":"https:\/\/penosil.com\/lt\/#website","url":"https:\/\/penosil.com\/lt\/","name":"Penosil Lithuania","description":"","potentialAction":[{"@type":"SearchAction","target":{"@type":"EntryPoint","urlTemplate":"https:\/\/penosil.com\/lt\/?s={search_term_string}"},"query-input":{"@type":"PropertyValueSpecification","valueRequired":true,"valueName":"search_term_string"}}],"inLanguage":"lt-LT"}]}},"featured_img":"https:\/\/penosil.com\/lt\/wp-content\/uploads\/sites\/13\/2025\/07\/930_WaterStop_930_LT_LV_RU.png","coauthors":[],"author_meta":{"author_link":"https:\/\/penosil.com\/lt\/author\/asta\/","display_name":"Asta Salkauskiene"},"relative_dates":{"created":"Posted 2 metai ago","modified":"Updated 1 m\u0117nuo ago"},"absolute_dates":{"created":"Posted on 2023 20 spalio","modified":"Updated on 2026 12 kovo"},"absolute_dates_time":{"created":"Posted on 2023 20 spalio 6:32","modified":"Updated on 2026 12 kovo 1:01"},"featured_img_caption":"","tax_additional":{"product_brand":{"linked":[],"unlinked":[],"slug":"product_brand","name":"Preki\u0173 \u017eenklai"},"product_type":{"linked":["<a href=\"https:\/\/penosil.com\/lt\/?taxonomy=product_type&#038;term=simple\" class=\"advgb-post-tax-term\">simple<\/a>"],"unlinked":["<span class=\"advgb-post-tax-term\">simple<\/span>"],"slug":"product_type","name":"Produkto tipas"},"product_visibility":{"linked":[],"unlinked":[],"slug":"product_visibility","name":"Produkto matomumas"},"product_cat":{"linked":["<a href=\"https:\/\/penosil.com\/lt\/produkto-kategorija\/naudojimo-sritys\/\" class=\"advgb-post-tax-term\">Naudojimo sritys<\/a>","<a href=\"https:\/\/penosil.com\/lt\/produkto-kategorija\/produktu-grupes\/hermetikai-ir-mastikos\/\" class=\"advgb-post-tax-term\">Hermetikai ir mastikos<\/a>","<a href=\"https:\/\/penosil.com\/lt\/produkto-kategorija\/produktu-grupes\/pavirsiaus-padengimo-priemones\/dangos-ir-membranos\/\" class=\"advgb-post-tax-term\">Dangos ir membranos<\/a>","<a href=\"https:\/\/penosil.com\/lt\/produkto-kategorija\/naudojimo-sritys\/stogai-ir-fasadai\/\" class=\"advgb-post-tax-term\">Stogai ir fasadai<\/a>","<a href=\"https:\/\/penosil.com\/lt\/produkto-kategorija\/produktu-grupes\/\" class=\"advgb-post-tax-term\">Produkt\u0173 grup\u0117s<\/a>","<a href=\"https:\/\/penosil.com\/lt\/produkto-kategorija\/produktu-grupes\/hermetikai-ir-mastikos\/kauciukiniai-hermetikai\/\" class=\"advgb-post-tax-term\">Kau\u010diukiniai hermetikai<\/a>","<a href=\"https:\/\/penosil.com\/lt\/produkto-kategorija\/produktu-grupes\/pavirsiaus-padengimo-priemones\/\" class=\"advgb-post-tax-term\">Pavir\u0161iaus padengimo priemon\u0117s<\/a>"],"unlinked":["<span class=\"advgb-post-tax-term\">Naudojimo sritys<\/span>","<span class=\"advgb-post-tax-term\">Hermetikai ir mastikos<\/span>","<span class=\"advgb-post-tax-term\">Dangos ir membranos<\/span>","<span class=\"advgb-post-tax-term\">Stogai ir fasadai<\/span>","<span class=\"advgb-post-tax-term\">Produkt\u0173 grup\u0117s<\/span>","<span class=\"advgb-post-tax-term\">Kau\u010diukiniai hermetikai<\/span>","<span class=\"advgb-post-tax-term\">Pavir\u0161iaus padengimo priemon\u0117s<\/span>"],"slug":"product_cat","name":"Produkto kategorijos"},"product_tag":{"linked":[],"unlinked":[],"slug":"product_tag","name":"Produkto \u017eyma"},"product_shipping_class":{"linked":[],"unlinked":[],"slug":"product_shipping_class","name":"Produkto pristatymo klas\u0117s"},"pos_product_visibility":{"linked":[],"unlinked":[],"slug":"pos_product_visibility","name":"POS Product visibility"},"pa_color":{"linked":["<a href=\"https:\/\/penosil.com\/lt\/en\/?taxonomy=pa_color&#038;term=pilka\" class=\"advgb-post-tax-term\">Pilka<\/a>"],"unlinked":["<span class=\"advgb-post-tax-term\">Pilka<\/span>"],"slug":"pa_color","name":"Product Color"},"pa_package":{"linked":["<a href=\"https:\/\/penosil.com\/lt\/?taxonomy=pa_package&#038;term=1-l\" class=\"advgb-post-tax-term\">1 l<\/a>"],"unlinked":["<span class=\"advgb-post-tax-term\">1 l<\/span>"],"slug":"pa_package","name":"Product Package"},"pa_plotis":{"linked":[],"unlinked":[],"slug":"pa_plotis","name":"Product Plotis"},"pa_skersmuo":{"linked":[],"unlinked":[],"slug":"pa_skersmuo","name":"Product Skersmuo"},"translation_priority":{"linked":["<a href=\"https:\/\/penosil.com\/lt\/?taxonomy=translation_priority&#038;term=optional-lt\" class=\"advgb-post-tax-term\">Optional<\/a>"],"unlinked":["<span class=\"advgb-post-tax-term\">Optional<\/span>"],"slug":"translation_priority","name":"Translation Priorities"}},"series_order":"","_links":{"self":[{"href":"https:\/\/penosil.com\/lt\/wp-json\/wp\/v2\/product\/12712","targetHints":{"allow":["GET"]}}],"collection":[{"href":"https:\/\/penosil.com\/lt\/wp-json\/wp\/v2\/product"}],"about":[{"href":"https:\/\/penosil.com\/lt\/wp-json\/wp\/v2\/types\/product"}],"version-history":[{"count":7,"href":"https:\/\/penosil.com\/lt\/wp-json\/wp\/v2\/product\/12712\/revisions"}],"predecessor-version":[{"id":16291,"href":"https:\/\/penosil.com\/lt\/wp-json\/wp\/v2\/product\/12712\/revisions\/16291"}],"wp:featuredmedia":[{"embeddable":true,"href":"https:\/\/penosil.com\/lt\/wp-json\/wp\/v2\/media\/15647"}],"wp:attachment":[{"href":"https:\/\/penosil.com\/lt\/wp-json\/wp\/v2\/media?parent=12712"}],"wp:term":[{"taxonomy":"product_brand","embeddable":true,"href":"https:\/\/penosil.com\/lt\/wp-json\/wp\/v2\/product_brand?post=12712"},{"taxonomy":"product_cat","embeddable":true,"href":"https:\/\/penosil.com\/lt\/wp-json\/wp\/v2\/product_cat?post=12712"},{"taxonomy":"product_tag","embeddable":true,"href":"https:\/\/penosil.com\/lt\/wp-json\/wp\/v2\/product_tag?post=12712"}],"curies":[{"name":"wp","href":"https:\/\/api.w.org\/{rel}","templated":true}]}}