{"id":12784,"date":"2023-12-05T14:44:12","date_gmt":"2023-12-05T14:44:12","guid":{"rendered":"https:\/\/penosil.com\/lt\/?post_type=product&#038;p=12784"},"modified":"2026-01-30T01:22:53","modified_gmt":"2026-01-30T01:22:53","slug":"floorwall-parquetfix-easy-748-hibridiniai-klijai-parketui","status":"publish","type":"product","link":"https:\/\/penosil.com\/lt\/produktai\/floorwall-parquetfix-easy-748-hibridiniai-klijai-parketui\/","title":{"rendered":"Floor&amp;Wall ParquetFix Easy 748"},"content":{"rendered":"<p>Paruo\u0161ti naudoti hibridiniai klijai vis\u0173 tip\u0173 parketui ir medin\u0117ms grindims klijuoti. Suma\u017eina triuk\u0161m\u0105 vaik\u0161tant ir kompensuoja medienos pl\u0117tim\u0105si ir susitraukim\u0105. Saug\u016bs naudoti, nes juose n\u0117ra silikono, izocianato, tirpikli\u0173 ir bekvapiai.<\/p>\n","protected":false},"excerpt":{"rendered":"hibridiniai klijai parketui","protected":false},"author":5,"featured_media":16029,"template":"","meta":{"_acf_changed":false,"advgb_blocks_editor_width":"","advgb_blocks_columns_visual_guide":"","footnotes":""},"product_brand":[],"product_cat":[210,2373,1368,221,219],"product_tag":[],"class_list":{"0":"post-12784","1":"product","2":"type-product","3":"status-publish","4":"has-post-thumbnail","6":"product_cat-naudojimo-sritys","7":"product_cat-hibridiniai-klijai","8":"product_cat-produktu-grupes","9":"product_cat-klijai","10":"product_cat-klijavimas","12":"first","13":"instock","14":"taxable","15":"shipping-taxable","16":"purchasable","17":"product-type-simple"},"acf":[],"yoast_head":"<!-- This site is optimized with the Yoast SEO plugin v27.2 - https:\/\/yoast.com\/product\/yoast-seo-wordpress\/ -->\n<title>PENOSIL Floor&amp;Wall ParquetFix Easy 748 hibridiniai klijai parketui<\/title>\n<meta name=\"description\" content=\"Paruo\u0161ti naudoti hibridiniai klijai vis\u0173 tip\u0173 parketui ir medin\u0117ms grindims klijuoti. Suma\u017eina triuk\u0161m\u0105 vaik\u0161tant. Tinka \u0161ildomoms grindims. Daugiau!\" \/>\n<meta name=\"robots\" content=\"index, follow, max-snippet:-1, max-image-preview:large, max-video-preview:-1\" \/>\n<link rel=\"canonical\" href=\"https:\/\/penosil.com\/lt\/produktai\/floorwall-parquetfix-easy-748-hibridiniai-klijai-parketui\/\" \/>\n<meta property=\"og:locale\" content=\"lt_LT\" \/>\n<meta property=\"og:type\" content=\"article\" \/>\n<meta property=\"og:title\" content=\"PENOSIL Floor&amp;Wall ParquetFix Easy 748 hibridiniai klijai parketui\" \/>\n<meta property=\"og:description\" content=\"Paruo\u0161ti naudoti hibridiniai klijai vis\u0173 tip\u0173 parketui ir medin\u0117ms grindims klijuoti. Suma\u017eina triuk\u0161m\u0105 vaik\u0161tant. Tinka \u0161ildomoms grindims. Daugiau!\" \/>\n<meta property=\"og:url\" content=\"https:\/\/penosil.com\/lt\/produktai\/floorwall-parquetfix-easy-748-hibridiniai-klijai-parketui\/\" \/>\n<meta property=\"og:site_name\" content=\"Penosil Lithuania\" \/>\n<meta property=\"article:modified_time\" content=\"2026-01-30T01:22:53+00:00\" \/>\n<meta property=\"og:image\" content=\"https:\/\/penosil.com\/lt\/wp-content\/uploads\/sites\/13\/2025\/08\/748_Floor_and_Wall_ParquetFix_Easy_748_16kg_LT_LV_RU.png\" \/>\n\t<meta property=\"og:image:width\" content=\"831\" \/>\n\t<meta property=\"og:image:height\" content=\"648\" \/>\n\t<meta property=\"og:image:type\" content=\"image\/png\" \/>\n<meta name=\"twitter:card\" content=\"summary_large_image\" \/>\n<script type=\"application\/ld+json\" class=\"yoast-schema-graph\">{\"@context\":\"https:\/\/schema.org\",\"@graph\":[{\"@type\":\"WebPage\",\"@id\":\"https:\/\/penosil.com\/lt\/produktai\/floorwall-parquetfix-easy-748-hibridiniai-klijai-parketui\/\",\"url\":\"https:\/\/penosil.com\/lt\/produktai\/floorwall-parquetfix-easy-748-hibridiniai-klijai-parketui\/\",\"name\":\"PENOSIL Floor&Wall ParquetFix Easy 748 hibridiniai klijai parketui\",\"isPartOf\":{\"@id\":\"https:\/\/penosil.com\/lt\/#website\"},\"primaryImageOfPage\":{\"@id\":\"https:\/\/penosil.com\/lt\/produktai\/floorwall-parquetfix-easy-748-hibridiniai-klijai-parketui\/#primaryimage\"},\"image\":{\"@id\":\"https:\/\/penosil.com\/lt\/produktai\/floorwall-parquetfix-easy-748-hibridiniai-klijai-parketui\/#primaryimage\"},\"thumbnailUrl\":\"https:\/\/penosil.com\/lt\/wp-content\/uploads\/sites\/13\/2025\/08\/748_Floor_and_Wall_ParquetFix_Easy_748_16kg_LT_LV_RU.png\",\"datePublished\":\"2023-12-05T14:44:12+00:00\",\"dateModified\":\"2026-01-30T01:22:53+00:00\",\"description\":\"Paruo\u0161ti naudoti hibridiniai klijai vis\u0173 tip\u0173 parketui ir medin\u0117ms grindims klijuoti. Suma\u017eina triuk\u0161m\u0105 vaik\u0161tant. Tinka \u0161ildomoms grindims. Daugiau!\",\"breadcrumb\":{\"@id\":\"https:\/\/penosil.com\/lt\/produktai\/floorwall-parquetfix-easy-748-hibridiniai-klijai-parketui\/#breadcrumb\"},\"inLanguage\":\"lt-LT\",\"potentialAction\":[{\"@type\":\"ReadAction\",\"target\":[\"https:\/\/penosil.com\/lt\/produktai\/floorwall-parquetfix-easy-748-hibridiniai-klijai-parketui\/\"]}]},{\"@type\":\"ImageObject\",\"inLanguage\":\"lt-LT\",\"@id\":\"https:\/\/penosil.com\/lt\/produktai\/floorwall-parquetfix-easy-748-hibridiniai-klijai-parketui\/#primaryimage\",\"url\":\"https:\/\/penosil.com\/lt\/wp-content\/uploads\/sites\/13\/2025\/08\/748_Floor_and_Wall_ParquetFix_Easy_748_16kg_LT_LV_RU.png\",\"contentUrl\":\"https:\/\/penosil.com\/lt\/wp-content\/uploads\/sites\/13\/2025\/08\/748_Floor_and_Wall_ParquetFix_Easy_748_16kg_LT_LV_RU.png\",\"width\":831,\"height\":648,\"caption\":\"PENOSIL Floor&Wall ParquetFix Easy 748 hibridiniai klijai parketui\"},{\"@type\":\"BreadcrumbList\",\"@id\":\"https:\/\/penosil.com\/lt\/produktai\/floorwall-parquetfix-easy-748-hibridiniai-klijai-parketui\/#breadcrumb\",\"itemListElement\":[{\"@type\":\"ListItem\",\"position\":1,\"name\":\"Home\",\"item\":\"https:\/\/penosil.com\/lt\/\"},{\"@type\":\"ListItem\",\"position\":2,\"name\":\"Produktai\",\"item\":\"https:\/\/penosil.com\/lt\/produktai\/\"},{\"@type\":\"ListItem\",\"position\":3,\"name\":\"Floor&amp;Wall ParquetFix Easy 748\"}]},{\"@type\":\"WebSite\",\"@id\":\"https:\/\/penosil.com\/lt\/#website\",\"url\":\"https:\/\/penosil.com\/lt\/\",\"name\":\"Penosil Lithuania\",\"description\":\"\",\"potentialAction\":[{\"@type\":\"SearchAction\",\"target\":{\"@type\":\"EntryPoint\",\"urlTemplate\":\"https:\/\/penosil.com\/lt\/?s={search_term_string}\"},\"query-input\":{\"@type\":\"PropertyValueSpecification\",\"valueRequired\":true,\"valueName\":\"search_term_string\"}}],\"inLanguage\":\"lt-LT\"}]}<\/script>\n<!-- \/ Yoast SEO plugin. -->","yoast_head_json":{"title":"PENOSIL Floor&Wall ParquetFix Easy 748 hibridiniai klijai parketui","description":"Paruo\u0161ti naudoti hibridiniai klijai vis\u0173 tip\u0173 parketui ir medin\u0117ms grindims klijuoti. Suma\u017eina triuk\u0161m\u0105 vaik\u0161tant. Tinka \u0161ildomoms grindims. Daugiau!","robots":{"index":"index","follow":"follow","max-snippet":"max-snippet:-1","max-image-preview":"max-image-preview:large","max-video-preview":"max-video-preview:-1"},"canonical":"https:\/\/penosil.com\/lt\/produktai\/floorwall-parquetfix-easy-748-hibridiniai-klijai-parketui\/","og_locale":"lt_LT","og_type":"article","og_title":"PENOSIL Floor&Wall ParquetFix Easy 748 hibridiniai klijai parketui","og_description":"Paruo\u0161ti naudoti hibridiniai klijai vis\u0173 tip\u0173 parketui ir medin\u0117ms grindims klijuoti. Suma\u017eina triuk\u0161m\u0105 vaik\u0161tant. Tinka \u0161ildomoms grindims. Daugiau!","og_url":"https:\/\/penosil.com\/lt\/produktai\/floorwall-parquetfix-easy-748-hibridiniai-klijai-parketui\/","og_site_name":"Penosil Lithuania","article_modified_time":"2026-01-30T01:22:53+00:00","og_image":[{"width":831,"height":648,"url":"https:\/\/penosil.com\/lt\/wp-content\/uploads\/sites\/13\/2025\/08\/748_Floor_and_Wall_ParquetFix_Easy_748_16kg_LT_LV_RU.png","type":"image\/png"}],"twitter_card":"summary_large_image","schema":{"@context":"https:\/\/schema.org","@graph":[{"@type":"WebPage","@id":"https:\/\/penosil.com\/lt\/produktai\/floorwall-parquetfix-easy-748-hibridiniai-klijai-parketui\/","url":"https:\/\/penosil.com\/lt\/produktai\/floorwall-parquetfix-easy-748-hibridiniai-klijai-parketui\/","name":"PENOSIL Floor&Wall ParquetFix Easy 748 hibridiniai klijai parketui","isPartOf":{"@id":"https:\/\/penosil.com\/lt\/#website"},"primaryImageOfPage":{"@id":"https:\/\/penosil.com\/lt\/produktai\/floorwall-parquetfix-easy-748-hibridiniai-klijai-parketui\/#primaryimage"},"image":{"@id":"https:\/\/penosil.com\/lt\/produktai\/floorwall-parquetfix-easy-748-hibridiniai-klijai-parketui\/#primaryimage"},"thumbnailUrl":"https:\/\/penosil.com\/lt\/wp-content\/uploads\/sites\/13\/2025\/08\/748_Floor_and_Wall_ParquetFix_Easy_748_16kg_LT_LV_RU.png","datePublished":"2023-12-05T14:44:12+00:00","dateModified":"2026-01-30T01:22:53+00:00","description":"Paruo\u0161ti naudoti hibridiniai klijai vis\u0173 tip\u0173 parketui ir medin\u0117ms grindims klijuoti. Suma\u017eina triuk\u0161m\u0105 vaik\u0161tant. Tinka \u0161ildomoms grindims. Daugiau!","breadcrumb":{"@id":"https:\/\/penosil.com\/lt\/produktai\/floorwall-parquetfix-easy-748-hibridiniai-klijai-parketui\/#breadcrumb"},"inLanguage":"lt-LT","potentialAction":[{"@type":"ReadAction","target":["https:\/\/penosil.com\/lt\/produktai\/floorwall-parquetfix-easy-748-hibridiniai-klijai-parketui\/"]}]},{"@type":"ImageObject","inLanguage":"lt-LT","@id":"https:\/\/penosil.com\/lt\/produktai\/floorwall-parquetfix-easy-748-hibridiniai-klijai-parketui\/#primaryimage","url":"https:\/\/penosil.com\/lt\/wp-content\/uploads\/sites\/13\/2025\/08\/748_Floor_and_Wall_ParquetFix_Easy_748_16kg_LT_LV_RU.png","contentUrl":"https:\/\/penosil.com\/lt\/wp-content\/uploads\/sites\/13\/2025\/08\/748_Floor_and_Wall_ParquetFix_Easy_748_16kg_LT_LV_RU.png","width":831,"height":648,"caption":"PENOSIL Floor&Wall ParquetFix Easy 748 hibridiniai klijai parketui"},{"@type":"BreadcrumbList","@id":"https:\/\/penosil.com\/lt\/produktai\/floorwall-parquetfix-easy-748-hibridiniai-klijai-parketui\/#breadcrumb","itemListElement":[{"@type":"ListItem","position":1,"name":"Home","item":"https:\/\/penosil.com\/lt\/"},{"@type":"ListItem","position":2,"name":"Produktai","item":"https:\/\/penosil.com\/lt\/produktai\/"},{"@type":"ListItem","position":3,"name":"Floor&amp;Wall ParquetFix Easy 748"}]},{"@type":"WebSite","@id":"https:\/\/penosil.com\/lt\/#website","url":"https:\/\/penosil.com\/lt\/","name":"Penosil Lithuania","description":"","potentialAction":[{"@type":"SearchAction","target":{"@type":"EntryPoint","urlTemplate":"https:\/\/penosil.com\/lt\/?s={search_term_string}"},"query-input":{"@type":"PropertyValueSpecification","valueRequired":true,"valueName":"search_term_string"}}],"inLanguage":"lt-LT"}]}},"featured_img":"https:\/\/penosil.com\/lt\/wp-content\/uploads\/sites\/13\/2025\/08\/748_Floor_and_Wall_ParquetFix_Easy_748_16kg_LT_LV_RU.png","coauthors":[],"author_meta":{"author_link":"https:\/\/penosil.com\/lt\/author\/asta\/","display_name":"Asta Salkauskiene"},"relative_dates":{"created":"Posted 2 metai ago","modified":"Updated 2 m\u0117nesiai ago"},"absolute_dates":{"created":"Posted on 2023 5 gruod\u017eio","modified":"Updated on 2026 30 sausio"},"absolute_dates_time":{"created":"Posted on 2023 5 gruod\u017eio 14:44","modified":"Updated on 2026 30 sausio 1:22"},"featured_img_caption":"","tax_additional":{"product_brand":{"linked":[],"unlinked":[],"slug":"product_brand","name":"Preki\u0173 \u017eenklai"},"product_type":{"linked":["<a href=\"https:\/\/penosil.com\/lt\/?taxonomy=product_type&#038;term=simple\" class=\"advgb-post-tax-term\">simple<\/a>"],"unlinked":["<span class=\"advgb-post-tax-term\">simple<\/span>"],"slug":"product_type","name":"Produkto tipas"},"product_visibility":{"linked":[],"unlinked":[],"slug":"product_visibility","name":"Produkto matomumas"},"product_cat":{"linked":["<a href=\"https:\/\/penosil.com\/lt\/produkto-kategorija\/naudojimo-sritys\/\" class=\"advgb-post-tax-term\">Naudojimo sritys<\/a>","<a href=\"https:\/\/penosil.com\/lt\/produkto-kategorija\/produktu-grupes\/klijai\/hibridiniai-klijai\/\" class=\"advgb-post-tax-term\">Hibridiniai klijai<\/a>","<a href=\"https:\/\/penosil.com\/lt\/produkto-kategorija\/produktu-grupes\/\" class=\"advgb-post-tax-term\">Produkt\u0173 grup\u0117s<\/a>","<a href=\"https:\/\/penosil.com\/lt\/produkto-kategorija\/produktu-grupes\/klijai\/\" class=\"advgb-post-tax-term\">Klijai<\/a>","<a href=\"https:\/\/penosil.com\/lt\/produkto-kategorija\/naudojimo-sritys\/klijavimas\/\" class=\"advgb-post-tax-term\">Klijavimas<\/a>"],"unlinked":["<span class=\"advgb-post-tax-term\">Naudojimo sritys<\/span>","<span class=\"advgb-post-tax-term\">Hibridiniai klijai<\/span>","<span class=\"advgb-post-tax-term\">Produkt\u0173 grup\u0117s<\/span>","<span class=\"advgb-post-tax-term\">Klijai<\/span>","<span class=\"advgb-post-tax-term\">Klijavimas<\/span>"],"slug":"product_cat","name":"Produkto kategorijos"},"product_tag":{"linked":[],"unlinked":[],"slug":"product_tag","name":"Produkto \u017eyma"},"product_shipping_class":{"linked":[],"unlinked":[],"slug":"product_shipping_class","name":"Produkto pristatymo klas\u0117s"},"pos_product_visibility":{"linked":[],"unlinked":[],"slug":"pos_product_visibility","name":"POS Product visibility"},"pa_color":{"linked":["<a href=\"https:\/\/penosil.com\/lt\/?taxonomy=pa_color&#038;term=sviesiai-ruda\" class=\"advgb-post-tax-term\">\u0160viesiai ruda<\/a>"],"unlinked":["<span class=\"advgb-post-tax-term\">\u0160viesiai ruda<\/span>"],"slug":"pa_color","name":"Product Color"},"pa_package":{"linked":["<a href=\"https:\/\/penosil.com\/lt\/?taxonomy=pa_package&#038;term=16-kg\" class=\"advgb-post-tax-term\">16 kg<\/a>"],"unlinked":["<span class=\"advgb-post-tax-term\">16 kg<\/span>"],"slug":"pa_package","name":"Product Package"},"pa_plotis":{"linked":[],"unlinked":[],"slug":"pa_plotis","name":"Product Plotis"},"pa_skersmuo":{"linked":[],"unlinked":[],"slug":"pa_skersmuo","name":"Product Skersmuo"},"translation_priority":{"linked":["<a href=\"https:\/\/penosil.com\/lt\/?taxonomy=translation_priority&#038;term=optional-lt\" class=\"advgb-post-tax-term\">Optional<\/a>"],"unlinked":["<span class=\"advgb-post-tax-term\">Optional<\/span>"],"slug":"translation_priority","name":"Translation Priorities"}},"series_order":"","_links":{"self":[{"href":"https:\/\/penosil.com\/lt\/wp-json\/wp\/v2\/product\/12784","targetHints":{"allow":["GET"]}}],"collection":[{"href":"https:\/\/penosil.com\/lt\/wp-json\/wp\/v2\/product"}],"about":[{"href":"https:\/\/penosil.com\/lt\/wp-json\/wp\/v2\/types\/product"}],"version-history":[{"count":4,"href":"https:\/\/penosil.com\/lt\/wp-json\/wp\/v2\/product\/12784\/revisions"}],"predecessor-version":[{"id":16061,"href":"https:\/\/penosil.com\/lt\/wp-json\/wp\/v2\/product\/12784\/revisions\/16061"}],"wp:featuredmedia":[{"embeddable":true,"href":"https:\/\/penosil.com\/lt\/wp-json\/wp\/v2\/media\/16029"}],"wp:attachment":[{"href":"https:\/\/penosil.com\/lt\/wp-json\/wp\/v2\/media?parent=12784"}],"wp:term":[{"taxonomy":"product_brand","embeddable":true,"href":"https:\/\/penosil.com\/lt\/wp-json\/wp\/v2\/product_brand?post=12784"},{"taxonomy":"product_cat","embeddable":true,"href":"https:\/\/penosil.com\/lt\/wp-json\/wp\/v2\/product_cat?post=12784"},{"taxonomy":"product_tag","embeddable":true,"href":"https:\/\/penosil.com\/lt\/wp-json\/wp\/v2\/product_tag?post=12784"}],"curies":[{"name":"wp","href":"https:\/\/api.w.org\/{rel}","templated":true}]}}