{"id":12805,"date":"2023-12-11T10:36:09","date_gmt":"2023-12-11T10:36:09","guid":{"rendered":"https:\/\/penosil.com\/lt\/?post_type=product&#038;p=12805"},"modified":"2026-01-30T01:22:53","modified_gmt":"2026-01-30T01:22:53","slug":"epoxyfix-metal-520-epoksidinis-glaistas-metalui","status":"publish","type":"product","link":"https:\/\/penosil.com\/lt\/produktai\/epoxyfix-metal-520-epoksidinis-glaistas-metalui\/","title":{"rendered":"EpoxyFix Metal 520"},"content":{"rendered":"<p>Dviej\u0173 komponent\u0173 greitai stingstantis epoksidinis glaistas metalui. Sustiprintas antikoroziniu plienu, skirtas greitam metalini\u0173 pavir\u0161i\u0173 remonto darbams. Taip pat tinka modeliuoti \u012fvairius objektus, tokius kaip specialios formos \u012frankiai, rankenos, prototipin\u0117s dalys ir kt.<\/p>\n","protected":false},"excerpt":{"rendered":"epoksidinis glaistas metalui","protected":false},"author":5,"featured_media":15949,"template":"","meta":{"_acf_changed":false,"advgb_blocks_editor_width":"","advgb_blocks_columns_visual_guide":"","footnotes":""},"product_brand":[],"product_cat":[210,2381,1368,1710,219],"product_tag":[],"class_list":{"0":"post-12805","1":"product","2":"type-product","3":"status-publish","4":"has-post-thumbnail","6":"product_cat-naudojimo-sritys","7":"product_cat-uzpildai-glaistai","8":"product_cat-produktu-grupes","9":"product_cat-pavirsiaus-padengimo-priemones","10":"product_cat-klijavimas","12":"first","13":"instock","14":"taxable","15":"shipping-taxable","16":"purchasable","17":"product-type-simple"},"acf":[],"yoast_head":"<!-- This site is optimized with the Yoast SEO plugin v27.2 - https:\/\/yoast.com\/product\/yoast-seo-wordpress\/ -->\n<title>PENOSIL EpoxyFix Metal 520 epoksidinis glaistas metalui<\/title>\n<meta name=\"description\" content=\"Dviej\u0173 komponent\u0173 epoksidinis glaistas metalui. Sustiprintas antikoroziniu plienu, skirtas greitam metalini\u0173 pavir\u0161i\u0173 remonto darbams. Daugiau!\" \/>\n<meta name=\"robots\" content=\"index, follow, max-snippet:-1, max-image-preview:large, max-video-preview:-1\" \/>\n<link rel=\"canonical\" href=\"https:\/\/penosil.com\/lt\/produktai\/epoxyfix-metal-520-epoksidinis-glaistas-metalui\/\" \/>\n<meta property=\"og:locale\" content=\"lt_LT\" \/>\n<meta property=\"og:type\" content=\"article\" \/>\n<meta property=\"og:title\" content=\"PENOSIL EpoxyFix Metal 520 epoksidinis glaistas metalui\" \/>\n<meta property=\"og:description\" content=\"Dviej\u0173 komponent\u0173 epoksidinis glaistas metalui. Sustiprintas antikoroziniu plienu, skirtas greitam metalini\u0173 pavir\u0161i\u0173 remonto darbams. Daugiau!\" \/>\n<meta property=\"og:url\" content=\"https:\/\/penosil.com\/lt\/produktai\/epoxyfix-metal-520-epoksidinis-glaistas-metalui\/\" \/>\n<meta property=\"og:site_name\" content=\"Penosil Lithuania\" \/>\n<meta property=\"article:modified_time\" content=\"2026-01-30T01:22:53+00:00\" \/>\n<meta property=\"og:image\" content=\"https:\/\/penosil.com\/lt\/wp-content\/uploads\/sites\/13\/2025\/08\/520_EpoxyFix_Metal_520.png\" \/>\n\t<meta property=\"og:image:width\" content=\"387\" \/>\n\t<meta property=\"og:image:height\" content=\"1080\" \/>\n\t<meta property=\"og:image:type\" content=\"image\/png\" \/>\n<meta name=\"twitter:card\" content=\"summary_large_image\" \/>\n<script type=\"application\/ld+json\" class=\"yoast-schema-graph\">{\"@context\":\"https:\/\/schema.org\",\"@graph\":[{\"@type\":\"WebPage\",\"@id\":\"https:\/\/penosil.com\/lt\/produktai\/epoxyfix-metal-520-epoksidinis-glaistas-metalui\/\",\"url\":\"https:\/\/penosil.com\/lt\/produktai\/epoxyfix-metal-520-epoksidinis-glaistas-metalui\/\",\"name\":\"PENOSIL EpoxyFix Metal 520 epoksidinis glaistas metalui\",\"isPartOf\":{\"@id\":\"https:\/\/penosil.com\/lt\/#website\"},\"primaryImageOfPage\":{\"@id\":\"https:\/\/penosil.com\/lt\/produktai\/epoxyfix-metal-520-epoksidinis-glaistas-metalui\/#primaryimage\"},\"image\":{\"@id\":\"https:\/\/penosil.com\/lt\/produktai\/epoxyfix-metal-520-epoksidinis-glaistas-metalui\/#primaryimage\"},\"thumbnailUrl\":\"https:\/\/penosil.com\/lt\/wp-content\/uploads\/sites\/13\/2025\/08\/520_EpoxyFix_Metal_520.png\",\"datePublished\":\"2023-12-11T10:36:09+00:00\",\"dateModified\":\"2026-01-30T01:22:53+00:00\",\"description\":\"Dviej\u0173 komponent\u0173 epoksidinis glaistas metalui. Sustiprintas antikoroziniu plienu, skirtas greitam metalini\u0173 pavir\u0161i\u0173 remonto darbams. Daugiau!\",\"breadcrumb\":{\"@id\":\"https:\/\/penosil.com\/lt\/produktai\/epoxyfix-metal-520-epoksidinis-glaistas-metalui\/#breadcrumb\"},\"inLanguage\":\"lt-LT\",\"potentialAction\":[{\"@type\":\"ReadAction\",\"target\":[\"https:\/\/penosil.com\/lt\/produktai\/epoxyfix-metal-520-epoksidinis-glaistas-metalui\/\"]}]},{\"@type\":\"ImageObject\",\"inLanguage\":\"lt-LT\",\"@id\":\"https:\/\/penosil.com\/lt\/produktai\/epoxyfix-metal-520-epoksidinis-glaistas-metalui\/#primaryimage\",\"url\":\"https:\/\/penosil.com\/lt\/wp-content\/uploads\/sites\/13\/2025\/08\/520_EpoxyFix_Metal_520.png\",\"contentUrl\":\"https:\/\/penosil.com\/lt\/wp-content\/uploads\/sites\/13\/2025\/08\/520_EpoxyFix_Metal_520.png\",\"width\":387,\"height\":1080,\"caption\":\"PENOSIL EpoxyFix Metal 520 epoksidinis glaistas metalui\"},{\"@type\":\"BreadcrumbList\",\"@id\":\"https:\/\/penosil.com\/lt\/produktai\/epoxyfix-metal-520-epoksidinis-glaistas-metalui\/#breadcrumb\",\"itemListElement\":[{\"@type\":\"ListItem\",\"position\":1,\"name\":\"Home\",\"item\":\"https:\/\/penosil.com\/lt\/\"},{\"@type\":\"ListItem\",\"position\":2,\"name\":\"Produktai\",\"item\":\"https:\/\/penosil.com\/lt\/produktai\/\"},{\"@type\":\"ListItem\",\"position\":3,\"name\":\"EpoxyFix Metal 520\"}]},{\"@type\":\"WebSite\",\"@id\":\"https:\/\/penosil.com\/lt\/#website\",\"url\":\"https:\/\/penosil.com\/lt\/\",\"name\":\"Penosil Lithuania\",\"description\":\"\",\"potentialAction\":[{\"@type\":\"SearchAction\",\"target\":{\"@type\":\"EntryPoint\",\"urlTemplate\":\"https:\/\/penosil.com\/lt\/?s={search_term_string}\"},\"query-input\":{\"@type\":\"PropertyValueSpecification\",\"valueRequired\":true,\"valueName\":\"search_term_string\"}}],\"inLanguage\":\"lt-LT\"}]}<\/script>\n<!-- \/ Yoast SEO plugin. -->","yoast_head_json":{"title":"PENOSIL EpoxyFix Metal 520 epoksidinis glaistas metalui","description":"Dviej\u0173 komponent\u0173 epoksidinis glaistas metalui. Sustiprintas antikoroziniu plienu, skirtas greitam metalini\u0173 pavir\u0161i\u0173 remonto darbams. Daugiau!","robots":{"index":"index","follow":"follow","max-snippet":"max-snippet:-1","max-image-preview":"max-image-preview:large","max-video-preview":"max-video-preview:-1"},"canonical":"https:\/\/penosil.com\/lt\/produktai\/epoxyfix-metal-520-epoksidinis-glaistas-metalui\/","og_locale":"lt_LT","og_type":"article","og_title":"PENOSIL EpoxyFix Metal 520 epoksidinis glaistas metalui","og_description":"Dviej\u0173 komponent\u0173 epoksidinis glaistas metalui. Sustiprintas antikoroziniu plienu, skirtas greitam metalini\u0173 pavir\u0161i\u0173 remonto darbams. Daugiau!","og_url":"https:\/\/penosil.com\/lt\/produktai\/epoxyfix-metal-520-epoksidinis-glaistas-metalui\/","og_site_name":"Penosil Lithuania","article_modified_time":"2026-01-30T01:22:53+00:00","og_image":[{"width":387,"height":1080,"url":"https:\/\/penosil.com\/lt\/wp-content\/uploads\/sites\/13\/2025\/08\/520_EpoxyFix_Metal_520.png","type":"image\/png"}],"twitter_card":"summary_large_image","schema":{"@context":"https:\/\/schema.org","@graph":[{"@type":"WebPage","@id":"https:\/\/penosil.com\/lt\/produktai\/epoxyfix-metal-520-epoksidinis-glaistas-metalui\/","url":"https:\/\/penosil.com\/lt\/produktai\/epoxyfix-metal-520-epoksidinis-glaistas-metalui\/","name":"PENOSIL EpoxyFix Metal 520 epoksidinis glaistas metalui","isPartOf":{"@id":"https:\/\/penosil.com\/lt\/#website"},"primaryImageOfPage":{"@id":"https:\/\/penosil.com\/lt\/produktai\/epoxyfix-metal-520-epoksidinis-glaistas-metalui\/#primaryimage"},"image":{"@id":"https:\/\/penosil.com\/lt\/produktai\/epoxyfix-metal-520-epoksidinis-glaistas-metalui\/#primaryimage"},"thumbnailUrl":"https:\/\/penosil.com\/lt\/wp-content\/uploads\/sites\/13\/2025\/08\/520_EpoxyFix_Metal_520.png","datePublished":"2023-12-11T10:36:09+00:00","dateModified":"2026-01-30T01:22:53+00:00","description":"Dviej\u0173 komponent\u0173 epoksidinis glaistas metalui. Sustiprintas antikoroziniu plienu, skirtas greitam metalini\u0173 pavir\u0161i\u0173 remonto darbams. Daugiau!","breadcrumb":{"@id":"https:\/\/penosil.com\/lt\/produktai\/epoxyfix-metal-520-epoksidinis-glaistas-metalui\/#breadcrumb"},"inLanguage":"lt-LT","potentialAction":[{"@type":"ReadAction","target":["https:\/\/penosil.com\/lt\/produktai\/epoxyfix-metal-520-epoksidinis-glaistas-metalui\/"]}]},{"@type":"ImageObject","inLanguage":"lt-LT","@id":"https:\/\/penosil.com\/lt\/produktai\/epoxyfix-metal-520-epoksidinis-glaistas-metalui\/#primaryimage","url":"https:\/\/penosil.com\/lt\/wp-content\/uploads\/sites\/13\/2025\/08\/520_EpoxyFix_Metal_520.png","contentUrl":"https:\/\/penosil.com\/lt\/wp-content\/uploads\/sites\/13\/2025\/08\/520_EpoxyFix_Metal_520.png","width":387,"height":1080,"caption":"PENOSIL EpoxyFix Metal 520 epoksidinis glaistas metalui"},{"@type":"BreadcrumbList","@id":"https:\/\/penosil.com\/lt\/produktai\/epoxyfix-metal-520-epoksidinis-glaistas-metalui\/#breadcrumb","itemListElement":[{"@type":"ListItem","position":1,"name":"Home","item":"https:\/\/penosil.com\/lt\/"},{"@type":"ListItem","position":2,"name":"Produktai","item":"https:\/\/penosil.com\/lt\/produktai\/"},{"@type":"ListItem","position":3,"name":"EpoxyFix Metal 520"}]},{"@type":"WebSite","@id":"https:\/\/penosil.com\/lt\/#website","url":"https:\/\/penosil.com\/lt\/","name":"Penosil Lithuania","description":"","potentialAction":[{"@type":"SearchAction","target":{"@type":"EntryPoint","urlTemplate":"https:\/\/penosil.com\/lt\/?s={search_term_string}"},"query-input":{"@type":"PropertyValueSpecification","valueRequired":true,"valueName":"search_term_string"}}],"inLanguage":"lt-LT"}]}},"featured_img":"https:\/\/penosil.com\/lt\/wp-content\/uploads\/sites\/13\/2025\/08\/520_EpoxyFix_Metal_520.png","coauthors":[],"author_meta":{"author_link":"https:\/\/penosil.com\/lt\/author\/asta\/","display_name":"Asta Salkauskiene"},"relative_dates":{"created":"Posted 2 metai ago","modified":"Updated 2 m\u0117nesiai ago"},"absolute_dates":{"created":"Posted on 2023 11 gruod\u017eio","modified":"Updated on 2026 30 sausio"},"absolute_dates_time":{"created":"Posted on 2023 11 gruod\u017eio 10:36","modified":"Updated on 2026 30 sausio 1:22"},"featured_img_caption":"","tax_additional":{"product_brand":{"linked":[],"unlinked":[],"slug":"product_brand","name":"Preki\u0173 \u017eenklai"},"product_type":{"linked":["<a href=\"https:\/\/penosil.com\/lt\/?taxonomy=product_type&#038;term=simple\" class=\"advgb-post-tax-term\">simple<\/a>"],"unlinked":["<span class=\"advgb-post-tax-term\">simple<\/span>"],"slug":"product_type","name":"Produkto tipas"},"product_visibility":{"linked":[],"unlinked":[],"slug":"product_visibility","name":"Produkto matomumas"},"product_cat":{"linked":["<a href=\"https:\/\/penosil.com\/lt\/produkto-kategorija\/naudojimo-sritys\/\" class=\"advgb-post-tax-term\">Naudojimo sritys<\/a>","<a href=\"https:\/\/penosil.com\/lt\/produkto-kategorija\/produktu-grupes\/pavirsiaus-padengimo-priemones\/uzpildai-glaistai\/\" class=\"advgb-post-tax-term\">U\u017epildai - glaistai<\/a>","<a href=\"https:\/\/penosil.com\/lt\/produkto-kategorija\/produktu-grupes\/\" class=\"advgb-post-tax-term\">Produkt\u0173 grup\u0117s<\/a>","<a href=\"https:\/\/penosil.com\/lt\/produkto-kategorija\/produktu-grupes\/pavirsiaus-padengimo-priemones\/\" class=\"advgb-post-tax-term\">Pavir\u0161iaus padengimo priemon\u0117s<\/a>","<a href=\"https:\/\/penosil.com\/lt\/produkto-kategorija\/naudojimo-sritys\/klijavimas\/\" class=\"advgb-post-tax-term\">Klijavimas<\/a>"],"unlinked":["<span class=\"advgb-post-tax-term\">Naudojimo sritys<\/span>","<span class=\"advgb-post-tax-term\">U\u017epildai - glaistai<\/span>","<span class=\"advgb-post-tax-term\">Produkt\u0173 grup\u0117s<\/span>","<span class=\"advgb-post-tax-term\">Pavir\u0161iaus padengimo priemon\u0117s<\/span>","<span class=\"advgb-post-tax-term\">Klijavimas<\/span>"],"slug":"product_cat","name":"Produkto kategorijos"},"product_tag":{"linked":[],"unlinked":[],"slug":"product_tag","name":"Produkto \u017eyma"},"product_shipping_class":{"linked":[],"unlinked":[],"slug":"product_shipping_class","name":"Produkto pristatymo klas\u0117s"},"pos_product_visibility":{"linked":[],"unlinked":[],"slug":"pos_product_visibility","name":"POS Product visibility"},"pa_color":{"linked":["<a href=\"https:\/\/penosil.com\/lt\/en\/?taxonomy=pa_color&#038;term=pilka\" class=\"advgb-post-tax-term\">Pilka<\/a>"],"unlinked":["<span class=\"advgb-post-tax-term\">Pilka<\/span>"],"slug":"pa_color","name":"Product Color"},"pa_package":{"linked":["<a href=\"https:\/\/penosil.com\/lt\/?taxonomy=pa_package&#038;term=30-ml\" class=\"advgb-post-tax-term\">30 ml<\/a>"],"unlinked":["<span class=\"advgb-post-tax-term\">30 ml<\/span>"],"slug":"pa_package","name":"Product Package"},"pa_plotis":{"linked":[],"unlinked":[],"slug":"pa_plotis","name":"Product Plotis"},"pa_skersmuo":{"linked":[],"unlinked":[],"slug":"pa_skersmuo","name":"Product Skersmuo"},"translation_priority":{"linked":["<a href=\"https:\/\/penosil.com\/lt\/?taxonomy=translation_priority&#038;term=optional-lt\" class=\"advgb-post-tax-term\">Optional<\/a>"],"unlinked":["<span class=\"advgb-post-tax-term\">Optional<\/span>"],"slug":"translation_priority","name":"Translation Priorities"}},"series_order":"","_links":{"self":[{"href":"https:\/\/penosil.com\/lt\/wp-json\/wp\/v2\/product\/12805","targetHints":{"allow":["GET"]}}],"collection":[{"href":"https:\/\/penosil.com\/lt\/wp-json\/wp\/v2\/product"}],"about":[{"href":"https:\/\/penosil.com\/lt\/wp-json\/wp\/v2\/types\/product"}],"version-history":[{"count":4,"href":"https:\/\/penosil.com\/lt\/wp-json\/wp\/v2\/product\/12805\/revisions"}],"predecessor-version":[{"id":15986,"href":"https:\/\/penosil.com\/lt\/wp-json\/wp\/v2\/product\/12805\/revisions\/15986"}],"wp:featuredmedia":[{"embeddable":true,"href":"https:\/\/penosil.com\/lt\/wp-json\/wp\/v2\/media\/15949"}],"wp:attachment":[{"href":"https:\/\/penosil.com\/lt\/wp-json\/wp\/v2\/media?parent=12805"}],"wp:term":[{"taxonomy":"product_brand","embeddable":true,"href":"https:\/\/penosil.com\/lt\/wp-json\/wp\/v2\/product_brand?post=12805"},{"taxonomy":"product_cat","embeddable":true,"href":"https:\/\/penosil.com\/lt\/wp-json\/wp\/v2\/product_cat?post=12805"},{"taxonomy":"product_tag","embeddable":true,"href":"https:\/\/penosil.com\/lt\/wp-json\/wp\/v2\/product_tag?post=12805"}],"curies":[{"name":"wp","href":"https:\/\/api.w.org\/{rel}","templated":true}]}}