{"id":12809,"date":"2023-12-12T09:04:33","date_gmt":"2023-12-12T09:04:33","guid":{"rendered":"https:\/\/penosil.com\/lt\/?post_type=product&#038;p=12809"},"modified":"2026-01-08T01:15:37","modified_gmt":"2026-01-08T01:15:37","slug":"speedfix-chemical-anchor-597-vinilesterio-cheminis-ankeris","status":"publish","type":"product","link":"https:\/\/penosil.com\/lt\/produktai\/speedfix-chemical-anchor-597-vinilesterio-cheminis-ankeris\/","title":{"rendered":"SpeedFix Chemical Anchor 597"},"content":{"rendered":"<p>Dviej\u0173 komponent\u0173 greitai stingstantis cheminis ankeris su vinilesterio \u012fpur\u0161kimo sistema. Sukurtas tvirtinimui ant vertikali\u0173 arba horizontali\u0173 pavir\u0161i\u0173. Be stireno, ugniai atsparus gaminys, pasi\u017eymintis dideliu atsparumu apkrovai.<\/p>\n","protected":false},"excerpt":{"rendered":"vinilesterio cheminis ankeris","protected":false},"author":5,"featured_media":15905,"template":"","meta":{"_acf_changed":false,"advgb_blocks_editor_width":"","advgb_blocks_columns_visual_guide":"","footnotes":""},"product_brand":[],"product_cat":[210,1368,221,2375,219],"product_tag":[],"class_list":{"0":"post-12809","1":"product","2":"type-product","3":"status-publish","4":"has-post-thumbnail","6":"product_cat-naudojimo-sritys","7":"product_cat-produktu-grupes","8":"product_cat-klijai","9":"product_cat-cheminis-ankeris","10":"product_cat-klijavimas","12":"first","13":"instock","14":"taxable","15":"shipping-taxable","16":"purchasable","17":"product-type-simple"},"acf":[],"yoast_head":"<!-- This site is optimized with the Yoast SEO plugin v27.2 - https:\/\/yoast.com\/product\/yoast-seo-wordpress\/ -->\n<title>PENOSIL SpeedFix Chemical Anchor 597 vinilesterio cheminis ankeris<\/title>\n<meta name=\"description\" content=\"Dviej\u0173 komponent\u0173 greitai stingstantis vinilesterio cheminis ankeris tvirtinimui be stireno, atsparus ugniai, atsparus apkrovoms. Daugiau!\" \/>\n<meta name=\"robots\" content=\"index, follow, max-snippet:-1, max-image-preview:large, max-video-preview:-1\" \/>\n<link rel=\"canonical\" href=\"https:\/\/penosil.com\/lt\/produktai\/speedfix-chemical-anchor-597-vinilesterio-cheminis-ankeris\/\" \/>\n<meta property=\"og:locale\" content=\"lt_LT\" \/>\n<meta property=\"og:type\" content=\"article\" \/>\n<meta property=\"og:title\" content=\"PENOSIL SpeedFix Chemical Anchor 597 vinilesterio cheminis ankeris\" \/>\n<meta property=\"og:description\" content=\"Dviej\u0173 komponent\u0173 greitai stingstantis vinilesterio cheminis ankeris tvirtinimui be stireno, atsparus ugniai, atsparus apkrovoms. Daugiau!\" \/>\n<meta property=\"og:url\" content=\"https:\/\/penosil.com\/lt\/produktai\/speedfix-chemical-anchor-597-vinilesterio-cheminis-ankeris\/\" \/>\n<meta property=\"og:site_name\" content=\"Penosil Lithuania\" \/>\n<meta property=\"article:modified_time\" content=\"2026-01-08T01:15:37+00:00\" \/>\n<meta property=\"og:image\" content=\"https:\/\/penosil.com\/lt\/wp-content\/uploads\/sites\/13\/2025\/08\/597_SpeedFix_Chemical_Anchor_597_LT_RU.png\" \/>\n\t<meta property=\"og:image:width\" content=\"1082\" \/>\n\t<meta property=\"og:image:height\" content=\"2430\" \/>\n\t<meta property=\"og:image:type\" content=\"image\/png\" \/>\n<meta name=\"twitter:card\" content=\"summary_large_image\" \/>\n<script type=\"application\/ld+json\" class=\"yoast-schema-graph\">{\"@context\":\"https:\/\/schema.org\",\"@graph\":[{\"@type\":\"WebPage\",\"@id\":\"https:\/\/penosil.com\/lt\/produktai\/speedfix-chemical-anchor-597-vinilesterio-cheminis-ankeris\/\",\"url\":\"https:\/\/penosil.com\/lt\/produktai\/speedfix-chemical-anchor-597-vinilesterio-cheminis-ankeris\/\",\"name\":\"PENOSIL SpeedFix Chemical Anchor 597 vinilesterio cheminis ankeris\",\"isPartOf\":{\"@id\":\"https:\/\/penosil.com\/lt\/#website\"},\"primaryImageOfPage\":{\"@id\":\"https:\/\/penosil.com\/lt\/produktai\/speedfix-chemical-anchor-597-vinilesterio-cheminis-ankeris\/#primaryimage\"},\"image\":{\"@id\":\"https:\/\/penosil.com\/lt\/produktai\/speedfix-chemical-anchor-597-vinilesterio-cheminis-ankeris\/#primaryimage\"},\"thumbnailUrl\":\"https:\/\/penosil.com\/lt\/wp-content\/uploads\/sites\/13\/2025\/08\/597_SpeedFix_Chemical_Anchor_597_LT_RU.png\",\"datePublished\":\"2023-12-12T09:04:33+00:00\",\"dateModified\":\"2026-01-08T01:15:37+00:00\",\"description\":\"Dviej\u0173 komponent\u0173 greitai stingstantis vinilesterio cheminis ankeris tvirtinimui be stireno, atsparus ugniai, atsparus apkrovoms. Daugiau!\",\"breadcrumb\":{\"@id\":\"https:\/\/penosil.com\/lt\/produktai\/speedfix-chemical-anchor-597-vinilesterio-cheminis-ankeris\/#breadcrumb\"},\"inLanguage\":\"lt-LT\",\"potentialAction\":[{\"@type\":\"ReadAction\",\"target\":[\"https:\/\/penosil.com\/lt\/produktai\/speedfix-chemical-anchor-597-vinilesterio-cheminis-ankeris\/\"]}]},{\"@type\":\"ImageObject\",\"inLanguage\":\"lt-LT\",\"@id\":\"https:\/\/penosil.com\/lt\/produktai\/speedfix-chemical-anchor-597-vinilesterio-cheminis-ankeris\/#primaryimage\",\"url\":\"https:\/\/penosil.com\/lt\/wp-content\/uploads\/sites\/13\/2025\/08\/597_SpeedFix_Chemical_Anchor_597_LT_RU.png\",\"contentUrl\":\"https:\/\/penosil.com\/lt\/wp-content\/uploads\/sites\/13\/2025\/08\/597_SpeedFix_Chemical_Anchor_597_LT_RU.png\",\"width\":1082,\"height\":2430,\"caption\":\"PENOSIL SpeedFix Chemical Anchor 597 vinilesterio cheminis ankeris\"},{\"@type\":\"BreadcrumbList\",\"@id\":\"https:\/\/penosil.com\/lt\/produktai\/speedfix-chemical-anchor-597-vinilesterio-cheminis-ankeris\/#breadcrumb\",\"itemListElement\":[{\"@type\":\"ListItem\",\"position\":1,\"name\":\"Home\",\"item\":\"https:\/\/penosil.com\/lt\/\"},{\"@type\":\"ListItem\",\"position\":2,\"name\":\"Produktai\",\"item\":\"https:\/\/penosil.com\/lt\/produktai\/\"},{\"@type\":\"ListItem\",\"position\":3,\"name\":\"SpeedFix Chemical Anchor 597\"}]},{\"@type\":\"WebSite\",\"@id\":\"https:\/\/penosil.com\/lt\/#website\",\"url\":\"https:\/\/penosil.com\/lt\/\",\"name\":\"Penosil Lithuania\",\"description\":\"\",\"potentialAction\":[{\"@type\":\"SearchAction\",\"target\":{\"@type\":\"EntryPoint\",\"urlTemplate\":\"https:\/\/penosil.com\/lt\/?s={search_term_string}\"},\"query-input\":{\"@type\":\"PropertyValueSpecification\",\"valueRequired\":true,\"valueName\":\"search_term_string\"}}],\"inLanguage\":\"lt-LT\"}]}<\/script>\n<!-- \/ Yoast SEO plugin. -->","yoast_head_json":{"title":"PENOSIL SpeedFix Chemical Anchor 597 vinilesterio cheminis ankeris","description":"Dviej\u0173 komponent\u0173 greitai stingstantis vinilesterio cheminis ankeris tvirtinimui be stireno, atsparus ugniai, atsparus apkrovoms. Daugiau!","robots":{"index":"index","follow":"follow","max-snippet":"max-snippet:-1","max-image-preview":"max-image-preview:large","max-video-preview":"max-video-preview:-1"},"canonical":"https:\/\/penosil.com\/lt\/produktai\/speedfix-chemical-anchor-597-vinilesterio-cheminis-ankeris\/","og_locale":"lt_LT","og_type":"article","og_title":"PENOSIL SpeedFix Chemical Anchor 597 vinilesterio cheminis ankeris","og_description":"Dviej\u0173 komponent\u0173 greitai stingstantis vinilesterio cheminis ankeris tvirtinimui be stireno, atsparus ugniai, atsparus apkrovoms. Daugiau!","og_url":"https:\/\/penosil.com\/lt\/produktai\/speedfix-chemical-anchor-597-vinilesterio-cheminis-ankeris\/","og_site_name":"Penosil Lithuania","article_modified_time":"2026-01-08T01:15:37+00:00","og_image":[{"width":1082,"height":2430,"url":"https:\/\/penosil.com\/lt\/wp-content\/uploads\/sites\/13\/2025\/08\/597_SpeedFix_Chemical_Anchor_597_LT_RU.png","type":"image\/png"}],"twitter_card":"summary_large_image","schema":{"@context":"https:\/\/schema.org","@graph":[{"@type":"WebPage","@id":"https:\/\/penosil.com\/lt\/produktai\/speedfix-chemical-anchor-597-vinilesterio-cheminis-ankeris\/","url":"https:\/\/penosil.com\/lt\/produktai\/speedfix-chemical-anchor-597-vinilesterio-cheminis-ankeris\/","name":"PENOSIL SpeedFix Chemical Anchor 597 vinilesterio cheminis ankeris","isPartOf":{"@id":"https:\/\/penosil.com\/lt\/#website"},"primaryImageOfPage":{"@id":"https:\/\/penosil.com\/lt\/produktai\/speedfix-chemical-anchor-597-vinilesterio-cheminis-ankeris\/#primaryimage"},"image":{"@id":"https:\/\/penosil.com\/lt\/produktai\/speedfix-chemical-anchor-597-vinilesterio-cheminis-ankeris\/#primaryimage"},"thumbnailUrl":"https:\/\/penosil.com\/lt\/wp-content\/uploads\/sites\/13\/2025\/08\/597_SpeedFix_Chemical_Anchor_597_LT_RU.png","datePublished":"2023-12-12T09:04:33+00:00","dateModified":"2026-01-08T01:15:37+00:00","description":"Dviej\u0173 komponent\u0173 greitai stingstantis vinilesterio cheminis ankeris tvirtinimui be stireno, atsparus ugniai, atsparus apkrovoms. Daugiau!","breadcrumb":{"@id":"https:\/\/penosil.com\/lt\/produktai\/speedfix-chemical-anchor-597-vinilesterio-cheminis-ankeris\/#breadcrumb"},"inLanguage":"lt-LT","potentialAction":[{"@type":"ReadAction","target":["https:\/\/penosil.com\/lt\/produktai\/speedfix-chemical-anchor-597-vinilesterio-cheminis-ankeris\/"]}]},{"@type":"ImageObject","inLanguage":"lt-LT","@id":"https:\/\/penosil.com\/lt\/produktai\/speedfix-chemical-anchor-597-vinilesterio-cheminis-ankeris\/#primaryimage","url":"https:\/\/penosil.com\/lt\/wp-content\/uploads\/sites\/13\/2025\/08\/597_SpeedFix_Chemical_Anchor_597_LT_RU.png","contentUrl":"https:\/\/penosil.com\/lt\/wp-content\/uploads\/sites\/13\/2025\/08\/597_SpeedFix_Chemical_Anchor_597_LT_RU.png","width":1082,"height":2430,"caption":"PENOSIL SpeedFix Chemical Anchor 597 vinilesterio cheminis ankeris"},{"@type":"BreadcrumbList","@id":"https:\/\/penosil.com\/lt\/produktai\/speedfix-chemical-anchor-597-vinilesterio-cheminis-ankeris\/#breadcrumb","itemListElement":[{"@type":"ListItem","position":1,"name":"Home","item":"https:\/\/penosil.com\/lt\/"},{"@type":"ListItem","position":2,"name":"Produktai","item":"https:\/\/penosil.com\/lt\/produktai\/"},{"@type":"ListItem","position":3,"name":"SpeedFix Chemical Anchor 597"}]},{"@type":"WebSite","@id":"https:\/\/penosil.com\/lt\/#website","url":"https:\/\/penosil.com\/lt\/","name":"Penosil Lithuania","description":"","potentialAction":[{"@type":"SearchAction","target":{"@type":"EntryPoint","urlTemplate":"https:\/\/penosil.com\/lt\/?s={search_term_string}"},"query-input":{"@type":"PropertyValueSpecification","valueRequired":true,"valueName":"search_term_string"}}],"inLanguage":"lt-LT"}]}},"featured_img":"https:\/\/penosil.com\/lt\/wp-content\/uploads\/sites\/13\/2025\/08\/597_SpeedFix_Chemical_Anchor_597_LT_RU.png","coauthors":[],"author_meta":{"author_link":"https:\/\/penosil.com\/lt\/author\/asta\/","display_name":"Asta Salkauskiene"},"relative_dates":{"created":"Posted 2 metai ago","modified":"Updated 3 m\u0117nesiai ago"},"absolute_dates":{"created":"Posted on 2023 12 gruod\u017eio","modified":"Updated on 2026 8 sausio"},"absolute_dates_time":{"created":"Posted on 2023 12 gruod\u017eio 9:04","modified":"Updated on 2026 8 sausio 1:15"},"featured_img_caption":"","tax_additional":{"product_brand":{"linked":[],"unlinked":[],"slug":"product_brand","name":"Preki\u0173 \u017eenklai"},"product_type":{"linked":["<a href=\"https:\/\/penosil.com\/lt\/?taxonomy=product_type&#038;term=simple\" class=\"advgb-post-tax-term\">simple<\/a>"],"unlinked":["<span class=\"advgb-post-tax-term\">simple<\/span>"],"slug":"product_type","name":"Produkto tipas"},"product_visibility":{"linked":[],"unlinked":[],"slug":"product_visibility","name":"Produkto matomumas"},"product_cat":{"linked":["<a href=\"https:\/\/penosil.com\/lt\/produkto-kategorija\/naudojimo-sritys\/\" class=\"advgb-post-tax-term\">Naudojimo sritys<\/a>","<a href=\"https:\/\/penosil.com\/lt\/produkto-kategorija\/produktu-grupes\/\" class=\"advgb-post-tax-term\">Produkt\u0173 grup\u0117s<\/a>","<a href=\"https:\/\/penosil.com\/lt\/produkto-kategorija\/produktu-grupes\/klijai\/\" class=\"advgb-post-tax-term\">Klijai<\/a>","<a href=\"https:\/\/penosil.com\/lt\/produkto-kategorija\/produktu-grupes\/klijai\/cheminis-ankeris\/\" class=\"advgb-post-tax-term\">Cheminis ankeris<\/a>","<a href=\"https:\/\/penosil.com\/lt\/produkto-kategorija\/naudojimo-sritys\/klijavimas\/\" class=\"advgb-post-tax-term\">Klijavimas<\/a>"],"unlinked":["<span class=\"advgb-post-tax-term\">Naudojimo sritys<\/span>","<span class=\"advgb-post-tax-term\">Produkt\u0173 grup\u0117s<\/span>","<span class=\"advgb-post-tax-term\">Klijai<\/span>","<span class=\"advgb-post-tax-term\">Cheminis ankeris<\/span>","<span class=\"advgb-post-tax-term\">Klijavimas<\/span>"],"slug":"product_cat","name":"Produkto kategorijos"},"product_tag":{"linked":[],"unlinked":[],"slug":"product_tag","name":"Produkto \u017eyma"},"product_shipping_class":{"linked":[],"unlinked":[],"slug":"product_shipping_class","name":"Produkto pristatymo klas\u0117s"},"pos_product_visibility":{"linked":[],"unlinked":[],"slug":"pos_product_visibility","name":"POS Product visibility"},"pa_color":{"linked":["<a href=\"https:\/\/penosil.com\/lt\/en\/?taxonomy=pa_color&#038;term=pilka\" class=\"advgb-post-tax-term\">Pilka<\/a>"],"unlinked":["<span class=\"advgb-post-tax-term\">Pilka<\/span>"],"slug":"pa_color","name":"Product Color"},"pa_package":{"linked":["<a href=\"https:\/\/penosil.com\/lt\/?taxonomy=pa_package&#038;term=300-ml\" class=\"advgb-post-tax-term\">300 ml<\/a>"],"unlinked":["<span class=\"advgb-post-tax-term\">300 ml<\/span>"],"slug":"pa_package","name":"Product Package"},"pa_plotis":{"linked":[],"unlinked":[],"slug":"pa_plotis","name":"Product Plotis"},"pa_skersmuo":{"linked":[],"unlinked":[],"slug":"pa_skersmuo","name":"Product Skersmuo"},"translation_priority":{"linked":["<a href=\"https:\/\/penosil.com\/lt\/?taxonomy=translation_priority&#038;term=optional-lt\" class=\"advgb-post-tax-term\">Optional<\/a>"],"unlinked":["<span class=\"advgb-post-tax-term\">Optional<\/span>"],"slug":"translation_priority","name":"Translation Priorities"}},"series_order":"","_links":{"self":[{"href":"https:\/\/penosil.com\/lt\/wp-json\/wp\/v2\/product\/12809","targetHints":{"allow":["GET"]}}],"collection":[{"href":"https:\/\/penosil.com\/lt\/wp-json\/wp\/v2\/product"}],"about":[{"href":"https:\/\/penosil.com\/lt\/wp-json\/wp\/v2\/types\/product"}],"version-history":[{"count":4,"href":"https:\/\/penosil.com\/lt\/wp-json\/wp\/v2\/product\/12809\/revisions"}],"predecessor-version":[{"id":15936,"href":"https:\/\/penosil.com\/lt\/wp-json\/wp\/v2\/product\/12809\/revisions\/15936"}],"wp:featuredmedia":[{"embeddable":true,"href":"https:\/\/penosil.com\/lt\/wp-json\/wp\/v2\/media\/15905"}],"wp:attachment":[{"href":"https:\/\/penosil.com\/lt\/wp-json\/wp\/v2\/media?parent=12809"}],"wp:term":[{"taxonomy":"product_brand","embeddable":true,"href":"https:\/\/penosil.com\/lt\/wp-json\/wp\/v2\/product_brand?post=12809"},{"taxonomy":"product_cat","embeddable":true,"href":"https:\/\/penosil.com\/lt\/wp-json\/wp\/v2\/product_cat?post=12809"},{"taxonomy":"product_tag","embeddable":true,"href":"https:\/\/penosil.com\/lt\/wp-json\/wp\/v2\/product_tag?post=12809"}],"curies":[{"name":"wp","href":"https:\/\/api.w.org\/{rel}","templated":true}]}}