{"id":12818,"date":"2023-12-12T13:44:08","date_gmt":"2023-12-12T13:44:08","guid":{"rendered":"https:\/\/penosil.com\/lt\/?post_type=product&#038;p=12818"},"modified":"2026-01-21T01:06:24","modified_gmt":"2026-01-21T01:06:24","slug":"dustproofer-612-atsparuma-dulkems-betonui-suteikianti-priemone","status":"publish","type":"product","link":"https:\/\/penosil.com\/lt\/produktai\/dustproofer-612-atsparuma-dulkems-betonui-suteikianti-priemone\/","title":{"rendered":"DustProofer 612"},"content":{"rendered":"<p>Atsparum\u0105 dulk\u0117ms betonui suteikianti ir betonin\u012f pavir\u0161i\u0173 sustiprinanti priemon\u0117. Didina grind\u0173 atsparum\u0105 dilimui ir chemikal\u0173 poveikiui, apsaugo nuo tepal\u0173 ir vandens \u012fsig\u0117rimo \u012f grindis, tolygiai sandarina betoninius pavir\u0161ius.<\/p>\n","protected":false},"excerpt":{"rendered":"atsparum\u0105 dulk\u0117ms betonui suteikianti priemon\u0117","protected":false},"author":5,"featured_media":15630,"template":"","meta":{"_acf_changed":false,"advgb_blocks_editor_width":"","advgb_blocks_columns_visual_guide":"","footnotes":""},"product_brand":[],"product_cat":[210,1368,2382,770,1710],"product_tag":[],"class_list":{"0":"post-12818","1":"product","2":"type-product","3":"status-publish","4":"has-post-thumbnail","6":"product_cat-naudojimo-sritys","7":"product_cat-produktu-grupes","8":"product_cat-dangos-ir-membranos","9":"product_cat-grindys","10":"product_cat-pavirsiaus-padengimo-priemones","12":"first","13":"instock","14":"taxable","15":"shipping-taxable","16":"purchasable","17":"product-type-simple"},"acf":[],"yoast_head":"<!-- This site is optimized with the Yoast SEO plugin v27.2 - https:\/\/yoast.com\/product\/yoast-seo-wordpress\/ -->\n<title>PENOSIL DustProofer 612 atsparum\u0105 dulk\u0117ms betonui suteikianti priemon\u0117<\/title>\n<meta name=\"description\" content=\"Atsparum\u0105 dulk\u0117ms betonui suteikianti ir betonin\u012f pavir\u0161i\u0173 sustiprinanti priemon\u0117. Didina atsparum\u0105 d\u0117v\u0117jimuisi, chemikal\u0173 poveikiui. Su\u017einokite daugiau!\" \/>\n<meta name=\"robots\" content=\"index, follow, max-snippet:-1, max-image-preview:large, max-video-preview:-1\" \/>\n<link rel=\"canonical\" href=\"https:\/\/penosil.com\/lt\/produktai\/dustproofer-612-atsparuma-dulkems-betonui-suteikianti-priemone\/\" \/>\n<meta property=\"og:locale\" content=\"lt_LT\" \/>\n<meta property=\"og:type\" content=\"article\" \/>\n<meta property=\"og:title\" content=\"PENOSIL DustProofer 612 atsparum\u0105 dulk\u0117ms betonui suteikianti priemon\u0117\" \/>\n<meta property=\"og:description\" content=\"Atsparum\u0105 dulk\u0117ms betonui suteikianti ir betonin\u012f pavir\u0161i\u0173 sustiprinanti priemon\u0117. Didina atsparum\u0105 d\u0117v\u0117jimuisi, chemikal\u0173 poveikiui. Su\u017einokite daugiau!\" \/>\n<meta property=\"og:url\" content=\"https:\/\/penosil.com\/lt\/produktai\/dustproofer-612-atsparuma-dulkems-betonui-suteikianti-priemone\/\" \/>\n<meta property=\"og:site_name\" content=\"Penosil Lithuania\" \/>\n<meta property=\"article:modified_time\" content=\"2026-01-21T01:06:24+00:00\" \/>\n<meta property=\"og:image\" content=\"https:\/\/penosil.com\/lt\/wp-content\/uploads\/sites\/13\/2025\/07\/612_DustProofer_612_5l_LT_LV.png\" \/>\n\t<meta property=\"og:image:width\" content=\"640\" \/>\n\t<meta property=\"og:image:height\" content=\"864\" \/>\n\t<meta property=\"og:image:type\" content=\"image\/png\" \/>\n<meta name=\"twitter:card\" content=\"summary_large_image\" \/>\n<script type=\"application\/ld+json\" class=\"yoast-schema-graph\">{\"@context\":\"https:\/\/schema.org\",\"@graph\":[{\"@type\":\"WebPage\",\"@id\":\"https:\/\/penosil.com\/lt\/produktai\/dustproofer-612-atsparuma-dulkems-betonui-suteikianti-priemone\/\",\"url\":\"https:\/\/penosil.com\/lt\/produktai\/dustproofer-612-atsparuma-dulkems-betonui-suteikianti-priemone\/\",\"name\":\"PENOSIL DustProofer 612 atsparum\u0105 dulk\u0117ms betonui suteikianti priemon\u0117\",\"isPartOf\":{\"@id\":\"https:\/\/penosil.com\/lt\/#website\"},\"primaryImageOfPage\":{\"@id\":\"https:\/\/penosil.com\/lt\/produktai\/dustproofer-612-atsparuma-dulkems-betonui-suteikianti-priemone\/#primaryimage\"},\"image\":{\"@id\":\"https:\/\/penosil.com\/lt\/produktai\/dustproofer-612-atsparuma-dulkems-betonui-suteikianti-priemone\/#primaryimage\"},\"thumbnailUrl\":\"https:\/\/penosil.com\/lt\/wp-content\/uploads\/sites\/13\/2025\/07\/612_DustProofer_612_5l_LT_LV.png\",\"datePublished\":\"2023-12-12T13:44:08+00:00\",\"dateModified\":\"2026-01-21T01:06:24+00:00\",\"description\":\"Atsparum\u0105 dulk\u0117ms betonui suteikianti ir betonin\u012f pavir\u0161i\u0173 sustiprinanti priemon\u0117. Didina atsparum\u0105 d\u0117v\u0117jimuisi, chemikal\u0173 poveikiui. Su\u017einokite daugiau!\",\"breadcrumb\":{\"@id\":\"https:\/\/penosil.com\/lt\/produktai\/dustproofer-612-atsparuma-dulkems-betonui-suteikianti-priemone\/#breadcrumb\"},\"inLanguage\":\"lt-LT\",\"potentialAction\":[{\"@type\":\"ReadAction\",\"target\":[\"https:\/\/penosil.com\/lt\/produktai\/dustproofer-612-atsparuma-dulkems-betonui-suteikianti-priemone\/\"]}]},{\"@type\":\"ImageObject\",\"inLanguage\":\"lt-LT\",\"@id\":\"https:\/\/penosil.com\/lt\/produktai\/dustproofer-612-atsparuma-dulkems-betonui-suteikianti-priemone\/#primaryimage\",\"url\":\"https:\/\/penosil.com\/lt\/wp-content\/uploads\/sites\/13\/2025\/07\/612_DustProofer_612_5l_LT_LV.png\",\"contentUrl\":\"https:\/\/penosil.com\/lt\/wp-content\/uploads\/sites\/13\/2025\/07\/612_DustProofer_612_5l_LT_LV.png\",\"width\":640,\"height\":864,\"caption\":\"PENOSIL DustProofer 612 atsparum\u0105 dulk\u0117ms betonui suteikianti priemon\u0117\"},{\"@type\":\"BreadcrumbList\",\"@id\":\"https:\/\/penosil.com\/lt\/produktai\/dustproofer-612-atsparuma-dulkems-betonui-suteikianti-priemone\/#breadcrumb\",\"itemListElement\":[{\"@type\":\"ListItem\",\"position\":1,\"name\":\"Home\",\"item\":\"https:\/\/penosil.com\/lt\/\"},{\"@type\":\"ListItem\",\"position\":2,\"name\":\"Produktai\",\"item\":\"https:\/\/penosil.com\/lt\/produktai\/\"},{\"@type\":\"ListItem\",\"position\":3,\"name\":\"DustProofer 612\"}]},{\"@type\":\"WebSite\",\"@id\":\"https:\/\/penosil.com\/lt\/#website\",\"url\":\"https:\/\/penosil.com\/lt\/\",\"name\":\"Penosil Lithuania\",\"description\":\"\",\"potentialAction\":[{\"@type\":\"SearchAction\",\"target\":{\"@type\":\"EntryPoint\",\"urlTemplate\":\"https:\/\/penosil.com\/lt\/?s={search_term_string}\"},\"query-input\":{\"@type\":\"PropertyValueSpecification\",\"valueRequired\":true,\"valueName\":\"search_term_string\"}}],\"inLanguage\":\"lt-LT\"}]}<\/script>\n<!-- \/ Yoast SEO plugin. -->","yoast_head_json":{"title":"PENOSIL DustProofer 612 atsparum\u0105 dulk\u0117ms betonui suteikianti priemon\u0117","description":"Atsparum\u0105 dulk\u0117ms betonui suteikianti ir betonin\u012f pavir\u0161i\u0173 sustiprinanti priemon\u0117. Didina atsparum\u0105 d\u0117v\u0117jimuisi, chemikal\u0173 poveikiui. Su\u017einokite daugiau!","robots":{"index":"index","follow":"follow","max-snippet":"max-snippet:-1","max-image-preview":"max-image-preview:large","max-video-preview":"max-video-preview:-1"},"canonical":"https:\/\/penosil.com\/lt\/produktai\/dustproofer-612-atsparuma-dulkems-betonui-suteikianti-priemone\/","og_locale":"lt_LT","og_type":"article","og_title":"PENOSIL DustProofer 612 atsparum\u0105 dulk\u0117ms betonui suteikianti priemon\u0117","og_description":"Atsparum\u0105 dulk\u0117ms betonui suteikianti ir betonin\u012f pavir\u0161i\u0173 sustiprinanti priemon\u0117. Didina atsparum\u0105 d\u0117v\u0117jimuisi, chemikal\u0173 poveikiui. Su\u017einokite daugiau!","og_url":"https:\/\/penosil.com\/lt\/produktai\/dustproofer-612-atsparuma-dulkems-betonui-suteikianti-priemone\/","og_site_name":"Penosil Lithuania","article_modified_time":"2026-01-21T01:06:24+00:00","og_image":[{"width":640,"height":864,"url":"https:\/\/penosil.com\/lt\/wp-content\/uploads\/sites\/13\/2025\/07\/612_DustProofer_612_5l_LT_LV.png","type":"image\/png"}],"twitter_card":"summary_large_image","schema":{"@context":"https:\/\/schema.org","@graph":[{"@type":"WebPage","@id":"https:\/\/penosil.com\/lt\/produktai\/dustproofer-612-atsparuma-dulkems-betonui-suteikianti-priemone\/","url":"https:\/\/penosil.com\/lt\/produktai\/dustproofer-612-atsparuma-dulkems-betonui-suteikianti-priemone\/","name":"PENOSIL DustProofer 612 atsparum\u0105 dulk\u0117ms betonui suteikianti priemon\u0117","isPartOf":{"@id":"https:\/\/penosil.com\/lt\/#website"},"primaryImageOfPage":{"@id":"https:\/\/penosil.com\/lt\/produktai\/dustproofer-612-atsparuma-dulkems-betonui-suteikianti-priemone\/#primaryimage"},"image":{"@id":"https:\/\/penosil.com\/lt\/produktai\/dustproofer-612-atsparuma-dulkems-betonui-suteikianti-priemone\/#primaryimage"},"thumbnailUrl":"https:\/\/penosil.com\/lt\/wp-content\/uploads\/sites\/13\/2025\/07\/612_DustProofer_612_5l_LT_LV.png","datePublished":"2023-12-12T13:44:08+00:00","dateModified":"2026-01-21T01:06:24+00:00","description":"Atsparum\u0105 dulk\u0117ms betonui suteikianti ir betonin\u012f pavir\u0161i\u0173 sustiprinanti priemon\u0117. Didina atsparum\u0105 d\u0117v\u0117jimuisi, chemikal\u0173 poveikiui. Su\u017einokite daugiau!","breadcrumb":{"@id":"https:\/\/penosil.com\/lt\/produktai\/dustproofer-612-atsparuma-dulkems-betonui-suteikianti-priemone\/#breadcrumb"},"inLanguage":"lt-LT","potentialAction":[{"@type":"ReadAction","target":["https:\/\/penosil.com\/lt\/produktai\/dustproofer-612-atsparuma-dulkems-betonui-suteikianti-priemone\/"]}]},{"@type":"ImageObject","inLanguage":"lt-LT","@id":"https:\/\/penosil.com\/lt\/produktai\/dustproofer-612-atsparuma-dulkems-betonui-suteikianti-priemone\/#primaryimage","url":"https:\/\/penosil.com\/lt\/wp-content\/uploads\/sites\/13\/2025\/07\/612_DustProofer_612_5l_LT_LV.png","contentUrl":"https:\/\/penosil.com\/lt\/wp-content\/uploads\/sites\/13\/2025\/07\/612_DustProofer_612_5l_LT_LV.png","width":640,"height":864,"caption":"PENOSIL DustProofer 612 atsparum\u0105 dulk\u0117ms betonui suteikianti priemon\u0117"},{"@type":"BreadcrumbList","@id":"https:\/\/penosil.com\/lt\/produktai\/dustproofer-612-atsparuma-dulkems-betonui-suteikianti-priemone\/#breadcrumb","itemListElement":[{"@type":"ListItem","position":1,"name":"Home","item":"https:\/\/penosil.com\/lt\/"},{"@type":"ListItem","position":2,"name":"Produktai","item":"https:\/\/penosil.com\/lt\/produktai\/"},{"@type":"ListItem","position":3,"name":"DustProofer 612"}]},{"@type":"WebSite","@id":"https:\/\/penosil.com\/lt\/#website","url":"https:\/\/penosil.com\/lt\/","name":"Penosil Lithuania","description":"","potentialAction":[{"@type":"SearchAction","target":{"@type":"EntryPoint","urlTemplate":"https:\/\/penosil.com\/lt\/?s={search_term_string}"},"query-input":{"@type":"PropertyValueSpecification","valueRequired":true,"valueName":"search_term_string"}}],"inLanguage":"lt-LT"}]}},"featured_img":"https:\/\/penosil.com\/lt\/wp-content\/uploads\/sites\/13\/2025\/07\/612_DustProofer_612_5l_LT_LV.png","coauthors":[],"author_meta":{"author_link":"https:\/\/penosil.com\/lt\/author\/asta\/","display_name":"Asta Salkauskiene"},"relative_dates":{"created":"Posted 2 metai ago","modified":"Updated 3 m\u0117nesiai ago"},"absolute_dates":{"created":"Posted on 2023 12 gruod\u017eio","modified":"Updated on 2026 21 sausio"},"absolute_dates_time":{"created":"Posted on 2023 12 gruod\u017eio 13:44","modified":"Updated on 2026 21 sausio 1:06"},"featured_img_caption":"","tax_additional":{"product_brand":{"linked":[],"unlinked":[],"slug":"product_brand","name":"Preki\u0173 \u017eenklai"},"product_type":{"linked":["<a href=\"https:\/\/penosil.com\/lt\/?taxonomy=product_type&#038;term=simple\" class=\"advgb-post-tax-term\">simple<\/a>"],"unlinked":["<span class=\"advgb-post-tax-term\">simple<\/span>"],"slug":"product_type","name":"Produkto tipas"},"product_visibility":{"linked":[],"unlinked":[],"slug":"product_visibility","name":"Produkto matomumas"},"product_cat":{"linked":["<a href=\"https:\/\/penosil.com\/lt\/produkto-kategorija\/naudojimo-sritys\/\" class=\"advgb-post-tax-term\">Naudojimo sritys<\/a>","<a href=\"https:\/\/penosil.com\/lt\/produkto-kategorija\/produktu-grupes\/\" class=\"advgb-post-tax-term\">Produkt\u0173 grup\u0117s<\/a>","<a href=\"https:\/\/penosil.com\/lt\/produkto-kategorija\/produktu-grupes\/pavirsiaus-padengimo-priemones\/dangos-ir-membranos\/\" class=\"advgb-post-tax-term\">Dangos ir membranos<\/a>","<a href=\"https:\/\/penosil.com\/lt\/produkto-kategorija\/naudojimo-sritys\/grindys\/\" class=\"advgb-post-tax-term\">Grindys<\/a>","<a href=\"https:\/\/penosil.com\/lt\/produkto-kategorija\/produktu-grupes\/pavirsiaus-padengimo-priemones\/\" class=\"advgb-post-tax-term\">Pavir\u0161iaus padengimo priemon\u0117s<\/a>"],"unlinked":["<span class=\"advgb-post-tax-term\">Naudojimo sritys<\/span>","<span class=\"advgb-post-tax-term\">Produkt\u0173 grup\u0117s<\/span>","<span class=\"advgb-post-tax-term\">Dangos ir membranos<\/span>","<span class=\"advgb-post-tax-term\">Grindys<\/span>","<span class=\"advgb-post-tax-term\">Pavir\u0161iaus padengimo priemon\u0117s<\/span>"],"slug":"product_cat","name":"Produkto kategorijos"},"product_tag":{"linked":[],"unlinked":[],"slug":"product_tag","name":"Produkto \u017eyma"},"product_shipping_class":{"linked":[],"unlinked":[],"slug":"product_shipping_class","name":"Produkto pristatymo klas\u0117s"},"pos_product_visibility":{"linked":[],"unlinked":[],"slug":"pos_product_visibility","name":"POS Product visibility"},"pa_color":{"linked":["<a href=\"https:\/\/penosil.com\/lt\/?taxonomy=pa_color&#038;term=pieno-baltumo\" class=\"advgb-post-tax-term\">Pieno baltumo<\/a>"],"unlinked":["<span class=\"advgb-post-tax-term\">Pieno baltumo<\/span>"],"slug":"pa_color","name":"Product Color"},"pa_package":{"linked":["<a href=\"https:\/\/penosil.com\/lt\/?taxonomy=pa_package&#038;term=5-l\" class=\"advgb-post-tax-term\">5 l<\/a>"],"unlinked":["<span class=\"advgb-post-tax-term\">5 l<\/span>"],"slug":"pa_package","name":"Product Package"},"pa_plotis":{"linked":[],"unlinked":[],"slug":"pa_plotis","name":"Product Plotis"},"pa_skersmuo":{"linked":[],"unlinked":[],"slug":"pa_skersmuo","name":"Product Skersmuo"},"translation_priority":{"linked":["<a href=\"https:\/\/penosil.com\/lt\/?taxonomy=translation_priority&#038;term=optional-lt\" class=\"advgb-post-tax-term\">Optional<\/a>"],"unlinked":["<span class=\"advgb-post-tax-term\">Optional<\/span>"],"slug":"translation_priority","name":"Translation Priorities"}},"series_order":"","_links":{"self":[{"href":"https:\/\/penosil.com\/lt\/wp-json\/wp\/v2\/product\/12818","targetHints":{"allow":["GET"]}}],"collection":[{"href":"https:\/\/penosil.com\/lt\/wp-json\/wp\/v2\/product"}],"about":[{"href":"https:\/\/penosil.com\/lt\/wp-json\/wp\/v2\/types\/product"}],"version-history":[{"count":5,"href":"https:\/\/penosil.com\/lt\/wp-json\/wp\/v2\/product\/12818\/revisions"}],"predecessor-version":[{"id":15543,"href":"https:\/\/penosil.com\/lt\/wp-json\/wp\/v2\/product\/12818\/revisions\/15543"}],"wp:featuredmedia":[{"embeddable":true,"href":"https:\/\/penosil.com\/lt\/wp-json\/wp\/v2\/media\/15630"}],"wp:attachment":[{"href":"https:\/\/penosil.com\/lt\/wp-json\/wp\/v2\/media?parent=12818"}],"wp:term":[{"taxonomy":"product_brand","embeddable":true,"href":"https:\/\/penosil.com\/lt\/wp-json\/wp\/v2\/product_brand?post=12818"},{"taxonomy":"product_cat","embeddable":true,"href":"https:\/\/penosil.com\/lt\/wp-json\/wp\/v2\/product_cat?post=12818"},{"taxonomy":"product_tag","embeddable":true,"href":"https:\/\/penosil.com\/lt\/wp-json\/wp\/v2\/product_tag?post=12818"}],"curies":[{"name":"wp","href":"https:\/\/api.w.org\/{rel}","templated":true}]}}