{"id":13002,"date":"2024-02-24T16:33:54","date_gmt":"2024-02-24T16:33:54","guid":{"rendered":"https:\/\/penosil.com\/lt\/?post_type=product&#038;p=13002"},"modified":"2026-01-08T01:15:37","modified_gmt":"2026-01-08T01:15:37","slug":"mousestop-foam-299-peles-atbaidancios-sandarinimo-putos","status":"publish","type":"product","link":"https:\/\/penosil.com\/lt\/produktai\/mousestop-foam-299-peles-atbaidancios-sandarinimo-putos\/","title":{"rendered":"MouseStop Foam 299"},"content":{"rendered":"<p>Vienkomponent\u0117s poliuretano \u0161iaudelin\u0117s sandarinimo putos su peles ir kenk\u0117jus atbaidan\u010diais priedais, skirtos u\u017epildyti ir sandarinti skyles, tarpus ir \u012ftr\u016bkimus. Peles atbaidan\u010dios sandarinimo putos puikiai sukimba su daugeliu med\u017eiag\u0173, toki\u0173 kaip mediena, betonas, akmuo, tinkas, metalas, PVC ir polistirenas.<\/p>\n","protected":false},"excerpt":{"rendered":"peles atbaidan\u010dios sandarinimo putos","protected":false},"author":5,"featured_media":15740,"template":"","meta":{"_acf_changed":false,"advgb_blocks_editor_width":"","advgb_blocks_columns_visual_guide":"","footnotes":""},"product_brand":[],"product_cat":[210,836,1506,1563,1064,1368],"product_tag":[],"class_list":{"0":"post-13002","1":"product","2":"type-product","3":"status-publish","4":"has-post-thumbnail","6":"product_cat-naudojimo-sritys","7":"product_cat-bendroji-statyba","8":"product_cat-statybines-putos","9":"product_cat-siaudelines-putos","10":"product_cat-nauji-produktai","11":"product_cat-produktu-grupes","13":"first","14":"instock","15":"taxable","16":"shipping-taxable","17":"purchasable","18":"product-type-simple"},"acf":[],"yoast_head":"<!-- This site is optimized with the Yoast SEO plugin v27.2 - https:\/\/yoast.com\/product\/yoast-seo-wordpress\/ -->\n<title>PENOSIL MouseStop Foam 299 peles atbaidan\u010dios sandarinimo putos<\/title>\n<meta name=\"description\" content=\"Peles ir kenk\u0117jus atbaidan\u010dios sandarinimo putos su atbaidan\u010diais priedais, skirtos u\u017epildyti ir sandarinti skyles, tarpus ir \u012ftr\u016bkimus. Daugiau!\" \/>\n<meta name=\"robots\" content=\"index, follow, max-snippet:-1, max-image-preview:large, max-video-preview:-1\" \/>\n<link rel=\"canonical\" href=\"https:\/\/penosil.com\/lt\/produktai\/mousestop-foam-299-peles-atbaidancios-sandarinimo-putos\/\" \/>\n<meta property=\"og:locale\" content=\"lt_LT\" \/>\n<meta property=\"og:type\" content=\"article\" \/>\n<meta property=\"og:title\" content=\"PENOSIL MouseStop Foam 299 peles atbaidan\u010dios sandarinimo putos\" \/>\n<meta property=\"og:description\" content=\"Peles ir kenk\u0117jus atbaidan\u010dios sandarinimo putos su atbaidan\u010diais priedais, skirtos u\u017epildyti ir sandarinti skyles, tarpus ir \u012ftr\u016bkimus. Daugiau!\" \/>\n<meta property=\"og:url\" content=\"https:\/\/penosil.com\/lt\/produktai\/mousestop-foam-299-peles-atbaidancios-sandarinimo-putos\/\" \/>\n<meta property=\"og:site_name\" content=\"Penosil Lithuania\" \/>\n<meta property=\"article:modified_time\" content=\"2026-01-08T01:15:37+00:00\" \/>\n<meta property=\"og:image\" content=\"https:\/\/penosil.com\/lt\/wp-content\/uploads\/sites\/13\/2025\/08\/299_MouseStop_Foam_299_LT_RU.png\" \/>\n\t<meta property=\"og:image:width\" content=\"523\" \/>\n\t<meta property=\"og:image:height\" content=\"1080\" \/>\n\t<meta property=\"og:image:type\" content=\"image\/png\" \/>\n<meta name=\"twitter:card\" content=\"summary_large_image\" \/>\n<script type=\"application\/ld+json\" class=\"yoast-schema-graph\">{\"@context\":\"https:\/\/schema.org\",\"@graph\":[{\"@type\":\"WebPage\",\"@id\":\"https:\/\/penosil.com\/lt\/produktai\/mousestop-foam-299-peles-atbaidancios-sandarinimo-putos\/\",\"url\":\"https:\/\/penosil.com\/lt\/produktai\/mousestop-foam-299-peles-atbaidancios-sandarinimo-putos\/\",\"name\":\"PENOSIL MouseStop Foam 299 peles atbaidan\u010dios sandarinimo putos\",\"isPartOf\":{\"@id\":\"https:\/\/penosil.com\/lt\/#website\"},\"primaryImageOfPage\":{\"@id\":\"https:\/\/penosil.com\/lt\/produktai\/mousestop-foam-299-peles-atbaidancios-sandarinimo-putos\/#primaryimage\"},\"image\":{\"@id\":\"https:\/\/penosil.com\/lt\/produktai\/mousestop-foam-299-peles-atbaidancios-sandarinimo-putos\/#primaryimage\"},\"thumbnailUrl\":\"https:\/\/penosil.com\/lt\/wp-content\/uploads\/sites\/13\/2025\/08\/299_MouseStop_Foam_299_LT_RU.png\",\"datePublished\":\"2024-02-24T16:33:54+00:00\",\"dateModified\":\"2026-01-08T01:15:37+00:00\",\"description\":\"Peles ir kenk\u0117jus atbaidan\u010dios sandarinimo putos su atbaidan\u010diais priedais, skirtos u\u017epildyti ir sandarinti skyles, tarpus ir \u012ftr\u016bkimus. Daugiau!\",\"breadcrumb\":{\"@id\":\"https:\/\/penosil.com\/lt\/produktai\/mousestop-foam-299-peles-atbaidancios-sandarinimo-putos\/#breadcrumb\"},\"inLanguage\":\"lt-LT\",\"potentialAction\":[{\"@type\":\"ReadAction\",\"target\":[\"https:\/\/penosil.com\/lt\/produktai\/mousestop-foam-299-peles-atbaidancios-sandarinimo-putos\/\"]}]},{\"@type\":\"ImageObject\",\"inLanguage\":\"lt-LT\",\"@id\":\"https:\/\/penosil.com\/lt\/produktai\/mousestop-foam-299-peles-atbaidancios-sandarinimo-putos\/#primaryimage\",\"url\":\"https:\/\/penosil.com\/lt\/wp-content\/uploads\/sites\/13\/2025\/08\/299_MouseStop_Foam_299_LT_RU.png\",\"contentUrl\":\"https:\/\/penosil.com\/lt\/wp-content\/uploads\/sites\/13\/2025\/08\/299_MouseStop_Foam_299_LT_RU.png\",\"width\":523,\"height\":1080,\"caption\":\"PENOSIL MouseStop Foam 299 peles atbaidan\u010dios sandarinimo putos\"},{\"@type\":\"BreadcrumbList\",\"@id\":\"https:\/\/penosil.com\/lt\/produktai\/mousestop-foam-299-peles-atbaidancios-sandarinimo-putos\/#breadcrumb\",\"itemListElement\":[{\"@type\":\"ListItem\",\"position\":1,\"name\":\"Home\",\"item\":\"https:\/\/penosil.com\/lt\/\"},{\"@type\":\"ListItem\",\"position\":2,\"name\":\"Produktai\",\"item\":\"https:\/\/penosil.com\/lt\/produktai\/\"},{\"@type\":\"ListItem\",\"position\":3,\"name\":\"MouseStop Foam 299\"}]},{\"@type\":\"WebSite\",\"@id\":\"https:\/\/penosil.com\/lt\/#website\",\"url\":\"https:\/\/penosil.com\/lt\/\",\"name\":\"Penosil Lithuania\",\"description\":\"\",\"potentialAction\":[{\"@type\":\"SearchAction\",\"target\":{\"@type\":\"EntryPoint\",\"urlTemplate\":\"https:\/\/penosil.com\/lt\/?s={search_term_string}\"},\"query-input\":{\"@type\":\"PropertyValueSpecification\",\"valueRequired\":true,\"valueName\":\"search_term_string\"}}],\"inLanguage\":\"lt-LT\"}]}<\/script>\n<!-- \/ Yoast SEO plugin. -->","yoast_head_json":{"title":"PENOSIL MouseStop Foam 299 peles atbaidan\u010dios sandarinimo putos","description":"Peles ir kenk\u0117jus atbaidan\u010dios sandarinimo putos su atbaidan\u010diais priedais, skirtos u\u017epildyti ir sandarinti skyles, tarpus ir \u012ftr\u016bkimus. Daugiau!","robots":{"index":"index","follow":"follow","max-snippet":"max-snippet:-1","max-image-preview":"max-image-preview:large","max-video-preview":"max-video-preview:-1"},"canonical":"https:\/\/penosil.com\/lt\/produktai\/mousestop-foam-299-peles-atbaidancios-sandarinimo-putos\/","og_locale":"lt_LT","og_type":"article","og_title":"PENOSIL MouseStop Foam 299 peles atbaidan\u010dios sandarinimo putos","og_description":"Peles ir kenk\u0117jus atbaidan\u010dios sandarinimo putos su atbaidan\u010diais priedais, skirtos u\u017epildyti ir sandarinti skyles, tarpus ir \u012ftr\u016bkimus. Daugiau!","og_url":"https:\/\/penosil.com\/lt\/produktai\/mousestop-foam-299-peles-atbaidancios-sandarinimo-putos\/","og_site_name":"Penosil Lithuania","article_modified_time":"2026-01-08T01:15:37+00:00","og_image":[{"width":523,"height":1080,"url":"https:\/\/penosil.com\/lt\/wp-content\/uploads\/sites\/13\/2025\/08\/299_MouseStop_Foam_299_LT_RU.png","type":"image\/png"}],"twitter_card":"summary_large_image","schema":{"@context":"https:\/\/schema.org","@graph":[{"@type":"WebPage","@id":"https:\/\/penosil.com\/lt\/produktai\/mousestop-foam-299-peles-atbaidancios-sandarinimo-putos\/","url":"https:\/\/penosil.com\/lt\/produktai\/mousestop-foam-299-peles-atbaidancios-sandarinimo-putos\/","name":"PENOSIL MouseStop Foam 299 peles atbaidan\u010dios sandarinimo putos","isPartOf":{"@id":"https:\/\/penosil.com\/lt\/#website"},"primaryImageOfPage":{"@id":"https:\/\/penosil.com\/lt\/produktai\/mousestop-foam-299-peles-atbaidancios-sandarinimo-putos\/#primaryimage"},"image":{"@id":"https:\/\/penosil.com\/lt\/produktai\/mousestop-foam-299-peles-atbaidancios-sandarinimo-putos\/#primaryimage"},"thumbnailUrl":"https:\/\/penosil.com\/lt\/wp-content\/uploads\/sites\/13\/2025\/08\/299_MouseStop_Foam_299_LT_RU.png","datePublished":"2024-02-24T16:33:54+00:00","dateModified":"2026-01-08T01:15:37+00:00","description":"Peles ir kenk\u0117jus atbaidan\u010dios sandarinimo putos su atbaidan\u010diais priedais, skirtos u\u017epildyti ir sandarinti skyles, tarpus ir \u012ftr\u016bkimus. Daugiau!","breadcrumb":{"@id":"https:\/\/penosil.com\/lt\/produktai\/mousestop-foam-299-peles-atbaidancios-sandarinimo-putos\/#breadcrumb"},"inLanguage":"lt-LT","potentialAction":[{"@type":"ReadAction","target":["https:\/\/penosil.com\/lt\/produktai\/mousestop-foam-299-peles-atbaidancios-sandarinimo-putos\/"]}]},{"@type":"ImageObject","inLanguage":"lt-LT","@id":"https:\/\/penosil.com\/lt\/produktai\/mousestop-foam-299-peles-atbaidancios-sandarinimo-putos\/#primaryimage","url":"https:\/\/penosil.com\/lt\/wp-content\/uploads\/sites\/13\/2025\/08\/299_MouseStop_Foam_299_LT_RU.png","contentUrl":"https:\/\/penosil.com\/lt\/wp-content\/uploads\/sites\/13\/2025\/08\/299_MouseStop_Foam_299_LT_RU.png","width":523,"height":1080,"caption":"PENOSIL MouseStop Foam 299 peles atbaidan\u010dios sandarinimo putos"},{"@type":"BreadcrumbList","@id":"https:\/\/penosil.com\/lt\/produktai\/mousestop-foam-299-peles-atbaidancios-sandarinimo-putos\/#breadcrumb","itemListElement":[{"@type":"ListItem","position":1,"name":"Home","item":"https:\/\/penosil.com\/lt\/"},{"@type":"ListItem","position":2,"name":"Produktai","item":"https:\/\/penosil.com\/lt\/produktai\/"},{"@type":"ListItem","position":3,"name":"MouseStop Foam 299"}]},{"@type":"WebSite","@id":"https:\/\/penosil.com\/lt\/#website","url":"https:\/\/penosil.com\/lt\/","name":"Penosil Lithuania","description":"","potentialAction":[{"@type":"SearchAction","target":{"@type":"EntryPoint","urlTemplate":"https:\/\/penosil.com\/lt\/?s={search_term_string}"},"query-input":{"@type":"PropertyValueSpecification","valueRequired":true,"valueName":"search_term_string"}}],"inLanguage":"lt-LT"}]}},"featured_img":"https:\/\/penosil.com\/lt\/wp-content\/uploads\/sites\/13\/2025\/08\/299_MouseStop_Foam_299_LT_RU.png","coauthors":[],"author_meta":{"author_link":"https:\/\/penosil.com\/lt\/author\/asta\/","display_name":"Asta Salkauskiene"},"relative_dates":{"created":"Posted 2 metai ago","modified":"Updated 3 m\u0117nesiai ago"},"absolute_dates":{"created":"Posted on 2024 24 vasario","modified":"Updated on 2026 8 sausio"},"absolute_dates_time":{"created":"Posted on 2024 24 vasario 16:33","modified":"Updated on 2026 8 sausio 1:15"},"featured_img_caption":"","tax_additional":{"product_brand":{"linked":[],"unlinked":[],"slug":"product_brand","name":"Preki\u0173 \u017eenklai"},"product_type":{"linked":["<a href=\"https:\/\/penosil.com\/lt\/?taxonomy=product_type&#038;term=simple\" class=\"advgb-post-tax-term\">simple<\/a>"],"unlinked":["<span class=\"advgb-post-tax-term\">simple<\/span>"],"slug":"product_type","name":"Produkto tipas"},"product_visibility":{"linked":[],"unlinked":[],"slug":"product_visibility","name":"Produkto matomumas"},"product_cat":{"linked":["<a href=\"https:\/\/penosil.com\/lt\/produkto-kategorija\/naudojimo-sritys\/\" class=\"advgb-post-tax-term\">Naudojimo sritys<\/a>","<a href=\"https:\/\/penosil.com\/lt\/produkto-kategorija\/naudojimo-sritys\/bendroji-statyba\/\" class=\"advgb-post-tax-term\">Bendroji statyba<\/a>","<a href=\"https:\/\/penosil.com\/lt\/produkto-kategorija\/produktu-grupes\/statybines-putos\/\" class=\"advgb-post-tax-term\">Statybin\u0117s putos<\/a>","<a href=\"https:\/\/penosil.com\/lt\/produkto-kategorija\/produktu-grupes\/statybines-putos\/siaudelines-putos\/\" class=\"advgb-post-tax-term\">\u0160iaudelin\u0117s putos<\/a>","<a href=\"https:\/\/penosil.com\/lt\/produkto-kategorija\/nauji-produktai\/\" class=\"advgb-post-tax-term\">Nauji produktai<\/a>","<a href=\"https:\/\/penosil.com\/lt\/produkto-kategorija\/produktu-grupes\/\" class=\"advgb-post-tax-term\">Produkt\u0173 grup\u0117s<\/a>"],"unlinked":["<span class=\"advgb-post-tax-term\">Naudojimo sritys<\/span>","<span class=\"advgb-post-tax-term\">Bendroji statyba<\/span>","<span class=\"advgb-post-tax-term\">Statybin\u0117s putos<\/span>","<span class=\"advgb-post-tax-term\">\u0160iaudelin\u0117s putos<\/span>","<span class=\"advgb-post-tax-term\">Nauji produktai<\/span>","<span class=\"advgb-post-tax-term\">Produkt\u0173 grup\u0117s<\/span>"],"slug":"product_cat","name":"Produkto kategorijos"},"product_tag":{"linked":[],"unlinked":[],"slug":"product_tag","name":"Produkto \u017eyma"},"product_shipping_class":{"linked":[],"unlinked":[],"slug":"product_shipping_class","name":"Produkto pristatymo klas\u0117s"},"pos_product_visibility":{"linked":[],"unlinked":[],"slug":"pos_product_visibility","name":"POS Product visibility"},"pa_color":{"linked":["<a href=\"https:\/\/penosil.com\/lt\/en\/?taxonomy=pa_color&#038;term=sviesiai-geltona\" class=\"advgb-post-tax-term\">\u0160viesiai geltona<\/a>"],"unlinked":["<span class=\"advgb-post-tax-term\">\u0160viesiai geltona<\/span>"],"slug":"pa_color","name":"Product Color"},"pa_package":{"linked":[],"unlinked":[],"slug":"pa_package","name":"Product Package"},"pa_plotis":{"linked":[],"unlinked":[],"slug":"pa_plotis","name":"Product Plotis"},"pa_skersmuo":{"linked":[],"unlinked":[],"slug":"pa_skersmuo","name":"Product Skersmuo"},"translation_priority":{"linked":["<a href=\"https:\/\/penosil.com\/lt\/?taxonomy=translation_priority&#038;term=optional-lt\" class=\"advgb-post-tax-term\">Optional<\/a>"],"unlinked":["<span class=\"advgb-post-tax-term\">Optional<\/span>"],"slug":"translation_priority","name":"Translation Priorities"}},"series_order":"","_links":{"self":[{"href":"https:\/\/penosil.com\/lt\/wp-json\/wp\/v2\/product\/13002","targetHints":{"allow":["GET"]}}],"collection":[{"href":"https:\/\/penosil.com\/lt\/wp-json\/wp\/v2\/product"}],"about":[{"href":"https:\/\/penosil.com\/lt\/wp-json\/wp\/v2\/types\/product"}],"version-history":[{"count":3,"href":"https:\/\/penosil.com\/lt\/wp-json\/wp\/v2\/product\/13002\/revisions"}],"predecessor-version":[{"id":15747,"href":"https:\/\/penosil.com\/lt\/wp-json\/wp\/v2\/product\/13002\/revisions\/15747"}],"wp:featuredmedia":[{"embeddable":true,"href":"https:\/\/penosil.com\/lt\/wp-json\/wp\/v2\/media\/15740"}],"wp:attachment":[{"href":"https:\/\/penosil.com\/lt\/wp-json\/wp\/v2\/media?parent=13002"}],"wp:term":[{"taxonomy":"product_brand","embeddable":true,"href":"https:\/\/penosil.com\/lt\/wp-json\/wp\/v2\/product_brand?post=13002"},{"taxonomy":"product_cat","embeddable":true,"href":"https:\/\/penosil.com\/lt\/wp-json\/wp\/v2\/product_cat?post=13002"},{"taxonomy":"product_tag","embeddable":true,"href":"https:\/\/penosil.com\/lt\/wp-json\/wp\/v2\/product_tag?post=13002"}],"curies":[{"name":"wp","href":"https:\/\/api.w.org\/{rel}","templated":true}]}}