{"id":13278,"date":"2024-04-19T05:38:52","date_gmt":"2024-04-19T05:38:52","guid":{"rendered":"https:\/\/penosil.com\/lt\/?post_type=product&#038;p=13278"},"modified":"2025-12-19T01:15:15","modified_gmt":"2025-12-19T01:15:15","slug":"fast-foam-adhesive-888-greito-sukibimo-klijuojancios-putos","status":"publish","type":"product","link":"https:\/\/penosil.com\/lt\/produktai\/fast-foam-adhesive-888-greito-sukibimo-klijuojancios-putos\/","title":{"rendered":"Fast Foam Adhesive 888"},"content":{"rendered":"<p>\u012evairi\u0173 paskir\u010di\u0173 klijuojan\u010dios putos ypa\u010d greitu ir stipriu sukibimu. Naudojamos atliekant klijavimo darbus viduje ir lauke. Greito sukibimo klijuojan\u010dios putos puikiai sukimba su daugeliu \u012fprast\u0173 statybini\u0173 med\u017eiag\u0173, toki\u0173 kaip mediena, betonas, akmuo, tinkas ir kt.<\/p>\n","protected":false},"excerpt":{"rendered":"Greito sukibimo klijuojan\u010dios putos","protected":false},"author":5,"featured_media":15196,"template":"","meta":{"_acf_changed":false,"advgb_blocks_editor_width":"","advgb_blocks_columns_visual_guide":"","footnotes":""},"product_brand":[],"product_cat":[1452,210,1064,1368,221,219],"product_tag":[],"class_list":{"0":"post-13278","1":"product","2":"type-product","3":"status-publish","4":"has-post-thumbnail","6":"product_cat-klijuojancios-putos","7":"product_cat-naudojimo-sritys","8":"product_cat-nauji-produktai","9":"product_cat-produktu-grupes","10":"product_cat-klijai","11":"product_cat-klijavimas","13":"first","14":"instock","15":"taxable","16":"shipping-taxable","17":"purchasable","18":"product-type-simple"},"acf":[],"yoast_head":"<!-- This site is optimized with the Yoast SEO plugin v27.2 - https:\/\/yoast.com\/product\/yoast-seo-wordpress\/ -->\n<title>PENOSIL Fast Foam Adhesive 888 greito sukibimo klijuojan\u010dios putos<\/title>\n<meta name=\"description\" content=\"Greito sukibimo klijuojan\u010dios putos greitai ir stipriai priklijuos EPS, XPS, PUR, PIR ir kitas \u0161iltinimo plok\u0161tes prie fasado ar pamato. Daugiau!\" \/>\n<meta name=\"robots\" content=\"index, follow, max-snippet:-1, max-image-preview:large, max-video-preview:-1\" \/>\n<link rel=\"canonical\" href=\"https:\/\/penosil.com\/lt\/produktai\/fast-foam-adhesive-888-greito-sukibimo-klijuojancios-putos\/\" \/>\n<meta property=\"og:locale\" content=\"lt_LT\" \/>\n<meta property=\"og:type\" content=\"article\" \/>\n<meta property=\"og:title\" content=\"PENOSIL Fast Foam Adhesive 888 greito sukibimo klijuojan\u010dios putos\" \/>\n<meta property=\"og:description\" content=\"Greito sukibimo klijuojan\u010dios putos greitai ir stipriai priklijuos EPS, XPS, PUR, PIR ir kitas \u0161iltinimo plok\u0161tes prie fasado ar pamato. Daugiau!\" \/>\n<meta property=\"og:url\" content=\"https:\/\/penosil.com\/lt\/produktai\/fast-foam-adhesive-888-greito-sukibimo-klijuojancios-putos\/\" \/>\n<meta property=\"og:site_name\" content=\"Penosil Lithuania\" \/>\n<meta property=\"article:modified_time\" content=\"2025-12-19T01:15:15+00:00\" \/>\n<meta property=\"og:image\" content=\"https:\/\/penosil.com\/lt\/wp-content\/uploads\/sites\/13\/2025\/05\/888_Fast_Foam_Adhesive_888_LT_LV_RU.png\" \/>\n\t<meta property=\"og:image:width\" content=\"523\" \/>\n\t<meta property=\"og:image:height\" content=\"1080\" \/>\n\t<meta property=\"og:image:type\" content=\"image\/png\" \/>\n<meta name=\"twitter:card\" content=\"summary_large_image\" \/>\n<script type=\"application\/ld+json\" class=\"yoast-schema-graph\">{\"@context\":\"https:\/\/schema.org\",\"@graph\":[{\"@type\":\"WebPage\",\"@id\":\"https:\/\/penosil.com\/lt\/produktai\/fast-foam-adhesive-888-greito-sukibimo-klijuojancios-putos\/\",\"url\":\"https:\/\/penosil.com\/lt\/produktai\/fast-foam-adhesive-888-greito-sukibimo-klijuojancios-putos\/\",\"name\":\"PENOSIL Fast Foam Adhesive 888 greito sukibimo klijuojan\u010dios putos\",\"isPartOf\":{\"@id\":\"https:\/\/penosil.com\/lt\/#website\"},\"primaryImageOfPage\":{\"@id\":\"https:\/\/penosil.com\/lt\/produktai\/fast-foam-adhesive-888-greito-sukibimo-klijuojancios-putos\/#primaryimage\"},\"image\":{\"@id\":\"https:\/\/penosil.com\/lt\/produktai\/fast-foam-adhesive-888-greito-sukibimo-klijuojancios-putos\/#primaryimage\"},\"thumbnailUrl\":\"https:\/\/penosil.com\/lt\/wp-content\/uploads\/sites\/13\/2025\/05\/888_Fast_Foam_Adhesive_888_LT_LV_RU.png\",\"datePublished\":\"2024-04-19T05:38:52+00:00\",\"dateModified\":\"2025-12-19T01:15:15+00:00\",\"description\":\"Greito sukibimo klijuojan\u010dios putos greitai ir stipriai priklijuos EPS, XPS, PUR, PIR ir kitas \u0161iltinimo plok\u0161tes prie fasado ar pamato. Daugiau!\",\"breadcrumb\":{\"@id\":\"https:\/\/penosil.com\/lt\/produktai\/fast-foam-adhesive-888-greito-sukibimo-klijuojancios-putos\/#breadcrumb\"},\"inLanguage\":\"lt-LT\",\"potentialAction\":[{\"@type\":\"ReadAction\",\"target\":[\"https:\/\/penosil.com\/lt\/produktai\/fast-foam-adhesive-888-greito-sukibimo-klijuojancios-putos\/\"]}]},{\"@type\":\"ImageObject\",\"inLanguage\":\"lt-LT\",\"@id\":\"https:\/\/penosil.com\/lt\/produktai\/fast-foam-adhesive-888-greito-sukibimo-klijuojancios-putos\/#primaryimage\",\"url\":\"https:\/\/penosil.com\/lt\/wp-content\/uploads\/sites\/13\/2025\/05\/888_Fast_Foam_Adhesive_888_LT_LV_RU.png\",\"contentUrl\":\"https:\/\/penosil.com\/lt\/wp-content\/uploads\/sites\/13\/2025\/05\/888_Fast_Foam_Adhesive_888_LT_LV_RU.png\",\"width\":523,\"height\":1080,\"caption\":\"PENOSIL Fast Foam Adhesive 888 greito sukibimo klijuojan\u010dios putos\"},{\"@type\":\"BreadcrumbList\",\"@id\":\"https:\/\/penosil.com\/lt\/produktai\/fast-foam-adhesive-888-greito-sukibimo-klijuojancios-putos\/#breadcrumb\",\"itemListElement\":[{\"@type\":\"ListItem\",\"position\":1,\"name\":\"Home\",\"item\":\"https:\/\/penosil.com\/lt\/\"},{\"@type\":\"ListItem\",\"position\":2,\"name\":\"Produktai\",\"item\":\"https:\/\/penosil.com\/lt\/produktai\/\"},{\"@type\":\"ListItem\",\"position\":3,\"name\":\"Fast Foam Adhesive 888\"}]},{\"@type\":\"WebSite\",\"@id\":\"https:\/\/penosil.com\/lt\/#website\",\"url\":\"https:\/\/penosil.com\/lt\/\",\"name\":\"Penosil Lithuania\",\"description\":\"\",\"potentialAction\":[{\"@type\":\"SearchAction\",\"target\":{\"@type\":\"EntryPoint\",\"urlTemplate\":\"https:\/\/penosil.com\/lt\/?s={search_term_string}\"},\"query-input\":{\"@type\":\"PropertyValueSpecification\",\"valueRequired\":true,\"valueName\":\"search_term_string\"}}],\"inLanguage\":\"lt-LT\"}]}<\/script>\n<!-- \/ Yoast SEO plugin. -->","yoast_head_json":{"title":"PENOSIL Fast Foam Adhesive 888 greito sukibimo klijuojan\u010dios putos","description":"Greito sukibimo klijuojan\u010dios putos greitai ir stipriai priklijuos EPS, XPS, PUR, PIR ir kitas \u0161iltinimo plok\u0161tes prie fasado ar pamato. Daugiau!","robots":{"index":"index","follow":"follow","max-snippet":"max-snippet:-1","max-image-preview":"max-image-preview:large","max-video-preview":"max-video-preview:-1"},"canonical":"https:\/\/penosil.com\/lt\/produktai\/fast-foam-adhesive-888-greito-sukibimo-klijuojancios-putos\/","og_locale":"lt_LT","og_type":"article","og_title":"PENOSIL Fast Foam Adhesive 888 greito sukibimo klijuojan\u010dios putos","og_description":"Greito sukibimo klijuojan\u010dios putos greitai ir stipriai priklijuos EPS, XPS, PUR, PIR ir kitas \u0161iltinimo plok\u0161tes prie fasado ar pamato. Daugiau!","og_url":"https:\/\/penosil.com\/lt\/produktai\/fast-foam-adhesive-888-greito-sukibimo-klijuojancios-putos\/","og_site_name":"Penosil Lithuania","article_modified_time":"2025-12-19T01:15:15+00:00","og_image":[{"width":523,"height":1080,"url":"https:\/\/penosil.com\/lt\/wp-content\/uploads\/sites\/13\/2025\/05\/888_Fast_Foam_Adhesive_888_LT_LV_RU.png","type":"image\/png"}],"twitter_card":"summary_large_image","schema":{"@context":"https:\/\/schema.org","@graph":[{"@type":"WebPage","@id":"https:\/\/penosil.com\/lt\/produktai\/fast-foam-adhesive-888-greito-sukibimo-klijuojancios-putos\/","url":"https:\/\/penosil.com\/lt\/produktai\/fast-foam-adhesive-888-greito-sukibimo-klijuojancios-putos\/","name":"PENOSIL Fast Foam Adhesive 888 greito sukibimo klijuojan\u010dios putos","isPartOf":{"@id":"https:\/\/penosil.com\/lt\/#website"},"primaryImageOfPage":{"@id":"https:\/\/penosil.com\/lt\/produktai\/fast-foam-adhesive-888-greito-sukibimo-klijuojancios-putos\/#primaryimage"},"image":{"@id":"https:\/\/penosil.com\/lt\/produktai\/fast-foam-adhesive-888-greito-sukibimo-klijuojancios-putos\/#primaryimage"},"thumbnailUrl":"https:\/\/penosil.com\/lt\/wp-content\/uploads\/sites\/13\/2025\/05\/888_Fast_Foam_Adhesive_888_LT_LV_RU.png","datePublished":"2024-04-19T05:38:52+00:00","dateModified":"2025-12-19T01:15:15+00:00","description":"Greito sukibimo klijuojan\u010dios putos greitai ir stipriai priklijuos EPS, XPS, PUR, PIR ir kitas \u0161iltinimo plok\u0161tes prie fasado ar pamato. Daugiau!","breadcrumb":{"@id":"https:\/\/penosil.com\/lt\/produktai\/fast-foam-adhesive-888-greito-sukibimo-klijuojancios-putos\/#breadcrumb"},"inLanguage":"lt-LT","potentialAction":[{"@type":"ReadAction","target":["https:\/\/penosil.com\/lt\/produktai\/fast-foam-adhesive-888-greito-sukibimo-klijuojancios-putos\/"]}]},{"@type":"ImageObject","inLanguage":"lt-LT","@id":"https:\/\/penosil.com\/lt\/produktai\/fast-foam-adhesive-888-greito-sukibimo-klijuojancios-putos\/#primaryimage","url":"https:\/\/penosil.com\/lt\/wp-content\/uploads\/sites\/13\/2025\/05\/888_Fast_Foam_Adhesive_888_LT_LV_RU.png","contentUrl":"https:\/\/penosil.com\/lt\/wp-content\/uploads\/sites\/13\/2025\/05\/888_Fast_Foam_Adhesive_888_LT_LV_RU.png","width":523,"height":1080,"caption":"PENOSIL Fast Foam Adhesive 888 greito sukibimo klijuojan\u010dios putos"},{"@type":"BreadcrumbList","@id":"https:\/\/penosil.com\/lt\/produktai\/fast-foam-adhesive-888-greito-sukibimo-klijuojancios-putos\/#breadcrumb","itemListElement":[{"@type":"ListItem","position":1,"name":"Home","item":"https:\/\/penosil.com\/lt\/"},{"@type":"ListItem","position":2,"name":"Produktai","item":"https:\/\/penosil.com\/lt\/produktai\/"},{"@type":"ListItem","position":3,"name":"Fast Foam Adhesive 888"}]},{"@type":"WebSite","@id":"https:\/\/penosil.com\/lt\/#website","url":"https:\/\/penosil.com\/lt\/","name":"Penosil Lithuania","description":"","potentialAction":[{"@type":"SearchAction","target":{"@type":"EntryPoint","urlTemplate":"https:\/\/penosil.com\/lt\/?s={search_term_string}"},"query-input":{"@type":"PropertyValueSpecification","valueRequired":true,"valueName":"search_term_string"}}],"inLanguage":"lt-LT"}]}},"featured_img":"https:\/\/penosil.com\/lt\/wp-content\/uploads\/sites\/13\/2025\/05\/888_Fast_Foam_Adhesive_888_LT_LV_RU.png","coauthors":[],"author_meta":{"author_link":"https:\/\/penosil.com\/lt\/author\/asta\/","display_name":"Asta Salkauskiene"},"relative_dates":{"created":"Posted 2 metai ago","modified":"Updated 4 m\u0117nesiai ago"},"absolute_dates":{"created":"Posted on 2024 19 baland\u017eio","modified":"Updated on 2025 19 gruod\u017eio"},"absolute_dates_time":{"created":"Posted on 2024 19 baland\u017eio 5:38","modified":"Updated on 2025 19 gruod\u017eio 1:15"},"featured_img_caption":"","tax_additional":{"product_brand":{"linked":[],"unlinked":[],"slug":"product_brand","name":"Preki\u0173 \u017eenklai"},"product_type":{"linked":["<a href=\"https:\/\/penosil.com\/lt\/?taxonomy=product_type&#038;term=simple\" class=\"advgb-post-tax-term\">simple<\/a>"],"unlinked":["<span class=\"advgb-post-tax-term\">simple<\/span>"],"slug":"product_type","name":"Produkto tipas"},"product_visibility":{"linked":[],"unlinked":[],"slug":"product_visibility","name":"Produkto matomumas"},"product_cat":{"linked":["<a href=\"https:\/\/penosil.com\/lt\/produkto-kategorija\/produktu-grupes\/klijai\/klijuojancios-putos\/\" class=\"advgb-post-tax-term\">Klijuojan\u010dios putos<\/a>","<a href=\"https:\/\/penosil.com\/lt\/produkto-kategorija\/naudojimo-sritys\/\" class=\"advgb-post-tax-term\">Naudojimo sritys<\/a>","<a href=\"https:\/\/penosil.com\/lt\/produkto-kategorija\/nauji-produktai\/\" class=\"advgb-post-tax-term\">Nauji produktai<\/a>","<a href=\"https:\/\/penosil.com\/lt\/produkto-kategorija\/produktu-grupes\/\" class=\"advgb-post-tax-term\">Produkt\u0173 grup\u0117s<\/a>","<a href=\"https:\/\/penosil.com\/lt\/produkto-kategorija\/produktu-grupes\/klijai\/\" class=\"advgb-post-tax-term\">Klijai<\/a>","<a href=\"https:\/\/penosil.com\/lt\/produkto-kategorija\/naudojimo-sritys\/klijavimas\/\" class=\"advgb-post-tax-term\">Klijavimas<\/a>"],"unlinked":["<span class=\"advgb-post-tax-term\">Klijuojan\u010dios putos<\/span>","<span class=\"advgb-post-tax-term\">Naudojimo sritys<\/span>","<span class=\"advgb-post-tax-term\">Nauji produktai<\/span>","<span class=\"advgb-post-tax-term\">Produkt\u0173 grup\u0117s<\/span>","<span class=\"advgb-post-tax-term\">Klijai<\/span>","<span class=\"advgb-post-tax-term\">Klijavimas<\/span>"],"slug":"product_cat","name":"Produkto kategorijos"},"product_tag":{"linked":[],"unlinked":[],"slug":"product_tag","name":"Produkto \u017eyma"},"product_shipping_class":{"linked":[],"unlinked":[],"slug":"product_shipping_class","name":"Produkto pristatymo klas\u0117s"},"pos_product_visibility":{"linked":[],"unlinked":[],"slug":"pos_product_visibility","name":"POS Product visibility"},"pa_color":{"linked":["<a href=\"https:\/\/penosil.com\/lt\/?taxonomy=pa_color&#038;term=melyna\" class=\"advgb-post-tax-term\">M\u0117lyna<\/a>"],"unlinked":["<span class=\"advgb-post-tax-term\">M\u0117lyna<\/span>"],"slug":"pa_color","name":"Product Color"},"pa_package":{"linked":["<a href=\"https:\/\/penosil.com\/lt\/?taxonomy=pa_package&#038;term=830-ml\" class=\"advgb-post-tax-term\">830 ml<\/a>"],"unlinked":["<span class=\"advgb-post-tax-term\">830 ml<\/span>"],"slug":"pa_package","name":"Product Package"},"pa_plotis":{"linked":[],"unlinked":[],"slug":"pa_plotis","name":"Product Plotis"},"pa_skersmuo":{"linked":[],"unlinked":[],"slug":"pa_skersmuo","name":"Product Skersmuo"},"translation_priority":{"linked":["<a href=\"https:\/\/penosil.com\/lt\/?taxonomy=translation_priority&#038;term=optional-lt\" class=\"advgb-post-tax-term\">Optional<\/a>"],"unlinked":["<span class=\"advgb-post-tax-term\">Optional<\/span>"],"slug":"translation_priority","name":"Translation Priorities"}},"series_order":"","_links":{"self":[{"href":"https:\/\/penosil.com\/lt\/wp-json\/wp\/v2\/product\/13278","targetHints":{"allow":["GET"]}}],"collection":[{"href":"https:\/\/penosil.com\/lt\/wp-json\/wp\/v2\/product"}],"about":[{"href":"https:\/\/penosil.com\/lt\/wp-json\/wp\/v2\/types\/product"}],"version-history":[{"count":6,"href":"https:\/\/penosil.com\/lt\/wp-json\/wp\/v2\/product\/13278\/revisions"}],"predecessor-version":[{"id":16010,"href":"https:\/\/penosil.com\/lt\/wp-json\/wp\/v2\/product\/13278\/revisions\/16010"}],"wp:featuredmedia":[{"embeddable":true,"href":"https:\/\/penosil.com\/lt\/wp-json\/wp\/v2\/media\/15196"}],"wp:attachment":[{"href":"https:\/\/penosil.com\/lt\/wp-json\/wp\/v2\/media?parent=13278"}],"wp:term":[{"taxonomy":"product_brand","embeddable":true,"href":"https:\/\/penosil.com\/lt\/wp-json\/wp\/v2\/product_brand?post=13278"},{"taxonomy":"product_cat","embeddable":true,"href":"https:\/\/penosil.com\/lt\/wp-json\/wp\/v2\/product_cat?post=13278"},{"taxonomy":"product_tag","embeddable":true,"href":"https:\/\/penosil.com\/lt\/wp-json\/wp\/v2\/product_tag?post=13278"}],"curies":[{"name":"wp","href":"https:\/\/api.w.org\/{rel}","templated":true}]}}