{"id":13956,"date":"2024-07-12T07:31:47","date_gmt":"2024-07-12T07:31:47","guid":{"rendered":"https:\/\/penosil.com\/lt\/?post_type=product&#038;p=13956"},"modified":"2026-04-12T00:03:40","modified_gmt":"2026-04-12T00:03:40","slug":"speedfix-cyano-007-momentinio-sukibimo-kliju-rinkinys","status":"publish","type":"product","link":"https:\/\/penosil.com\/lt\/produktai\/speedfix-cyano-007-momentinio-sukibimo-kliju-rinkinys\/","title":{"rendered":"SpeedFix Cyano 007"},"content":{"rendered":"<p>Dviej\u0173 komponent\u0173 momentinio sukibimo klij\u0173 rinkinys, susidedantis i\u0161 didelio klampumo cianoakrilato klij\u0173 ir aktyvatoriaus. Garantuoja ypa\u010d greit\u0105 ir tvirt\u0105 sukibim\u0105 net ir su por\u0117tais ir nelygiais pavir\u0161iais.<\/p>\n","protected":false},"excerpt":{"rendered":"momentinio sukibimo klij\u0173 rinkinys","protected":false},"author":5,"featured_media":15642,"template":"","meta":{"_acf_changed":false,"advgb_blocks_editor_width":"","advgb_blocks_columns_visual_guide":"","footnotes":""},"product_brand":[],"product_cat":[210,1368,221,2376,219],"product_tag":[],"class_list":{"0":"post-13956","1":"product","2":"type-product","3":"status-publish","4":"has-post-thumbnail","6":"product_cat-naudojimo-sritys","7":"product_cat-produktu-grupes","8":"product_cat-klijai","9":"product_cat-cianoakrilato-klijai","10":"product_cat-klijavimas","12":"first","13":"instock","14":"taxable","15":"shipping-taxable","16":"purchasable","17":"product-type-simple"},"acf":[],"yoast_head":"<!-- This site is optimized with the Yoast SEO plugin v27.2 - https:\/\/yoast.com\/product\/yoast-seo-wordpress\/ -->\n<title>PENOSIL SpeedFix Cyano 007 momentinio sukibimo klij\u0173 rinkinys<\/title>\n<meta name=\"description\" content=\"Dviej\u0173 komponent\u0173 momentinio sukibimo klij\u0173 rinkinys, susidedantis i\u0161 didelio klampumo cianoakrilato klij\u0173 ir aktyvatoriaus. Daugiau!\" \/>\n<meta name=\"robots\" content=\"index, follow, max-snippet:-1, max-image-preview:large, max-video-preview:-1\" \/>\n<link rel=\"canonical\" href=\"https:\/\/penosil.com\/lt\/produktai\/speedfix-cyano-007-momentinio-sukibimo-kliju-rinkinys\/\" \/>\n<meta property=\"og:locale\" content=\"lt_LT\" \/>\n<meta property=\"og:type\" content=\"article\" \/>\n<meta property=\"og:title\" content=\"PENOSIL SpeedFix Cyano 007 momentinio sukibimo klij\u0173 rinkinys\" \/>\n<meta property=\"og:description\" content=\"Dviej\u0173 komponent\u0173 momentinio sukibimo klij\u0173 rinkinys, susidedantis i\u0161 didelio klampumo cianoakrilato klij\u0173 ir aktyvatoriaus. Daugiau!\" \/>\n<meta property=\"og:url\" content=\"https:\/\/penosil.com\/lt\/produktai\/speedfix-cyano-007-momentinio-sukibimo-kliju-rinkinys\/\" \/>\n<meta property=\"og:site_name\" content=\"Penosil Lithuania\" \/>\n<meta property=\"article:modified_time\" content=\"2026-04-12T00:03:40+00:00\" \/>\n<meta property=\"og:image\" content=\"https:\/\/penosil.com\/lt\/wp-content\/uploads\/sites\/13\/2025\/07\/007_SpeedFix_Cyano_007_LT_LV_Kit_new.png\" \/>\n\t<meta property=\"og:image:width\" content=\"523\" \/>\n\t<meta property=\"og:image:height\" content=\"1080\" \/>\n\t<meta property=\"og:image:type\" content=\"image\/png\" \/>\n<meta name=\"twitter:card\" content=\"summary_large_image\" \/>\n<script type=\"application\/ld+json\" class=\"yoast-schema-graph\">{\"@context\":\"https:\/\/schema.org\",\"@graph\":[{\"@type\":\"WebPage\",\"@id\":\"https:\/\/penosil.com\/lt\/produktai\/speedfix-cyano-007-momentinio-sukibimo-kliju-rinkinys\/\",\"url\":\"https:\/\/penosil.com\/lt\/produktai\/speedfix-cyano-007-momentinio-sukibimo-kliju-rinkinys\/\",\"name\":\"PENOSIL SpeedFix Cyano 007 momentinio sukibimo klij\u0173 rinkinys\",\"isPartOf\":{\"@id\":\"https:\/\/penosil.com\/lt\/#website\"},\"primaryImageOfPage\":{\"@id\":\"https:\/\/penosil.com\/lt\/produktai\/speedfix-cyano-007-momentinio-sukibimo-kliju-rinkinys\/#primaryimage\"},\"image\":{\"@id\":\"https:\/\/penosil.com\/lt\/produktai\/speedfix-cyano-007-momentinio-sukibimo-kliju-rinkinys\/#primaryimage\"},\"thumbnailUrl\":\"https:\/\/penosil.com\/lt\/wp-content\/uploads\/sites\/13\/2025\/07\/007_SpeedFix_Cyano_007_LT_LV_Kit_new.png\",\"datePublished\":\"2024-07-12T07:31:47+00:00\",\"dateModified\":\"2026-04-12T00:03:40+00:00\",\"description\":\"Dviej\u0173 komponent\u0173 momentinio sukibimo klij\u0173 rinkinys, susidedantis i\u0161 didelio klampumo cianoakrilato klij\u0173 ir aktyvatoriaus. Daugiau!\",\"breadcrumb\":{\"@id\":\"https:\/\/penosil.com\/lt\/produktai\/speedfix-cyano-007-momentinio-sukibimo-kliju-rinkinys\/#breadcrumb\"},\"inLanguage\":\"lt-LT\",\"potentialAction\":[{\"@type\":\"ReadAction\",\"target\":[\"https:\/\/penosil.com\/lt\/produktai\/speedfix-cyano-007-momentinio-sukibimo-kliju-rinkinys\/\"]}]},{\"@type\":\"ImageObject\",\"inLanguage\":\"lt-LT\",\"@id\":\"https:\/\/penosil.com\/lt\/produktai\/speedfix-cyano-007-momentinio-sukibimo-kliju-rinkinys\/#primaryimage\",\"url\":\"https:\/\/penosil.com\/lt\/wp-content\/uploads\/sites\/13\/2025\/07\/007_SpeedFix_Cyano_007_LT_LV_Kit_new.png\",\"contentUrl\":\"https:\/\/penosil.com\/lt\/wp-content\/uploads\/sites\/13\/2025\/07\/007_SpeedFix_Cyano_007_LT_LV_Kit_new.png\",\"width\":523,\"height\":1080,\"caption\":\"PENOSIL SpeedFix Cyano 007 momentinio sukibimo klij\u0173 rinkinys\"},{\"@type\":\"BreadcrumbList\",\"@id\":\"https:\/\/penosil.com\/lt\/produktai\/speedfix-cyano-007-momentinio-sukibimo-kliju-rinkinys\/#breadcrumb\",\"itemListElement\":[{\"@type\":\"ListItem\",\"position\":1,\"name\":\"Home\",\"item\":\"https:\/\/penosil.com\/lt\/\"},{\"@type\":\"ListItem\",\"position\":2,\"name\":\"Produktai\",\"item\":\"https:\/\/penosil.com\/lt\/produktai\/\"},{\"@type\":\"ListItem\",\"position\":3,\"name\":\"SpeedFix Cyano 007\"}]},{\"@type\":\"WebSite\",\"@id\":\"https:\/\/penosil.com\/lt\/#website\",\"url\":\"https:\/\/penosil.com\/lt\/\",\"name\":\"Penosil Lithuania\",\"description\":\"\",\"potentialAction\":[{\"@type\":\"SearchAction\",\"target\":{\"@type\":\"EntryPoint\",\"urlTemplate\":\"https:\/\/penosil.com\/lt\/?s={search_term_string}\"},\"query-input\":{\"@type\":\"PropertyValueSpecification\",\"valueRequired\":true,\"valueName\":\"search_term_string\"}}],\"inLanguage\":\"lt-LT\"}]}<\/script>\n<!-- \/ Yoast SEO plugin. -->","yoast_head_json":{"title":"PENOSIL SpeedFix Cyano 007 momentinio sukibimo klij\u0173 rinkinys","description":"Dviej\u0173 komponent\u0173 momentinio sukibimo klij\u0173 rinkinys, susidedantis i\u0161 didelio klampumo cianoakrilato klij\u0173 ir aktyvatoriaus. Daugiau!","robots":{"index":"index","follow":"follow","max-snippet":"max-snippet:-1","max-image-preview":"max-image-preview:large","max-video-preview":"max-video-preview:-1"},"canonical":"https:\/\/penosil.com\/lt\/produktai\/speedfix-cyano-007-momentinio-sukibimo-kliju-rinkinys\/","og_locale":"lt_LT","og_type":"article","og_title":"PENOSIL SpeedFix Cyano 007 momentinio sukibimo klij\u0173 rinkinys","og_description":"Dviej\u0173 komponent\u0173 momentinio sukibimo klij\u0173 rinkinys, susidedantis i\u0161 didelio klampumo cianoakrilato klij\u0173 ir aktyvatoriaus. Daugiau!","og_url":"https:\/\/penosil.com\/lt\/produktai\/speedfix-cyano-007-momentinio-sukibimo-kliju-rinkinys\/","og_site_name":"Penosil Lithuania","article_modified_time":"2026-04-12T00:03:40+00:00","og_image":[{"width":523,"height":1080,"url":"https:\/\/penosil.com\/lt\/wp-content\/uploads\/sites\/13\/2025\/07\/007_SpeedFix_Cyano_007_LT_LV_Kit_new.png","type":"image\/png"}],"twitter_card":"summary_large_image","schema":{"@context":"https:\/\/schema.org","@graph":[{"@type":"WebPage","@id":"https:\/\/penosil.com\/lt\/produktai\/speedfix-cyano-007-momentinio-sukibimo-kliju-rinkinys\/","url":"https:\/\/penosil.com\/lt\/produktai\/speedfix-cyano-007-momentinio-sukibimo-kliju-rinkinys\/","name":"PENOSIL SpeedFix Cyano 007 momentinio sukibimo klij\u0173 rinkinys","isPartOf":{"@id":"https:\/\/penosil.com\/lt\/#website"},"primaryImageOfPage":{"@id":"https:\/\/penosil.com\/lt\/produktai\/speedfix-cyano-007-momentinio-sukibimo-kliju-rinkinys\/#primaryimage"},"image":{"@id":"https:\/\/penosil.com\/lt\/produktai\/speedfix-cyano-007-momentinio-sukibimo-kliju-rinkinys\/#primaryimage"},"thumbnailUrl":"https:\/\/penosil.com\/lt\/wp-content\/uploads\/sites\/13\/2025\/07\/007_SpeedFix_Cyano_007_LT_LV_Kit_new.png","datePublished":"2024-07-12T07:31:47+00:00","dateModified":"2026-04-12T00:03:40+00:00","description":"Dviej\u0173 komponent\u0173 momentinio sukibimo klij\u0173 rinkinys, susidedantis i\u0161 didelio klampumo cianoakrilato klij\u0173 ir aktyvatoriaus. Daugiau!","breadcrumb":{"@id":"https:\/\/penosil.com\/lt\/produktai\/speedfix-cyano-007-momentinio-sukibimo-kliju-rinkinys\/#breadcrumb"},"inLanguage":"lt-LT","potentialAction":[{"@type":"ReadAction","target":["https:\/\/penosil.com\/lt\/produktai\/speedfix-cyano-007-momentinio-sukibimo-kliju-rinkinys\/"]}]},{"@type":"ImageObject","inLanguage":"lt-LT","@id":"https:\/\/penosil.com\/lt\/produktai\/speedfix-cyano-007-momentinio-sukibimo-kliju-rinkinys\/#primaryimage","url":"https:\/\/penosil.com\/lt\/wp-content\/uploads\/sites\/13\/2025\/07\/007_SpeedFix_Cyano_007_LT_LV_Kit_new.png","contentUrl":"https:\/\/penosil.com\/lt\/wp-content\/uploads\/sites\/13\/2025\/07\/007_SpeedFix_Cyano_007_LT_LV_Kit_new.png","width":523,"height":1080,"caption":"PENOSIL SpeedFix Cyano 007 momentinio sukibimo klij\u0173 rinkinys"},{"@type":"BreadcrumbList","@id":"https:\/\/penosil.com\/lt\/produktai\/speedfix-cyano-007-momentinio-sukibimo-kliju-rinkinys\/#breadcrumb","itemListElement":[{"@type":"ListItem","position":1,"name":"Home","item":"https:\/\/penosil.com\/lt\/"},{"@type":"ListItem","position":2,"name":"Produktai","item":"https:\/\/penosil.com\/lt\/produktai\/"},{"@type":"ListItem","position":3,"name":"SpeedFix Cyano 007"}]},{"@type":"WebSite","@id":"https:\/\/penosil.com\/lt\/#website","url":"https:\/\/penosil.com\/lt\/","name":"Penosil Lithuania","description":"","potentialAction":[{"@type":"SearchAction","target":{"@type":"EntryPoint","urlTemplate":"https:\/\/penosil.com\/lt\/?s={search_term_string}"},"query-input":{"@type":"PropertyValueSpecification","valueRequired":true,"valueName":"search_term_string"}}],"inLanguage":"lt-LT"}]}},"featured_img":"https:\/\/penosil.com\/lt\/wp-content\/uploads\/sites\/13\/2025\/07\/007_SpeedFix_Cyano_007_LT_LV_Kit_new.png","coauthors":[],"author_meta":{"author_link":"https:\/\/penosil.com\/lt\/author\/asta\/","display_name":"Asta Salkauskiene"},"relative_dates":{"created":"Posted 2 metai ago","modified":"Updated 6 val ago"},"absolute_dates":{"created":"Posted on 2024 12 liepos","modified":"Updated on 2026 12 baland\u017eio"},"absolute_dates_time":{"created":"Posted on 2024 12 liepos 7:31","modified":"Updated on 2026 12 baland\u017eio 0:03"},"featured_img_caption":"","tax_additional":{"product_brand":{"linked":[],"unlinked":[],"slug":"product_brand","name":"Preki\u0173 \u017eenklai"},"product_type":{"linked":["<a href=\"https:\/\/penosil.com\/lt\/?taxonomy=product_type&#038;term=simple\" class=\"advgb-post-tax-term\">simple<\/a>"],"unlinked":["<span class=\"advgb-post-tax-term\">simple<\/span>"],"slug":"product_type","name":"Produkto tipas"},"product_visibility":{"linked":[],"unlinked":[],"slug":"product_visibility","name":"Produkto matomumas"},"product_cat":{"linked":["<a href=\"https:\/\/penosil.com\/lt\/produkto-kategorija\/naudojimo-sritys\/\" class=\"advgb-post-tax-term\">Naudojimo sritys<\/a>","<a href=\"https:\/\/penosil.com\/lt\/produkto-kategorija\/produktu-grupes\/\" class=\"advgb-post-tax-term\">Produkt\u0173 grup\u0117s<\/a>","<a href=\"https:\/\/penosil.com\/lt\/produkto-kategorija\/produktu-grupes\/klijai\/\" class=\"advgb-post-tax-term\">Klijai<\/a>","<a href=\"https:\/\/penosil.com\/lt\/produkto-kategorija\/produktu-grupes\/klijai\/cianoakrilato-klijai\/\" class=\"advgb-post-tax-term\">Cianoakrilato klijai<\/a>","<a href=\"https:\/\/penosil.com\/lt\/produkto-kategorija\/naudojimo-sritys\/klijavimas\/\" class=\"advgb-post-tax-term\">Klijavimas<\/a>"],"unlinked":["<span class=\"advgb-post-tax-term\">Naudojimo sritys<\/span>","<span class=\"advgb-post-tax-term\">Produkt\u0173 grup\u0117s<\/span>","<span class=\"advgb-post-tax-term\">Klijai<\/span>","<span class=\"advgb-post-tax-term\">Cianoakrilato klijai<\/span>","<span class=\"advgb-post-tax-term\">Klijavimas<\/span>"],"slug":"product_cat","name":"Produkto kategorijos"},"product_tag":{"linked":[],"unlinked":[],"slug":"product_tag","name":"Produkto \u017eyma"},"product_shipping_class":{"linked":[],"unlinked":[],"slug":"product_shipping_class","name":"Produkto pristatymo klas\u0117s"},"pos_product_visibility":{"linked":[],"unlinked":[],"slug":"pos_product_visibility","name":"POS Product visibility"},"pa_color":{"linked":["<a href=\"https:\/\/penosil.com\/lt\/en\/?taxonomy=pa_color&#038;term=bespalve\" class=\"advgb-post-tax-term\">Bespalv\u0117<\/a>"],"unlinked":["<span class=\"advgb-post-tax-term\">Bespalv\u0117<\/span>"],"slug":"pa_color","name":"Product Color"},"pa_package":{"linked":[],"unlinked":[],"slug":"pa_package","name":"Product Package"},"pa_plotis":{"linked":[],"unlinked":[],"slug":"pa_plotis","name":"Product Plotis"},"pa_skersmuo":{"linked":[],"unlinked":[],"slug":"pa_skersmuo","name":"Product Skersmuo"},"translation_priority":{"linked":["<a href=\"https:\/\/penosil.com\/lt\/?taxonomy=translation_priority&#038;term=optional-lt\" class=\"advgb-post-tax-term\">Optional<\/a>"],"unlinked":["<span class=\"advgb-post-tax-term\">Optional<\/span>"],"slug":"translation_priority","name":"Translation Priorities"}},"series_order":"","_links":{"self":[{"href":"https:\/\/penosil.com\/lt\/wp-json\/wp\/v2\/product\/13956","targetHints":{"allow":["GET"]}}],"collection":[{"href":"https:\/\/penosil.com\/lt\/wp-json\/wp\/v2\/product"}],"about":[{"href":"https:\/\/penosil.com\/lt\/wp-json\/wp\/v2\/types\/product"}],"version-history":[{"count":9,"href":"https:\/\/penosil.com\/lt\/wp-json\/wp\/v2\/product\/13956\/revisions"}],"predecessor-version":[{"id":15654,"href":"https:\/\/penosil.com\/lt\/wp-json\/wp\/v2\/product\/13956\/revisions\/15654"}],"wp:featuredmedia":[{"embeddable":true,"href":"https:\/\/penosil.com\/lt\/wp-json\/wp\/v2\/media\/15642"}],"wp:attachment":[{"href":"https:\/\/penosil.com\/lt\/wp-json\/wp\/v2\/media?parent=13956"}],"wp:term":[{"taxonomy":"product_brand","embeddable":true,"href":"https:\/\/penosil.com\/lt\/wp-json\/wp\/v2\/product_brand?post=13956"},{"taxonomy":"product_cat","embeddable":true,"href":"https:\/\/penosil.com\/lt\/wp-json\/wp\/v2\/product_cat?post=13956"},{"taxonomy":"product_tag","embeddable":true,"href":"https:\/\/penosil.com\/lt\/wp-json\/wp\/v2\/product_tag?post=13956"}],"curies":[{"name":"wp","href":"https:\/\/api.w.org\/{rel}","templated":true}]}}