{"id":14027,"date":"2024-08-30T09:00:21","date_gmt":"2024-08-30T09:00:21","guid":{"rendered":"https:\/\/penosil.com\/lt\/?post_type=product&#038;p=14027"},"modified":"2026-01-08T01:15:36","modified_gmt":"2026-01-08T01:15:36","slug":"facade-repair-mastic-125e-mastika-fasado-siuliu-remontui","status":"publish","type":"product","link":"https:\/\/penosil.com\/lt\/produktai\/facade-repair-mastic-125e-mastika-fasado-siuliu-remontui\/","title":{"rendered":"Facade Repair Mastic 12,5E"},"content":{"rendered":"<p>Plasto-elastinis silikonizuotas akrilinis hermetikas &#8211; mastika, skirta fasado \u012ftr\u016bkim\u0173 ir si\u016bli\u0173 remontui. Puikiai tinka greitiems fasado remonto darbams prie\u0161 da\u017eym\u0105.<\/p>\n","protected":false},"excerpt":{"rendered":"mastika fasado si\u016bli\u0173 remontui","protected":false},"author":5,"featured_media":15633,"template":"","meta":{"_acf_changed":false,"advgb_blocks_editor_width":"","advgb_blocks_columns_visual_guide":"","footnotes":""},"product_brand":[],"product_cat":[210,1608,1368,1085,1626],"product_tag":[],"class_list":{"0":"post-14027","1":"product","2":"type-product","3":"status-publish","4":"has-post-thumbnail","6":"product_cat-naudojimo-sritys","7":"product_cat-hermetikai-ir-mastikos","8":"product_cat-produktu-grupes","9":"product_cat-stogai-ir-fasadai","10":"product_cat-akriliniai-hermetikai","12":"first","13":"instock","14":"taxable","15":"shipping-taxable","16":"purchasable","17":"product-type-simple"},"acf":[],"yoast_head":"<!-- This site is optimized with the Yoast SEO plugin v27.4 - https:\/\/yoast.com\/product\/yoast-seo-wordpress\/ -->\n<title>PENOSIL Facade Repair Mastic 12,5E mastika fasado si\u016bli\u0173 remontui<\/title>\n<meta name=\"description\" content=\"Plasto-elastinis silikonizuotas akrilinis hermetikas - mastika, skirtaa fasado \u012ftr\u016bkim\u0173 ir si\u016bli\u0173 remontui. Su\u017einoti daugiau!\" \/>\n<meta name=\"robots\" content=\"index, follow, max-snippet:-1, max-image-preview:large, max-video-preview:-1\" \/>\n<link rel=\"canonical\" href=\"https:\/\/penosil.com\/lt\/produktai\/facade-repair-mastic-125e-mastika-fasado-siuliu-remontui\/\" \/>\n<meta property=\"og:locale\" content=\"lt_LT\" \/>\n<meta property=\"og:type\" content=\"article\" \/>\n<meta property=\"og:title\" content=\"PENOSIL Facade Repair Mastic 12,5E mastika fasado si\u016bli\u0173 remontui\" \/>\n<meta property=\"og:description\" content=\"Plasto-elastinis silikonizuotas akrilinis hermetikas - mastika, skirtaa fasado \u012ftr\u016bkim\u0173 ir si\u016bli\u0173 remontui. Su\u017einoti daugiau!\" \/>\n<meta property=\"og:url\" content=\"https:\/\/penosil.com\/lt\/produktai\/facade-repair-mastic-125e-mastika-fasado-siuliu-remontui\/\" \/>\n<meta property=\"og:site_name\" content=\"Penosil Lithuania\" \/>\n<meta property=\"article:modified_time\" content=\"2026-01-08T01:15:36+00:00\" \/>\n<meta property=\"og:image\" content=\"https:\/\/penosil.com\/lt\/wp-content\/uploads\/sites\/13\/2025\/07\/1253_Facade_Repair_Mastic_125_LT_LV.png\" \/>\n\t<meta property=\"og:image:width\" content=\"831\" \/>\n\t<meta property=\"og:image:height\" content=\"648\" \/>\n\t<meta property=\"og:image:type\" content=\"image\/png\" \/>\n<meta name=\"twitter:card\" content=\"summary_large_image\" \/>\n<script type=\"application\/ld+json\" class=\"yoast-schema-graph\">{\"@context\":\"https:\\\/\\\/schema.org\",\"@graph\":[{\"@type\":\"WebPage\",\"@id\":\"https:\\\/\\\/penosil.com\\\/lt\\\/produktai\\\/facade-repair-mastic-125e-mastika-fasado-siuliu-remontui\\\/\",\"url\":\"https:\\\/\\\/penosil.com\\\/lt\\\/produktai\\\/facade-repair-mastic-125e-mastika-fasado-siuliu-remontui\\\/\",\"name\":\"PENOSIL Facade Repair Mastic 12,5E mastika fasado si\u016bli\u0173 remontui\",\"isPartOf\":{\"@id\":\"https:\\\/\\\/penosil.com\\\/lt\\\/#website\"},\"primaryImageOfPage\":{\"@id\":\"https:\\\/\\\/penosil.com\\\/lt\\\/produktai\\\/facade-repair-mastic-125e-mastika-fasado-siuliu-remontui\\\/#primaryimage\"},\"image\":{\"@id\":\"https:\\\/\\\/penosil.com\\\/lt\\\/produktai\\\/facade-repair-mastic-125e-mastika-fasado-siuliu-remontui\\\/#primaryimage\"},\"thumbnailUrl\":\"https:\\\/\\\/penosil.com\\\/lt\\\/wp-content\\\/uploads\\\/sites\\\/13\\\/2025\\\/07\\\/1253_Facade_Repair_Mastic_125_LT_LV.png\",\"datePublished\":\"2024-08-30T09:00:21+00:00\",\"dateModified\":\"2026-01-08T01:15:36+00:00\",\"description\":\"Plasto-elastinis silikonizuotas akrilinis hermetikas - mastika, skirtaa fasado \u012ftr\u016bkim\u0173 ir si\u016bli\u0173 remontui. Su\u017einoti daugiau!\",\"breadcrumb\":{\"@id\":\"https:\\\/\\\/penosil.com\\\/lt\\\/produktai\\\/facade-repair-mastic-125e-mastika-fasado-siuliu-remontui\\\/#breadcrumb\"},\"inLanguage\":\"lt-LT\",\"potentialAction\":[{\"@type\":\"ReadAction\",\"target\":[\"https:\\\/\\\/penosil.com\\\/lt\\\/produktai\\\/facade-repair-mastic-125e-mastika-fasado-siuliu-remontui\\\/\"]}]},{\"@type\":\"ImageObject\",\"inLanguage\":\"lt-LT\",\"@id\":\"https:\\\/\\\/penosil.com\\\/lt\\\/produktai\\\/facade-repair-mastic-125e-mastika-fasado-siuliu-remontui\\\/#primaryimage\",\"url\":\"https:\\\/\\\/penosil.com\\\/lt\\\/wp-content\\\/uploads\\\/sites\\\/13\\\/2025\\\/07\\\/1253_Facade_Repair_Mastic_125_LT_LV.png\",\"contentUrl\":\"https:\\\/\\\/penosil.com\\\/lt\\\/wp-content\\\/uploads\\\/sites\\\/13\\\/2025\\\/07\\\/1253_Facade_Repair_Mastic_125_LT_LV.png\",\"width\":831,\"height\":648,\"caption\":\"PENOSIL Facade Repair Mastic 12,5E mastika fasado si\u016bli\u0173 remontui\"},{\"@type\":\"BreadcrumbList\",\"@id\":\"https:\\\/\\\/penosil.com\\\/lt\\\/produktai\\\/facade-repair-mastic-125e-mastika-fasado-siuliu-remontui\\\/#breadcrumb\",\"itemListElement\":[{\"@type\":\"ListItem\",\"position\":1,\"name\":\"Home\",\"item\":\"https:\\\/\\\/penosil.com\\\/lt\\\/\"},{\"@type\":\"ListItem\",\"position\":2,\"name\":\"Produktai\",\"item\":\"https:\\\/\\\/penosil.com\\\/lt\\\/produktai\\\/\"},{\"@type\":\"ListItem\",\"position\":3,\"name\":\"Facade Repair Mastic 12,5E\"}]},{\"@type\":\"WebSite\",\"@id\":\"https:\\\/\\\/penosil.com\\\/lt\\\/#website\",\"url\":\"https:\\\/\\\/penosil.com\\\/lt\\\/\",\"name\":\"Penosil Lithuania\",\"description\":\"\",\"potentialAction\":[{\"@type\":\"SearchAction\",\"target\":{\"@type\":\"EntryPoint\",\"urlTemplate\":\"https:\\\/\\\/penosil.com\\\/lt\\\/?s={search_term_string}\"},\"query-input\":{\"@type\":\"PropertyValueSpecification\",\"valueRequired\":true,\"valueName\":\"search_term_string\"}}],\"inLanguage\":\"lt-LT\"}]}<\/script>\n<!-- \/ Yoast SEO plugin. -->","yoast_head_json":{"title":"PENOSIL Facade Repair Mastic 12,5E mastika fasado si\u016bli\u0173 remontui","description":"Plasto-elastinis silikonizuotas akrilinis hermetikas - mastika, skirtaa fasado \u012ftr\u016bkim\u0173 ir si\u016bli\u0173 remontui. Su\u017einoti daugiau!","robots":{"index":"index","follow":"follow","max-snippet":"max-snippet:-1","max-image-preview":"max-image-preview:large","max-video-preview":"max-video-preview:-1"},"canonical":"https:\/\/penosil.com\/lt\/produktai\/facade-repair-mastic-125e-mastika-fasado-siuliu-remontui\/","og_locale":"lt_LT","og_type":"article","og_title":"PENOSIL Facade Repair Mastic 12,5E mastika fasado si\u016bli\u0173 remontui","og_description":"Plasto-elastinis silikonizuotas akrilinis hermetikas - mastika, skirtaa fasado \u012ftr\u016bkim\u0173 ir si\u016bli\u0173 remontui. Su\u017einoti daugiau!","og_url":"https:\/\/penosil.com\/lt\/produktai\/facade-repair-mastic-125e-mastika-fasado-siuliu-remontui\/","og_site_name":"Penosil Lithuania","article_modified_time":"2026-01-08T01:15:36+00:00","og_image":[{"width":831,"height":648,"url":"https:\/\/penosil.com\/lt\/wp-content\/uploads\/sites\/13\/2025\/07\/1253_Facade_Repair_Mastic_125_LT_LV.png","type":"image\/png"}],"twitter_card":"summary_large_image","schema":{"@context":"https:\/\/schema.org","@graph":[{"@type":"WebPage","@id":"https:\/\/penosil.com\/lt\/produktai\/facade-repair-mastic-125e-mastika-fasado-siuliu-remontui\/","url":"https:\/\/penosil.com\/lt\/produktai\/facade-repair-mastic-125e-mastika-fasado-siuliu-remontui\/","name":"PENOSIL Facade Repair Mastic 12,5E mastika fasado si\u016bli\u0173 remontui","isPartOf":{"@id":"https:\/\/penosil.com\/lt\/#website"},"primaryImageOfPage":{"@id":"https:\/\/penosil.com\/lt\/produktai\/facade-repair-mastic-125e-mastika-fasado-siuliu-remontui\/#primaryimage"},"image":{"@id":"https:\/\/penosil.com\/lt\/produktai\/facade-repair-mastic-125e-mastika-fasado-siuliu-remontui\/#primaryimage"},"thumbnailUrl":"https:\/\/penosil.com\/lt\/wp-content\/uploads\/sites\/13\/2025\/07\/1253_Facade_Repair_Mastic_125_LT_LV.png","datePublished":"2024-08-30T09:00:21+00:00","dateModified":"2026-01-08T01:15:36+00:00","description":"Plasto-elastinis silikonizuotas akrilinis hermetikas - mastika, skirtaa fasado \u012ftr\u016bkim\u0173 ir si\u016bli\u0173 remontui. Su\u017einoti daugiau!","breadcrumb":{"@id":"https:\/\/penosil.com\/lt\/produktai\/facade-repair-mastic-125e-mastika-fasado-siuliu-remontui\/#breadcrumb"},"inLanguage":"lt-LT","potentialAction":[{"@type":"ReadAction","target":["https:\/\/penosil.com\/lt\/produktai\/facade-repair-mastic-125e-mastika-fasado-siuliu-remontui\/"]}]},{"@type":"ImageObject","inLanguage":"lt-LT","@id":"https:\/\/penosil.com\/lt\/produktai\/facade-repair-mastic-125e-mastika-fasado-siuliu-remontui\/#primaryimage","url":"https:\/\/penosil.com\/lt\/wp-content\/uploads\/sites\/13\/2025\/07\/1253_Facade_Repair_Mastic_125_LT_LV.png","contentUrl":"https:\/\/penosil.com\/lt\/wp-content\/uploads\/sites\/13\/2025\/07\/1253_Facade_Repair_Mastic_125_LT_LV.png","width":831,"height":648,"caption":"PENOSIL Facade Repair Mastic 12,5E mastika fasado si\u016bli\u0173 remontui"},{"@type":"BreadcrumbList","@id":"https:\/\/penosil.com\/lt\/produktai\/facade-repair-mastic-125e-mastika-fasado-siuliu-remontui\/#breadcrumb","itemListElement":[{"@type":"ListItem","position":1,"name":"Home","item":"https:\/\/penosil.com\/lt\/"},{"@type":"ListItem","position":2,"name":"Produktai","item":"https:\/\/penosil.com\/lt\/produktai\/"},{"@type":"ListItem","position":3,"name":"Facade Repair Mastic 12,5E"}]},{"@type":"WebSite","@id":"https:\/\/penosil.com\/lt\/#website","url":"https:\/\/penosil.com\/lt\/","name":"Penosil Lithuania","description":"","potentialAction":[{"@type":"SearchAction","target":{"@type":"EntryPoint","urlTemplate":"https:\/\/penosil.com\/lt\/?s={search_term_string}"},"query-input":{"@type":"PropertyValueSpecification","valueRequired":true,"valueName":"search_term_string"}}],"inLanguage":"lt-LT"}]}},"featured_img":"https:\/\/penosil.com\/lt\/wp-content\/uploads\/sites\/13\/2025\/07\/1253_Facade_Repair_Mastic_125_LT_LV.png","coauthors":[],"author_meta":{"author_link":"https:\/\/penosil.com\/lt\/author\/asta\/","display_name":"Asta Salkauskiene"},"relative_dates":{"created":"Posted 2 metai ago","modified":"Updated 3 m\u0117nesiai ago"},"absolute_dates":{"created":"Posted on 2024 30 rugpj\u016b\u010dio","modified":"Updated on 2026 8 sausio"},"absolute_dates_time":{"created":"Posted on 2024 30 rugpj\u016b\u010dio 9:00","modified":"Updated on 2026 8 sausio 1:15"},"featured_img_caption":"","tax_additional":{"product_brand":{"linked":[],"unlinked":[],"slug":"product_brand","name":"Preki\u0173 \u017eenklai"},"product_type":{"linked":["<a href=\"https:\/\/penosil.com\/lt\/?taxonomy=product_type&#038;term=simple\" class=\"advgb-post-tax-term\">simple<\/a>"],"unlinked":["<span class=\"advgb-post-tax-term\">simple<\/span>"],"slug":"product_type","name":"Produkto tipas"},"product_visibility":{"linked":[],"unlinked":[],"slug":"product_visibility","name":"Produkto matomumas"},"product_cat":{"linked":["<a href=\"https:\/\/penosil.com\/lt\/produkto-kategorija\/naudojimo-sritys\/\" class=\"advgb-post-tax-term\">Naudojimo sritys<\/a>","<a href=\"https:\/\/penosil.com\/lt\/produkto-kategorija\/produktu-grupes\/hermetikai-ir-mastikos\/\" class=\"advgb-post-tax-term\">Hermetikai ir mastikos<\/a>","<a href=\"https:\/\/penosil.com\/lt\/produkto-kategorija\/produktu-grupes\/\" class=\"advgb-post-tax-term\">Produkt\u0173 grup\u0117s<\/a>","<a href=\"https:\/\/penosil.com\/lt\/produkto-kategorija\/naudojimo-sritys\/stogai-ir-fasadai\/\" class=\"advgb-post-tax-term\">Stogai ir fasadai<\/a>","<a href=\"https:\/\/penosil.com\/lt\/produkto-kategorija\/produktu-grupes\/hermetikai-ir-mastikos\/akriliniai-hermetikai\/\" class=\"advgb-post-tax-term\">Akriliniai hermetikai<\/a>"],"unlinked":["<span class=\"advgb-post-tax-term\">Naudojimo sritys<\/span>","<span class=\"advgb-post-tax-term\">Hermetikai ir mastikos<\/span>","<span class=\"advgb-post-tax-term\">Produkt\u0173 grup\u0117s<\/span>","<span class=\"advgb-post-tax-term\">Stogai ir fasadai<\/span>","<span class=\"advgb-post-tax-term\">Akriliniai hermetikai<\/span>"],"slug":"product_cat","name":"Produkto kategorijos"},"product_tag":{"linked":[],"unlinked":[],"slug":"product_tag","name":"Produkto \u017eyma"},"product_shipping_class":{"linked":[],"unlinked":[],"slug":"product_shipping_class","name":"Produkto pristatymo klas\u0117s"},"pos_product_visibility":{"linked":[],"unlinked":[],"slug":"pos_product_visibility","name":"POS Product visibility"},"pa_color":{"linked":["<a href=\"https:\/\/penosil.com\/lt\/en\/?taxonomy=pa_color&#038;term=pilka\" class=\"advgb-post-tax-term\">Pilka<\/a>"],"unlinked":["<span class=\"advgb-post-tax-term\">Pilka<\/span>"],"slug":"pa_color","name":"Product Color"},"pa_package":{"linked":["<a href=\"https:\/\/penosil.com\/lt\/?taxonomy=pa_package&#038;term=10-l\" class=\"advgb-post-tax-term\">10 l<\/a>"],"unlinked":["<span class=\"advgb-post-tax-term\">10 l<\/span>"],"slug":"pa_package","name":"Product Package"},"pa_plotis":{"linked":[],"unlinked":[],"slug":"pa_plotis","name":"Product Plotis"},"pa_skersmuo":{"linked":[],"unlinked":[],"slug":"pa_skersmuo","name":"Product Skersmuo"},"translation_priority":{"linked":["<a href=\"https:\/\/penosil.com\/lt\/?taxonomy=translation_priority&#038;term=optional-lt\" class=\"advgb-post-tax-term\">Optional<\/a>"],"unlinked":["<span class=\"advgb-post-tax-term\">Optional<\/span>"],"slug":"translation_priority","name":"Translation Priorities"}},"series_order":"","_links":{"self":[{"href":"https:\/\/penosil.com\/lt\/wp-json\/wp\/v2\/product\/14027","targetHints":{"allow":["GET"]}}],"collection":[{"href":"https:\/\/penosil.com\/lt\/wp-json\/wp\/v2\/product"}],"about":[{"href":"https:\/\/penosil.com\/lt\/wp-json\/wp\/v2\/types\/product"}],"version-history":[{"count":4,"href":"https:\/\/penosil.com\/lt\/wp-json\/wp\/v2\/product\/14027\/revisions"}],"predecessor-version":[{"id":15549,"href":"https:\/\/penosil.com\/lt\/wp-json\/wp\/v2\/product\/14027\/revisions\/15549"}],"wp:featuredmedia":[{"embeddable":true,"href":"https:\/\/penosil.com\/lt\/wp-json\/wp\/v2\/media\/15633"}],"wp:attachment":[{"href":"https:\/\/penosil.com\/lt\/wp-json\/wp\/v2\/media?parent=14027"}],"wp:term":[{"taxonomy":"product_brand","embeddable":true,"href":"https:\/\/penosil.com\/lt\/wp-json\/wp\/v2\/product_brand?post=14027"},{"taxonomy":"product_cat","embeddable":true,"href":"https:\/\/penosil.com\/lt\/wp-json\/wp\/v2\/product_cat?post=14027"},{"taxonomy":"product_tag","embeddable":true,"href":"https:\/\/penosil.com\/lt\/wp-json\/wp\/v2\/product_tag?post=14027"}],"curies":[{"name":"wp","href":"https:\/\/api.w.org\/{rel}","templated":true}]}}