{"id":14300,"date":"2024-11-08T07:17:58","date_gmt":"2024-11-08T07:17:58","guid":{"rendered":"https:\/\/penosil.com\/lt\/?post_type=product&#038;p=14300"},"modified":"2026-04-21T00:03:12","modified_gmt":"2026-04-21T00:03:12","slug":"window-door-silicone-312-neutralus-silikonas-profesionalams","status":"publish","type":"product","link":"https:\/\/penosil.com\/lt\/produktai\/window-door-silicone-312-neutralus-silikonas-profesionalams\/","title":{"rendered":"Window &#038; Door Silicone 312"},"content":{"rendered":"<p>\u012evairi\u0173 paskir\u010di\u0173 elastingas neutralus silikonas profesionalams, pasi\u017eymintis dideliu paslankumu jungtyje vidaus ir i\u0161or\u0117s statybos darbams. Suformuoja elasting\u0105 ir oro s\u0105lygoms atspar\u0173 silikonin\u012f sandarikl\u012f.<\/p>\n","protected":false},"excerpt":{"rendered":"neutralus silikonas profesionalams","protected":false},"author":5,"featured_media":14343,"template":"","meta":{"_acf_changed":false,"advgb_blocks_editor_width":"","advgb_blocks_columns_visual_guide":"","footnotes":""},"product_brand":[],"product_cat":[210,1064,1289,1608,2363,1368],"product_tag":[],"class_list":{"0":"post-14300","1":"product","2":"type-product","3":"status-publish","4":"has-post-thumbnail","6":"product_cat-naudojimo-sritys","7":"product_cat-nauji-produktai","8":"product_cat-langai-ir-durys","9":"product_cat-hermetikai-ir-mastikos","10":"product_cat-neutralus-silikonai","11":"product_cat-produktu-grupes","13":"first","14":"outofstock","15":"taxable","16":"shipping-taxable","17":"product-type-variable"},"acf":[],"yoast_head":"<!-- This site is optimized with the Yoast SEO plugin v27.4 - https:\/\/yoast.com\/product\/yoast-seo-wordpress\/ -->\n<title>PENOSIL Window &amp; Door Silicone 312 neutralus silikonas<\/title>\n<meta name=\"description\" content=\"Elastingas neutralus silikonas profesionalams, pasi\u017eymintis dideliu paslankumu jungtyje vidaus ir i\u0161or\u0117s statybos darbams. Daugiau!\" \/>\n<meta name=\"robots\" content=\"index, follow, max-snippet:-1, max-image-preview:large, max-video-preview:-1\" \/>\n<link rel=\"canonical\" href=\"https:\/\/penosil.com\/lt\/produktai\/window-door-silicone-312-neutralus-silikonas-profesionalams\/\" \/>\n<meta property=\"og:locale\" content=\"lt_LT\" \/>\n<meta property=\"og:type\" content=\"article\" \/>\n<meta property=\"og:title\" content=\"PENOSIL Window &amp; Door Silicone 312 neutralus silikonas\" \/>\n<meta property=\"og:description\" content=\"Elastingas neutralus silikonas profesionalams, pasi\u017eymintis dideliu paslankumu jungtyje vidaus ir i\u0161or\u0117s statybos darbams. Daugiau!\" \/>\n<meta property=\"og:url\" content=\"https:\/\/penosil.com\/lt\/produktai\/window-door-silicone-312-neutralus-silikonas-profesionalams\/\" \/>\n<meta property=\"og:site_name\" content=\"Penosil Lithuania\" \/>\n<meta property=\"article:modified_time\" content=\"2026-04-21T00:03:12+00:00\" \/>\n<meta property=\"og:image\" content=\"https:\/\/penosil.com\/lt\/wp-content\/uploads\/sites\/13\/2024\/11\/312_Window_and_Door_312_LT_LV_RU.png\" \/>\n\t<meta property=\"og:image:width\" content=\"387\" \/>\n\t<meta property=\"og:image:height\" content=\"1080\" \/>\n\t<meta property=\"og:image:type\" content=\"image\/png\" \/>\n<meta name=\"twitter:card\" content=\"summary_large_image\" \/>\n<script type=\"application\/ld+json\" class=\"yoast-schema-graph\">{\"@context\":\"https:\\\/\\\/schema.org\",\"@graph\":[{\"@type\":\"WebPage\",\"@id\":\"https:\\\/\\\/penosil.com\\\/lt\\\/produktai\\\/window-door-silicone-312-neutralus-silikonas-profesionalams\\\/\",\"url\":\"https:\\\/\\\/penosil.com\\\/lt\\\/produktai\\\/window-door-silicone-312-neutralus-silikonas-profesionalams\\\/\",\"name\":\"PENOSIL Window & Door Silicone 312 neutralus silikonas\",\"isPartOf\":{\"@id\":\"https:\\\/\\\/penosil.com\\\/lt\\\/#website\"},\"primaryImageOfPage\":{\"@id\":\"https:\\\/\\\/penosil.com\\\/lt\\\/produktai\\\/window-door-silicone-312-neutralus-silikonas-profesionalams\\\/#primaryimage\"},\"image\":{\"@id\":\"https:\\\/\\\/penosil.com\\\/lt\\\/produktai\\\/window-door-silicone-312-neutralus-silikonas-profesionalams\\\/#primaryimage\"},\"thumbnailUrl\":\"https:\\\/\\\/penosil.com\\\/lt\\\/wp-content\\\/uploads\\\/sites\\\/13\\\/2024\\\/11\\\/312_Window_and_Door_312_LT_LV_RU.png\",\"datePublished\":\"2024-11-08T07:17:58+00:00\",\"dateModified\":\"2026-04-21T00:03:12+00:00\",\"description\":\"Elastingas neutralus silikonas profesionalams, pasi\u017eymintis dideliu paslankumu jungtyje vidaus ir i\u0161or\u0117s statybos darbams. Daugiau!\",\"breadcrumb\":{\"@id\":\"https:\\\/\\\/penosil.com\\\/lt\\\/produktai\\\/window-door-silicone-312-neutralus-silikonas-profesionalams\\\/#breadcrumb\"},\"inLanguage\":\"lt-LT\",\"potentialAction\":[{\"@type\":\"ReadAction\",\"target\":[\"https:\\\/\\\/penosil.com\\\/lt\\\/produktai\\\/window-door-silicone-312-neutralus-silikonas-profesionalams\\\/\"]}]},{\"@type\":\"ImageObject\",\"inLanguage\":\"lt-LT\",\"@id\":\"https:\\\/\\\/penosil.com\\\/lt\\\/produktai\\\/window-door-silicone-312-neutralus-silikonas-profesionalams\\\/#primaryimage\",\"url\":\"https:\\\/\\\/penosil.com\\\/lt\\\/wp-content\\\/uploads\\\/sites\\\/13\\\/2024\\\/11\\\/312_Window_and_Door_312_LT_LV_RU.png\",\"contentUrl\":\"https:\\\/\\\/penosil.com\\\/lt\\\/wp-content\\\/uploads\\\/sites\\\/13\\\/2024\\\/11\\\/312_Window_and_Door_312_LT_LV_RU.png\",\"width\":387,\"height\":1080,\"caption\":\"PENOSIL Window & Door Silicone 312 neutralus silikonas\"},{\"@type\":\"BreadcrumbList\",\"@id\":\"https:\\\/\\\/penosil.com\\\/lt\\\/produktai\\\/window-door-silicone-312-neutralus-silikonas-profesionalams\\\/#breadcrumb\",\"itemListElement\":[{\"@type\":\"ListItem\",\"position\":1,\"name\":\"Home\",\"item\":\"https:\\\/\\\/penosil.com\\\/lt\\\/\"},{\"@type\":\"ListItem\",\"position\":2,\"name\":\"Produktai\",\"item\":\"https:\\\/\\\/penosil.com\\\/lt\\\/produktai\\\/\"},{\"@type\":\"ListItem\",\"position\":3,\"name\":\"Window &#038; Door Silicone 312\"}]},{\"@type\":\"WebSite\",\"@id\":\"https:\\\/\\\/penosil.com\\\/lt\\\/#website\",\"url\":\"https:\\\/\\\/penosil.com\\\/lt\\\/\",\"name\":\"Penosil Lithuania\",\"description\":\"\",\"potentialAction\":[{\"@type\":\"SearchAction\",\"target\":{\"@type\":\"EntryPoint\",\"urlTemplate\":\"https:\\\/\\\/penosil.com\\\/lt\\\/?s={search_term_string}\"},\"query-input\":{\"@type\":\"PropertyValueSpecification\",\"valueRequired\":true,\"valueName\":\"search_term_string\"}}],\"inLanguage\":\"lt-LT\"}]}<\/script>\n<!-- \/ Yoast SEO plugin. -->","yoast_head_json":{"title":"PENOSIL Window & Door Silicone 312 neutralus silikonas","description":"Elastingas neutralus silikonas profesionalams, pasi\u017eymintis dideliu paslankumu jungtyje vidaus ir i\u0161or\u0117s statybos darbams. Daugiau!","robots":{"index":"index","follow":"follow","max-snippet":"max-snippet:-1","max-image-preview":"max-image-preview:large","max-video-preview":"max-video-preview:-1"},"canonical":"https:\/\/penosil.com\/lt\/produktai\/window-door-silicone-312-neutralus-silikonas-profesionalams\/","og_locale":"lt_LT","og_type":"article","og_title":"PENOSIL Window & Door Silicone 312 neutralus silikonas","og_description":"Elastingas neutralus silikonas profesionalams, pasi\u017eymintis dideliu paslankumu jungtyje vidaus ir i\u0161or\u0117s statybos darbams. Daugiau!","og_url":"https:\/\/penosil.com\/lt\/produktai\/window-door-silicone-312-neutralus-silikonas-profesionalams\/","og_site_name":"Penosil Lithuania","article_modified_time":"2026-04-21T00:03:12+00:00","og_image":[{"width":387,"height":1080,"url":"https:\/\/penosil.com\/lt\/wp-content\/uploads\/sites\/13\/2024\/11\/312_Window_and_Door_312_LT_LV_RU.png","type":"image\/png"}],"twitter_card":"summary_large_image","schema":{"@context":"https:\/\/schema.org","@graph":[{"@type":"WebPage","@id":"https:\/\/penosil.com\/lt\/produktai\/window-door-silicone-312-neutralus-silikonas-profesionalams\/","url":"https:\/\/penosil.com\/lt\/produktai\/window-door-silicone-312-neutralus-silikonas-profesionalams\/","name":"PENOSIL Window & Door Silicone 312 neutralus silikonas","isPartOf":{"@id":"https:\/\/penosil.com\/lt\/#website"},"primaryImageOfPage":{"@id":"https:\/\/penosil.com\/lt\/produktai\/window-door-silicone-312-neutralus-silikonas-profesionalams\/#primaryimage"},"image":{"@id":"https:\/\/penosil.com\/lt\/produktai\/window-door-silicone-312-neutralus-silikonas-profesionalams\/#primaryimage"},"thumbnailUrl":"https:\/\/penosil.com\/lt\/wp-content\/uploads\/sites\/13\/2024\/11\/312_Window_and_Door_312_LT_LV_RU.png","datePublished":"2024-11-08T07:17:58+00:00","dateModified":"2026-04-21T00:03:12+00:00","description":"Elastingas neutralus silikonas profesionalams, pasi\u017eymintis dideliu paslankumu jungtyje vidaus ir i\u0161or\u0117s statybos darbams. Daugiau!","breadcrumb":{"@id":"https:\/\/penosil.com\/lt\/produktai\/window-door-silicone-312-neutralus-silikonas-profesionalams\/#breadcrumb"},"inLanguage":"lt-LT","potentialAction":[{"@type":"ReadAction","target":["https:\/\/penosil.com\/lt\/produktai\/window-door-silicone-312-neutralus-silikonas-profesionalams\/"]}]},{"@type":"ImageObject","inLanguage":"lt-LT","@id":"https:\/\/penosil.com\/lt\/produktai\/window-door-silicone-312-neutralus-silikonas-profesionalams\/#primaryimage","url":"https:\/\/penosil.com\/lt\/wp-content\/uploads\/sites\/13\/2024\/11\/312_Window_and_Door_312_LT_LV_RU.png","contentUrl":"https:\/\/penosil.com\/lt\/wp-content\/uploads\/sites\/13\/2024\/11\/312_Window_and_Door_312_LT_LV_RU.png","width":387,"height":1080,"caption":"PENOSIL Window & Door Silicone 312 neutralus silikonas"},{"@type":"BreadcrumbList","@id":"https:\/\/penosil.com\/lt\/produktai\/window-door-silicone-312-neutralus-silikonas-profesionalams\/#breadcrumb","itemListElement":[{"@type":"ListItem","position":1,"name":"Home","item":"https:\/\/penosil.com\/lt\/"},{"@type":"ListItem","position":2,"name":"Produktai","item":"https:\/\/penosil.com\/lt\/produktai\/"},{"@type":"ListItem","position":3,"name":"Window &#038; Door Silicone 312"}]},{"@type":"WebSite","@id":"https:\/\/penosil.com\/lt\/#website","url":"https:\/\/penosil.com\/lt\/","name":"Penosil Lithuania","description":"","potentialAction":[{"@type":"SearchAction","target":{"@type":"EntryPoint","urlTemplate":"https:\/\/penosil.com\/lt\/?s={search_term_string}"},"query-input":{"@type":"PropertyValueSpecification","valueRequired":true,"valueName":"search_term_string"}}],"inLanguage":"lt-LT"}]}},"featured_img":"https:\/\/penosil.com\/lt\/wp-content\/uploads\/sites\/13\/2024\/11\/312_Window_and_Door_312_LT_LV_RU.png","coauthors":[],"author_meta":{"author_link":"https:\/\/penosil.com\/lt\/author\/asta\/","display_name":"Asta Salkauskiene"},"relative_dates":{"created":"Posted 1 metai ago","modified":"Updated 1 savait\u0117 ago"},"absolute_dates":{"created":"Posted on 2024 8 lapkri\u010dio","modified":"Updated on 2026 21 baland\u017eio"},"absolute_dates_time":{"created":"Posted on 2024 8 lapkri\u010dio 7:17","modified":"Updated on 2026 21 baland\u017eio 0:03"},"featured_img_caption":"PENOSIL Window & Door Silicone 312 neutralus silikonas","tax_additional":{"product_brand":{"linked":[],"unlinked":[],"slug":"product_brand","name":"Preki\u0173 \u017eenklai"},"product_type":{"linked":["<a href=\"https:\/\/penosil.com\/lt\/?taxonomy=product_type&#038;term=variable\" class=\"advgb-post-tax-term\">variable<\/a>"],"unlinked":["<span class=\"advgb-post-tax-term\">variable<\/span>"],"slug":"product_type","name":"Produkto tipas"},"product_visibility":{"linked":["<a href=\"https:\/\/penosil.com\/lt\/en\/?taxonomy=product_visibility&#038;term=outofstock\" class=\"advgb-post-tax-term\">outofstock<\/a>"],"unlinked":["<span class=\"advgb-post-tax-term\">outofstock<\/span>"],"slug":"product_visibility","name":"Produkto matomumas"},"product_cat":{"linked":["<a href=\"https:\/\/penosil.com\/lt\/produkto-kategorija\/naudojimo-sritys\/\" class=\"advgb-post-tax-term\">Naudojimo sritys<\/a>","<a href=\"https:\/\/penosil.com\/lt\/produkto-kategorija\/nauji-produktai\/\" class=\"advgb-post-tax-term\">Nauji produktai<\/a>","<a href=\"https:\/\/penosil.com\/lt\/produkto-kategorija\/naudojimo-sritys\/langai-ir-durys\/\" class=\"advgb-post-tax-term\">Langai ir durys<\/a>","<a href=\"https:\/\/penosil.com\/lt\/produkto-kategorija\/produktu-grupes\/hermetikai-ir-mastikos\/\" class=\"advgb-post-tax-term\">Hermetikai ir mastikos<\/a>","<a href=\"https:\/\/penosil.com\/lt\/produkto-kategorija\/produktu-grupes\/hermetikai-ir-mastikos\/neutralus-silikonai\/\" class=\"advgb-post-tax-term\">Neutral\u016bs silikonai<\/a>","<a href=\"https:\/\/penosil.com\/lt\/produkto-kategorija\/produktu-grupes\/\" class=\"advgb-post-tax-term\">Produkt\u0173 grup\u0117s<\/a>"],"unlinked":["<span class=\"advgb-post-tax-term\">Naudojimo sritys<\/span>","<span class=\"advgb-post-tax-term\">Nauji produktai<\/span>","<span class=\"advgb-post-tax-term\">Langai ir durys<\/span>","<span class=\"advgb-post-tax-term\">Hermetikai ir mastikos<\/span>","<span class=\"advgb-post-tax-term\">Neutral\u016bs silikonai<\/span>","<span class=\"advgb-post-tax-term\">Produkt\u0173 grup\u0117s<\/span>"],"slug":"product_cat","name":"Produkto kategorijos"},"product_tag":{"linked":[],"unlinked":[],"slug":"product_tag","name":"Produkto \u017eyma"},"product_shipping_class":{"linked":[],"unlinked":[],"slug":"product_shipping_class","name":"Produkto pristatymo klas\u0117s"},"pos_product_visibility":{"linked":[],"unlinked":[],"slug":"pos_product_visibility","name":"POS Product visibility"},"pa_color":{"linked":["<a href=\"https:\/\/penosil.com\/lt\/en\/?taxonomy=pa_color&#038;term=juoda\" class=\"advgb-post-tax-term\">Juoda<\/a>","<a href=\"https:\/\/penosil.com\/lt\/en\/?taxonomy=pa_color&#038;term=balta\" class=\"advgb-post-tax-term\">Balta<\/a>","<a href=\"https:\/\/penosil.com\/lt\/en\/?taxonomy=pa_color&#038;term=bespalve\" class=\"advgb-post-tax-term\">Bespalv\u0117<\/a>"],"unlinked":["<span class=\"advgb-post-tax-term\">Juoda<\/span>","<span class=\"advgb-post-tax-term\">Balta<\/span>","<span class=\"advgb-post-tax-term\">Bespalv\u0117<\/span>"],"slug":"pa_color","name":"Product Color"},"pa_package":{"linked":["<a href=\"https:\/\/penosil.com\/lt\/?taxonomy=pa_package&#038;term=600-ml\" class=\"advgb-post-tax-term\">600 ml<\/a>"],"unlinked":["<span class=\"advgb-post-tax-term\">600 ml<\/span>"],"slug":"pa_package","name":"Product Package"},"pa_plotis":{"linked":[],"unlinked":[],"slug":"pa_plotis","name":"Product Plotis"},"pa_skersmuo":{"linked":[],"unlinked":[],"slug":"pa_skersmuo","name":"Product Skersmuo"},"translation_priority":{"linked":["<a href=\"https:\/\/penosil.com\/lt\/?taxonomy=translation_priority&#038;term=optional-lt\" class=\"advgb-post-tax-term\">Optional<\/a>"],"unlinked":["<span class=\"advgb-post-tax-term\">Optional<\/span>"],"slug":"translation_priority","name":"Translation Priorities"}},"series_order":"","_links":{"self":[{"href":"https:\/\/penosil.com\/lt\/wp-json\/wp\/v2\/product\/14300","targetHints":{"allow":["GET"]}}],"collection":[{"href":"https:\/\/penosil.com\/lt\/wp-json\/wp\/v2\/product"}],"about":[{"href":"https:\/\/penosil.com\/lt\/wp-json\/wp\/v2\/types\/product"}],"version-history":[{"count":12,"href":"https:\/\/penosil.com\/lt\/wp-json\/wp\/v2\/product\/14300\/revisions"}],"predecessor-version":[{"id":16392,"href":"https:\/\/penosil.com\/lt\/wp-json\/wp\/v2\/product\/14300\/revisions\/16392"}],"wp:featuredmedia":[{"embeddable":true,"href":"https:\/\/penosil.com\/lt\/wp-json\/wp\/v2\/media\/14343"}],"wp:attachment":[{"href":"https:\/\/penosil.com\/lt\/wp-json\/wp\/v2\/media?parent=14300"}],"wp:term":[{"taxonomy":"product_brand","embeddable":true,"href":"https:\/\/penosil.com\/lt\/wp-json\/wp\/v2\/product_brand?post=14300"},{"taxonomy":"product_cat","embeddable":true,"href":"https:\/\/penosil.com\/lt\/wp-json\/wp\/v2\/product_cat?post=14300"},{"taxonomy":"product_tag","embeddable":true,"href":"https:\/\/penosil.com\/lt\/wp-json\/wp\/v2\/product_tag?post=14300"}],"curies":[{"name":"wp","href":"https:\/\/api.w.org\/{rel}","templated":true}]}}