{"id":14492,"date":"2025-01-09T06:02:21","date_gmt":"2025-01-09T06:02:21","guid":{"rendered":"https:\/\/penosil.com\/lt\/?post_type=product&#038;p=14492"},"modified":"2026-03-13T01:02:08","modified_gmt":"2026-03-13T01:02:08","slug":"firestop-fiberfoc-470-ugniai-atspari-mineralines-vatos-tarpine","status":"publish","type":"product","link":"https:\/\/penosil.com\/lt\/produktai\/firestop-fiberfoc-470-ugniai-atspari-mineralines-vatos-tarpine\/","title":{"rendered":"FireStop FiberFoc 470"},"content":{"rendered":"<p>Ugniai atspari tarpin\u0117 i\u0161 mineralin\u0117s vatos pluo\u0161to, apvyniota stiklo pluo\u0161tu. Tinka sandarinti si\u016bles, jungtis ir tarpus ugniai atspariose konstrukcijose.<\/p>\n","protected":false},"excerpt":{"rendered":"ugniai atspari mineralin\u0117s vatos tarpin\u0117","protected":false},"author":5,"featured_media":14493,"template":"","meta":{"_acf_changed":false,"advgb_blocks_editor_width":"","advgb_blocks_columns_visual_guide":"","footnotes":""},"product_brand":[],"product_cat":[2368,210,1064,1368,1695,656],"product_tag":[],"class_list":{"0":"post-14492","1":"product","2":"type-product","3":"status-publish","4":"has-post-thumbnail","6":"product_cat-sandarinimo-tarpines","7":"product_cat-naudojimo-sritys","8":"product_cat-nauji-produktai","9":"product_cat-produktu-grupes","10":"product_cat-juostos-ir-membranos","11":"product_cat-atsparumas-ugniai","13":"first","14":"instock","15":"taxable","16":"shipping-taxable","17":"purchasable","18":"product-type-simple"},"acf":[],"yoast_head":"<!-- This site is optimized with the Yoast SEO plugin v27.2 - https:\/\/yoast.com\/product\/yoast-seo-wordpress\/ -->\n<title>PENOSIL FireStop FiberFoc 470 ugniai atspari tarpin\u0117<\/title>\n<meta name=\"description\" content=\"Ugniai atsparus tarpin\u0117 i\u0161 mineralin\u0117s vatos pluo\u0161to, apvyniota stiklo pluo\u0161tu. Si\u016bli\u0173, jung\u010di\u0173, tarp\u0173 sandarinimui ugniai atspariose konstrukcijose.\" \/>\n<meta name=\"robots\" content=\"index, follow, max-snippet:-1, max-image-preview:large, max-video-preview:-1\" \/>\n<link rel=\"canonical\" href=\"https:\/\/penosil.com\/lt\/produktai\/firestop-fiberfoc-470-ugniai-atspari-mineralines-vatos-tarpine\/\" \/>\n<meta property=\"og:locale\" content=\"lt_LT\" \/>\n<meta property=\"og:type\" content=\"article\" \/>\n<meta property=\"og:title\" content=\"PENOSIL FireStop FiberFoc 470 ugniai atspari tarpin\u0117\" \/>\n<meta property=\"og:description\" content=\"Ugniai atsparus tarpin\u0117 i\u0161 mineralin\u0117s vatos pluo\u0161to, apvyniota stiklo pluo\u0161tu. Si\u016bli\u0173, jung\u010di\u0173, tarp\u0173 sandarinimui ugniai atspariose konstrukcijose.\" \/>\n<meta property=\"og:url\" content=\"https:\/\/penosil.com\/lt\/produktai\/firestop-fiberfoc-470-ugniai-atspari-mineralines-vatos-tarpine\/\" \/>\n<meta property=\"og:site_name\" content=\"Penosil Lithuania\" \/>\n<meta property=\"article:modified_time\" content=\"2026-03-13T01:02:08+00:00\" \/>\n<meta property=\"og:image\" content=\"https:\/\/penosil.com\/lt\/wp-content\/uploads\/sites\/13\/2025\/01\/4108_PENOSIL_FireStop_FiberFoc_470.png\" \/>\n\t<meta property=\"og:image:width\" content=\"1388\" \/>\n\t<meta property=\"og:image:height\" content=\"1646\" \/>\n\t<meta property=\"og:image:type\" content=\"image\/png\" \/>\n<meta name=\"twitter:card\" content=\"summary_large_image\" \/>\n<script type=\"application\/ld+json\" class=\"yoast-schema-graph\">{\"@context\":\"https:\/\/schema.org\",\"@graph\":[{\"@type\":\"WebPage\",\"@id\":\"https:\/\/penosil.com\/lt\/produktai\/firestop-fiberfoc-470-ugniai-atspari-mineralines-vatos-tarpine\/\",\"url\":\"https:\/\/penosil.com\/lt\/produktai\/firestop-fiberfoc-470-ugniai-atspari-mineralines-vatos-tarpine\/\",\"name\":\"PENOSIL FireStop FiberFoc 470 ugniai atspari tarpin\u0117\",\"isPartOf\":{\"@id\":\"https:\/\/penosil.com\/lt\/#website\"},\"primaryImageOfPage\":{\"@id\":\"https:\/\/penosil.com\/lt\/produktai\/firestop-fiberfoc-470-ugniai-atspari-mineralines-vatos-tarpine\/#primaryimage\"},\"image\":{\"@id\":\"https:\/\/penosil.com\/lt\/produktai\/firestop-fiberfoc-470-ugniai-atspari-mineralines-vatos-tarpine\/#primaryimage\"},\"thumbnailUrl\":\"https:\/\/penosil.com\/lt\/wp-content\/uploads\/sites\/13\/2025\/01\/4108_PENOSIL_FireStop_FiberFoc_470.png\",\"datePublished\":\"2025-01-09T06:02:21+00:00\",\"dateModified\":\"2026-03-13T01:02:08+00:00\",\"description\":\"Ugniai atsparus tarpin\u0117 i\u0161 mineralin\u0117s vatos pluo\u0161to, apvyniota stiklo pluo\u0161tu. Si\u016bli\u0173, jung\u010di\u0173, tarp\u0173 sandarinimui ugniai atspariose konstrukcijose.\",\"breadcrumb\":{\"@id\":\"https:\/\/penosil.com\/lt\/produktai\/firestop-fiberfoc-470-ugniai-atspari-mineralines-vatos-tarpine\/#breadcrumb\"},\"inLanguage\":\"lt-LT\",\"potentialAction\":[{\"@type\":\"ReadAction\",\"target\":[\"https:\/\/penosil.com\/lt\/produktai\/firestop-fiberfoc-470-ugniai-atspari-mineralines-vatos-tarpine\/\"]}]},{\"@type\":\"ImageObject\",\"inLanguage\":\"lt-LT\",\"@id\":\"https:\/\/penosil.com\/lt\/produktai\/firestop-fiberfoc-470-ugniai-atspari-mineralines-vatos-tarpine\/#primaryimage\",\"url\":\"https:\/\/penosil.com\/lt\/wp-content\/uploads\/sites\/13\/2025\/01\/4108_PENOSIL_FireStop_FiberFoc_470.png\",\"contentUrl\":\"https:\/\/penosil.com\/lt\/wp-content\/uploads\/sites\/13\/2025\/01\/4108_PENOSIL_FireStop_FiberFoc_470.png\",\"width\":1388,\"height\":1646,\"caption\":\"PENOSIL FireStop FiberFoc 470 ugniai atspari tarpin\u0117\"},{\"@type\":\"BreadcrumbList\",\"@id\":\"https:\/\/penosil.com\/lt\/produktai\/firestop-fiberfoc-470-ugniai-atspari-mineralines-vatos-tarpine\/#breadcrumb\",\"itemListElement\":[{\"@type\":\"ListItem\",\"position\":1,\"name\":\"Home\",\"item\":\"https:\/\/penosil.com\/lt\/\"},{\"@type\":\"ListItem\",\"position\":2,\"name\":\"Produktai\",\"item\":\"https:\/\/penosil.com\/lt\/produktai\/\"},{\"@type\":\"ListItem\",\"position\":3,\"name\":\"FireStop FiberFoc 470\"}]},{\"@type\":\"WebSite\",\"@id\":\"https:\/\/penosil.com\/lt\/#website\",\"url\":\"https:\/\/penosil.com\/lt\/\",\"name\":\"Penosil Lithuania\",\"description\":\"\",\"potentialAction\":[{\"@type\":\"SearchAction\",\"target\":{\"@type\":\"EntryPoint\",\"urlTemplate\":\"https:\/\/penosil.com\/lt\/?s={search_term_string}\"},\"query-input\":{\"@type\":\"PropertyValueSpecification\",\"valueRequired\":true,\"valueName\":\"search_term_string\"}}],\"inLanguage\":\"lt-LT\"}]}<\/script>\n<!-- \/ Yoast SEO plugin. -->","yoast_head_json":{"title":"PENOSIL FireStop FiberFoc 470 ugniai atspari tarpin\u0117","description":"Ugniai atsparus tarpin\u0117 i\u0161 mineralin\u0117s vatos pluo\u0161to, apvyniota stiklo pluo\u0161tu. Si\u016bli\u0173, jung\u010di\u0173, tarp\u0173 sandarinimui ugniai atspariose konstrukcijose.","robots":{"index":"index","follow":"follow","max-snippet":"max-snippet:-1","max-image-preview":"max-image-preview:large","max-video-preview":"max-video-preview:-1"},"canonical":"https:\/\/penosil.com\/lt\/produktai\/firestop-fiberfoc-470-ugniai-atspari-mineralines-vatos-tarpine\/","og_locale":"lt_LT","og_type":"article","og_title":"PENOSIL FireStop FiberFoc 470 ugniai atspari tarpin\u0117","og_description":"Ugniai atsparus tarpin\u0117 i\u0161 mineralin\u0117s vatos pluo\u0161to, apvyniota stiklo pluo\u0161tu. Si\u016bli\u0173, jung\u010di\u0173, tarp\u0173 sandarinimui ugniai atspariose konstrukcijose.","og_url":"https:\/\/penosil.com\/lt\/produktai\/firestop-fiberfoc-470-ugniai-atspari-mineralines-vatos-tarpine\/","og_site_name":"Penosil Lithuania","article_modified_time":"2026-03-13T01:02:08+00:00","og_image":[{"width":1388,"height":1646,"url":"https:\/\/penosil.com\/lt\/wp-content\/uploads\/sites\/13\/2025\/01\/4108_PENOSIL_FireStop_FiberFoc_470.png","type":"image\/png"}],"twitter_card":"summary_large_image","schema":{"@context":"https:\/\/schema.org","@graph":[{"@type":"WebPage","@id":"https:\/\/penosil.com\/lt\/produktai\/firestop-fiberfoc-470-ugniai-atspari-mineralines-vatos-tarpine\/","url":"https:\/\/penosil.com\/lt\/produktai\/firestop-fiberfoc-470-ugniai-atspari-mineralines-vatos-tarpine\/","name":"PENOSIL FireStop FiberFoc 470 ugniai atspari tarpin\u0117","isPartOf":{"@id":"https:\/\/penosil.com\/lt\/#website"},"primaryImageOfPage":{"@id":"https:\/\/penosil.com\/lt\/produktai\/firestop-fiberfoc-470-ugniai-atspari-mineralines-vatos-tarpine\/#primaryimage"},"image":{"@id":"https:\/\/penosil.com\/lt\/produktai\/firestop-fiberfoc-470-ugniai-atspari-mineralines-vatos-tarpine\/#primaryimage"},"thumbnailUrl":"https:\/\/penosil.com\/lt\/wp-content\/uploads\/sites\/13\/2025\/01\/4108_PENOSIL_FireStop_FiberFoc_470.png","datePublished":"2025-01-09T06:02:21+00:00","dateModified":"2026-03-13T01:02:08+00:00","description":"Ugniai atsparus tarpin\u0117 i\u0161 mineralin\u0117s vatos pluo\u0161to, apvyniota stiklo pluo\u0161tu. Si\u016bli\u0173, jung\u010di\u0173, tarp\u0173 sandarinimui ugniai atspariose konstrukcijose.","breadcrumb":{"@id":"https:\/\/penosil.com\/lt\/produktai\/firestop-fiberfoc-470-ugniai-atspari-mineralines-vatos-tarpine\/#breadcrumb"},"inLanguage":"lt-LT","potentialAction":[{"@type":"ReadAction","target":["https:\/\/penosil.com\/lt\/produktai\/firestop-fiberfoc-470-ugniai-atspari-mineralines-vatos-tarpine\/"]}]},{"@type":"ImageObject","inLanguage":"lt-LT","@id":"https:\/\/penosil.com\/lt\/produktai\/firestop-fiberfoc-470-ugniai-atspari-mineralines-vatos-tarpine\/#primaryimage","url":"https:\/\/penosil.com\/lt\/wp-content\/uploads\/sites\/13\/2025\/01\/4108_PENOSIL_FireStop_FiberFoc_470.png","contentUrl":"https:\/\/penosil.com\/lt\/wp-content\/uploads\/sites\/13\/2025\/01\/4108_PENOSIL_FireStop_FiberFoc_470.png","width":1388,"height":1646,"caption":"PENOSIL FireStop FiberFoc 470 ugniai atspari tarpin\u0117"},{"@type":"BreadcrumbList","@id":"https:\/\/penosil.com\/lt\/produktai\/firestop-fiberfoc-470-ugniai-atspari-mineralines-vatos-tarpine\/#breadcrumb","itemListElement":[{"@type":"ListItem","position":1,"name":"Home","item":"https:\/\/penosil.com\/lt\/"},{"@type":"ListItem","position":2,"name":"Produktai","item":"https:\/\/penosil.com\/lt\/produktai\/"},{"@type":"ListItem","position":3,"name":"FireStop FiberFoc 470"}]},{"@type":"WebSite","@id":"https:\/\/penosil.com\/lt\/#website","url":"https:\/\/penosil.com\/lt\/","name":"Penosil Lithuania","description":"","potentialAction":[{"@type":"SearchAction","target":{"@type":"EntryPoint","urlTemplate":"https:\/\/penosil.com\/lt\/?s={search_term_string}"},"query-input":{"@type":"PropertyValueSpecification","valueRequired":true,"valueName":"search_term_string"}}],"inLanguage":"lt-LT"}]}},"featured_img":"https:\/\/penosil.com\/lt\/wp-content\/uploads\/sites\/13\/2025\/01\/4108_PENOSIL_FireStop_FiberFoc_470.png","coauthors":[],"author_meta":{"author_link":"https:\/\/penosil.com\/lt\/author\/asta\/","display_name":"Asta Salkauskiene"},"relative_dates":{"created":"Posted 1 metai ago","modified":"Updated 1 m\u0117nuo ago"},"absolute_dates":{"created":"Posted on 2025 9 sausio","modified":"Updated on 2026 13 kovo"},"absolute_dates_time":{"created":"Posted on 2025 9 sausio 6:02","modified":"Updated on 2026 13 kovo 1:02"},"featured_img_caption":"PENOSIL FireStop FiberFoc 470 ugniai atspari tarpin\u0117","tax_additional":{"product_brand":{"linked":[],"unlinked":[],"slug":"product_brand","name":"Preki\u0173 \u017eenklai"},"product_type":{"linked":["<a href=\"https:\/\/penosil.com\/lt\/?taxonomy=product_type&#038;term=simple\" class=\"advgb-post-tax-term\">simple<\/a>"],"unlinked":["<span class=\"advgb-post-tax-term\">simple<\/span>"],"slug":"product_type","name":"Produkto tipas"},"product_visibility":{"linked":[],"unlinked":[],"slug":"product_visibility","name":"Produkto matomumas"},"product_cat":{"linked":["<a href=\"https:\/\/penosil.com\/lt\/produkto-kategorija\/produktu-grupes\/juostos-ir-membranos\/sandarinimo-tarpines\/\" class=\"advgb-post-tax-term\">Sandarinimo tarpin\u0117s<\/a>","<a href=\"https:\/\/penosil.com\/lt\/produkto-kategorija\/naudojimo-sritys\/\" class=\"advgb-post-tax-term\">Naudojimo sritys<\/a>","<a href=\"https:\/\/penosil.com\/lt\/produkto-kategorija\/nauji-produktai\/\" class=\"advgb-post-tax-term\">Nauji produktai<\/a>","<a href=\"https:\/\/penosil.com\/lt\/produkto-kategorija\/produktu-grupes\/\" class=\"advgb-post-tax-term\">Produkt\u0173 grup\u0117s<\/a>","<a href=\"https:\/\/penosil.com\/lt\/produkto-kategorija\/produktu-grupes\/juostos-ir-membranos\/\" class=\"advgb-post-tax-term\">Juostos ir membranos<\/a>","<a href=\"https:\/\/penosil.com\/lt\/produkto-kategorija\/naudojimo-sritys\/atsparumas-ugniai\/\" class=\"advgb-post-tax-term\">Atsparumas ugniai \/ auk\u0161tai temperat\u016brai<\/a>"],"unlinked":["<span class=\"advgb-post-tax-term\">Sandarinimo tarpin\u0117s<\/span>","<span class=\"advgb-post-tax-term\">Naudojimo sritys<\/span>","<span class=\"advgb-post-tax-term\">Nauji produktai<\/span>","<span class=\"advgb-post-tax-term\">Produkt\u0173 grup\u0117s<\/span>","<span class=\"advgb-post-tax-term\">Juostos ir membranos<\/span>","<span class=\"advgb-post-tax-term\">Atsparumas ugniai \/ auk\u0161tai temperat\u016brai<\/span>"],"slug":"product_cat","name":"Produkto kategorijos"},"product_tag":{"linked":[],"unlinked":[],"slug":"product_tag","name":"Produkto \u017eyma"},"product_shipping_class":{"linked":[],"unlinked":[],"slug":"product_shipping_class","name":"Produkto pristatymo klas\u0117s"},"pos_product_visibility":{"linked":[],"unlinked":[],"slug":"pos_product_visibility","name":"POS Product visibility"},"pa_color":{"linked":["<a href=\"https:\/\/penosil.com\/lt\/en\/?taxonomy=pa_color&#038;term=pilka\" class=\"advgb-post-tax-term\">Pilka<\/a>"],"unlinked":["<span class=\"advgb-post-tax-term\">Pilka<\/span>"],"slug":"pa_color","name":"Product Color"},"pa_package":{"linked":[],"unlinked":[],"slug":"pa_package","name":"Product Package"},"pa_plotis":{"linked":[],"unlinked":[],"slug":"pa_plotis","name":"Product Plotis"},"pa_skersmuo":{"linked":[],"unlinked":[],"slug":"pa_skersmuo","name":"Product Skersmuo"},"translation_priority":{"linked":["<a href=\"https:\/\/penosil.com\/lt\/?taxonomy=translation_priority&#038;term=optional-lt\" class=\"advgb-post-tax-term\">Optional<\/a>"],"unlinked":["<span class=\"advgb-post-tax-term\">Optional<\/span>"],"slug":"translation_priority","name":"Translation Priorities"}},"series_order":"","_links":{"self":[{"href":"https:\/\/penosil.com\/lt\/wp-json\/wp\/v2\/product\/14492","targetHints":{"allow":["GET"]}}],"collection":[{"href":"https:\/\/penosil.com\/lt\/wp-json\/wp\/v2\/product"}],"about":[{"href":"https:\/\/penosil.com\/lt\/wp-json\/wp\/v2\/types\/product"}],"version-history":[{"count":4,"href":"https:\/\/penosil.com\/lt\/wp-json\/wp\/v2\/product\/14492\/revisions"}],"predecessor-version":[{"id":15267,"href":"https:\/\/penosil.com\/lt\/wp-json\/wp\/v2\/product\/14492\/revisions\/15267"}],"wp:featuredmedia":[{"embeddable":true,"href":"https:\/\/penosil.com\/lt\/wp-json\/wp\/v2\/media\/14493"}],"wp:attachment":[{"href":"https:\/\/penosil.com\/lt\/wp-json\/wp\/v2\/media?parent=14492"}],"wp:term":[{"taxonomy":"product_brand","embeddable":true,"href":"https:\/\/penosil.com\/lt\/wp-json\/wp\/v2\/product_brand?post=14492"},{"taxonomy":"product_cat","embeddable":true,"href":"https:\/\/penosil.com\/lt\/wp-json\/wp\/v2\/product_cat?post=14492"},{"taxonomy":"product_tag","embeddable":true,"href":"https:\/\/penosil.com\/lt\/wp-json\/wp\/v2\/product_tag?post=14492"}],"curies":[{"name":"wp","href":"https:\/\/api.w.org\/{rel}","templated":true}]}}