{"id":14522,"date":"2025-01-16T07:59:53","date_gmt":"2025-01-16T07:59:53","guid":{"rendered":"https:\/\/penosil.com\/lt\/?post_type=product&#038;p=14522"},"modified":"2026-03-17T01:02:12","modified_gmt":"2026-03-17T01:02:12","slug":"sealant-remover-990-sustingusiu-hermetiku-valiklis","status":"publish","type":"product","link":"https:\/\/penosil.com\/lt\/produktai\/sealant-remover-990-sustingusiu-hermetiku-valiklis\/","title":{"rendered":"Sealant Remover 990"},"content":{"rendered":"<p>Stiprus ir efektyvus valiklis, skirtas valyti sustingusius hermetikus, silikonus, klijus nuo pavir\u0161i\u0173. Valiklis pa\u0161alina sustingusius hermetikus, silikonus, klijus, riebalus, aliej\u0173, va\u0161k\u0105, ne\u0161varumus ir dervos liku\u010dius.<\/p>\n","protected":false},"excerpt":{"rendered":"sustingusi\u0173 hermetik\u0173 valiklis","protected":false},"author":5,"featured_media":14523,"template":"","meta":{"_acf_changed":false,"advgb_blocks_editor_width":"","advgb_blocks_columns_visual_guide":"","footnotes":""},"product_brand":[],"product_cat":[210,1064,1608,2379,1368,1816,2367,2301],"product_tag":[],"class_list":{"0":"post-14522","1":"product","2":"type-product","3":"status-publish","4":"has-post-thumbnail","6":"product_cat-naudojimo-sritys","7":"product_cat-nauji-produktai","8":"product_cat-hermetikai-ir-mastikos","9":"product_cat-valikliai-2","10":"product_cat-produktu-grupes","11":"product_cat-irankiai-ir-valikliai","12":"product_cat-pistoletai-hermetikams-ir-valikliai","13":"product_cat-valymas","15":"first","16":"instock","17":"taxable","18":"shipping-taxable","19":"purchasable","20":"product-type-simple"},"acf":[],"yoast_head":"<!-- This site is optimized with the Yoast SEO plugin v27.4 - https:\/\/yoast.com\/product\/yoast-seo-wordpress\/ -->\n<title>PENOSIL Sealant Remover 990 sustingusi\u0173 hermetik\u0173 valiklis<\/title>\n<meta name=\"description\" content=\"Sustingusi\u0173 hermetik\u0173 valiklis pa\u0161alina sustingusius hermetikus, silikonus, klijus, riebalus, aliej\u0173, va\u0161k\u0105, ne\u0161varumus ir dervos liku\u010dius. Daugiau!\" \/>\n<meta name=\"robots\" content=\"index, follow, max-snippet:-1, max-image-preview:large, max-video-preview:-1\" \/>\n<link rel=\"canonical\" href=\"https:\/\/penosil.com\/lt\/produktai\/sealant-remover-990-sustingusiu-hermetiku-valiklis\/\" \/>\n<meta property=\"og:locale\" content=\"lt_LT\" \/>\n<meta property=\"og:type\" content=\"article\" \/>\n<meta property=\"og:title\" content=\"PENOSIL Sealant Remover 990 sustingusi\u0173 hermetik\u0173 valiklis\" \/>\n<meta property=\"og:description\" content=\"Sustingusi\u0173 hermetik\u0173 valiklis pa\u0161alina sustingusius hermetikus, silikonus, klijus, riebalus, aliej\u0173, va\u0161k\u0105, ne\u0161varumus ir dervos liku\u010dius. Daugiau!\" \/>\n<meta property=\"og:url\" content=\"https:\/\/penosil.com\/lt\/produktai\/sealant-remover-990-sustingusiu-hermetiku-valiklis\/\" \/>\n<meta property=\"og:site_name\" content=\"Penosil Lithuania\" \/>\n<meta property=\"article:modified_time\" content=\"2026-03-17T01:02:12+00:00\" \/>\n<meta property=\"og:image\" content=\"https:\/\/penosil.com\/lt\/wp-content\/uploads\/sites\/13\/2025\/01\/990_Sealant_Remover_990_LT.png\" \/>\n\t<meta property=\"og:image:width\" content=\"523\" \/>\n\t<meta property=\"og:image:height\" content=\"1080\" \/>\n\t<meta property=\"og:image:type\" content=\"image\/png\" \/>\n<meta name=\"twitter:card\" content=\"summary_large_image\" \/>\n<script type=\"application\/ld+json\" class=\"yoast-schema-graph\">{\"@context\":\"https:\\\/\\\/schema.org\",\"@graph\":[{\"@type\":\"WebPage\",\"@id\":\"https:\\\/\\\/penosil.com\\\/lt\\\/produktai\\\/sealant-remover-990-sustingusiu-hermetiku-valiklis\\\/\",\"url\":\"https:\\\/\\\/penosil.com\\\/lt\\\/produktai\\\/sealant-remover-990-sustingusiu-hermetiku-valiklis\\\/\",\"name\":\"PENOSIL Sealant Remover 990 sustingusi\u0173 hermetik\u0173 valiklis\",\"isPartOf\":{\"@id\":\"https:\\\/\\\/penosil.com\\\/lt\\\/#website\"},\"primaryImageOfPage\":{\"@id\":\"https:\\\/\\\/penosil.com\\\/lt\\\/produktai\\\/sealant-remover-990-sustingusiu-hermetiku-valiklis\\\/#primaryimage\"},\"image\":{\"@id\":\"https:\\\/\\\/penosil.com\\\/lt\\\/produktai\\\/sealant-remover-990-sustingusiu-hermetiku-valiklis\\\/#primaryimage\"},\"thumbnailUrl\":\"https:\\\/\\\/penosil.com\\\/lt\\\/wp-content\\\/uploads\\\/sites\\\/13\\\/2025\\\/01\\\/990_Sealant_Remover_990_LT.png\",\"datePublished\":\"2025-01-16T07:59:53+00:00\",\"dateModified\":\"2026-03-17T01:02:12+00:00\",\"description\":\"Sustingusi\u0173 hermetik\u0173 valiklis pa\u0161alina sustingusius hermetikus, silikonus, klijus, riebalus, aliej\u0173, va\u0161k\u0105, ne\u0161varumus ir dervos liku\u010dius. Daugiau!\",\"breadcrumb\":{\"@id\":\"https:\\\/\\\/penosil.com\\\/lt\\\/produktai\\\/sealant-remover-990-sustingusiu-hermetiku-valiklis\\\/#breadcrumb\"},\"inLanguage\":\"lt-LT\",\"potentialAction\":[{\"@type\":\"ReadAction\",\"target\":[\"https:\\\/\\\/penosil.com\\\/lt\\\/produktai\\\/sealant-remover-990-sustingusiu-hermetiku-valiklis\\\/\"]}]},{\"@type\":\"ImageObject\",\"inLanguage\":\"lt-LT\",\"@id\":\"https:\\\/\\\/penosil.com\\\/lt\\\/produktai\\\/sealant-remover-990-sustingusiu-hermetiku-valiklis\\\/#primaryimage\",\"url\":\"https:\\\/\\\/penosil.com\\\/lt\\\/wp-content\\\/uploads\\\/sites\\\/13\\\/2025\\\/01\\\/990_Sealant_Remover_990_LT.png\",\"contentUrl\":\"https:\\\/\\\/penosil.com\\\/lt\\\/wp-content\\\/uploads\\\/sites\\\/13\\\/2025\\\/01\\\/990_Sealant_Remover_990_LT.png\",\"width\":523,\"height\":1080,\"caption\":\"PENOSIL Sealant Remover 990 sustingusi\u0173 hermetik\u0173 valiklis\"},{\"@type\":\"BreadcrumbList\",\"@id\":\"https:\\\/\\\/penosil.com\\\/lt\\\/produktai\\\/sealant-remover-990-sustingusiu-hermetiku-valiklis\\\/#breadcrumb\",\"itemListElement\":[{\"@type\":\"ListItem\",\"position\":1,\"name\":\"Home\",\"item\":\"https:\\\/\\\/penosil.com\\\/lt\\\/\"},{\"@type\":\"ListItem\",\"position\":2,\"name\":\"Produktai\",\"item\":\"https:\\\/\\\/penosil.com\\\/lt\\\/produktai\\\/\"},{\"@type\":\"ListItem\",\"position\":3,\"name\":\"Sealant Remover 990\"}]},{\"@type\":\"WebSite\",\"@id\":\"https:\\\/\\\/penosil.com\\\/lt\\\/#website\",\"url\":\"https:\\\/\\\/penosil.com\\\/lt\\\/\",\"name\":\"Penosil Lithuania\",\"description\":\"\",\"potentialAction\":[{\"@type\":\"SearchAction\",\"target\":{\"@type\":\"EntryPoint\",\"urlTemplate\":\"https:\\\/\\\/penosil.com\\\/lt\\\/?s={search_term_string}\"},\"query-input\":{\"@type\":\"PropertyValueSpecification\",\"valueRequired\":true,\"valueName\":\"search_term_string\"}}],\"inLanguage\":\"lt-LT\"}]}<\/script>\n<!-- \/ Yoast SEO plugin. -->","yoast_head_json":{"title":"PENOSIL Sealant Remover 990 sustingusi\u0173 hermetik\u0173 valiklis","description":"Sustingusi\u0173 hermetik\u0173 valiklis pa\u0161alina sustingusius hermetikus, silikonus, klijus, riebalus, aliej\u0173, va\u0161k\u0105, ne\u0161varumus ir dervos liku\u010dius. Daugiau!","robots":{"index":"index","follow":"follow","max-snippet":"max-snippet:-1","max-image-preview":"max-image-preview:large","max-video-preview":"max-video-preview:-1"},"canonical":"https:\/\/penosil.com\/lt\/produktai\/sealant-remover-990-sustingusiu-hermetiku-valiklis\/","og_locale":"lt_LT","og_type":"article","og_title":"PENOSIL Sealant Remover 990 sustingusi\u0173 hermetik\u0173 valiklis","og_description":"Sustingusi\u0173 hermetik\u0173 valiklis pa\u0161alina sustingusius hermetikus, silikonus, klijus, riebalus, aliej\u0173, va\u0161k\u0105, ne\u0161varumus ir dervos liku\u010dius. Daugiau!","og_url":"https:\/\/penosil.com\/lt\/produktai\/sealant-remover-990-sustingusiu-hermetiku-valiklis\/","og_site_name":"Penosil Lithuania","article_modified_time":"2026-03-17T01:02:12+00:00","og_image":[{"width":523,"height":1080,"url":"https:\/\/penosil.com\/lt\/wp-content\/uploads\/sites\/13\/2025\/01\/990_Sealant_Remover_990_LT.png","type":"image\/png"}],"twitter_card":"summary_large_image","schema":{"@context":"https:\/\/schema.org","@graph":[{"@type":"WebPage","@id":"https:\/\/penosil.com\/lt\/produktai\/sealant-remover-990-sustingusiu-hermetiku-valiklis\/","url":"https:\/\/penosil.com\/lt\/produktai\/sealant-remover-990-sustingusiu-hermetiku-valiklis\/","name":"PENOSIL Sealant Remover 990 sustingusi\u0173 hermetik\u0173 valiklis","isPartOf":{"@id":"https:\/\/penosil.com\/lt\/#website"},"primaryImageOfPage":{"@id":"https:\/\/penosil.com\/lt\/produktai\/sealant-remover-990-sustingusiu-hermetiku-valiklis\/#primaryimage"},"image":{"@id":"https:\/\/penosil.com\/lt\/produktai\/sealant-remover-990-sustingusiu-hermetiku-valiklis\/#primaryimage"},"thumbnailUrl":"https:\/\/penosil.com\/lt\/wp-content\/uploads\/sites\/13\/2025\/01\/990_Sealant_Remover_990_LT.png","datePublished":"2025-01-16T07:59:53+00:00","dateModified":"2026-03-17T01:02:12+00:00","description":"Sustingusi\u0173 hermetik\u0173 valiklis pa\u0161alina sustingusius hermetikus, silikonus, klijus, riebalus, aliej\u0173, va\u0161k\u0105, ne\u0161varumus ir dervos liku\u010dius. Daugiau!","breadcrumb":{"@id":"https:\/\/penosil.com\/lt\/produktai\/sealant-remover-990-sustingusiu-hermetiku-valiklis\/#breadcrumb"},"inLanguage":"lt-LT","potentialAction":[{"@type":"ReadAction","target":["https:\/\/penosil.com\/lt\/produktai\/sealant-remover-990-sustingusiu-hermetiku-valiklis\/"]}]},{"@type":"ImageObject","inLanguage":"lt-LT","@id":"https:\/\/penosil.com\/lt\/produktai\/sealant-remover-990-sustingusiu-hermetiku-valiklis\/#primaryimage","url":"https:\/\/penosil.com\/lt\/wp-content\/uploads\/sites\/13\/2025\/01\/990_Sealant_Remover_990_LT.png","contentUrl":"https:\/\/penosil.com\/lt\/wp-content\/uploads\/sites\/13\/2025\/01\/990_Sealant_Remover_990_LT.png","width":523,"height":1080,"caption":"PENOSIL Sealant Remover 990 sustingusi\u0173 hermetik\u0173 valiklis"},{"@type":"BreadcrumbList","@id":"https:\/\/penosil.com\/lt\/produktai\/sealant-remover-990-sustingusiu-hermetiku-valiklis\/#breadcrumb","itemListElement":[{"@type":"ListItem","position":1,"name":"Home","item":"https:\/\/penosil.com\/lt\/"},{"@type":"ListItem","position":2,"name":"Produktai","item":"https:\/\/penosil.com\/lt\/produktai\/"},{"@type":"ListItem","position":3,"name":"Sealant Remover 990"}]},{"@type":"WebSite","@id":"https:\/\/penosil.com\/lt\/#website","url":"https:\/\/penosil.com\/lt\/","name":"Penosil Lithuania","description":"","potentialAction":[{"@type":"SearchAction","target":{"@type":"EntryPoint","urlTemplate":"https:\/\/penosil.com\/lt\/?s={search_term_string}"},"query-input":{"@type":"PropertyValueSpecification","valueRequired":true,"valueName":"search_term_string"}}],"inLanguage":"lt-LT"}]}},"featured_img":"https:\/\/penosil.com\/lt\/wp-content\/uploads\/sites\/13\/2025\/01\/990_Sealant_Remover_990_LT.png","coauthors":[],"author_meta":{"author_link":"https:\/\/penosil.com\/lt\/author\/asta\/","display_name":"Asta Salkauskiene"},"relative_dates":{"created":"Posted 1 metai ago","modified":"Updated 1 m\u0117nuo ago"},"absolute_dates":{"created":"Posted on 2025 16 sausio","modified":"Updated on 2026 17 kovo"},"absolute_dates_time":{"created":"Posted on 2025 16 sausio 7:59","modified":"Updated on 2026 17 kovo 1:02"},"featured_img_caption":"PENOSIL Sealant Remover 990 sustingusi\u0173 hermetik\u0173 valiklis","tax_additional":{"product_brand":{"linked":[],"unlinked":[],"slug":"product_brand","name":"Preki\u0173 \u017eenklai"},"product_type":{"linked":["<a href=\"https:\/\/penosil.com\/lt\/?taxonomy=product_type&#038;term=simple\" class=\"advgb-post-tax-term\">simple<\/a>"],"unlinked":["<span class=\"advgb-post-tax-term\">simple<\/span>"],"slug":"product_type","name":"Produkto tipas"},"product_visibility":{"linked":[],"unlinked":[],"slug":"product_visibility","name":"Produkto matomumas"},"product_cat":{"linked":["<a href=\"https:\/\/penosil.com\/lt\/produkto-kategorija\/naudojimo-sritys\/\" class=\"advgb-post-tax-term\">Naudojimo sritys<\/a>","<a href=\"https:\/\/penosil.com\/lt\/produkto-kategorija\/nauji-produktai\/\" class=\"advgb-post-tax-term\">Nauji produktai<\/a>","<a href=\"https:\/\/penosil.com\/lt\/produkto-kategorija\/produktu-grupes\/hermetikai-ir-mastikos\/\" class=\"advgb-post-tax-term\">Hermetikai ir mastikos<\/a>","<a href=\"https:\/\/penosil.com\/lt\/produkto-kategorija\/produktu-grupes\/irankiai-ir-valikliai\/valikliai-2\/\" class=\"advgb-post-tax-term\">Valikliai<\/a>","<a href=\"https:\/\/penosil.com\/lt\/produkto-kategorija\/produktu-grupes\/\" class=\"advgb-post-tax-term\">Produkt\u0173 grup\u0117s<\/a>","<a href=\"https:\/\/penosil.com\/lt\/produkto-kategorija\/produktu-grupes\/irankiai-ir-valikliai\/\" class=\"advgb-post-tax-term\">\u012erankiai ir valikliai<\/a>","<a href=\"https:\/\/penosil.com\/lt\/produkto-kategorija\/produktu-grupes\/hermetikai-ir-mastikos\/pistoletai-hermetikams-ir-valikliai\/\" class=\"advgb-post-tax-term\">Pistoletai hermetikams ir valikliai<\/a>","<a href=\"https:\/\/penosil.com\/lt\/produkto-kategorija\/naudojimo-sritys\/valymas\/\" class=\"advgb-post-tax-term\">Valymas<\/a>"],"unlinked":["<span class=\"advgb-post-tax-term\">Naudojimo sritys<\/span>","<span class=\"advgb-post-tax-term\">Nauji produktai<\/span>","<span class=\"advgb-post-tax-term\">Hermetikai ir mastikos<\/span>","<span class=\"advgb-post-tax-term\">Valikliai<\/span>","<span class=\"advgb-post-tax-term\">Produkt\u0173 grup\u0117s<\/span>","<span class=\"advgb-post-tax-term\">\u012erankiai ir valikliai<\/span>","<span class=\"advgb-post-tax-term\">Pistoletai hermetikams ir valikliai<\/span>","<span class=\"advgb-post-tax-term\">Valymas<\/span>"],"slug":"product_cat","name":"Produkto kategorijos"},"product_tag":{"linked":[],"unlinked":[],"slug":"product_tag","name":"Produkto \u017eyma"},"product_shipping_class":{"linked":[],"unlinked":[],"slug":"product_shipping_class","name":"Produkto pristatymo klas\u0117s"},"pos_product_visibility":{"linked":[],"unlinked":[],"slug":"pos_product_visibility","name":"POS Product visibility"},"pa_color":{"linked":["<a href=\"https:\/\/penosil.com\/lt\/en\/?taxonomy=pa_color&#038;term=bespalve\" class=\"advgb-post-tax-term\">Bespalv\u0117<\/a>"],"unlinked":["<span class=\"advgb-post-tax-term\">Bespalv\u0117<\/span>"],"slug":"pa_color","name":"Product Color"},"pa_package":{"linked":["<a href=\"https:\/\/penosil.com\/lt\/?taxonomy=pa_package&#038;term=200-ml\" class=\"advgb-post-tax-term\">200 ml<\/a>"],"unlinked":["<span class=\"advgb-post-tax-term\">200 ml<\/span>"],"slug":"pa_package","name":"Product Package"},"pa_plotis":{"linked":[],"unlinked":[],"slug":"pa_plotis","name":"Product Plotis"},"pa_skersmuo":{"linked":[],"unlinked":[],"slug":"pa_skersmuo","name":"Product Skersmuo"},"translation_priority":{"linked":["<a href=\"https:\/\/penosil.com\/lt\/?taxonomy=translation_priority&#038;term=optional-lt\" class=\"advgb-post-tax-term\">Optional<\/a>"],"unlinked":["<span class=\"advgb-post-tax-term\">Optional<\/span>"],"slug":"translation_priority","name":"Translation Priorities"}},"series_order":"","_links":{"self":[{"href":"https:\/\/penosil.com\/lt\/wp-json\/wp\/v2\/product\/14522","targetHints":{"allow":["GET"]}}],"collection":[{"href":"https:\/\/penosil.com\/lt\/wp-json\/wp\/v2\/product"}],"about":[{"href":"https:\/\/penosil.com\/lt\/wp-json\/wp\/v2\/types\/product"}],"version-history":[{"count":12,"href":"https:\/\/penosil.com\/lt\/wp-json\/wp\/v2\/product\/14522\/revisions"}],"predecessor-version":[{"id":16300,"href":"https:\/\/penosil.com\/lt\/wp-json\/wp\/v2\/product\/14522\/revisions\/16300"}],"wp:featuredmedia":[{"embeddable":true,"href":"https:\/\/penosil.com\/lt\/wp-json\/wp\/v2\/media\/14523"}],"wp:attachment":[{"href":"https:\/\/penosil.com\/lt\/wp-json\/wp\/v2\/media?parent=14522"}],"wp:term":[{"taxonomy":"product_brand","embeddable":true,"href":"https:\/\/penosil.com\/lt\/wp-json\/wp\/v2\/product_brand?post=14522"},{"taxonomy":"product_cat","embeddable":true,"href":"https:\/\/penosil.com\/lt\/wp-json\/wp\/v2\/product_cat?post=14522"},{"taxonomy":"product_tag","embeddable":true,"href":"https:\/\/penosil.com\/lt\/wp-json\/wp\/v2\/product_tag?post=14522"}],"curies":[{"name":"wp","href":"https:\/\/api.w.org\/{rel}","templated":true}]}}