{"id":14941,"date":"2025-03-04T06:41:20","date_gmt":"2025-03-04T06:41:20","guid":{"rendered":"https:\/\/penosil.com\/lt\/?post_type=product&#038;p=14941"},"modified":"2026-01-06T01:02:04","modified_gmt":"2026-01-06T01:02:04","slug":"facade-glazing-silicone-340c-elastingas-alkoksi-silikonas","status":"publish","type":"product","link":"https:\/\/penosil.com\/lt\/produktai\/facade-glazing-silicone-340c-elastingas-alkoksi-silikonas\/","title":{"rendered":"Facade &#038; Glazing Silicone 340c"},"content":{"rendered":"<p>Neutralus alkoksi silikonas, pasi\u017eymintis puikiu paslankumu jungtyje ir ma\u017eu tamprumo moduliu, skirtas fasado ir stiklinimo darbams. Sudaro lankst\u0173 ir elasting\u0105 sandarikl\u012f su daugybe por\u0117t\u0173 ir nepor\u0117t\u0173 med\u017eiag\u0173.<\/p>\n","protected":false},"excerpt":{"rendered":"elastingas alkoksi silikonas","protected":false},"author":5,"featured_media":15669,"template":"","meta":{"_acf_changed":false,"advgb_blocks_editor_width":"","advgb_blocks_columns_visual_guide":"","footnotes":""},"product_brand":[],"product_cat":[210,1608,2363,1085,1368],"product_tag":[],"class_list":{"0":"post-14941","1":"product","2":"type-product","3":"status-publish","4":"has-post-thumbnail","6":"product_cat-naudojimo-sritys","7":"product_cat-hermetikai-ir-mastikos","8":"product_cat-neutralus-silikonai","9":"product_cat-stogai-ir-fasadai","10":"product_cat-produktu-grupes","12":"first","13":"instock","14":"taxable","15":"shipping-taxable","16":"purchasable","17":"product-type-simple"},"acf":[],"yoast_head":"<!-- This site is optimized with the Yoast SEO plugin v27.2 - https:\/\/yoast.com\/product\/yoast-seo-wordpress\/ -->\n<title>PENOSIL Facade &amp; Glazing Silicone 340c alkoksi silikonas<\/title>\n<meta name=\"description\" content=\"Neutralus alkoksi silikonas, pasi\u017eymintis puikiu paslankumu jungtyje ir ma\u017eu tamprumo moduliu, skirtas fasado ir stiklinimo darbams. Daugiau!\" \/>\n<meta name=\"robots\" content=\"index, follow, max-snippet:-1, max-image-preview:large, max-video-preview:-1\" \/>\n<link rel=\"canonical\" href=\"https:\/\/penosil.com\/lt\/produktai\/facade-glazing-silicone-340c-elastingas-alkoksi-silikonas\/\" \/>\n<meta property=\"og:locale\" content=\"lt_LT\" \/>\n<meta property=\"og:type\" content=\"article\" \/>\n<meta property=\"og:title\" content=\"PENOSIL Facade &amp; Glazing Silicone 340c alkoksi silikonas\" \/>\n<meta property=\"og:description\" content=\"Neutralus alkoksi silikonas, pasi\u017eymintis puikiu paslankumu jungtyje ir ma\u017eu tamprumo moduliu, skirtas fasado ir stiklinimo darbams. Daugiau!\" \/>\n<meta property=\"og:url\" content=\"https:\/\/penosil.com\/lt\/produktai\/facade-glazing-silicone-340c-elastingas-alkoksi-silikonas\/\" \/>\n<meta property=\"og:site_name\" content=\"Penosil Lithuania\" \/>\n<meta property=\"article:modified_time\" content=\"2026-01-06T01:02:04+00:00\" \/>\n<meta property=\"og:image\" content=\"https:\/\/penosil.com\/lt\/wp-content\/uploads\/sites\/13\/2025\/07\/3409_Facade_Glazing_Silicone_340c_600_ml_LT.png-rotated.jpg\" \/>\n\t<meta property=\"og:image:width\" content=\"273\" \/>\n\t<meta property=\"og:image:height\" content=\"1200\" \/>\n\t<meta property=\"og:image:type\" content=\"image\/jpeg\" \/>\n<meta name=\"twitter:card\" content=\"summary_large_image\" \/>\n<script type=\"application\/ld+json\" class=\"yoast-schema-graph\">{\"@context\":\"https:\/\/schema.org\",\"@graph\":[{\"@type\":\"WebPage\",\"@id\":\"https:\/\/penosil.com\/lt\/produktai\/facade-glazing-silicone-340c-elastingas-alkoksi-silikonas\/\",\"url\":\"https:\/\/penosil.com\/lt\/produktai\/facade-glazing-silicone-340c-elastingas-alkoksi-silikonas\/\",\"name\":\"PENOSIL Facade & Glazing Silicone 340c alkoksi silikonas\",\"isPartOf\":{\"@id\":\"https:\/\/penosil.com\/lt\/#website\"},\"primaryImageOfPage\":{\"@id\":\"https:\/\/penosil.com\/lt\/produktai\/facade-glazing-silicone-340c-elastingas-alkoksi-silikonas\/#primaryimage\"},\"image\":{\"@id\":\"https:\/\/penosil.com\/lt\/produktai\/facade-glazing-silicone-340c-elastingas-alkoksi-silikonas\/#primaryimage\"},\"thumbnailUrl\":\"https:\/\/penosil.com\/lt\/wp-content\/uploads\/sites\/13\/2025\/07\/3409_Facade_Glazing_Silicone_340c_600_ml_LT.png-rotated.jpg\",\"datePublished\":\"2025-03-04T06:41:20+00:00\",\"dateModified\":\"2026-01-06T01:02:04+00:00\",\"description\":\"Neutralus alkoksi silikonas, pasi\u017eymintis puikiu paslankumu jungtyje ir ma\u017eu tamprumo moduliu, skirtas fasado ir stiklinimo darbams. Daugiau!\",\"breadcrumb\":{\"@id\":\"https:\/\/penosil.com\/lt\/produktai\/facade-glazing-silicone-340c-elastingas-alkoksi-silikonas\/#breadcrumb\"},\"inLanguage\":\"lt-LT\",\"potentialAction\":[{\"@type\":\"ReadAction\",\"target\":[\"https:\/\/penosil.com\/lt\/produktai\/facade-glazing-silicone-340c-elastingas-alkoksi-silikonas\/\"]}]},{\"@type\":\"ImageObject\",\"inLanguage\":\"lt-LT\",\"@id\":\"https:\/\/penosil.com\/lt\/produktai\/facade-glazing-silicone-340c-elastingas-alkoksi-silikonas\/#primaryimage\",\"url\":\"https:\/\/penosil.com\/lt\/wp-content\/uploads\/sites\/13\/2025\/07\/3409_Facade_Glazing_Silicone_340c_600_ml_LT.png-rotated.jpg\",\"contentUrl\":\"https:\/\/penosil.com\/lt\/wp-content\/uploads\/sites\/13\/2025\/07\/3409_Facade_Glazing_Silicone_340c_600_ml_LT.png-rotated.jpg\",\"width\":273,\"height\":1200,\"caption\":\"PENOSIL Facade & Glazing Silicone 340c alkoksi silikonas 600 ml\"},{\"@type\":\"BreadcrumbList\",\"@id\":\"https:\/\/penosil.com\/lt\/produktai\/facade-glazing-silicone-340c-elastingas-alkoksi-silikonas\/#breadcrumb\",\"itemListElement\":[{\"@type\":\"ListItem\",\"position\":1,\"name\":\"Home\",\"item\":\"https:\/\/penosil.com\/lt\/\"},{\"@type\":\"ListItem\",\"position\":2,\"name\":\"Produktai\",\"item\":\"https:\/\/penosil.com\/lt\/produktai\/\"},{\"@type\":\"ListItem\",\"position\":3,\"name\":\"Facade &#038; Glazing Silicone 340c\"}]},{\"@type\":\"WebSite\",\"@id\":\"https:\/\/penosil.com\/lt\/#website\",\"url\":\"https:\/\/penosil.com\/lt\/\",\"name\":\"Penosil Lithuania\",\"description\":\"\",\"potentialAction\":[{\"@type\":\"SearchAction\",\"target\":{\"@type\":\"EntryPoint\",\"urlTemplate\":\"https:\/\/penosil.com\/lt\/?s={search_term_string}\"},\"query-input\":{\"@type\":\"PropertyValueSpecification\",\"valueRequired\":true,\"valueName\":\"search_term_string\"}}],\"inLanguage\":\"lt-LT\"}]}<\/script>\n<!-- \/ Yoast SEO plugin. -->","yoast_head_json":{"title":"PENOSIL Facade & Glazing Silicone 340c alkoksi silikonas","description":"Neutralus alkoksi silikonas, pasi\u017eymintis puikiu paslankumu jungtyje ir ma\u017eu tamprumo moduliu, skirtas fasado ir stiklinimo darbams. Daugiau!","robots":{"index":"index","follow":"follow","max-snippet":"max-snippet:-1","max-image-preview":"max-image-preview:large","max-video-preview":"max-video-preview:-1"},"canonical":"https:\/\/penosil.com\/lt\/produktai\/facade-glazing-silicone-340c-elastingas-alkoksi-silikonas\/","og_locale":"lt_LT","og_type":"article","og_title":"PENOSIL Facade & Glazing Silicone 340c alkoksi silikonas","og_description":"Neutralus alkoksi silikonas, pasi\u017eymintis puikiu paslankumu jungtyje ir ma\u017eu tamprumo moduliu, skirtas fasado ir stiklinimo darbams. Daugiau!","og_url":"https:\/\/penosil.com\/lt\/produktai\/facade-glazing-silicone-340c-elastingas-alkoksi-silikonas\/","og_site_name":"Penosil Lithuania","article_modified_time":"2026-01-06T01:02:04+00:00","og_image":[{"width":273,"height":1200,"url":"https:\/\/penosil.com\/lt\/wp-content\/uploads\/sites\/13\/2025\/07\/3409_Facade_Glazing_Silicone_340c_600_ml_LT.png-rotated.jpg","type":"image\/jpeg"}],"twitter_card":"summary_large_image","schema":{"@context":"https:\/\/schema.org","@graph":[{"@type":"WebPage","@id":"https:\/\/penosil.com\/lt\/produktai\/facade-glazing-silicone-340c-elastingas-alkoksi-silikonas\/","url":"https:\/\/penosil.com\/lt\/produktai\/facade-glazing-silicone-340c-elastingas-alkoksi-silikonas\/","name":"PENOSIL Facade & Glazing Silicone 340c alkoksi silikonas","isPartOf":{"@id":"https:\/\/penosil.com\/lt\/#website"},"primaryImageOfPage":{"@id":"https:\/\/penosil.com\/lt\/produktai\/facade-glazing-silicone-340c-elastingas-alkoksi-silikonas\/#primaryimage"},"image":{"@id":"https:\/\/penosil.com\/lt\/produktai\/facade-glazing-silicone-340c-elastingas-alkoksi-silikonas\/#primaryimage"},"thumbnailUrl":"https:\/\/penosil.com\/lt\/wp-content\/uploads\/sites\/13\/2025\/07\/3409_Facade_Glazing_Silicone_340c_600_ml_LT.png-rotated.jpg","datePublished":"2025-03-04T06:41:20+00:00","dateModified":"2026-01-06T01:02:04+00:00","description":"Neutralus alkoksi silikonas, pasi\u017eymintis puikiu paslankumu jungtyje ir ma\u017eu tamprumo moduliu, skirtas fasado ir stiklinimo darbams. Daugiau!","breadcrumb":{"@id":"https:\/\/penosil.com\/lt\/produktai\/facade-glazing-silicone-340c-elastingas-alkoksi-silikonas\/#breadcrumb"},"inLanguage":"lt-LT","potentialAction":[{"@type":"ReadAction","target":["https:\/\/penosil.com\/lt\/produktai\/facade-glazing-silicone-340c-elastingas-alkoksi-silikonas\/"]}]},{"@type":"ImageObject","inLanguage":"lt-LT","@id":"https:\/\/penosil.com\/lt\/produktai\/facade-glazing-silicone-340c-elastingas-alkoksi-silikonas\/#primaryimage","url":"https:\/\/penosil.com\/lt\/wp-content\/uploads\/sites\/13\/2025\/07\/3409_Facade_Glazing_Silicone_340c_600_ml_LT.png-rotated.jpg","contentUrl":"https:\/\/penosil.com\/lt\/wp-content\/uploads\/sites\/13\/2025\/07\/3409_Facade_Glazing_Silicone_340c_600_ml_LT.png-rotated.jpg","width":273,"height":1200,"caption":"PENOSIL Facade & Glazing Silicone 340c alkoksi silikonas 600 ml"},{"@type":"BreadcrumbList","@id":"https:\/\/penosil.com\/lt\/produktai\/facade-glazing-silicone-340c-elastingas-alkoksi-silikonas\/#breadcrumb","itemListElement":[{"@type":"ListItem","position":1,"name":"Home","item":"https:\/\/penosil.com\/lt\/"},{"@type":"ListItem","position":2,"name":"Produktai","item":"https:\/\/penosil.com\/lt\/produktai\/"},{"@type":"ListItem","position":3,"name":"Facade &#038; Glazing Silicone 340c"}]},{"@type":"WebSite","@id":"https:\/\/penosil.com\/lt\/#website","url":"https:\/\/penosil.com\/lt\/","name":"Penosil Lithuania","description":"","potentialAction":[{"@type":"SearchAction","target":{"@type":"EntryPoint","urlTemplate":"https:\/\/penosil.com\/lt\/?s={search_term_string}"},"query-input":{"@type":"PropertyValueSpecification","valueRequired":true,"valueName":"search_term_string"}}],"inLanguage":"lt-LT"}]}},"featured_img":"https:\/\/penosil.com\/lt\/wp-content\/uploads\/sites\/13\/2025\/07\/3409_Facade_Glazing_Silicone_340c_600_ml_LT.png-rotated.jpg","coauthors":[],"author_meta":{"author_link":"https:\/\/penosil.com\/lt\/author\/asta\/","display_name":"Asta Salkauskiene"},"relative_dates":{"created":"Posted 1 metai ago","modified":"Updated 3 m\u0117nesiai ago"},"absolute_dates":{"created":"Posted on 2025 4 kovo","modified":"Updated on 2026 6 sausio"},"absolute_dates_time":{"created":"Posted on 2025 4 kovo 6:41","modified":"Updated on 2026 6 sausio 1:02"},"featured_img_caption":"","tax_additional":{"product_brand":{"linked":[],"unlinked":[],"slug":"product_brand","name":"Preki\u0173 \u017eenklai"},"product_type":{"linked":["<a href=\"https:\/\/penosil.com\/lt\/?taxonomy=product_type&#038;term=simple\" class=\"advgb-post-tax-term\">simple<\/a>"],"unlinked":["<span class=\"advgb-post-tax-term\">simple<\/span>"],"slug":"product_type","name":"Produkto tipas"},"product_visibility":{"linked":[],"unlinked":[],"slug":"product_visibility","name":"Produkto matomumas"},"product_cat":{"linked":["<a href=\"https:\/\/penosil.com\/lt\/produkto-kategorija\/naudojimo-sritys\/\" class=\"advgb-post-tax-term\">Naudojimo sritys<\/a>","<a href=\"https:\/\/penosil.com\/lt\/produkto-kategorija\/produktu-grupes\/hermetikai-ir-mastikos\/\" class=\"advgb-post-tax-term\">Hermetikai ir mastikos<\/a>","<a href=\"https:\/\/penosil.com\/lt\/produkto-kategorija\/produktu-grupes\/hermetikai-ir-mastikos\/neutralus-silikonai\/\" class=\"advgb-post-tax-term\">Neutral\u016bs silikonai<\/a>","<a href=\"https:\/\/penosil.com\/lt\/produkto-kategorija\/naudojimo-sritys\/stogai-ir-fasadai\/\" class=\"advgb-post-tax-term\">Stogai ir fasadai<\/a>","<a href=\"https:\/\/penosil.com\/lt\/produkto-kategorija\/produktu-grupes\/\" class=\"advgb-post-tax-term\">Produkt\u0173 grup\u0117s<\/a>"],"unlinked":["<span class=\"advgb-post-tax-term\">Naudojimo sritys<\/span>","<span class=\"advgb-post-tax-term\">Hermetikai ir mastikos<\/span>","<span class=\"advgb-post-tax-term\">Neutral\u016bs silikonai<\/span>","<span class=\"advgb-post-tax-term\">Stogai ir fasadai<\/span>","<span class=\"advgb-post-tax-term\">Produkt\u0173 grup\u0117s<\/span>"],"slug":"product_cat","name":"Produkto kategorijos"},"product_tag":{"linked":[],"unlinked":[],"slug":"product_tag","name":"Produkto \u017eyma"},"product_shipping_class":{"linked":[],"unlinked":[],"slug":"product_shipping_class","name":"Produkto pristatymo klas\u0117s"},"pos_product_visibility":{"linked":[],"unlinked":[],"slug":"pos_product_visibility","name":"POS Product visibility"},"pa_color":{"linked":["<a href=\"https:\/\/penosil.com\/lt\/en\/?taxonomy=pa_color&#038;term=juoda\" class=\"advgb-post-tax-term\">Juoda<\/a>"],"unlinked":["<span class=\"advgb-post-tax-term\">Juoda<\/span>"],"slug":"pa_color","name":"Product Color"},"pa_package":{"linked":["<a href=\"https:\/\/penosil.com\/lt\/?taxonomy=pa_package&#038;term=600-ml-2\" class=\"advgb-post-tax-term\">600 ml<\/a>"],"unlinked":["<span class=\"advgb-post-tax-term\">600 ml<\/span>"],"slug":"pa_package","name":"Product Package"},"pa_plotis":{"linked":[],"unlinked":[],"slug":"pa_plotis","name":"Product Plotis"},"pa_skersmuo":{"linked":[],"unlinked":[],"slug":"pa_skersmuo","name":"Product Skersmuo"},"translation_priority":{"linked":["<a href=\"https:\/\/penosil.com\/lt\/?taxonomy=translation_priority&#038;term=optional-lt\" class=\"advgb-post-tax-term\">Optional<\/a>"],"unlinked":["<span class=\"advgb-post-tax-term\">Optional<\/span>"],"slug":"translation_priority","name":"Translation Priorities"}},"series_order":"","_links":{"self":[{"href":"https:\/\/penosil.com\/lt\/wp-json\/wp\/v2\/product\/14941","targetHints":{"allow":["GET"]}}],"collection":[{"href":"https:\/\/penosil.com\/lt\/wp-json\/wp\/v2\/product"}],"about":[{"href":"https:\/\/penosil.com\/lt\/wp-json\/wp\/v2\/types\/product"}],"version-history":[{"count":14,"href":"https:\/\/penosil.com\/lt\/wp-json\/wp\/v2\/product\/14941\/revisions"}],"predecessor-version":[{"id":16389,"href":"https:\/\/penosil.com\/lt\/wp-json\/wp\/v2\/product\/14941\/revisions\/16389"}],"wp:featuredmedia":[{"embeddable":true,"href":"https:\/\/penosil.com\/lt\/wp-json\/wp\/v2\/media\/15669"}],"wp:attachment":[{"href":"https:\/\/penosil.com\/lt\/wp-json\/wp\/v2\/media?parent=14941"}],"wp:term":[{"taxonomy":"product_brand","embeddable":true,"href":"https:\/\/penosil.com\/lt\/wp-json\/wp\/v2\/product_brand?post=14941"},{"taxonomy":"product_cat","embeddable":true,"href":"https:\/\/penosil.com\/lt\/wp-json\/wp\/v2\/product_cat?post=14941"},{"taxonomy":"product_tag","embeddable":true,"href":"https:\/\/penosil.com\/lt\/wp-json\/wp\/v2\/product_tag?post=14941"}],"curies":[{"name":"wp","href":"https:\/\/api.w.org\/{rel}","templated":true}]}}