{"id":14972,"date":"2025-03-07T06:42:29","date_gmt":"2025-03-07T06:42:29","guid":{"rendered":"https:\/\/penosil.com\/lt\/?post_type=product&#038;p=14972"},"modified":"2026-02-18T01:02:10","modified_gmt":"2026-02-18T01:02:10","slug":"ms-ultrafast-allweather-788-greitai-stingstantys-hibridiniai-klijai","status":"publish","type":"product","link":"https:\/\/penosil.com\/lt\/produktai\/ms-ultrafast-allweather-788-greitai-stingstantys-hibridiniai-klijai\/","title":{"rendered":"MS UltraFast AllWeather 788"},"content":{"rendered":"<p>Ypa\u010d greitai stingstantys MS polimero pagrindu pagaminti hibridiniai klijai, skirti \u012fvairiems klijavimo darbams statyb\u0173 metu ir pramon\u0117je. I\u0161skirtinis klijavimas garantuotas net ir pa\u010diomis sud\u0117tingiausiomis darbo s\u0105lygomis (temperat\u016bra naudojimo metu nuo -15\u00b0C iki &#43;40\u00b0C).<\/p>\n","protected":false},"excerpt":{"rendered":"greitai stingstantys hibridiniai klijai","protected":false},"author":5,"featured_media":15026,"template":"","meta":{"_acf_changed":false,"advgb_blocks_editor_width":"","advgb_blocks_columns_visual_guide":"","footnotes":""},"product_brand":[],"product_cat":[210,1064,2373,1368,221,219],"product_tag":[],"class_list":{"0":"post-14972","1":"product","2":"type-product","3":"status-publish","4":"has-post-thumbnail","6":"product_cat-naudojimo-sritys","7":"product_cat-nauji-produktai","8":"product_cat-hibridiniai-klijai","9":"product_cat-produktu-grupes","10":"product_cat-klijai","11":"product_cat-klijavimas","13":"first","14":"instock","15":"taxable","16":"shipping-taxable","17":"purchasable","18":"product-type-variable"},"acf":[],"yoast_head":"<!-- This site is optimized with the Yoast SEO plugin v27.2 - https:\/\/yoast.com\/product\/yoast-seo-wordpress\/ -->\n<title>PENOSIL MS UltraFast AllWeather 788 hibridiniai klijai<\/title>\n<meta name=\"description\" content=\"Ypa\u010d greitai stingstantys MS hibridiniai klijai, skirti visiems klijavimo darbams statybose. Temperat\u016bra naudojimo metu nuo -15\u00b0C iki +40\u00b0C. Daugiau!\" \/>\n<meta name=\"robots\" content=\"index, follow, max-snippet:-1, max-image-preview:large, max-video-preview:-1\" \/>\n<link rel=\"canonical\" href=\"https:\/\/penosil.com\/lt\/produktai\/ms-ultrafast-allweather-788-greitai-stingstantys-hibridiniai-klijai\/\" \/>\n<meta property=\"og:locale\" content=\"lt_LT\" \/>\n<meta property=\"og:type\" content=\"article\" \/>\n<meta property=\"og:title\" content=\"PENOSIL MS UltraFast AllWeather 788 hibridiniai klijai\" \/>\n<meta property=\"og:description\" content=\"Ypa\u010d greitai stingstantys MS hibridiniai klijai, skirti visiems klijavimo darbams statybose. Temperat\u016bra naudojimo metu nuo -15\u00b0C iki +40\u00b0C. Daugiau!\" \/>\n<meta property=\"og:url\" content=\"https:\/\/penosil.com\/lt\/produktai\/ms-ultrafast-allweather-788-greitai-stingstantys-hibridiniai-klijai\/\" \/>\n<meta property=\"og:site_name\" content=\"Penosil Lithuania\" \/>\n<meta property=\"article:modified_time\" content=\"2026-02-18T01:02:10+00:00\" \/>\n<meta property=\"og:image\" content=\"https:\/\/penosil.com\/lt\/wp-content\/uploads\/sites\/13\/2025\/04\/788_MS_UltraFast_AllWeATHER_788_LT_LV_RU.png\" \/>\n\t<meta property=\"og:image:width\" content=\"387\" \/>\n\t<meta property=\"og:image:height\" content=\"1080\" \/>\n\t<meta property=\"og:image:type\" content=\"image\/png\" \/>\n<meta name=\"twitter:card\" content=\"summary_large_image\" \/>\n<script type=\"application\/ld+json\" class=\"yoast-schema-graph\">{\"@context\":\"https:\/\/schema.org\",\"@graph\":[{\"@type\":\"WebPage\",\"@id\":\"https:\/\/penosil.com\/lt\/produktai\/ms-ultrafast-allweather-788-greitai-stingstantys-hibridiniai-klijai\/\",\"url\":\"https:\/\/penosil.com\/lt\/produktai\/ms-ultrafast-allweather-788-greitai-stingstantys-hibridiniai-klijai\/\",\"name\":\"PENOSIL MS UltraFast AllWeather 788 hibridiniai klijai\",\"isPartOf\":{\"@id\":\"https:\/\/penosil.com\/lt\/#website\"},\"primaryImageOfPage\":{\"@id\":\"https:\/\/penosil.com\/lt\/produktai\/ms-ultrafast-allweather-788-greitai-stingstantys-hibridiniai-klijai\/#primaryimage\"},\"image\":{\"@id\":\"https:\/\/penosil.com\/lt\/produktai\/ms-ultrafast-allweather-788-greitai-stingstantys-hibridiniai-klijai\/#primaryimage\"},\"thumbnailUrl\":\"https:\/\/penosil.com\/lt\/wp-content\/uploads\/sites\/13\/2025\/04\/788_MS_UltraFast_AllWeATHER_788_LT_LV_RU.png\",\"datePublished\":\"2025-03-07T06:42:29+00:00\",\"dateModified\":\"2026-02-18T01:02:10+00:00\",\"description\":\"Ypa\u010d greitai stingstantys MS hibridiniai klijai, skirti visiems klijavimo darbams statybose. Temperat\u016bra naudojimo metu nuo -15\u00b0C iki +40\u00b0C. Daugiau!\",\"breadcrumb\":{\"@id\":\"https:\/\/penosil.com\/lt\/produktai\/ms-ultrafast-allweather-788-greitai-stingstantys-hibridiniai-klijai\/#breadcrumb\"},\"inLanguage\":\"lt-LT\",\"potentialAction\":[{\"@type\":\"ReadAction\",\"target\":[\"https:\/\/penosil.com\/lt\/produktai\/ms-ultrafast-allweather-788-greitai-stingstantys-hibridiniai-klijai\/\"]}]},{\"@type\":\"ImageObject\",\"inLanguage\":\"lt-LT\",\"@id\":\"https:\/\/penosil.com\/lt\/produktai\/ms-ultrafast-allweather-788-greitai-stingstantys-hibridiniai-klijai\/#primaryimage\",\"url\":\"https:\/\/penosil.com\/lt\/wp-content\/uploads\/sites\/13\/2025\/04\/788_MS_UltraFast_AllWeATHER_788_LT_LV_RU.png\",\"contentUrl\":\"https:\/\/penosil.com\/lt\/wp-content\/uploads\/sites\/13\/2025\/04\/788_MS_UltraFast_AllWeATHER_788_LT_LV_RU.png\",\"width\":387,\"height\":1080,\"caption\":\"PENOSIL MS UltraFast AllWeather 788 greitai stingstantys hibridiniai klijai\"},{\"@type\":\"BreadcrumbList\",\"@id\":\"https:\/\/penosil.com\/lt\/produktai\/ms-ultrafast-allweather-788-greitai-stingstantys-hibridiniai-klijai\/#breadcrumb\",\"itemListElement\":[{\"@type\":\"ListItem\",\"position\":1,\"name\":\"Home\",\"item\":\"https:\/\/penosil.com\/lt\/\"},{\"@type\":\"ListItem\",\"position\":2,\"name\":\"Produktai\",\"item\":\"https:\/\/penosil.com\/lt\/produktai\/\"},{\"@type\":\"ListItem\",\"position\":3,\"name\":\"MS UltraFast AllWeather 788\"}]},{\"@type\":\"WebSite\",\"@id\":\"https:\/\/penosil.com\/lt\/#website\",\"url\":\"https:\/\/penosil.com\/lt\/\",\"name\":\"Penosil Lithuania\",\"description\":\"\",\"potentialAction\":[{\"@type\":\"SearchAction\",\"target\":{\"@type\":\"EntryPoint\",\"urlTemplate\":\"https:\/\/penosil.com\/lt\/?s={search_term_string}\"},\"query-input\":{\"@type\":\"PropertyValueSpecification\",\"valueRequired\":true,\"valueName\":\"search_term_string\"}}],\"inLanguage\":\"lt-LT\"}]}<\/script>\n<!-- \/ Yoast SEO plugin. -->","yoast_head_json":{"title":"PENOSIL MS UltraFast AllWeather 788 hibridiniai klijai","description":"Ypa\u010d greitai stingstantys MS hibridiniai klijai, skirti visiems klijavimo darbams statybose. Temperat\u016bra naudojimo metu nuo -15\u00b0C iki +40\u00b0C. Daugiau!","robots":{"index":"index","follow":"follow","max-snippet":"max-snippet:-1","max-image-preview":"max-image-preview:large","max-video-preview":"max-video-preview:-1"},"canonical":"https:\/\/penosil.com\/lt\/produktai\/ms-ultrafast-allweather-788-greitai-stingstantys-hibridiniai-klijai\/","og_locale":"lt_LT","og_type":"article","og_title":"PENOSIL MS UltraFast AllWeather 788 hibridiniai klijai","og_description":"Ypa\u010d greitai stingstantys MS hibridiniai klijai, skirti visiems klijavimo darbams statybose. Temperat\u016bra naudojimo metu nuo -15\u00b0C iki +40\u00b0C. Daugiau!","og_url":"https:\/\/penosil.com\/lt\/produktai\/ms-ultrafast-allweather-788-greitai-stingstantys-hibridiniai-klijai\/","og_site_name":"Penosil Lithuania","article_modified_time":"2026-02-18T01:02:10+00:00","og_image":[{"width":387,"height":1080,"url":"https:\/\/penosil.com\/lt\/wp-content\/uploads\/sites\/13\/2025\/04\/788_MS_UltraFast_AllWeATHER_788_LT_LV_RU.png","type":"image\/png"}],"twitter_card":"summary_large_image","schema":{"@context":"https:\/\/schema.org","@graph":[{"@type":"WebPage","@id":"https:\/\/penosil.com\/lt\/produktai\/ms-ultrafast-allweather-788-greitai-stingstantys-hibridiniai-klijai\/","url":"https:\/\/penosil.com\/lt\/produktai\/ms-ultrafast-allweather-788-greitai-stingstantys-hibridiniai-klijai\/","name":"PENOSIL MS UltraFast AllWeather 788 hibridiniai klijai","isPartOf":{"@id":"https:\/\/penosil.com\/lt\/#website"},"primaryImageOfPage":{"@id":"https:\/\/penosil.com\/lt\/produktai\/ms-ultrafast-allweather-788-greitai-stingstantys-hibridiniai-klijai\/#primaryimage"},"image":{"@id":"https:\/\/penosil.com\/lt\/produktai\/ms-ultrafast-allweather-788-greitai-stingstantys-hibridiniai-klijai\/#primaryimage"},"thumbnailUrl":"https:\/\/penosil.com\/lt\/wp-content\/uploads\/sites\/13\/2025\/04\/788_MS_UltraFast_AllWeATHER_788_LT_LV_RU.png","datePublished":"2025-03-07T06:42:29+00:00","dateModified":"2026-02-18T01:02:10+00:00","description":"Ypa\u010d greitai stingstantys MS hibridiniai klijai, skirti visiems klijavimo darbams statybose. Temperat\u016bra naudojimo metu nuo -15\u00b0C iki +40\u00b0C. Daugiau!","breadcrumb":{"@id":"https:\/\/penosil.com\/lt\/produktai\/ms-ultrafast-allweather-788-greitai-stingstantys-hibridiniai-klijai\/#breadcrumb"},"inLanguage":"lt-LT","potentialAction":[{"@type":"ReadAction","target":["https:\/\/penosil.com\/lt\/produktai\/ms-ultrafast-allweather-788-greitai-stingstantys-hibridiniai-klijai\/"]}]},{"@type":"ImageObject","inLanguage":"lt-LT","@id":"https:\/\/penosil.com\/lt\/produktai\/ms-ultrafast-allweather-788-greitai-stingstantys-hibridiniai-klijai\/#primaryimage","url":"https:\/\/penosil.com\/lt\/wp-content\/uploads\/sites\/13\/2025\/04\/788_MS_UltraFast_AllWeATHER_788_LT_LV_RU.png","contentUrl":"https:\/\/penosil.com\/lt\/wp-content\/uploads\/sites\/13\/2025\/04\/788_MS_UltraFast_AllWeATHER_788_LT_LV_RU.png","width":387,"height":1080,"caption":"PENOSIL MS UltraFast AllWeather 788 greitai stingstantys hibridiniai klijai"},{"@type":"BreadcrumbList","@id":"https:\/\/penosil.com\/lt\/produktai\/ms-ultrafast-allweather-788-greitai-stingstantys-hibridiniai-klijai\/#breadcrumb","itemListElement":[{"@type":"ListItem","position":1,"name":"Home","item":"https:\/\/penosil.com\/lt\/"},{"@type":"ListItem","position":2,"name":"Produktai","item":"https:\/\/penosil.com\/lt\/produktai\/"},{"@type":"ListItem","position":3,"name":"MS UltraFast AllWeather 788"}]},{"@type":"WebSite","@id":"https:\/\/penosil.com\/lt\/#website","url":"https:\/\/penosil.com\/lt\/","name":"Penosil Lithuania","description":"","potentialAction":[{"@type":"SearchAction","target":{"@type":"EntryPoint","urlTemplate":"https:\/\/penosil.com\/lt\/?s={search_term_string}"},"query-input":{"@type":"PropertyValueSpecification","valueRequired":true,"valueName":"search_term_string"}}],"inLanguage":"lt-LT"}]}},"featured_img":"https:\/\/penosil.com\/lt\/wp-content\/uploads\/sites\/13\/2025\/04\/788_MS_UltraFast_AllWeATHER_788_LT_LV_RU.png","coauthors":[],"author_meta":{"author_link":"https:\/\/penosil.com\/lt\/author\/asta\/","display_name":"Asta Salkauskiene"},"relative_dates":{"created":"Posted 1 metai ago","modified":"Updated 2 m\u0117nesiai ago"},"absolute_dates":{"created":"Posted on 2025 7 kovo","modified":"Updated on 2026 18 vasario"},"absolute_dates_time":{"created":"Posted on 2025 7 kovo 6:42","modified":"Updated on 2026 18 vasario 1:02"},"featured_img_caption":"","tax_additional":{"product_brand":{"linked":[],"unlinked":[],"slug":"product_brand","name":"Preki\u0173 \u017eenklai"},"product_type":{"linked":["<a href=\"https:\/\/penosil.com\/lt\/?taxonomy=product_type&#038;term=variable\" class=\"advgb-post-tax-term\">variable<\/a>"],"unlinked":["<span class=\"advgb-post-tax-term\">variable<\/span>"],"slug":"product_type","name":"Produkto tipas"},"product_visibility":{"linked":[],"unlinked":[],"slug":"product_visibility","name":"Produkto matomumas"},"product_cat":{"linked":["<a href=\"https:\/\/penosil.com\/lt\/produkto-kategorija\/naudojimo-sritys\/\" class=\"advgb-post-tax-term\">Naudojimo sritys<\/a>","<a href=\"https:\/\/penosil.com\/lt\/produkto-kategorija\/nauji-produktai\/\" class=\"advgb-post-tax-term\">Nauji produktai<\/a>","<a href=\"https:\/\/penosil.com\/lt\/produkto-kategorija\/produktu-grupes\/klijai\/hibridiniai-klijai\/\" class=\"advgb-post-tax-term\">Hibridiniai klijai<\/a>","<a href=\"https:\/\/penosil.com\/lt\/produkto-kategorija\/produktu-grupes\/\" class=\"advgb-post-tax-term\">Produkt\u0173 grup\u0117s<\/a>","<a href=\"https:\/\/penosil.com\/lt\/produkto-kategorija\/produktu-grupes\/klijai\/\" class=\"advgb-post-tax-term\">Klijai<\/a>","<a href=\"https:\/\/penosil.com\/lt\/produkto-kategorija\/naudojimo-sritys\/klijavimas\/\" class=\"advgb-post-tax-term\">Klijavimas<\/a>"],"unlinked":["<span class=\"advgb-post-tax-term\">Naudojimo sritys<\/span>","<span class=\"advgb-post-tax-term\">Nauji produktai<\/span>","<span class=\"advgb-post-tax-term\">Hibridiniai klijai<\/span>","<span class=\"advgb-post-tax-term\">Produkt\u0173 grup\u0117s<\/span>","<span class=\"advgb-post-tax-term\">Klijai<\/span>","<span class=\"advgb-post-tax-term\">Klijavimas<\/span>"],"slug":"product_cat","name":"Produkto kategorijos"},"product_tag":{"linked":[],"unlinked":[],"slug":"product_tag","name":"Produkto \u017eyma"},"product_shipping_class":{"linked":[],"unlinked":[],"slug":"product_shipping_class","name":"Produkto pristatymo klas\u0117s"},"pos_product_visibility":{"linked":[],"unlinked":[],"slug":"pos_product_visibility","name":"POS Product visibility"},"pa_color":{"linked":["<a href=\"https:\/\/penosil.com\/lt\/en\/?taxonomy=pa_color&#038;term=balta\" class=\"advgb-post-tax-term\">Balta<\/a>"],"unlinked":["<span class=\"advgb-post-tax-term\">Balta<\/span>"],"slug":"pa_color","name":"Product Color"},"pa_package":{"linked":["<a href=\"https:\/\/penosil.com\/lt\/?taxonomy=pa_package&#038;term=290-ml\" class=\"advgb-post-tax-term\">290 ml<\/a>","<a href=\"https:\/\/penosil.com\/lt\/?taxonomy=pa_package&#038;term=600-ml\" class=\"advgb-post-tax-term\">600 ml<\/a>"],"unlinked":["<span class=\"advgb-post-tax-term\">290 ml<\/span>","<span class=\"advgb-post-tax-term\">600 ml<\/span>"],"slug":"pa_package","name":"Product Package"},"pa_plotis":{"linked":[],"unlinked":[],"slug":"pa_plotis","name":"Product Plotis"},"pa_skersmuo":{"linked":[],"unlinked":[],"slug":"pa_skersmuo","name":"Product Skersmuo"},"translation_priority":{"linked":["<a href=\"https:\/\/penosil.com\/lt\/?taxonomy=translation_priority&#038;term=optional-lt\" class=\"advgb-post-tax-term\">Optional<\/a>"],"unlinked":["<span class=\"advgb-post-tax-term\">Optional<\/span>"],"slug":"translation_priority","name":"Translation Priorities"}},"series_order":"","_links":{"self":[{"href":"https:\/\/penosil.com\/lt\/wp-json\/wp\/v2\/product\/14972","targetHints":{"allow":["GET"]}}],"collection":[{"href":"https:\/\/penosil.com\/lt\/wp-json\/wp\/v2\/product"}],"about":[{"href":"https:\/\/penosil.com\/lt\/wp-json\/wp\/v2\/types\/product"}],"version-history":[{"count":13,"href":"https:\/\/penosil.com\/lt\/wp-json\/wp\/v2\/product\/14972\/revisions"}],"predecessor-version":[{"id":16487,"href":"https:\/\/penosil.com\/lt\/wp-json\/wp\/v2\/product\/14972\/revisions\/16487"}],"wp:featuredmedia":[{"embeddable":true,"href":"https:\/\/penosil.com\/lt\/wp-json\/wp\/v2\/media\/15026"}],"wp:attachment":[{"href":"https:\/\/penosil.com\/lt\/wp-json\/wp\/v2\/media?parent=14972"}],"wp:term":[{"taxonomy":"product_brand","embeddable":true,"href":"https:\/\/penosil.com\/lt\/wp-json\/wp\/v2\/product_brand?post=14972"},{"taxonomy":"product_cat","embeddable":true,"href":"https:\/\/penosil.com\/lt\/wp-json\/wp\/v2\/product_cat?post=14972"},{"taxonomy":"product_tag","embeddable":true,"href":"https:\/\/penosil.com\/lt\/wp-json\/wp\/v2\/product_tag?post=14972"}],"curies":[{"name":"wp","href":"https:\/\/api.w.org\/{rel}","templated":true}]}}