{"id":15401,"date":"2025-07-17T06:31:44","date_gmt":"2025-07-17T06:31:44","guid":{"rendered":"https:\/\/penosil.com\/lt\/?post_type=product&#038;p=15401"},"modified":"2026-01-06T01:02:04","modified_gmt":"2026-01-06T01:02:04","slug":"electrofoam-220v-putos-elektros-instaliacijai-sandarinti","status":"publish","type":"product","link":"https:\/\/penosil.com\/lt\/produktai\/electrofoam-220v-putos-elektros-instaliacijai-sandarinti\/","title":{"rendered":"ElectroFoam 220V"},"content":{"rendered":"<p>PENOSIL ElectroFoam 220V \u2013 tai poliuretano pistoletin\u0117s putos su specialiu EasyGun aplikatoriumi, skirtos montavimo ir sandarinimo darbams elektros sektoriuje. D\u0117l greito stingimo ir ma\u017eo pl\u0117timosi savybi\u0173 \u0161ios PU putos ypa\u010d tinka sandarinti elektros d\u0117\u017eutes ir gofruot\u0173 vamzd\u017ei\u0173 trasas m\u016bro ar gipso kartono sienose.\u00a0<\/p>\n","protected":false},"excerpt":{"rendered":"putos elektros instaliacijai sandarinti","protected":false},"author":5,"featured_media":15402,"template":"","meta":{"_acf_changed":false,"advgb_blocks_editor_width":"","advgb_blocks_columns_visual_guide":"","footnotes":""},"product_brand":[],"product_cat":[1506,210,1064,1368,1522,656],"product_tag":[],"class_list":{"0":"post-15401","1":"product","2":"type-product","3":"status-publish","4":"has-post-thumbnail","6":"product_cat-statybines-putos","7":"product_cat-naudojimo-sritys","8":"product_cat-nauji-produktai","9":"product_cat-produktu-grupes","10":"product_cat-easygun-putos","11":"product_cat-atsparumas-ugniai","13":"first","14":"instock","15":"taxable","16":"shipping-taxable","17":"purchasable","18":"product-type-simple"},"acf":[],"yoast_head":"<!-- This site is optimized with the Yoast SEO plugin v27.2 - https:\/\/yoast.com\/product\/yoast-seo-wordpress\/ -->\n<title>PENOSIL ElectroFoam 220V putos elektros instaliacijai sandarinti<\/title>\n<meta name=\"description\" content=\"Poliuretano putos elektros instaliacijai izoliuoti ir sandarinti. Lengvai u\u017epildysite siaurus ir gilius tarpus. Su\u017einoti daugiau!\" \/>\n<meta name=\"robots\" content=\"index, follow, max-snippet:-1, max-image-preview:large, max-video-preview:-1\" \/>\n<link rel=\"canonical\" href=\"https:\/\/penosil.com\/lt\/produktai\/electrofoam-220v-putos-elektros-instaliacijai-sandarinti\/\" \/>\n<meta property=\"og:locale\" content=\"lt_LT\" \/>\n<meta property=\"og:type\" content=\"article\" \/>\n<meta property=\"og:title\" content=\"PENOSIL ElectroFoam 220V putos elektros instaliacijai sandarinti\" \/>\n<meta property=\"og:description\" content=\"Poliuretano putos elektros instaliacijai izoliuoti ir sandarinti. Lengvai u\u017epildysite siaurus ir gilius tarpus. Su\u017einoti daugiau!\" \/>\n<meta property=\"og:url\" content=\"https:\/\/penosil.com\/lt\/produktai\/electrofoam-220v-putos-elektros-instaliacijai-sandarinti\/\" \/>\n<meta property=\"og:site_name\" content=\"Penosil Lithuania\" \/>\n<meta property=\"article:modified_time\" content=\"2026-01-06T01:02:04+00:00\" \/>\n<meta property=\"og:image\" content=\"https:\/\/penosil.com\/lt\/wp-content\/uploads\/sites\/13\/2025\/07\/220_ElectroFoam_220V_LT_LV_RU.png\" \/>\n\t<meta property=\"og:image:width\" content=\"523\" \/>\n\t<meta property=\"og:image:height\" content=\"1080\" \/>\n\t<meta property=\"og:image:type\" content=\"image\/png\" \/>\n<meta name=\"twitter:card\" content=\"summary_large_image\" \/>\n<script type=\"application\/ld+json\" class=\"yoast-schema-graph\">{\"@context\":\"https:\/\/schema.org\",\"@graph\":[{\"@type\":\"WebPage\",\"@id\":\"https:\/\/penosil.com\/lt\/produktai\/electrofoam-220v-putos-elektros-instaliacijai-sandarinti\/\",\"url\":\"https:\/\/penosil.com\/lt\/produktai\/electrofoam-220v-putos-elektros-instaliacijai-sandarinti\/\",\"name\":\"PENOSIL ElectroFoam 220V putos elektros instaliacijai sandarinti\",\"isPartOf\":{\"@id\":\"https:\/\/penosil.com\/lt\/#website\"},\"primaryImageOfPage\":{\"@id\":\"https:\/\/penosil.com\/lt\/produktai\/electrofoam-220v-putos-elektros-instaliacijai-sandarinti\/#primaryimage\"},\"image\":{\"@id\":\"https:\/\/penosil.com\/lt\/produktai\/electrofoam-220v-putos-elektros-instaliacijai-sandarinti\/#primaryimage\"},\"thumbnailUrl\":\"https:\/\/penosil.com\/lt\/wp-content\/uploads\/sites\/13\/2025\/07\/220_ElectroFoam_220V_LT_LV_RU.png\",\"datePublished\":\"2025-07-17T06:31:44+00:00\",\"dateModified\":\"2026-01-06T01:02:04+00:00\",\"description\":\"Poliuretano putos elektros instaliacijai izoliuoti ir sandarinti. Lengvai u\u017epildysite siaurus ir gilius tarpus. Su\u017einoti daugiau!\",\"breadcrumb\":{\"@id\":\"https:\/\/penosil.com\/lt\/produktai\/electrofoam-220v-putos-elektros-instaliacijai-sandarinti\/#breadcrumb\"},\"inLanguage\":\"lt-LT\",\"potentialAction\":[{\"@type\":\"ReadAction\",\"target\":[\"https:\/\/penosil.com\/lt\/produktai\/electrofoam-220v-putos-elektros-instaliacijai-sandarinti\/\"]}]},{\"@type\":\"ImageObject\",\"inLanguage\":\"lt-LT\",\"@id\":\"https:\/\/penosil.com\/lt\/produktai\/electrofoam-220v-putos-elektros-instaliacijai-sandarinti\/#primaryimage\",\"url\":\"https:\/\/penosil.com\/lt\/wp-content\/uploads\/sites\/13\/2025\/07\/220_ElectroFoam_220V_LT_LV_RU.png\",\"contentUrl\":\"https:\/\/penosil.com\/lt\/wp-content\/uploads\/sites\/13\/2025\/07\/220_ElectroFoam_220V_LT_LV_RU.png\",\"width\":523,\"height\":1080,\"caption\":\"PENOSIL ElectroFoam 220V putos elektros instaliacijai sandarinti\"},{\"@type\":\"BreadcrumbList\",\"@id\":\"https:\/\/penosil.com\/lt\/produktai\/electrofoam-220v-putos-elektros-instaliacijai-sandarinti\/#breadcrumb\",\"itemListElement\":[{\"@type\":\"ListItem\",\"position\":1,\"name\":\"Home\",\"item\":\"https:\/\/penosil.com\/lt\/\"},{\"@type\":\"ListItem\",\"position\":2,\"name\":\"Produktai\",\"item\":\"https:\/\/penosil.com\/lt\/produktai\/\"},{\"@type\":\"ListItem\",\"position\":3,\"name\":\"ElectroFoam 220V\"}]},{\"@type\":\"WebSite\",\"@id\":\"https:\/\/penosil.com\/lt\/#website\",\"url\":\"https:\/\/penosil.com\/lt\/\",\"name\":\"Penosil Lithuania\",\"description\":\"\",\"potentialAction\":[{\"@type\":\"SearchAction\",\"target\":{\"@type\":\"EntryPoint\",\"urlTemplate\":\"https:\/\/penosil.com\/lt\/?s={search_term_string}\"},\"query-input\":{\"@type\":\"PropertyValueSpecification\",\"valueRequired\":true,\"valueName\":\"search_term_string\"}}],\"inLanguage\":\"lt-LT\"}]}<\/script>\n<!-- \/ Yoast SEO plugin. -->","yoast_head_json":{"title":"PENOSIL ElectroFoam 220V putos elektros instaliacijai sandarinti","description":"Poliuretano putos elektros instaliacijai izoliuoti ir sandarinti. Lengvai u\u017epildysite siaurus ir gilius tarpus. Su\u017einoti daugiau!","robots":{"index":"index","follow":"follow","max-snippet":"max-snippet:-1","max-image-preview":"max-image-preview:large","max-video-preview":"max-video-preview:-1"},"canonical":"https:\/\/penosil.com\/lt\/produktai\/electrofoam-220v-putos-elektros-instaliacijai-sandarinti\/","og_locale":"lt_LT","og_type":"article","og_title":"PENOSIL ElectroFoam 220V putos elektros instaliacijai sandarinti","og_description":"Poliuretano putos elektros instaliacijai izoliuoti ir sandarinti. Lengvai u\u017epildysite siaurus ir gilius tarpus. Su\u017einoti daugiau!","og_url":"https:\/\/penosil.com\/lt\/produktai\/electrofoam-220v-putos-elektros-instaliacijai-sandarinti\/","og_site_name":"Penosil Lithuania","article_modified_time":"2026-01-06T01:02:04+00:00","og_image":[{"width":523,"height":1080,"url":"https:\/\/penosil.com\/lt\/wp-content\/uploads\/sites\/13\/2025\/07\/220_ElectroFoam_220V_LT_LV_RU.png","type":"image\/png"}],"twitter_card":"summary_large_image","schema":{"@context":"https:\/\/schema.org","@graph":[{"@type":"WebPage","@id":"https:\/\/penosil.com\/lt\/produktai\/electrofoam-220v-putos-elektros-instaliacijai-sandarinti\/","url":"https:\/\/penosil.com\/lt\/produktai\/electrofoam-220v-putos-elektros-instaliacijai-sandarinti\/","name":"PENOSIL ElectroFoam 220V putos elektros instaliacijai sandarinti","isPartOf":{"@id":"https:\/\/penosil.com\/lt\/#website"},"primaryImageOfPage":{"@id":"https:\/\/penosil.com\/lt\/produktai\/electrofoam-220v-putos-elektros-instaliacijai-sandarinti\/#primaryimage"},"image":{"@id":"https:\/\/penosil.com\/lt\/produktai\/electrofoam-220v-putos-elektros-instaliacijai-sandarinti\/#primaryimage"},"thumbnailUrl":"https:\/\/penosil.com\/lt\/wp-content\/uploads\/sites\/13\/2025\/07\/220_ElectroFoam_220V_LT_LV_RU.png","datePublished":"2025-07-17T06:31:44+00:00","dateModified":"2026-01-06T01:02:04+00:00","description":"Poliuretano putos elektros instaliacijai izoliuoti ir sandarinti. Lengvai u\u017epildysite siaurus ir gilius tarpus. Su\u017einoti daugiau!","breadcrumb":{"@id":"https:\/\/penosil.com\/lt\/produktai\/electrofoam-220v-putos-elektros-instaliacijai-sandarinti\/#breadcrumb"},"inLanguage":"lt-LT","potentialAction":[{"@type":"ReadAction","target":["https:\/\/penosil.com\/lt\/produktai\/electrofoam-220v-putos-elektros-instaliacijai-sandarinti\/"]}]},{"@type":"ImageObject","inLanguage":"lt-LT","@id":"https:\/\/penosil.com\/lt\/produktai\/electrofoam-220v-putos-elektros-instaliacijai-sandarinti\/#primaryimage","url":"https:\/\/penosil.com\/lt\/wp-content\/uploads\/sites\/13\/2025\/07\/220_ElectroFoam_220V_LT_LV_RU.png","contentUrl":"https:\/\/penosil.com\/lt\/wp-content\/uploads\/sites\/13\/2025\/07\/220_ElectroFoam_220V_LT_LV_RU.png","width":523,"height":1080,"caption":"PENOSIL ElectroFoam 220V putos elektros instaliacijai sandarinti"},{"@type":"BreadcrumbList","@id":"https:\/\/penosil.com\/lt\/produktai\/electrofoam-220v-putos-elektros-instaliacijai-sandarinti\/#breadcrumb","itemListElement":[{"@type":"ListItem","position":1,"name":"Home","item":"https:\/\/penosil.com\/lt\/"},{"@type":"ListItem","position":2,"name":"Produktai","item":"https:\/\/penosil.com\/lt\/produktai\/"},{"@type":"ListItem","position":3,"name":"ElectroFoam 220V"}]},{"@type":"WebSite","@id":"https:\/\/penosil.com\/lt\/#website","url":"https:\/\/penosil.com\/lt\/","name":"Penosil Lithuania","description":"","potentialAction":[{"@type":"SearchAction","target":{"@type":"EntryPoint","urlTemplate":"https:\/\/penosil.com\/lt\/?s={search_term_string}"},"query-input":{"@type":"PropertyValueSpecification","valueRequired":true,"valueName":"search_term_string"}}],"inLanguage":"lt-LT"}]}},"featured_img":"https:\/\/penosil.com\/lt\/wp-content\/uploads\/sites\/13\/2025\/07\/220_ElectroFoam_220V_LT_LV_RU.png","coauthors":[],"author_meta":{"author_link":"https:\/\/penosil.com\/lt\/author\/asta\/","display_name":"Asta Salkauskiene"},"relative_dates":{"created":"Posted 9 m\u0117nesiai ago","modified":"Updated 3 m\u0117nesiai ago"},"absolute_dates":{"created":"Posted on 2025 17 liepos","modified":"Updated on 2026 6 sausio"},"absolute_dates_time":{"created":"Posted on 2025 17 liepos 6:31","modified":"Updated on 2026 6 sausio 1:02"},"featured_img_caption":"","tax_additional":{"product_brand":{"linked":[],"unlinked":[],"slug":"product_brand","name":"Preki\u0173 \u017eenklai"},"product_type":{"linked":["<a href=\"https:\/\/penosil.com\/lt\/?taxonomy=product_type&#038;term=simple\" class=\"advgb-post-tax-term\">simple<\/a>"],"unlinked":["<span class=\"advgb-post-tax-term\">simple<\/span>"],"slug":"product_type","name":"Produkto tipas"},"product_visibility":{"linked":[],"unlinked":[],"slug":"product_visibility","name":"Produkto matomumas"},"product_cat":{"linked":["<a href=\"https:\/\/penosil.com\/lt\/produkto-kategorija\/produktu-grupes\/statybines-putos\/\" class=\"advgb-post-tax-term\">Statybin\u0117s putos<\/a>","<a href=\"https:\/\/penosil.com\/lt\/produkto-kategorija\/naudojimo-sritys\/\" class=\"advgb-post-tax-term\">Naudojimo sritys<\/a>","<a href=\"https:\/\/penosil.com\/lt\/produkto-kategorija\/nauji-produktai\/\" class=\"advgb-post-tax-term\">Nauji produktai<\/a>","<a href=\"https:\/\/penosil.com\/lt\/produkto-kategorija\/produktu-grupes\/\" class=\"advgb-post-tax-term\">Produkt\u0173 grup\u0117s<\/a>","<a href=\"https:\/\/penosil.com\/lt\/produkto-kategorija\/produktu-grupes\/statybines-putos\/easygun-putos\/\" class=\"advgb-post-tax-term\">Easygun putos<\/a>","<a href=\"https:\/\/penosil.com\/lt\/produkto-kategorija\/naudojimo-sritys\/atsparumas-ugniai\/\" class=\"advgb-post-tax-term\">Atsparumas ugniai \/ auk\u0161tai temperat\u016brai<\/a>"],"unlinked":["<span class=\"advgb-post-tax-term\">Statybin\u0117s putos<\/span>","<span class=\"advgb-post-tax-term\">Naudojimo sritys<\/span>","<span class=\"advgb-post-tax-term\">Nauji produktai<\/span>","<span class=\"advgb-post-tax-term\">Produkt\u0173 grup\u0117s<\/span>","<span class=\"advgb-post-tax-term\">Easygun putos<\/span>","<span class=\"advgb-post-tax-term\">Atsparumas ugniai \/ auk\u0161tai temperat\u016brai<\/span>"],"slug":"product_cat","name":"Produkto kategorijos"},"product_tag":{"linked":[],"unlinked":[],"slug":"product_tag","name":"Produkto \u017eyma"},"product_shipping_class":{"linked":[],"unlinked":[],"slug":"product_shipping_class","name":"Produkto pristatymo klas\u0117s"},"pos_product_visibility":{"linked":[],"unlinked":[],"slug":"pos_product_visibility","name":"POS Product visibility"},"pa_color":{"linked":["<a href=\"https:\/\/penosil.com\/lt\/en\/?taxonomy=pa_color&#038;term=sviesiai-geltona\" class=\"advgb-post-tax-term\">\u0160viesiai geltona<\/a>"],"unlinked":["<span class=\"advgb-post-tax-term\">\u0160viesiai geltona<\/span>"],"slug":"pa_color","name":"Product Color"},"pa_package":{"linked":["<a href=\"https:\/\/penosil.com\/lt\/en\/?taxonomy=pa_package&#038;term=750-ml\" class=\"advgb-post-tax-term\">750 ml<\/a>"],"unlinked":["<span class=\"advgb-post-tax-term\">750 ml<\/span>"],"slug":"pa_package","name":"Product Package"},"pa_plotis":{"linked":[],"unlinked":[],"slug":"pa_plotis","name":"Product Plotis"},"pa_skersmuo":{"linked":[],"unlinked":[],"slug":"pa_skersmuo","name":"Product Skersmuo"},"translation_priority":{"linked":["<a href=\"https:\/\/penosil.com\/lt\/?taxonomy=translation_priority&#038;term=optional-lt\" class=\"advgb-post-tax-term\">Optional<\/a>"],"unlinked":["<span class=\"advgb-post-tax-term\">Optional<\/span>"],"slug":"translation_priority","name":"Translation Priorities"}},"series_order":"","_links":{"self":[{"href":"https:\/\/penosil.com\/lt\/wp-json\/wp\/v2\/product\/15401","targetHints":{"allow":["GET"]}}],"collection":[{"href":"https:\/\/penosil.com\/lt\/wp-json\/wp\/v2\/product"}],"about":[{"href":"https:\/\/penosil.com\/lt\/wp-json\/wp\/v2\/types\/product"}],"version-history":[{"count":10,"href":"https:\/\/penosil.com\/lt\/wp-json\/wp\/v2\/product\/15401\/revisions"}],"predecessor-version":[{"id":16412,"href":"https:\/\/penosil.com\/lt\/wp-json\/wp\/v2\/product\/15401\/revisions\/16412"}],"wp:featuredmedia":[{"embeddable":true,"href":"https:\/\/penosil.com\/lt\/wp-json\/wp\/v2\/media\/15402"}],"wp:attachment":[{"href":"https:\/\/penosil.com\/lt\/wp-json\/wp\/v2\/media?parent=15401"}],"wp:term":[{"taxonomy":"product_brand","embeddable":true,"href":"https:\/\/penosil.com\/lt\/wp-json\/wp\/v2\/product_brand?post=15401"},{"taxonomy":"product_cat","embeddable":true,"href":"https:\/\/penosil.com\/lt\/wp-json\/wp\/v2\/product_cat?post=15401"},{"taxonomy":"product_tag","embeddable":true,"href":"https:\/\/penosil.com\/lt\/wp-json\/wp\/v2\/product_tag?post=15401"}],"curies":[{"name":"wp","href":"https:\/\/api.w.org\/{rel}","templated":true}]}}