{"id":15489,"date":"2025-07-22T05:50:00","date_gmt":"2025-07-22T05:50:00","guid":{"rendered":"https:\/\/penosil.com\/lt\/?post_type=product&#038;p=15489"},"modified":"2026-01-20T01:08:04","modified_gmt":"2026-01-20T01:08:04","slug":"foamgun-long-t1-pu-putu-pistoletas-su-ypac-ilgu-vamzdziu","status":"publish","type":"product","link":"https:\/\/penosil.com\/lt\/produktai\/foamgun-long-t1-pu-putu-pistoletas-su-ypac-ilgu-vamzdziu\/","title":{"rendered":"FoamGun Long T1"},"content":{"rendered":"<p>PENOSIL FoamGun Long T1 yra profesionalus PU put\u0173 pistoletas su ypa\u010d ilgu vamzd\u017eiu, skirtas u\u017epildyti pernelyg \u017eemai arba auk\u0161tai esan\u010dias vietas.<\/p>\n","protected":false},"excerpt":{"rendered":"PU put\u0173 pistoletas su ypa\u010d ilgu vamzd\u017eiu","protected":false},"author":5,"featured_media":15490,"template":"","meta":{"_acf_changed":false,"advgb_blocks_editor_width":"","advgb_blocks_columns_visual_guide":"","footnotes":""},"product_brand":[],"product_cat":[1506,2377,210,836,1368,2361,1816],"product_tag":[],"class_list":{"0":"post-15489","1":"product","2":"type-product","3":"status-publish","4":"has-post-thumbnail","6":"product_cat-statybines-putos","7":"product_cat-pistoletai-putoms","8":"product_cat-naudojimo-sritys","9":"product_cat-bendroji-statyba","10":"product_cat-produktu-grupes","11":"product_cat-pistoletai-putoms-ir-valikliai","12":"product_cat-irankiai-ir-valikliai","14":"first","15":"instock","16":"taxable","17":"shipping-taxable","18":"purchasable","19":"product-type-simple"},"acf":[],"yoast_head":"<!-- This site is optimized with the Yoast SEO plugin v27.2 - https:\/\/yoast.com\/product\/yoast-seo-wordpress\/ -->\n<title>PENOSIL FoamGun Long T1 PU pistoletas su ypa\u010d ilgu vamzd\u017eiu<\/title>\n<meta name=\"description\" content=\"Specialus put\u0173 pistoletas profesionalamas su ypa\u010d ilgu vamzd\u017eiu jungtims \u017eemai ar auk\u0161tai sandarinti. Lengva naudoti ir dozuoti putas. Daugiau!\" \/>\n<meta name=\"robots\" content=\"index, follow, max-snippet:-1, max-image-preview:large, max-video-preview:-1\" \/>\n<link rel=\"canonical\" href=\"https:\/\/penosil.com\/lt\/produktai\/foamgun-long-t1-pu-putu-pistoletas-su-ypac-ilgu-vamzdziu\/\" \/>\n<meta property=\"og:locale\" content=\"lt_LT\" \/>\n<meta property=\"og:type\" content=\"article\" \/>\n<meta property=\"og:title\" content=\"PENOSIL FoamGun Long T1 PU pistoletas su ypa\u010d ilgu vamzd\u017eiu\" \/>\n<meta property=\"og:description\" content=\"Specialus put\u0173 pistoletas profesionalamas su ypa\u010d ilgu vamzd\u017eiu jungtims \u017eemai ar auk\u0161tai sandarinti. Lengva naudoti ir dozuoti putas. Daugiau!\" \/>\n<meta property=\"og:url\" content=\"https:\/\/penosil.com\/lt\/produktai\/foamgun-long-t1-pu-putu-pistoletas-su-ypac-ilgu-vamzdziu\/\" \/>\n<meta property=\"og:site_name\" content=\"Penosil Lithuania\" \/>\n<meta property=\"article:modified_time\" content=\"2026-01-20T01:08:04+00:00\" \/>\n<meta property=\"og:image\" content=\"https:\/\/penosil.com\/lt\/wp-content\/uploads\/sites\/13\/2025\/07\/FoamGun_Long_T1.png\" \/>\n\t<meta property=\"og:image:width\" content=\"4084\" \/>\n\t<meta property=\"og:image:height\" content=\"964\" \/>\n\t<meta property=\"og:image:type\" content=\"image\/png\" \/>\n<meta name=\"twitter:card\" content=\"summary_large_image\" \/>\n<script type=\"application\/ld+json\" class=\"yoast-schema-graph\">{\"@context\":\"https:\/\/schema.org\",\"@graph\":[{\"@type\":\"WebPage\",\"@id\":\"https:\/\/penosil.com\/lt\/produktai\/foamgun-long-t1-pu-putu-pistoletas-su-ypac-ilgu-vamzdziu\/\",\"url\":\"https:\/\/penosil.com\/lt\/produktai\/foamgun-long-t1-pu-putu-pistoletas-su-ypac-ilgu-vamzdziu\/\",\"name\":\"PENOSIL FoamGun Long T1 PU pistoletas su ypa\u010d ilgu vamzd\u017eiu\",\"isPartOf\":{\"@id\":\"https:\/\/penosil.com\/lt\/#website\"},\"primaryImageOfPage\":{\"@id\":\"https:\/\/penosil.com\/lt\/produktai\/foamgun-long-t1-pu-putu-pistoletas-su-ypac-ilgu-vamzdziu\/#primaryimage\"},\"image\":{\"@id\":\"https:\/\/penosil.com\/lt\/produktai\/foamgun-long-t1-pu-putu-pistoletas-su-ypac-ilgu-vamzdziu\/#primaryimage\"},\"thumbnailUrl\":\"https:\/\/penosil.com\/lt\/wp-content\/uploads\/sites\/13\/2025\/07\/FoamGun_Long_T1.png\",\"datePublished\":\"2025-07-22T05:50:00+00:00\",\"dateModified\":\"2026-01-20T01:08:04+00:00\",\"description\":\"Specialus put\u0173 pistoletas profesionalamas su ypa\u010d ilgu vamzd\u017eiu jungtims \u017eemai ar auk\u0161tai sandarinti. Lengva naudoti ir dozuoti putas. Daugiau!\",\"breadcrumb\":{\"@id\":\"https:\/\/penosil.com\/lt\/produktai\/foamgun-long-t1-pu-putu-pistoletas-su-ypac-ilgu-vamzdziu\/#breadcrumb\"},\"inLanguage\":\"lt-LT\",\"potentialAction\":[{\"@type\":\"ReadAction\",\"target\":[\"https:\/\/penosil.com\/lt\/produktai\/foamgun-long-t1-pu-putu-pistoletas-su-ypac-ilgu-vamzdziu\/\"]}]},{\"@type\":\"ImageObject\",\"inLanguage\":\"lt-LT\",\"@id\":\"https:\/\/penosil.com\/lt\/produktai\/foamgun-long-t1-pu-putu-pistoletas-su-ypac-ilgu-vamzdziu\/#primaryimage\",\"url\":\"https:\/\/penosil.com\/lt\/wp-content\/uploads\/sites\/13\/2025\/07\/FoamGun_Long_T1.png\",\"contentUrl\":\"https:\/\/penosil.com\/lt\/wp-content\/uploads\/sites\/13\/2025\/07\/FoamGun_Long_T1.png\",\"width\":4084,\"height\":964,\"caption\":\"PENOSIL FoamGun Long T1 PU pistoletas su ypa\u010d ilgu vamzd\u017eiu\"},{\"@type\":\"BreadcrumbList\",\"@id\":\"https:\/\/penosil.com\/lt\/produktai\/foamgun-long-t1-pu-putu-pistoletas-su-ypac-ilgu-vamzdziu\/#breadcrumb\",\"itemListElement\":[{\"@type\":\"ListItem\",\"position\":1,\"name\":\"Home\",\"item\":\"https:\/\/penosil.com\/lt\/\"},{\"@type\":\"ListItem\",\"position\":2,\"name\":\"Produktai\",\"item\":\"https:\/\/penosil.com\/lt\/produktai\/\"},{\"@type\":\"ListItem\",\"position\":3,\"name\":\"FoamGun Long T1\"}]},{\"@type\":\"WebSite\",\"@id\":\"https:\/\/penosil.com\/lt\/#website\",\"url\":\"https:\/\/penosil.com\/lt\/\",\"name\":\"Penosil Lithuania\",\"description\":\"\",\"potentialAction\":[{\"@type\":\"SearchAction\",\"target\":{\"@type\":\"EntryPoint\",\"urlTemplate\":\"https:\/\/penosil.com\/lt\/?s={search_term_string}\"},\"query-input\":{\"@type\":\"PropertyValueSpecification\",\"valueRequired\":true,\"valueName\":\"search_term_string\"}}],\"inLanguage\":\"lt-LT\"}]}<\/script>\n<!-- \/ Yoast SEO plugin. -->","yoast_head_json":{"title":"PENOSIL FoamGun Long T1 PU pistoletas su ypa\u010d ilgu vamzd\u017eiu","description":"Specialus put\u0173 pistoletas profesionalamas su ypa\u010d ilgu vamzd\u017eiu jungtims \u017eemai ar auk\u0161tai sandarinti. Lengva naudoti ir dozuoti putas. Daugiau!","robots":{"index":"index","follow":"follow","max-snippet":"max-snippet:-1","max-image-preview":"max-image-preview:large","max-video-preview":"max-video-preview:-1"},"canonical":"https:\/\/penosil.com\/lt\/produktai\/foamgun-long-t1-pu-putu-pistoletas-su-ypac-ilgu-vamzdziu\/","og_locale":"lt_LT","og_type":"article","og_title":"PENOSIL FoamGun Long T1 PU pistoletas su ypa\u010d ilgu vamzd\u017eiu","og_description":"Specialus put\u0173 pistoletas profesionalamas su ypa\u010d ilgu vamzd\u017eiu jungtims \u017eemai ar auk\u0161tai sandarinti. Lengva naudoti ir dozuoti putas. Daugiau!","og_url":"https:\/\/penosil.com\/lt\/produktai\/foamgun-long-t1-pu-putu-pistoletas-su-ypac-ilgu-vamzdziu\/","og_site_name":"Penosil Lithuania","article_modified_time":"2026-01-20T01:08:04+00:00","og_image":[{"width":4084,"height":964,"url":"https:\/\/penosil.com\/lt\/wp-content\/uploads\/sites\/13\/2025\/07\/FoamGun_Long_T1.png","type":"image\/png"}],"twitter_card":"summary_large_image","schema":{"@context":"https:\/\/schema.org","@graph":[{"@type":"WebPage","@id":"https:\/\/penosil.com\/lt\/produktai\/foamgun-long-t1-pu-putu-pistoletas-su-ypac-ilgu-vamzdziu\/","url":"https:\/\/penosil.com\/lt\/produktai\/foamgun-long-t1-pu-putu-pistoletas-su-ypac-ilgu-vamzdziu\/","name":"PENOSIL FoamGun Long T1 PU pistoletas su ypa\u010d ilgu vamzd\u017eiu","isPartOf":{"@id":"https:\/\/penosil.com\/lt\/#website"},"primaryImageOfPage":{"@id":"https:\/\/penosil.com\/lt\/produktai\/foamgun-long-t1-pu-putu-pistoletas-su-ypac-ilgu-vamzdziu\/#primaryimage"},"image":{"@id":"https:\/\/penosil.com\/lt\/produktai\/foamgun-long-t1-pu-putu-pistoletas-su-ypac-ilgu-vamzdziu\/#primaryimage"},"thumbnailUrl":"https:\/\/penosil.com\/lt\/wp-content\/uploads\/sites\/13\/2025\/07\/FoamGun_Long_T1.png","datePublished":"2025-07-22T05:50:00+00:00","dateModified":"2026-01-20T01:08:04+00:00","description":"Specialus put\u0173 pistoletas profesionalamas su ypa\u010d ilgu vamzd\u017eiu jungtims \u017eemai ar auk\u0161tai sandarinti. Lengva naudoti ir dozuoti putas. Daugiau!","breadcrumb":{"@id":"https:\/\/penosil.com\/lt\/produktai\/foamgun-long-t1-pu-putu-pistoletas-su-ypac-ilgu-vamzdziu\/#breadcrumb"},"inLanguage":"lt-LT","potentialAction":[{"@type":"ReadAction","target":["https:\/\/penosil.com\/lt\/produktai\/foamgun-long-t1-pu-putu-pistoletas-su-ypac-ilgu-vamzdziu\/"]}]},{"@type":"ImageObject","inLanguage":"lt-LT","@id":"https:\/\/penosil.com\/lt\/produktai\/foamgun-long-t1-pu-putu-pistoletas-su-ypac-ilgu-vamzdziu\/#primaryimage","url":"https:\/\/penosil.com\/lt\/wp-content\/uploads\/sites\/13\/2025\/07\/FoamGun_Long_T1.png","contentUrl":"https:\/\/penosil.com\/lt\/wp-content\/uploads\/sites\/13\/2025\/07\/FoamGun_Long_T1.png","width":4084,"height":964,"caption":"PENOSIL FoamGun Long T1 PU pistoletas su ypa\u010d ilgu vamzd\u017eiu"},{"@type":"BreadcrumbList","@id":"https:\/\/penosil.com\/lt\/produktai\/foamgun-long-t1-pu-putu-pistoletas-su-ypac-ilgu-vamzdziu\/#breadcrumb","itemListElement":[{"@type":"ListItem","position":1,"name":"Home","item":"https:\/\/penosil.com\/lt\/"},{"@type":"ListItem","position":2,"name":"Produktai","item":"https:\/\/penosil.com\/lt\/produktai\/"},{"@type":"ListItem","position":3,"name":"FoamGun Long T1"}]},{"@type":"WebSite","@id":"https:\/\/penosil.com\/lt\/#website","url":"https:\/\/penosil.com\/lt\/","name":"Penosil Lithuania","description":"","potentialAction":[{"@type":"SearchAction","target":{"@type":"EntryPoint","urlTemplate":"https:\/\/penosil.com\/lt\/?s={search_term_string}"},"query-input":{"@type":"PropertyValueSpecification","valueRequired":true,"valueName":"search_term_string"}}],"inLanguage":"lt-LT"}]}},"featured_img":"https:\/\/penosil.com\/lt\/wp-content\/uploads\/sites\/13\/2025\/07\/FoamGun_Long_T1.png","coauthors":[],"author_meta":{"author_link":"https:\/\/penosil.com\/lt\/author\/asta\/","display_name":"Asta Salkauskiene"},"relative_dates":{"created":"Posted 9 m\u0117nesiai ago","modified":"Updated 3 m\u0117nesiai ago"},"absolute_dates":{"created":"Posted on 2025 22 liepos","modified":"Updated on 2026 20 sausio"},"absolute_dates_time":{"created":"Posted on 2025 22 liepos 5:50","modified":"Updated on 2026 20 sausio 1:08"},"featured_img_caption":"","tax_additional":{"product_brand":{"linked":[],"unlinked":[],"slug":"product_brand","name":"Preki\u0173 \u017eenklai"},"product_type":{"linked":["<a href=\"https:\/\/penosil.com\/lt\/?taxonomy=product_type&#038;term=simple\" class=\"advgb-post-tax-term\">simple<\/a>"],"unlinked":["<span class=\"advgb-post-tax-term\">simple<\/span>"],"slug":"product_type","name":"Produkto tipas"},"product_visibility":{"linked":[],"unlinked":[],"slug":"product_visibility","name":"Produkto matomumas"},"product_cat":{"linked":["<a href=\"https:\/\/penosil.com\/lt\/produkto-kategorija\/produktu-grupes\/statybines-putos\/\" class=\"advgb-post-tax-term\">Statybin\u0117s putos<\/a>","<a href=\"https:\/\/penosil.com\/lt\/produkto-kategorija\/produktu-grupes\/irankiai-ir-valikliai\/pistoletai-putoms\/\" class=\"advgb-post-tax-term\">Pistoletai putoms<\/a>","<a href=\"https:\/\/penosil.com\/lt\/produkto-kategorija\/naudojimo-sritys\/\" class=\"advgb-post-tax-term\">Naudojimo sritys<\/a>","<a href=\"https:\/\/penosil.com\/lt\/produkto-kategorija\/naudojimo-sritys\/bendroji-statyba\/\" class=\"advgb-post-tax-term\">Bendroji statyba<\/a>","<a href=\"https:\/\/penosil.com\/lt\/produkto-kategorija\/produktu-grupes\/\" class=\"advgb-post-tax-term\">Produkt\u0173 grup\u0117s<\/a>","<a href=\"https:\/\/penosil.com\/lt\/produkto-kategorija\/produktu-grupes\/statybines-putos\/pistoletai-putoms-ir-valikliai\/\" class=\"advgb-post-tax-term\">Pistoletai putoms ir valikliai<\/a>","<a href=\"https:\/\/penosil.com\/lt\/produkto-kategorija\/produktu-grupes\/irankiai-ir-valikliai\/\" class=\"advgb-post-tax-term\">\u012erankiai ir valikliai<\/a>"],"unlinked":["<span class=\"advgb-post-tax-term\">Statybin\u0117s putos<\/span>","<span class=\"advgb-post-tax-term\">Pistoletai putoms<\/span>","<span class=\"advgb-post-tax-term\">Naudojimo sritys<\/span>","<span class=\"advgb-post-tax-term\">Bendroji statyba<\/span>","<span class=\"advgb-post-tax-term\">Produkt\u0173 grup\u0117s<\/span>","<span class=\"advgb-post-tax-term\">Pistoletai putoms ir valikliai<\/span>","<span class=\"advgb-post-tax-term\">\u012erankiai ir valikliai<\/span>"],"slug":"product_cat","name":"Produkto kategorijos"},"product_tag":{"linked":[],"unlinked":[],"slug":"product_tag","name":"Produkto \u017eyma"},"product_shipping_class":{"linked":[],"unlinked":[],"slug":"product_shipping_class","name":"Produkto pristatymo klas\u0117s"},"pos_product_visibility":{"linked":[],"unlinked":[],"slug":"pos_product_visibility","name":"POS Product visibility"},"pa_color":{"linked":[],"unlinked":[],"slug":"pa_color","name":"Product Color"},"pa_package":{"linked":[],"unlinked":[],"slug":"pa_package","name":"Product Package"},"pa_plotis":{"linked":[],"unlinked":[],"slug":"pa_plotis","name":"Product Plotis"},"pa_skersmuo":{"linked":[],"unlinked":[],"slug":"pa_skersmuo","name":"Product Skersmuo"},"translation_priority":{"linked":["<a href=\"https:\/\/penosil.com\/lt\/?taxonomy=translation_priority&#038;term=optional-lt\" class=\"advgb-post-tax-term\">Optional<\/a>"],"unlinked":["<span class=\"advgb-post-tax-term\">Optional<\/span>"],"slug":"translation_priority","name":"Translation Priorities"}},"series_order":"","_links":{"self":[{"href":"https:\/\/penosil.com\/lt\/wp-json\/wp\/v2\/product\/15489","targetHints":{"allow":["GET"]}}],"collection":[{"href":"https:\/\/penosil.com\/lt\/wp-json\/wp\/v2\/product"}],"about":[{"href":"https:\/\/penosil.com\/lt\/wp-json\/wp\/v2\/types\/product"}],"version-history":[{"count":4,"href":"https:\/\/penosil.com\/lt\/wp-json\/wp\/v2\/product\/15489\/revisions"}],"predecessor-version":[{"id":16390,"href":"https:\/\/penosil.com\/lt\/wp-json\/wp\/v2\/product\/15489\/revisions\/16390"}],"wp:featuredmedia":[{"embeddable":true,"href":"https:\/\/penosil.com\/lt\/wp-json\/wp\/v2\/media\/15490"}],"wp:attachment":[{"href":"https:\/\/penosil.com\/lt\/wp-json\/wp\/v2\/media?parent=15489"}],"wp:term":[{"taxonomy":"product_brand","embeddable":true,"href":"https:\/\/penosil.com\/lt\/wp-json\/wp\/v2\/product_brand?post=15489"},{"taxonomy":"product_cat","embeddable":true,"href":"https:\/\/penosil.com\/lt\/wp-json\/wp\/v2\/product_cat?post=15489"},{"taxonomy":"product_tag","embeddable":true,"href":"https:\/\/penosil.com\/lt\/wp-json\/wp\/v2\/product_tag?post=15489"}],"curies":[{"name":"wp","href":"https:\/\/api.w.org\/{rel}","templated":true}]}}