{"id":15831,"date":"2025-08-19T05:23:50","date_gmt":"2025-08-19T05:23:50","guid":{"rendered":"https:\/\/penosil.com\/lt\/?post_type=product&#038;p=15831"},"modified":"2026-01-28T01:18:32","modified_gmt":"2026-01-28T01:18:32","slug":"aquabrake-fabric-435-hidroizoliacijos-sutvirtinimo-audinys","status":"publish","type":"product","link":"https:\/\/penosil.com\/lt\/produktai\/aquabrake-fabric-435-hidroizoliacijos-sutvirtinimo-audinys\/","title":{"rendered":"AquaBrake Fabric 435"},"content":{"rendered":"<p>PENOSIL AquaBrake Fabric 435 \u2013 tai hidroizoliacijos sutvirtinimo audinys, skirtas sien\u0173 ir grind\u0173 hidroizoliacijai sustiprinti dr\u0117gnose patalpose, tokiose kaip vonios kambariai, saunos, virtuv\u0117s, balkonai, terasos ir kt. Sustiprina vandeniui atspari\u0173 hermetik\u0173 ir mastik\u0173 poveik\u012f.<\/p>\n","protected":false},"excerpt":{"rendered":"hidroizoliacijos sutvirtinimo audinys","protected":false},"author":5,"featured_media":15832,"template":"","meta":{"_acf_changed":false,"advgb_blocks_editor_width":"","advgb_blocks_columns_visual_guide":"","footnotes":""},"product_brand":[],"product_cat":[210,1368,1695,2370,1139],"product_tag":[],"class_list":{"0":"post-15831","1":"product","2":"type-product","3":"status-publish","4":"has-post-thumbnail","6":"product_cat-naudojimo-sritys","7":"product_cat-produktu-grupes","8":"product_cat-juostos-ir-membranos","9":"product_cat-hidroizoliacines-juostos-ir-membranos","10":"product_cat-sanitarines-patalpos","12":"first","13":"instock","14":"taxable","15":"shipping-taxable","16":"purchasable","17":"product-type-simple"},"acf":[],"yoast_head":"<!-- This site is optimized with the Yoast SEO plugin v27.2 - https:\/\/yoast.com\/product\/yoast-seo-wordpress\/ -->\n<title>PENOSIL AquaBrake Fabric 435 hidroizoliacijos sutvirtinimo audinys<\/title>\n<meta name=\"description\" content=\"Hidroizoliacijos sutvirtinimo audinys padidina vandeniui atspari\u0173 hermetik\u0173 ir mastik\u0173 poveik\u012f. Galima pjaustyti \u012f bet koki\u0105\u00a0form\u0105 ar dyd\u012f. Daugiau!\" \/>\n<meta name=\"robots\" content=\"index, follow, max-snippet:-1, max-image-preview:large, max-video-preview:-1\" \/>\n<link rel=\"canonical\" href=\"https:\/\/penosil.com\/lt\/produktai\/aquabrake-fabric-435-hidroizoliacijos-sutvirtinimo-audinys\/\" \/>\n<meta property=\"og:locale\" content=\"lt_LT\" \/>\n<meta property=\"og:type\" content=\"article\" \/>\n<meta property=\"og:title\" content=\"PENOSIL AquaBrake Fabric 435 hidroizoliacijos sutvirtinimo audinys\" \/>\n<meta property=\"og:description\" content=\"Hidroizoliacijos sutvirtinimo audinys padidina vandeniui atspari\u0173 hermetik\u0173 ir mastik\u0173 poveik\u012f. Galima pjaustyti \u012f bet koki\u0105\u00a0form\u0105 ar dyd\u012f. Daugiau!\" \/>\n<meta property=\"og:url\" content=\"https:\/\/penosil.com\/lt\/produktai\/aquabrake-fabric-435-hidroizoliacijos-sutvirtinimo-audinys\/\" \/>\n<meta property=\"og:site_name\" content=\"Penosil Lithuania\" \/>\n<meta property=\"article:modified_time\" content=\"2026-01-28T01:18:32+00:00\" \/>\n<meta property=\"og:image\" content=\"https:\/\/penosil.com\/lt\/wp-content\/uploads\/sites\/13\/2025\/08\/435_AquaBrake_Fabric_435_LT_LV_EE_RU.png\" \/>\n\t<meta property=\"og:image:width\" content=\"680\" \/>\n\t<meta property=\"og:image:height\" content=\"1080\" \/>\n\t<meta property=\"og:image:type\" content=\"image\/png\" \/>\n<meta name=\"twitter:card\" content=\"summary_large_image\" \/>\n<script type=\"application\/ld+json\" class=\"yoast-schema-graph\">{\"@context\":\"https:\/\/schema.org\",\"@graph\":[{\"@type\":\"WebPage\",\"@id\":\"https:\/\/penosil.com\/lt\/produktai\/aquabrake-fabric-435-hidroizoliacijos-sutvirtinimo-audinys\/\",\"url\":\"https:\/\/penosil.com\/lt\/produktai\/aquabrake-fabric-435-hidroizoliacijos-sutvirtinimo-audinys\/\",\"name\":\"PENOSIL AquaBrake Fabric 435 hidroizoliacijos sutvirtinimo audinys\",\"isPartOf\":{\"@id\":\"https:\/\/penosil.com\/lt\/#website\"},\"primaryImageOfPage\":{\"@id\":\"https:\/\/penosil.com\/lt\/produktai\/aquabrake-fabric-435-hidroizoliacijos-sutvirtinimo-audinys\/#primaryimage\"},\"image\":{\"@id\":\"https:\/\/penosil.com\/lt\/produktai\/aquabrake-fabric-435-hidroizoliacijos-sutvirtinimo-audinys\/#primaryimage\"},\"thumbnailUrl\":\"https:\/\/penosil.com\/lt\/wp-content\/uploads\/sites\/13\/2025\/08\/435_AquaBrake_Fabric_435_LT_LV_EE_RU.png\",\"datePublished\":\"2025-08-19T05:23:50+00:00\",\"dateModified\":\"2026-01-28T01:18:32+00:00\",\"description\":\"Hidroizoliacijos sutvirtinimo audinys padidina vandeniui atspari\u0173 hermetik\u0173 ir mastik\u0173 poveik\u012f. Galima pjaustyti \u012f bet koki\u0105\u00a0form\u0105 ar dyd\u012f. Daugiau!\",\"breadcrumb\":{\"@id\":\"https:\/\/penosil.com\/lt\/produktai\/aquabrake-fabric-435-hidroizoliacijos-sutvirtinimo-audinys\/#breadcrumb\"},\"inLanguage\":\"lt-LT\",\"potentialAction\":[{\"@type\":\"ReadAction\",\"target\":[\"https:\/\/penosil.com\/lt\/produktai\/aquabrake-fabric-435-hidroizoliacijos-sutvirtinimo-audinys\/\"]}]},{\"@type\":\"ImageObject\",\"inLanguage\":\"lt-LT\",\"@id\":\"https:\/\/penosil.com\/lt\/produktai\/aquabrake-fabric-435-hidroizoliacijos-sutvirtinimo-audinys\/#primaryimage\",\"url\":\"https:\/\/penosil.com\/lt\/wp-content\/uploads\/sites\/13\/2025\/08\/435_AquaBrake_Fabric_435_LT_LV_EE_RU.png\",\"contentUrl\":\"https:\/\/penosil.com\/lt\/wp-content\/uploads\/sites\/13\/2025\/08\/435_AquaBrake_Fabric_435_LT_LV_EE_RU.png\",\"width\":680,\"height\":1080,\"caption\":\"PENOSIL AquaBrake Fabric 435 hidroizoliacijos sutvirtinimo audinys\"},{\"@type\":\"BreadcrumbList\",\"@id\":\"https:\/\/penosil.com\/lt\/produktai\/aquabrake-fabric-435-hidroizoliacijos-sutvirtinimo-audinys\/#breadcrumb\",\"itemListElement\":[{\"@type\":\"ListItem\",\"position\":1,\"name\":\"Home\",\"item\":\"https:\/\/penosil.com\/lt\/\"},{\"@type\":\"ListItem\",\"position\":2,\"name\":\"Produktai\",\"item\":\"https:\/\/penosil.com\/lt\/produktai\/\"},{\"@type\":\"ListItem\",\"position\":3,\"name\":\"AquaBrake Fabric 435\"}]},{\"@type\":\"WebSite\",\"@id\":\"https:\/\/penosil.com\/lt\/#website\",\"url\":\"https:\/\/penosil.com\/lt\/\",\"name\":\"Penosil Lithuania\",\"description\":\"\",\"potentialAction\":[{\"@type\":\"SearchAction\",\"target\":{\"@type\":\"EntryPoint\",\"urlTemplate\":\"https:\/\/penosil.com\/lt\/?s={search_term_string}\"},\"query-input\":{\"@type\":\"PropertyValueSpecification\",\"valueRequired\":true,\"valueName\":\"search_term_string\"}}],\"inLanguage\":\"lt-LT\"}]}<\/script>\n<!-- \/ Yoast SEO plugin. -->","yoast_head_json":{"title":"PENOSIL AquaBrake Fabric 435 hidroizoliacijos sutvirtinimo audinys","description":"Hidroizoliacijos sutvirtinimo audinys padidina vandeniui atspari\u0173 hermetik\u0173 ir mastik\u0173 poveik\u012f. Galima pjaustyti \u012f bet koki\u0105\u00a0form\u0105 ar dyd\u012f. Daugiau!","robots":{"index":"index","follow":"follow","max-snippet":"max-snippet:-1","max-image-preview":"max-image-preview:large","max-video-preview":"max-video-preview:-1"},"canonical":"https:\/\/penosil.com\/lt\/produktai\/aquabrake-fabric-435-hidroizoliacijos-sutvirtinimo-audinys\/","og_locale":"lt_LT","og_type":"article","og_title":"PENOSIL AquaBrake Fabric 435 hidroizoliacijos sutvirtinimo audinys","og_description":"Hidroizoliacijos sutvirtinimo audinys padidina vandeniui atspari\u0173 hermetik\u0173 ir mastik\u0173 poveik\u012f. Galima pjaustyti \u012f bet koki\u0105\u00a0form\u0105 ar dyd\u012f. Daugiau!","og_url":"https:\/\/penosil.com\/lt\/produktai\/aquabrake-fabric-435-hidroizoliacijos-sutvirtinimo-audinys\/","og_site_name":"Penosil Lithuania","article_modified_time":"2026-01-28T01:18:32+00:00","og_image":[{"width":680,"height":1080,"url":"https:\/\/penosil.com\/lt\/wp-content\/uploads\/sites\/13\/2025\/08\/435_AquaBrake_Fabric_435_LT_LV_EE_RU.png","type":"image\/png"}],"twitter_card":"summary_large_image","schema":{"@context":"https:\/\/schema.org","@graph":[{"@type":"WebPage","@id":"https:\/\/penosil.com\/lt\/produktai\/aquabrake-fabric-435-hidroizoliacijos-sutvirtinimo-audinys\/","url":"https:\/\/penosil.com\/lt\/produktai\/aquabrake-fabric-435-hidroizoliacijos-sutvirtinimo-audinys\/","name":"PENOSIL AquaBrake Fabric 435 hidroizoliacijos sutvirtinimo audinys","isPartOf":{"@id":"https:\/\/penosil.com\/lt\/#website"},"primaryImageOfPage":{"@id":"https:\/\/penosil.com\/lt\/produktai\/aquabrake-fabric-435-hidroizoliacijos-sutvirtinimo-audinys\/#primaryimage"},"image":{"@id":"https:\/\/penosil.com\/lt\/produktai\/aquabrake-fabric-435-hidroizoliacijos-sutvirtinimo-audinys\/#primaryimage"},"thumbnailUrl":"https:\/\/penosil.com\/lt\/wp-content\/uploads\/sites\/13\/2025\/08\/435_AquaBrake_Fabric_435_LT_LV_EE_RU.png","datePublished":"2025-08-19T05:23:50+00:00","dateModified":"2026-01-28T01:18:32+00:00","description":"Hidroizoliacijos sutvirtinimo audinys padidina vandeniui atspari\u0173 hermetik\u0173 ir mastik\u0173 poveik\u012f. Galima pjaustyti \u012f bet koki\u0105\u00a0form\u0105 ar dyd\u012f. Daugiau!","breadcrumb":{"@id":"https:\/\/penosil.com\/lt\/produktai\/aquabrake-fabric-435-hidroizoliacijos-sutvirtinimo-audinys\/#breadcrumb"},"inLanguage":"lt-LT","potentialAction":[{"@type":"ReadAction","target":["https:\/\/penosil.com\/lt\/produktai\/aquabrake-fabric-435-hidroizoliacijos-sutvirtinimo-audinys\/"]}]},{"@type":"ImageObject","inLanguage":"lt-LT","@id":"https:\/\/penosil.com\/lt\/produktai\/aquabrake-fabric-435-hidroizoliacijos-sutvirtinimo-audinys\/#primaryimage","url":"https:\/\/penosil.com\/lt\/wp-content\/uploads\/sites\/13\/2025\/08\/435_AquaBrake_Fabric_435_LT_LV_EE_RU.png","contentUrl":"https:\/\/penosil.com\/lt\/wp-content\/uploads\/sites\/13\/2025\/08\/435_AquaBrake_Fabric_435_LT_LV_EE_RU.png","width":680,"height":1080,"caption":"PENOSIL AquaBrake Fabric 435 hidroizoliacijos sutvirtinimo audinys"},{"@type":"BreadcrumbList","@id":"https:\/\/penosil.com\/lt\/produktai\/aquabrake-fabric-435-hidroizoliacijos-sutvirtinimo-audinys\/#breadcrumb","itemListElement":[{"@type":"ListItem","position":1,"name":"Home","item":"https:\/\/penosil.com\/lt\/"},{"@type":"ListItem","position":2,"name":"Produktai","item":"https:\/\/penosil.com\/lt\/produktai\/"},{"@type":"ListItem","position":3,"name":"AquaBrake Fabric 435"}]},{"@type":"WebSite","@id":"https:\/\/penosil.com\/lt\/#website","url":"https:\/\/penosil.com\/lt\/","name":"Penosil Lithuania","description":"","potentialAction":[{"@type":"SearchAction","target":{"@type":"EntryPoint","urlTemplate":"https:\/\/penosil.com\/lt\/?s={search_term_string}"},"query-input":{"@type":"PropertyValueSpecification","valueRequired":true,"valueName":"search_term_string"}}],"inLanguage":"lt-LT"}]}},"featured_img":"https:\/\/penosil.com\/lt\/wp-content\/uploads\/sites\/13\/2025\/08\/435_AquaBrake_Fabric_435_LT_LV_EE_RU.png","coauthors":[],"author_meta":{"author_link":"https:\/\/penosil.com\/lt\/author\/asta\/","display_name":"Asta Salkauskiene"},"relative_dates":{"created":"Posted 8 m\u0117nesiai ago","modified":"Updated 2 m\u0117nesiai ago"},"absolute_dates":{"created":"Posted on 2025 19 rugpj\u016b\u010dio","modified":"Updated on 2026 28 sausio"},"absolute_dates_time":{"created":"Posted on 2025 19 rugpj\u016b\u010dio 5:23","modified":"Updated on 2026 28 sausio 1:18"},"featured_img_caption":"","tax_additional":{"product_brand":{"linked":[],"unlinked":[],"slug":"product_brand","name":"Preki\u0173 \u017eenklai"},"product_type":{"linked":["<a href=\"https:\/\/penosil.com\/lt\/?taxonomy=product_type&#038;term=simple\" class=\"advgb-post-tax-term\">simple<\/a>"],"unlinked":["<span class=\"advgb-post-tax-term\">simple<\/span>"],"slug":"product_type","name":"Produkto tipas"},"product_visibility":{"linked":[],"unlinked":[],"slug":"product_visibility","name":"Produkto matomumas"},"product_cat":{"linked":["<a href=\"https:\/\/penosil.com\/lt\/produkto-kategorija\/naudojimo-sritys\/\" class=\"advgb-post-tax-term\">Naudojimo sritys<\/a>","<a href=\"https:\/\/penosil.com\/lt\/produkto-kategorija\/produktu-grupes\/\" class=\"advgb-post-tax-term\">Produkt\u0173 grup\u0117s<\/a>","<a href=\"https:\/\/penosil.com\/lt\/produkto-kategorija\/produktu-grupes\/juostos-ir-membranos\/\" class=\"advgb-post-tax-term\">Juostos ir membranos<\/a>","<a href=\"https:\/\/penosil.com\/lt\/produkto-kategorija\/produktu-grupes\/juostos-ir-membranos\/hidroizoliacines-juostos-ir-membranos\/\" class=\"advgb-post-tax-term\">Hidroizoliacin\u0117s juostos ir membranos<\/a>","<a href=\"https:\/\/penosil.com\/lt\/produkto-kategorija\/naudojimo-sritys\/sanitarines-patalpos\/\" class=\"advgb-post-tax-term\">Sanitarin\u0117s patalpos<\/a>"],"unlinked":["<span class=\"advgb-post-tax-term\">Naudojimo sritys<\/span>","<span class=\"advgb-post-tax-term\">Produkt\u0173 grup\u0117s<\/span>","<span class=\"advgb-post-tax-term\">Juostos ir membranos<\/span>","<span class=\"advgb-post-tax-term\">Hidroizoliacin\u0117s juostos ir membranos<\/span>","<span class=\"advgb-post-tax-term\">Sanitarin\u0117s patalpos<\/span>"],"slug":"product_cat","name":"Produkto kategorijos"},"product_tag":{"linked":[],"unlinked":[],"slug":"product_tag","name":"Produkto \u017eyma"},"product_shipping_class":{"linked":[],"unlinked":[],"slug":"product_shipping_class","name":"Produkto pristatymo klas\u0117s"},"pos_product_visibility":{"linked":[],"unlinked":[],"slug":"pos_product_visibility","name":"POS Product visibility"},"pa_color":{"linked":["<a href=\"https:\/\/penosil.com\/lt\/en\/?taxonomy=pa_color&#038;term=balta\" class=\"advgb-post-tax-term\">Balta<\/a>"],"unlinked":["<span class=\"advgb-post-tax-term\">Balta<\/span>"],"slug":"pa_color","name":"Product Color"},"pa_package":{"linked":["<a href=\"https:\/\/penosil.com\/lt\/?taxonomy=pa_package&#038;term=5-kv-m\" class=\"advgb-post-tax-term\">5 kv.m.<\/a>"],"unlinked":["<span class=\"advgb-post-tax-term\">5 kv.m.<\/span>"],"slug":"pa_package","name":"Product Package"},"pa_plotis":{"linked":[],"unlinked":[],"slug":"pa_plotis","name":"Product Plotis"},"pa_skersmuo":{"linked":[],"unlinked":[],"slug":"pa_skersmuo","name":"Product Skersmuo"},"translation_priority":{"linked":["<a href=\"https:\/\/penosil.com\/lt\/?taxonomy=translation_priority&#038;term=optional-lt\" class=\"advgb-post-tax-term\">Optional<\/a>"],"unlinked":["<span class=\"advgb-post-tax-term\">Optional<\/span>"],"slug":"translation_priority","name":"Translation Priorities"}},"series_order":"","_links":{"self":[{"href":"https:\/\/penosil.com\/lt\/wp-json\/wp\/v2\/product\/15831","targetHints":{"allow":["GET"]}}],"collection":[{"href":"https:\/\/penosil.com\/lt\/wp-json\/wp\/v2\/product"}],"about":[{"href":"https:\/\/penosil.com\/lt\/wp-json\/wp\/v2\/types\/product"}],"version-history":[{"count":3,"href":"https:\/\/penosil.com\/lt\/wp-json\/wp\/v2\/product\/15831\/revisions"}],"predecessor-version":[{"id":16386,"href":"https:\/\/penosil.com\/lt\/wp-json\/wp\/v2\/product\/15831\/revisions\/16386"}],"wp:featuredmedia":[{"embeddable":true,"href":"https:\/\/penosil.com\/lt\/wp-json\/wp\/v2\/media\/15832"}],"wp:attachment":[{"href":"https:\/\/penosil.com\/lt\/wp-json\/wp\/v2\/media?parent=15831"}],"wp:term":[{"taxonomy":"product_brand","embeddable":true,"href":"https:\/\/penosil.com\/lt\/wp-json\/wp\/v2\/product_brand?post=15831"},{"taxonomy":"product_cat","embeddable":true,"href":"https:\/\/penosil.com\/lt\/wp-json\/wp\/v2\/product_cat?post=15831"},{"taxonomy":"product_tag","embeddable":true,"href":"https:\/\/penosil.com\/lt\/wp-json\/wp\/v2\/product_tag?post=15831"}],"curies":[{"name":"wp","href":"https:\/\/api.w.org\/{rel}","templated":true}]}}