{"id":16074,"date":"2025-08-28T05:25:19","date_gmt":"2025-08-28T05:25:19","guid":{"rendered":"https:\/\/penosil.com\/lt\/?post_type=product&#038;p=16074"},"modified":"2026-01-27T01:02:22","modified_gmt":"2026-01-27T01:02:22","slug":"floorwall-universalfix-619-klijai-minkstoms-dangoms","status":"publish","type":"product","link":"https:\/\/penosil.com\/lt\/produktai\/floorwall-universalfix-619-klijai-minkstoms-dangoms\/","title":{"rendered":"Floor&#038;Wall UniversalFix 619"},"content":{"rendered":"<p>PENOSIL Floor&amp;Wall UniversalFix 619 yra paruo\u0161ti naudoti vandens pagrindo akriliniai klijai, skirti klijuoti \u012fvairias mink\u0161tas grind\u0173 ir sien\u0173 dangos med\u017eiagas. Gerai sukimba su \u012fvairiais por\u0117tais ir nepor\u0117tais pavir\u0161iais.<\/p>\n","protected":false},"excerpt":{"rendered":"akriliniai klijai mink\u0161toms grind\u0173 dangoms","protected":false},"author":5,"featured_media":16075,"template":"","meta":{"_acf_changed":false,"advgb_blocks_editor_width":"","advgb_blocks_columns_visual_guide":"","footnotes":""},"product_brand":[],"product_cat":[210,1368,221,2374,219],"product_tag":[],"class_list":{"0":"post-16074","1":"product","2":"type-product","3":"status-publish","4":"has-post-thumbnail","6":"product_cat-naudojimo-sritys","7":"product_cat-produktu-grupes","8":"product_cat-klijai","9":"product_cat-akriliniai-klijai","10":"product_cat-klijavimas","12":"first","13":"outofstock","14":"taxable","15":"shipping-taxable","16":"purchasable","17":"product-type-simple"},"acf":[],"yoast_head":"<!-- This site is optimized with the Yoast SEO plugin v27.2 - https:\/\/yoast.com\/product\/yoast-seo-wordpress\/ -->\n<title>PENOSIL Floor&amp;Wall UniversalFix 619 klijai mink\u0161toms dangoms<\/title>\n<meta name=\"description\" content=\"Paruo\u0161ti naudoti akriliniai klijai mink\u0161toms dangoms. Greitai priklijuosite \u012fvairias mink\u0161tas grind\u0173, sien\u0173 dangas prie por\u0117t\u0173 ir nepor\u0117t\u0173 pavir\u0161i\u0173.\" \/>\n<meta name=\"robots\" content=\"index, follow, max-snippet:-1, max-image-preview:large, max-video-preview:-1\" \/>\n<link rel=\"canonical\" href=\"https:\/\/penosil.com\/lt\/produktai\/floorwall-universalfix-619-klijai-minkstoms-dangoms\/\" \/>\n<meta property=\"og:locale\" content=\"lt_LT\" \/>\n<meta property=\"og:type\" content=\"article\" \/>\n<meta property=\"og:title\" content=\"PENOSIL Floor&amp;Wall UniversalFix 619 klijai mink\u0161toms dangoms\" \/>\n<meta property=\"og:description\" content=\"Paruo\u0161ti naudoti akriliniai klijai mink\u0161toms dangoms. Greitai priklijuosite \u012fvairias mink\u0161tas grind\u0173, sien\u0173 dangas prie por\u0117t\u0173 ir nepor\u0117t\u0173 pavir\u0161i\u0173.\" \/>\n<meta property=\"og:url\" content=\"https:\/\/penosil.com\/lt\/produktai\/floorwall-universalfix-619-klijai-minkstoms-dangoms\/\" \/>\n<meta property=\"og:site_name\" content=\"Penosil Lithuania\" \/>\n<meta property=\"article:modified_time\" content=\"2026-01-27T01:02:22+00:00\" \/>\n<meta property=\"og:image\" content=\"https:\/\/penosil.com\/lt\/wp-content\/uploads\/sites\/13\/2025\/08\/619_Floor26Wall_UniversalFix_619_new.png\" \/>\n\t<meta property=\"og:image:width\" content=\"1080\" \/>\n\t<meta property=\"og:image:height\" content=\"608\" \/>\n\t<meta property=\"og:image:type\" content=\"image\/png\" \/>\n<meta name=\"twitter:card\" content=\"summary_large_image\" \/>\n<script type=\"application\/ld+json\" class=\"yoast-schema-graph\">{\"@context\":\"https:\/\/schema.org\",\"@graph\":[{\"@type\":\"WebPage\",\"@id\":\"https:\/\/penosil.com\/lt\/produktai\/floorwall-universalfix-619-klijai-minkstoms-dangoms\/\",\"url\":\"https:\/\/penosil.com\/lt\/produktai\/floorwall-universalfix-619-klijai-minkstoms-dangoms\/\",\"name\":\"PENOSIL Floor&Wall UniversalFix 619 klijai mink\u0161toms dangoms\",\"isPartOf\":{\"@id\":\"https:\/\/penosil.com\/lt\/#website\"},\"primaryImageOfPage\":{\"@id\":\"https:\/\/penosil.com\/lt\/produktai\/floorwall-universalfix-619-klijai-minkstoms-dangoms\/#primaryimage\"},\"image\":{\"@id\":\"https:\/\/penosil.com\/lt\/produktai\/floorwall-universalfix-619-klijai-minkstoms-dangoms\/#primaryimage\"},\"thumbnailUrl\":\"https:\/\/penosil.com\/lt\/wp-content\/uploads\/sites\/13\/2025\/08\/619_Floor26Wall_UniversalFix_619_new.png\",\"datePublished\":\"2025-08-28T05:25:19+00:00\",\"dateModified\":\"2026-01-27T01:02:22+00:00\",\"description\":\"Paruo\u0161ti naudoti akriliniai klijai mink\u0161toms dangoms. Greitai priklijuosite \u012fvairias mink\u0161tas grind\u0173, sien\u0173 dangas prie por\u0117t\u0173 ir nepor\u0117t\u0173 pavir\u0161i\u0173.\",\"breadcrumb\":{\"@id\":\"https:\/\/penosil.com\/lt\/produktai\/floorwall-universalfix-619-klijai-minkstoms-dangoms\/#breadcrumb\"},\"inLanguage\":\"lt-LT\",\"potentialAction\":[{\"@type\":\"ReadAction\",\"target\":[\"https:\/\/penosil.com\/lt\/produktai\/floorwall-universalfix-619-klijai-minkstoms-dangoms\/\"]}]},{\"@type\":\"ImageObject\",\"inLanguage\":\"lt-LT\",\"@id\":\"https:\/\/penosil.com\/lt\/produktai\/floorwall-universalfix-619-klijai-minkstoms-dangoms\/#primaryimage\",\"url\":\"https:\/\/penosil.com\/lt\/wp-content\/uploads\/sites\/13\/2025\/08\/619_Floor26Wall_UniversalFix_619_new.png\",\"contentUrl\":\"https:\/\/penosil.com\/lt\/wp-content\/uploads\/sites\/13\/2025\/08\/619_Floor26Wall_UniversalFix_619_new.png\",\"width\":1080,\"height\":608,\"caption\":\"PENOSIL Floor&Wall UniversalFix 619 klijai mink\u0161toms dangoms\"},{\"@type\":\"BreadcrumbList\",\"@id\":\"https:\/\/penosil.com\/lt\/produktai\/floorwall-universalfix-619-klijai-minkstoms-dangoms\/#breadcrumb\",\"itemListElement\":[{\"@type\":\"ListItem\",\"position\":1,\"name\":\"Home\",\"item\":\"https:\/\/penosil.com\/lt\/\"},{\"@type\":\"ListItem\",\"position\":2,\"name\":\"Produktai\",\"item\":\"https:\/\/penosil.com\/lt\/produktai\/\"},{\"@type\":\"ListItem\",\"position\":3,\"name\":\"Floor&#038;Wall UniversalFix 619\"}]},{\"@type\":\"WebSite\",\"@id\":\"https:\/\/penosil.com\/lt\/#website\",\"url\":\"https:\/\/penosil.com\/lt\/\",\"name\":\"Penosil Lithuania\",\"description\":\"\",\"potentialAction\":[{\"@type\":\"SearchAction\",\"target\":{\"@type\":\"EntryPoint\",\"urlTemplate\":\"https:\/\/penosil.com\/lt\/?s={search_term_string}\"},\"query-input\":{\"@type\":\"PropertyValueSpecification\",\"valueRequired\":true,\"valueName\":\"search_term_string\"}}],\"inLanguage\":\"lt-LT\"}]}<\/script>\n<!-- \/ Yoast SEO plugin. -->","yoast_head_json":{"title":"PENOSIL Floor&Wall UniversalFix 619 klijai mink\u0161toms dangoms","description":"Paruo\u0161ti naudoti akriliniai klijai mink\u0161toms dangoms. Greitai priklijuosite \u012fvairias mink\u0161tas grind\u0173, sien\u0173 dangas prie por\u0117t\u0173 ir nepor\u0117t\u0173 pavir\u0161i\u0173.","robots":{"index":"index","follow":"follow","max-snippet":"max-snippet:-1","max-image-preview":"max-image-preview:large","max-video-preview":"max-video-preview:-1"},"canonical":"https:\/\/penosil.com\/lt\/produktai\/floorwall-universalfix-619-klijai-minkstoms-dangoms\/","og_locale":"lt_LT","og_type":"article","og_title":"PENOSIL Floor&Wall UniversalFix 619 klijai mink\u0161toms dangoms","og_description":"Paruo\u0161ti naudoti akriliniai klijai mink\u0161toms dangoms. Greitai priklijuosite \u012fvairias mink\u0161tas grind\u0173, sien\u0173 dangas prie por\u0117t\u0173 ir nepor\u0117t\u0173 pavir\u0161i\u0173.","og_url":"https:\/\/penosil.com\/lt\/produktai\/floorwall-universalfix-619-klijai-minkstoms-dangoms\/","og_site_name":"Penosil Lithuania","article_modified_time":"2026-01-27T01:02:22+00:00","og_image":[{"width":1080,"height":608,"url":"https:\/\/penosil.com\/lt\/wp-content\/uploads\/sites\/13\/2025\/08\/619_Floor26Wall_UniversalFix_619_new.png","type":"image\/png"}],"twitter_card":"summary_large_image","schema":{"@context":"https:\/\/schema.org","@graph":[{"@type":"WebPage","@id":"https:\/\/penosil.com\/lt\/produktai\/floorwall-universalfix-619-klijai-minkstoms-dangoms\/","url":"https:\/\/penosil.com\/lt\/produktai\/floorwall-universalfix-619-klijai-minkstoms-dangoms\/","name":"PENOSIL Floor&Wall UniversalFix 619 klijai mink\u0161toms dangoms","isPartOf":{"@id":"https:\/\/penosil.com\/lt\/#website"},"primaryImageOfPage":{"@id":"https:\/\/penosil.com\/lt\/produktai\/floorwall-universalfix-619-klijai-minkstoms-dangoms\/#primaryimage"},"image":{"@id":"https:\/\/penosil.com\/lt\/produktai\/floorwall-universalfix-619-klijai-minkstoms-dangoms\/#primaryimage"},"thumbnailUrl":"https:\/\/penosil.com\/lt\/wp-content\/uploads\/sites\/13\/2025\/08\/619_Floor26Wall_UniversalFix_619_new.png","datePublished":"2025-08-28T05:25:19+00:00","dateModified":"2026-01-27T01:02:22+00:00","description":"Paruo\u0161ti naudoti akriliniai klijai mink\u0161toms dangoms. Greitai priklijuosite \u012fvairias mink\u0161tas grind\u0173, sien\u0173 dangas prie por\u0117t\u0173 ir nepor\u0117t\u0173 pavir\u0161i\u0173.","breadcrumb":{"@id":"https:\/\/penosil.com\/lt\/produktai\/floorwall-universalfix-619-klijai-minkstoms-dangoms\/#breadcrumb"},"inLanguage":"lt-LT","potentialAction":[{"@type":"ReadAction","target":["https:\/\/penosil.com\/lt\/produktai\/floorwall-universalfix-619-klijai-minkstoms-dangoms\/"]}]},{"@type":"ImageObject","inLanguage":"lt-LT","@id":"https:\/\/penosil.com\/lt\/produktai\/floorwall-universalfix-619-klijai-minkstoms-dangoms\/#primaryimage","url":"https:\/\/penosil.com\/lt\/wp-content\/uploads\/sites\/13\/2025\/08\/619_Floor26Wall_UniversalFix_619_new.png","contentUrl":"https:\/\/penosil.com\/lt\/wp-content\/uploads\/sites\/13\/2025\/08\/619_Floor26Wall_UniversalFix_619_new.png","width":1080,"height":608,"caption":"PENOSIL Floor&Wall UniversalFix 619 klijai mink\u0161toms dangoms"},{"@type":"BreadcrumbList","@id":"https:\/\/penosil.com\/lt\/produktai\/floorwall-universalfix-619-klijai-minkstoms-dangoms\/#breadcrumb","itemListElement":[{"@type":"ListItem","position":1,"name":"Home","item":"https:\/\/penosil.com\/lt\/"},{"@type":"ListItem","position":2,"name":"Produktai","item":"https:\/\/penosil.com\/lt\/produktai\/"},{"@type":"ListItem","position":3,"name":"Floor&#038;Wall UniversalFix 619"}]},{"@type":"WebSite","@id":"https:\/\/penosil.com\/lt\/#website","url":"https:\/\/penosil.com\/lt\/","name":"Penosil Lithuania","description":"","potentialAction":[{"@type":"SearchAction","target":{"@type":"EntryPoint","urlTemplate":"https:\/\/penosil.com\/lt\/?s={search_term_string}"},"query-input":{"@type":"PropertyValueSpecification","valueRequired":true,"valueName":"search_term_string"}}],"inLanguage":"lt-LT"}]}},"featured_img":"https:\/\/penosil.com\/lt\/wp-content\/uploads\/sites\/13\/2025\/08\/619_Floor26Wall_UniversalFix_619_new.png","coauthors":[],"author_meta":{"author_link":"https:\/\/penosil.com\/lt\/author\/asta\/","display_name":"Asta Salkauskiene"},"relative_dates":{"created":"Posted 8 m\u0117nesiai ago","modified":"Updated 3 m\u0117nesiai ago"},"absolute_dates":{"created":"Posted on 2025 28 rugpj\u016b\u010dio","modified":"Updated on 2026 27 sausio"},"absolute_dates_time":{"created":"Posted on 2025 28 rugpj\u016b\u010dio 5:25","modified":"Updated on 2026 27 sausio 1:02"},"featured_img_caption":"","tax_additional":{"product_brand":{"linked":[],"unlinked":[],"slug":"product_brand","name":"Preki\u0173 \u017eenklai"},"product_type":{"linked":["<a href=\"https:\/\/penosil.com\/lt\/?taxonomy=product_type&#038;term=simple\" class=\"advgb-post-tax-term\">simple<\/a>"],"unlinked":["<span class=\"advgb-post-tax-term\">simple<\/span>"],"slug":"product_type","name":"Produkto tipas"},"product_visibility":{"linked":["<a href=\"https:\/\/penosil.com\/lt\/en\/?taxonomy=product_visibility&#038;term=outofstock\" class=\"advgb-post-tax-term\">outofstock<\/a>"],"unlinked":["<span class=\"advgb-post-tax-term\">outofstock<\/span>"],"slug":"product_visibility","name":"Produkto matomumas"},"product_cat":{"linked":["<a href=\"https:\/\/penosil.com\/lt\/produkto-kategorija\/naudojimo-sritys\/\" class=\"advgb-post-tax-term\">Naudojimo sritys<\/a>","<a href=\"https:\/\/penosil.com\/lt\/produkto-kategorija\/produktu-grupes\/\" class=\"advgb-post-tax-term\">Produkt\u0173 grup\u0117s<\/a>","<a href=\"https:\/\/penosil.com\/lt\/produkto-kategorija\/produktu-grupes\/klijai\/\" class=\"advgb-post-tax-term\">Klijai<\/a>","<a href=\"https:\/\/penosil.com\/lt\/produkto-kategorija\/produktu-grupes\/klijai\/akriliniai-klijai\/\" class=\"advgb-post-tax-term\">Akriliniai klijai<\/a>","<a href=\"https:\/\/penosil.com\/lt\/produkto-kategorija\/naudojimo-sritys\/klijavimas\/\" class=\"advgb-post-tax-term\">Klijavimas<\/a>"],"unlinked":["<span class=\"advgb-post-tax-term\">Naudojimo sritys<\/span>","<span class=\"advgb-post-tax-term\">Produkt\u0173 grup\u0117s<\/span>","<span class=\"advgb-post-tax-term\">Klijai<\/span>","<span class=\"advgb-post-tax-term\">Akriliniai klijai<\/span>","<span class=\"advgb-post-tax-term\">Klijavimas<\/span>"],"slug":"product_cat","name":"Produkto kategorijos"},"product_tag":{"linked":[],"unlinked":[],"slug":"product_tag","name":"Produkto \u017eyma"},"product_shipping_class":{"linked":[],"unlinked":[],"slug":"product_shipping_class","name":"Produkto pristatymo klas\u0117s"},"pos_product_visibility":{"linked":[],"unlinked":[],"slug":"pos_product_visibility","name":"POS Product visibility"},"pa_color":{"linked":["<a href=\"https:\/\/penosil.com\/lt\/?taxonomy=pa_color&#038;term=smelio\" class=\"advgb-post-tax-term\">Sm\u0117lio<\/a>"],"unlinked":["<span class=\"advgb-post-tax-term\">Sm\u0117lio<\/span>"],"slug":"pa_color","name":"Product Color"},"pa_package":{"linked":["<a href=\"https:\/\/penosil.com\/lt\/?taxonomy=pa_package&#038;term=15-kg\" class=\"advgb-post-tax-term\">15 kg<\/a>"],"unlinked":["<span class=\"advgb-post-tax-term\">15 kg<\/span>"],"slug":"pa_package","name":"Product Package"},"pa_plotis":{"linked":[],"unlinked":[],"slug":"pa_plotis","name":"Product Plotis"},"pa_skersmuo":{"linked":[],"unlinked":[],"slug":"pa_skersmuo","name":"Product Skersmuo"},"translation_priority":{"linked":["<a href=\"https:\/\/penosil.com\/lt\/?taxonomy=translation_priority&#038;term=optional-lt\" class=\"advgb-post-tax-term\">Optional<\/a>"],"unlinked":["<span class=\"advgb-post-tax-term\">Optional<\/span>"],"slug":"translation_priority","name":"Translation Priorities"}},"series_order":"","_links":{"self":[{"href":"https:\/\/penosil.com\/lt\/wp-json\/wp\/v2\/product\/16074","targetHints":{"allow":["GET"]}}],"collection":[{"href":"https:\/\/penosil.com\/lt\/wp-json\/wp\/v2\/product"}],"about":[{"href":"https:\/\/penosil.com\/lt\/wp-json\/wp\/v2\/types\/product"}],"version-history":[{"count":3,"href":"https:\/\/penosil.com\/lt\/wp-json\/wp\/v2\/product\/16074\/revisions"}],"predecessor-version":[{"id":16089,"href":"https:\/\/penosil.com\/lt\/wp-json\/wp\/v2\/product\/16074\/revisions\/16089"}],"wp:featuredmedia":[{"embeddable":true,"href":"https:\/\/penosil.com\/lt\/wp-json\/wp\/v2\/media\/16075"}],"wp:attachment":[{"href":"https:\/\/penosil.com\/lt\/wp-json\/wp\/v2\/media?parent=16074"}],"wp:term":[{"taxonomy":"product_brand","embeddable":true,"href":"https:\/\/penosil.com\/lt\/wp-json\/wp\/v2\/product_brand?post=16074"},{"taxonomy":"product_cat","embeddable":true,"href":"https:\/\/penosil.com\/lt\/wp-json\/wp\/v2\/product_cat?post=16074"},{"taxonomy":"product_tag","embeddable":true,"href":"https:\/\/penosil.com\/lt\/wp-json\/wp\/v2\/product_tag?post=16074"}],"curies":[{"name":"wp","href":"https:\/\/api.w.org\/{rel}","templated":true}]}}