{"id":16160,"date":"2025-09-26T05:58:47","date_gmt":"2025-09-26T05:58:47","guid":{"rendered":"https:\/\/penosil.com\/lt\/?post_type=product&#038;p=16160"},"modified":"2025-12-19T01:15:16","modified_gmt":"2025-12-19T01:15:16","slug":"primer-all-surfaces-488-universalus-gruntas","status":"publish","type":"product","link":"https:\/\/penosil.com\/lt\/produktai\/primer-all-surfaces-488-universalus-gruntas\/","title":{"rendered":"Primer All Surfaces 488"},"content":{"rendered":"<p>PENOSIL Primer All Surfaces 488 yra universalus gruntas, skirtas por\u0117tiems ir nepor\u0117tiems pavir\u0161iams. Tai skaidrus sukibim\u0105 gerinantis gruntas, tinkantis daugeliui pavir\u0161i\u0173.<\/p>\n","protected":false},"excerpt":{"rendered":"Universalus gruntas","protected":false},"author":5,"featured_media":16161,"template":"","meta":{"_acf_changed":false,"advgb_blocks_editor_width":"","advgb_blocks_columns_visual_guide":"","footnotes":""},"product_brand":[],"product_cat":[210,836,2380,1368,1710],"product_tag":[],"class_list":{"0":"post-16160","1":"product","2":"type-product","3":"status-publish","4":"has-post-thumbnail","6":"product_cat-naudojimo-sritys","7":"product_cat-bendroji-statyba","8":"product_cat-gruntai","9":"product_cat-produktu-grupes","10":"product_cat-pavirsiaus-padengimo-priemones","12":"first","13":"instock","14":"taxable","15":"shipping-taxable","16":"purchasable","17":"product-type-simple"},"acf":[],"yoast_head":"<!-- This site is optimized with the Yoast SEO plugin v27.2 - https:\/\/yoast.com\/product\/yoast-seo-wordpress\/ -->\n<title>PENOSIL Primer All Surfaces 488 universalus gruntas<\/title>\n<meta name=\"description\" content=\"Universalus gruntas, skirtas por\u0117tiems ir nepor\u0117tiems pavir\u0161iams. Tai skaidrus sukibim\u0105 gerinantis gruntas, tinkantis daugeliui pavir\u0161i\u0173. Daugiau!\" \/>\n<meta name=\"robots\" content=\"index, follow, max-snippet:-1, max-image-preview:large, max-video-preview:-1\" \/>\n<link rel=\"canonical\" href=\"https:\/\/penosil.com\/lt\/produktai\/primer-all-surfaces-488-universalus-gruntas\/\" \/>\n<meta property=\"og:locale\" content=\"lt_LT\" \/>\n<meta property=\"og:type\" content=\"article\" \/>\n<meta property=\"og:title\" content=\"PENOSIL Primer All Surfaces 488 universalus gruntas\" \/>\n<meta property=\"og:description\" content=\"Universalus gruntas, skirtas por\u0117tiems ir nepor\u0117tiems pavir\u0161iams. Tai skaidrus sukibim\u0105 gerinantis gruntas, tinkantis daugeliui pavir\u0161i\u0173. Daugiau!\" \/>\n<meta property=\"og:url\" content=\"https:\/\/penosil.com\/lt\/produktai\/primer-all-surfaces-488-universalus-gruntas\/\" \/>\n<meta property=\"og:site_name\" content=\"Penosil Lithuania\" \/>\n<meta property=\"article:modified_time\" content=\"2025-12-19T01:15:16+00:00\" \/>\n<meta property=\"og:image\" content=\"https:\/\/penosil.com\/lt\/wp-content\/uploads\/sites\/13\/2025\/09\/488_Primer_All_Surfaces_488.png\" \/>\n\t<meta property=\"og:image:width\" content=\"523\" \/>\n\t<meta property=\"og:image:height\" content=\"1080\" \/>\n\t<meta property=\"og:image:type\" content=\"image\/png\" \/>\n<meta name=\"twitter:card\" content=\"summary_large_image\" \/>\n<script type=\"application\/ld+json\" class=\"yoast-schema-graph\">{\"@context\":\"https:\/\/schema.org\",\"@graph\":[{\"@type\":\"WebPage\",\"@id\":\"https:\/\/penosil.com\/lt\/produktai\/primer-all-surfaces-488-universalus-gruntas\/\",\"url\":\"https:\/\/penosil.com\/lt\/produktai\/primer-all-surfaces-488-universalus-gruntas\/\",\"name\":\"PENOSIL Primer All Surfaces 488 universalus gruntas\",\"isPartOf\":{\"@id\":\"https:\/\/penosil.com\/lt\/#website\"},\"primaryImageOfPage\":{\"@id\":\"https:\/\/penosil.com\/lt\/produktai\/primer-all-surfaces-488-universalus-gruntas\/#primaryimage\"},\"image\":{\"@id\":\"https:\/\/penosil.com\/lt\/produktai\/primer-all-surfaces-488-universalus-gruntas\/#primaryimage\"},\"thumbnailUrl\":\"https:\/\/penosil.com\/lt\/wp-content\/uploads\/sites\/13\/2025\/09\/488_Primer_All_Surfaces_488.png\",\"datePublished\":\"2025-09-26T05:58:47+00:00\",\"dateModified\":\"2025-12-19T01:15:16+00:00\",\"description\":\"Universalus gruntas, skirtas por\u0117tiems ir nepor\u0117tiems pavir\u0161iams. Tai skaidrus sukibim\u0105 gerinantis gruntas, tinkantis daugeliui pavir\u0161i\u0173. Daugiau!\",\"breadcrumb\":{\"@id\":\"https:\/\/penosil.com\/lt\/produktai\/primer-all-surfaces-488-universalus-gruntas\/#breadcrumb\"},\"inLanguage\":\"lt-LT\",\"potentialAction\":[{\"@type\":\"ReadAction\",\"target\":[\"https:\/\/penosil.com\/lt\/produktai\/primer-all-surfaces-488-universalus-gruntas\/\"]}]},{\"@type\":\"ImageObject\",\"inLanguage\":\"lt-LT\",\"@id\":\"https:\/\/penosil.com\/lt\/produktai\/primer-all-surfaces-488-universalus-gruntas\/#primaryimage\",\"url\":\"https:\/\/penosil.com\/lt\/wp-content\/uploads\/sites\/13\/2025\/09\/488_Primer_All_Surfaces_488.png\",\"contentUrl\":\"https:\/\/penosil.com\/lt\/wp-content\/uploads\/sites\/13\/2025\/09\/488_Primer_All_Surfaces_488.png\",\"width\":523,\"height\":1080,\"caption\":\"PENOSIL Primer All Surfaces 488 universalus gruntas\"},{\"@type\":\"BreadcrumbList\",\"@id\":\"https:\/\/penosil.com\/lt\/produktai\/primer-all-surfaces-488-universalus-gruntas\/#breadcrumb\",\"itemListElement\":[{\"@type\":\"ListItem\",\"position\":1,\"name\":\"Home\",\"item\":\"https:\/\/penosil.com\/lt\/\"},{\"@type\":\"ListItem\",\"position\":2,\"name\":\"Produktai\",\"item\":\"https:\/\/penosil.com\/lt\/produktai\/\"},{\"@type\":\"ListItem\",\"position\":3,\"name\":\"Primer All Surfaces 488\"}]},{\"@type\":\"WebSite\",\"@id\":\"https:\/\/penosil.com\/lt\/#website\",\"url\":\"https:\/\/penosil.com\/lt\/\",\"name\":\"Penosil Lithuania\",\"description\":\"\",\"potentialAction\":[{\"@type\":\"SearchAction\",\"target\":{\"@type\":\"EntryPoint\",\"urlTemplate\":\"https:\/\/penosil.com\/lt\/?s={search_term_string}\"},\"query-input\":{\"@type\":\"PropertyValueSpecification\",\"valueRequired\":true,\"valueName\":\"search_term_string\"}}],\"inLanguage\":\"lt-LT\"}]}<\/script>\n<!-- \/ Yoast SEO plugin. -->","yoast_head_json":{"title":"PENOSIL Primer All Surfaces 488 universalus gruntas","description":"Universalus gruntas, skirtas por\u0117tiems ir nepor\u0117tiems pavir\u0161iams. Tai skaidrus sukibim\u0105 gerinantis gruntas, tinkantis daugeliui pavir\u0161i\u0173. Daugiau!","robots":{"index":"index","follow":"follow","max-snippet":"max-snippet:-1","max-image-preview":"max-image-preview:large","max-video-preview":"max-video-preview:-1"},"canonical":"https:\/\/penosil.com\/lt\/produktai\/primer-all-surfaces-488-universalus-gruntas\/","og_locale":"lt_LT","og_type":"article","og_title":"PENOSIL Primer All Surfaces 488 universalus gruntas","og_description":"Universalus gruntas, skirtas por\u0117tiems ir nepor\u0117tiems pavir\u0161iams. Tai skaidrus sukibim\u0105 gerinantis gruntas, tinkantis daugeliui pavir\u0161i\u0173. Daugiau!","og_url":"https:\/\/penosil.com\/lt\/produktai\/primer-all-surfaces-488-universalus-gruntas\/","og_site_name":"Penosil Lithuania","article_modified_time":"2025-12-19T01:15:16+00:00","og_image":[{"width":523,"height":1080,"url":"https:\/\/penosil.com\/lt\/wp-content\/uploads\/sites\/13\/2025\/09\/488_Primer_All_Surfaces_488.png","type":"image\/png"}],"twitter_card":"summary_large_image","schema":{"@context":"https:\/\/schema.org","@graph":[{"@type":"WebPage","@id":"https:\/\/penosil.com\/lt\/produktai\/primer-all-surfaces-488-universalus-gruntas\/","url":"https:\/\/penosil.com\/lt\/produktai\/primer-all-surfaces-488-universalus-gruntas\/","name":"PENOSIL Primer All Surfaces 488 universalus gruntas","isPartOf":{"@id":"https:\/\/penosil.com\/lt\/#website"},"primaryImageOfPage":{"@id":"https:\/\/penosil.com\/lt\/produktai\/primer-all-surfaces-488-universalus-gruntas\/#primaryimage"},"image":{"@id":"https:\/\/penosil.com\/lt\/produktai\/primer-all-surfaces-488-universalus-gruntas\/#primaryimage"},"thumbnailUrl":"https:\/\/penosil.com\/lt\/wp-content\/uploads\/sites\/13\/2025\/09\/488_Primer_All_Surfaces_488.png","datePublished":"2025-09-26T05:58:47+00:00","dateModified":"2025-12-19T01:15:16+00:00","description":"Universalus gruntas, skirtas por\u0117tiems ir nepor\u0117tiems pavir\u0161iams. Tai skaidrus sukibim\u0105 gerinantis gruntas, tinkantis daugeliui pavir\u0161i\u0173. Daugiau!","breadcrumb":{"@id":"https:\/\/penosil.com\/lt\/produktai\/primer-all-surfaces-488-universalus-gruntas\/#breadcrumb"},"inLanguage":"lt-LT","potentialAction":[{"@type":"ReadAction","target":["https:\/\/penosil.com\/lt\/produktai\/primer-all-surfaces-488-universalus-gruntas\/"]}]},{"@type":"ImageObject","inLanguage":"lt-LT","@id":"https:\/\/penosil.com\/lt\/produktai\/primer-all-surfaces-488-universalus-gruntas\/#primaryimage","url":"https:\/\/penosil.com\/lt\/wp-content\/uploads\/sites\/13\/2025\/09\/488_Primer_All_Surfaces_488.png","contentUrl":"https:\/\/penosil.com\/lt\/wp-content\/uploads\/sites\/13\/2025\/09\/488_Primer_All_Surfaces_488.png","width":523,"height":1080,"caption":"PENOSIL Primer All Surfaces 488 universalus gruntas"},{"@type":"BreadcrumbList","@id":"https:\/\/penosil.com\/lt\/produktai\/primer-all-surfaces-488-universalus-gruntas\/#breadcrumb","itemListElement":[{"@type":"ListItem","position":1,"name":"Home","item":"https:\/\/penosil.com\/lt\/"},{"@type":"ListItem","position":2,"name":"Produktai","item":"https:\/\/penosil.com\/lt\/produktai\/"},{"@type":"ListItem","position":3,"name":"Primer All Surfaces 488"}]},{"@type":"WebSite","@id":"https:\/\/penosil.com\/lt\/#website","url":"https:\/\/penosil.com\/lt\/","name":"Penosil Lithuania","description":"","potentialAction":[{"@type":"SearchAction","target":{"@type":"EntryPoint","urlTemplate":"https:\/\/penosil.com\/lt\/?s={search_term_string}"},"query-input":{"@type":"PropertyValueSpecification","valueRequired":true,"valueName":"search_term_string"}}],"inLanguage":"lt-LT"}]}},"featured_img":"https:\/\/penosil.com\/lt\/wp-content\/uploads\/sites\/13\/2025\/09\/488_Primer_All_Surfaces_488.png","coauthors":[],"author_meta":{"author_link":"https:\/\/penosil.com\/lt\/author\/asta\/","display_name":"Asta Salkauskiene"},"relative_dates":{"created":"Posted 7 m\u0117nesiai ago","modified":"Updated 4 m\u0117nesiai ago"},"absolute_dates":{"created":"Posted on 2025 26 rugs\u0117jo","modified":"Updated on 2025 19 gruod\u017eio"},"absolute_dates_time":{"created":"Posted on 2025 26 rugs\u0117jo 5:58","modified":"Updated on 2025 19 gruod\u017eio 1:15"},"featured_img_caption":"","tax_additional":{"product_brand":{"linked":[],"unlinked":[],"slug":"product_brand","name":"Preki\u0173 \u017eenklai"},"product_type":{"linked":["<a href=\"https:\/\/penosil.com\/lt\/?taxonomy=product_type&#038;term=simple\" class=\"advgb-post-tax-term\">simple<\/a>"],"unlinked":["<span class=\"advgb-post-tax-term\">simple<\/span>"],"slug":"product_type","name":"Produkto tipas"},"product_visibility":{"linked":[],"unlinked":[],"slug":"product_visibility","name":"Produkto matomumas"},"product_cat":{"linked":["<a href=\"https:\/\/penosil.com\/lt\/produkto-kategorija\/naudojimo-sritys\/\" class=\"advgb-post-tax-term\">Naudojimo sritys<\/a>","<a href=\"https:\/\/penosil.com\/lt\/produkto-kategorija\/naudojimo-sritys\/bendroji-statyba\/\" class=\"advgb-post-tax-term\">Bendroji statyba<\/a>","<a href=\"https:\/\/penosil.com\/lt\/produkto-kategorija\/produktu-grupes\/pavirsiaus-padengimo-priemones\/gruntai\/\" class=\"advgb-post-tax-term\">Gruntai<\/a>","<a href=\"https:\/\/penosil.com\/lt\/produkto-kategorija\/produktu-grupes\/\" class=\"advgb-post-tax-term\">Produkt\u0173 grup\u0117s<\/a>","<a href=\"https:\/\/penosil.com\/lt\/produkto-kategorija\/produktu-grupes\/pavirsiaus-padengimo-priemones\/\" class=\"advgb-post-tax-term\">Pavir\u0161iaus padengimo priemon\u0117s<\/a>"],"unlinked":["<span class=\"advgb-post-tax-term\">Naudojimo sritys<\/span>","<span class=\"advgb-post-tax-term\">Bendroji statyba<\/span>","<span class=\"advgb-post-tax-term\">Gruntai<\/span>","<span class=\"advgb-post-tax-term\">Produkt\u0173 grup\u0117s<\/span>","<span class=\"advgb-post-tax-term\">Pavir\u0161iaus padengimo priemon\u0117s<\/span>"],"slug":"product_cat","name":"Produkto kategorijos"},"product_tag":{"linked":[],"unlinked":[],"slug":"product_tag","name":"Produkto \u017eyma"},"product_shipping_class":{"linked":[],"unlinked":[],"slug":"product_shipping_class","name":"Produkto pristatymo klas\u0117s"},"pos_product_visibility":{"linked":[],"unlinked":[],"slug":"pos_product_visibility","name":"POS Product visibility"},"pa_color":{"linked":["<a href=\"https:\/\/penosil.com\/lt\/en\/?taxonomy=pa_color&#038;term=bespalve\" class=\"advgb-post-tax-term\">Bespalv\u0117<\/a>"],"unlinked":["<span class=\"advgb-post-tax-term\">Bespalv\u0117<\/span>"],"slug":"pa_color","name":"Product Color"},"pa_package":{"linked":["<a href=\"https:\/\/penosil.com\/lt\/?taxonomy=pa_package&#038;term=1-l\" class=\"advgb-post-tax-term\">1 l<\/a>"],"unlinked":["<span class=\"advgb-post-tax-term\">1 l<\/span>"],"slug":"pa_package","name":"Product Package"},"pa_plotis":{"linked":[],"unlinked":[],"slug":"pa_plotis","name":"Product Plotis"},"pa_skersmuo":{"linked":[],"unlinked":[],"slug":"pa_skersmuo","name":"Product Skersmuo"},"translation_priority":{"linked":["<a href=\"https:\/\/penosil.com\/lt\/?taxonomy=translation_priority&#038;term=required-lt\" class=\"advgb-post-tax-term\">Required<\/a>"],"unlinked":["<span class=\"advgb-post-tax-term\">Required<\/span>"],"slug":"translation_priority","name":"Translation Priorities"}},"series_order":"","_links":{"self":[{"href":"https:\/\/penosil.com\/lt\/wp-json\/wp\/v2\/product\/16160","targetHints":{"allow":["GET"]}}],"collection":[{"href":"https:\/\/penosil.com\/lt\/wp-json\/wp\/v2\/product"}],"about":[{"href":"https:\/\/penosil.com\/lt\/wp-json\/wp\/v2\/types\/product"}],"version-history":[{"count":7,"href":"https:\/\/penosil.com\/lt\/wp-json\/wp\/v2\/product\/16160\/revisions"}],"predecessor-version":[{"id":16226,"href":"https:\/\/penosil.com\/lt\/wp-json\/wp\/v2\/product\/16160\/revisions\/16226"}],"wp:featuredmedia":[{"embeddable":true,"href":"https:\/\/penosil.com\/lt\/wp-json\/wp\/v2\/media\/16161"}],"wp:attachment":[{"href":"https:\/\/penosil.com\/lt\/wp-json\/wp\/v2\/media?parent=16160"}],"wp:term":[{"taxonomy":"product_brand","embeddable":true,"href":"https:\/\/penosil.com\/lt\/wp-json\/wp\/v2\/product_brand?post=16160"},{"taxonomy":"product_cat","embeddable":true,"href":"https:\/\/penosil.com\/lt\/wp-json\/wp\/v2\/product_cat?post=16160"},{"taxonomy":"product_tag","embeddable":true,"href":"https:\/\/penosil.com\/lt\/wp-json\/wp\/v2\/product_tag?post=16160"}],"curies":[{"name":"wp","href":"https:\/\/api.w.org\/{rel}","templated":true}]}}