{"id":7949,"date":"2020-03-12T08:32:07","date_gmt":"2020-03-12T08:32:07","guid":{"rendered":"https:\/\/penosil.com\/lt\/?post_type=product&#038;p=7949"},"modified":"2026-04-12T00:03:39","modified_gmt":"2026-04-12T00:03:39","slug":"easypro-all-purpose-universalus-silikonas","status":"publish","type":"product","link":"https:\/\/penosil.com\/lt\/produktai\/easypro-all-purpose-universalus-silikonas\/","title":{"rendered":"EasyPRO All Purpose"},"content":{"rendered":"<p>Universalus statybinis silikonas skirtas \u012fvairiems sandarinimo darbams tiek viduje, tiek lauke.<\/p>\n","protected":false},"excerpt":{"rendered":"universalus statybinis silikonas","protected":false},"author":5,"featured_media":15963,"template":"","meta":{"_acf_changed":false,"advgb_blocks_editor_width":"","advgb_blocks_columns_visual_guide":"","footnotes":""},"product_brand":[],"product_cat":[2304,2363,1608,2303],"product_tag":[],"class_list":{"0":"post-7949","1":"product","2":"type-product","3":"status-publish","4":"has-post-thumbnail","6":"product_cat-visoms-paskirtims","7":"product_cat-neutralus-silikonai","8":"product_cat-hermetikai-ir-mastikos","9":"product_cat-easypro","11":"first","12":"instock","13":"taxable","14":"shipping-taxable","15":"purchasable","16":"product-type-variable","17":"has-default-attributes"},"acf":[],"yoast_head":"<!-- This site is optimized with the Yoast SEO plugin v27.2 - https:\/\/yoast.com\/product\/yoast-seo-wordpress\/ -->\n<title>PENOSIL EasyPRO All Purpose universalus statybinis silikonas<\/title>\n<meta name=\"description\" content=\"Universalus statybinis silikonas \u012fvairiems sandarinimo darbams patalpose ir i\u0161or\u0117je. Atsparus vandeniui, elastingas, atsparus \u012ftr\u016bkimams. Daugiau!\" \/>\n<meta name=\"robots\" content=\"index, follow, max-snippet:-1, max-image-preview:large, max-video-preview:-1\" \/>\n<link rel=\"canonical\" href=\"https:\/\/penosil.com\/lt\/produktai\/easypro-all-purpose-universalus-silikonas\/\" \/>\n<meta property=\"og:locale\" content=\"lt_LT\" \/>\n<meta property=\"og:type\" content=\"article\" \/>\n<meta property=\"og:title\" content=\"PENOSIL EasyPRO All Purpose universalus statybinis silikonas\" \/>\n<meta property=\"og:description\" content=\"Universalus statybinis silikonas \u012fvairiems sandarinimo darbams patalpose ir i\u0161or\u0117je. Atsparus vandeniui, elastingas, atsparus \u012ftr\u016bkimams. Daugiau!\" \/>\n<meta property=\"og:url\" content=\"https:\/\/penosil.com\/lt\/produktai\/easypro-all-purpose-universalus-silikonas\/\" \/>\n<meta property=\"og:site_name\" content=\"Penosil Lithuania\" \/>\n<meta property=\"article:modified_time\" content=\"2026-04-12T00:03:39+00:00\" \/>\n<meta property=\"og:image\" content=\"https:\/\/penosil.com\/lt\/wp-content\/uploads\/sites\/13\/2025\/08\/1011_EasyPRO_All20Purpose_LT_EasyPRO.png\" \/>\n\t<meta property=\"og:image:width\" content=\"1556\" \/>\n\t<meta property=\"og:image:height\" content=\"2000\" \/>\n\t<meta property=\"og:image:type\" content=\"image\/png\" \/>\n<meta name=\"twitter:card\" content=\"summary_large_image\" \/>\n<script type=\"application\/ld+json\" class=\"yoast-schema-graph\">{\"@context\":\"https:\/\/schema.org\",\"@graph\":[{\"@type\":\"WebPage\",\"@id\":\"https:\/\/penosil.com\/lt\/produktai\/easypro-all-purpose-universalus-silikonas\/\",\"url\":\"https:\/\/penosil.com\/lt\/produktai\/easypro-all-purpose-universalus-silikonas\/\",\"name\":\"PENOSIL EasyPRO All Purpose universalus statybinis silikonas\",\"isPartOf\":{\"@id\":\"https:\/\/penosil.com\/lt\/#website\"},\"primaryImageOfPage\":{\"@id\":\"https:\/\/penosil.com\/lt\/produktai\/easypro-all-purpose-universalus-silikonas\/#primaryimage\"},\"image\":{\"@id\":\"https:\/\/penosil.com\/lt\/produktai\/easypro-all-purpose-universalus-silikonas\/#primaryimage\"},\"thumbnailUrl\":\"https:\/\/penosil.com\/lt\/wp-content\/uploads\/sites\/13\/2025\/08\/1011_EasyPRO_All20Purpose_LT_EasyPRO.png\",\"datePublished\":\"2020-03-12T08:32:07+00:00\",\"dateModified\":\"2026-04-12T00:03:39+00:00\",\"description\":\"Universalus statybinis silikonas \u012fvairiems sandarinimo darbams patalpose ir i\u0161or\u0117je. Atsparus vandeniui, elastingas, atsparus \u012ftr\u016bkimams. Daugiau!\",\"breadcrumb\":{\"@id\":\"https:\/\/penosil.com\/lt\/produktai\/easypro-all-purpose-universalus-silikonas\/#breadcrumb\"},\"inLanguage\":\"lt-LT\",\"potentialAction\":[{\"@type\":\"ReadAction\",\"target\":[\"https:\/\/penosil.com\/lt\/produktai\/easypro-all-purpose-universalus-silikonas\/\"]}]},{\"@type\":\"ImageObject\",\"inLanguage\":\"lt-LT\",\"@id\":\"https:\/\/penosil.com\/lt\/produktai\/easypro-all-purpose-universalus-silikonas\/#primaryimage\",\"url\":\"https:\/\/penosil.com\/lt\/wp-content\/uploads\/sites\/13\/2025\/08\/1011_EasyPRO_All20Purpose_LT_EasyPRO.png\",\"contentUrl\":\"https:\/\/penosil.com\/lt\/wp-content\/uploads\/sites\/13\/2025\/08\/1011_EasyPRO_All20Purpose_LT_EasyPRO.png\",\"width\":1556,\"height\":2000,\"caption\":\"PENOSIL EasyPRO All Purpose universalus statybinis silikonas\"},{\"@type\":\"BreadcrumbList\",\"@id\":\"https:\/\/penosil.com\/lt\/produktai\/easypro-all-purpose-universalus-silikonas\/#breadcrumb\",\"itemListElement\":[{\"@type\":\"ListItem\",\"position\":1,\"name\":\"Home\",\"item\":\"https:\/\/penosil.com\/lt\/\"},{\"@type\":\"ListItem\",\"position\":2,\"name\":\"Produktai\",\"item\":\"https:\/\/penosil.com\/lt\/produktai\/\"},{\"@type\":\"ListItem\",\"position\":3,\"name\":\"EasyPRO All Purpose\"}]},{\"@type\":\"WebSite\",\"@id\":\"https:\/\/penosil.com\/lt\/#website\",\"url\":\"https:\/\/penosil.com\/lt\/\",\"name\":\"Penosil Lithuania\",\"description\":\"\",\"potentialAction\":[{\"@type\":\"SearchAction\",\"target\":{\"@type\":\"EntryPoint\",\"urlTemplate\":\"https:\/\/penosil.com\/lt\/?s={search_term_string}\"},\"query-input\":{\"@type\":\"PropertyValueSpecification\",\"valueRequired\":true,\"valueName\":\"search_term_string\"}}],\"inLanguage\":\"lt-LT\"}]}<\/script>\n<!-- \/ Yoast SEO plugin. -->","yoast_head_json":{"title":"PENOSIL EasyPRO All Purpose universalus statybinis silikonas","description":"Universalus statybinis silikonas \u012fvairiems sandarinimo darbams patalpose ir i\u0161or\u0117je. Atsparus vandeniui, elastingas, atsparus \u012ftr\u016bkimams. Daugiau!","robots":{"index":"index","follow":"follow","max-snippet":"max-snippet:-1","max-image-preview":"max-image-preview:large","max-video-preview":"max-video-preview:-1"},"canonical":"https:\/\/penosil.com\/lt\/produktai\/easypro-all-purpose-universalus-silikonas\/","og_locale":"lt_LT","og_type":"article","og_title":"PENOSIL EasyPRO All Purpose universalus statybinis silikonas","og_description":"Universalus statybinis silikonas \u012fvairiems sandarinimo darbams patalpose ir i\u0161or\u0117je. Atsparus vandeniui, elastingas, atsparus \u012ftr\u016bkimams. Daugiau!","og_url":"https:\/\/penosil.com\/lt\/produktai\/easypro-all-purpose-universalus-silikonas\/","og_site_name":"Penosil Lithuania","article_modified_time":"2026-04-12T00:03:39+00:00","og_image":[{"width":1556,"height":2000,"url":"https:\/\/penosil.com\/lt\/wp-content\/uploads\/sites\/13\/2025\/08\/1011_EasyPRO_All20Purpose_LT_EasyPRO.png","type":"image\/png"}],"twitter_card":"summary_large_image","schema":{"@context":"https:\/\/schema.org","@graph":[{"@type":"WebPage","@id":"https:\/\/penosil.com\/lt\/produktai\/easypro-all-purpose-universalus-silikonas\/","url":"https:\/\/penosil.com\/lt\/produktai\/easypro-all-purpose-universalus-silikonas\/","name":"PENOSIL EasyPRO All Purpose universalus statybinis silikonas","isPartOf":{"@id":"https:\/\/penosil.com\/lt\/#website"},"primaryImageOfPage":{"@id":"https:\/\/penosil.com\/lt\/produktai\/easypro-all-purpose-universalus-silikonas\/#primaryimage"},"image":{"@id":"https:\/\/penosil.com\/lt\/produktai\/easypro-all-purpose-universalus-silikonas\/#primaryimage"},"thumbnailUrl":"https:\/\/penosil.com\/lt\/wp-content\/uploads\/sites\/13\/2025\/08\/1011_EasyPRO_All20Purpose_LT_EasyPRO.png","datePublished":"2020-03-12T08:32:07+00:00","dateModified":"2026-04-12T00:03:39+00:00","description":"Universalus statybinis silikonas \u012fvairiems sandarinimo darbams patalpose ir i\u0161or\u0117je. Atsparus vandeniui, elastingas, atsparus \u012ftr\u016bkimams. Daugiau!","breadcrumb":{"@id":"https:\/\/penosil.com\/lt\/produktai\/easypro-all-purpose-universalus-silikonas\/#breadcrumb"},"inLanguage":"lt-LT","potentialAction":[{"@type":"ReadAction","target":["https:\/\/penosil.com\/lt\/produktai\/easypro-all-purpose-universalus-silikonas\/"]}]},{"@type":"ImageObject","inLanguage":"lt-LT","@id":"https:\/\/penosil.com\/lt\/produktai\/easypro-all-purpose-universalus-silikonas\/#primaryimage","url":"https:\/\/penosil.com\/lt\/wp-content\/uploads\/sites\/13\/2025\/08\/1011_EasyPRO_All20Purpose_LT_EasyPRO.png","contentUrl":"https:\/\/penosil.com\/lt\/wp-content\/uploads\/sites\/13\/2025\/08\/1011_EasyPRO_All20Purpose_LT_EasyPRO.png","width":1556,"height":2000,"caption":"PENOSIL EasyPRO All Purpose universalus statybinis silikonas"},{"@type":"BreadcrumbList","@id":"https:\/\/penosil.com\/lt\/produktai\/easypro-all-purpose-universalus-silikonas\/#breadcrumb","itemListElement":[{"@type":"ListItem","position":1,"name":"Home","item":"https:\/\/penosil.com\/lt\/"},{"@type":"ListItem","position":2,"name":"Produktai","item":"https:\/\/penosil.com\/lt\/produktai\/"},{"@type":"ListItem","position":3,"name":"EasyPRO All Purpose"}]},{"@type":"WebSite","@id":"https:\/\/penosil.com\/lt\/#website","url":"https:\/\/penosil.com\/lt\/","name":"Penosil Lithuania","description":"","potentialAction":[{"@type":"SearchAction","target":{"@type":"EntryPoint","urlTemplate":"https:\/\/penosil.com\/lt\/?s={search_term_string}"},"query-input":{"@type":"PropertyValueSpecification","valueRequired":true,"valueName":"search_term_string"}}],"inLanguage":"lt-LT"}]}},"featured_img":"https:\/\/penosil.com\/lt\/wp-content\/uploads\/sites\/13\/2025\/08\/1011_EasyPRO_All20Purpose_LT_EasyPRO.png","coauthors":[],"author_meta":{"author_link":"https:\/\/penosil.com\/lt\/author\/asta\/","display_name":"Asta Salkauskiene"},"relative_dates":{"created":"Posted 6 metai ago","modified":"Updated 6 val ago"},"absolute_dates":{"created":"Posted on 2020 12 kovo","modified":"Updated on 2026 12 baland\u017eio"},"absolute_dates_time":{"created":"Posted on 2020 12 kovo 8:32","modified":"Updated on 2026 12 baland\u017eio 0:03"},"featured_img_caption":"","tax_additional":{"product_brand":{"linked":[],"unlinked":[],"slug":"product_brand","name":"Preki\u0173 \u017eenklai"},"product_type":{"linked":["<a href=\"https:\/\/penosil.com\/lt\/?taxonomy=product_type&#038;term=variable\" class=\"advgb-post-tax-term\">variable<\/a>"],"unlinked":["<span class=\"advgb-post-tax-term\">variable<\/span>"],"slug":"product_type","name":"Produkto tipas"},"product_visibility":{"linked":[],"unlinked":[],"slug":"product_visibility","name":"Produkto matomumas"},"product_cat":{"linked":["<a href=\"https:\/\/penosil.com\/lt\/produkto-kategorija\/easypro\/visoms-paskirtims\/\" class=\"advgb-post-tax-term\">Visoms paskirtims<\/a>","<a href=\"https:\/\/penosil.com\/lt\/produkto-kategorija\/produktu-grupes\/hermetikai-ir-mastikos\/neutralus-silikonai\/\" class=\"advgb-post-tax-term\">Neutral\u016bs silikonai<\/a>","<a href=\"https:\/\/penosil.com\/lt\/produkto-kategorija\/produktu-grupes\/hermetikai-ir-mastikos\/\" class=\"advgb-post-tax-term\">Hermetikai ir mastikos<\/a>","<a href=\"https:\/\/penosil.com\/lt\/produkto-kategorija\/easypro\/\" class=\"advgb-post-tax-term\">EasyPRO<\/a>"],"unlinked":["<span class=\"advgb-post-tax-term\">Visoms paskirtims<\/span>","<span class=\"advgb-post-tax-term\">Neutral\u016bs silikonai<\/span>","<span class=\"advgb-post-tax-term\">Hermetikai ir mastikos<\/span>","<span class=\"advgb-post-tax-term\">EasyPRO<\/span>"],"slug":"product_cat","name":"Produkto kategorijos"},"product_tag":{"linked":[],"unlinked":[],"slug":"product_tag","name":"Produkto \u017eyma"},"product_shipping_class":{"linked":[],"unlinked":[],"slug":"product_shipping_class","name":"Produkto pristatymo klas\u0117s"},"pos_product_visibility":{"linked":[],"unlinked":[],"slug":"pos_product_visibility","name":"POS Product visibility"},"pa_color":{"linked":["<a href=\"https:\/\/penosil.com\/lt\/en\/?taxonomy=pa_color&#038;term=balta\" class=\"advgb-post-tax-term\">Balta<\/a>","<a href=\"https:\/\/penosil.com\/lt\/en\/?taxonomy=pa_color&#038;term=bespalve\" class=\"advgb-post-tax-term\">Bespalv\u0117<\/a>","<a href=\"https:\/\/penosil.com\/lt\/en\/?taxonomy=pa_color&#038;term=juoda\" class=\"advgb-post-tax-term\">Juoda<\/a>","<a href=\"https:\/\/penosil.com\/lt\/en\/?taxonomy=pa_color&#038;term=pilka\" class=\"advgb-post-tax-term\">Pilka<\/a>","<a href=\"https:\/\/penosil.com\/lt\/?taxonomy=pa_color&#038;term=smelio\" class=\"advgb-post-tax-term\">Sm\u0117lio<\/a>","<a href=\"https:\/\/penosil.com\/lt\/?taxonomy=pa_color&#038;term=ruda\" class=\"advgb-post-tax-term\">Ruda<\/a>"],"unlinked":["<span class=\"advgb-post-tax-term\">Balta<\/span>","<span class=\"advgb-post-tax-term\">Bespalv\u0117<\/span>","<span class=\"advgb-post-tax-term\">Juoda<\/span>","<span class=\"advgb-post-tax-term\">Pilka<\/span>","<span class=\"advgb-post-tax-term\">Sm\u0117lio<\/span>","<span class=\"advgb-post-tax-term\">Ruda<\/span>"],"slug":"pa_color","name":"Product Color"},"pa_package":{"linked":["<a href=\"https:\/\/penosil.com\/lt\/?taxonomy=pa_package&#038;term=310-ml\" class=\"advgb-post-tax-term\">310 ml<\/a>"],"unlinked":["<span class=\"advgb-post-tax-term\">310 ml<\/span>"],"slug":"pa_package","name":"Product Package"},"pa_plotis":{"linked":[],"unlinked":[],"slug":"pa_plotis","name":"Product Plotis"},"pa_skersmuo":{"linked":[],"unlinked":[],"slug":"pa_skersmuo","name":"Product Skersmuo"},"translation_priority":{"linked":["<a href=\"https:\/\/penosil.com\/lt\/?taxonomy=translation_priority&#038;term=optional-lt\" class=\"advgb-post-tax-term\">Optional<\/a>"],"unlinked":["<span class=\"advgb-post-tax-term\">Optional<\/span>"],"slug":"translation_priority","name":"Translation Priorities"}},"series_order":"","_links":{"self":[{"href":"https:\/\/penosil.com\/lt\/wp-json\/wp\/v2\/product\/7949","targetHints":{"allow":["GET"]}}],"collection":[{"href":"https:\/\/penosil.com\/lt\/wp-json\/wp\/v2\/product"}],"about":[{"href":"https:\/\/penosil.com\/lt\/wp-json\/wp\/v2\/types\/product"}],"version-history":[{"count":5,"href":"https:\/\/penosil.com\/lt\/wp-json\/wp\/v2\/product\/7949\/revisions"}],"predecessor-version":[{"id":16003,"href":"https:\/\/penosil.com\/lt\/wp-json\/wp\/v2\/product\/7949\/revisions\/16003"}],"wp:featuredmedia":[{"embeddable":true,"href":"https:\/\/penosil.com\/lt\/wp-json\/wp\/v2\/media\/15963"}],"wp:attachment":[{"href":"https:\/\/penosil.com\/lt\/wp-json\/wp\/v2\/media?parent=7949"}],"wp:term":[{"taxonomy":"product_brand","embeddable":true,"href":"https:\/\/penosil.com\/lt\/wp-json\/wp\/v2\/product_brand?post=7949"},{"taxonomy":"product_cat","embeddable":true,"href":"https:\/\/penosil.com\/lt\/wp-json\/wp\/v2\/product_cat?post=7949"},{"taxonomy":"product_tag","embeddable":true,"href":"https:\/\/penosil.com\/lt\/wp-json\/wp\/v2\/product_tag?post=7949"}],"curies":[{"name":"wp","href":"https:\/\/api.w.org\/{rel}","templated":true}]}}