{"id":8383,"date":"2020-04-18T08:36:47","date_gmt":"2020-04-18T08:36:47","guid":{"rendered":"https:\/\/penosil.com\/lt\/?post_type=product&#038;p=8383"},"modified":"2026-04-12T00:03:40","modified_gmt":"2026-04-12T00:03:40","slug":"max-gap-filler-sandarinimo-putos","status":"publish","type":"product","link":"https:\/\/penosil.com\/lt\/produktai\/max-gap-filler-sandarinimo-putos\/","title":{"rendered":"Max Gap Filler"},"content":{"rendered":"<p>\u0160iaudelin\u0117s sandarinimo putos didel\u0117ms ertm\u0117ms u\u017epildyti ir sandarinti.<\/p>\n","protected":false},"excerpt":{"rendered":"\u0161iaudelin\u0117s sandarinimo putos didel\u0117ms ertm\u0117ms","protected":false},"author":5,"featured_media":16031,"template":"","meta":{"_acf_changed":false,"advgb_blocks_editor_width":"","advgb_blocks_columns_visual_guide":"","footnotes":""},"product_brand":[],"product_cat":[1506,1563,1368,2303,2308],"product_tag":[],"class_list":{"0":"post-8383","1":"product","2":"type-product","3":"status-publish","4":"has-post-thumbnail","6":"product_cat-statybines-putos","7":"product_cat-siaudelines-putos","8":"product_cat-produktu-grupes","9":"product_cat-easypro","10":"product_cat-apdailai-ir-dazymui","12":"first","13":"instock","14":"taxable","15":"shipping-taxable","16":"purchasable","17":"product-type-variable","18":"has-default-attributes"},"acf":[],"yoast_head":"<!-- This site is optimized with the Yoast SEO plugin v27.2 - https:\/\/yoast.com\/product\/yoast-seo-wordpress\/ -->\n<title>PENOSIL Max Gap Filler \u0161iaudelin\u0117s putos didel\u0117ms ertm\u0117ms<\/title>\n<meta name=\"description\" content=\"Auk\u0161tos kokyb\u0117s \u0161iaudelin\u0117s sandarinimo putos ypa\u010d didel\u0117ms ertm\u0117ms ir oro tarpams u\u017epildyti, bet kokiu sezonu. Skaitykite daugiau apie \u0161\u012f gamin\u012f!\" \/>\n<meta name=\"robots\" content=\"index, follow, max-snippet:-1, max-image-preview:large, max-video-preview:-1\" \/>\n<link rel=\"canonical\" href=\"https:\/\/penosil.com\/lt\/produktai\/max-gap-filler-sandarinimo-putos\/\" \/>\n<meta property=\"og:locale\" content=\"lt_LT\" \/>\n<meta property=\"og:type\" content=\"article\" \/>\n<meta property=\"og:title\" content=\"PENOSIL Max Gap Filler \u0161iaudelin\u0117s putos didel\u0117ms ertm\u0117ms\" \/>\n<meta property=\"og:description\" content=\"Auk\u0161tos kokyb\u0117s \u0161iaudelin\u0117s sandarinimo putos ypa\u010d didel\u0117ms ertm\u0117ms ir oro tarpams u\u017epildyti, bet kokiu sezonu. Skaitykite daugiau apie \u0161\u012f gamin\u012f!\" \/>\n<meta property=\"og:url\" content=\"https:\/\/penosil.com\/lt\/produktai\/max-gap-filler-sandarinimo-putos\/\" \/>\n<meta property=\"og:site_name\" content=\"Penosil Lithuania\" \/>\n<meta property=\"article:modified_time\" content=\"2026-04-12T00:03:40+00:00\" \/>\n<meta property=\"og:image\" content=\"https:\/\/penosil.com\/lt\/wp-content\/uploads\/sites\/13\/2025\/08\/1079_Max_Gap_Filler_Foam_LT_EasyPRO.png\" \/>\n\t<meta property=\"og:image:width\" content=\"568\" \/>\n\t<meta property=\"og:image:height\" content=\"1080\" \/>\n\t<meta property=\"og:image:type\" content=\"image\/png\" \/>\n<meta name=\"twitter:card\" content=\"summary_large_image\" \/>\n<script type=\"application\/ld+json\" class=\"yoast-schema-graph\">{\"@context\":\"https:\/\/schema.org\",\"@graph\":[{\"@type\":\"WebPage\",\"@id\":\"https:\/\/penosil.com\/lt\/produktai\/max-gap-filler-sandarinimo-putos\/\",\"url\":\"https:\/\/penosil.com\/lt\/produktai\/max-gap-filler-sandarinimo-putos\/\",\"name\":\"PENOSIL Max Gap Filler \u0161iaudelin\u0117s putos didel\u0117ms ertm\u0117ms\",\"isPartOf\":{\"@id\":\"https:\/\/penosil.com\/lt\/#website\"},\"primaryImageOfPage\":{\"@id\":\"https:\/\/penosil.com\/lt\/produktai\/max-gap-filler-sandarinimo-putos\/#primaryimage\"},\"image\":{\"@id\":\"https:\/\/penosil.com\/lt\/produktai\/max-gap-filler-sandarinimo-putos\/#primaryimage\"},\"thumbnailUrl\":\"https:\/\/penosil.com\/lt\/wp-content\/uploads\/sites\/13\/2025\/08\/1079_Max_Gap_Filler_Foam_LT_EasyPRO.png\",\"datePublished\":\"2020-04-18T08:36:47+00:00\",\"dateModified\":\"2026-04-12T00:03:40+00:00\",\"description\":\"Auk\u0161tos kokyb\u0117s \u0161iaudelin\u0117s sandarinimo putos ypa\u010d didel\u0117ms ertm\u0117ms ir oro tarpams u\u017epildyti, bet kokiu sezonu. Skaitykite daugiau apie \u0161\u012f gamin\u012f!\",\"breadcrumb\":{\"@id\":\"https:\/\/penosil.com\/lt\/produktai\/max-gap-filler-sandarinimo-putos\/#breadcrumb\"},\"inLanguage\":\"lt-LT\",\"potentialAction\":[{\"@type\":\"ReadAction\",\"target\":[\"https:\/\/penosil.com\/lt\/produktai\/max-gap-filler-sandarinimo-putos\/\"]}]},{\"@type\":\"ImageObject\",\"inLanguage\":\"lt-LT\",\"@id\":\"https:\/\/penosil.com\/lt\/produktai\/max-gap-filler-sandarinimo-putos\/#primaryimage\",\"url\":\"https:\/\/penosil.com\/lt\/wp-content\/uploads\/sites\/13\/2025\/08\/1079_Max_Gap_Filler_Foam_LT_EasyPRO.png\",\"contentUrl\":\"https:\/\/penosil.com\/lt\/wp-content\/uploads\/sites\/13\/2025\/08\/1079_Max_Gap_Filler_Foam_LT_EasyPRO.png\",\"width\":568,\"height\":1080,\"caption\":\"PENOSIL Max Gap Filler \u0161iaudelin\u0117s putos didel\u0117ms ertm\u0117ms 750 ml\"},{\"@type\":\"BreadcrumbList\",\"@id\":\"https:\/\/penosil.com\/lt\/produktai\/max-gap-filler-sandarinimo-putos\/#breadcrumb\",\"itemListElement\":[{\"@type\":\"ListItem\",\"position\":1,\"name\":\"Home\",\"item\":\"https:\/\/penosil.com\/lt\/\"},{\"@type\":\"ListItem\",\"position\":2,\"name\":\"Produktai\",\"item\":\"https:\/\/penosil.com\/lt\/produktai\/\"},{\"@type\":\"ListItem\",\"position\":3,\"name\":\"Max Gap Filler\"}]},{\"@type\":\"WebSite\",\"@id\":\"https:\/\/penosil.com\/lt\/#website\",\"url\":\"https:\/\/penosil.com\/lt\/\",\"name\":\"Penosil Lithuania\",\"description\":\"\",\"potentialAction\":[{\"@type\":\"SearchAction\",\"target\":{\"@type\":\"EntryPoint\",\"urlTemplate\":\"https:\/\/penosil.com\/lt\/?s={search_term_string}\"},\"query-input\":{\"@type\":\"PropertyValueSpecification\",\"valueRequired\":true,\"valueName\":\"search_term_string\"}}],\"inLanguage\":\"lt-LT\"}]}<\/script>\n<!-- \/ Yoast SEO plugin. -->","yoast_head_json":{"title":"PENOSIL Max Gap Filler \u0161iaudelin\u0117s putos didel\u0117ms ertm\u0117ms","description":"Auk\u0161tos kokyb\u0117s \u0161iaudelin\u0117s sandarinimo putos ypa\u010d didel\u0117ms ertm\u0117ms ir oro tarpams u\u017epildyti, bet kokiu sezonu. Skaitykite daugiau apie \u0161\u012f gamin\u012f!","robots":{"index":"index","follow":"follow","max-snippet":"max-snippet:-1","max-image-preview":"max-image-preview:large","max-video-preview":"max-video-preview:-1"},"canonical":"https:\/\/penosil.com\/lt\/produktai\/max-gap-filler-sandarinimo-putos\/","og_locale":"lt_LT","og_type":"article","og_title":"PENOSIL Max Gap Filler \u0161iaudelin\u0117s putos didel\u0117ms ertm\u0117ms","og_description":"Auk\u0161tos kokyb\u0117s \u0161iaudelin\u0117s sandarinimo putos ypa\u010d didel\u0117ms ertm\u0117ms ir oro tarpams u\u017epildyti, bet kokiu sezonu. Skaitykite daugiau apie \u0161\u012f gamin\u012f!","og_url":"https:\/\/penosil.com\/lt\/produktai\/max-gap-filler-sandarinimo-putos\/","og_site_name":"Penosil Lithuania","article_modified_time":"2026-04-12T00:03:40+00:00","og_image":[{"width":568,"height":1080,"url":"https:\/\/penosil.com\/lt\/wp-content\/uploads\/sites\/13\/2025\/08\/1079_Max_Gap_Filler_Foam_LT_EasyPRO.png","type":"image\/png"}],"twitter_card":"summary_large_image","schema":{"@context":"https:\/\/schema.org","@graph":[{"@type":"WebPage","@id":"https:\/\/penosil.com\/lt\/produktai\/max-gap-filler-sandarinimo-putos\/","url":"https:\/\/penosil.com\/lt\/produktai\/max-gap-filler-sandarinimo-putos\/","name":"PENOSIL Max Gap Filler \u0161iaudelin\u0117s putos didel\u0117ms ertm\u0117ms","isPartOf":{"@id":"https:\/\/penosil.com\/lt\/#website"},"primaryImageOfPage":{"@id":"https:\/\/penosil.com\/lt\/produktai\/max-gap-filler-sandarinimo-putos\/#primaryimage"},"image":{"@id":"https:\/\/penosil.com\/lt\/produktai\/max-gap-filler-sandarinimo-putos\/#primaryimage"},"thumbnailUrl":"https:\/\/penosil.com\/lt\/wp-content\/uploads\/sites\/13\/2025\/08\/1079_Max_Gap_Filler_Foam_LT_EasyPRO.png","datePublished":"2020-04-18T08:36:47+00:00","dateModified":"2026-04-12T00:03:40+00:00","description":"Auk\u0161tos kokyb\u0117s \u0161iaudelin\u0117s sandarinimo putos ypa\u010d didel\u0117ms ertm\u0117ms ir oro tarpams u\u017epildyti, bet kokiu sezonu. Skaitykite daugiau apie \u0161\u012f gamin\u012f!","breadcrumb":{"@id":"https:\/\/penosil.com\/lt\/produktai\/max-gap-filler-sandarinimo-putos\/#breadcrumb"},"inLanguage":"lt-LT","potentialAction":[{"@type":"ReadAction","target":["https:\/\/penosil.com\/lt\/produktai\/max-gap-filler-sandarinimo-putos\/"]}]},{"@type":"ImageObject","inLanguage":"lt-LT","@id":"https:\/\/penosil.com\/lt\/produktai\/max-gap-filler-sandarinimo-putos\/#primaryimage","url":"https:\/\/penosil.com\/lt\/wp-content\/uploads\/sites\/13\/2025\/08\/1079_Max_Gap_Filler_Foam_LT_EasyPRO.png","contentUrl":"https:\/\/penosil.com\/lt\/wp-content\/uploads\/sites\/13\/2025\/08\/1079_Max_Gap_Filler_Foam_LT_EasyPRO.png","width":568,"height":1080,"caption":"PENOSIL Max Gap Filler \u0161iaudelin\u0117s putos didel\u0117ms ertm\u0117ms 750 ml"},{"@type":"BreadcrumbList","@id":"https:\/\/penosil.com\/lt\/produktai\/max-gap-filler-sandarinimo-putos\/#breadcrumb","itemListElement":[{"@type":"ListItem","position":1,"name":"Home","item":"https:\/\/penosil.com\/lt\/"},{"@type":"ListItem","position":2,"name":"Produktai","item":"https:\/\/penosil.com\/lt\/produktai\/"},{"@type":"ListItem","position":3,"name":"Max Gap Filler"}]},{"@type":"WebSite","@id":"https:\/\/penosil.com\/lt\/#website","url":"https:\/\/penosil.com\/lt\/","name":"Penosil Lithuania","description":"","potentialAction":[{"@type":"SearchAction","target":{"@type":"EntryPoint","urlTemplate":"https:\/\/penosil.com\/lt\/?s={search_term_string}"},"query-input":{"@type":"PropertyValueSpecification","valueRequired":true,"valueName":"search_term_string"}}],"inLanguage":"lt-LT"}]}},"featured_img":"https:\/\/penosil.com\/lt\/wp-content\/uploads\/sites\/13\/2025\/08\/1079_Max_Gap_Filler_Foam_LT_EasyPRO.png","coauthors":[],"author_meta":{"author_link":"https:\/\/penosil.com\/lt\/author\/asta\/","display_name":"Asta Salkauskiene"},"relative_dates":{"created":"Posted 6 metai ago","modified":"Updated 6 val ago"},"absolute_dates":{"created":"Posted on 2020 18 baland\u017eio","modified":"Updated on 2026 12 baland\u017eio"},"absolute_dates_time":{"created":"Posted on 2020 18 baland\u017eio 8:36","modified":"Updated on 2026 12 baland\u017eio 0:03"},"featured_img_caption":"","tax_additional":{"product_brand":{"linked":[],"unlinked":[],"slug":"product_brand","name":"Preki\u0173 \u017eenklai"},"product_type":{"linked":["<a href=\"https:\/\/penosil.com\/lt\/?taxonomy=product_type&#038;term=variable\" class=\"advgb-post-tax-term\">variable<\/a>"],"unlinked":["<span class=\"advgb-post-tax-term\">variable<\/span>"],"slug":"product_type","name":"Produkto tipas"},"product_visibility":{"linked":[],"unlinked":[],"slug":"product_visibility","name":"Produkto matomumas"},"product_cat":{"linked":["<a href=\"https:\/\/penosil.com\/lt\/produkto-kategorija\/produktu-grupes\/statybines-putos\/\" class=\"advgb-post-tax-term\">Statybin\u0117s putos<\/a>","<a href=\"https:\/\/penosil.com\/lt\/produkto-kategorija\/produktu-grupes\/statybines-putos\/siaudelines-putos\/\" class=\"advgb-post-tax-term\">\u0160iaudelin\u0117s putos<\/a>","<a href=\"https:\/\/penosil.com\/lt\/produkto-kategorija\/produktu-grupes\/\" class=\"advgb-post-tax-term\">Produkt\u0173 grup\u0117s<\/a>","<a href=\"https:\/\/penosil.com\/lt\/produkto-kategorija\/easypro\/\" class=\"advgb-post-tax-term\">EasyPRO<\/a>","<a href=\"https:\/\/penosil.com\/lt\/produkto-kategorija\/easypro\/apdailai-ir-dazymui\/\" class=\"advgb-post-tax-term\">Apdailai ir da\u017eymui<\/a>"],"unlinked":["<span class=\"advgb-post-tax-term\">Statybin\u0117s putos<\/span>","<span class=\"advgb-post-tax-term\">\u0160iaudelin\u0117s putos<\/span>","<span class=\"advgb-post-tax-term\">Produkt\u0173 grup\u0117s<\/span>","<span class=\"advgb-post-tax-term\">EasyPRO<\/span>","<span class=\"advgb-post-tax-term\">Apdailai ir da\u017eymui<\/span>"],"slug":"product_cat","name":"Produkto kategorijos"},"product_tag":{"linked":[],"unlinked":[],"slug":"product_tag","name":"Produkto \u017eyma"},"product_shipping_class":{"linked":[],"unlinked":[],"slug":"product_shipping_class","name":"Produkto pristatymo klas\u0117s"},"pos_product_visibility":{"linked":[],"unlinked":[],"slug":"pos_product_visibility","name":"POS Product visibility"},"pa_color":{"linked":["<a href=\"https:\/\/penosil.com\/lt\/en\/?taxonomy=pa_color&#038;term=sviesiai-geltona\" class=\"advgb-post-tax-term\">\u0160viesiai geltona<\/a>"],"unlinked":["<span class=\"advgb-post-tax-term\">\u0160viesiai geltona<\/span>"],"slug":"pa_color","name":"Product Color"},"pa_package":{"linked":["<a href=\"https:\/\/penosil.com\/lt\/en\/?taxonomy=pa_package&#038;term=750-ml\" class=\"advgb-post-tax-term\">750 ml<\/a>","<a href=\"https:\/\/penosil.com\/lt\/?taxonomy=pa_package&#038;term=310-ml\" class=\"advgb-post-tax-term\">310 ml<\/a>","<a href=\"https:\/\/penosil.com\/lt\/?taxonomy=pa_package&#038;term=435-ml\" class=\"advgb-post-tax-term\">435 ml<\/a>"],"unlinked":["<span class=\"advgb-post-tax-term\">750 ml<\/span>","<span class=\"advgb-post-tax-term\">310 ml<\/span>","<span class=\"advgb-post-tax-term\">435 ml<\/span>"],"slug":"pa_package","name":"Product Package"},"pa_plotis":{"linked":[],"unlinked":[],"slug":"pa_plotis","name":"Product Plotis"},"pa_skersmuo":{"linked":[],"unlinked":[],"slug":"pa_skersmuo","name":"Product Skersmuo"},"translation_priority":{"linked":["<a href=\"https:\/\/penosil.com\/lt\/?taxonomy=translation_priority&#038;term=optional-lt\" class=\"advgb-post-tax-term\">Optional<\/a>"],"unlinked":["<span class=\"advgb-post-tax-term\">Optional<\/span>"],"slug":"translation_priority","name":"Translation Priorities"}},"series_order":"","_links":{"self":[{"href":"https:\/\/penosil.com\/lt\/wp-json\/wp\/v2\/product\/8383","targetHints":{"allow":["GET"]}}],"collection":[{"href":"https:\/\/penosil.com\/lt\/wp-json\/wp\/v2\/product"}],"about":[{"href":"https:\/\/penosil.com\/lt\/wp-json\/wp\/v2\/types\/product"}],"version-history":[{"count":4,"href":"https:\/\/penosil.com\/lt\/wp-json\/wp\/v2\/product\/8383\/revisions"}],"predecessor-version":[{"id":16046,"href":"https:\/\/penosil.com\/lt\/wp-json\/wp\/v2\/product\/8383\/revisions\/16046"}],"wp:featuredmedia":[{"embeddable":true,"href":"https:\/\/penosil.com\/lt\/wp-json\/wp\/v2\/media\/16031"}],"wp:attachment":[{"href":"https:\/\/penosil.com\/lt\/wp-json\/wp\/v2\/media?parent=8383"}],"wp:term":[{"taxonomy":"product_brand","embeddable":true,"href":"https:\/\/penosil.com\/lt\/wp-json\/wp\/v2\/product_brand?post=8383"},{"taxonomy":"product_cat","embeddable":true,"href":"https:\/\/penosil.com\/lt\/wp-json\/wp\/v2\/product_cat?post=8383"},{"taxonomy":"product_tag","embeddable":true,"href":"https:\/\/penosil.com\/lt\/wp-json\/wp\/v2\/product_tag?post=8383"}],"curies":[{"name":"wp","href":"https:\/\/api.w.org\/{rel}","templated":true}]}}