{"id":8396,"date":"2020-04-18T14:24:26","date_gmt":"2020-04-18T14:24:26","guid":{"rendered":"https:\/\/penosil.com\/lt\/?post_type=product&#038;p=8396"},"modified":"2026-02-25T14:31:03","modified_gmt":"2026-02-25T14:31:03","slug":"easygun-sandarinimo-putos","status":"publish","type":"product","link":"https:\/\/penosil.com\/lt\/produktai\/easygun-sandarinimo-putos\/","title":{"rendered":"EasyGun Foam"},"content":{"rendered":"<p>Poliuretano pistoletin\u0117s putos su specialiu \u201eEasyGun\u201c aplikatoriumi, skirtos naudoti visais met\u0173 laikais. U\u017epildo ir izoliuoja siaurus ir gilius prasiskverbimus, ply\u0161ius ir ertmes, kurias sunku pasiekti pistoletu arba tradiciniu \u0161iaudeliniu aplikatoriumi. Putas galima naudoti su put\u0173 pistoletu arba \u201eEasyGun\u201c aplikatoriumi, tod\u0117l tai yra universalesnis produktas nei tradicin\u0117s pistoletin\u0117s putos.<\/p>\n","protected":false},"excerpt":{"rendered":"sandarinimo putos su unikaliu aplikatoriumi","protected":false},"author":5,"featured_media":16016,"template":"","meta":{"_acf_changed":false,"advgb_blocks_editor_width":"","advgb_blocks_columns_visual_guide":"","footnotes":""},"product_brand":[],"product_cat":[210,836,1506,1368,1522],"product_tag":[],"class_list":{"0":"post-8396","1":"product","2":"type-product","3":"status-publish","4":"has-post-thumbnail","6":"product_cat-naudojimo-sritys","7":"product_cat-bendroji-statyba","8":"product_cat-statybines-putos","9":"product_cat-produktu-grupes","10":"product_cat-easygun-putos","12":"first","13":"instock","14":"taxable","15":"shipping-taxable","16":"purchasable","17":"product-type-simple"},"acf":[],"yoast_head":"<!-- This site is optimized with the Yoast SEO plugin v27.2 - https:\/\/yoast.com\/product\/yoast-seo-wordpress\/ -->\n<title>PENOSIL EasyGun sandarinimo putos su unikaliu aplikatoriumi<\/title>\n<meta name=\"description\" content=\"Visais met\u0173 laikais auk\u0161tos kokyb\u0117s monta\u017ein\u0117s sandarinimo putos naudojamos su put\u0173 pistoletu, ir su plonu unikaliu aplikatoriumi. Didel\u0117 i\u0161eiga. Daugiau!\" \/>\n<meta name=\"robots\" content=\"index, follow, max-snippet:-1, max-image-preview:large, max-video-preview:-1\" \/>\n<link rel=\"canonical\" href=\"https:\/\/penosil.com\/lt\/produktai\/easygun-sandarinimo-putos\/\" \/>\n<meta property=\"og:locale\" content=\"lt_LT\" \/>\n<meta property=\"og:type\" content=\"article\" \/>\n<meta property=\"og:title\" content=\"PENOSIL EasyGun sandarinimo putos su unikaliu aplikatoriumi\" \/>\n<meta property=\"og:description\" content=\"Visais met\u0173 laikais auk\u0161tos kokyb\u0117s monta\u017ein\u0117s sandarinimo putos naudojamos su put\u0173 pistoletu, ir su plonu unikaliu aplikatoriumi. Didel\u0117 i\u0161eiga. Daugiau!\" \/>\n<meta property=\"og:url\" content=\"https:\/\/penosil.com\/lt\/produktai\/easygun-sandarinimo-putos\/\" \/>\n<meta property=\"og:site_name\" content=\"Penosil Lithuania\" \/>\n<meta property=\"article:modified_time\" content=\"2026-02-25T14:31:03+00:00\" \/>\n<meta property=\"og:image\" content=\"https:\/\/penosil.com\/lt\/wp-content\/uploads\/sites\/13\/2025\/08\/1331_EasyGun_Silver_NOBA.png\" \/>\n\t<meta property=\"og:image:width\" content=\"554\" \/>\n\t<meta property=\"og:image:height\" content=\"800\" \/>\n\t<meta property=\"og:image:type\" content=\"image\/png\" \/>\n<meta name=\"twitter:card\" content=\"summary_large_image\" \/>\n<script type=\"application\/ld+json\" class=\"yoast-schema-graph\">{\"@context\":\"https:\/\/schema.org\",\"@graph\":[{\"@type\":\"WebPage\",\"@id\":\"https:\/\/penosil.com\/lt\/produktai\/easygun-sandarinimo-putos\/\",\"url\":\"https:\/\/penosil.com\/lt\/produktai\/easygun-sandarinimo-putos\/\",\"name\":\"PENOSIL EasyGun sandarinimo putos su unikaliu aplikatoriumi\",\"isPartOf\":{\"@id\":\"https:\/\/penosil.com\/lt\/#website\"},\"primaryImageOfPage\":{\"@id\":\"https:\/\/penosil.com\/lt\/produktai\/easygun-sandarinimo-putos\/#primaryimage\"},\"image\":{\"@id\":\"https:\/\/penosil.com\/lt\/produktai\/easygun-sandarinimo-putos\/#primaryimage\"},\"thumbnailUrl\":\"https:\/\/penosil.com\/lt\/wp-content\/uploads\/sites\/13\/2025\/08\/1331_EasyGun_Silver_NOBA.png\",\"datePublished\":\"2020-04-18T14:24:26+00:00\",\"dateModified\":\"2026-02-25T14:31:03+00:00\",\"description\":\"Visais met\u0173 laikais auk\u0161tos kokyb\u0117s monta\u017ein\u0117s sandarinimo putos naudojamos su put\u0173 pistoletu, ir su plonu unikaliu aplikatoriumi. Didel\u0117 i\u0161eiga. Daugiau!\",\"breadcrumb\":{\"@id\":\"https:\/\/penosil.com\/lt\/produktai\/easygun-sandarinimo-putos\/#breadcrumb\"},\"inLanguage\":\"lt-LT\",\"potentialAction\":[{\"@type\":\"ReadAction\",\"target\":[\"https:\/\/penosil.com\/lt\/produktai\/easygun-sandarinimo-putos\/\"]}]},{\"@type\":\"ImageObject\",\"inLanguage\":\"lt-LT\",\"@id\":\"https:\/\/penosil.com\/lt\/produktai\/easygun-sandarinimo-putos\/#primaryimage\",\"url\":\"https:\/\/penosil.com\/lt\/wp-content\/uploads\/sites\/13\/2025\/08\/1331_EasyGun_Silver_NOBA.png\",\"contentUrl\":\"https:\/\/penosil.com\/lt\/wp-content\/uploads\/sites\/13\/2025\/08\/1331_EasyGun_Silver_NOBA.png\",\"width\":554,\"height\":800,\"caption\":\"PENOSIL EasyGun sandarinimo putos su unikaliu aplikatoriumi\"},{\"@type\":\"BreadcrumbList\",\"@id\":\"https:\/\/penosil.com\/lt\/produktai\/easygun-sandarinimo-putos\/#breadcrumb\",\"itemListElement\":[{\"@type\":\"ListItem\",\"position\":1,\"name\":\"Home\",\"item\":\"https:\/\/penosil.com\/lt\/\"},{\"@type\":\"ListItem\",\"position\":2,\"name\":\"Produktai\",\"item\":\"https:\/\/penosil.com\/lt\/produktai\/\"},{\"@type\":\"ListItem\",\"position\":3,\"name\":\"EasyGun Foam\"}]},{\"@type\":\"WebSite\",\"@id\":\"https:\/\/penosil.com\/lt\/#website\",\"url\":\"https:\/\/penosil.com\/lt\/\",\"name\":\"Penosil Lithuania\",\"description\":\"\",\"potentialAction\":[{\"@type\":\"SearchAction\",\"target\":{\"@type\":\"EntryPoint\",\"urlTemplate\":\"https:\/\/penosil.com\/lt\/?s={search_term_string}\"},\"query-input\":{\"@type\":\"PropertyValueSpecification\",\"valueRequired\":true,\"valueName\":\"search_term_string\"}}],\"inLanguage\":\"lt-LT\"}]}<\/script>\n<!-- \/ Yoast SEO plugin. -->","yoast_head_json":{"title":"PENOSIL EasyGun sandarinimo putos su unikaliu aplikatoriumi","description":"Visais met\u0173 laikais auk\u0161tos kokyb\u0117s monta\u017ein\u0117s sandarinimo putos naudojamos su put\u0173 pistoletu, ir su plonu unikaliu aplikatoriumi. Didel\u0117 i\u0161eiga. Daugiau!","robots":{"index":"index","follow":"follow","max-snippet":"max-snippet:-1","max-image-preview":"max-image-preview:large","max-video-preview":"max-video-preview:-1"},"canonical":"https:\/\/penosil.com\/lt\/produktai\/easygun-sandarinimo-putos\/","og_locale":"lt_LT","og_type":"article","og_title":"PENOSIL EasyGun sandarinimo putos su unikaliu aplikatoriumi","og_description":"Visais met\u0173 laikais auk\u0161tos kokyb\u0117s monta\u017ein\u0117s sandarinimo putos naudojamos su put\u0173 pistoletu, ir su plonu unikaliu aplikatoriumi. Didel\u0117 i\u0161eiga. Daugiau!","og_url":"https:\/\/penosil.com\/lt\/produktai\/easygun-sandarinimo-putos\/","og_site_name":"Penosil Lithuania","article_modified_time":"2026-02-25T14:31:03+00:00","og_image":[{"width":554,"height":800,"url":"https:\/\/penosil.com\/lt\/wp-content\/uploads\/sites\/13\/2025\/08\/1331_EasyGun_Silver_NOBA.png","type":"image\/png"}],"twitter_card":"summary_large_image","schema":{"@context":"https:\/\/schema.org","@graph":[{"@type":"WebPage","@id":"https:\/\/penosil.com\/lt\/produktai\/easygun-sandarinimo-putos\/","url":"https:\/\/penosil.com\/lt\/produktai\/easygun-sandarinimo-putos\/","name":"PENOSIL EasyGun sandarinimo putos su unikaliu aplikatoriumi","isPartOf":{"@id":"https:\/\/penosil.com\/lt\/#website"},"primaryImageOfPage":{"@id":"https:\/\/penosil.com\/lt\/produktai\/easygun-sandarinimo-putos\/#primaryimage"},"image":{"@id":"https:\/\/penosil.com\/lt\/produktai\/easygun-sandarinimo-putos\/#primaryimage"},"thumbnailUrl":"https:\/\/penosil.com\/lt\/wp-content\/uploads\/sites\/13\/2025\/08\/1331_EasyGun_Silver_NOBA.png","datePublished":"2020-04-18T14:24:26+00:00","dateModified":"2026-02-25T14:31:03+00:00","description":"Visais met\u0173 laikais auk\u0161tos kokyb\u0117s monta\u017ein\u0117s sandarinimo putos naudojamos su put\u0173 pistoletu, ir su plonu unikaliu aplikatoriumi. Didel\u0117 i\u0161eiga. Daugiau!","breadcrumb":{"@id":"https:\/\/penosil.com\/lt\/produktai\/easygun-sandarinimo-putos\/#breadcrumb"},"inLanguage":"lt-LT","potentialAction":[{"@type":"ReadAction","target":["https:\/\/penosil.com\/lt\/produktai\/easygun-sandarinimo-putos\/"]}]},{"@type":"ImageObject","inLanguage":"lt-LT","@id":"https:\/\/penosil.com\/lt\/produktai\/easygun-sandarinimo-putos\/#primaryimage","url":"https:\/\/penosil.com\/lt\/wp-content\/uploads\/sites\/13\/2025\/08\/1331_EasyGun_Silver_NOBA.png","contentUrl":"https:\/\/penosil.com\/lt\/wp-content\/uploads\/sites\/13\/2025\/08\/1331_EasyGun_Silver_NOBA.png","width":554,"height":800,"caption":"PENOSIL EasyGun sandarinimo putos su unikaliu aplikatoriumi"},{"@type":"BreadcrumbList","@id":"https:\/\/penosil.com\/lt\/produktai\/easygun-sandarinimo-putos\/#breadcrumb","itemListElement":[{"@type":"ListItem","position":1,"name":"Home","item":"https:\/\/penosil.com\/lt\/"},{"@type":"ListItem","position":2,"name":"Produktai","item":"https:\/\/penosil.com\/lt\/produktai\/"},{"@type":"ListItem","position":3,"name":"EasyGun Foam"}]},{"@type":"WebSite","@id":"https:\/\/penosil.com\/lt\/#website","url":"https:\/\/penosil.com\/lt\/","name":"Penosil Lithuania","description":"","potentialAction":[{"@type":"SearchAction","target":{"@type":"EntryPoint","urlTemplate":"https:\/\/penosil.com\/lt\/?s={search_term_string}"},"query-input":{"@type":"PropertyValueSpecification","valueRequired":true,"valueName":"search_term_string"}}],"inLanguage":"lt-LT"}]}},"featured_img":"https:\/\/penosil.com\/lt\/wp-content\/uploads\/sites\/13\/2025\/08\/1331_EasyGun_Silver_NOBA.png","coauthors":[],"author_meta":{"author_link":"https:\/\/penosil.com\/lt\/author\/asta\/","display_name":"Asta Salkauskiene"},"relative_dates":{"created":"Posted 6 metai ago","modified":"Updated 2 m\u0117nesiai ago"},"absolute_dates":{"created":"Posted on 2020 18 baland\u017eio","modified":"Updated on 2026 25 vasario"},"absolute_dates_time":{"created":"Posted on 2020 18 baland\u017eio 14:24","modified":"Updated on 2026 25 vasario 14:31"},"featured_img_caption":"","tax_additional":{"product_brand":{"linked":[],"unlinked":[],"slug":"product_brand","name":"Preki\u0173 \u017eenklai"},"product_type":{"linked":["<a href=\"https:\/\/penosil.com\/lt\/?taxonomy=product_type&#038;term=simple\" class=\"advgb-post-tax-term\">simple<\/a>"],"unlinked":["<span class=\"advgb-post-tax-term\">simple<\/span>"],"slug":"product_type","name":"Produkto tipas"},"product_visibility":{"linked":[],"unlinked":[],"slug":"product_visibility","name":"Produkto matomumas"},"product_cat":{"linked":["<a href=\"https:\/\/penosil.com\/lt\/produkto-kategorija\/naudojimo-sritys\/\" class=\"advgb-post-tax-term\">Naudojimo sritys<\/a>","<a href=\"https:\/\/penosil.com\/lt\/produkto-kategorija\/naudojimo-sritys\/bendroji-statyba\/\" class=\"advgb-post-tax-term\">Bendroji statyba<\/a>","<a href=\"https:\/\/penosil.com\/lt\/produkto-kategorija\/produktu-grupes\/statybines-putos\/\" class=\"advgb-post-tax-term\">Statybin\u0117s putos<\/a>","<a href=\"https:\/\/penosil.com\/lt\/produkto-kategorija\/produktu-grupes\/\" class=\"advgb-post-tax-term\">Produkt\u0173 grup\u0117s<\/a>","<a href=\"https:\/\/penosil.com\/lt\/produkto-kategorija\/produktu-grupes\/statybines-putos\/easygun-putos\/\" class=\"advgb-post-tax-term\">Easygun putos<\/a>"],"unlinked":["<span class=\"advgb-post-tax-term\">Naudojimo sritys<\/span>","<span class=\"advgb-post-tax-term\">Bendroji statyba<\/span>","<span class=\"advgb-post-tax-term\">Statybin\u0117s putos<\/span>","<span class=\"advgb-post-tax-term\">Produkt\u0173 grup\u0117s<\/span>","<span class=\"advgb-post-tax-term\">Easygun putos<\/span>"],"slug":"product_cat","name":"Produkto kategorijos"},"product_tag":{"linked":[],"unlinked":[],"slug":"product_tag","name":"Produkto \u017eyma"},"product_shipping_class":{"linked":[],"unlinked":[],"slug":"product_shipping_class","name":"Produkto pristatymo klas\u0117s"},"pos_product_visibility":{"linked":[],"unlinked":[],"slug":"pos_product_visibility","name":"POS Product visibility"},"pa_color":{"linked":["<a href=\"https:\/\/penosil.com\/lt\/en\/?taxonomy=pa_color&#038;term=sviesiai-geltona\" class=\"advgb-post-tax-term\">\u0160viesiai geltona<\/a>"],"unlinked":["<span class=\"advgb-post-tax-term\">\u0160viesiai geltona<\/span>"],"slug":"pa_color","name":"Product Color"},"pa_package":{"linked":[],"unlinked":[],"slug":"pa_package","name":"Product Package"},"pa_plotis":{"linked":[],"unlinked":[],"slug":"pa_plotis","name":"Product Plotis"},"pa_skersmuo":{"linked":[],"unlinked":[],"slug":"pa_skersmuo","name":"Product Skersmuo"},"translation_priority":{"linked":["<a href=\"https:\/\/penosil.com\/lt\/?taxonomy=translation_priority&#038;term=optional-lt\" class=\"advgb-post-tax-term\">Optional<\/a>"],"unlinked":["<span class=\"advgb-post-tax-term\">Optional<\/span>"],"slug":"translation_priority","name":"Translation Priorities"}},"series_order":"","_links":{"self":[{"href":"https:\/\/penosil.com\/lt\/wp-json\/wp\/v2\/product\/8396","targetHints":{"allow":["GET"]}}],"collection":[{"href":"https:\/\/penosil.com\/lt\/wp-json\/wp\/v2\/product"}],"about":[{"href":"https:\/\/penosil.com\/lt\/wp-json\/wp\/v2\/types\/product"}],"version-history":[{"count":6,"href":"https:\/\/penosil.com\/lt\/wp-json\/wp\/v2\/product\/8396\/revisions"}],"predecessor-version":[{"id":16088,"href":"https:\/\/penosil.com\/lt\/wp-json\/wp\/v2\/product\/8396\/revisions\/16088"}],"wp:featuredmedia":[{"embeddable":true,"href":"https:\/\/penosil.com\/lt\/wp-json\/wp\/v2\/media\/16016"}],"wp:attachment":[{"href":"https:\/\/penosil.com\/lt\/wp-json\/wp\/v2\/media?parent=8396"}],"wp:term":[{"taxonomy":"product_brand","embeddable":true,"href":"https:\/\/penosil.com\/lt\/wp-json\/wp\/v2\/product_brand?post=8396"},{"taxonomy":"product_cat","embeddable":true,"href":"https:\/\/penosil.com\/lt\/wp-json\/wp\/v2\/product_cat?post=8396"},{"taxonomy":"product_tag","embeddable":true,"href":"https:\/\/penosil.com\/lt\/wp-json\/wp\/v2\/product_tag?post=8396"}],"curies":[{"name":"wp","href":"https:\/\/api.w.org\/{rel}","templated":true}]}}