{"id":8423,"date":"2020-04-19T07:27:27","date_gmt":"2020-04-19T07:27:27","guid":{"rendered":"https:\/\/penosil.com\/lt\/?post_type=product&#038;p=8423"},"modified":"2026-04-12T00:03:41","modified_gmt":"2026-04-12T00:03:41","slug":"window-door-elastic-sandarinimo-putos","status":"publish","type":"product","link":"https:\/\/penosil.com\/lt\/produktai\/window-door-elastic-sandarinimo-putos\/","title":{"rendered":"Window &amp; Door Elastic"},"content":{"rendered":"<p>Lengvai naudojamos elastingos lang\u0173 ir dur\u0173 sandarinimo putos langams ir durims montuoti ir sandarinti. Specialiai sukurtos sl\u0117giui neatsparioms ir judan\u010dioms jungtims.<\/p>\n","protected":false},"excerpt":{"rendered":"elastingos lang\u0173 sandarinimo putos","protected":false},"author":5,"featured_media":15959,"template":"","meta":{"_acf_changed":false,"advgb_blocks_editor_width":"","advgb_blocks_columns_visual_guide":"","footnotes":""},"product_brand":[],"product_cat":[1506,1543,2305,2303],"product_tag":[],"class_list":{"0":"post-8423","1":"product","2":"type-product","3":"status-publish","4":"has-post-thumbnail","6":"product_cat-statybines-putos","7":"product_cat-pistoletines-putos","8":"product_cat-langams-ir-durims","9":"product_cat-easypro","11":"first","12":"instock","13":"taxable","14":"shipping-taxable","15":"purchasable","16":"product-type-simple"},"acf":[],"yoast_head":"<!-- This site is optimized with the Yoast SEO plugin v27.2 - https:\/\/yoast.com\/product\/yoast-seo-wordpress\/ -->\n<title>PENOSIL Window &amp; Door Elastic elastingos lang\u0173 sandarinimo putos<\/title>\n<meta name=\"description\" content=\"Elastingos lang\u0173 ir dur\u0173 sandarinimo putos - garso, \u0161ilumos izoliacijos savyb\u0117s. Nulinio poveikio pl\u0117timosi j\u0117ga. Trapi\u0173 konstrukcij\u0173 sandarinimas. Daugiau!\" \/>\n<meta name=\"robots\" content=\"index, follow, max-snippet:-1, max-image-preview:large, max-video-preview:-1\" \/>\n<link rel=\"canonical\" href=\"https:\/\/penosil.com\/lt\/produktai\/window-door-elastic-sandarinimo-putos\/\" \/>\n<meta property=\"og:locale\" content=\"lt_LT\" \/>\n<meta property=\"og:type\" content=\"article\" \/>\n<meta property=\"og:title\" content=\"PENOSIL Window &amp; Door Elastic elastingos lang\u0173 sandarinimo putos\" \/>\n<meta property=\"og:description\" content=\"Elastingos lang\u0173 ir dur\u0173 sandarinimo putos - garso, \u0161ilumos izoliacijos savyb\u0117s. Nulinio poveikio pl\u0117timosi j\u0117ga. Trapi\u0173 konstrukcij\u0173 sandarinimas. Daugiau!\" \/>\n<meta property=\"og:url\" content=\"https:\/\/penosil.com\/lt\/produktai\/window-door-elastic-sandarinimo-putos\/\" \/>\n<meta property=\"og:site_name\" content=\"Penosil Lithuania\" \/>\n<meta property=\"article:modified_time\" content=\"2026-04-12T00:03:41+00:00\" \/>\n<meta property=\"og:image\" content=\"https:\/\/penosil.com\/lt\/wp-content\/uploads\/sites\/13\/2025\/08\/1020_Window_and_Door_gunfoam_LT_EasyPRO.png\" \/>\n\t<meta property=\"og:image:width\" content=\"311\" \/>\n\t<meta property=\"og:image:height\" content=\"1080\" \/>\n\t<meta property=\"og:image:type\" content=\"image\/png\" \/>\n<meta name=\"twitter:card\" content=\"summary_large_image\" \/>\n<script type=\"application\/ld+json\" class=\"yoast-schema-graph\">{\"@context\":\"https:\/\/schema.org\",\"@graph\":[{\"@type\":\"WebPage\",\"@id\":\"https:\/\/penosil.com\/lt\/produktai\/window-door-elastic-sandarinimo-putos\/\",\"url\":\"https:\/\/penosil.com\/lt\/produktai\/window-door-elastic-sandarinimo-putos\/\",\"name\":\"PENOSIL Window & Door Elastic elastingos lang\u0173 sandarinimo putos\",\"isPartOf\":{\"@id\":\"https:\/\/penosil.com\/lt\/#website\"},\"primaryImageOfPage\":{\"@id\":\"https:\/\/penosil.com\/lt\/produktai\/window-door-elastic-sandarinimo-putos\/#primaryimage\"},\"image\":{\"@id\":\"https:\/\/penosil.com\/lt\/produktai\/window-door-elastic-sandarinimo-putos\/#primaryimage\"},\"thumbnailUrl\":\"https:\/\/penosil.com\/lt\/wp-content\/uploads\/sites\/13\/2025\/08\/1020_Window_and_Door_gunfoam_LT_EasyPRO.png\",\"datePublished\":\"2020-04-19T07:27:27+00:00\",\"dateModified\":\"2026-04-12T00:03:41+00:00\",\"description\":\"Elastingos lang\u0173 ir dur\u0173 sandarinimo putos - garso, \u0161ilumos izoliacijos savyb\u0117s. Nulinio poveikio pl\u0117timosi j\u0117ga. Trapi\u0173 konstrukcij\u0173 sandarinimas. Daugiau!\",\"breadcrumb\":{\"@id\":\"https:\/\/penosil.com\/lt\/produktai\/window-door-elastic-sandarinimo-putos\/#breadcrumb\"},\"inLanguage\":\"lt-LT\",\"potentialAction\":[{\"@type\":\"ReadAction\",\"target\":[\"https:\/\/penosil.com\/lt\/produktai\/window-door-elastic-sandarinimo-putos\/\"]}]},{\"@type\":\"ImageObject\",\"inLanguage\":\"lt-LT\",\"@id\":\"https:\/\/penosil.com\/lt\/produktai\/window-door-elastic-sandarinimo-putos\/#primaryimage\",\"url\":\"https:\/\/penosil.com\/lt\/wp-content\/uploads\/sites\/13\/2025\/08\/1020_Window_and_Door_gunfoam_LT_EasyPRO.png\",\"contentUrl\":\"https:\/\/penosil.com\/lt\/wp-content\/uploads\/sites\/13\/2025\/08\/1020_Window_and_Door_gunfoam_LT_EasyPRO.png\",\"width\":311,\"height\":1080,\"caption\":\"PENOSIL Window & Door Elastic elastingos lang\u0173 sandarinimo putos\"},{\"@type\":\"BreadcrumbList\",\"@id\":\"https:\/\/penosil.com\/lt\/produktai\/window-door-elastic-sandarinimo-putos\/#breadcrumb\",\"itemListElement\":[{\"@type\":\"ListItem\",\"position\":1,\"name\":\"Home\",\"item\":\"https:\/\/penosil.com\/lt\/\"},{\"@type\":\"ListItem\",\"position\":2,\"name\":\"Produktai\",\"item\":\"https:\/\/penosil.com\/lt\/produktai\/\"},{\"@type\":\"ListItem\",\"position\":3,\"name\":\"Window &amp; Door Elastic\"}]},{\"@type\":\"WebSite\",\"@id\":\"https:\/\/penosil.com\/lt\/#website\",\"url\":\"https:\/\/penosil.com\/lt\/\",\"name\":\"Penosil Lithuania\",\"description\":\"\",\"potentialAction\":[{\"@type\":\"SearchAction\",\"target\":{\"@type\":\"EntryPoint\",\"urlTemplate\":\"https:\/\/penosil.com\/lt\/?s={search_term_string}\"},\"query-input\":{\"@type\":\"PropertyValueSpecification\",\"valueRequired\":true,\"valueName\":\"search_term_string\"}}],\"inLanguage\":\"lt-LT\"}]}<\/script>\n<!-- \/ Yoast SEO plugin. -->","yoast_head_json":{"title":"PENOSIL Window & Door Elastic elastingos lang\u0173 sandarinimo putos","description":"Elastingos lang\u0173 ir dur\u0173 sandarinimo putos - garso, \u0161ilumos izoliacijos savyb\u0117s. Nulinio poveikio pl\u0117timosi j\u0117ga. Trapi\u0173 konstrukcij\u0173 sandarinimas. Daugiau!","robots":{"index":"index","follow":"follow","max-snippet":"max-snippet:-1","max-image-preview":"max-image-preview:large","max-video-preview":"max-video-preview:-1"},"canonical":"https:\/\/penosil.com\/lt\/produktai\/window-door-elastic-sandarinimo-putos\/","og_locale":"lt_LT","og_type":"article","og_title":"PENOSIL Window & Door Elastic elastingos lang\u0173 sandarinimo putos","og_description":"Elastingos lang\u0173 ir dur\u0173 sandarinimo putos - garso, \u0161ilumos izoliacijos savyb\u0117s. Nulinio poveikio pl\u0117timosi j\u0117ga. Trapi\u0173 konstrukcij\u0173 sandarinimas. Daugiau!","og_url":"https:\/\/penosil.com\/lt\/produktai\/window-door-elastic-sandarinimo-putos\/","og_site_name":"Penosil Lithuania","article_modified_time":"2026-04-12T00:03:41+00:00","og_image":[{"width":311,"height":1080,"url":"https:\/\/penosil.com\/lt\/wp-content\/uploads\/sites\/13\/2025\/08\/1020_Window_and_Door_gunfoam_LT_EasyPRO.png","type":"image\/png"}],"twitter_card":"summary_large_image","schema":{"@context":"https:\/\/schema.org","@graph":[{"@type":"WebPage","@id":"https:\/\/penosil.com\/lt\/produktai\/window-door-elastic-sandarinimo-putos\/","url":"https:\/\/penosil.com\/lt\/produktai\/window-door-elastic-sandarinimo-putos\/","name":"PENOSIL Window & Door Elastic elastingos lang\u0173 sandarinimo putos","isPartOf":{"@id":"https:\/\/penosil.com\/lt\/#website"},"primaryImageOfPage":{"@id":"https:\/\/penosil.com\/lt\/produktai\/window-door-elastic-sandarinimo-putos\/#primaryimage"},"image":{"@id":"https:\/\/penosil.com\/lt\/produktai\/window-door-elastic-sandarinimo-putos\/#primaryimage"},"thumbnailUrl":"https:\/\/penosil.com\/lt\/wp-content\/uploads\/sites\/13\/2025\/08\/1020_Window_and_Door_gunfoam_LT_EasyPRO.png","datePublished":"2020-04-19T07:27:27+00:00","dateModified":"2026-04-12T00:03:41+00:00","description":"Elastingos lang\u0173 ir dur\u0173 sandarinimo putos - garso, \u0161ilumos izoliacijos savyb\u0117s. Nulinio poveikio pl\u0117timosi j\u0117ga. Trapi\u0173 konstrukcij\u0173 sandarinimas. Daugiau!","breadcrumb":{"@id":"https:\/\/penosil.com\/lt\/produktai\/window-door-elastic-sandarinimo-putos\/#breadcrumb"},"inLanguage":"lt-LT","potentialAction":[{"@type":"ReadAction","target":["https:\/\/penosil.com\/lt\/produktai\/window-door-elastic-sandarinimo-putos\/"]}]},{"@type":"ImageObject","inLanguage":"lt-LT","@id":"https:\/\/penosil.com\/lt\/produktai\/window-door-elastic-sandarinimo-putos\/#primaryimage","url":"https:\/\/penosil.com\/lt\/wp-content\/uploads\/sites\/13\/2025\/08\/1020_Window_and_Door_gunfoam_LT_EasyPRO.png","contentUrl":"https:\/\/penosil.com\/lt\/wp-content\/uploads\/sites\/13\/2025\/08\/1020_Window_and_Door_gunfoam_LT_EasyPRO.png","width":311,"height":1080,"caption":"PENOSIL Window & Door Elastic elastingos lang\u0173 sandarinimo putos"},{"@type":"BreadcrumbList","@id":"https:\/\/penosil.com\/lt\/produktai\/window-door-elastic-sandarinimo-putos\/#breadcrumb","itemListElement":[{"@type":"ListItem","position":1,"name":"Home","item":"https:\/\/penosil.com\/lt\/"},{"@type":"ListItem","position":2,"name":"Produktai","item":"https:\/\/penosil.com\/lt\/produktai\/"},{"@type":"ListItem","position":3,"name":"Window &amp; Door Elastic"}]},{"@type":"WebSite","@id":"https:\/\/penosil.com\/lt\/#website","url":"https:\/\/penosil.com\/lt\/","name":"Penosil Lithuania","description":"","potentialAction":[{"@type":"SearchAction","target":{"@type":"EntryPoint","urlTemplate":"https:\/\/penosil.com\/lt\/?s={search_term_string}"},"query-input":{"@type":"PropertyValueSpecification","valueRequired":true,"valueName":"search_term_string"}}],"inLanguage":"lt-LT"}]}},"featured_img":"https:\/\/penosil.com\/lt\/wp-content\/uploads\/sites\/13\/2025\/08\/1020_Window_and_Door_gunfoam_LT_EasyPRO.png","coauthors":[],"author_meta":{"author_link":"https:\/\/penosil.com\/lt\/author\/asta\/","display_name":"Asta Salkauskiene"},"relative_dates":{"created":"Posted 6 metai ago","modified":"Updated 5 val ago"},"absolute_dates":{"created":"Posted on 2020 19 baland\u017eio","modified":"Updated on 2026 12 baland\u017eio"},"absolute_dates_time":{"created":"Posted on 2020 19 baland\u017eio 7:27","modified":"Updated on 2026 12 baland\u017eio 0:03"},"featured_img_caption":"","tax_additional":{"product_brand":{"linked":[],"unlinked":[],"slug":"product_brand","name":"Preki\u0173 \u017eenklai"},"product_type":{"linked":["<a href=\"https:\/\/penosil.com\/lt\/?taxonomy=product_type&#038;term=simple\" class=\"advgb-post-tax-term\">simple<\/a>"],"unlinked":["<span class=\"advgb-post-tax-term\">simple<\/span>"],"slug":"product_type","name":"Produkto tipas"},"product_visibility":{"linked":[],"unlinked":[],"slug":"product_visibility","name":"Produkto matomumas"},"product_cat":{"linked":["<a href=\"https:\/\/penosil.com\/lt\/produkto-kategorija\/produktu-grupes\/statybines-putos\/\" class=\"advgb-post-tax-term\">Statybin\u0117s putos<\/a>","<a href=\"https:\/\/penosil.com\/lt\/produkto-kategorija\/produktu-grupes\/statybines-putos\/pistoletines-putos\/\" class=\"advgb-post-tax-term\">Pistoletin\u0117s putos<\/a>","<a href=\"https:\/\/penosil.com\/lt\/produkto-kategorija\/easypro\/langams-ir-durims\/\" class=\"advgb-post-tax-term\">Langams ir durims<\/a>","<a href=\"https:\/\/penosil.com\/lt\/produkto-kategorija\/easypro\/\" class=\"advgb-post-tax-term\">EasyPRO<\/a>"],"unlinked":["<span class=\"advgb-post-tax-term\">Statybin\u0117s putos<\/span>","<span class=\"advgb-post-tax-term\">Pistoletin\u0117s putos<\/span>","<span class=\"advgb-post-tax-term\">Langams ir durims<\/span>","<span class=\"advgb-post-tax-term\">EasyPRO<\/span>"],"slug":"product_cat","name":"Produkto kategorijos"},"product_tag":{"linked":[],"unlinked":[],"slug":"product_tag","name":"Produkto \u017eyma"},"product_shipping_class":{"linked":[],"unlinked":[],"slug":"product_shipping_class","name":"Produkto pristatymo klas\u0117s"},"pos_product_visibility":{"linked":[],"unlinked":[],"slug":"pos_product_visibility","name":"POS Product visibility"},"pa_color":{"linked":["<a href=\"https:\/\/penosil.com\/lt\/?taxonomy=pa_color&#038;term=zalia\" class=\"advgb-post-tax-term\">\u017dalia<\/a>"],"unlinked":["<span class=\"advgb-post-tax-term\">\u017dalia<\/span>"],"slug":"pa_color","name":"Product Color"},"pa_package":{"linked":[],"unlinked":[],"slug":"pa_package","name":"Product Package"},"pa_plotis":{"linked":[],"unlinked":[],"slug":"pa_plotis","name":"Product Plotis"},"pa_skersmuo":{"linked":[],"unlinked":[],"slug":"pa_skersmuo","name":"Product Skersmuo"},"translation_priority":{"linked":["<a href=\"https:\/\/penosil.com\/lt\/?taxonomy=translation_priority&#038;term=optional-lt\" class=\"advgb-post-tax-term\">Optional<\/a>"],"unlinked":["<span class=\"advgb-post-tax-term\">Optional<\/span>"],"slug":"translation_priority","name":"Translation Priorities"}},"series_order":"","_links":{"self":[{"href":"https:\/\/penosil.com\/lt\/wp-json\/wp\/v2\/product\/8423","targetHints":{"allow":["GET"]}}],"collection":[{"href":"https:\/\/penosil.com\/lt\/wp-json\/wp\/v2\/product"}],"about":[{"href":"https:\/\/penosil.com\/lt\/wp-json\/wp\/v2\/types\/product"}],"version-history":[{"count":9,"href":"https:\/\/penosil.com\/lt\/wp-json\/wp\/v2\/product\/8423\/revisions"}],"predecessor-version":[{"id":16011,"href":"https:\/\/penosil.com\/lt\/wp-json\/wp\/v2\/product\/8423\/revisions\/16011"}],"wp:featuredmedia":[{"embeddable":true,"href":"https:\/\/penosil.com\/lt\/wp-json\/wp\/v2\/media\/15959"}],"wp:attachment":[{"href":"https:\/\/penosil.com\/lt\/wp-json\/wp\/v2\/media?parent=8423"}],"wp:term":[{"taxonomy":"product_brand","embeddable":true,"href":"https:\/\/penosil.com\/lt\/wp-json\/wp\/v2\/product_brand?post=8423"},{"taxonomy":"product_cat","embeddable":true,"href":"https:\/\/penosil.com\/lt\/wp-json\/wp\/v2\/product_cat?post=8423"},{"taxonomy":"product_tag","embeddable":true,"href":"https:\/\/penosil.com\/lt\/wp-json\/wp\/v2\/product_tag?post=8423"}],"curies":[{"name":"wp","href":"https:\/\/api.w.org\/{rel}","templated":true}]}}