{"id":8437,"date":"2020-04-19T08:35:18","date_gmt":"2020-04-19T08:35:18","guid":{"rendered":"https:\/\/penosil.com\/lt\/?post_type=product&#038;p=8437"},"modified":"2026-04-12T00:03:39","modified_gmt":"2026-04-12T00:03:39","slug":"easypro-all-purpose-sandarinimo-putos","status":"publish","type":"product","link":"https:\/\/penosil.com\/lt\/produktai\/easypro-all-purpose-sandarinimo-putos\/","title":{"rendered":"EasyPRO All Purpose"},"content":{"rendered":"<p>Sandarinimo putos su unikaliu aplikatoriumi vis\u0173 jung\u010di\u0173 sandarinimui. Naudojamos su put\u0173 pistoletu arba su pridedamu aplikatoriumi.<\/p>\n","protected":false},"excerpt":{"rendered":"sandarinimo putos vis\u0173 jung\u010di\u0173 sandarinimui","protected":false},"author":5,"featured_media":16023,"template":"","meta":{"_acf_changed":false,"advgb_blocks_editor_width":"","advgb_blocks_columns_visual_guide":"","footnotes":""},"product_brand":[],"product_cat":[1506,2304,1522,2303],"product_tag":[],"class_list":{"0":"post-8437","1":"product","2":"type-product","3":"status-publish","4":"has-post-thumbnail","6":"product_cat-statybines-putos","7":"product_cat-visoms-paskirtims","8":"product_cat-easygun-putos","9":"product_cat-easypro","11":"first","12":"instock","13":"taxable","14":"shipping-taxable","15":"purchasable","16":"product-type-simple"},"acf":[],"yoast_head":"<!-- This site is optimized with the Yoast SEO plugin v27.2 - https:\/\/yoast.com\/product\/yoast-seo-wordpress\/ -->\n<title>PENOSIL EasyPRO All Purpose putos vis\u0173 jung\u010di\u0173 sandarinimui<\/title>\n<meta name=\"description\" content=\"Sandarinimo putos vis\u0173 jung\u010di\u0173 sandarinimui su unikaliu \u201eEasyGun\u201c aplikatoriumi. Didel\u0117 i\u0161eiga, gera garso ir \u0161ilumos izoliacija. Su\u017einokite daugiau!\" \/>\n<meta name=\"robots\" content=\"index, follow, max-snippet:-1, max-image-preview:large, max-video-preview:-1\" \/>\n<link rel=\"canonical\" href=\"https:\/\/penosil.com\/lt\/produktai\/easypro-all-purpose-sandarinimo-putos\/\" \/>\n<meta property=\"og:locale\" content=\"lt_LT\" \/>\n<meta property=\"og:type\" content=\"article\" \/>\n<meta property=\"og:title\" content=\"PENOSIL EasyPRO All Purpose putos vis\u0173 jung\u010di\u0173 sandarinimui\" \/>\n<meta property=\"og:description\" content=\"Sandarinimo putos vis\u0173 jung\u010di\u0173 sandarinimui su unikaliu \u201eEasyGun\u201c aplikatoriumi. Didel\u0117 i\u0161eiga, gera garso ir \u0161ilumos izoliacija. Su\u017einokite daugiau!\" \/>\n<meta property=\"og:url\" content=\"https:\/\/penosil.com\/lt\/produktai\/easypro-all-purpose-sandarinimo-putos\/\" \/>\n<meta property=\"og:site_name\" content=\"Penosil Lithuania\" \/>\n<meta property=\"article:modified_time\" content=\"2026-04-12T00:03:39+00:00\" \/>\n<meta property=\"og:image\" content=\"https:\/\/penosil.com\/lt\/wp-content\/uploads\/sites\/13\/2025\/08\/1010_EasyPRO_All_Purpose_foam_LT_EasyPRO.png\" \/>\n\t<meta property=\"og:image:width\" content=\"432\" \/>\n\t<meta property=\"og:image:height\" content=\"1080\" \/>\n\t<meta property=\"og:image:type\" content=\"image\/png\" \/>\n<meta name=\"twitter:card\" content=\"summary_large_image\" \/>\n<script type=\"application\/ld+json\" class=\"yoast-schema-graph\">{\"@context\":\"https:\/\/schema.org\",\"@graph\":[{\"@type\":\"WebPage\",\"@id\":\"https:\/\/penosil.com\/lt\/produktai\/easypro-all-purpose-sandarinimo-putos\/\",\"url\":\"https:\/\/penosil.com\/lt\/produktai\/easypro-all-purpose-sandarinimo-putos\/\",\"name\":\"PENOSIL EasyPRO All Purpose putos vis\u0173 jung\u010di\u0173 sandarinimui\",\"isPartOf\":{\"@id\":\"https:\/\/penosil.com\/lt\/#website\"},\"primaryImageOfPage\":{\"@id\":\"https:\/\/penosil.com\/lt\/produktai\/easypro-all-purpose-sandarinimo-putos\/#primaryimage\"},\"image\":{\"@id\":\"https:\/\/penosil.com\/lt\/produktai\/easypro-all-purpose-sandarinimo-putos\/#primaryimage\"},\"thumbnailUrl\":\"https:\/\/penosil.com\/lt\/wp-content\/uploads\/sites\/13\/2025\/08\/1010_EasyPRO_All_Purpose_foam_LT_EasyPRO.png\",\"datePublished\":\"2020-04-19T08:35:18+00:00\",\"dateModified\":\"2026-04-12T00:03:39+00:00\",\"description\":\"Sandarinimo putos vis\u0173 jung\u010di\u0173 sandarinimui su unikaliu \u201eEasyGun\u201c aplikatoriumi. Didel\u0117 i\u0161eiga, gera garso ir \u0161ilumos izoliacija. Su\u017einokite daugiau!\",\"breadcrumb\":{\"@id\":\"https:\/\/penosil.com\/lt\/produktai\/easypro-all-purpose-sandarinimo-putos\/#breadcrumb\"},\"inLanguage\":\"lt-LT\",\"potentialAction\":[{\"@type\":\"ReadAction\",\"target\":[\"https:\/\/penosil.com\/lt\/produktai\/easypro-all-purpose-sandarinimo-putos\/\"]}]},{\"@type\":\"ImageObject\",\"inLanguage\":\"lt-LT\",\"@id\":\"https:\/\/penosil.com\/lt\/produktai\/easypro-all-purpose-sandarinimo-putos\/#primaryimage\",\"url\":\"https:\/\/penosil.com\/lt\/wp-content\/uploads\/sites\/13\/2025\/08\/1010_EasyPRO_All_Purpose_foam_LT_EasyPRO.png\",\"contentUrl\":\"https:\/\/penosil.com\/lt\/wp-content\/uploads\/sites\/13\/2025\/08\/1010_EasyPRO_All_Purpose_foam_LT_EasyPRO.png\",\"width\":432,\"height\":1080,\"caption\":\"PENOSIL EasyPRO All Purpose statybin\u0117s putos vis\u0173 jung\u010di\u0173 sandarinimui\"},{\"@type\":\"BreadcrumbList\",\"@id\":\"https:\/\/penosil.com\/lt\/produktai\/easypro-all-purpose-sandarinimo-putos\/#breadcrumb\",\"itemListElement\":[{\"@type\":\"ListItem\",\"position\":1,\"name\":\"Home\",\"item\":\"https:\/\/penosil.com\/lt\/\"},{\"@type\":\"ListItem\",\"position\":2,\"name\":\"Produktai\",\"item\":\"https:\/\/penosil.com\/lt\/produktai\/\"},{\"@type\":\"ListItem\",\"position\":3,\"name\":\"EasyPRO All Purpose\"}]},{\"@type\":\"WebSite\",\"@id\":\"https:\/\/penosil.com\/lt\/#website\",\"url\":\"https:\/\/penosil.com\/lt\/\",\"name\":\"Penosil Lithuania\",\"description\":\"\",\"potentialAction\":[{\"@type\":\"SearchAction\",\"target\":{\"@type\":\"EntryPoint\",\"urlTemplate\":\"https:\/\/penosil.com\/lt\/?s={search_term_string}\"},\"query-input\":{\"@type\":\"PropertyValueSpecification\",\"valueRequired\":true,\"valueName\":\"search_term_string\"}}],\"inLanguage\":\"lt-LT\"}]}<\/script>\n<!-- \/ Yoast SEO plugin. -->","yoast_head_json":{"title":"PENOSIL EasyPRO All Purpose putos vis\u0173 jung\u010di\u0173 sandarinimui","description":"Sandarinimo putos vis\u0173 jung\u010di\u0173 sandarinimui su unikaliu \u201eEasyGun\u201c aplikatoriumi. Didel\u0117 i\u0161eiga, gera garso ir \u0161ilumos izoliacija. Su\u017einokite daugiau!","robots":{"index":"index","follow":"follow","max-snippet":"max-snippet:-1","max-image-preview":"max-image-preview:large","max-video-preview":"max-video-preview:-1"},"canonical":"https:\/\/penosil.com\/lt\/produktai\/easypro-all-purpose-sandarinimo-putos\/","og_locale":"lt_LT","og_type":"article","og_title":"PENOSIL EasyPRO All Purpose putos vis\u0173 jung\u010di\u0173 sandarinimui","og_description":"Sandarinimo putos vis\u0173 jung\u010di\u0173 sandarinimui su unikaliu \u201eEasyGun\u201c aplikatoriumi. Didel\u0117 i\u0161eiga, gera garso ir \u0161ilumos izoliacija. Su\u017einokite daugiau!","og_url":"https:\/\/penosil.com\/lt\/produktai\/easypro-all-purpose-sandarinimo-putos\/","og_site_name":"Penosil Lithuania","article_modified_time":"2026-04-12T00:03:39+00:00","og_image":[{"width":432,"height":1080,"url":"https:\/\/penosil.com\/lt\/wp-content\/uploads\/sites\/13\/2025\/08\/1010_EasyPRO_All_Purpose_foam_LT_EasyPRO.png","type":"image\/png"}],"twitter_card":"summary_large_image","schema":{"@context":"https:\/\/schema.org","@graph":[{"@type":"WebPage","@id":"https:\/\/penosil.com\/lt\/produktai\/easypro-all-purpose-sandarinimo-putos\/","url":"https:\/\/penosil.com\/lt\/produktai\/easypro-all-purpose-sandarinimo-putos\/","name":"PENOSIL EasyPRO All Purpose putos vis\u0173 jung\u010di\u0173 sandarinimui","isPartOf":{"@id":"https:\/\/penosil.com\/lt\/#website"},"primaryImageOfPage":{"@id":"https:\/\/penosil.com\/lt\/produktai\/easypro-all-purpose-sandarinimo-putos\/#primaryimage"},"image":{"@id":"https:\/\/penosil.com\/lt\/produktai\/easypro-all-purpose-sandarinimo-putos\/#primaryimage"},"thumbnailUrl":"https:\/\/penosil.com\/lt\/wp-content\/uploads\/sites\/13\/2025\/08\/1010_EasyPRO_All_Purpose_foam_LT_EasyPRO.png","datePublished":"2020-04-19T08:35:18+00:00","dateModified":"2026-04-12T00:03:39+00:00","description":"Sandarinimo putos vis\u0173 jung\u010di\u0173 sandarinimui su unikaliu \u201eEasyGun\u201c aplikatoriumi. Didel\u0117 i\u0161eiga, gera garso ir \u0161ilumos izoliacija. Su\u017einokite daugiau!","breadcrumb":{"@id":"https:\/\/penosil.com\/lt\/produktai\/easypro-all-purpose-sandarinimo-putos\/#breadcrumb"},"inLanguage":"lt-LT","potentialAction":[{"@type":"ReadAction","target":["https:\/\/penosil.com\/lt\/produktai\/easypro-all-purpose-sandarinimo-putos\/"]}]},{"@type":"ImageObject","inLanguage":"lt-LT","@id":"https:\/\/penosil.com\/lt\/produktai\/easypro-all-purpose-sandarinimo-putos\/#primaryimage","url":"https:\/\/penosil.com\/lt\/wp-content\/uploads\/sites\/13\/2025\/08\/1010_EasyPRO_All_Purpose_foam_LT_EasyPRO.png","contentUrl":"https:\/\/penosil.com\/lt\/wp-content\/uploads\/sites\/13\/2025\/08\/1010_EasyPRO_All_Purpose_foam_LT_EasyPRO.png","width":432,"height":1080,"caption":"PENOSIL EasyPRO All Purpose statybin\u0117s putos vis\u0173 jung\u010di\u0173 sandarinimui"},{"@type":"BreadcrumbList","@id":"https:\/\/penosil.com\/lt\/produktai\/easypro-all-purpose-sandarinimo-putos\/#breadcrumb","itemListElement":[{"@type":"ListItem","position":1,"name":"Home","item":"https:\/\/penosil.com\/lt\/"},{"@type":"ListItem","position":2,"name":"Produktai","item":"https:\/\/penosil.com\/lt\/produktai\/"},{"@type":"ListItem","position":3,"name":"EasyPRO All Purpose"}]},{"@type":"WebSite","@id":"https:\/\/penosil.com\/lt\/#website","url":"https:\/\/penosil.com\/lt\/","name":"Penosil Lithuania","description":"","potentialAction":[{"@type":"SearchAction","target":{"@type":"EntryPoint","urlTemplate":"https:\/\/penosil.com\/lt\/?s={search_term_string}"},"query-input":{"@type":"PropertyValueSpecification","valueRequired":true,"valueName":"search_term_string"}}],"inLanguage":"lt-LT"}]}},"featured_img":"https:\/\/penosil.com\/lt\/wp-content\/uploads\/sites\/13\/2025\/08\/1010_EasyPRO_All_Purpose_foam_LT_EasyPRO.png","coauthors":[],"author_meta":{"author_link":"https:\/\/penosil.com\/lt\/author\/asta\/","display_name":"Asta Salkauskiene"},"relative_dates":{"created":"Posted 6 metai ago","modified":"Updated 7 val ago"},"absolute_dates":{"created":"Posted on 2020 19 baland\u017eio","modified":"Updated on 2026 12 baland\u017eio"},"absolute_dates_time":{"created":"Posted on 2020 19 baland\u017eio 8:35","modified":"Updated on 2026 12 baland\u017eio 0:03"},"featured_img_caption":"","tax_additional":{"product_brand":{"linked":[],"unlinked":[],"slug":"product_brand","name":"Preki\u0173 \u017eenklai"},"product_type":{"linked":["<a href=\"https:\/\/penosil.com\/lt\/?taxonomy=product_type&#038;term=simple\" class=\"advgb-post-tax-term\">simple<\/a>"],"unlinked":["<span class=\"advgb-post-tax-term\">simple<\/span>"],"slug":"product_type","name":"Produkto tipas"},"product_visibility":{"linked":[],"unlinked":[],"slug":"product_visibility","name":"Produkto matomumas"},"product_cat":{"linked":["<a href=\"https:\/\/penosil.com\/lt\/produkto-kategorija\/produktu-grupes\/statybines-putos\/\" class=\"advgb-post-tax-term\">Statybin\u0117s putos<\/a>","<a href=\"https:\/\/penosil.com\/lt\/produkto-kategorija\/easypro\/visoms-paskirtims\/\" class=\"advgb-post-tax-term\">Visoms paskirtims<\/a>","<a href=\"https:\/\/penosil.com\/lt\/produkto-kategorija\/produktu-grupes\/statybines-putos\/easygun-putos\/\" class=\"advgb-post-tax-term\">Easygun putos<\/a>","<a href=\"https:\/\/penosil.com\/lt\/produkto-kategorija\/easypro\/\" class=\"advgb-post-tax-term\">EasyPRO<\/a>"],"unlinked":["<span class=\"advgb-post-tax-term\">Statybin\u0117s putos<\/span>","<span class=\"advgb-post-tax-term\">Visoms paskirtims<\/span>","<span class=\"advgb-post-tax-term\">Easygun putos<\/span>","<span class=\"advgb-post-tax-term\">EasyPRO<\/span>"],"slug":"product_cat","name":"Produkto kategorijos"},"product_tag":{"linked":[],"unlinked":[],"slug":"product_tag","name":"Produkto \u017eyma"},"product_shipping_class":{"linked":[],"unlinked":[],"slug":"product_shipping_class","name":"Produkto pristatymo klas\u0117s"},"pos_product_visibility":{"linked":[],"unlinked":[],"slug":"pos_product_visibility","name":"POS Product visibility"},"pa_color":{"linked":["<a href=\"https:\/\/penosil.com\/lt\/en\/?taxonomy=pa_color&#038;term=sviesiai-geltona\" class=\"advgb-post-tax-term\">\u0160viesiai geltona<\/a>"],"unlinked":["<span class=\"advgb-post-tax-term\">\u0160viesiai geltona<\/span>"],"slug":"pa_color","name":"Product Color"},"pa_package":{"linked":[],"unlinked":[],"slug":"pa_package","name":"Product Package"},"pa_plotis":{"linked":[],"unlinked":[],"slug":"pa_plotis","name":"Product Plotis"},"pa_skersmuo":{"linked":[],"unlinked":[],"slug":"pa_skersmuo","name":"Product Skersmuo"},"translation_priority":{"linked":["<a href=\"https:\/\/penosil.com\/lt\/?taxonomy=translation_priority&#038;term=optional-lt\" class=\"advgb-post-tax-term\">Optional<\/a>"],"unlinked":["<span class=\"advgb-post-tax-term\">Optional<\/span>"],"slug":"translation_priority","name":"Translation Priorities"}},"series_order":"","_links":{"self":[{"href":"https:\/\/penosil.com\/lt\/wp-json\/wp\/v2\/product\/8437","targetHints":{"allow":["GET"]}}],"collection":[{"href":"https:\/\/penosil.com\/lt\/wp-json\/wp\/v2\/product"}],"about":[{"href":"https:\/\/penosil.com\/lt\/wp-json\/wp\/v2\/types\/product"}],"version-history":[{"count":5,"href":"https:\/\/penosil.com\/lt\/wp-json\/wp\/v2\/product\/8437\/revisions"}],"predecessor-version":[{"id":16049,"href":"https:\/\/penosil.com\/lt\/wp-json\/wp\/v2\/product\/8437\/revisions\/16049"}],"wp:featuredmedia":[{"embeddable":true,"href":"https:\/\/penosil.com\/lt\/wp-json\/wp\/v2\/media\/16023"}],"wp:attachment":[{"href":"https:\/\/penosil.com\/lt\/wp-json\/wp\/v2\/media?parent=8437"}],"wp:term":[{"taxonomy":"product_brand","embeddable":true,"href":"https:\/\/penosil.com\/lt\/wp-json\/wp\/v2\/product_brand?post=8437"},{"taxonomy":"product_cat","embeddable":true,"href":"https:\/\/penosil.com\/lt\/wp-json\/wp\/v2\/product_cat?post=8437"},{"taxonomy":"product_tag","embeddable":true,"href":"https:\/\/penosil.com\/lt\/wp-json\/wp\/v2\/product_tag?post=8437"}],"curies":[{"name":"wp","href":"https:\/\/api.w.org\/{rel}","templated":true}]}}