{"id":8488,"date":"2020-04-25T08:13:43","date_gmt":"2020-04-25T08:13:43","guid":{"rendered":"https:\/\/penosil.com\/lt\/?post_type=product&#038;p=8488"},"modified":"2026-04-12T00:03:40","modified_gmt":"2026-04-12T00:03:40","slug":"rooffacade-elastic-stogu-fasadu-hermetikas","status":"publish","type":"product","link":"https:\/\/penosil.com\/lt\/produktai\/rooffacade-elastic-stogu-fasadu-hermetikas\/","title":{"rendered":"Roof&amp;Facade Elastic"},"content":{"rendered":"<p align=\"LEFT\">Hibridinis, elastingas stog\u0173 ir fasad\u0173 hermetikas lauko darbams ir renovacijai.<\/p>\n","protected":false},"excerpt":{"rendered":"elastingas stog\u0173 ir fasad\u0173 hermetikas","protected":false},"author":5,"featured_media":15969,"template":"","meta":{"_acf_changed":false,"advgb_blocks_editor_width":"","advgb_blocks_columns_visual_guide":"","footnotes":""},"product_brand":[],"product_cat":[1608,2306,2364,2303],"product_tag":[],"class_list":{"0":"post-8488","1":"product","2":"type-product","3":"status-publish","4":"has-post-thumbnail","6":"product_cat-hermetikai-ir-mastikos","7":"product_cat-stogams-ir-fasadams","8":"product_cat-hibridiniai-hermetikai","9":"product_cat-easypro","11":"first","12":"instock","13":"taxable","14":"shipping-taxable","15":"purchasable","16":"product-type-variable","17":"has-default-attributes"},"acf":[],"yoast_head":"<!-- This site is optimized with the Yoast SEO plugin v27.2 - https:\/\/yoast.com\/product\/yoast-seo-wordpress\/ -->\n<title>PENOSIL Roof&amp;Facade Elastic elastingas stog\u0173 hermetikas<\/title>\n<meta name=\"description\" content=\"Hibridinis, elastingas stog\u0173 ir fasad\u0173 hermetikas greitai stigsta. Po 2 valand\u0173 atsparus lietui, sukimba ir su dr\u0117gnais pavir\u0161iais, da\u017eomas. Daugiau!\" \/>\n<meta name=\"robots\" content=\"index, follow, max-snippet:-1, max-image-preview:large, max-video-preview:-1\" \/>\n<link rel=\"canonical\" href=\"https:\/\/penosil.com\/lt\/produktai\/rooffacade-elastic-stogu-fasadu-hermetikas\/\" \/>\n<meta property=\"og:locale\" content=\"lt_LT\" \/>\n<meta property=\"og:type\" content=\"article\" \/>\n<meta property=\"og:title\" content=\"PENOSIL Roof&amp;Facade Elastic elastingas stog\u0173 hermetikas\" \/>\n<meta property=\"og:description\" content=\"Hibridinis, elastingas stog\u0173 ir fasad\u0173 hermetikas greitai stigsta. Po 2 valand\u0173 atsparus lietui, sukimba ir su dr\u0117gnais pavir\u0161iais, da\u017eomas. Daugiau!\" \/>\n<meta property=\"og:url\" content=\"https:\/\/penosil.com\/lt\/produktai\/rooffacade-elastic-stogu-fasadu-hermetikas\/\" \/>\n<meta property=\"og:site_name\" content=\"Penosil Lithuania\" \/>\n<meta property=\"article:modified_time\" content=\"2026-04-12T00:03:40+00:00\" \/>\n<meta property=\"og:image\" content=\"https:\/\/penosil.com\/lt\/wp-content\/uploads\/sites\/13\/2025\/08\/1041_Roof_and_Facade_grey_LT_EasyPRO.png\" \/>\n\t<meta property=\"og:image:width\" content=\"360\" \/>\n\t<meta property=\"og:image:height\" content=\"1080\" \/>\n\t<meta property=\"og:image:type\" content=\"image\/png\" \/>\n<meta name=\"twitter:card\" content=\"summary_large_image\" \/>\n<script type=\"application\/ld+json\" class=\"yoast-schema-graph\">{\"@context\":\"https:\/\/schema.org\",\"@graph\":[{\"@type\":\"WebPage\",\"@id\":\"https:\/\/penosil.com\/lt\/produktai\/rooffacade-elastic-stogu-fasadu-hermetikas\/\",\"url\":\"https:\/\/penosil.com\/lt\/produktai\/rooffacade-elastic-stogu-fasadu-hermetikas\/\",\"name\":\"PENOSIL Roof&Facade Elastic elastingas stog\u0173 hermetikas\",\"isPartOf\":{\"@id\":\"https:\/\/penosil.com\/lt\/#website\"},\"primaryImageOfPage\":{\"@id\":\"https:\/\/penosil.com\/lt\/produktai\/rooffacade-elastic-stogu-fasadu-hermetikas\/#primaryimage\"},\"image\":{\"@id\":\"https:\/\/penosil.com\/lt\/produktai\/rooffacade-elastic-stogu-fasadu-hermetikas\/#primaryimage\"},\"thumbnailUrl\":\"https:\/\/penosil.com\/lt\/wp-content\/uploads\/sites\/13\/2025\/08\/1041_Roof_and_Facade_grey_LT_EasyPRO.png\",\"datePublished\":\"2020-04-25T08:13:43+00:00\",\"dateModified\":\"2026-04-12T00:03:40+00:00\",\"description\":\"Hibridinis, elastingas stog\u0173 ir fasad\u0173 hermetikas greitai stigsta. Po 2 valand\u0173 atsparus lietui, sukimba ir su dr\u0117gnais pavir\u0161iais, da\u017eomas. Daugiau!\",\"breadcrumb\":{\"@id\":\"https:\/\/penosil.com\/lt\/produktai\/rooffacade-elastic-stogu-fasadu-hermetikas\/#breadcrumb\"},\"inLanguage\":\"lt-LT\",\"potentialAction\":[{\"@type\":\"ReadAction\",\"target\":[\"https:\/\/penosil.com\/lt\/produktai\/rooffacade-elastic-stogu-fasadu-hermetikas\/\"]}]},{\"@type\":\"ImageObject\",\"inLanguage\":\"lt-LT\",\"@id\":\"https:\/\/penosil.com\/lt\/produktai\/rooffacade-elastic-stogu-fasadu-hermetikas\/#primaryimage\",\"url\":\"https:\/\/penosil.com\/lt\/wp-content\/uploads\/sites\/13\/2025\/08\/1041_Roof_and_Facade_grey_LT_EasyPRO.png\",\"contentUrl\":\"https:\/\/penosil.com\/lt\/wp-content\/uploads\/sites\/13\/2025\/08\/1041_Roof_and_Facade_grey_LT_EasyPRO.png\",\"width\":360,\"height\":1080,\"caption\":\"PENOSIL Roof&Facade Elastic elastingas stog\u0173 ir fasad\u0173 hermetikas pilkas\"},{\"@type\":\"BreadcrumbList\",\"@id\":\"https:\/\/penosil.com\/lt\/produktai\/rooffacade-elastic-stogu-fasadu-hermetikas\/#breadcrumb\",\"itemListElement\":[{\"@type\":\"ListItem\",\"position\":1,\"name\":\"Home\",\"item\":\"https:\/\/penosil.com\/lt\/\"},{\"@type\":\"ListItem\",\"position\":2,\"name\":\"Produktai\",\"item\":\"https:\/\/penosil.com\/lt\/produktai\/\"},{\"@type\":\"ListItem\",\"position\":3,\"name\":\"Roof&amp;Facade Elastic\"}]},{\"@type\":\"WebSite\",\"@id\":\"https:\/\/penosil.com\/lt\/#website\",\"url\":\"https:\/\/penosil.com\/lt\/\",\"name\":\"Penosil Lithuania\",\"description\":\"\",\"potentialAction\":[{\"@type\":\"SearchAction\",\"target\":{\"@type\":\"EntryPoint\",\"urlTemplate\":\"https:\/\/penosil.com\/lt\/?s={search_term_string}\"},\"query-input\":{\"@type\":\"PropertyValueSpecification\",\"valueRequired\":true,\"valueName\":\"search_term_string\"}}],\"inLanguage\":\"lt-LT\"}]}<\/script>\n<!-- \/ Yoast SEO plugin. -->","yoast_head_json":{"title":"PENOSIL Roof&Facade Elastic elastingas stog\u0173 hermetikas","description":"Hibridinis, elastingas stog\u0173 ir fasad\u0173 hermetikas greitai stigsta. Po 2 valand\u0173 atsparus lietui, sukimba ir su dr\u0117gnais pavir\u0161iais, da\u017eomas. Daugiau!","robots":{"index":"index","follow":"follow","max-snippet":"max-snippet:-1","max-image-preview":"max-image-preview:large","max-video-preview":"max-video-preview:-1"},"canonical":"https:\/\/penosil.com\/lt\/produktai\/rooffacade-elastic-stogu-fasadu-hermetikas\/","og_locale":"lt_LT","og_type":"article","og_title":"PENOSIL Roof&Facade Elastic elastingas stog\u0173 hermetikas","og_description":"Hibridinis, elastingas stog\u0173 ir fasad\u0173 hermetikas greitai stigsta. Po 2 valand\u0173 atsparus lietui, sukimba ir su dr\u0117gnais pavir\u0161iais, da\u017eomas. Daugiau!","og_url":"https:\/\/penosil.com\/lt\/produktai\/rooffacade-elastic-stogu-fasadu-hermetikas\/","og_site_name":"Penosil Lithuania","article_modified_time":"2026-04-12T00:03:40+00:00","og_image":[{"width":360,"height":1080,"url":"https:\/\/penosil.com\/lt\/wp-content\/uploads\/sites\/13\/2025\/08\/1041_Roof_and_Facade_grey_LT_EasyPRO.png","type":"image\/png"}],"twitter_card":"summary_large_image","schema":{"@context":"https:\/\/schema.org","@graph":[{"@type":"WebPage","@id":"https:\/\/penosil.com\/lt\/produktai\/rooffacade-elastic-stogu-fasadu-hermetikas\/","url":"https:\/\/penosil.com\/lt\/produktai\/rooffacade-elastic-stogu-fasadu-hermetikas\/","name":"PENOSIL Roof&Facade Elastic elastingas stog\u0173 hermetikas","isPartOf":{"@id":"https:\/\/penosil.com\/lt\/#website"},"primaryImageOfPage":{"@id":"https:\/\/penosil.com\/lt\/produktai\/rooffacade-elastic-stogu-fasadu-hermetikas\/#primaryimage"},"image":{"@id":"https:\/\/penosil.com\/lt\/produktai\/rooffacade-elastic-stogu-fasadu-hermetikas\/#primaryimage"},"thumbnailUrl":"https:\/\/penosil.com\/lt\/wp-content\/uploads\/sites\/13\/2025\/08\/1041_Roof_and_Facade_grey_LT_EasyPRO.png","datePublished":"2020-04-25T08:13:43+00:00","dateModified":"2026-04-12T00:03:40+00:00","description":"Hibridinis, elastingas stog\u0173 ir fasad\u0173 hermetikas greitai stigsta. Po 2 valand\u0173 atsparus lietui, sukimba ir su dr\u0117gnais pavir\u0161iais, da\u017eomas. Daugiau!","breadcrumb":{"@id":"https:\/\/penosil.com\/lt\/produktai\/rooffacade-elastic-stogu-fasadu-hermetikas\/#breadcrumb"},"inLanguage":"lt-LT","potentialAction":[{"@type":"ReadAction","target":["https:\/\/penosil.com\/lt\/produktai\/rooffacade-elastic-stogu-fasadu-hermetikas\/"]}]},{"@type":"ImageObject","inLanguage":"lt-LT","@id":"https:\/\/penosil.com\/lt\/produktai\/rooffacade-elastic-stogu-fasadu-hermetikas\/#primaryimage","url":"https:\/\/penosil.com\/lt\/wp-content\/uploads\/sites\/13\/2025\/08\/1041_Roof_and_Facade_grey_LT_EasyPRO.png","contentUrl":"https:\/\/penosil.com\/lt\/wp-content\/uploads\/sites\/13\/2025\/08\/1041_Roof_and_Facade_grey_LT_EasyPRO.png","width":360,"height":1080,"caption":"PENOSIL Roof&Facade Elastic elastingas stog\u0173 ir fasad\u0173 hermetikas pilkas"},{"@type":"BreadcrumbList","@id":"https:\/\/penosil.com\/lt\/produktai\/rooffacade-elastic-stogu-fasadu-hermetikas\/#breadcrumb","itemListElement":[{"@type":"ListItem","position":1,"name":"Home","item":"https:\/\/penosil.com\/lt\/"},{"@type":"ListItem","position":2,"name":"Produktai","item":"https:\/\/penosil.com\/lt\/produktai\/"},{"@type":"ListItem","position":3,"name":"Roof&amp;Facade Elastic"}]},{"@type":"WebSite","@id":"https:\/\/penosil.com\/lt\/#website","url":"https:\/\/penosil.com\/lt\/","name":"Penosil Lithuania","description":"","potentialAction":[{"@type":"SearchAction","target":{"@type":"EntryPoint","urlTemplate":"https:\/\/penosil.com\/lt\/?s={search_term_string}"},"query-input":{"@type":"PropertyValueSpecification","valueRequired":true,"valueName":"search_term_string"}}],"inLanguage":"lt-LT"}]}},"featured_img":"https:\/\/penosil.com\/lt\/wp-content\/uploads\/sites\/13\/2025\/08\/1041_Roof_and_Facade_grey_LT_EasyPRO.png","coauthors":[],"author_meta":{"author_link":"https:\/\/penosil.com\/lt\/author\/asta\/","display_name":"Asta Salkauskiene"},"relative_dates":{"created":"Posted 6 metai ago","modified":"Updated 5 val ago"},"absolute_dates":{"created":"Posted on 2020 25 baland\u017eio","modified":"Updated on 2026 12 baland\u017eio"},"absolute_dates_time":{"created":"Posted on 2020 25 baland\u017eio 8:13","modified":"Updated on 2026 12 baland\u017eio 0:03"},"featured_img_caption":"","tax_additional":{"product_brand":{"linked":[],"unlinked":[],"slug":"product_brand","name":"Preki\u0173 \u017eenklai"},"product_type":{"linked":["<a href=\"https:\/\/penosil.com\/lt\/?taxonomy=product_type&#038;term=variable\" class=\"advgb-post-tax-term\">variable<\/a>"],"unlinked":["<span class=\"advgb-post-tax-term\">variable<\/span>"],"slug":"product_type","name":"Produkto tipas"},"product_visibility":{"linked":[],"unlinked":[],"slug":"product_visibility","name":"Produkto matomumas"},"product_cat":{"linked":["<a href=\"https:\/\/penosil.com\/lt\/produkto-kategorija\/produktu-grupes\/hermetikai-ir-mastikos\/\" class=\"advgb-post-tax-term\">Hermetikai ir mastikos<\/a>","<a href=\"https:\/\/penosil.com\/lt\/produkto-kategorija\/easypro\/stogams-ir-fasadams\/\" class=\"advgb-post-tax-term\">Stogams ir fasadams<\/a>","<a href=\"https:\/\/penosil.com\/lt\/produkto-kategorija\/produktu-grupes\/hermetikai-ir-mastikos\/hibridiniai-hermetikai\/\" class=\"advgb-post-tax-term\">Hibridiniai hermetikai<\/a>","<a href=\"https:\/\/penosil.com\/lt\/produkto-kategorija\/easypro\/\" class=\"advgb-post-tax-term\">EasyPRO<\/a>"],"unlinked":["<span class=\"advgb-post-tax-term\">Hermetikai ir mastikos<\/span>","<span class=\"advgb-post-tax-term\">Stogams ir fasadams<\/span>","<span class=\"advgb-post-tax-term\">Hibridiniai hermetikai<\/span>","<span class=\"advgb-post-tax-term\">EasyPRO<\/span>"],"slug":"product_cat","name":"Produkto kategorijos"},"product_tag":{"linked":[],"unlinked":[],"slug":"product_tag","name":"Produkto \u017eyma"},"product_shipping_class":{"linked":[],"unlinked":[],"slug":"product_shipping_class","name":"Produkto pristatymo klas\u0117s"},"pos_product_visibility":{"linked":[],"unlinked":[],"slug":"pos_product_visibility","name":"POS Product visibility"},"pa_color":{"linked":["<a href=\"https:\/\/penosil.com\/lt\/en\/?taxonomy=pa_color&#038;term=juoda\" class=\"advgb-post-tax-term\">Juoda<\/a>","<a href=\"https:\/\/penosil.com\/lt\/en\/?taxonomy=pa_color&#038;term=pilka\" class=\"advgb-post-tax-term\">Pilka<\/a>","<a href=\"https:\/\/penosil.com\/lt\/?taxonomy=pa_color&#038;term=ruda\" class=\"advgb-post-tax-term\">Ruda<\/a>"],"unlinked":["<span class=\"advgb-post-tax-term\">Juoda<\/span>","<span class=\"advgb-post-tax-term\">Pilka<\/span>","<span class=\"advgb-post-tax-term\">Ruda<\/span>"],"slug":"pa_color","name":"Product Color"},"pa_package":{"linked":["<a href=\"https:\/\/penosil.com\/lt\/?taxonomy=pa_package&#038;term=290-ml\" class=\"advgb-post-tax-term\">290 ml<\/a>"],"unlinked":["<span class=\"advgb-post-tax-term\">290 ml<\/span>"],"slug":"pa_package","name":"Product Package"},"pa_plotis":{"linked":[],"unlinked":[],"slug":"pa_plotis","name":"Product Plotis"},"pa_skersmuo":{"linked":[],"unlinked":[],"slug":"pa_skersmuo","name":"Product Skersmuo"},"translation_priority":{"linked":["<a href=\"https:\/\/penosil.com\/lt\/?taxonomy=translation_priority&#038;term=optional-lt\" class=\"advgb-post-tax-term\">Optional<\/a>"],"unlinked":["<span class=\"advgb-post-tax-term\">Optional<\/span>"],"slug":"translation_priority","name":"Translation Priorities"}},"series_order":"","_links":{"self":[{"href":"https:\/\/penosil.com\/lt\/wp-json\/wp\/v2\/product\/8488","targetHints":{"allow":["GET"]}}],"collection":[{"href":"https:\/\/penosil.com\/lt\/wp-json\/wp\/v2\/product"}],"about":[{"href":"https:\/\/penosil.com\/lt\/wp-json\/wp\/v2\/types\/product"}],"version-history":[{"count":9,"href":"https:\/\/penosil.com\/lt\/wp-json\/wp\/v2\/product\/8488\/revisions"}],"predecessor-version":[{"id":16635,"href":"https:\/\/penosil.com\/lt\/wp-json\/wp\/v2\/product\/8488\/revisions\/16635"}],"wp:featuredmedia":[{"embeddable":true,"href":"https:\/\/penosil.com\/lt\/wp-json\/wp\/v2\/media\/15969"}],"wp:attachment":[{"href":"https:\/\/penosil.com\/lt\/wp-json\/wp\/v2\/media?parent=8488"}],"wp:term":[{"taxonomy":"product_brand","embeddable":true,"href":"https:\/\/penosil.com\/lt\/wp-json\/wp\/v2\/product_brand?post=8488"},{"taxonomy":"product_cat","embeddable":true,"href":"https:\/\/penosil.com\/lt\/wp-json\/wp\/v2\/product_cat?post=8488"},{"taxonomy":"product_tag","embeddable":true,"href":"https:\/\/penosil.com\/lt\/wp-json\/wp\/v2\/product_tag?post=8488"}],"curies":[{"name":"wp","href":"https:\/\/api.w.org\/{rel}","templated":true}]}}