{"id":8692,"date":"2020-05-17T06:59:55","date_gmt":"2020-05-17T06:59:55","guid":{"rendered":"https:\/\/penosil.com\/lt\/?post_type=product&#038;p=8692"},"modified":"2026-04-10T00:02:08","modified_gmt":"2026-04-10T00:02:08","slug":"backer-rod-pe-450-sandarinimo-tarpine","status":"publish","type":"product","link":"https:\/\/penosil.com\/lt\/produktai\/backer-rod-pe-450-sandarinimo-tarpine\/","title":{"rendered":"Backer Rod PE 450"},"content":{"rendered":"<p>U\u017edar\u0173 por\u0173 polietilenin\u0117 apvali sandarinimo tarpin\u0117 naudojama kaip atraminis strypas gili\u0173 si\u016bli\u0173 sandarinimui. Labai lanksti ir suspaud\u017eiama, kad b\u016bt\u0173 lengva montuoti. Suma\u017eina naudojamo sandariklio kiek\u012f, u\u017etikrina optimali\u0105 sandariklio form\u0105 ir apsaugo nuo si\u016bl\u0117s gedimo. Suderinama su poliuretanu, hibridiniu polimeru, silikonu ir daugeliu kit\u0173 \u0161altu b\u016bdu u\u017etept\u0173 sandarikli\u0173.<\/p>\n","protected":false},"excerpt":{"rendered":"apvali sandarinimo tarpin\u0117","protected":false},"author":5,"featured_media":15742,"template":"","meta":{"_acf_changed":false,"advgb_blocks_editor_width":"","advgb_blocks_columns_visual_guide":"","footnotes":""},"product_brand":[],"product_cat":[2368,210,836,1368,1695],"product_tag":[],"class_list":{"0":"post-8692","1":"product","2":"type-product","3":"status-publish","4":"has-post-thumbnail","6":"product_cat-sandarinimo-tarpines","7":"product_cat-naudojimo-sritys","8":"product_cat-bendroji-statyba","9":"product_cat-produktu-grupes","10":"product_cat-juostos-ir-membranos","12":"first","13":"instock","14":"taxable","15":"shipping-taxable","16":"purchasable","17":"product-type-variable","18":"has-default-attributes"},"acf":[],"yoast_head":"<!-- This site is optimized with the Yoast SEO plugin v27.2 - https:\/\/yoast.com\/product\/yoast-seo-wordpress\/ -->\n<title>PENOSIL Backer Rod PE 450 apvali sandarinimo tarpin\u0117<\/title>\n<meta name=\"description\" content=\"Elastinga u\u017edar\u0173 por\u0173 polietilenin\u0117 apvali sandarinimo tarpin\u0117 gili\u0173 jung\u010di\u0173 sandarinimui. Suma\u017eina naudojamo sandariklio kiek\u012f. Daugiau!\" \/>\n<meta name=\"robots\" content=\"index, follow, max-snippet:-1, max-image-preview:large, max-video-preview:-1\" \/>\n<link rel=\"canonical\" href=\"https:\/\/penosil.com\/lt\/produktai\/backer-rod-pe-450-sandarinimo-tarpine\/\" \/>\n<meta property=\"og:locale\" content=\"lt_LT\" \/>\n<meta property=\"og:type\" content=\"article\" \/>\n<meta property=\"og:title\" content=\"PENOSIL Backer Rod PE 450 apvali sandarinimo tarpin\u0117\" \/>\n<meta property=\"og:description\" content=\"Elastinga u\u017edar\u0173 por\u0173 polietilenin\u0117 apvali sandarinimo tarpin\u0117 gili\u0173 jung\u010di\u0173 sandarinimui. Suma\u017eina naudojamo sandariklio kiek\u012f. Daugiau!\" \/>\n<meta property=\"og:url\" content=\"https:\/\/penosil.com\/lt\/produktai\/backer-rod-pe-450-sandarinimo-tarpine\/\" \/>\n<meta property=\"og:site_name\" content=\"Penosil Lithuania\" \/>\n<meta property=\"article:modified_time\" content=\"2026-04-10T00:02:08+00:00\" \/>\n<meta property=\"og:image\" content=\"https:\/\/penosil.com\/lt\/wp-content\/uploads\/sites\/13\/2025\/08\/450_Penosil_Backer_Rod_450-700x695.png\" \/>\n\t<meta property=\"og:image:width\" content=\"700\" \/>\n\t<meta property=\"og:image:height\" content=\"695\" \/>\n\t<meta property=\"og:image:type\" content=\"image\/png\" \/>\n<meta name=\"twitter:card\" content=\"summary_large_image\" \/>\n<script type=\"application\/ld+json\" class=\"yoast-schema-graph\">{\"@context\":\"https:\/\/schema.org\",\"@graph\":[{\"@type\":\"WebPage\",\"@id\":\"https:\/\/penosil.com\/lt\/produktai\/backer-rod-pe-450-sandarinimo-tarpine\/\",\"url\":\"https:\/\/penosil.com\/lt\/produktai\/backer-rod-pe-450-sandarinimo-tarpine\/\",\"name\":\"PENOSIL Backer Rod PE 450 apvali sandarinimo tarpin\u0117\",\"isPartOf\":{\"@id\":\"https:\/\/penosil.com\/lt\/#website\"},\"primaryImageOfPage\":{\"@id\":\"https:\/\/penosil.com\/lt\/produktai\/backer-rod-pe-450-sandarinimo-tarpine\/#primaryimage\"},\"image\":{\"@id\":\"https:\/\/penosil.com\/lt\/produktai\/backer-rod-pe-450-sandarinimo-tarpine\/#primaryimage\"},\"thumbnailUrl\":\"https:\/\/penosil.com\/lt\/wp-content\/uploads\/sites\/13\/2025\/08\/450_Penosil_Backer_Rod_450.png\",\"datePublished\":\"2020-05-17T06:59:55+00:00\",\"dateModified\":\"2026-04-10T00:02:08+00:00\",\"description\":\"Elastinga u\u017edar\u0173 por\u0173 polietilenin\u0117 apvali sandarinimo tarpin\u0117 gili\u0173 jung\u010di\u0173 sandarinimui. Suma\u017eina naudojamo sandariklio kiek\u012f. Daugiau!\",\"breadcrumb\":{\"@id\":\"https:\/\/penosil.com\/lt\/produktai\/backer-rod-pe-450-sandarinimo-tarpine\/#breadcrumb\"},\"inLanguage\":\"lt-LT\",\"potentialAction\":[{\"@type\":\"ReadAction\",\"target\":[\"https:\/\/penosil.com\/lt\/produktai\/backer-rod-pe-450-sandarinimo-tarpine\/\"]}]},{\"@type\":\"ImageObject\",\"inLanguage\":\"lt-LT\",\"@id\":\"https:\/\/penosil.com\/lt\/produktai\/backer-rod-pe-450-sandarinimo-tarpine\/#primaryimage\",\"url\":\"https:\/\/penosil.com\/lt\/wp-content\/uploads\/sites\/13\/2025\/08\/450_Penosil_Backer_Rod_450.png\",\"contentUrl\":\"https:\/\/penosil.com\/lt\/wp-content\/uploads\/sites\/13\/2025\/08\/450_Penosil_Backer_Rod_450.png\",\"width\":2930,\"height\":2909,\"caption\":\"PENOSIL Backer Rod PE 450 apvali sandarinimo tarpin\u0117\"},{\"@type\":\"BreadcrumbList\",\"@id\":\"https:\/\/penosil.com\/lt\/produktai\/backer-rod-pe-450-sandarinimo-tarpine\/#breadcrumb\",\"itemListElement\":[{\"@type\":\"ListItem\",\"position\":1,\"name\":\"Home\",\"item\":\"https:\/\/penosil.com\/lt\/\"},{\"@type\":\"ListItem\",\"position\":2,\"name\":\"Produktai\",\"item\":\"https:\/\/penosil.com\/lt\/produktai\/\"},{\"@type\":\"ListItem\",\"position\":3,\"name\":\"Backer Rod PE 450\"}]},{\"@type\":\"WebSite\",\"@id\":\"https:\/\/penosil.com\/lt\/#website\",\"url\":\"https:\/\/penosil.com\/lt\/\",\"name\":\"Penosil Lithuania\",\"description\":\"\",\"potentialAction\":[{\"@type\":\"SearchAction\",\"target\":{\"@type\":\"EntryPoint\",\"urlTemplate\":\"https:\/\/penosil.com\/lt\/?s={search_term_string}\"},\"query-input\":{\"@type\":\"PropertyValueSpecification\",\"valueRequired\":true,\"valueName\":\"search_term_string\"}}],\"inLanguage\":\"lt-LT\"}]}<\/script>\n<!-- \/ Yoast SEO plugin. -->","yoast_head_json":{"title":"PENOSIL Backer Rod PE 450 apvali sandarinimo tarpin\u0117","description":"Elastinga u\u017edar\u0173 por\u0173 polietilenin\u0117 apvali sandarinimo tarpin\u0117 gili\u0173 jung\u010di\u0173 sandarinimui. Suma\u017eina naudojamo sandariklio kiek\u012f. Daugiau!","robots":{"index":"index","follow":"follow","max-snippet":"max-snippet:-1","max-image-preview":"max-image-preview:large","max-video-preview":"max-video-preview:-1"},"canonical":"https:\/\/penosil.com\/lt\/produktai\/backer-rod-pe-450-sandarinimo-tarpine\/","og_locale":"lt_LT","og_type":"article","og_title":"PENOSIL Backer Rod PE 450 apvali sandarinimo tarpin\u0117","og_description":"Elastinga u\u017edar\u0173 por\u0173 polietilenin\u0117 apvali sandarinimo tarpin\u0117 gili\u0173 jung\u010di\u0173 sandarinimui. Suma\u017eina naudojamo sandariklio kiek\u012f. Daugiau!","og_url":"https:\/\/penosil.com\/lt\/produktai\/backer-rod-pe-450-sandarinimo-tarpine\/","og_site_name":"Penosil Lithuania","article_modified_time":"2026-04-10T00:02:08+00:00","og_image":[{"width":700,"height":695,"url":"https:\/\/penosil.com\/lt\/wp-content\/uploads\/sites\/13\/2025\/08\/450_Penosil_Backer_Rod_450-700x695.png","type":"image\/png"}],"twitter_card":"summary_large_image","schema":{"@context":"https:\/\/schema.org","@graph":[{"@type":"WebPage","@id":"https:\/\/penosil.com\/lt\/produktai\/backer-rod-pe-450-sandarinimo-tarpine\/","url":"https:\/\/penosil.com\/lt\/produktai\/backer-rod-pe-450-sandarinimo-tarpine\/","name":"PENOSIL Backer Rod PE 450 apvali sandarinimo tarpin\u0117","isPartOf":{"@id":"https:\/\/penosil.com\/lt\/#website"},"primaryImageOfPage":{"@id":"https:\/\/penosil.com\/lt\/produktai\/backer-rod-pe-450-sandarinimo-tarpine\/#primaryimage"},"image":{"@id":"https:\/\/penosil.com\/lt\/produktai\/backer-rod-pe-450-sandarinimo-tarpine\/#primaryimage"},"thumbnailUrl":"https:\/\/penosil.com\/lt\/wp-content\/uploads\/sites\/13\/2025\/08\/450_Penosil_Backer_Rod_450.png","datePublished":"2020-05-17T06:59:55+00:00","dateModified":"2026-04-10T00:02:08+00:00","description":"Elastinga u\u017edar\u0173 por\u0173 polietilenin\u0117 apvali sandarinimo tarpin\u0117 gili\u0173 jung\u010di\u0173 sandarinimui. Suma\u017eina naudojamo sandariklio kiek\u012f. Daugiau!","breadcrumb":{"@id":"https:\/\/penosil.com\/lt\/produktai\/backer-rod-pe-450-sandarinimo-tarpine\/#breadcrumb"},"inLanguage":"lt-LT","potentialAction":[{"@type":"ReadAction","target":["https:\/\/penosil.com\/lt\/produktai\/backer-rod-pe-450-sandarinimo-tarpine\/"]}]},{"@type":"ImageObject","inLanguage":"lt-LT","@id":"https:\/\/penosil.com\/lt\/produktai\/backer-rod-pe-450-sandarinimo-tarpine\/#primaryimage","url":"https:\/\/penosil.com\/lt\/wp-content\/uploads\/sites\/13\/2025\/08\/450_Penosil_Backer_Rod_450.png","contentUrl":"https:\/\/penosil.com\/lt\/wp-content\/uploads\/sites\/13\/2025\/08\/450_Penosil_Backer_Rod_450.png","width":2930,"height":2909,"caption":"PENOSIL Backer Rod PE 450 apvali sandarinimo tarpin\u0117"},{"@type":"BreadcrumbList","@id":"https:\/\/penosil.com\/lt\/produktai\/backer-rod-pe-450-sandarinimo-tarpine\/#breadcrumb","itemListElement":[{"@type":"ListItem","position":1,"name":"Home","item":"https:\/\/penosil.com\/lt\/"},{"@type":"ListItem","position":2,"name":"Produktai","item":"https:\/\/penosil.com\/lt\/produktai\/"},{"@type":"ListItem","position":3,"name":"Backer Rod PE 450"}]},{"@type":"WebSite","@id":"https:\/\/penosil.com\/lt\/#website","url":"https:\/\/penosil.com\/lt\/","name":"Penosil Lithuania","description":"","potentialAction":[{"@type":"SearchAction","target":{"@type":"EntryPoint","urlTemplate":"https:\/\/penosil.com\/lt\/?s={search_term_string}"},"query-input":{"@type":"PropertyValueSpecification","valueRequired":true,"valueName":"search_term_string"}}],"inLanguage":"lt-LT"}]}},"featured_img":"https:\/\/penosil.com\/lt\/wp-content\/uploads\/sites\/13\/2025\/08\/450_Penosil_Backer_Rod_450.png","coauthors":[],"author_meta":{"author_link":"https:\/\/penosil.com\/lt\/author\/asta\/","display_name":"Asta Salkauskiene"},"relative_dates":{"created":"Posted 6 metai ago","modified":"Updated 2 d. ago"},"absolute_dates":{"created":"Posted on 2020 17 gegu\u017e\u0117s","modified":"Updated on 2026 10 baland\u017eio"},"absolute_dates_time":{"created":"Posted on 2020 17 gegu\u017e\u0117s 6:59","modified":"Updated on 2026 10 baland\u017eio 0:02"},"featured_img_caption":"","tax_additional":{"product_brand":{"linked":[],"unlinked":[],"slug":"product_brand","name":"Preki\u0173 \u017eenklai"},"product_type":{"linked":["<a href=\"https:\/\/penosil.com\/lt\/?taxonomy=product_type&#038;term=variable\" class=\"advgb-post-tax-term\">variable<\/a>"],"unlinked":["<span class=\"advgb-post-tax-term\">variable<\/span>"],"slug":"product_type","name":"Produkto tipas"},"product_visibility":{"linked":[],"unlinked":[],"slug":"product_visibility","name":"Produkto matomumas"},"product_cat":{"linked":["<a href=\"https:\/\/penosil.com\/lt\/produkto-kategorija\/produktu-grupes\/juostos-ir-membranos\/sandarinimo-tarpines\/\" class=\"advgb-post-tax-term\">Sandarinimo tarpin\u0117s<\/a>","<a href=\"https:\/\/penosil.com\/lt\/produkto-kategorija\/naudojimo-sritys\/\" class=\"advgb-post-tax-term\">Naudojimo sritys<\/a>","<a href=\"https:\/\/penosil.com\/lt\/produkto-kategorija\/naudojimo-sritys\/bendroji-statyba\/\" class=\"advgb-post-tax-term\">Bendroji statyba<\/a>","<a href=\"https:\/\/penosil.com\/lt\/produkto-kategorija\/produktu-grupes\/\" class=\"advgb-post-tax-term\">Produkt\u0173 grup\u0117s<\/a>","<a href=\"https:\/\/penosil.com\/lt\/produkto-kategorija\/produktu-grupes\/juostos-ir-membranos\/\" class=\"advgb-post-tax-term\">Juostos ir membranos<\/a>"],"unlinked":["<span class=\"advgb-post-tax-term\">Sandarinimo tarpin\u0117s<\/span>","<span class=\"advgb-post-tax-term\">Naudojimo sritys<\/span>","<span class=\"advgb-post-tax-term\">Bendroji statyba<\/span>","<span class=\"advgb-post-tax-term\">Produkt\u0173 grup\u0117s<\/span>","<span class=\"advgb-post-tax-term\">Juostos ir membranos<\/span>"],"slug":"product_cat","name":"Produkto kategorijos"},"product_tag":{"linked":[],"unlinked":[],"slug":"product_tag","name":"Produkto \u017eyma"},"product_shipping_class":{"linked":[],"unlinked":[],"slug":"product_shipping_class","name":"Produkto pristatymo klas\u0117s"},"pos_product_visibility":{"linked":[],"unlinked":[],"slug":"pos_product_visibility","name":"POS Product visibility"},"pa_color":{"linked":["<a href=\"https:\/\/penosil.com\/lt\/en\/?taxonomy=pa_color&#038;term=pilka\" class=\"advgb-post-tax-term\">Pilka<\/a>"],"unlinked":["<span class=\"advgb-post-tax-term\">Pilka<\/span>"],"slug":"pa_color","name":"Product Color"},"pa_package":{"linked":["<a href=\"https:\/\/penosil.com\/lt\/?taxonomy=pa_package&#038;term=30mm-160m\" class=\"advgb-post-tax-term\">30mm\/160m<\/a>","<a href=\"https:\/\/penosil.com\/lt\/?taxonomy=pa_package&#038;term=40mm-270m\" class=\"advgb-post-tax-term\">40mm\/270m<\/a>","<a href=\"https:\/\/penosil.com\/lt\/?taxonomy=pa_package&#038;term=10mm-550m\" class=\"advgb-post-tax-term\">10mm\/550m<\/a>","<a href=\"https:\/\/penosil.com\/lt\/?taxonomy=pa_package&#038;term=15mm-550m\" class=\"advgb-post-tax-term\">15mm\/550m<\/a>","<a href=\"https:\/\/penosil.com\/lt\/?taxonomy=pa_package&#038;term=25mm-200m\" class=\"advgb-post-tax-term\">25mm\/200m<\/a>","<a href=\"https:\/\/penosil.com\/lt\/?taxonomy=pa_package&#038;term=6mm-2500m\" class=\"advgb-post-tax-term\">6mm\/2500m<\/a>","<a href=\"https:\/\/penosil.com\/lt\/?taxonomy=pa_package&#038;term=20-mm-350-m\" class=\"advgb-post-tax-term\">20mm\/350m<\/a>","<a href=\"https:\/\/penosil.com\/lt\/?taxonomy=pa_package&#038;term=10-mm-1150-m\" class=\"advgb-post-tax-term\">10mm\/1150m<\/a>","<a href=\"https:\/\/penosil.com\/lt\/?taxonomy=pa_package&#038;term=13-mm-750-m\" class=\"advgb-post-tax-term\">13mm\/750m<\/a>"],"unlinked":["<span class=\"advgb-post-tax-term\">30mm\/160m<\/span>","<span class=\"advgb-post-tax-term\">40mm\/270m<\/span>","<span class=\"advgb-post-tax-term\">10mm\/550m<\/span>","<span class=\"advgb-post-tax-term\">15mm\/550m<\/span>","<span class=\"advgb-post-tax-term\">25mm\/200m<\/span>","<span class=\"advgb-post-tax-term\">6mm\/2500m<\/span>","<span class=\"advgb-post-tax-term\">20mm\/350m<\/span>","<span class=\"advgb-post-tax-term\">10mm\/1150m<\/span>","<span class=\"advgb-post-tax-term\">13mm\/750m<\/span>"],"slug":"pa_package","name":"Product Package"},"pa_plotis":{"linked":[],"unlinked":[],"slug":"pa_plotis","name":"Product Plotis"},"pa_skersmuo":{"linked":[],"unlinked":[],"slug":"pa_skersmuo","name":"Product Skersmuo"},"translation_priority":{"linked":["<a href=\"https:\/\/penosil.com\/lt\/?taxonomy=translation_priority&#038;term=optional-lt\" class=\"advgb-post-tax-term\">Optional<\/a>"],"unlinked":["<span class=\"advgb-post-tax-term\">Optional<\/span>"],"slug":"translation_priority","name":"Translation Priorities"}},"series_order":"","_links":{"self":[{"href":"https:\/\/penosil.com\/lt\/wp-json\/wp\/v2\/product\/8692","targetHints":{"allow":["GET"]}}],"collection":[{"href":"https:\/\/penosil.com\/lt\/wp-json\/wp\/v2\/product"}],"about":[{"href":"https:\/\/penosil.com\/lt\/wp-json\/wp\/v2\/types\/product"}],"version-history":[{"count":8,"href":"https:\/\/penosil.com\/lt\/wp-json\/wp\/v2\/product\/8692\/revisions"}],"predecessor-version":[{"id":16626,"href":"https:\/\/penosil.com\/lt\/wp-json\/wp\/v2\/product\/8692\/revisions\/16626"}],"wp:featuredmedia":[{"embeddable":true,"href":"https:\/\/penosil.com\/lt\/wp-json\/wp\/v2\/media\/15742"}],"wp:attachment":[{"href":"https:\/\/penosil.com\/lt\/wp-json\/wp\/v2\/media?parent=8692"}],"wp:term":[{"taxonomy":"product_brand","embeddable":true,"href":"https:\/\/penosil.com\/lt\/wp-json\/wp\/v2\/product_brand?post=8692"},{"taxonomy":"product_cat","embeddable":true,"href":"https:\/\/penosil.com\/lt\/wp-json\/wp\/v2\/product_cat?post=8692"},{"taxonomy":"product_tag","embeddable":true,"href":"https:\/\/penosil.com\/lt\/wp-json\/wp\/v2\/product_tag?post=8692"}],"curies":[{"name":"wp","href":"https:\/\/api.w.org\/{rel}","templated":true}]}}